{"id":93759,"date":"2024-10-11T23:29:10","date_gmt":"2024-10-11T21:29:10","guid":{"rendered":"https:\/\/revolutionpadelstore.com\/starvie-brava-pro-2025\/"},"modified":"2026-04-08T10:29:08","modified_gmt":"2026-04-08T08:29:08","slug":"starvie-brava-pro-2025","status":"publish","type":"product","link":"https:\/\/revolutionpadelstore.com\/fr\/produit\/starvie-brava-pro-2025\/","title":{"rendered":"STARVIE BRAVA PRO 2025"},"content":{"rendered":"<div class=\"flex max-w-full flex-col flex-grow\">\n<div class=\"min-h-8 text-message flex w-full flex-col items-end gap-2 whitespace-normal break-words [.text-message+&amp;]:mt-5\" dir=\"auto\" data-message-author-role=\"assistant\" data-message-id=\"1ad89067-fc6d-4e6d-8732-53eda61b34f8\" data-message-model-slug=\"gpt-4o-mini\">\n<div class=\"flex w-full flex-col gap-1 vide: cach\u00e9 en premier:pt-[3px]\">\n<div class=\"markdown prose w-full break-words dark:prose-invert dark\">\n<p><strong>StarVie Brava Pro 2025 : contr\u00f4le et puissance sur la piste<\/strong><\/p>\n<p>Le StarVie Brava Pro 2025, qui fait partie de la collection Universe, est con\u00e7u pour offrir des performances exceptionnelles \u00e0 chaque jeu, permettant un style de jeu polyvalent. Sa forme en forme de goutte, avec un sweet spot situ\u00e9 au sommet, \u00e9largit la zone de frappe et offre plus de force dans les frappes a\u00e9riennes.<\/p>\n<p><strong>Id\u00e9al pour les joueurs avanc\u00e9s<\/strong><\/p>\n<p>Avec une conception robuste et des mat\u00e9riaux de haute qualit\u00e9, le Brava Pro 2025 est parfait pour les joueurs avanc\u00e9s ou les professionnels qui souhaitent une polyvalence suppl\u00e9mentaire dans leur jeu. Les joueurs techniques appr\u00e9cieront l&#8217;excellent contr\u00f4le et la puissance de leurs tirs, ainsi qu&#8217;un d\u00e9bit de balle remarquable. La texture rugueuse de la surface facilite l&#8217;application de spins, surprenant les rivaux par sa pr\u00e9cision.<\/p>\n<p><strong>Construire le StarVie Brava Pro<\/strong><\/p>\n<p style=\"padding-left: 40px\"><strong>-Noyau en caoutchouc EVA PRO 50 :<\/strong> Densit\u00e9 dure, optimise la vitesse de la balle et am\u00e9liore la pr\u00e9cision de la frappe.<\/p>\n<p style=\"padding-left: 40px\"><strong>-15K Carbon Flats :<\/strong> Ils offrent un plus grand confort, une meilleure maniabilit\u00e9 et une flexibilit\u00e9 sup\u00e9rieure lors des frappes.<\/p>\n<p style=\"padding-left: 40px\"><strong>-Finition rugueuse en forme d&#8217;\u00e9toile :<\/strong> Gr\u00e2ce \u00e0 l&#8217;effet plan complet, elle permet d&#8217;appliquer des effets avec plus de pr\u00e9cision.<\/p>\n<p style=\"padding-left: 40px\"><strong>-Technologie Noene Inside :<\/strong> Am\u00e9liore l&#8217;absorption des vibrations, r\u00e9duisant l&#8217;\u00e9nergie g\u00e9n\u00e9r\u00e9e par l&#8217;impact.<\/p>\n<p style=\"padding-left: 40px\"><strong>-Syst\u00e8me Core Brava au c\u0153ur :<\/strong> \u00e9quilibre le poids et minimise les vibrations pour une plus grande stabilit\u00e9.<\/p>\n<p style=\"padding-left: 40px\"><strong>-Pi\u00e8ce d&#8217;\u00e9quilibre en \u00e9toile :<\/strong> d\u00e9place l&#8217;\u00e9quilibre vers le poing, am\u00e9liorant l&#8217;acc\u00e9l\u00e9ration, l&#8217;agilit\u00e9 et le contr\u00f4le.<\/p>\n<p style=\"padding-left: 40px\"><strong>-Cinq c\u00f4t\u00e9s dans le profil :<\/strong> Augmente l&#8217;a\u00e9rodynamisme et l&#8217;agilit\u00e9 de la raquette.<\/p>\n<p style=\"padding-left: 40px\"><strong>-Poids :<\/strong> Entre 350 et 380 grammes.<\/p>\n<p style=\"padding-left: 40px\"><strong>-Fabrication artisanale en Espagne :<\/strong> garantit la qualit\u00e9 et l&#8217;attention aux d\u00e9tails.<\/p>\n<p>La StarVie Brava Pro 2025 est votre alli\u00e9e parfaite si vous recherchez une raquette qui s&#8217;adapte \u00e0 toutes les situations sur le terrain, vous permettant d&#8217;offrir le meilleur tant en attaque qu&#8217;en d\u00e9fense. Avec ses avions en carbone 15K rugueux, vous profiterez de plus d&#8217;effets et de confort \u00e0 chaque coup. D\u00e9couvrez la polyvalence dont vous avez besoin chez Revolution Padel Store !<\/p>\n<\/div>\n<\/div>\n<\/div>\n<\/div>\n","protected":false},"excerpt":{"rendered":"<p>StarVie Brava Pro 2025, con\u00e7u pour garantir les meilleures performances en d\u00e9fense et en attaque aux joueurs techniques de padel. Noyau en caoutchouc EVA Pro 50.<\/p>\n","protected":false},"featured_media":93511,"comment_status":"open","ping_status":"closed","template":"","meta":{"_acf_changed":false,"_joinchat":[]},"acabado":[1107],"balance":[1137],"dureza":[1162],"forma":[1187],"jugador":[1192,1202],"marca":[1292],"nivel-de-juego":[1337],"superficie":[1362],"tipo-de-juego":[1387],"product_brand":[],"product_cat":[302],"product_tag":[],"class_list":{"0":"post-93759","1":"product","2":"type-product","3":"status-publish","4":"has-post-thumbnail","6":"acabado-brut","7":"balance-eleve","8":"dureza-dure","9":"forma-lagrima-fr","10":"jugador-homme","11":"jugador-polivalente-fr","12":"marca-starvie-fr","13":"superficie-rugosa-fr","14":"tipo-de-juego-polivalente-fr","15":"product_cat-palas-de-padel-fr","17":"first","18":"instock","19":"sale","20":"taxable","21":"shipping-taxable","22":"purchasable","23":"product-type-simple"},"acf":[],"yoast_head":"<!-- This site is optimized with the Yoast SEO plugin v27.4 - https:\/\/yoast.com\/product\/yoast-seo-wordpress\/ -->\n<title>STARVIE BRAVA PRO 2025 - Revolution Padel Store<\/title>\n<meta name=\"description\" content=\"La pala de p\u00e1del StarVie Brava Pro 2025, parte de la colecci\u00f3n Universe, est\u00e1 dise\u00f1ada para ofrecer un rendimiento excepcional en todo momento, logrando un juego vers\u00e1til en la pista. Su formato en l\u00e1grima, con un punto dulce t\u00e9cnico en la parte superior, ampl\u00eda la zona de golpeo y potencia los golpes a\u00e9reos con mayor fuerza.\" \/>\n<meta name=\"robots\" content=\"index, follow, max-snippet:-1, max-image-preview:large, max-video-preview:-1\" \/>\n<link rel=\"canonical\" href=\"https:\/\/revolutionpadelstore.com\/fr\/produit\/starvie-brava-pro-2025\/\" \/>\n<meta property=\"og:locale\" content=\"fr_FR\" \/>\n<meta property=\"og:type\" content=\"article\" \/>\n<meta property=\"og:title\" content=\"STARVIE BRAVA PRO 2025 - Revolution Padel Store\" \/>\n<meta property=\"og:description\" content=\"La pala de p\u00e1del StarVie Brava Pro 2025, parte de la colecci\u00f3n Universe, est\u00e1 dise\u00f1ada para ofrecer un rendimiento excepcional en todo momento, logrando un juego vers\u00e1til en la pista. Su formato en l\u00e1grima, con un punto dulce t\u00e9cnico en la parte superior, ampl\u00eda la zona de golpeo y potencia los golpes a\u00e9reos con mayor fuerza.\" \/>\n<meta property=\"og:url\" content=\"https:\/\/revolutionpadelstore.com\/fr\/produit\/starvie-brava-pro-2025\/\" \/>\n<meta property=\"og:site_name\" content=\"Revolution Padel Store\" \/>\n<meta property=\"article:modified_time\" content=\"2026-04-08T08:29:08+00:00\" \/>\n<meta property=\"og:image\" content=\"https:\/\/revolutionpadelstore.com\/wp-content\/uploads\/2024\/10\/pala-starvie-brava-soft-2025-1-800x800-1.jpg\" \/>\n\t<meta property=\"og:image:width\" content=\"800\" \/>\n\t<meta property=\"og:image:height\" content=\"800\" \/>\n\t<meta property=\"og:image:type\" content=\"image\/jpeg\" \/>\n<meta name=\"twitter:card\" content=\"summary_large_image\" \/>\n<meta name=\"twitter:label1\" content=\"Dur\u00e9e de lecture estim\u00e9e\" \/>\n\t<meta name=\"twitter:data1\" content=\"2 minutes\" \/>\n<script type=\"application\/ld+json\" class=\"yoast-schema-graph\">{\"@context\":\"https:\\\/\\\/schema.org\",\"@graph\":[{\"@type\":\"WebPage\",\"@id\":\"https:\\\/\\\/revolutionpadelstore.com\\\/fr\\\/produit\\\/starvie-brava-pro-2025\\\/\",\"url\":\"https:\\\/\\\/revolutionpadelstore.com\\\/fr\\\/produit\\\/starvie-brava-pro-2025\\\/\",\"name\":\"STARVIE BRAVA PRO 2025 - Revolution Padel Store\",\"isPartOf\":{\"@id\":\"https:\\\/\\\/revolutionpadelstore.com\\\/fr\\\/#website\"},\"primaryImageOfPage\":{\"@id\":\"https:\\\/\\\/revolutionpadelstore.com\\\/fr\\\/produit\\\/starvie-brava-pro-2025\\\/#primaryimage\"},\"image\":{\"@id\":\"https:\\\/\\\/revolutionpadelstore.com\\\/fr\\\/produit\\\/starvie-brava-pro-2025\\\/#primaryimage\"},\"thumbnailUrl\":\"https:\\\/\\\/revolutionpadelstore.com\\\/wp-content\\\/uploads\\\/2024\\\/10\\\/pala-starvie-brava-soft-2025-1-800x800-1.jpg\",\"datePublished\":\"2024-10-11T21:29:10+00:00\",\"dateModified\":\"2026-04-08T08:29:08+00:00\",\"description\":\"La pala de p\u00e1del StarVie Brava Pro 2025, parte de la colecci\u00f3n Universe, est\u00e1 dise\u00f1ada para ofrecer un rendimiento excepcional en todo momento, logrando un juego vers\u00e1til en la pista. Su formato en l\u00e1grima, con un punto dulce t\u00e9cnico en la parte superior, ampl\u00eda la zona de golpeo y potencia los golpes a\u00e9reos con mayor fuerza.\",\"breadcrumb\":{\"@id\":\"https:\\\/\\\/revolutionpadelstore.com\\\/fr\\\/produit\\\/starvie-brava-pro-2025\\\/#breadcrumb\"},\"inLanguage\":\"fr-FR\",\"potentialAction\":[{\"@type\":\"ReadAction\",\"target\":[\"https:\\\/\\\/revolutionpadelstore.com\\\/fr\\\/produit\\\/starvie-brava-pro-2025\\\/\"]}]},{\"@type\":\"ImageObject\",\"inLanguage\":\"fr-FR\",\"@id\":\"https:\\\/\\\/revolutionpadelstore.com\\\/fr\\\/produit\\\/starvie-brava-pro-2025\\\/#primaryimage\",\"url\":\"https:\\\/\\\/revolutionpadelstore.com\\\/wp-content\\\/uploads\\\/2024\\\/10\\\/pala-starvie-brava-soft-2025-1-800x800-1.jpg\",\"contentUrl\":\"https:\\\/\\\/revolutionpadelstore.com\\\/wp-content\\\/uploads\\\/2024\\\/10\\\/pala-starvie-brava-soft-2025-1-800x800-1.jpg\",\"width\":800,\"height\":800},{\"@type\":\"BreadcrumbList\",\"@id\":\"https:\\\/\\\/revolutionpadelstore.com\\\/fr\\\/produit\\\/starvie-brava-pro-2025\\\/#breadcrumb\",\"itemListElement\":[{\"@type\":\"ListItem\",\"position\":1,\"name\":\"Portada\",\"item\":\"https:\\\/\\\/revolutionpadelstore.com\\\/fr\\\/\"},{\"@type\":\"ListItem\",\"position\":2,\"name\":\"Boutique\",\"item\":\"https:\\\/\\\/revolutionpadelstore.com\\\/fr\\\/tienda\\\/\"},{\"@type\":\"ListItem\",\"position\":3,\"name\":\"STARVIE BRAVA PRO 2025\"}]},{\"@type\":\"WebSite\",\"@id\":\"https:\\\/\\\/revolutionpadelstore.com\\\/fr\\\/#website\",\"url\":\"https:\\\/\\\/revolutionpadelstore.com\\\/fr\\\/\",\"name\":\"Revolution Padel Store\",\"description\":\"\",\"publisher\":{\"@id\":\"https:\\\/\\\/revolutionpadelstore.com\\\/fr\\\/#organization\"},\"potentialAction\":[{\"@type\":\"SearchAction\",\"target\":{\"@type\":\"EntryPoint\",\"urlTemplate\":\"https:\\\/\\\/revolutionpadelstore.com\\\/fr\\\/?s={search_term_string}\"},\"query-input\":{\"@type\":\"PropertyValueSpecification\",\"valueRequired\":true,\"valueName\":\"search_term_string\"}}],\"inLanguage\":\"fr-FR\"},{\"@type\":\"Organization\",\"@id\":\"https:\\\/\\\/revolutionpadelstore.com\\\/fr\\\/#organization\",\"name\":\"Revolution Padel Store\",\"url\":\"https:\\\/\\\/revolutionpadelstore.com\\\/fr\\\/\",\"logo\":{\"@type\":\"ImageObject\",\"inLanguage\":\"fr-FR\",\"@id\":\"https:\\\/\\\/revolutionpadelstore.com\\\/fr\\\/#\\\/schema\\\/logo\\\/image\\\/\",\"url\":\"https:\\\/\\\/revolutionpadelstore.com\\\/wp-content\\\/uploads\\\/2026\\\/02\\\/revolution-padel-store.jpg\",\"contentUrl\":\"https:\\\/\\\/revolutionpadelstore.com\\\/wp-content\\\/uploads\\\/2026\\\/02\\\/revolution-padel-store.jpg\",\"width\":2000,\"height\":2000,\"caption\":\"Revolution Padel Store\"},\"image\":{\"@id\":\"https:\\\/\\\/revolutionpadelstore.com\\\/fr\\\/#\\\/schema\\\/logo\\\/image\\\/\"},\"sameAs\":[\"https:\\\/\\\/www.instagram.com\\\/revolutionpadelstore\\\/\"]}]}<\/script>\n<!-- \/ Yoast SEO plugin. -->","yoast_head_json":{"title":"STARVIE BRAVA PRO 2025 - Revolution Padel Store","description":"La pala de p\u00e1del StarVie Brava Pro 2025, parte de la colecci\u00f3n Universe, est\u00e1 dise\u00f1ada para ofrecer un rendimiento excepcional en todo momento, logrando un juego vers\u00e1til en la pista. Su formato en l\u00e1grima, con un punto dulce t\u00e9cnico en la parte superior, ampl\u00eda la zona de golpeo y potencia los golpes a\u00e9reos con mayor fuerza.","robots":{"index":"index","follow":"follow","max-snippet":"max-snippet:-1","max-image-preview":"max-image-preview:large","max-video-preview":"max-video-preview:-1"},"canonical":"https:\/\/revolutionpadelstore.com\/fr\/produit\/starvie-brava-pro-2025\/","og_locale":"fr_FR","og_type":"article","og_title":"STARVIE BRAVA PRO 2025 - Revolution Padel Store","og_description":"La pala de p\u00e1del StarVie Brava Pro 2025, parte de la colecci\u00f3n Universe, est\u00e1 dise\u00f1ada para ofrecer un rendimiento excepcional en todo momento, logrando un juego vers\u00e1til en la pista. Su formato en l\u00e1grima, con un punto dulce t\u00e9cnico en la parte superior, ampl\u00eda la zona de golpeo y potencia los golpes a\u00e9reos con mayor fuerza.","og_url":"https:\/\/revolutionpadelstore.com\/fr\/produit\/starvie-brava-pro-2025\/","og_site_name":"Revolution Padel Store","article_modified_time":"2026-04-08T08:29:08+00:00","og_image":[{"width":800,"height":800,"url":"https:\/\/revolutionpadelstore.com\/wp-content\/uploads\/2024\/10\/pala-starvie-brava-soft-2025-1-800x800-1.jpg","type":"image\/jpeg"}],"twitter_card":"summary_large_image","twitter_misc":{"Dur\u00e9e de lecture estim\u00e9e":"2 minutes"},"schema":{"@context":"https:\/\/schema.org","@graph":[{"@type":"WebPage","@id":"https:\/\/revolutionpadelstore.com\/fr\/produit\/starvie-brava-pro-2025\/","url":"https:\/\/revolutionpadelstore.com\/fr\/produit\/starvie-brava-pro-2025\/","name":"STARVIE BRAVA PRO 2025 - Revolution Padel Store","isPartOf":{"@id":"https:\/\/revolutionpadelstore.com\/fr\/#website"},"primaryImageOfPage":{"@id":"https:\/\/revolutionpadelstore.com\/fr\/produit\/starvie-brava-pro-2025\/#primaryimage"},"image":{"@id":"https:\/\/revolutionpadelstore.com\/fr\/produit\/starvie-brava-pro-2025\/#primaryimage"},"thumbnailUrl":"https:\/\/revolutionpadelstore.com\/wp-content\/uploads\/2024\/10\/pala-starvie-brava-soft-2025-1-800x800-1.jpg","datePublished":"2024-10-11T21:29:10+00:00","dateModified":"2026-04-08T08:29:08+00:00","description":"La pala de p\u00e1del StarVie Brava Pro 2025, parte de la colecci\u00f3n Universe, est\u00e1 dise\u00f1ada para ofrecer un rendimiento excepcional en todo momento, logrando un juego vers\u00e1til en la pista. Su formato en l\u00e1grima, con un punto dulce t\u00e9cnico en la parte superior, ampl\u00eda la zona de golpeo y potencia los golpes a\u00e9reos con mayor fuerza.","breadcrumb":{"@id":"https:\/\/revolutionpadelstore.com\/fr\/produit\/starvie-brava-pro-2025\/#breadcrumb"},"inLanguage":"fr-FR","potentialAction":[{"@type":"ReadAction","target":["https:\/\/revolutionpadelstore.com\/fr\/produit\/starvie-brava-pro-2025\/"]}]},{"@type":"ImageObject","inLanguage":"fr-FR","@id":"https:\/\/revolutionpadelstore.com\/fr\/produit\/starvie-brava-pro-2025\/#primaryimage","url":"https:\/\/revolutionpadelstore.com\/wp-content\/uploads\/2024\/10\/pala-starvie-brava-soft-2025-1-800x800-1.jpg","contentUrl":"https:\/\/revolutionpadelstore.com\/wp-content\/uploads\/2024\/10\/pala-starvie-brava-soft-2025-1-800x800-1.jpg","width":800,"height":800},{"@type":"BreadcrumbList","@id":"https:\/\/revolutionpadelstore.com\/fr\/produit\/starvie-brava-pro-2025\/#breadcrumb","itemListElement":[{"@type":"ListItem","position":1,"name":"Portada","item":"https:\/\/revolutionpadelstore.com\/fr\/"},{"@type":"ListItem","position":2,"name":"Boutique","item":"https:\/\/revolutionpadelstore.com\/fr\/tienda\/"},{"@type":"ListItem","position":3,"name":"STARVIE BRAVA PRO 2025"}]},{"@type":"WebSite","@id":"https:\/\/revolutionpadelstore.com\/fr\/#website","url":"https:\/\/revolutionpadelstore.com\/fr\/","name":"Revolution Padel Store","description":"","publisher":{"@id":"https:\/\/revolutionpadelstore.com\/fr\/#organization"},"potentialAction":[{"@type":"SearchAction","target":{"@type":"EntryPoint","urlTemplate":"https:\/\/revolutionpadelstore.com\/fr\/?s={search_term_string}"},"query-input":{"@type":"PropertyValueSpecification","valueRequired":true,"valueName":"search_term_string"}}],"inLanguage":"fr-FR"},{"@type":"Organization","@id":"https:\/\/revolutionpadelstore.com\/fr\/#organization","name":"Revolution Padel Store","url":"https:\/\/revolutionpadelstore.com\/fr\/","logo":{"@type":"ImageObject","inLanguage":"fr-FR","@id":"https:\/\/revolutionpadelstore.com\/fr\/#\/schema\/logo\/image\/","url":"https:\/\/revolutionpadelstore.com\/wp-content\/uploads\/2026\/02\/revolution-padel-store.jpg","contentUrl":"https:\/\/revolutionpadelstore.com\/wp-content\/uploads\/2026\/02\/revolution-padel-store.jpg","width":2000,"height":2000,"caption":"Revolution Padel Store"},"image":{"@id":"https:\/\/revolutionpadelstore.com\/fr\/#\/schema\/logo\/image\/"},"sameAs":["https:\/\/www.instagram.com\/revolutionpadelstore\/"]}]}},"_links":{"self":[{"href":"https:\/\/revolutionpadelstore.com\/fr\/wp-json\/wp\/v2\/product\/93759","targetHints":{"allow":["GET"]}}],"collection":[{"href":"https:\/\/revolutionpadelstore.com\/fr\/wp-json\/wp\/v2\/product"}],"about":[{"href":"https:\/\/revolutionpadelstore.com\/fr\/wp-json\/wp\/v2\/types\/product"}],"replies":[{"embeddable":true,"href":"https:\/\/revolutionpadelstore.com\/fr\/wp-json\/wp\/v2\/comments?post=93759"}],"wp:featuredmedia":[{"embeddable":true,"href":"https:\/\/revolutionpadelstore.com\/fr\/wp-json\/wp\/v2\/media\/93511"}],"wp:attachment":[{"href":"https:\/\/revolutionpadelstore.com\/fr\/wp-json\/wp\/v2\/media?parent=93759"}],"wp:term":[{"taxonomy":"acabado","embeddable":true,"href":"https:\/\/revolutionpadelstore.com\/fr\/wp-json\/wp\/v2\/acabado?post=93759"},{"taxonomy":"balance","embeddable":true,"href":"https:\/\/revolutionpadelstore.com\/fr\/wp-json\/wp\/v2\/balance?post=93759"},{"taxonomy":"dureza","embeddable":true,"href":"https:\/\/revolutionpadelstore.com\/fr\/wp-json\/wp\/v2\/dureza?post=93759"},{"taxonomy":"forma","embeddable":true,"href":"https:\/\/revolutionpadelstore.com\/fr\/wp-json\/wp\/v2\/forma?post=93759"},{"taxonomy":"jugador","embeddable":true,"href":"https:\/\/revolutionpadelstore.com\/fr\/wp-json\/wp\/v2\/jugador?post=93759"},{"taxonomy":"marca","embeddable":true,"href":"https:\/\/revolutionpadelstore.com\/fr\/wp-json\/wp\/v2\/marca?post=93759"},{"taxonomy":"nivel-de-juego","embeddable":true,"href":"https:\/\/revolutionpadelstore.com\/fr\/wp-json\/wp\/v2\/nivel-de-juego?post=93759"},{"taxonomy":"superficie","embeddable":true,"href":"https:\/\/revolutionpadelstore.com\/fr\/wp-json\/wp\/v2\/superficie?post=93759"},{"taxonomy":"tipo-de-juego","embeddable":true,"href":"https:\/\/revolutionpadelstore.com\/fr\/wp-json\/wp\/v2\/tipo-de-juego?post=93759"},{"taxonomy":"product_brand","embeddable":true,"href":"https:\/\/revolutionpadelstore.com\/fr\/wp-json\/wp\/v2\/product_brand?post=93759"},{"taxonomy":"product_cat","embeddable":true,"href":"https:\/\/revolutionpadelstore.com\/fr\/wp-json\/wp\/v2\/product_cat?post=93759"},{"taxonomy":"product_tag","embeddable":true,"href":"https:\/\/revolutionpadelstore.com\/fr\/wp-json\/wp\/v2\/product_tag?post=93759"}],"curies":[{"name":"wp","href":"https:\/\/api.w.org\/{rel}","templated":true}]}}