{"id":93754,"date":"2024-10-12T20:33:28","date_gmt":"2024-10-12T18:33:28","guid":{"rendered":"https:\/\/revolutionpadelstore.com\/starvie-astrum-2025\/"},"modified":"2026-04-08T10:28:39","modified_gmt":"2026-04-08T08:28:39","slug":"starvie-astrum-2025","status":"publish","type":"product","link":"https:\/\/revolutionpadelstore.com\/fr\/produit\/starvie-astrum-2025\/","title":{"rendered":"STARVIE ASTRUM 2025"},"content":{"rendered":"<p><strong>StarVie Astrum 2025 : performances et vitesse de jeu sup\u00e9rieures<\/strong><\/p>\n<p>La raquette StarVie Astrum 2025, appartenant \u00e0 la prestigieuse gamme Premium, pr\u00e9sente un design arrondi avec la pointe optimale situ\u00e9e au centre, ce qui en fait une option id\u00e9ale pour un style de jeu polyvalent. Son poids, qui varie entre 350 grammes, garantit une excellente maniabilit\u00e9 et confort.<\/p>\n<p><strong>Con\u00e7u pour les joueurs interm\u00e9diaires<\/strong><\/p>\n<p>L&#8217;Astrum 2025 est con\u00e7u pour offrir des performances exceptionnelles sur le terrain, en particulier pour les joueurs de niveau interm\u00e9diaire cherchant \u00e0 maximiser \u00e0 la fois le contr\u00f4le et la polyvalence de leurs tirs. Cette raquette s&#8217;adapte facilement \u00e0 diff\u00e9rents styles de jeu, permettant une ex\u00e9cution pr\u00e9cise et efficace dans diverses situations.<\/p>\n<p>La surface rugueuse de la raquette facilite l&#8217;application d&#8217;effets \u00e0 la balle, offrant ainsi la possibilit\u00e9 de surprendre les adversaires avec des jeux strat\u00e9giques.<\/p>\n<p><strong>Caract\u00e9ristiques et technologies avanc\u00e9es du StarVie Astrum<\/strong><\/p>\n<p style=\"padding-left: 40px\"><strong>-Noyau :<\/strong> Fabriqu\u00e9 avec du caoutchouc EVA Soft 30, qui offre une r\u00e9ponse rapide et efficace lors de la frappe.<\/p>\n<p style=\"padding-left: 40px\"><strong>-Mat\u00e9riaux de haute qualit\u00e9 :<\/strong> Les avions sont fabriqu\u00e9s avec deux couches de carbone aluminis\u00e9 15K, offrant un toucher doux et un confort am\u00e9lior\u00e9.<\/p>\n<p style=\"padding-left: 40px\"><strong>-Surface rugueuse :<\/strong> Gr\u00e2ce \u00e0 l&#8217;effet plan complet, elle vous permet d&#8217;imprimer des effets avec une grande pr\u00e9cision.<\/p>\n<p style=\"padding-left: 40px\"><strong>-Structure r\u00e9sistante :<\/strong> Cadre tubulaire en carbone 3K qui assure durabilit\u00e9 et rigidit\u00e9.<\/p>\n<p style=\"padding-left: 40px\"><strong>-\u00c9quilibre optimis\u00e9 :<\/strong> La technologie Star Balance au c\u0153ur am\u00e9liore l&#8217;\u00e9quilibre de la raquette, facilitant un meilleur contr\u00f4le pendant le jeu.<\/p>\n<p style=\"padding-left: 40px\"><strong>-Protection avanc\u00e9e :<\/strong> Le poing int\u00e8gre la technologie Noene Inside, qui r\u00e9duit 96 % de l&#8217;\u00e9nergie n\u00e9gative g\u00e9n\u00e9r\u00e9e par les impacts.<\/p>\n<p style=\"padding-left: 40px\"><strong>-Conception a\u00e9rodynamique :<\/strong> La technologie Five Side Tech am\u00e9liore l&#8217;a\u00e9rodynamisme et la rigidit\u00e9 du profil.<\/p>\n<p style=\"padding-left: 40px\"><strong>-Fabrication artisanale :<\/strong> Produit 100% fabriqu\u00e9 en Espagne, garantissant qualit\u00e9 et souci du d\u00e9tail.<\/p>\n<p style=\"padding-left: 40px\"><strong>-Accessoires inclus :<\/strong> Equip\u00e9 d&#8217;une corde de s\u00e9curit\u00e9 r\u00e9glable et d&#8217;un sac de sport \u00e9cologique.<\/p>\n<p>Achetez la raquette ronde StarVie Astrum 2025 dans Revolution Padel Store et augmentez vos performances aussi bien dans les jeux d\u00e9fensifs que dans les attaques puissantes. Cette raquette est le choix optimal pour les joueurs interm\u00e9diaires recherchant un \u00e9quilibre parfait entre contr\u00f4le et puissance dans leur jeu.<strong>StarVie Astrum 2025: Rendimiento Superior y Velocidad en el Juego<\/strong><\/p>\n","protected":false},"excerpt":{"rendered":"<p>Raquette ronde avec une pointe douce centr\u00e9e StarVie Astrum 2025, ax\u00e9e sur la fourniture d&#8217;un jeu polyvalent aux joueurs de padel de niveau interm\u00e9diaire. Plans bruts en carbone aluminis\u00e9 15K \u00e0 double couche.<\/p>\n","protected":false},"featured_media":93439,"comment_status":"open","ping_status":"closed","template":"","meta":{"_acf_changed":false,"_joinchat":[]},"acabado":[1107,1092],"balance":[1142],"dureza":[1152],"forma":[1182],"jugador":[1192,1202],"marca":[1292],"nivel-de-juego":[1337],"superficie":[1362],"tipo-de-juego":[1387],"product_brand":[],"product_cat":[302],"product_tag":[],"class_list":{"0":"post-93754","1":"product","2":"type-product","3":"status-publish","4":"has-post-thumbnail","6":"acabado-brut","7":"acabado-soulager-la-3d","8":"balance-moyen","9":"dureza-blanda-fr","10":"forma-rond","11":"jugador-homme","12":"jugador-polivalente-fr","13":"marca-starvie-fr","14":"superficie-rugosa-fr","15":"tipo-de-juego-polivalente-fr","16":"product_cat-palas-de-padel-fr","18":"first","19":"instock","20":"sale","21":"taxable","22":"shipping-taxable","23":"purchasable","24":"product-type-simple"},"acf":[],"yoast_head":"<!-- This site is optimized with the Yoast SEO plugin v27.4 - https:\/\/yoast.com\/product\/yoast-seo-wordpress\/ -->\n<title>STARVIE ASTRUM 2025 - Revolution Padel Store<\/title>\n<meta name=\"description\" content=\"La pala de p\u00e1del StarVie Astrum 2025, de la gama Premium, tiene una forma redonda con el punto \u00f3ptimo ubicado en el centro del plano, por lo que es un modelo enfocado en un juego polivalente. La Astrum 2025 proporciona un excelente confort y, gracias a su peso que va desde los 350 gramos, se consigue una f\u00e1cil manejabilidad.\" \/>\n<meta name=\"robots\" content=\"index, follow, max-snippet:-1, max-image-preview:large, max-video-preview:-1\" \/>\n<link rel=\"canonical\" href=\"https:\/\/revolutionpadelstore.com\/fr\/produit\/starvie-astrum-2025\/\" \/>\n<meta property=\"og:locale\" content=\"fr_FR\" \/>\n<meta property=\"og:type\" content=\"article\" \/>\n<meta property=\"og:title\" content=\"STARVIE ASTRUM 2025 - Revolution Padel Store\" \/>\n<meta property=\"og:description\" content=\"La pala de p\u00e1del StarVie Astrum 2025, de la gama Premium, tiene una forma redonda con el punto \u00f3ptimo ubicado en el centro del plano, por lo que es un modelo enfocado en un juego polivalente. La Astrum 2025 proporciona un excelente confort y, gracias a su peso que va desde los 350 gramos, se consigue una f\u00e1cil manejabilidad.\" \/>\n<meta property=\"og:url\" content=\"https:\/\/revolutionpadelstore.com\/fr\/produit\/starvie-astrum-2025\/\" \/>\n<meta property=\"og:site_name\" content=\"Revolution Padel Store\" \/>\n<meta property=\"article:modified_time\" content=\"2026-04-08T08:28:39+00:00\" \/>\n<meta property=\"og:image\" content=\"https:\/\/revolutionpadelstore.com\/wp-content\/uploads\/2024\/10\/pala-starvie-astrum-soft-2025-1-800x800-1.jpg\" \/>\n\t<meta property=\"og:image:width\" content=\"800\" \/>\n\t<meta property=\"og:image:height\" content=\"800\" \/>\n\t<meta property=\"og:image:type\" content=\"image\/jpeg\" \/>\n<meta name=\"twitter:card\" content=\"summary_large_image\" \/>\n<meta name=\"twitter:label1\" content=\"Dur\u00e9e de lecture estim\u00e9e\" \/>\n\t<meta name=\"twitter:data1\" content=\"2 minutes\" \/>\n<script type=\"application\/ld+json\" class=\"yoast-schema-graph\">{\"@context\":\"https:\\\/\\\/schema.org\",\"@graph\":[{\"@type\":\"WebPage\",\"@id\":\"https:\\\/\\\/revolutionpadelstore.com\\\/fr\\\/produit\\\/starvie-astrum-2025\\\/\",\"url\":\"https:\\\/\\\/revolutionpadelstore.com\\\/fr\\\/produit\\\/starvie-astrum-2025\\\/\",\"name\":\"STARVIE ASTRUM 2025 - Revolution Padel Store\",\"isPartOf\":{\"@id\":\"https:\\\/\\\/revolutionpadelstore.com\\\/fr\\\/#website\"},\"primaryImageOfPage\":{\"@id\":\"https:\\\/\\\/revolutionpadelstore.com\\\/fr\\\/produit\\\/starvie-astrum-2025\\\/#primaryimage\"},\"image\":{\"@id\":\"https:\\\/\\\/revolutionpadelstore.com\\\/fr\\\/produit\\\/starvie-astrum-2025\\\/#primaryimage\"},\"thumbnailUrl\":\"https:\\\/\\\/revolutionpadelstore.com\\\/wp-content\\\/uploads\\\/2024\\\/10\\\/pala-starvie-astrum-soft-2025-1-800x800-1.jpg\",\"datePublished\":\"2024-10-12T18:33:28+00:00\",\"dateModified\":\"2026-04-08T08:28:39+00:00\",\"description\":\"La pala de p\u00e1del StarVie Astrum 2025, de la gama Premium, tiene una forma redonda con el punto \u00f3ptimo ubicado en el centro del plano, por lo que es un modelo enfocado en un juego polivalente. La Astrum 2025 proporciona un excelente confort y, gracias a su peso que va desde los 350 gramos, se consigue una f\u00e1cil manejabilidad.\",\"breadcrumb\":{\"@id\":\"https:\\\/\\\/revolutionpadelstore.com\\\/fr\\\/produit\\\/starvie-astrum-2025\\\/#breadcrumb\"},\"inLanguage\":\"fr-FR\",\"potentialAction\":[{\"@type\":\"ReadAction\",\"target\":[\"https:\\\/\\\/revolutionpadelstore.com\\\/fr\\\/produit\\\/starvie-astrum-2025\\\/\"]}]},{\"@type\":\"ImageObject\",\"inLanguage\":\"fr-FR\",\"@id\":\"https:\\\/\\\/revolutionpadelstore.com\\\/fr\\\/produit\\\/starvie-astrum-2025\\\/#primaryimage\",\"url\":\"https:\\\/\\\/revolutionpadelstore.com\\\/wp-content\\\/uploads\\\/2024\\\/10\\\/pala-starvie-astrum-soft-2025-1-800x800-1.jpg\",\"contentUrl\":\"https:\\\/\\\/revolutionpadelstore.com\\\/wp-content\\\/uploads\\\/2024\\\/10\\\/pala-starvie-astrum-soft-2025-1-800x800-1.jpg\",\"width\":800,\"height\":800},{\"@type\":\"BreadcrumbList\",\"@id\":\"https:\\\/\\\/revolutionpadelstore.com\\\/fr\\\/produit\\\/starvie-astrum-2025\\\/#breadcrumb\",\"itemListElement\":[{\"@type\":\"ListItem\",\"position\":1,\"name\":\"Portada\",\"item\":\"https:\\\/\\\/revolutionpadelstore.com\\\/fr\\\/\"},{\"@type\":\"ListItem\",\"position\":2,\"name\":\"Boutique\",\"item\":\"https:\\\/\\\/revolutionpadelstore.com\\\/fr\\\/tienda\\\/\"},{\"@type\":\"ListItem\",\"position\":3,\"name\":\"STARVIE ASTRUM 2025\"}]},{\"@type\":\"WebSite\",\"@id\":\"https:\\\/\\\/revolutionpadelstore.com\\\/fr\\\/#website\",\"url\":\"https:\\\/\\\/revolutionpadelstore.com\\\/fr\\\/\",\"name\":\"Revolution Padel Store\",\"description\":\"\",\"publisher\":{\"@id\":\"https:\\\/\\\/revolutionpadelstore.com\\\/fr\\\/#organization\"},\"potentialAction\":[{\"@type\":\"SearchAction\",\"target\":{\"@type\":\"EntryPoint\",\"urlTemplate\":\"https:\\\/\\\/revolutionpadelstore.com\\\/fr\\\/?s={search_term_string}\"},\"query-input\":{\"@type\":\"PropertyValueSpecification\",\"valueRequired\":true,\"valueName\":\"search_term_string\"}}],\"inLanguage\":\"fr-FR\"},{\"@type\":\"Organization\",\"@id\":\"https:\\\/\\\/revolutionpadelstore.com\\\/fr\\\/#organization\",\"name\":\"Revolution Padel Store\",\"url\":\"https:\\\/\\\/revolutionpadelstore.com\\\/fr\\\/\",\"logo\":{\"@type\":\"ImageObject\",\"inLanguage\":\"fr-FR\",\"@id\":\"https:\\\/\\\/revolutionpadelstore.com\\\/fr\\\/#\\\/schema\\\/logo\\\/image\\\/\",\"url\":\"https:\\\/\\\/revolutionpadelstore.com\\\/wp-content\\\/uploads\\\/2026\\\/02\\\/revolution-padel-store.jpg\",\"contentUrl\":\"https:\\\/\\\/revolutionpadelstore.com\\\/wp-content\\\/uploads\\\/2026\\\/02\\\/revolution-padel-store.jpg\",\"width\":2000,\"height\":2000,\"caption\":\"Revolution Padel Store\"},\"image\":{\"@id\":\"https:\\\/\\\/revolutionpadelstore.com\\\/fr\\\/#\\\/schema\\\/logo\\\/image\\\/\"},\"sameAs\":[\"https:\\\/\\\/www.instagram.com\\\/revolutionpadelstore\\\/\"]}]}<\/script>\n<!-- \/ Yoast SEO plugin. -->","yoast_head_json":{"title":"STARVIE ASTRUM 2025 - Revolution Padel Store","description":"La pala de p\u00e1del StarVie Astrum 2025, de la gama Premium, tiene una forma redonda con el punto \u00f3ptimo ubicado en el centro del plano, por lo que es un modelo enfocado en un juego polivalente. La Astrum 2025 proporciona un excelente confort y, gracias a su peso que va desde los 350 gramos, se consigue una f\u00e1cil manejabilidad.","robots":{"index":"index","follow":"follow","max-snippet":"max-snippet:-1","max-image-preview":"max-image-preview:large","max-video-preview":"max-video-preview:-1"},"canonical":"https:\/\/revolutionpadelstore.com\/fr\/produit\/starvie-astrum-2025\/","og_locale":"fr_FR","og_type":"article","og_title":"STARVIE ASTRUM 2025 - Revolution Padel Store","og_description":"La pala de p\u00e1del StarVie Astrum 2025, de la gama Premium, tiene una forma redonda con el punto \u00f3ptimo ubicado en el centro del plano, por lo que es un modelo enfocado en un juego polivalente. La Astrum 2025 proporciona un excelente confort y, gracias a su peso que va desde los 350 gramos, se consigue una f\u00e1cil manejabilidad.","og_url":"https:\/\/revolutionpadelstore.com\/fr\/produit\/starvie-astrum-2025\/","og_site_name":"Revolution Padel Store","article_modified_time":"2026-04-08T08:28:39+00:00","og_image":[{"width":800,"height":800,"url":"https:\/\/revolutionpadelstore.com\/wp-content\/uploads\/2024\/10\/pala-starvie-astrum-soft-2025-1-800x800-1.jpg","type":"image\/jpeg"}],"twitter_card":"summary_large_image","twitter_misc":{"Dur\u00e9e de lecture estim\u00e9e":"2 minutes"},"schema":{"@context":"https:\/\/schema.org","@graph":[{"@type":"WebPage","@id":"https:\/\/revolutionpadelstore.com\/fr\/produit\/starvie-astrum-2025\/","url":"https:\/\/revolutionpadelstore.com\/fr\/produit\/starvie-astrum-2025\/","name":"STARVIE ASTRUM 2025 - Revolution Padel Store","isPartOf":{"@id":"https:\/\/revolutionpadelstore.com\/fr\/#website"},"primaryImageOfPage":{"@id":"https:\/\/revolutionpadelstore.com\/fr\/produit\/starvie-astrum-2025\/#primaryimage"},"image":{"@id":"https:\/\/revolutionpadelstore.com\/fr\/produit\/starvie-astrum-2025\/#primaryimage"},"thumbnailUrl":"https:\/\/revolutionpadelstore.com\/wp-content\/uploads\/2024\/10\/pala-starvie-astrum-soft-2025-1-800x800-1.jpg","datePublished":"2024-10-12T18:33:28+00:00","dateModified":"2026-04-08T08:28:39+00:00","description":"La pala de p\u00e1del StarVie Astrum 2025, de la gama Premium, tiene una forma redonda con el punto \u00f3ptimo ubicado en el centro del plano, por lo que es un modelo enfocado en un juego polivalente. La Astrum 2025 proporciona un excelente confort y, gracias a su peso que va desde los 350 gramos, se consigue una f\u00e1cil manejabilidad.","breadcrumb":{"@id":"https:\/\/revolutionpadelstore.com\/fr\/produit\/starvie-astrum-2025\/#breadcrumb"},"inLanguage":"fr-FR","potentialAction":[{"@type":"ReadAction","target":["https:\/\/revolutionpadelstore.com\/fr\/produit\/starvie-astrum-2025\/"]}]},{"@type":"ImageObject","inLanguage":"fr-FR","@id":"https:\/\/revolutionpadelstore.com\/fr\/produit\/starvie-astrum-2025\/#primaryimage","url":"https:\/\/revolutionpadelstore.com\/wp-content\/uploads\/2024\/10\/pala-starvie-astrum-soft-2025-1-800x800-1.jpg","contentUrl":"https:\/\/revolutionpadelstore.com\/wp-content\/uploads\/2024\/10\/pala-starvie-astrum-soft-2025-1-800x800-1.jpg","width":800,"height":800},{"@type":"BreadcrumbList","@id":"https:\/\/revolutionpadelstore.com\/fr\/produit\/starvie-astrum-2025\/#breadcrumb","itemListElement":[{"@type":"ListItem","position":1,"name":"Portada","item":"https:\/\/revolutionpadelstore.com\/fr\/"},{"@type":"ListItem","position":2,"name":"Boutique","item":"https:\/\/revolutionpadelstore.com\/fr\/tienda\/"},{"@type":"ListItem","position":3,"name":"STARVIE ASTRUM 2025"}]},{"@type":"WebSite","@id":"https:\/\/revolutionpadelstore.com\/fr\/#website","url":"https:\/\/revolutionpadelstore.com\/fr\/","name":"Revolution Padel Store","description":"","publisher":{"@id":"https:\/\/revolutionpadelstore.com\/fr\/#organization"},"potentialAction":[{"@type":"SearchAction","target":{"@type":"EntryPoint","urlTemplate":"https:\/\/revolutionpadelstore.com\/fr\/?s={search_term_string}"},"query-input":{"@type":"PropertyValueSpecification","valueRequired":true,"valueName":"search_term_string"}}],"inLanguage":"fr-FR"},{"@type":"Organization","@id":"https:\/\/revolutionpadelstore.com\/fr\/#organization","name":"Revolution Padel Store","url":"https:\/\/revolutionpadelstore.com\/fr\/","logo":{"@type":"ImageObject","inLanguage":"fr-FR","@id":"https:\/\/revolutionpadelstore.com\/fr\/#\/schema\/logo\/image\/","url":"https:\/\/revolutionpadelstore.com\/wp-content\/uploads\/2026\/02\/revolution-padel-store.jpg","contentUrl":"https:\/\/revolutionpadelstore.com\/wp-content\/uploads\/2026\/02\/revolution-padel-store.jpg","width":2000,"height":2000,"caption":"Revolution Padel Store"},"image":{"@id":"https:\/\/revolutionpadelstore.com\/fr\/#\/schema\/logo\/image\/"},"sameAs":["https:\/\/www.instagram.com\/revolutionpadelstore\/"]}]}},"_links":{"self":[{"href":"https:\/\/revolutionpadelstore.com\/fr\/wp-json\/wp\/v2\/product\/93754","targetHints":{"allow":["GET"]}}],"collection":[{"href":"https:\/\/revolutionpadelstore.com\/fr\/wp-json\/wp\/v2\/product"}],"about":[{"href":"https:\/\/revolutionpadelstore.com\/fr\/wp-json\/wp\/v2\/types\/product"}],"replies":[{"embeddable":true,"href":"https:\/\/revolutionpadelstore.com\/fr\/wp-json\/wp\/v2\/comments?post=93754"}],"wp:featuredmedia":[{"embeddable":true,"href":"https:\/\/revolutionpadelstore.com\/fr\/wp-json\/wp\/v2\/media\/93439"}],"wp:attachment":[{"href":"https:\/\/revolutionpadelstore.com\/fr\/wp-json\/wp\/v2\/media?parent=93754"}],"wp:term":[{"taxonomy":"acabado","embeddable":true,"href":"https:\/\/revolutionpadelstore.com\/fr\/wp-json\/wp\/v2\/acabado?post=93754"},{"taxonomy":"balance","embeddable":true,"href":"https:\/\/revolutionpadelstore.com\/fr\/wp-json\/wp\/v2\/balance?post=93754"},{"taxonomy":"dureza","embeddable":true,"href":"https:\/\/revolutionpadelstore.com\/fr\/wp-json\/wp\/v2\/dureza?post=93754"},{"taxonomy":"forma","embeddable":true,"href":"https:\/\/revolutionpadelstore.com\/fr\/wp-json\/wp\/v2\/forma?post=93754"},{"taxonomy":"jugador","embeddable":true,"href":"https:\/\/revolutionpadelstore.com\/fr\/wp-json\/wp\/v2\/jugador?post=93754"},{"taxonomy":"marca","embeddable":true,"href":"https:\/\/revolutionpadelstore.com\/fr\/wp-json\/wp\/v2\/marca?post=93754"},{"taxonomy":"nivel-de-juego","embeddable":true,"href":"https:\/\/revolutionpadelstore.com\/fr\/wp-json\/wp\/v2\/nivel-de-juego?post=93754"},{"taxonomy":"superficie","embeddable":true,"href":"https:\/\/revolutionpadelstore.com\/fr\/wp-json\/wp\/v2\/superficie?post=93754"},{"taxonomy":"tipo-de-juego","embeddable":true,"href":"https:\/\/revolutionpadelstore.com\/fr\/wp-json\/wp\/v2\/tipo-de-juego?post=93754"},{"taxonomy":"product_brand","embeddable":true,"href":"https:\/\/revolutionpadelstore.com\/fr\/wp-json\/wp\/v2\/product_brand?post=93754"},{"taxonomy":"product_cat","embeddable":true,"href":"https:\/\/revolutionpadelstore.com\/fr\/wp-json\/wp\/v2\/product_cat?post=93754"},{"taxonomy":"product_tag","embeddable":true,"href":"https:\/\/revolutionpadelstore.com\/fr\/wp-json\/wp\/v2\/product_tag?post=93754"}],"curies":[{"name":"wp","href":"https:\/\/api.w.org\/{rel}","templated":true}]}}