{"id":93749,"date":"2024-10-12T20:43:03","date_gmt":"2024-10-12T18:43:03","guid":{"rendered":"https:\/\/revolutionpadelstore.com\/starvie-brava-2025\/"},"modified":"2026-04-08T10:28:09","modified_gmt":"2026-04-08T08:28:09","slug":"starvie-brava-2025","status":"publish","type":"product","link":"https:\/\/revolutionpadelstore.com\/fr\/produit\/starvie-brava-2025\/","title":{"rendered":"STARVIE BRAVA 2025"},"content":{"rendered":"<p><strong>StarVie Brava 2025 : la polyvalence dans le jeu<\/strong><\/p>\n<p>La raquette de padel StarVie Brava 2025, de la gamme Universe, est con\u00e7ue pour offrir des performances exceptionnelles dans toutes les situations de jeu, ce qui en fait une option id\u00e9ale pour un style de jeu polyvalent. Sa forme en goutte d&#8217;eau, avec un sweet spot plus technique situ\u00e9 au sommet, maximise la surface de frappe, permettant de g\u00e9n\u00e9rer une puissance notable dans les frappes a\u00e9riennes.<\/p>\n<p><strong>Parfait pour les joueurs interm\u00e9diaires<\/strong><\/p>\n<p>Avec son design innovant et sa construction robuste, fabriqu\u00e9 avec des mat\u00e9riaux de haute qualit\u00e9 et des technologies avanc\u00e9es, le Brava 2025 se positionne comme le choix pr\u00e9f\u00e9r\u00e9 des joueurs de niveau interm\u00e9diaire cherchant \u00e0 am\u00e9liorer leur jeu polyvalent.<\/p>\n<p>Les joueurs b\u00e9n\u00e9ficieront d&#8217;un excellent \u00e9quilibre entre contr\u00f4le et puissance, ainsi que d&#8217;un rendement de balle remarquable. La surface rugueuse des avions facilite l&#8217;application des effets, permettant de surprendre efficacement les adversaires.<\/p>\n<p><strong>Caract\u00e9ristiques et technologies du StarVie Brava<\/strong><\/p>\n<p style=\"padding-left: 40px\"><strong>-Noyau :<\/strong> Caoutchouc EVA Soft 30 qui optimise l&#8217;ex\u00e9cution du coup et am\u00e9liore la vitesse.<\/p>\n<p style=\"padding-left: 40px\"><strong>-Mat\u00e9riaux :<\/strong> Avions fabriqu\u00e9s en carbone 15K, qui offrent plus de confort, de maniabilit\u00e9 et de flexibilit\u00e9 lors des frappes.<\/p>\n<p style=\"padding-left: 40px\"><strong>-Surface rugueuse :<\/strong> Avec l&#8217;effet plan complet en forme d&#8217;\u00e9toile, elle offre une pr\u00e9cision lors de l&#8217;application d&#8217;effets \u00e0 la balle.<\/p>\n<p style=\"padding-left: 40px\"><strong>-Absorption des vibrations :<\/strong> La technologie Noene Inside r\u00e9duit l&#8217;\u00e9nergie des vibrations pour un jeu plus confortable.<\/p>\n<p style=\"padding-left: 40px\"><strong>-Core Brava :<\/strong> Au c\u0153ur de la raquette, cette technologie am\u00e9liore l&#8217;\u00e9quilibre et la pr\u00e9cision, minimisant les vibrations.<\/p>\n<p style=\"padding-left: 40px\"><strong>-\u00c9quilibre optimal :<\/strong> Int\u00e9grant la pi\u00e8ce Star Balance, le poids est d\u00e9plac\u00e9 vers le poing, am\u00e9liorant l&#8217;acc\u00e9l\u00e9ration, l&#8217;agilit\u00e9 et les sensations dans le jeu.<\/ p ><\/p>\n<p style=\"padding-left: 40px\"><strong>-Rigidit\u00e9 et a\u00e9rodynamisme :<\/strong> La technologie Five Side appliqu\u00e9e au profil augmente la rigidit\u00e9 et am\u00e9liore l&#8217;a\u00e9rodynamisme de la lame.<\/p>\n<p style=\"padding-left: 40px\"><strong>-Conception et poids :<\/strong> Forme en forme de larme, point id\u00e9al \u00e9lev\u00e9 et poids qui varie entre 350 et 380 grammes.<\/p>\n<p style=\"padding-left: 40px\"><strong>-Fabrication artisanale :<\/strong> Produit 100% fabriqu\u00e9 en Espagne, garantissant qualit\u00e9 et souci du d\u00e9tail.<\/p>\n<p>Achetez la raquette de padel StarVie Brava 2025 dans Revolution Padel Store et d\u00e9couvrez une polyvalence in\u00e9gal\u00e9e. Affrontez n&#8217;importe quelle situation sur piste en toute confiance, gr\u00e2ce \u00e0 sa combinaison de contr\u00f4le, de puissance et de la technologie avanc\u00e9e de ses avions rugueux en carbone 15K.<strong>StarVie Brava 2025: Versatilidad en el Juego<\/strong><\/p>\n","protected":false},"excerpt":{"rendered":"<p>Raquette en forme de larme avec un \u00e9quilibre \u00e9lev\u00e9 StarVie Brava 2025, id\u00e9ale pour les joueurs polyvalents de niveau interm\u00e9diaire. Avions en carbone 15K avec effet plan complet.<\/p>\n","protected":false},"featured_media":93511,"comment_status":"open","ping_status":"closed","template":"","meta":{"_acf_changed":false,"_joinchat":[]},"acabado":[1107],"balance":[1137],"dureza":[1152],"forma":[1187],"jugador":[1192,1202],"marca":[1292],"nivel-de-juego":[1342],"superficie":[1362],"tipo-de-juego":[1387],"product_brand":[],"product_cat":[302],"product_tag":[],"class_list":{"0":"post-93749","1":"product","2":"type-product","3":"status-publish","4":"has-post-thumbnail","6":"acabado-brut","7":"balance-eleve","8":"dureza-blanda-fr","9":"forma-lagrima-fr","10":"jugador-homme","11":"jugador-polivalente-fr","12":"marca-starvie-fr","13":"superficie-rugosa-fr","14":"tipo-de-juego-polivalente-fr","15":"product_cat-palas-de-padel-fr","17":"first","18":"instock","19":"sale","20":"taxable","21":"shipping-taxable","22":"purchasable","23":"product-type-simple"},"acf":[],"yoast_head":"<!-- This site is optimized with the Yoast SEO plugin v27.4 - https:\/\/yoast.com\/product\/yoast-seo-wordpress\/ -->\n<title>STARVIE BRAVA 2025 - Revolution Padel Store<\/title>\n<meta name=\"description\" content=\"La pala de p\u00e1del StarVie Brava 2025, de la gama Universe, se enfoca en brindar el mejor rendimiento en todo momento para lograr un juego polivalente en el terreno de juego. Su forma de l\u00e1grima, con punto dulce m\u00e1s t\u00e9cnico ubicado en la parte superior, aumenta la superficie de golpeo y permite generar mucha m\u00e1s potencia en el juego a\u00e9reo.\" \/>\n<meta name=\"robots\" content=\"index, follow, max-snippet:-1, max-image-preview:large, max-video-preview:-1\" \/>\n<link rel=\"canonical\" href=\"https:\/\/revolutionpadelstore.com\/fr\/produit\/starvie-brava-2025\/\" \/>\n<meta property=\"og:locale\" content=\"fr_FR\" \/>\n<meta property=\"og:type\" content=\"article\" \/>\n<meta property=\"og:title\" content=\"STARVIE BRAVA 2025 - Revolution Padel Store\" \/>\n<meta property=\"og:description\" content=\"La pala de p\u00e1del StarVie Brava 2025, de la gama Universe, se enfoca en brindar el mejor rendimiento en todo momento para lograr un juego polivalente en el terreno de juego. Su forma de l\u00e1grima, con punto dulce m\u00e1s t\u00e9cnico ubicado en la parte superior, aumenta la superficie de golpeo y permite generar mucha m\u00e1s potencia en el juego a\u00e9reo.\" \/>\n<meta property=\"og:url\" content=\"https:\/\/revolutionpadelstore.com\/fr\/produit\/starvie-brava-2025\/\" \/>\n<meta property=\"og:site_name\" content=\"Revolution Padel Store\" \/>\n<meta property=\"article:modified_time\" content=\"2026-04-08T08:28:09+00:00\" \/>\n<meta property=\"og:image\" content=\"https:\/\/revolutionpadelstore.com\/wp-content\/uploads\/2024\/10\/pala-starvie-brava-soft-2025-1-800x800-1.jpg\" \/>\n\t<meta property=\"og:image:width\" content=\"800\" \/>\n\t<meta property=\"og:image:height\" content=\"800\" \/>\n\t<meta property=\"og:image:type\" content=\"image\/jpeg\" \/>\n<meta name=\"twitter:card\" content=\"summary_large_image\" \/>\n<meta name=\"twitter:label1\" content=\"Dur\u00e9e de lecture estim\u00e9e\" \/>\n\t<meta name=\"twitter:data1\" content=\"2 minutes\" \/>\n<script type=\"application\/ld+json\" class=\"yoast-schema-graph\">{\"@context\":\"https:\\\/\\\/schema.org\",\"@graph\":[{\"@type\":\"WebPage\",\"@id\":\"https:\\\/\\\/revolutionpadelstore.com\\\/fr\\\/produit\\\/starvie-brava-2025\\\/\",\"url\":\"https:\\\/\\\/revolutionpadelstore.com\\\/fr\\\/produit\\\/starvie-brava-2025\\\/\",\"name\":\"STARVIE BRAVA 2025 - Revolution Padel Store\",\"isPartOf\":{\"@id\":\"https:\\\/\\\/revolutionpadelstore.com\\\/fr\\\/#website\"},\"primaryImageOfPage\":{\"@id\":\"https:\\\/\\\/revolutionpadelstore.com\\\/fr\\\/produit\\\/starvie-brava-2025\\\/#primaryimage\"},\"image\":{\"@id\":\"https:\\\/\\\/revolutionpadelstore.com\\\/fr\\\/produit\\\/starvie-brava-2025\\\/#primaryimage\"},\"thumbnailUrl\":\"https:\\\/\\\/revolutionpadelstore.com\\\/wp-content\\\/uploads\\\/2024\\\/10\\\/pala-starvie-brava-soft-2025-1-800x800-1.jpg\",\"datePublished\":\"2024-10-12T18:43:03+00:00\",\"dateModified\":\"2026-04-08T08:28:09+00:00\",\"description\":\"La pala de p\u00e1del StarVie Brava 2025, de la gama Universe, se enfoca en brindar el mejor rendimiento en todo momento para lograr un juego polivalente en el terreno de juego. Su forma de l\u00e1grima, con punto dulce m\u00e1s t\u00e9cnico ubicado en la parte superior, aumenta la superficie de golpeo y permite generar mucha m\u00e1s potencia en el juego a\u00e9reo.\",\"breadcrumb\":{\"@id\":\"https:\\\/\\\/revolutionpadelstore.com\\\/fr\\\/produit\\\/starvie-brava-2025\\\/#breadcrumb\"},\"inLanguage\":\"fr-FR\",\"potentialAction\":[{\"@type\":\"ReadAction\",\"target\":[\"https:\\\/\\\/revolutionpadelstore.com\\\/fr\\\/produit\\\/starvie-brava-2025\\\/\"]}]},{\"@type\":\"ImageObject\",\"inLanguage\":\"fr-FR\",\"@id\":\"https:\\\/\\\/revolutionpadelstore.com\\\/fr\\\/produit\\\/starvie-brava-2025\\\/#primaryimage\",\"url\":\"https:\\\/\\\/revolutionpadelstore.com\\\/wp-content\\\/uploads\\\/2024\\\/10\\\/pala-starvie-brava-soft-2025-1-800x800-1.jpg\",\"contentUrl\":\"https:\\\/\\\/revolutionpadelstore.com\\\/wp-content\\\/uploads\\\/2024\\\/10\\\/pala-starvie-brava-soft-2025-1-800x800-1.jpg\",\"width\":800,\"height\":800},{\"@type\":\"BreadcrumbList\",\"@id\":\"https:\\\/\\\/revolutionpadelstore.com\\\/fr\\\/produit\\\/starvie-brava-2025\\\/#breadcrumb\",\"itemListElement\":[{\"@type\":\"ListItem\",\"position\":1,\"name\":\"Portada\",\"item\":\"https:\\\/\\\/revolutionpadelstore.com\\\/fr\\\/\"},{\"@type\":\"ListItem\",\"position\":2,\"name\":\"Boutique\",\"item\":\"https:\\\/\\\/revolutionpadelstore.com\\\/fr\\\/tienda\\\/\"},{\"@type\":\"ListItem\",\"position\":3,\"name\":\"STARVIE BRAVA 2025\"}]},{\"@type\":\"WebSite\",\"@id\":\"https:\\\/\\\/revolutionpadelstore.com\\\/fr\\\/#website\",\"url\":\"https:\\\/\\\/revolutionpadelstore.com\\\/fr\\\/\",\"name\":\"Revolution Padel Store\",\"description\":\"\",\"publisher\":{\"@id\":\"https:\\\/\\\/revolutionpadelstore.com\\\/fr\\\/#organization\"},\"potentialAction\":[{\"@type\":\"SearchAction\",\"target\":{\"@type\":\"EntryPoint\",\"urlTemplate\":\"https:\\\/\\\/revolutionpadelstore.com\\\/fr\\\/?s={search_term_string}\"},\"query-input\":{\"@type\":\"PropertyValueSpecification\",\"valueRequired\":true,\"valueName\":\"search_term_string\"}}],\"inLanguage\":\"fr-FR\"},{\"@type\":\"Organization\",\"@id\":\"https:\\\/\\\/revolutionpadelstore.com\\\/fr\\\/#organization\",\"name\":\"Revolution Padel Store\",\"url\":\"https:\\\/\\\/revolutionpadelstore.com\\\/fr\\\/\",\"logo\":{\"@type\":\"ImageObject\",\"inLanguage\":\"fr-FR\",\"@id\":\"https:\\\/\\\/revolutionpadelstore.com\\\/fr\\\/#\\\/schema\\\/logo\\\/image\\\/\",\"url\":\"https:\\\/\\\/revolutionpadelstore.com\\\/wp-content\\\/uploads\\\/2026\\\/02\\\/revolution-padel-store.jpg\",\"contentUrl\":\"https:\\\/\\\/revolutionpadelstore.com\\\/wp-content\\\/uploads\\\/2026\\\/02\\\/revolution-padel-store.jpg\",\"width\":2000,\"height\":2000,\"caption\":\"Revolution Padel Store\"},\"image\":{\"@id\":\"https:\\\/\\\/revolutionpadelstore.com\\\/fr\\\/#\\\/schema\\\/logo\\\/image\\\/\"},\"sameAs\":[\"https:\\\/\\\/www.instagram.com\\\/revolutionpadelstore\\\/\"]}]}<\/script>\n<!-- \/ Yoast SEO plugin. -->","yoast_head_json":{"title":"STARVIE BRAVA 2025 - Revolution Padel Store","description":"La pala de p\u00e1del StarVie Brava 2025, de la gama Universe, se enfoca en brindar el mejor rendimiento en todo momento para lograr un juego polivalente en el terreno de juego. Su forma de l\u00e1grima, con punto dulce m\u00e1s t\u00e9cnico ubicado en la parte superior, aumenta la superficie de golpeo y permite generar mucha m\u00e1s potencia en el juego a\u00e9reo.","robots":{"index":"index","follow":"follow","max-snippet":"max-snippet:-1","max-image-preview":"max-image-preview:large","max-video-preview":"max-video-preview:-1"},"canonical":"https:\/\/revolutionpadelstore.com\/fr\/produit\/starvie-brava-2025\/","og_locale":"fr_FR","og_type":"article","og_title":"STARVIE BRAVA 2025 - Revolution Padel Store","og_description":"La pala de p\u00e1del StarVie Brava 2025, de la gama Universe, se enfoca en brindar el mejor rendimiento en todo momento para lograr un juego polivalente en el terreno de juego. Su forma de l\u00e1grima, con punto dulce m\u00e1s t\u00e9cnico ubicado en la parte superior, aumenta la superficie de golpeo y permite generar mucha m\u00e1s potencia en el juego a\u00e9reo.","og_url":"https:\/\/revolutionpadelstore.com\/fr\/produit\/starvie-brava-2025\/","og_site_name":"Revolution Padel Store","article_modified_time":"2026-04-08T08:28:09+00:00","og_image":[{"width":800,"height":800,"url":"https:\/\/revolutionpadelstore.com\/wp-content\/uploads\/2024\/10\/pala-starvie-brava-soft-2025-1-800x800-1.jpg","type":"image\/jpeg"}],"twitter_card":"summary_large_image","twitter_misc":{"Dur\u00e9e de lecture estim\u00e9e":"2 minutes"},"schema":{"@context":"https:\/\/schema.org","@graph":[{"@type":"WebPage","@id":"https:\/\/revolutionpadelstore.com\/fr\/produit\/starvie-brava-2025\/","url":"https:\/\/revolutionpadelstore.com\/fr\/produit\/starvie-brava-2025\/","name":"STARVIE BRAVA 2025 - Revolution Padel Store","isPartOf":{"@id":"https:\/\/revolutionpadelstore.com\/fr\/#website"},"primaryImageOfPage":{"@id":"https:\/\/revolutionpadelstore.com\/fr\/produit\/starvie-brava-2025\/#primaryimage"},"image":{"@id":"https:\/\/revolutionpadelstore.com\/fr\/produit\/starvie-brava-2025\/#primaryimage"},"thumbnailUrl":"https:\/\/revolutionpadelstore.com\/wp-content\/uploads\/2024\/10\/pala-starvie-brava-soft-2025-1-800x800-1.jpg","datePublished":"2024-10-12T18:43:03+00:00","dateModified":"2026-04-08T08:28:09+00:00","description":"La pala de p\u00e1del StarVie Brava 2025, de la gama Universe, se enfoca en brindar el mejor rendimiento en todo momento para lograr un juego polivalente en el terreno de juego. Su forma de l\u00e1grima, con punto dulce m\u00e1s t\u00e9cnico ubicado en la parte superior, aumenta la superficie de golpeo y permite generar mucha m\u00e1s potencia en el juego a\u00e9reo.","breadcrumb":{"@id":"https:\/\/revolutionpadelstore.com\/fr\/produit\/starvie-brava-2025\/#breadcrumb"},"inLanguage":"fr-FR","potentialAction":[{"@type":"ReadAction","target":["https:\/\/revolutionpadelstore.com\/fr\/produit\/starvie-brava-2025\/"]}]},{"@type":"ImageObject","inLanguage":"fr-FR","@id":"https:\/\/revolutionpadelstore.com\/fr\/produit\/starvie-brava-2025\/#primaryimage","url":"https:\/\/revolutionpadelstore.com\/wp-content\/uploads\/2024\/10\/pala-starvie-brava-soft-2025-1-800x800-1.jpg","contentUrl":"https:\/\/revolutionpadelstore.com\/wp-content\/uploads\/2024\/10\/pala-starvie-brava-soft-2025-1-800x800-1.jpg","width":800,"height":800},{"@type":"BreadcrumbList","@id":"https:\/\/revolutionpadelstore.com\/fr\/produit\/starvie-brava-2025\/#breadcrumb","itemListElement":[{"@type":"ListItem","position":1,"name":"Portada","item":"https:\/\/revolutionpadelstore.com\/fr\/"},{"@type":"ListItem","position":2,"name":"Boutique","item":"https:\/\/revolutionpadelstore.com\/fr\/tienda\/"},{"@type":"ListItem","position":3,"name":"STARVIE BRAVA 2025"}]},{"@type":"WebSite","@id":"https:\/\/revolutionpadelstore.com\/fr\/#website","url":"https:\/\/revolutionpadelstore.com\/fr\/","name":"Revolution Padel Store","description":"","publisher":{"@id":"https:\/\/revolutionpadelstore.com\/fr\/#organization"},"potentialAction":[{"@type":"SearchAction","target":{"@type":"EntryPoint","urlTemplate":"https:\/\/revolutionpadelstore.com\/fr\/?s={search_term_string}"},"query-input":{"@type":"PropertyValueSpecification","valueRequired":true,"valueName":"search_term_string"}}],"inLanguage":"fr-FR"},{"@type":"Organization","@id":"https:\/\/revolutionpadelstore.com\/fr\/#organization","name":"Revolution Padel Store","url":"https:\/\/revolutionpadelstore.com\/fr\/","logo":{"@type":"ImageObject","inLanguage":"fr-FR","@id":"https:\/\/revolutionpadelstore.com\/fr\/#\/schema\/logo\/image\/","url":"https:\/\/revolutionpadelstore.com\/wp-content\/uploads\/2026\/02\/revolution-padel-store.jpg","contentUrl":"https:\/\/revolutionpadelstore.com\/wp-content\/uploads\/2026\/02\/revolution-padel-store.jpg","width":2000,"height":2000,"caption":"Revolution Padel Store"},"image":{"@id":"https:\/\/revolutionpadelstore.com\/fr\/#\/schema\/logo\/image\/"},"sameAs":["https:\/\/www.instagram.com\/revolutionpadelstore\/"]}]}},"_links":{"self":[{"href":"https:\/\/revolutionpadelstore.com\/fr\/wp-json\/wp\/v2\/product\/93749","targetHints":{"allow":["GET"]}}],"collection":[{"href":"https:\/\/revolutionpadelstore.com\/fr\/wp-json\/wp\/v2\/product"}],"about":[{"href":"https:\/\/revolutionpadelstore.com\/fr\/wp-json\/wp\/v2\/types\/product"}],"replies":[{"embeddable":true,"href":"https:\/\/revolutionpadelstore.com\/fr\/wp-json\/wp\/v2\/comments?post=93749"}],"wp:featuredmedia":[{"embeddable":true,"href":"https:\/\/revolutionpadelstore.com\/fr\/wp-json\/wp\/v2\/media\/93511"}],"wp:attachment":[{"href":"https:\/\/revolutionpadelstore.com\/fr\/wp-json\/wp\/v2\/media?parent=93749"}],"wp:term":[{"taxonomy":"acabado","embeddable":true,"href":"https:\/\/revolutionpadelstore.com\/fr\/wp-json\/wp\/v2\/acabado?post=93749"},{"taxonomy":"balance","embeddable":true,"href":"https:\/\/revolutionpadelstore.com\/fr\/wp-json\/wp\/v2\/balance?post=93749"},{"taxonomy":"dureza","embeddable":true,"href":"https:\/\/revolutionpadelstore.com\/fr\/wp-json\/wp\/v2\/dureza?post=93749"},{"taxonomy":"forma","embeddable":true,"href":"https:\/\/revolutionpadelstore.com\/fr\/wp-json\/wp\/v2\/forma?post=93749"},{"taxonomy":"jugador","embeddable":true,"href":"https:\/\/revolutionpadelstore.com\/fr\/wp-json\/wp\/v2\/jugador?post=93749"},{"taxonomy":"marca","embeddable":true,"href":"https:\/\/revolutionpadelstore.com\/fr\/wp-json\/wp\/v2\/marca?post=93749"},{"taxonomy":"nivel-de-juego","embeddable":true,"href":"https:\/\/revolutionpadelstore.com\/fr\/wp-json\/wp\/v2\/nivel-de-juego?post=93749"},{"taxonomy":"superficie","embeddable":true,"href":"https:\/\/revolutionpadelstore.com\/fr\/wp-json\/wp\/v2\/superficie?post=93749"},{"taxonomy":"tipo-de-juego","embeddable":true,"href":"https:\/\/revolutionpadelstore.com\/fr\/wp-json\/wp\/v2\/tipo-de-juego?post=93749"},{"taxonomy":"product_brand","embeddable":true,"href":"https:\/\/revolutionpadelstore.com\/fr\/wp-json\/wp\/v2\/product_brand?post=93749"},{"taxonomy":"product_cat","embeddable":true,"href":"https:\/\/revolutionpadelstore.com\/fr\/wp-json\/wp\/v2\/product_cat?post=93749"},{"taxonomy":"product_tag","embeddable":true,"href":"https:\/\/revolutionpadelstore.com\/fr\/wp-json\/wp\/v2\/product_tag?post=93749"}],"curies":[{"name":"wp","href":"https:\/\/api.w.org\/{rel}","templated":true}]}}