{"id":93744,"date":"2024-10-12T20:49:34","date_gmt":"2024-10-12T18:49:34","guid":{"rendered":"https:\/\/revolutionpadelstore.com\/starvie-triton-pro-touch-2025\/"},"modified":"2026-04-08T10:27:37","modified_gmt":"2026-04-08T08:27:37","slug":"starvie-triton-pro-touch-2025-3","status":"publish","type":"product","link":"https:\/\/revolutionpadelstore.com\/fr\/produit\/starvie-triton-pro-touch-2025-3\/","title":{"rendered":"STARVIE TRIT\u00d3N PRO TOUCH 2025"},"content":{"rendered":"<p><strong>StarVie Trit\u00f3n Pro Touch 2025 : format goutte d&#8217;eau pour des performances optimales<\/strong><\/p>\n<p>La StarVie Trit\u00f3n Pro Touch 2025 est une raquette de padel haut de gamme, con\u00e7ue pour les joueurs \u00e0 la recherche d&#8217;un \u00e9quilibre exceptionnel entre contr\u00f4le et puissance. Sa forme en forme de goutte, combin\u00e9e \u00e0 un \u00e9l\u00e9gant design noir avec des d\u00e9tails argent\u00e9s, met en valeur non seulement son esth\u00e9tique moderne, mais aussi sa technologie de pointe. Le caoutchouc Pro Touch de densit\u00e9 moyenne offre une sensibilit\u00e9, un contr\u00f4le et une puissance excellents \u00e0 chaque tir.<\/p>\n<p><strong>Destin\u00e9 aux joueurs avanc\u00e9s<\/strong><\/p>\n<p>Cette raquette s&#8217;adresse particuli\u00e8rement aux joueurs avanc\u00e9s, notamment ceux ayant un style de jeu offensif qui souhaitent maximiser leur attaque et leur contr\u00f4le. La forme en forme de larme, avec le sweet spot d\u00e9plac\u00e9 vers la t\u00eate, permet de g\u00e9n\u00e9rer une plus grande puissance sans sacrifier la pr\u00e9cision. De plus, la rigidit\u00e9 apport\u00e9e par les deux couches de carbone 3K garantit un contr\u00f4le sup\u00e9rieur, id\u00e9al pour les joueurs exp\u00e9riment\u00e9s cherchant \u00e0 optimiser chaque coup.<\/p>\n<p><strong>Caract\u00e9ristiques et technologies du StarVie Triton Pro Touch 2025<\/strong><\/p>\n<p style=\"padding-left: 40px\"><strong>-Forme :<\/strong> Conception en forme de goutte d&#8217;eau avec le sweet spot situ\u00e9 vers la t\u00eate.<\/p>\n<p style=\"padding-left: 40px\"><strong>-Noyau :<\/strong> Caoutchouc EVA Pro Touch de densit\u00e9 moyennement dure, qui offre un \u00e9quilibre entre contr\u00f4le et puissance.<\/p>\n<p style=\"padding-left: 40px\"><strong>-Mat\u00e9riaux :<\/strong> Deux couches de carbone 3K qui augmentent la rigidit\u00e9, am\u00e9liorant le contr\u00f4le et la puissance du coup.<\/p>\n<p style=\"padding-left: 40px\"><strong>-Plane Roughness :<\/strong> Technologie Full Plane Effect qui am\u00e9liore la pr\u00e9cision lors de l&#8217;application d&#8217;effets \u00e0 la balle.<\/p>\n<p style=\"padding-left: 40px\"><strong>-Prise am\u00e9lior\u00e9e :<\/strong> Poign\u00e9e plus longue, qui comprend 1 cm suppl\u00e9mentaire dans le poing pour une prise plus confortable lors des coups de poing \u00e0 deux mains.<\/p>\n<p style=\"padding-left: 40px\"><strong>-Absorption des vibrations :<\/strong> Technologie Noene Inside qui r\u00e9duit jusqu&#8217;\u00e0 96 % des vibrations, minimisant l&#8217;impact sur le bras.<\/p>\n<p style=\"padding-left: 40px\"><strong>-Esth\u00e9tique :<\/strong> Design moderne en noir avec des d\u00e9tails argent\u00e9s sur le cadre et le logo.<\/p>\n<p>En r\u00e9sum\u00e9, la StarVie Trit\u00f3n Pro Touch 2025 est la raquette id\u00e9ale pour les joueurs avanc\u00e9s \u00e0 la recherche de hautes performances en termes de contr\u00f4le et de puissance, alliant technologie innovante et design attrayant. Si votre objectif est d&#8217;\u00e9lever votre niveau de jeu, cette raquette est un choix exceptionnel.<strong>StarVie Trit\u00f3n Pro Touch 2025: Formato L\u00e1grima para un Rendimiento \u00d3ptimo<\/strong><\/p>\n","protected":false},"excerpt":{"rendered":"<p>Le StarVie Triton Pro Touch 2025 offre contr\u00f4le et puissance avec une technologie avanc\u00e9e pour les joueurs offensifs avanc\u00e9s, maximisant chaque coup avec pr\u00e9cision.<\/p>\n","protected":false},"featured_media":93673,"comment_status":"open","ping_status":"closed","template":"","meta":{"_acf_changed":false,"_joinchat":[]},"acabado":[1092],"balance":[1137],"dureza":[1157],"forma":[1187],"jugador":[1192,1202],"marca":[1292],"nivel-de-juego":[1337],"superficie":[1362],"tipo-de-juego":[1387],"product_brand":[],"product_cat":[302],"product_tag":[],"class_list":{"0":"post-93744","1":"product","2":"type-product","3":"status-publish","4":"has-post-thumbnail","6":"acabado-soulager-la-3d","7":"balance-eleve","8":"dureza-media-fr","9":"forma-lagrima-fr","10":"jugador-homme","11":"jugador-polivalente-fr","12":"marca-starvie-fr","13":"superficie-rugosa-fr","14":"tipo-de-juego-polivalente-fr","15":"product_cat-palas-de-padel-fr","17":"first","18":"instock","19":"sale","20":"taxable","21":"shipping-taxable","22":"purchasable","23":"product-type-simple"},"acf":[],"yoast_head":"<!-- This site is optimized with the Yoast SEO plugin v27.4 - https:\/\/yoast.com\/product\/yoast-seo-wordpress\/ -->\n<title>STARVIE TRIT\u00d3N PRO TOUCH 2025 - Revolution Padel Store<\/title>\n<meta name=\"description\" content=\"La StarVie Trit\u00f3n Pro Touch 2025 es una pala de p\u00e1del premium dise\u00f1ada para aquellos que buscan un equilibrio perfecto entre control y potencia en su juego. Con una forma de l\u00e1grima y un dise\u00f1o en negro con detalles en plata, esta pala destaca por su est\u00e9tica moderna y su avanzada tecnolog\u00eda, incluyendo una novedosa goma Pro Touch de densidad media-dura, que ofrece una excelente combinaci\u00f3n de sensibilidad, control y potencia.\" \/>\n<meta name=\"robots\" content=\"index, follow, max-snippet:-1, max-image-preview:large, max-video-preview:-1\" \/>\n<link rel=\"canonical\" href=\"https:\/\/revolutionpadelstore.com\/fr\/produit\/starvie-triton-pro-touch-2025-3\/\" \/>\n<meta property=\"og:locale\" content=\"fr_FR\" \/>\n<meta property=\"og:type\" content=\"article\" \/>\n<meta property=\"og:title\" content=\"STARVIE TRIT\u00d3N PRO TOUCH 2025 - Revolution Padel Store\" \/>\n<meta property=\"og:description\" content=\"La StarVie Trit\u00f3n Pro Touch 2025 es una pala de p\u00e1del premium dise\u00f1ada para aquellos que buscan un equilibrio perfecto entre control y potencia en su juego. Con una forma de l\u00e1grima y un dise\u00f1o en negro con detalles en plata, esta pala destaca por su est\u00e9tica moderna y su avanzada tecnolog\u00eda, incluyendo una novedosa goma Pro Touch de densidad media-dura, que ofrece una excelente combinaci\u00f3n de sensibilidad, control y potencia.\" \/>\n<meta property=\"og:url\" content=\"https:\/\/revolutionpadelstore.com\/fr\/produit\/starvie-triton-pro-touch-2025-3\/\" \/>\n<meta property=\"og:site_name\" content=\"Revolution Padel Store\" \/>\n<meta property=\"article:modified_time\" content=\"2026-04-08T08:27:37+00:00\" \/>\n<meta property=\"og:image\" content=\"https:\/\/revolutionpadelstore.com\/wp-content\/uploads\/2024\/10\/pala-starvie-triton-pro-touch-2025-1-800x800-1.jpg\" \/>\n\t<meta property=\"og:image:width\" content=\"800\" \/>\n\t<meta property=\"og:image:height\" content=\"800\" \/>\n\t<meta property=\"og:image:type\" content=\"image\/jpeg\" \/>\n<meta name=\"twitter:card\" content=\"summary_large_image\" \/>\n<meta name=\"twitter:label1\" content=\"Dur\u00e9e de lecture estim\u00e9e\" \/>\n\t<meta name=\"twitter:data1\" content=\"2 minutes\" \/>\n<script type=\"application\/ld+json\" class=\"yoast-schema-graph\">{\"@context\":\"https:\\\/\\\/schema.org\",\"@graph\":[{\"@type\":\"WebPage\",\"@id\":\"https:\\\/\\\/revolutionpadelstore.com\\\/fr\\\/produit\\\/starvie-triton-pro-touch-2025-3\\\/\",\"url\":\"https:\\\/\\\/revolutionpadelstore.com\\\/fr\\\/produit\\\/starvie-triton-pro-touch-2025-3\\\/\",\"name\":\"STARVIE TRIT\u00d3N PRO TOUCH 2025 - Revolution Padel Store\",\"isPartOf\":{\"@id\":\"https:\\\/\\\/revolutionpadelstore.com\\\/fr\\\/#website\"},\"primaryImageOfPage\":{\"@id\":\"https:\\\/\\\/revolutionpadelstore.com\\\/fr\\\/produit\\\/starvie-triton-pro-touch-2025-3\\\/#primaryimage\"},\"image\":{\"@id\":\"https:\\\/\\\/revolutionpadelstore.com\\\/fr\\\/produit\\\/starvie-triton-pro-touch-2025-3\\\/#primaryimage\"},\"thumbnailUrl\":\"https:\\\/\\\/revolutionpadelstore.com\\\/wp-content\\\/uploads\\\/2024\\\/10\\\/pala-starvie-triton-pro-touch-2025-1-800x800-1.jpg\",\"datePublished\":\"2024-10-12T18:49:34+00:00\",\"dateModified\":\"2026-04-08T08:27:37+00:00\",\"description\":\"La StarVie Trit\u00f3n Pro Touch 2025 es una pala de p\u00e1del premium dise\u00f1ada para aquellos que buscan un equilibrio perfecto entre control y potencia en su juego. Con una forma de l\u00e1grima y un dise\u00f1o en negro con detalles en plata, esta pala destaca por su est\u00e9tica moderna y su avanzada tecnolog\u00eda, incluyendo una novedosa goma Pro Touch de densidad media-dura, que ofrece una excelente combinaci\u00f3n de sensibilidad, control y potencia.\",\"breadcrumb\":{\"@id\":\"https:\\\/\\\/revolutionpadelstore.com\\\/fr\\\/produit\\\/starvie-triton-pro-touch-2025-3\\\/#breadcrumb\"},\"inLanguage\":\"fr-FR\",\"potentialAction\":[{\"@type\":\"ReadAction\",\"target\":[\"https:\\\/\\\/revolutionpadelstore.com\\\/fr\\\/produit\\\/starvie-triton-pro-touch-2025-3\\\/\"]}]},{\"@type\":\"ImageObject\",\"inLanguage\":\"fr-FR\",\"@id\":\"https:\\\/\\\/revolutionpadelstore.com\\\/fr\\\/produit\\\/starvie-triton-pro-touch-2025-3\\\/#primaryimage\",\"url\":\"https:\\\/\\\/revolutionpadelstore.com\\\/wp-content\\\/uploads\\\/2024\\\/10\\\/pala-starvie-triton-pro-touch-2025-1-800x800-1.jpg\",\"contentUrl\":\"https:\\\/\\\/revolutionpadelstore.com\\\/wp-content\\\/uploads\\\/2024\\\/10\\\/pala-starvie-triton-pro-touch-2025-1-800x800-1.jpg\",\"width\":800,\"height\":800},{\"@type\":\"BreadcrumbList\",\"@id\":\"https:\\\/\\\/revolutionpadelstore.com\\\/fr\\\/produit\\\/starvie-triton-pro-touch-2025-3\\\/#breadcrumb\",\"itemListElement\":[{\"@type\":\"ListItem\",\"position\":1,\"name\":\"Portada\",\"item\":\"https:\\\/\\\/revolutionpadelstore.com\\\/fr\\\/\"},{\"@type\":\"ListItem\",\"position\":2,\"name\":\"Boutique\",\"item\":\"https:\\\/\\\/revolutionpadelstore.com\\\/fr\\\/tienda\\\/\"},{\"@type\":\"ListItem\",\"position\":3,\"name\":\"STARVIE TRIT\u00d3N PRO TOUCH 2025\"}]},{\"@type\":\"WebSite\",\"@id\":\"https:\\\/\\\/revolutionpadelstore.com\\\/fr\\\/#website\",\"url\":\"https:\\\/\\\/revolutionpadelstore.com\\\/fr\\\/\",\"name\":\"Revolution Padel Store\",\"description\":\"\",\"publisher\":{\"@id\":\"https:\\\/\\\/revolutionpadelstore.com\\\/fr\\\/#organization\"},\"potentialAction\":[{\"@type\":\"SearchAction\",\"target\":{\"@type\":\"EntryPoint\",\"urlTemplate\":\"https:\\\/\\\/revolutionpadelstore.com\\\/fr\\\/?s={search_term_string}\"},\"query-input\":{\"@type\":\"PropertyValueSpecification\",\"valueRequired\":true,\"valueName\":\"search_term_string\"}}],\"inLanguage\":\"fr-FR\"},{\"@type\":\"Organization\",\"@id\":\"https:\\\/\\\/revolutionpadelstore.com\\\/fr\\\/#organization\",\"name\":\"Revolution Padel Store\",\"url\":\"https:\\\/\\\/revolutionpadelstore.com\\\/fr\\\/\",\"logo\":{\"@type\":\"ImageObject\",\"inLanguage\":\"fr-FR\",\"@id\":\"https:\\\/\\\/revolutionpadelstore.com\\\/fr\\\/#\\\/schema\\\/logo\\\/image\\\/\",\"url\":\"https:\\\/\\\/revolutionpadelstore.com\\\/wp-content\\\/uploads\\\/2026\\\/02\\\/revolution-padel-store.jpg\",\"contentUrl\":\"https:\\\/\\\/revolutionpadelstore.com\\\/wp-content\\\/uploads\\\/2026\\\/02\\\/revolution-padel-store.jpg\",\"width\":2000,\"height\":2000,\"caption\":\"Revolution Padel Store\"},\"image\":{\"@id\":\"https:\\\/\\\/revolutionpadelstore.com\\\/fr\\\/#\\\/schema\\\/logo\\\/image\\\/\"},\"sameAs\":[\"https:\\\/\\\/www.instagram.com\\\/revolutionpadelstore\\\/\"]}]}<\/script>\n<!-- \/ Yoast SEO plugin. -->","yoast_head_json":{"title":"STARVIE TRIT\u00d3N PRO TOUCH 2025 - Revolution Padel Store","description":"La StarVie Trit\u00f3n Pro Touch 2025 es una pala de p\u00e1del premium dise\u00f1ada para aquellos que buscan un equilibrio perfecto entre control y potencia en su juego. Con una forma de l\u00e1grima y un dise\u00f1o en negro con detalles en plata, esta pala destaca por su est\u00e9tica moderna y su avanzada tecnolog\u00eda, incluyendo una novedosa goma Pro Touch de densidad media-dura, que ofrece una excelente combinaci\u00f3n de sensibilidad, control y potencia.","robots":{"index":"index","follow":"follow","max-snippet":"max-snippet:-1","max-image-preview":"max-image-preview:large","max-video-preview":"max-video-preview:-1"},"canonical":"https:\/\/revolutionpadelstore.com\/fr\/produit\/starvie-triton-pro-touch-2025-3\/","og_locale":"fr_FR","og_type":"article","og_title":"STARVIE TRIT\u00d3N PRO TOUCH 2025 - Revolution Padel Store","og_description":"La StarVie Trit\u00f3n Pro Touch 2025 es una pala de p\u00e1del premium dise\u00f1ada para aquellos que buscan un equilibrio perfecto entre control y potencia en su juego. Con una forma de l\u00e1grima y un dise\u00f1o en negro con detalles en plata, esta pala destaca por su est\u00e9tica moderna y su avanzada tecnolog\u00eda, incluyendo una novedosa goma Pro Touch de densidad media-dura, que ofrece una excelente combinaci\u00f3n de sensibilidad, control y potencia.","og_url":"https:\/\/revolutionpadelstore.com\/fr\/produit\/starvie-triton-pro-touch-2025-3\/","og_site_name":"Revolution Padel Store","article_modified_time":"2026-04-08T08:27:37+00:00","og_image":[{"width":800,"height":800,"url":"https:\/\/revolutionpadelstore.com\/wp-content\/uploads\/2024\/10\/pala-starvie-triton-pro-touch-2025-1-800x800-1.jpg","type":"image\/jpeg"}],"twitter_card":"summary_large_image","twitter_misc":{"Dur\u00e9e de lecture estim\u00e9e":"2 minutes"},"schema":{"@context":"https:\/\/schema.org","@graph":[{"@type":"WebPage","@id":"https:\/\/revolutionpadelstore.com\/fr\/produit\/starvie-triton-pro-touch-2025-3\/","url":"https:\/\/revolutionpadelstore.com\/fr\/produit\/starvie-triton-pro-touch-2025-3\/","name":"STARVIE TRIT\u00d3N PRO TOUCH 2025 - Revolution Padel Store","isPartOf":{"@id":"https:\/\/revolutionpadelstore.com\/fr\/#website"},"primaryImageOfPage":{"@id":"https:\/\/revolutionpadelstore.com\/fr\/produit\/starvie-triton-pro-touch-2025-3\/#primaryimage"},"image":{"@id":"https:\/\/revolutionpadelstore.com\/fr\/produit\/starvie-triton-pro-touch-2025-3\/#primaryimage"},"thumbnailUrl":"https:\/\/revolutionpadelstore.com\/wp-content\/uploads\/2024\/10\/pala-starvie-triton-pro-touch-2025-1-800x800-1.jpg","datePublished":"2024-10-12T18:49:34+00:00","dateModified":"2026-04-08T08:27:37+00:00","description":"La StarVie Trit\u00f3n Pro Touch 2025 es una pala de p\u00e1del premium dise\u00f1ada para aquellos que buscan un equilibrio perfecto entre control y potencia en su juego. Con una forma de l\u00e1grima y un dise\u00f1o en negro con detalles en plata, esta pala destaca por su est\u00e9tica moderna y su avanzada tecnolog\u00eda, incluyendo una novedosa goma Pro Touch de densidad media-dura, que ofrece una excelente combinaci\u00f3n de sensibilidad, control y potencia.","breadcrumb":{"@id":"https:\/\/revolutionpadelstore.com\/fr\/produit\/starvie-triton-pro-touch-2025-3\/#breadcrumb"},"inLanguage":"fr-FR","potentialAction":[{"@type":"ReadAction","target":["https:\/\/revolutionpadelstore.com\/fr\/produit\/starvie-triton-pro-touch-2025-3\/"]}]},{"@type":"ImageObject","inLanguage":"fr-FR","@id":"https:\/\/revolutionpadelstore.com\/fr\/produit\/starvie-triton-pro-touch-2025-3\/#primaryimage","url":"https:\/\/revolutionpadelstore.com\/wp-content\/uploads\/2024\/10\/pala-starvie-triton-pro-touch-2025-1-800x800-1.jpg","contentUrl":"https:\/\/revolutionpadelstore.com\/wp-content\/uploads\/2024\/10\/pala-starvie-triton-pro-touch-2025-1-800x800-1.jpg","width":800,"height":800},{"@type":"BreadcrumbList","@id":"https:\/\/revolutionpadelstore.com\/fr\/produit\/starvie-triton-pro-touch-2025-3\/#breadcrumb","itemListElement":[{"@type":"ListItem","position":1,"name":"Portada","item":"https:\/\/revolutionpadelstore.com\/fr\/"},{"@type":"ListItem","position":2,"name":"Boutique","item":"https:\/\/revolutionpadelstore.com\/fr\/tienda\/"},{"@type":"ListItem","position":3,"name":"STARVIE TRIT\u00d3N PRO TOUCH 2025"}]},{"@type":"WebSite","@id":"https:\/\/revolutionpadelstore.com\/fr\/#website","url":"https:\/\/revolutionpadelstore.com\/fr\/","name":"Revolution Padel Store","description":"","publisher":{"@id":"https:\/\/revolutionpadelstore.com\/fr\/#organization"},"potentialAction":[{"@type":"SearchAction","target":{"@type":"EntryPoint","urlTemplate":"https:\/\/revolutionpadelstore.com\/fr\/?s={search_term_string}"},"query-input":{"@type":"PropertyValueSpecification","valueRequired":true,"valueName":"search_term_string"}}],"inLanguage":"fr-FR"},{"@type":"Organization","@id":"https:\/\/revolutionpadelstore.com\/fr\/#organization","name":"Revolution Padel Store","url":"https:\/\/revolutionpadelstore.com\/fr\/","logo":{"@type":"ImageObject","inLanguage":"fr-FR","@id":"https:\/\/revolutionpadelstore.com\/fr\/#\/schema\/logo\/image\/","url":"https:\/\/revolutionpadelstore.com\/wp-content\/uploads\/2026\/02\/revolution-padel-store.jpg","contentUrl":"https:\/\/revolutionpadelstore.com\/wp-content\/uploads\/2026\/02\/revolution-padel-store.jpg","width":2000,"height":2000,"caption":"Revolution Padel Store"},"image":{"@id":"https:\/\/revolutionpadelstore.com\/fr\/#\/schema\/logo\/image\/"},"sameAs":["https:\/\/www.instagram.com\/revolutionpadelstore\/"]}]}},"_links":{"self":[{"href":"https:\/\/revolutionpadelstore.com\/fr\/wp-json\/wp\/v2\/product\/93744","targetHints":{"allow":["GET"]}}],"collection":[{"href":"https:\/\/revolutionpadelstore.com\/fr\/wp-json\/wp\/v2\/product"}],"about":[{"href":"https:\/\/revolutionpadelstore.com\/fr\/wp-json\/wp\/v2\/types\/product"}],"replies":[{"embeddable":true,"href":"https:\/\/revolutionpadelstore.com\/fr\/wp-json\/wp\/v2\/comments?post=93744"}],"wp:featuredmedia":[{"embeddable":true,"href":"https:\/\/revolutionpadelstore.com\/fr\/wp-json\/wp\/v2\/media\/93673"}],"wp:attachment":[{"href":"https:\/\/revolutionpadelstore.com\/fr\/wp-json\/wp\/v2\/media?parent=93744"}],"wp:term":[{"taxonomy":"acabado","embeddable":true,"href":"https:\/\/revolutionpadelstore.com\/fr\/wp-json\/wp\/v2\/acabado?post=93744"},{"taxonomy":"balance","embeddable":true,"href":"https:\/\/revolutionpadelstore.com\/fr\/wp-json\/wp\/v2\/balance?post=93744"},{"taxonomy":"dureza","embeddable":true,"href":"https:\/\/revolutionpadelstore.com\/fr\/wp-json\/wp\/v2\/dureza?post=93744"},{"taxonomy":"forma","embeddable":true,"href":"https:\/\/revolutionpadelstore.com\/fr\/wp-json\/wp\/v2\/forma?post=93744"},{"taxonomy":"jugador","embeddable":true,"href":"https:\/\/revolutionpadelstore.com\/fr\/wp-json\/wp\/v2\/jugador?post=93744"},{"taxonomy":"marca","embeddable":true,"href":"https:\/\/revolutionpadelstore.com\/fr\/wp-json\/wp\/v2\/marca?post=93744"},{"taxonomy":"nivel-de-juego","embeddable":true,"href":"https:\/\/revolutionpadelstore.com\/fr\/wp-json\/wp\/v2\/nivel-de-juego?post=93744"},{"taxonomy":"superficie","embeddable":true,"href":"https:\/\/revolutionpadelstore.com\/fr\/wp-json\/wp\/v2\/superficie?post=93744"},{"taxonomy":"tipo-de-juego","embeddable":true,"href":"https:\/\/revolutionpadelstore.com\/fr\/wp-json\/wp\/v2\/tipo-de-juego?post=93744"},{"taxonomy":"product_brand","embeddable":true,"href":"https:\/\/revolutionpadelstore.com\/fr\/wp-json\/wp\/v2\/product_brand?post=93744"},{"taxonomy":"product_cat","embeddable":true,"href":"https:\/\/revolutionpadelstore.com\/fr\/wp-json\/wp\/v2\/product_cat?post=93744"},{"taxonomy":"product_tag","embeddable":true,"href":"https:\/\/revolutionpadelstore.com\/fr\/wp-json\/wp\/v2\/product_tag?post=93744"}],"curies":[{"name":"wp","href":"https:\/\/api.w.org\/{rel}","templated":true}]}}