{"id":93739,"date":"2024-10-12T20:55:15","date_gmt":"2024-10-12T18:55:15","guid":{"rendered":"https:\/\/revolutionpadelstore.com\/starvie-triton-pro-2025\/"},"modified":"2026-04-08T10:27:09","modified_gmt":"2026-04-08T08:27:09","slug":"starvie-triton-pro-2025-3","status":"publish","type":"product","link":"https:\/\/revolutionpadelstore.com\/fr\/produit\/starvie-triton-pro-2025-3\/","title":{"rendered":"STARVIE TRIT\u00d3N PRO 2025"},"content":{"rendered":"<p><strong>StarVie Trit\u00f3n Pro 2025 : puissance et contr\u00f4le au format larme<\/strong><\/p>\n<p>La StarVie Trit\u00f3n Pro 2025 est une raquette de padel haut de gamme, con\u00e7ue avec un moule en forme de larme qui d\u00e9place l&#8217;\u00e9quilibre vers la t\u00eate, ce qui en fait une option id\u00e9ale pour les joueurs cherchant \u00e0 maximiser la puissance dans leur jeu. Ce mod\u00e8le de la ligne premium de StarVie se distingue par son \u00e9l\u00e9gance, avec un design noir qui comprend des d\u00e9tails argent\u00e9s sophistiqu\u00e9s, comme la monture, le logo sur le dessus et l&#8217;embl\u00e9matique logo \u00e9toile au c\u0153ur de la lame. C&#8217;est l&#8217;outil parfait pour ceux qui souhaitent am\u00e9liorer leurs performances sur le terrain.<\/p>\n<p><strong>Destin\u00e9 aux joueurs avanc\u00e9s et polyvalents<\/strong><\/p>\n<p>Cette raquette est particuli\u00e8rement recommand\u00e9e aux joueurs de niveau avanc\u00e9 qui ont une technique raffin\u00e9e et ont besoin d&#8217;un \u00e9quipement qui leur offre un plus dans leurs coups d&#8217;attaque. Le caoutchouc Pro 50 de densit\u00e9 moyenne offre un excellent \u00e9quilibre entre puissance et contr\u00f4le, vous permettant de r\u00e9aliser des frappes pr\u00e9cises et puissantes. Le Trit\u00f3n Pro 2025 est id\u00e9al pour ceux qui cherchent \u00e0 ma\u00eetriser \u00e0 la fois le jeu offensif et le contr\u00f4le, sans compromettre les sensations sur le terrain.<\/p>\n<p><strong>Caract\u00e9ristiques et technologies du StarVie Triton Pro 2025<\/strong><\/p>\n<p style=\"padding-left: 40px\"><strong>-Forme :<\/strong> Teardrop, avec un sweet spot situ\u00e9 en haut, favorisant les frappes puissantes.<\/p>\n<p style=\"padding-left: 40px\"><strong>-Noyau :<\/strong> Caoutchouc EVA Pro 50 de densit\u00e9 moyenne, qui allie efficacement contr\u00f4le et puissance.<\/p>\n<p style=\"padding-left: 40px\"><strong>-Mat\u00e9riaux :<\/strong> Deux couches de carbone 3K sur les faces, offrant une plus grande rigidit\u00e9 et un meilleur contr\u00f4le.<\/p>\n<p style=\"padding-left: 40px\"><strong>-Plane Roughness :<\/strong> Technologie Full Plane Effect, qui am\u00e9liore la pr\u00e9cision lors de l&#8217;application d&#8217;effets \u00e0 la balle.<\/p>\n<p style=\"padding-left: 40px\"><strong>-Grip am\u00e9lior\u00e9 :<\/strong> Poign\u00e9e plus longue, avec 1 cm suppl\u00e9mentaire sur la poign\u00e9e pour une meilleure adh\u00e9rence, notamment sur les tirs du revers.<\/p>\n<p style=\"padding-left: 40px\"><strong>-Absorption des vibrations :<\/strong> Technologie Noene Inside, qui absorbe jusqu&#8217;\u00e0 96 % des vibrations, prot\u00e9geant les articulations du joueur.<\/p>\n<p style=\"padding-left: 40px\"><strong>-Fabrication :<\/strong> 100% fait main en Espagne, garantissant qualit\u00e9 et souci du d\u00e9tail.<\/p>\n<p style=\"padding-left: 40px\"><strong>-Esth\u00e9tique :<\/strong> Design \u00e9l\u00e9gant en noir avec des d\u00e9tails argent\u00e9s qui am\u00e9liorent son attrait visuel.<\/p>\n<p>En conclusion, la StarVie Trit\u00f3n Pro 2025 est le choix parfait pour les joueurs exigeants \u00e0 la recherche d&#8217;une raquette alliant puissance, pr\u00e9cision et confort. Avec sa technologie avanc\u00e9e et son design sophistiqu\u00e9, cette raquette vous permettra de r\u00e9aliser un jeu plus agressif et efficace.<strong>StarVie Trit\u00f3n Pro 2025: Potencia y Control en Formato L\u00e1grima<\/strong><\/p>\n","protected":false},"excerpt":{"rendered":"<p>La StarVie Trit\u00f3n Pro 2025 est une raquette premium pour les joueurs avanc\u00e9s \u00e0 la recherche de puissance et de contr\u00f4le, avec la technologie carbone 3K et le caoutchouc Pro 50 EVA.<\/p>\n","protected":false},"featured_media":93673,"comment_status":"open","ping_status":"closed","template":"","meta":{"_acf_changed":false,"_joinchat":[]},"acabado":[],"balance":[1137],"dureza":[1157],"forma":[1187],"jugador":[1192,1202],"marca":[1292],"nivel-de-juego":[1337],"superficie":[1362],"tipo-de-juego":[1387],"product_brand":[],"product_cat":[302],"product_tag":[],"class_list":{"0":"post-93739","1":"product","2":"type-product","3":"status-publish","4":"has-post-thumbnail","6":"balance-eleve","7":"dureza-media-fr","8":"forma-lagrima-fr","9":"jugador-homme","10":"jugador-polivalente-fr","11":"marca-starvie-fr","12":"superficie-rugosa-fr","13":"tipo-de-juego-polivalente-fr","14":"product_cat-palas-de-padel-fr","16":"first","17":"instock","18":"sale","19":"taxable","20":"shipping-taxable","21":"purchasable","22":"product-type-simple"},"acf":[],"yoast_head":"<!-- This site is optimized with the Yoast SEO plugin v27.4 - https:\/\/yoast.com\/product\/yoast-seo-wordpress\/ -->\n<title>STARVIE TRIT\u00d3N PRO 2025 - Revolution Padel Store<\/title>\n<meta name=\"description\" content=\"La StarVie Trit\u00f3n Pro 2025 es una pala de p\u00e1del de alta gama, dise\u00f1ada con un molde en forma de l\u00e1grima que desplaza el balance hacia la cabeza, lo que la convierte en una pala enfocada en la potencia. Este modelo, de la l\u00ednea premium de StarVie, destaca por su elegancia con un dise\u00f1o en negro y detalles en plata que incluyen el marco, el logo en el plano y el logo de la estrella en el coraz\u00f3n de la pala. Es una herramienta ideal para los jugadores que buscan dar un salto en su juego con una pala que ofrece tanto potencia como control.\" \/>\n<meta name=\"robots\" content=\"index, follow, max-snippet:-1, max-image-preview:large, max-video-preview:-1\" \/>\n<link rel=\"canonical\" href=\"https:\/\/revolutionpadelstore.com\/fr\/produit\/starvie-triton-pro-2025-3\/\" \/>\n<meta property=\"og:locale\" content=\"fr_FR\" \/>\n<meta property=\"og:type\" content=\"article\" \/>\n<meta property=\"og:title\" content=\"STARVIE TRIT\u00d3N PRO 2025 - Revolution Padel Store\" \/>\n<meta property=\"og:description\" content=\"La StarVie Trit\u00f3n Pro 2025 es una pala de p\u00e1del de alta gama, dise\u00f1ada con un molde en forma de l\u00e1grima que desplaza el balance hacia la cabeza, lo que la convierte en una pala enfocada en la potencia. Este modelo, de la l\u00ednea premium de StarVie, destaca por su elegancia con un dise\u00f1o en negro y detalles en plata que incluyen el marco, el logo en el plano y el logo de la estrella en el coraz\u00f3n de la pala. Es una herramienta ideal para los jugadores que buscan dar un salto en su juego con una pala que ofrece tanto potencia como control.\" \/>\n<meta property=\"og:url\" content=\"https:\/\/revolutionpadelstore.com\/fr\/produit\/starvie-triton-pro-2025-3\/\" \/>\n<meta property=\"og:site_name\" content=\"Revolution Padel Store\" \/>\n<meta property=\"article:modified_time\" content=\"2026-04-08T08:27:09+00:00\" \/>\n<meta property=\"og:image\" content=\"https:\/\/revolutionpadelstore.com\/wp-content\/uploads\/2024\/10\/pala-starvie-triton-pro-touch-2025-1-800x800-1.jpg\" \/>\n\t<meta property=\"og:image:width\" content=\"800\" \/>\n\t<meta property=\"og:image:height\" content=\"800\" \/>\n\t<meta property=\"og:image:type\" content=\"image\/jpeg\" \/>\n<meta name=\"twitter:card\" content=\"summary_large_image\" \/>\n<meta name=\"twitter:label1\" content=\"Dur\u00e9e de lecture estim\u00e9e\" \/>\n\t<meta name=\"twitter:data1\" content=\"2 minutes\" \/>\n<script type=\"application\/ld+json\" class=\"yoast-schema-graph\">{\"@context\":\"https:\\\/\\\/schema.org\",\"@graph\":[{\"@type\":\"WebPage\",\"@id\":\"https:\\\/\\\/revolutionpadelstore.com\\\/fr\\\/produit\\\/starvie-triton-pro-2025-3\\\/\",\"url\":\"https:\\\/\\\/revolutionpadelstore.com\\\/fr\\\/produit\\\/starvie-triton-pro-2025-3\\\/\",\"name\":\"STARVIE TRIT\u00d3N PRO 2025 - Revolution Padel Store\",\"isPartOf\":{\"@id\":\"https:\\\/\\\/revolutionpadelstore.com\\\/fr\\\/#website\"},\"primaryImageOfPage\":{\"@id\":\"https:\\\/\\\/revolutionpadelstore.com\\\/fr\\\/produit\\\/starvie-triton-pro-2025-3\\\/#primaryimage\"},\"image\":{\"@id\":\"https:\\\/\\\/revolutionpadelstore.com\\\/fr\\\/produit\\\/starvie-triton-pro-2025-3\\\/#primaryimage\"},\"thumbnailUrl\":\"https:\\\/\\\/revolutionpadelstore.com\\\/wp-content\\\/uploads\\\/2024\\\/10\\\/pala-starvie-triton-pro-touch-2025-1-800x800-1.jpg\",\"datePublished\":\"2024-10-12T18:55:15+00:00\",\"dateModified\":\"2026-04-08T08:27:09+00:00\",\"description\":\"La StarVie Trit\u00f3n Pro 2025 es una pala de p\u00e1del de alta gama, dise\u00f1ada con un molde en forma de l\u00e1grima que desplaza el balance hacia la cabeza, lo que la convierte en una pala enfocada en la potencia. Este modelo, de la l\u00ednea premium de StarVie, destaca por su elegancia con un dise\u00f1o en negro y detalles en plata que incluyen el marco, el logo en el plano y el logo de la estrella en el coraz\u00f3n de la pala. Es una herramienta ideal para los jugadores que buscan dar un salto en su juego con una pala que ofrece tanto potencia como control.\",\"breadcrumb\":{\"@id\":\"https:\\\/\\\/revolutionpadelstore.com\\\/fr\\\/produit\\\/starvie-triton-pro-2025-3\\\/#breadcrumb\"},\"inLanguage\":\"fr-FR\",\"potentialAction\":[{\"@type\":\"ReadAction\",\"target\":[\"https:\\\/\\\/revolutionpadelstore.com\\\/fr\\\/produit\\\/starvie-triton-pro-2025-3\\\/\"]}]},{\"@type\":\"ImageObject\",\"inLanguage\":\"fr-FR\",\"@id\":\"https:\\\/\\\/revolutionpadelstore.com\\\/fr\\\/produit\\\/starvie-triton-pro-2025-3\\\/#primaryimage\",\"url\":\"https:\\\/\\\/revolutionpadelstore.com\\\/wp-content\\\/uploads\\\/2024\\\/10\\\/pala-starvie-triton-pro-touch-2025-1-800x800-1.jpg\",\"contentUrl\":\"https:\\\/\\\/revolutionpadelstore.com\\\/wp-content\\\/uploads\\\/2024\\\/10\\\/pala-starvie-triton-pro-touch-2025-1-800x800-1.jpg\",\"width\":800,\"height\":800},{\"@type\":\"BreadcrumbList\",\"@id\":\"https:\\\/\\\/revolutionpadelstore.com\\\/fr\\\/produit\\\/starvie-triton-pro-2025-3\\\/#breadcrumb\",\"itemListElement\":[{\"@type\":\"ListItem\",\"position\":1,\"name\":\"Portada\",\"item\":\"https:\\\/\\\/revolutionpadelstore.com\\\/fr\\\/\"},{\"@type\":\"ListItem\",\"position\":2,\"name\":\"Boutique\",\"item\":\"https:\\\/\\\/revolutionpadelstore.com\\\/fr\\\/tienda\\\/\"},{\"@type\":\"ListItem\",\"position\":3,\"name\":\"STARVIE TRIT\u00d3N PRO 2025\"}]},{\"@type\":\"WebSite\",\"@id\":\"https:\\\/\\\/revolutionpadelstore.com\\\/fr\\\/#website\",\"url\":\"https:\\\/\\\/revolutionpadelstore.com\\\/fr\\\/\",\"name\":\"Revolution Padel Store\",\"description\":\"\",\"publisher\":{\"@id\":\"https:\\\/\\\/revolutionpadelstore.com\\\/fr\\\/#organization\"},\"potentialAction\":[{\"@type\":\"SearchAction\",\"target\":{\"@type\":\"EntryPoint\",\"urlTemplate\":\"https:\\\/\\\/revolutionpadelstore.com\\\/fr\\\/?s={search_term_string}\"},\"query-input\":{\"@type\":\"PropertyValueSpecification\",\"valueRequired\":true,\"valueName\":\"search_term_string\"}}],\"inLanguage\":\"fr-FR\"},{\"@type\":\"Organization\",\"@id\":\"https:\\\/\\\/revolutionpadelstore.com\\\/fr\\\/#organization\",\"name\":\"Revolution Padel Store\",\"url\":\"https:\\\/\\\/revolutionpadelstore.com\\\/fr\\\/\",\"logo\":{\"@type\":\"ImageObject\",\"inLanguage\":\"fr-FR\",\"@id\":\"https:\\\/\\\/revolutionpadelstore.com\\\/fr\\\/#\\\/schema\\\/logo\\\/image\\\/\",\"url\":\"https:\\\/\\\/revolutionpadelstore.com\\\/wp-content\\\/uploads\\\/2026\\\/02\\\/revolution-padel-store.jpg\",\"contentUrl\":\"https:\\\/\\\/revolutionpadelstore.com\\\/wp-content\\\/uploads\\\/2026\\\/02\\\/revolution-padel-store.jpg\",\"width\":2000,\"height\":2000,\"caption\":\"Revolution Padel Store\"},\"image\":{\"@id\":\"https:\\\/\\\/revolutionpadelstore.com\\\/fr\\\/#\\\/schema\\\/logo\\\/image\\\/\"},\"sameAs\":[\"https:\\\/\\\/www.instagram.com\\\/revolutionpadelstore\\\/\"]}]}<\/script>\n<!-- \/ Yoast SEO plugin. -->","yoast_head_json":{"title":"STARVIE TRIT\u00d3N PRO 2025 - Revolution Padel Store","description":"La StarVie Trit\u00f3n Pro 2025 es una pala de p\u00e1del de alta gama, dise\u00f1ada con un molde en forma de l\u00e1grima que desplaza el balance hacia la cabeza, lo que la convierte en una pala enfocada en la potencia. Este modelo, de la l\u00ednea premium de StarVie, destaca por su elegancia con un dise\u00f1o en negro y detalles en plata que incluyen el marco, el logo en el plano y el logo de la estrella en el coraz\u00f3n de la pala. Es una herramienta ideal para los jugadores que buscan dar un salto en su juego con una pala que ofrece tanto potencia como control.","robots":{"index":"index","follow":"follow","max-snippet":"max-snippet:-1","max-image-preview":"max-image-preview:large","max-video-preview":"max-video-preview:-1"},"canonical":"https:\/\/revolutionpadelstore.com\/fr\/produit\/starvie-triton-pro-2025-3\/","og_locale":"fr_FR","og_type":"article","og_title":"STARVIE TRIT\u00d3N PRO 2025 - Revolution Padel Store","og_description":"La StarVie Trit\u00f3n Pro 2025 es una pala de p\u00e1del de alta gama, dise\u00f1ada con un molde en forma de l\u00e1grima que desplaza el balance hacia la cabeza, lo que la convierte en una pala enfocada en la potencia. Este modelo, de la l\u00ednea premium de StarVie, destaca por su elegancia con un dise\u00f1o en negro y detalles en plata que incluyen el marco, el logo en el plano y el logo de la estrella en el coraz\u00f3n de la pala. Es una herramienta ideal para los jugadores que buscan dar un salto en su juego con una pala que ofrece tanto potencia como control.","og_url":"https:\/\/revolutionpadelstore.com\/fr\/produit\/starvie-triton-pro-2025-3\/","og_site_name":"Revolution Padel Store","article_modified_time":"2026-04-08T08:27:09+00:00","og_image":[{"width":800,"height":800,"url":"https:\/\/revolutionpadelstore.com\/wp-content\/uploads\/2024\/10\/pala-starvie-triton-pro-touch-2025-1-800x800-1.jpg","type":"image\/jpeg"}],"twitter_card":"summary_large_image","twitter_misc":{"Dur\u00e9e de lecture estim\u00e9e":"2 minutes"},"schema":{"@context":"https:\/\/schema.org","@graph":[{"@type":"WebPage","@id":"https:\/\/revolutionpadelstore.com\/fr\/produit\/starvie-triton-pro-2025-3\/","url":"https:\/\/revolutionpadelstore.com\/fr\/produit\/starvie-triton-pro-2025-3\/","name":"STARVIE TRIT\u00d3N PRO 2025 - Revolution Padel Store","isPartOf":{"@id":"https:\/\/revolutionpadelstore.com\/fr\/#website"},"primaryImageOfPage":{"@id":"https:\/\/revolutionpadelstore.com\/fr\/produit\/starvie-triton-pro-2025-3\/#primaryimage"},"image":{"@id":"https:\/\/revolutionpadelstore.com\/fr\/produit\/starvie-triton-pro-2025-3\/#primaryimage"},"thumbnailUrl":"https:\/\/revolutionpadelstore.com\/wp-content\/uploads\/2024\/10\/pala-starvie-triton-pro-touch-2025-1-800x800-1.jpg","datePublished":"2024-10-12T18:55:15+00:00","dateModified":"2026-04-08T08:27:09+00:00","description":"La StarVie Trit\u00f3n Pro 2025 es una pala de p\u00e1del de alta gama, dise\u00f1ada con un molde en forma de l\u00e1grima que desplaza el balance hacia la cabeza, lo que la convierte en una pala enfocada en la potencia. Este modelo, de la l\u00ednea premium de StarVie, destaca por su elegancia con un dise\u00f1o en negro y detalles en plata que incluyen el marco, el logo en el plano y el logo de la estrella en el coraz\u00f3n de la pala. Es una herramienta ideal para los jugadores que buscan dar un salto en su juego con una pala que ofrece tanto potencia como control.","breadcrumb":{"@id":"https:\/\/revolutionpadelstore.com\/fr\/produit\/starvie-triton-pro-2025-3\/#breadcrumb"},"inLanguage":"fr-FR","potentialAction":[{"@type":"ReadAction","target":["https:\/\/revolutionpadelstore.com\/fr\/produit\/starvie-triton-pro-2025-3\/"]}]},{"@type":"ImageObject","inLanguage":"fr-FR","@id":"https:\/\/revolutionpadelstore.com\/fr\/produit\/starvie-triton-pro-2025-3\/#primaryimage","url":"https:\/\/revolutionpadelstore.com\/wp-content\/uploads\/2024\/10\/pala-starvie-triton-pro-touch-2025-1-800x800-1.jpg","contentUrl":"https:\/\/revolutionpadelstore.com\/wp-content\/uploads\/2024\/10\/pala-starvie-triton-pro-touch-2025-1-800x800-1.jpg","width":800,"height":800},{"@type":"BreadcrumbList","@id":"https:\/\/revolutionpadelstore.com\/fr\/produit\/starvie-triton-pro-2025-3\/#breadcrumb","itemListElement":[{"@type":"ListItem","position":1,"name":"Portada","item":"https:\/\/revolutionpadelstore.com\/fr\/"},{"@type":"ListItem","position":2,"name":"Boutique","item":"https:\/\/revolutionpadelstore.com\/fr\/tienda\/"},{"@type":"ListItem","position":3,"name":"STARVIE TRIT\u00d3N PRO 2025"}]},{"@type":"WebSite","@id":"https:\/\/revolutionpadelstore.com\/fr\/#website","url":"https:\/\/revolutionpadelstore.com\/fr\/","name":"Revolution Padel Store","description":"","publisher":{"@id":"https:\/\/revolutionpadelstore.com\/fr\/#organization"},"potentialAction":[{"@type":"SearchAction","target":{"@type":"EntryPoint","urlTemplate":"https:\/\/revolutionpadelstore.com\/fr\/?s={search_term_string}"},"query-input":{"@type":"PropertyValueSpecification","valueRequired":true,"valueName":"search_term_string"}}],"inLanguage":"fr-FR"},{"@type":"Organization","@id":"https:\/\/revolutionpadelstore.com\/fr\/#organization","name":"Revolution Padel Store","url":"https:\/\/revolutionpadelstore.com\/fr\/","logo":{"@type":"ImageObject","inLanguage":"fr-FR","@id":"https:\/\/revolutionpadelstore.com\/fr\/#\/schema\/logo\/image\/","url":"https:\/\/revolutionpadelstore.com\/wp-content\/uploads\/2026\/02\/revolution-padel-store.jpg","contentUrl":"https:\/\/revolutionpadelstore.com\/wp-content\/uploads\/2026\/02\/revolution-padel-store.jpg","width":2000,"height":2000,"caption":"Revolution Padel Store"},"image":{"@id":"https:\/\/revolutionpadelstore.com\/fr\/#\/schema\/logo\/image\/"},"sameAs":["https:\/\/www.instagram.com\/revolutionpadelstore\/"]}]}},"_links":{"self":[{"href":"https:\/\/revolutionpadelstore.com\/fr\/wp-json\/wp\/v2\/product\/93739","targetHints":{"allow":["GET"]}}],"collection":[{"href":"https:\/\/revolutionpadelstore.com\/fr\/wp-json\/wp\/v2\/product"}],"about":[{"href":"https:\/\/revolutionpadelstore.com\/fr\/wp-json\/wp\/v2\/types\/product"}],"replies":[{"embeddable":true,"href":"https:\/\/revolutionpadelstore.com\/fr\/wp-json\/wp\/v2\/comments?post=93739"}],"wp:featuredmedia":[{"embeddable":true,"href":"https:\/\/revolutionpadelstore.com\/fr\/wp-json\/wp\/v2\/media\/93673"}],"wp:attachment":[{"href":"https:\/\/revolutionpadelstore.com\/fr\/wp-json\/wp\/v2\/media?parent=93739"}],"wp:term":[{"taxonomy":"acabado","embeddable":true,"href":"https:\/\/revolutionpadelstore.com\/fr\/wp-json\/wp\/v2\/acabado?post=93739"},{"taxonomy":"balance","embeddable":true,"href":"https:\/\/revolutionpadelstore.com\/fr\/wp-json\/wp\/v2\/balance?post=93739"},{"taxonomy":"dureza","embeddable":true,"href":"https:\/\/revolutionpadelstore.com\/fr\/wp-json\/wp\/v2\/dureza?post=93739"},{"taxonomy":"forma","embeddable":true,"href":"https:\/\/revolutionpadelstore.com\/fr\/wp-json\/wp\/v2\/forma?post=93739"},{"taxonomy":"jugador","embeddable":true,"href":"https:\/\/revolutionpadelstore.com\/fr\/wp-json\/wp\/v2\/jugador?post=93739"},{"taxonomy":"marca","embeddable":true,"href":"https:\/\/revolutionpadelstore.com\/fr\/wp-json\/wp\/v2\/marca?post=93739"},{"taxonomy":"nivel-de-juego","embeddable":true,"href":"https:\/\/revolutionpadelstore.com\/fr\/wp-json\/wp\/v2\/nivel-de-juego?post=93739"},{"taxonomy":"superficie","embeddable":true,"href":"https:\/\/revolutionpadelstore.com\/fr\/wp-json\/wp\/v2\/superficie?post=93739"},{"taxonomy":"tipo-de-juego","embeddable":true,"href":"https:\/\/revolutionpadelstore.com\/fr\/wp-json\/wp\/v2\/tipo-de-juego?post=93739"},{"taxonomy":"product_brand","embeddable":true,"href":"https:\/\/revolutionpadelstore.com\/fr\/wp-json\/wp\/v2\/product_brand?post=93739"},{"taxonomy":"product_cat","embeddable":true,"href":"https:\/\/revolutionpadelstore.com\/fr\/wp-json\/wp\/v2\/product_cat?post=93739"},{"taxonomy":"product_tag","embeddable":true,"href":"https:\/\/revolutionpadelstore.com\/fr\/wp-json\/wp\/v2\/product_tag?post=93739"}],"curies":[{"name":"wp","href":"https:\/\/api.w.org\/{rel}","templated":true}]}}