{"id":72946,"date":"2024-07-23T09:04:22","date_gmt":"2024-07-23T07:04:22","guid":{"rendered":"https:\/\/revolutionpadelstore.com\/bullpadel-pearl\/"},"modified":"2026-04-08T11:13:35","modified_gmt":"2026-04-08T09:13:35","slug":"bullpadel-pearl-3","status":"publish","type":"product","link":"https:\/\/revolutionpadelstore.com\/fr\/produit\/bullpadel-pearl-3\/","title":{"rendered":"BULLPADEL PEARL"},"content":{"rendered":"<h2>Bullpadel Pearl Bea Gonz\u00e1lez 2024, raquette diamant<\/h2>\n<p>La Bullpadel Pearl Bea Gonz\u00e1lez 2024 est la raquette officielle de la talentueuse joueuse Bea Gonz\u00e1lez, con\u00e7ue sp\u00e9cifiquement pour la collection Bullpadel 2024. Cette raquette se distingue par son \u00e9quilibre parfait entre puissance et contr\u00f4le, offrant des performances exceptionnelles pour les joueurs les plus exigeants. Avec un design innovant et des technologies de pointe, il devient une option id\u00e9ale pour ceux qui cherchent \u00e0 se d\u00e9marquer sur le terrain \u00e0 chaque coup.<\/p>\n<h2>Ligne professionnelle Bullpadel Pearl Bea Gonz\u00e1lez 2024<\/h2>\n<p>Indiqu\u00e9 pour les joueurs avanc\u00e9s ou professionnels, le Bullpadel Pearl Woman est parfait pour ceux qui souhaitent faire passer leur jeu au niveau sup\u00e9rieur. Sa structure et ses mat\u00e9riaux sont con\u00e7us pour maximiser les performances dans toutes les situations de jeu, permettant une plus grande pr\u00e9cision et puissance dans les tirs. Son \u00e9quilibre \u00e9lev\u00e9 et sa forme en diamant la rendent id\u00e9ale pour les joueurs qui pr\u00e9f\u00e8rent une raquette avec plus de punch et de sortie de balle, sans sacrifier le contr\u00f4le n\u00e9cessaire aux moments les plus techniques du jeu.<\/p>\n<h2>Caract\u00e9ristiques et technologies du Bullpadel Pearl Bea Gonz\u00e1lez 2024<\/h2>\n<p>Carbontube : <strong>Cadre 100% carbone<\/strong> \u00e0 verrouillage bidirectionnel qui offre une r\u00e9ponse m\u00e9canique maximale.<\/p>\n<p><strong>Fibrix Faces<\/strong> : <strong>compos\u00e9 hybride entre X-Glass et carbone<\/strong>, fusionn\u00e9 avec une r\u00e9sine \u00e9lastique pour une plus grande flexibilit\u00e9 et \u00e9lasticit\u00e9.<\/p>\n<p><strong>MultiEVA Core<\/strong> : 2 <strong>densit\u00e9s diff\u00e9rentes d&#8217;EVA<\/strong>, la plus compacte \u00e0 l&#8217;ext\u00e9rieur pour la puissance et la plus douce \u00e0 l&#8217;int\u00e9rieur pour le contr\u00f4le.<\/p>\n<p>Poids : <strong>355-365 grammes<\/strong>, id\u00e9al pour une manipulation \u00e9quilibr\u00e9e.<\/p>\n<p><strong>Pearl Heart<\/strong> : g\u00e9om\u00e9trie triangulaire invers\u00e9e pour une plus grande stabilit\u00e9.<\/p>\n<p>Technologie 3DGrain :<strong>Finition polygonale \u00e0 la surface<\/strong>des faces pour un \u00e9quilibre parfait entre effets et contr\u00f4le.<\/p>\n<p><em>Protector<\/em> SYS : <strong>plaques adh\u00e9sives en aluminium qui permettent de modifier l&#8217;\u00e9quilibre et le poids<\/strong> de la raquette.<\/p>\n<p>Technologie <em>Vibradrive<\/em> : syst\u00e8me de poing avec caoutchouc haute densit\u00e9 qui absorbe la plupart des vibrations.<\/p>\n<p>Technologie <em>Air React Channel<\/em> : <strong>structure creuse qui assure la stabilit\u00e9 du cadre<\/strong> pour un plus grand rendement et une plus grande pr\u00e9cision des coups.<\/p>\n<h3>Bullpadel Pearl Bea Gonz\u00e1lez 2024 disponible chez REVOLUTION PADEL STORE<\/h3>\n<p>Si vous recherchez une raquette qui vous permet de dominer chaque match, la Bullpadel Pearl Bea Gonz\u00e1lez 2024 est l&#8217;option parfaite. Avec son design innovant et les meilleures technologies du march\u00e9, cette raquette vous offre des performances in\u00e9gal\u00e9es. Ne manquez pas l&#8217;opportunit\u00e9 d&#8217;am\u00e9liorer votre jeu avec un outil qui s&#8217;adapte \u00e0 vos besoins et vous permet de tirer le meilleur de vous-m\u00eame \u00e0 chaque coup. Procurez-vous le Bullpadel Pearl de Bea Gonz\u00e1lez et d\u00e9couvrez la diff\u00e9rence sur le terrain !<\/p>\n<h2>Bullpadel Pearl Bea Gonz\u00e1lez 2024, pala de p\u00e1del diamante<\/h2>\n","protected":false},"excerpt":{"rendered":"<p>La nouvelle raquette de notre toute nouvelle signature <strong>Bea Gonz\u00e1lez<\/strong> se distingue avant tout par sa technologie TRINAMIC : le c\u0153ur de perle, \u00e0 g\u00e9om\u00e9trie triangulaire invers\u00e9e, pr\u00e9sente diff\u00e9rentes entr\u00e9es et sorties en diagonale, g\u00e9n\u00e9rant des volumes triangulaires. <\/p>\n","protected":false},"featured_media":99934,"comment_status":"open","ping_status":"closed","template":"","meta":{"_acf_changed":false,"_joinchat":[]},"acabado":[1092],"balance":[1137],"dureza":[1157],"forma":[1172],"jugador":[1197],"marca":[1257],"nivel-de-juego":[1337,1347],"superficie":[1362],"tipo-de-juego":[1387],"product_brand":[],"product_cat":[302],"product_tag":[],"class_list":{"0":"post-72946","1":"product","2":"type-product","3":"status-publish","4":"has-post-thumbnail","6":"acabado-soulager-la-3d","7":"balance-eleve","8":"dureza-media-fr","9":"forma-diamant","10":"jugador-mujer-fr","11":"marca-bullpadel-fr","12":"superficie-rugosa-fr","13":"tipo-de-juego-polivalente-fr","14":"product_cat-palas-de-padel-fr","16":"first","17":"instock","18":"sale","19":"taxable","20":"shipping-taxable","21":"purchasable","22":"product-type-simple"},"acf":[],"yoast_head":"<!-- This site is optimized with the Yoast SEO plugin v27.4 - https:\/\/yoast.com\/product\/yoast-seo-wordpress\/ -->\n<title>BULLPADEL PEARL - Revolution Padel Store<\/title>\n<meta name=\"description\" content=\"La nueva pala de nuestro flamante \u00faltimo fichaje\u00a0Bea Gonz\u00e1lez, destaca sobre todo por la tecnolog\u00eda TRINAMIC: El coraz\u00f3n pearl, con geometr\u00eda triangular invertida, presenta diferentes entradas y salidas en diagonal, generando vol\u00famenes triangulares.\" \/>\n<meta name=\"robots\" content=\"index, follow, max-snippet:-1, max-image-preview:large, max-video-preview:-1\" \/>\n<link rel=\"canonical\" href=\"https:\/\/revolutionpadelstore.com\/fr\/produit\/bullpadel-pearl-3\/\" \/>\n<meta property=\"og:locale\" content=\"fr_FR\" \/>\n<meta property=\"og:type\" content=\"article\" \/>\n<meta property=\"og:title\" content=\"COMPRAR BULLPADEL PEARL\" \/>\n<meta property=\"og:description\" content=\"La nueva pala de nuestro flamante \u00faltimo fichaje\u00a0Bea Gonz\u00e1lez, destaca sobre todo por la tecnolog\u00eda TRINAMIC: El coraz\u00f3n pearl, con geometr\u00eda triangular invertida, presenta diferentes entradas y salidas en diagonal, generando vol\u00famenes triangulares.\" \/>\n<meta property=\"og:url\" content=\"https:\/\/revolutionpadelstore.com\/fr\/produit\/bullpadel-pearl-3\/\" \/>\n<meta property=\"og:site_name\" content=\"Revolution Padel Store\" \/>\n<meta property=\"article:modified_time\" content=\"2026-04-08T09:13:35+00:00\" \/>\n<meta property=\"og:image\" content=\"https:\/\/revolutionpadelstore.com\/wp-content\/uploads\/2024\/07\/pala-bullpadel-pearl.jpg\" \/>\n\t<meta property=\"og:image:width\" content=\"1000\" \/>\n\t<meta property=\"og:image:height\" content=\"1188\" \/>\n\t<meta property=\"og:image:type\" content=\"image\/jpeg\" \/>\n<meta name=\"twitter:card\" content=\"summary_large_image\" \/>\n<meta name=\"twitter:label1\" content=\"Dur\u00e9e de lecture estim\u00e9e\" \/>\n\t<meta name=\"twitter:data1\" content=\"3 minutes\" \/>\n<script type=\"application\/ld+json\" class=\"yoast-schema-graph\">{\"@context\":\"https:\\\/\\\/schema.org\",\"@graph\":[{\"@type\":\"WebPage\",\"@id\":\"https:\\\/\\\/revolutionpadelstore.com\\\/fr\\\/produit\\\/bullpadel-pearl-3\\\/\",\"url\":\"https:\\\/\\\/revolutionpadelstore.com\\\/fr\\\/produit\\\/bullpadel-pearl-3\\\/\",\"name\":\"BULLPADEL PEARL - Revolution Padel Store\",\"isPartOf\":{\"@id\":\"https:\\\/\\\/revolutionpadelstore.com\\\/fr\\\/#website\"},\"primaryImageOfPage\":{\"@id\":\"https:\\\/\\\/revolutionpadelstore.com\\\/fr\\\/produit\\\/bullpadel-pearl-3\\\/#primaryimage\"},\"image\":{\"@id\":\"https:\\\/\\\/revolutionpadelstore.com\\\/fr\\\/produit\\\/bullpadel-pearl-3\\\/#primaryimage\"},\"thumbnailUrl\":\"https:\\\/\\\/revolutionpadelstore.com\\\/wp-content\\\/uploads\\\/2024\\\/09\\\/112922_pala_bullpadel_pearl_bea_gonzalez_473782_mujer_1500x1500_vista1_f424.webp\",\"datePublished\":\"2024-07-23T07:04:22+00:00\",\"dateModified\":\"2026-04-08T09:13:35+00:00\",\"description\":\"La nueva pala de nuestro flamante \u00faltimo fichaje\u00a0Bea Gonz\u00e1lez, destaca sobre todo por la tecnolog\u00eda TRINAMIC: El coraz\u00f3n pearl, con geometr\u00eda triangular invertida, presenta diferentes entradas y salidas en diagonal, generando vol\u00famenes triangulares.\",\"breadcrumb\":{\"@id\":\"https:\\\/\\\/revolutionpadelstore.com\\\/fr\\\/produit\\\/bullpadel-pearl-3\\\/#breadcrumb\"},\"inLanguage\":\"fr-FR\",\"potentialAction\":[{\"@type\":\"ReadAction\",\"target\":[\"https:\\\/\\\/revolutionpadelstore.com\\\/fr\\\/produit\\\/bullpadel-pearl-3\\\/\"]}]},{\"@type\":\"ImageObject\",\"inLanguage\":\"fr-FR\",\"@id\":\"https:\\\/\\\/revolutionpadelstore.com\\\/fr\\\/produit\\\/bullpadel-pearl-3\\\/#primaryimage\",\"url\":\"https:\\\/\\\/revolutionpadelstore.com\\\/wp-content\\\/uploads\\\/2024\\\/09\\\/112922_pala_bullpadel_pearl_bea_gonzalez_473782_mujer_1500x1500_vista1_f424.webp\",\"contentUrl\":\"https:\\\/\\\/revolutionpadelstore.com\\\/wp-content\\\/uploads\\\/2024\\\/09\\\/112922_pala_bullpadel_pearl_bea_gonzalez_473782_mujer_1500x1500_vista1_f424.webp\",\"width\":1500,\"height\":1500},{\"@type\":\"BreadcrumbList\",\"@id\":\"https:\\\/\\\/revolutionpadelstore.com\\\/fr\\\/produit\\\/bullpadel-pearl-3\\\/#breadcrumb\",\"itemListElement\":[{\"@type\":\"ListItem\",\"position\":1,\"name\":\"Portada\",\"item\":\"https:\\\/\\\/revolutionpadelstore.com\\\/fr\\\/\"},{\"@type\":\"ListItem\",\"position\":2,\"name\":\"Boutique\",\"item\":\"https:\\\/\\\/revolutionpadelstore.com\\\/fr\\\/tienda\\\/\"},{\"@type\":\"ListItem\",\"position\":3,\"name\":\"BULLPADEL PEARL\"}]},{\"@type\":\"WebSite\",\"@id\":\"https:\\\/\\\/revolutionpadelstore.com\\\/fr\\\/#website\",\"url\":\"https:\\\/\\\/revolutionpadelstore.com\\\/fr\\\/\",\"name\":\"Revolution Padel Store\",\"description\":\"\",\"publisher\":{\"@id\":\"https:\\\/\\\/revolutionpadelstore.com\\\/fr\\\/#organization\"},\"potentialAction\":[{\"@type\":\"SearchAction\",\"target\":{\"@type\":\"EntryPoint\",\"urlTemplate\":\"https:\\\/\\\/revolutionpadelstore.com\\\/fr\\\/?s={search_term_string}\"},\"query-input\":{\"@type\":\"PropertyValueSpecification\",\"valueRequired\":true,\"valueName\":\"search_term_string\"}}],\"inLanguage\":\"fr-FR\"},{\"@type\":\"Organization\",\"@id\":\"https:\\\/\\\/revolutionpadelstore.com\\\/fr\\\/#organization\",\"name\":\"Revolution Padel Store\",\"url\":\"https:\\\/\\\/revolutionpadelstore.com\\\/fr\\\/\",\"logo\":{\"@type\":\"ImageObject\",\"inLanguage\":\"fr-FR\",\"@id\":\"https:\\\/\\\/revolutionpadelstore.com\\\/fr\\\/#\\\/schema\\\/logo\\\/image\\\/\",\"url\":\"https:\\\/\\\/revolutionpadelstore.com\\\/wp-content\\\/uploads\\\/2026\\\/02\\\/revolution-padel-store.jpg\",\"contentUrl\":\"https:\\\/\\\/revolutionpadelstore.com\\\/wp-content\\\/uploads\\\/2026\\\/02\\\/revolution-padel-store.jpg\",\"width\":2000,\"height\":2000,\"caption\":\"Revolution Padel Store\"},\"image\":{\"@id\":\"https:\\\/\\\/revolutionpadelstore.com\\\/fr\\\/#\\\/schema\\\/logo\\\/image\\\/\"},\"sameAs\":[\"https:\\\/\\\/www.instagram.com\\\/revolutionpadelstore\\\/\"]}]}<\/script>\n<!-- \/ Yoast SEO plugin. -->","yoast_head_json":{"title":"BULLPADEL PEARL - Revolution Padel Store","description":"La nueva pala de nuestro flamante \u00faltimo fichaje\u00a0Bea Gonz\u00e1lez, destaca sobre todo por la tecnolog\u00eda TRINAMIC: El coraz\u00f3n pearl, con geometr\u00eda triangular invertida, presenta diferentes entradas y salidas en diagonal, generando vol\u00famenes triangulares.","robots":{"index":"index","follow":"follow","max-snippet":"max-snippet:-1","max-image-preview":"max-image-preview:large","max-video-preview":"max-video-preview:-1"},"canonical":"https:\/\/revolutionpadelstore.com\/fr\/produit\/bullpadel-pearl-3\/","og_locale":"fr_FR","og_type":"article","og_title":"COMPRAR BULLPADEL PEARL","og_description":"La nueva pala de nuestro flamante \u00faltimo fichaje\u00a0Bea Gonz\u00e1lez, destaca sobre todo por la tecnolog\u00eda TRINAMIC: El coraz\u00f3n pearl, con geometr\u00eda triangular invertida, presenta diferentes entradas y salidas en diagonal, generando vol\u00famenes triangulares.","og_url":"https:\/\/revolutionpadelstore.com\/fr\/produit\/bullpadel-pearl-3\/","og_site_name":"Revolution Padel Store","article_modified_time":"2026-04-08T09:13:35+00:00","og_image":[{"width":1000,"height":1188,"url":"https:\/\/revolutionpadelstore.com\/wp-content\/uploads\/2024\/07\/pala-bullpadel-pearl.jpg","type":"image\/jpeg"}],"twitter_card":"summary_large_image","twitter_misc":{"Dur\u00e9e de lecture estim\u00e9e":"3 minutes"},"schema":{"@context":"https:\/\/schema.org","@graph":[{"@type":"WebPage","@id":"https:\/\/revolutionpadelstore.com\/fr\/produit\/bullpadel-pearl-3\/","url":"https:\/\/revolutionpadelstore.com\/fr\/produit\/bullpadel-pearl-3\/","name":"BULLPADEL PEARL - Revolution Padel Store","isPartOf":{"@id":"https:\/\/revolutionpadelstore.com\/fr\/#website"},"primaryImageOfPage":{"@id":"https:\/\/revolutionpadelstore.com\/fr\/produit\/bullpadel-pearl-3\/#primaryimage"},"image":{"@id":"https:\/\/revolutionpadelstore.com\/fr\/produit\/bullpadel-pearl-3\/#primaryimage"},"thumbnailUrl":"https:\/\/revolutionpadelstore.com\/wp-content\/uploads\/2024\/09\/112922_pala_bullpadel_pearl_bea_gonzalez_473782_mujer_1500x1500_vista1_f424.webp","datePublished":"2024-07-23T07:04:22+00:00","dateModified":"2026-04-08T09:13:35+00:00","description":"La nueva pala de nuestro flamante \u00faltimo fichaje\u00a0Bea Gonz\u00e1lez, destaca sobre todo por la tecnolog\u00eda TRINAMIC: El coraz\u00f3n pearl, con geometr\u00eda triangular invertida, presenta diferentes entradas y salidas en diagonal, generando vol\u00famenes triangulares.","breadcrumb":{"@id":"https:\/\/revolutionpadelstore.com\/fr\/produit\/bullpadel-pearl-3\/#breadcrumb"},"inLanguage":"fr-FR","potentialAction":[{"@type":"ReadAction","target":["https:\/\/revolutionpadelstore.com\/fr\/produit\/bullpadel-pearl-3\/"]}]},{"@type":"ImageObject","inLanguage":"fr-FR","@id":"https:\/\/revolutionpadelstore.com\/fr\/produit\/bullpadel-pearl-3\/#primaryimage","url":"https:\/\/revolutionpadelstore.com\/wp-content\/uploads\/2024\/09\/112922_pala_bullpadel_pearl_bea_gonzalez_473782_mujer_1500x1500_vista1_f424.webp","contentUrl":"https:\/\/revolutionpadelstore.com\/wp-content\/uploads\/2024\/09\/112922_pala_bullpadel_pearl_bea_gonzalez_473782_mujer_1500x1500_vista1_f424.webp","width":1500,"height":1500},{"@type":"BreadcrumbList","@id":"https:\/\/revolutionpadelstore.com\/fr\/produit\/bullpadel-pearl-3\/#breadcrumb","itemListElement":[{"@type":"ListItem","position":1,"name":"Portada","item":"https:\/\/revolutionpadelstore.com\/fr\/"},{"@type":"ListItem","position":2,"name":"Boutique","item":"https:\/\/revolutionpadelstore.com\/fr\/tienda\/"},{"@type":"ListItem","position":3,"name":"BULLPADEL PEARL"}]},{"@type":"WebSite","@id":"https:\/\/revolutionpadelstore.com\/fr\/#website","url":"https:\/\/revolutionpadelstore.com\/fr\/","name":"Revolution Padel Store","description":"","publisher":{"@id":"https:\/\/revolutionpadelstore.com\/fr\/#organization"},"potentialAction":[{"@type":"SearchAction","target":{"@type":"EntryPoint","urlTemplate":"https:\/\/revolutionpadelstore.com\/fr\/?s={search_term_string}"},"query-input":{"@type":"PropertyValueSpecification","valueRequired":true,"valueName":"search_term_string"}}],"inLanguage":"fr-FR"},{"@type":"Organization","@id":"https:\/\/revolutionpadelstore.com\/fr\/#organization","name":"Revolution Padel Store","url":"https:\/\/revolutionpadelstore.com\/fr\/","logo":{"@type":"ImageObject","inLanguage":"fr-FR","@id":"https:\/\/revolutionpadelstore.com\/fr\/#\/schema\/logo\/image\/","url":"https:\/\/revolutionpadelstore.com\/wp-content\/uploads\/2026\/02\/revolution-padel-store.jpg","contentUrl":"https:\/\/revolutionpadelstore.com\/wp-content\/uploads\/2026\/02\/revolution-padel-store.jpg","width":2000,"height":2000,"caption":"Revolution Padel Store"},"image":{"@id":"https:\/\/revolutionpadelstore.com\/fr\/#\/schema\/logo\/image\/"},"sameAs":["https:\/\/www.instagram.com\/revolutionpadelstore\/"]}]}},"_links":{"self":[{"href":"https:\/\/revolutionpadelstore.com\/fr\/wp-json\/wp\/v2\/product\/72946","targetHints":{"allow":["GET"]}}],"collection":[{"href":"https:\/\/revolutionpadelstore.com\/fr\/wp-json\/wp\/v2\/product"}],"about":[{"href":"https:\/\/revolutionpadelstore.com\/fr\/wp-json\/wp\/v2\/types\/product"}],"replies":[{"embeddable":true,"href":"https:\/\/revolutionpadelstore.com\/fr\/wp-json\/wp\/v2\/comments?post=72946"}],"wp:featuredmedia":[{"embeddable":true,"href":"https:\/\/revolutionpadelstore.com\/fr\/wp-json\/wp\/v2\/media\/99934"}],"wp:attachment":[{"href":"https:\/\/revolutionpadelstore.com\/fr\/wp-json\/wp\/v2\/media?parent=72946"}],"wp:term":[{"taxonomy":"acabado","embeddable":true,"href":"https:\/\/revolutionpadelstore.com\/fr\/wp-json\/wp\/v2\/acabado?post=72946"},{"taxonomy":"balance","embeddable":true,"href":"https:\/\/revolutionpadelstore.com\/fr\/wp-json\/wp\/v2\/balance?post=72946"},{"taxonomy":"dureza","embeddable":true,"href":"https:\/\/revolutionpadelstore.com\/fr\/wp-json\/wp\/v2\/dureza?post=72946"},{"taxonomy":"forma","embeddable":true,"href":"https:\/\/revolutionpadelstore.com\/fr\/wp-json\/wp\/v2\/forma?post=72946"},{"taxonomy":"jugador","embeddable":true,"href":"https:\/\/revolutionpadelstore.com\/fr\/wp-json\/wp\/v2\/jugador?post=72946"},{"taxonomy":"marca","embeddable":true,"href":"https:\/\/revolutionpadelstore.com\/fr\/wp-json\/wp\/v2\/marca?post=72946"},{"taxonomy":"nivel-de-juego","embeddable":true,"href":"https:\/\/revolutionpadelstore.com\/fr\/wp-json\/wp\/v2\/nivel-de-juego?post=72946"},{"taxonomy":"superficie","embeddable":true,"href":"https:\/\/revolutionpadelstore.com\/fr\/wp-json\/wp\/v2\/superficie?post=72946"},{"taxonomy":"tipo-de-juego","embeddable":true,"href":"https:\/\/revolutionpadelstore.com\/fr\/wp-json\/wp\/v2\/tipo-de-juego?post=72946"},{"taxonomy":"product_brand","embeddable":true,"href":"https:\/\/revolutionpadelstore.com\/fr\/wp-json\/wp\/v2\/product_brand?post=72946"},{"taxonomy":"product_cat","embeddable":true,"href":"https:\/\/revolutionpadelstore.com\/fr\/wp-json\/wp\/v2\/product_cat?post=72946"},{"taxonomy":"product_tag","embeddable":true,"href":"https:\/\/revolutionpadelstore.com\/fr\/wp-json\/wp\/v2\/product_tag?post=72946"}],"curies":[{"name":"wp","href":"https:\/\/api.w.org\/{rel}","templated":true}]}}