{"id":72941,"date":"2024-07-24T13:19:13","date_gmt":"2024-07-24T11:19:13","guid":{"rendered":"https:\/\/revolutionpadelstore.com\/wilson-blade-pro-v3\/"},"modified":"2026-04-08T11:10:56","modified_gmt":"2026-04-08T09:10:56","slug":"wilson-blade-pro-v3-3","status":"publish","type":"product","link":"https:\/\/revolutionpadelstore.com\/fr\/produit\/wilson-blade-pro-v3-3\/","title":{"rendered":"WILSON BLADE PRO V3"},"content":{"rendered":"<h2>Wilson Blade Pro V3 Padel<\/h2>\n<p>La<strong>Wilson Blade Pro V3<\/strong> est la derni\u00e8re innovation en mati\u00e8re de raquettes de padel, con\u00e7ue pour offrir des performances exceptionnelles \u00e0 chaque coup. Cette raquette, qui se distingue par sa puissante forme en forme de goutte, offre une combinaison explosive de puissance et de stabilit\u00e9, id\u00e9ale pour ceux qui cherchent \u00e0 dominer le court avec force et pr\u00e9cision. Son design vert \u00e9l\u00e9gant, avec le logo noir distinctif de Wilson, est non seulement visuellement attrayant, mais met \u00e9galement en valeur la qualit\u00e9 et le design avanc\u00e9 de ce mod\u00e8le.<\/p>\n<h2>Wilson Blade Pro V3 Padel pour les joueurs de niveau avanc\u00e9<\/h2>\n<p>Cette raquette est particuli\u00e8rement adapt\u00e9e aux joueurs avanc\u00e9s et comp\u00e9titifs qui cherchent \u00e0 \u00e9lever leur jeu au niveau sup\u00e9rieur. La Wilson Blade Pro V3 est parfaite pour ceux qui ont un style de jeu agressif et qui ont besoin d&#8217;une raquette capable de r\u00e9sister \u00e0 des impacts \u00e9lev\u00e9s sans compromettre le contr\u00f4le. Sa conception est con\u00e7ue pour offrir une sensation plus ferme et plus sensible \u00e0 l&#8217;impact, offrant ainsi plus de puissance et de stabilit\u00e9, m\u00eame sur les coups d\u00e9centr\u00e9s.<\/p>\n<h3>Caract\u00e9ristiques et technologies du Wilson Blade Pro V3 Padel :<\/h3>\n<p><strong>-Forme en forme de goutte<\/strong> : offre un \u00e9quilibre id\u00e9al entre puissance et contr\u00f4le.<\/p>\n<p><strong>-Cadre en fibre de carbone<\/strong> : Renforc\u00e9 au niveau de la t\u00eate pour une plus grande durabilit\u00e9.<\/p>\n<p><strong>-Surface de spin<\/strong> : Facilite l&#8217;effet contr\u00f4l\u00e9 sur la balle depuis diff\u00e9rentes zones de la raquette.<\/p>\n<p><strong>-Duo Grid Pattern<\/strong> : optimise la puissance et le contr\u00f4le avec des trous de diff\u00e9rentes tailles.<\/p>\n<p><strong>-Mousse EVA ferme<\/strong> : offre des frappes nettes avec un excellent contr\u00f4le.<\/p>\n<p><strong>-Sharp Hole Technology<\/em><\/strong> : augmente l&#8217;efficacit\u00e9 du service \u00e0 chaque coup.<\/p>\n<p><strong>Construction tubulaire -C2<\/strong> : Assure une durabilit\u00e9 et un contr\u00f4le sup\u00e9rieur.<\/p>\n<p><strong>-Bord anti-casse<\/strong> : Renforce la t\u00eate de la raquette pour r\u00e9sister au jeu agressif.<\/p>\n<p>Avec le Wilson Blade Pro V3, chaque coup devient une d\u00e9claration de force et de pr\u00e9cision. Si vous \u00eates un joueur cherchant \u00e0 maximiser ses performances et \u00e0 se d\u00e9marquer sur le terrain, cette raquette est l&#8217;outil dont vous avez besoin pour atteindre vos objectifs. Ne manquez pas l&#8217;occasion d&#8217;\u00e9lever votre jeu et de dominer le match avec cette raquette de nouvelle g\u00e9n\u00e9ration.<\/p>\n<h2>Wilson Blade Pro V3 Padel<\/h2>\n","protected":false},"excerpt":{"rendered":"<p>Avec le Wilson Blade Pro V3, chaque coup devient une d\u00e9claration de <strong>force et pr\u00e9cision<\/strong>. Si vous \u00eates un joueur cherchant \u00e0 maximiser ses performances et \u00e0 se d\u00e9marquer sur le terrain, cette raquette est l&#8217;outil dont vous avez besoin pour atteindre vos objectifs. Ne manquez pas l&#8217;occasion d&#8217;\u00e9lever votre jeu et de dominer le match avec cette raquette de nouvelle g\u00e9n\u00e9ration.<\/p>\n","protected":false},"featured_media":71297,"comment_status":"open","ping_status":"closed","template":"","meta":{"_acf_changed":false,"_joinchat":[]},"acabado":[1092],"balance":[1137],"dureza":[1162,1157],"forma":[1177],"jugador":[1192,1202],"marca":[1267],"nivel-de-juego":[1337,1347],"superficie":[1362],"tipo-de-juego":[1377],"product_brand":[],"product_cat":[302],"product_tag":[],"class_list":{"0":"post-72941","1":"product","2":"type-product","3":"status-publish","4":"has-post-thumbnail","6":"acabado-soulager-la-3d","7":"balance-eleve","8":"dureza-dure","9":"dureza-media-fr","10":"forma-hybride","11":"jugador-homme","12":"jugador-polivalente-fr","13":"marca-wilson-fr","14":"superficie-rugosa-fr","15":"tipo-de-juego-puissance","16":"product_cat-palas-de-padel-fr","18":"first","19":"instock","20":"sale","21":"taxable","22":"shipping-taxable","23":"purchasable","24":"product-type-simple"},"acf":[],"yoast_head":"<!-- This site is optimized with the Yoast SEO plugin v27.4 - https:\/\/yoast.com\/product\/yoast-seo-wordpress\/ -->\n<title>WILSON BLADE PRO V3 - Revolution Padel Store<\/title>\n<meta name=\"description\" content=\"La raqueta de p\u00e1del Blade Pro V3 de Wilson ofrece un uno o dos punch de impresionante potencia explosiva y estabilidad para los jugadores de ataque. Para jugadores avanzados y competitivos, esta pala con forma de l\u00e1grima te ofrece todas las herramientas para elevar tu juego.El fuerte marco de fibra de carbono de la cara est\u00e1 reforzado en la cabeza para ofrecer mayor durabilidad durante el juego agresivo. Comparada con la V2, esta raqueta ofrece una sensaci\u00f3n m\u00e1s firme y sensible en el impacto. Proporciona m\u00e1s potencia con una sensaci\u00f3n explosiva, por lo que puedes esperar una sensaci\u00f3n estable incluso en los golpes descentrados.\" \/>\n<meta name=\"robots\" content=\"index, follow, max-snippet:-1, max-image-preview:large, max-video-preview:-1\" \/>\n<link rel=\"canonical\" href=\"https:\/\/revolutionpadelstore.com\/fr\/produit\/wilson-blade-pro-v3-3\/\" \/>\n<meta property=\"og:locale\" content=\"fr_FR\" \/>\n<meta property=\"og:type\" content=\"article\" \/>\n<meta property=\"og:title\" content=\"COMPRAR WILSON BLADE PRO V3\" \/>\n<meta property=\"og:description\" content=\"La raqueta de p\u00e1del Blade Pro V3 de Wilson ofrece un uno o dos punch de impresionante potencia explosiva y estabilidad para los jugadores de ataque. Para jugadores avanzados y competitivos, esta pala con forma de l\u00e1grima te ofrece todas las herramientas para elevar tu juego.\" \/>\n<meta property=\"og:url\" content=\"https:\/\/revolutionpadelstore.com\/fr\/produit\/wilson-blade-pro-v3-3\/\" \/>\n<meta property=\"og:site_name\" content=\"Revolution Padel Store\" \/>\n<meta property=\"article:modified_time\" content=\"2026-04-08T09:10:56+00:00\" \/>\n<meta property=\"og:image\" content=\"https:\/\/revolutionpadelstore.com\/wp-content\/uploads\/2024\/07\/113593_pala_wilson_blade_pro_v3_padel_wr166911u_1500x1500_1_10af.webp\" \/>\n\t<meta property=\"og:image:width\" content=\"1500\" \/>\n\t<meta property=\"og:image:height\" content=\"1500\" \/>\n\t<meta property=\"og:image:type\" content=\"image\/webp\" \/>\n<meta name=\"twitter:card\" content=\"summary_large_image\" \/>\n<meta name=\"twitter:label1\" content=\"Dur\u00e9e de lecture estim\u00e9e\" \/>\n\t<meta name=\"twitter:data1\" content=\"2 minutes\" \/>\n<script type=\"application\/ld+json\" class=\"yoast-schema-graph\">{\"@context\":\"https:\\\/\\\/schema.org\",\"@graph\":[{\"@type\":\"WebPage\",\"@id\":\"https:\\\/\\\/revolutionpadelstore.com\\\/fr\\\/produit\\\/wilson-blade-pro-v3-3\\\/\",\"url\":\"https:\\\/\\\/revolutionpadelstore.com\\\/fr\\\/produit\\\/wilson-blade-pro-v3-3\\\/\",\"name\":\"WILSON BLADE PRO V3 - Revolution Padel Store\",\"isPartOf\":{\"@id\":\"https:\\\/\\\/revolutionpadelstore.com\\\/fr\\\/#website\"},\"primaryImageOfPage\":{\"@id\":\"https:\\\/\\\/revolutionpadelstore.com\\\/fr\\\/produit\\\/wilson-blade-pro-v3-3\\\/#primaryimage\"},\"image\":{\"@id\":\"https:\\\/\\\/revolutionpadelstore.com\\\/fr\\\/produit\\\/wilson-blade-pro-v3-3\\\/#primaryimage\"},\"thumbnailUrl\":\"https:\\\/\\\/revolutionpadelstore.com\\\/wp-content\\\/uploads\\\/2024\\\/07\\\/113593_pala_wilson_blade_pro_v3_padel_wr166911u_1500x1500_1_10af.webp\",\"datePublished\":\"2024-07-24T11:19:13+00:00\",\"dateModified\":\"2026-04-08T09:10:56+00:00\",\"description\":\"La raqueta de p\u00e1del Blade Pro V3 de Wilson ofrece un uno o dos punch de impresionante potencia explosiva y estabilidad para los jugadores de ataque. Para jugadores avanzados y competitivos, esta pala con forma de l\u00e1grima te ofrece todas las herramientas para elevar tu juego.El fuerte marco de fibra de carbono de la cara est\u00e1 reforzado en la cabeza para ofrecer mayor durabilidad durante el juego agresivo. Comparada con la V2, esta raqueta ofrece una sensaci\u00f3n m\u00e1s firme y sensible en el impacto. Proporciona m\u00e1s potencia con una sensaci\u00f3n explosiva, por lo que puedes esperar una sensaci\u00f3n estable incluso en los golpes descentrados.\",\"breadcrumb\":{\"@id\":\"https:\\\/\\\/revolutionpadelstore.com\\\/fr\\\/produit\\\/wilson-blade-pro-v3-3\\\/#breadcrumb\"},\"inLanguage\":\"fr-FR\",\"potentialAction\":[{\"@type\":\"ReadAction\",\"target\":[\"https:\\\/\\\/revolutionpadelstore.com\\\/fr\\\/produit\\\/wilson-blade-pro-v3-3\\\/\"]}]},{\"@type\":\"ImageObject\",\"inLanguage\":\"fr-FR\",\"@id\":\"https:\\\/\\\/revolutionpadelstore.com\\\/fr\\\/produit\\\/wilson-blade-pro-v3-3\\\/#primaryimage\",\"url\":\"https:\\\/\\\/revolutionpadelstore.com\\\/wp-content\\\/uploads\\\/2024\\\/07\\\/113593_pala_wilson_blade_pro_v3_padel_wr166911u_1500x1500_1_10af.webp\",\"contentUrl\":\"https:\\\/\\\/revolutionpadelstore.com\\\/wp-content\\\/uploads\\\/2024\\\/07\\\/113593_pala_wilson_blade_pro_v3_padel_wr166911u_1500x1500_1_10af.webp\",\"width\":1500,\"height\":1500},{\"@type\":\"BreadcrumbList\",\"@id\":\"https:\\\/\\\/revolutionpadelstore.com\\\/fr\\\/produit\\\/wilson-blade-pro-v3-3\\\/#breadcrumb\",\"itemListElement\":[{\"@type\":\"ListItem\",\"position\":1,\"name\":\"Portada\",\"item\":\"https:\\\/\\\/revolutionpadelstore.com\\\/fr\\\/\"},{\"@type\":\"ListItem\",\"position\":2,\"name\":\"Boutique\",\"item\":\"https:\\\/\\\/revolutionpadelstore.com\\\/fr\\\/tienda\\\/\"},{\"@type\":\"ListItem\",\"position\":3,\"name\":\"WILSON BLADE PRO V3\"}]},{\"@type\":\"WebSite\",\"@id\":\"https:\\\/\\\/revolutionpadelstore.com\\\/fr\\\/#website\",\"url\":\"https:\\\/\\\/revolutionpadelstore.com\\\/fr\\\/\",\"name\":\"Revolution Padel Store\",\"description\":\"\",\"publisher\":{\"@id\":\"https:\\\/\\\/revolutionpadelstore.com\\\/fr\\\/#organization\"},\"potentialAction\":[{\"@type\":\"SearchAction\",\"target\":{\"@type\":\"EntryPoint\",\"urlTemplate\":\"https:\\\/\\\/revolutionpadelstore.com\\\/fr\\\/?s={search_term_string}\"},\"query-input\":{\"@type\":\"PropertyValueSpecification\",\"valueRequired\":true,\"valueName\":\"search_term_string\"}}],\"inLanguage\":\"fr-FR\"},{\"@type\":\"Organization\",\"@id\":\"https:\\\/\\\/revolutionpadelstore.com\\\/fr\\\/#organization\",\"name\":\"Revolution Padel Store\",\"url\":\"https:\\\/\\\/revolutionpadelstore.com\\\/fr\\\/\",\"logo\":{\"@type\":\"ImageObject\",\"inLanguage\":\"fr-FR\",\"@id\":\"https:\\\/\\\/revolutionpadelstore.com\\\/fr\\\/#\\\/schema\\\/logo\\\/image\\\/\",\"url\":\"https:\\\/\\\/revolutionpadelstore.com\\\/wp-content\\\/uploads\\\/2026\\\/02\\\/revolution-padel-store.jpg\",\"contentUrl\":\"https:\\\/\\\/revolutionpadelstore.com\\\/wp-content\\\/uploads\\\/2026\\\/02\\\/revolution-padel-store.jpg\",\"width\":2000,\"height\":2000,\"caption\":\"Revolution Padel Store\"},\"image\":{\"@id\":\"https:\\\/\\\/revolutionpadelstore.com\\\/fr\\\/#\\\/schema\\\/logo\\\/image\\\/\"},\"sameAs\":[\"https:\\\/\\\/www.instagram.com\\\/revolutionpadelstore\\\/\"]}]}<\/script>\n<!-- \/ Yoast SEO plugin. -->","yoast_head_json":{"title":"WILSON BLADE PRO V3 - Revolution Padel Store","description":"La raqueta de p\u00e1del Blade Pro V3 de Wilson ofrece un uno o dos punch de impresionante potencia explosiva y estabilidad para los jugadores de ataque. Para jugadores avanzados y competitivos, esta pala con forma de l\u00e1grima te ofrece todas las herramientas para elevar tu juego.El fuerte marco de fibra de carbono de la cara est\u00e1 reforzado en la cabeza para ofrecer mayor durabilidad durante el juego agresivo. Comparada con la V2, esta raqueta ofrece una sensaci\u00f3n m\u00e1s firme y sensible en el impacto. Proporciona m\u00e1s potencia con una sensaci\u00f3n explosiva, por lo que puedes esperar una sensaci\u00f3n estable incluso en los golpes descentrados.","robots":{"index":"index","follow":"follow","max-snippet":"max-snippet:-1","max-image-preview":"max-image-preview:large","max-video-preview":"max-video-preview:-1"},"canonical":"https:\/\/revolutionpadelstore.com\/fr\/produit\/wilson-blade-pro-v3-3\/","og_locale":"fr_FR","og_type":"article","og_title":"COMPRAR WILSON BLADE PRO V3","og_description":"La raqueta de p\u00e1del Blade Pro V3 de Wilson ofrece un uno o dos punch de impresionante potencia explosiva y estabilidad para los jugadores de ataque. Para jugadores avanzados y competitivos, esta pala con forma de l\u00e1grima te ofrece todas las herramientas para elevar tu juego.","og_url":"https:\/\/revolutionpadelstore.com\/fr\/produit\/wilson-blade-pro-v3-3\/","og_site_name":"Revolution Padel Store","article_modified_time":"2026-04-08T09:10:56+00:00","og_image":[{"width":1500,"height":1500,"url":"https:\/\/revolutionpadelstore.com\/wp-content\/uploads\/2024\/07\/113593_pala_wilson_blade_pro_v3_padel_wr166911u_1500x1500_1_10af.webp","type":"image\/webp"}],"twitter_card":"summary_large_image","twitter_misc":{"Dur\u00e9e de lecture estim\u00e9e":"2 minutes"},"schema":{"@context":"https:\/\/schema.org","@graph":[{"@type":"WebPage","@id":"https:\/\/revolutionpadelstore.com\/fr\/produit\/wilson-blade-pro-v3-3\/","url":"https:\/\/revolutionpadelstore.com\/fr\/produit\/wilson-blade-pro-v3-3\/","name":"WILSON BLADE PRO V3 - Revolution Padel Store","isPartOf":{"@id":"https:\/\/revolutionpadelstore.com\/fr\/#website"},"primaryImageOfPage":{"@id":"https:\/\/revolutionpadelstore.com\/fr\/produit\/wilson-blade-pro-v3-3\/#primaryimage"},"image":{"@id":"https:\/\/revolutionpadelstore.com\/fr\/produit\/wilson-blade-pro-v3-3\/#primaryimage"},"thumbnailUrl":"https:\/\/revolutionpadelstore.com\/wp-content\/uploads\/2024\/07\/113593_pala_wilson_blade_pro_v3_padel_wr166911u_1500x1500_1_10af.webp","datePublished":"2024-07-24T11:19:13+00:00","dateModified":"2026-04-08T09:10:56+00:00","description":"La raqueta de p\u00e1del Blade Pro V3 de Wilson ofrece un uno o dos punch de impresionante potencia explosiva y estabilidad para los jugadores de ataque. Para jugadores avanzados y competitivos, esta pala con forma de l\u00e1grima te ofrece todas las herramientas para elevar tu juego.El fuerte marco de fibra de carbono de la cara est\u00e1 reforzado en la cabeza para ofrecer mayor durabilidad durante el juego agresivo. Comparada con la V2, esta raqueta ofrece una sensaci\u00f3n m\u00e1s firme y sensible en el impacto. Proporciona m\u00e1s potencia con una sensaci\u00f3n explosiva, por lo que puedes esperar una sensaci\u00f3n estable incluso en los golpes descentrados.","breadcrumb":{"@id":"https:\/\/revolutionpadelstore.com\/fr\/produit\/wilson-blade-pro-v3-3\/#breadcrumb"},"inLanguage":"fr-FR","potentialAction":[{"@type":"ReadAction","target":["https:\/\/revolutionpadelstore.com\/fr\/produit\/wilson-blade-pro-v3-3\/"]}]},{"@type":"ImageObject","inLanguage":"fr-FR","@id":"https:\/\/revolutionpadelstore.com\/fr\/produit\/wilson-blade-pro-v3-3\/#primaryimage","url":"https:\/\/revolutionpadelstore.com\/wp-content\/uploads\/2024\/07\/113593_pala_wilson_blade_pro_v3_padel_wr166911u_1500x1500_1_10af.webp","contentUrl":"https:\/\/revolutionpadelstore.com\/wp-content\/uploads\/2024\/07\/113593_pala_wilson_blade_pro_v3_padel_wr166911u_1500x1500_1_10af.webp","width":1500,"height":1500},{"@type":"BreadcrumbList","@id":"https:\/\/revolutionpadelstore.com\/fr\/produit\/wilson-blade-pro-v3-3\/#breadcrumb","itemListElement":[{"@type":"ListItem","position":1,"name":"Portada","item":"https:\/\/revolutionpadelstore.com\/fr\/"},{"@type":"ListItem","position":2,"name":"Boutique","item":"https:\/\/revolutionpadelstore.com\/fr\/tienda\/"},{"@type":"ListItem","position":3,"name":"WILSON BLADE PRO V3"}]},{"@type":"WebSite","@id":"https:\/\/revolutionpadelstore.com\/fr\/#website","url":"https:\/\/revolutionpadelstore.com\/fr\/","name":"Revolution Padel Store","description":"","publisher":{"@id":"https:\/\/revolutionpadelstore.com\/fr\/#organization"},"potentialAction":[{"@type":"SearchAction","target":{"@type":"EntryPoint","urlTemplate":"https:\/\/revolutionpadelstore.com\/fr\/?s={search_term_string}"},"query-input":{"@type":"PropertyValueSpecification","valueRequired":true,"valueName":"search_term_string"}}],"inLanguage":"fr-FR"},{"@type":"Organization","@id":"https:\/\/revolutionpadelstore.com\/fr\/#organization","name":"Revolution Padel Store","url":"https:\/\/revolutionpadelstore.com\/fr\/","logo":{"@type":"ImageObject","inLanguage":"fr-FR","@id":"https:\/\/revolutionpadelstore.com\/fr\/#\/schema\/logo\/image\/","url":"https:\/\/revolutionpadelstore.com\/wp-content\/uploads\/2026\/02\/revolution-padel-store.jpg","contentUrl":"https:\/\/revolutionpadelstore.com\/wp-content\/uploads\/2026\/02\/revolution-padel-store.jpg","width":2000,"height":2000,"caption":"Revolution Padel Store"},"image":{"@id":"https:\/\/revolutionpadelstore.com\/fr\/#\/schema\/logo\/image\/"},"sameAs":["https:\/\/www.instagram.com\/revolutionpadelstore\/"]}]}},"_links":{"self":[{"href":"https:\/\/revolutionpadelstore.com\/fr\/wp-json\/wp\/v2\/product\/72941","targetHints":{"allow":["GET"]}}],"collection":[{"href":"https:\/\/revolutionpadelstore.com\/fr\/wp-json\/wp\/v2\/product"}],"about":[{"href":"https:\/\/revolutionpadelstore.com\/fr\/wp-json\/wp\/v2\/types\/product"}],"replies":[{"embeddable":true,"href":"https:\/\/revolutionpadelstore.com\/fr\/wp-json\/wp\/v2\/comments?post=72941"}],"wp:featuredmedia":[{"embeddable":true,"href":"https:\/\/revolutionpadelstore.com\/fr\/wp-json\/wp\/v2\/media\/71297"}],"wp:attachment":[{"href":"https:\/\/revolutionpadelstore.com\/fr\/wp-json\/wp\/v2\/media?parent=72941"}],"wp:term":[{"taxonomy":"acabado","embeddable":true,"href":"https:\/\/revolutionpadelstore.com\/fr\/wp-json\/wp\/v2\/acabado?post=72941"},{"taxonomy":"balance","embeddable":true,"href":"https:\/\/revolutionpadelstore.com\/fr\/wp-json\/wp\/v2\/balance?post=72941"},{"taxonomy":"dureza","embeddable":true,"href":"https:\/\/revolutionpadelstore.com\/fr\/wp-json\/wp\/v2\/dureza?post=72941"},{"taxonomy":"forma","embeddable":true,"href":"https:\/\/revolutionpadelstore.com\/fr\/wp-json\/wp\/v2\/forma?post=72941"},{"taxonomy":"jugador","embeddable":true,"href":"https:\/\/revolutionpadelstore.com\/fr\/wp-json\/wp\/v2\/jugador?post=72941"},{"taxonomy":"marca","embeddable":true,"href":"https:\/\/revolutionpadelstore.com\/fr\/wp-json\/wp\/v2\/marca?post=72941"},{"taxonomy":"nivel-de-juego","embeddable":true,"href":"https:\/\/revolutionpadelstore.com\/fr\/wp-json\/wp\/v2\/nivel-de-juego?post=72941"},{"taxonomy":"superficie","embeddable":true,"href":"https:\/\/revolutionpadelstore.com\/fr\/wp-json\/wp\/v2\/superficie?post=72941"},{"taxonomy":"tipo-de-juego","embeddable":true,"href":"https:\/\/revolutionpadelstore.com\/fr\/wp-json\/wp\/v2\/tipo-de-juego?post=72941"},{"taxonomy":"product_brand","embeddable":true,"href":"https:\/\/revolutionpadelstore.com\/fr\/wp-json\/wp\/v2\/product_brand?post=72941"},{"taxonomy":"product_cat","embeddable":true,"href":"https:\/\/revolutionpadelstore.com\/fr\/wp-json\/wp\/v2\/product_cat?post=72941"},{"taxonomy":"product_tag","embeddable":true,"href":"https:\/\/revolutionpadelstore.com\/fr\/wp-json\/wp\/v2\/product_tag?post=72941"}],"curies":[{"name":"wp","href":"https:\/\/api.w.org\/{rel}","templated":true}]}}