{"id":72936,"date":"2024-08-22T13:24:26","date_gmt":"2024-08-22T11:24:26","guid":{"rendered":"https:\/\/revolutionpadelstore.com\/mizuno-wave-enforce-court-61gb2437-06-rojo\/"},"modified":"2026-04-08T11:07:08","modified_gmt":"2026-04-08T09:07:08","slug":"mizuno-wave-enforce-court-padel-rojo-3","status":"publish","type":"product","link":"https:\/\/revolutionpadelstore.com\/fr\/produit\/mizuno-wave-enforce-court-padel-rojo-3\/","title":{"rendered":"MIZUNO WAVE ENFORCE COURT PADEL ROJO"},"content":{"rendered":"<h2>Mizuno Wave Enforce Court Rouge<\/h2>\n<p>Les chaussures de padel Mizuno Wave Enforce Court Red se distinguent par l&#8217;int\u00e9gration de technologies innovantes qui optimisent les performances sur le terrain de padel. La technologie <em>Mizuno Wave<\/em> est une caract\u00e9ristique distinctive, inspir\u00e9e de la nature, qui offre un amorti et une stabilit\u00e9 exceptionnels dans la semelle interm\u00e9diaire. Cette technologie garantit que chaque pas est ferme et confortable, permettant des mouvements rapides et s\u00fbrs.<\/p>\n<p>La technologie X10, quant \u00e0 elle, utilise un caoutchouc carbone tr\u00e8s r\u00e9sistant dans les zones \u00e0 fort impact de la semelle. Cela prolonge non seulement la dur\u00e9e de vie de la chaussure, mais am\u00e9liore \u00e9galement la traction de la semelle mixte lors de l&#8217;impact du talon, offrant ainsi une adh\u00e9rence sup\u00e9rieure sur le terrain.<\/p>\n<p>La Mizuno Wave Enforce Court en rouge offre une combinaison parfaite de durabilit\u00e9, de confort et de performance. Elles constituent le choix id\u00e9al pour les joueurs qui cherchent \u00e0 am\u00e9liorer leur jeu avec des chaussures de haute qualit\u00e9 et une technologie sp\u00e9cifique au padel.<\/p>\n<h2>Mizuno Wave Enforce Court Rojo<\/h2>\n","protected":false},"excerpt":{"rendered":"<p>Mizuno Wave Enforce Court Red offre amorti, stabilit\u00e9, l\u00e9g\u00e8ret\u00e9 et durabilit\u00e9. Con\u00e7u pour les joueurs de padel recherchant des performances maximales dans leurs jeux de padel.<\/p>\n","protected":false},"featured_media":62789,"comment_status":"open","ping_status":"closed","template":"","meta":{"_acf_changed":false,"_joinchat":[]},"acabado":[],"balance":[],"dureza":[],"forma":[],"jugador":[1192],"marca":[1332],"nivel-de-juego":[],"superficie":[],"tipo-de-juego":[],"product_brand":[],"product_cat":[407],"product_tag":[],"class_list":{"0":"post-72936","1":"product","2":"type-product","3":"status-publish","4":"has-post-thumbnail","6":"jugador-homme","7":"marca-mizuno-fr","8":"product_cat-sneakers-pour-hommes","10":"first","11":"outofstock","12":"sale","13":"taxable","14":"shipping-taxable","15":"purchasable","16":"product-type-variable"},"acf":[],"yoast_head":"<!-- This site is optimized with the Yoast SEO plugin v27.4 - https:\/\/yoast.com\/product\/yoast-seo-wordpress\/ -->\n<title>MIZUNO WAVE ENFORCE COURT PADEL ROJO - Revolution Padel Store<\/title>\n<meta name=\"description\" content=\"Las zapatillas de p\u00e1del Mizuno Wave Enforce Court Rojo destacan por incorporar tecnolog\u00edas innovadoras que optimizan el rendimiento en la pista de p\u00e1del. La tecnolog\u00eda Mizuno Wave es una caracter\u00edstica distintiva, inspirada en la naturaleza, que ofrece una amortiguaci\u00f3n y estabilidad excepcionales en la entresuela. Esta tecnolog\u00eda asegura que cada paso sea firme y c\u00f3modo, permitiendo movimientos r\u00e1pidos y seguros. El material Mizuno Enerzy, utilizado en la entresuela, se caracteriza por su tacto dleicado y capacidad de rebote. Este material no solo mejora la comodidad del jugador, sino que tambi\u00e9n aumenta la durabilidad del calzado, asegurando un rendimiento \u00f3ptimo durante m\u00e1s tiempo.\" \/>\n<meta name=\"robots\" content=\"index, follow, max-snippet:-1, max-image-preview:large, max-video-preview:-1\" \/>\n<link rel=\"canonical\" href=\"https:\/\/revolutionpadelstore.com\/fr\/produit\/mizuno-wave-enforce-court-padel-rojo-3\/\" \/>\n<meta property=\"og:locale\" content=\"fr_FR\" \/>\n<meta property=\"og:type\" content=\"article\" \/>\n<meta property=\"og:title\" content=\"COMPRAR MIZUNO WAVE ENFORCE COURT 61GB2437 06 ROJO\" \/>\n<meta property=\"og:description\" content=\"Las zapatillas de p\u00e1del Mizuno Wave Enforce Court Rojo destacan por incorporar tecnolog\u00edas innovadoras que optimizan el rendimiento en la pista de p\u00e1del. La tecnolog\u00eda Mizuno Wave es una caracter\u00edstica distintiva, inspirada en la naturaleza, que ofrece una amortiguaci\u00f3n y estabilidad excepcionales en la entresuela. Esta tecnolog\u00eda asegura que cada paso sea firme y c\u00f3modo, permitiendo movimientos r\u00e1pidos y seguros.\" \/>\n<meta property=\"og:url\" content=\"https:\/\/revolutionpadelstore.com\/fr\/produit\/mizuno-wave-enforce-court-padel-rojo-3\/\" \/>\n<meta property=\"og:site_name\" content=\"Revolution Padel Store\" \/>\n<meta property=\"article:modified_time\" content=\"2026-04-08T09:07:08+00:00\" \/>\n<meta property=\"og:image\" content=\"https:\/\/revolutionpadelstore.com\/wp-content\/uploads\/2024\/08\/MIZUNO-ROJA.jpg\" \/>\n\t<meta property=\"og:image:width\" content=\"900\" \/>\n\t<meta property=\"og:image:height\" content=\"900\" \/>\n\t<meta property=\"og:image:type\" content=\"image\/jpeg\" \/>\n<meta name=\"twitter:card\" content=\"summary_large_image\" \/>\n<meta name=\"twitter:label1\" content=\"Dur\u00e9e de lecture estim\u00e9e\" \/>\n\t<meta name=\"twitter:data1\" content=\"1 minute\" \/>\n<script type=\"application\/ld+json\" class=\"yoast-schema-graph\">{\"@context\":\"https:\\\/\\\/schema.org\",\"@graph\":[{\"@type\":\"WebPage\",\"@id\":\"https:\\\/\\\/revolutionpadelstore.com\\\/fr\\\/produit\\\/mizuno-wave-enforce-court-padel-rojo-3\\\/\",\"url\":\"https:\\\/\\\/revolutionpadelstore.com\\\/fr\\\/produit\\\/mizuno-wave-enforce-court-padel-rojo-3\\\/\",\"name\":\"MIZUNO WAVE ENFORCE COURT PADEL ROJO - Revolution Padel Store\",\"isPartOf\":{\"@id\":\"https:\\\/\\\/revolutionpadelstore.com\\\/fr\\\/#website\"},\"primaryImageOfPage\":{\"@id\":\"https:\\\/\\\/revolutionpadelstore.com\\\/fr\\\/produit\\\/mizuno-wave-enforce-court-padel-rojo-3\\\/#primaryimage\"},\"image\":{\"@id\":\"https:\\\/\\\/revolutionpadelstore.com\\\/fr\\\/produit\\\/mizuno-wave-enforce-court-padel-rojo-3\\\/#primaryimage\"},\"thumbnailUrl\":\"https:\\\/\\\/revolutionpadelstore.com\\\/wp-content\\\/uploads\\\/2024\\\/08\\\/MIZUNO-ROJA.jpg\",\"datePublished\":\"2024-08-22T11:24:26+00:00\",\"dateModified\":\"2026-04-08T09:07:08+00:00\",\"description\":\"Las zapatillas de p\u00e1del Mizuno Wave Enforce Court Rojo destacan por incorporar tecnolog\u00edas innovadoras que optimizan el rendimiento en la pista de p\u00e1del. La tecnolog\u00eda Mizuno Wave es una caracter\u00edstica distintiva, inspirada en la naturaleza, que ofrece una amortiguaci\u00f3n y estabilidad excepcionales en la entresuela. Esta tecnolog\u00eda asegura que cada paso sea firme y c\u00f3modo, permitiendo movimientos r\u00e1pidos y seguros. El material Mizuno Enerzy, utilizado en la entresuela, se caracteriza por su tacto dleicado y capacidad de rebote. Este material no solo mejora la comodidad del jugador, sino que tambi\u00e9n aumenta la durabilidad del calzado, asegurando un rendimiento \u00f3ptimo durante m\u00e1s tiempo.\",\"breadcrumb\":{\"@id\":\"https:\\\/\\\/revolutionpadelstore.com\\\/fr\\\/produit\\\/mizuno-wave-enforce-court-padel-rojo-3\\\/#breadcrumb\"},\"inLanguage\":\"fr-FR\",\"potentialAction\":[{\"@type\":\"ReadAction\",\"target\":[\"https:\\\/\\\/revolutionpadelstore.com\\\/fr\\\/produit\\\/mizuno-wave-enforce-court-padel-rojo-3\\\/\"]}]},{\"@type\":\"ImageObject\",\"inLanguage\":\"fr-FR\",\"@id\":\"https:\\\/\\\/revolutionpadelstore.com\\\/fr\\\/produit\\\/mizuno-wave-enforce-court-padel-rojo-3\\\/#primaryimage\",\"url\":\"https:\\\/\\\/revolutionpadelstore.com\\\/wp-content\\\/uploads\\\/2024\\\/08\\\/MIZUNO-ROJA.jpg\",\"contentUrl\":\"https:\\\/\\\/revolutionpadelstore.com\\\/wp-content\\\/uploads\\\/2024\\\/08\\\/MIZUNO-ROJA.jpg\",\"width\":900,\"height\":900},{\"@type\":\"BreadcrumbList\",\"@id\":\"https:\\\/\\\/revolutionpadelstore.com\\\/fr\\\/produit\\\/mizuno-wave-enforce-court-padel-rojo-3\\\/#breadcrumb\",\"itemListElement\":[{\"@type\":\"ListItem\",\"position\":1,\"name\":\"Portada\",\"item\":\"https:\\\/\\\/revolutionpadelstore.com\\\/fr\\\/\"},{\"@type\":\"ListItem\",\"position\":2,\"name\":\"Boutique\",\"item\":\"https:\\\/\\\/revolutionpadelstore.com\\\/fr\\\/tienda\\\/\"},{\"@type\":\"ListItem\",\"position\":3,\"name\":\"MIZUNO WAVE ENFORCE COURT PADEL ROJO\"}]},{\"@type\":\"WebSite\",\"@id\":\"https:\\\/\\\/revolutionpadelstore.com\\\/fr\\\/#website\",\"url\":\"https:\\\/\\\/revolutionpadelstore.com\\\/fr\\\/\",\"name\":\"Revolution Padel Store\",\"description\":\"\",\"publisher\":{\"@id\":\"https:\\\/\\\/revolutionpadelstore.com\\\/fr\\\/#organization\"},\"potentialAction\":[{\"@type\":\"SearchAction\",\"target\":{\"@type\":\"EntryPoint\",\"urlTemplate\":\"https:\\\/\\\/revolutionpadelstore.com\\\/fr\\\/?s={search_term_string}\"},\"query-input\":{\"@type\":\"PropertyValueSpecification\",\"valueRequired\":true,\"valueName\":\"search_term_string\"}}],\"inLanguage\":\"fr-FR\"},{\"@type\":\"Organization\",\"@id\":\"https:\\\/\\\/revolutionpadelstore.com\\\/fr\\\/#organization\",\"name\":\"Revolution Padel Store\",\"url\":\"https:\\\/\\\/revolutionpadelstore.com\\\/fr\\\/\",\"logo\":{\"@type\":\"ImageObject\",\"inLanguage\":\"fr-FR\",\"@id\":\"https:\\\/\\\/revolutionpadelstore.com\\\/fr\\\/#\\\/schema\\\/logo\\\/image\\\/\",\"url\":\"https:\\\/\\\/revolutionpadelstore.com\\\/wp-content\\\/uploads\\\/2026\\\/02\\\/revolution-padel-store.jpg\",\"contentUrl\":\"https:\\\/\\\/revolutionpadelstore.com\\\/wp-content\\\/uploads\\\/2026\\\/02\\\/revolution-padel-store.jpg\",\"width\":2000,\"height\":2000,\"caption\":\"Revolution Padel Store\"},\"image\":{\"@id\":\"https:\\\/\\\/revolutionpadelstore.com\\\/fr\\\/#\\\/schema\\\/logo\\\/image\\\/\"},\"sameAs\":[\"https:\\\/\\\/www.instagram.com\\\/revolutionpadelstore\\\/\"]}]}<\/script>\n<!-- \/ Yoast SEO plugin. -->","yoast_head_json":{"title":"MIZUNO WAVE ENFORCE COURT PADEL ROJO - Revolution Padel Store","description":"Las zapatillas de p\u00e1del Mizuno Wave Enforce Court Rojo destacan por incorporar tecnolog\u00edas innovadoras que optimizan el rendimiento en la pista de p\u00e1del. La tecnolog\u00eda Mizuno Wave es una caracter\u00edstica distintiva, inspirada en la naturaleza, que ofrece una amortiguaci\u00f3n y estabilidad excepcionales en la entresuela. Esta tecnolog\u00eda asegura que cada paso sea firme y c\u00f3modo, permitiendo movimientos r\u00e1pidos y seguros. El material Mizuno Enerzy, utilizado en la entresuela, se caracteriza por su tacto dleicado y capacidad de rebote. Este material no solo mejora la comodidad del jugador, sino que tambi\u00e9n aumenta la durabilidad del calzado, asegurando un rendimiento \u00f3ptimo durante m\u00e1s tiempo.","robots":{"index":"index","follow":"follow","max-snippet":"max-snippet:-1","max-image-preview":"max-image-preview:large","max-video-preview":"max-video-preview:-1"},"canonical":"https:\/\/revolutionpadelstore.com\/fr\/produit\/mizuno-wave-enforce-court-padel-rojo-3\/","og_locale":"fr_FR","og_type":"article","og_title":"COMPRAR MIZUNO WAVE ENFORCE COURT 61GB2437 06 ROJO","og_description":"Las zapatillas de p\u00e1del Mizuno Wave Enforce Court Rojo destacan por incorporar tecnolog\u00edas innovadoras que optimizan el rendimiento en la pista de p\u00e1del. La tecnolog\u00eda Mizuno Wave es una caracter\u00edstica distintiva, inspirada en la naturaleza, que ofrece una amortiguaci\u00f3n y estabilidad excepcionales en la entresuela. Esta tecnolog\u00eda asegura que cada paso sea firme y c\u00f3modo, permitiendo movimientos r\u00e1pidos y seguros.","og_url":"https:\/\/revolutionpadelstore.com\/fr\/produit\/mizuno-wave-enforce-court-padel-rojo-3\/","og_site_name":"Revolution Padel Store","article_modified_time":"2026-04-08T09:07:08+00:00","og_image":[{"width":900,"height":900,"url":"https:\/\/revolutionpadelstore.com\/wp-content\/uploads\/2024\/08\/MIZUNO-ROJA.jpg","type":"image\/jpeg"}],"twitter_card":"summary_large_image","twitter_misc":{"Dur\u00e9e de lecture estim\u00e9e":"1 minute"},"schema":{"@context":"https:\/\/schema.org","@graph":[{"@type":"WebPage","@id":"https:\/\/revolutionpadelstore.com\/fr\/produit\/mizuno-wave-enforce-court-padel-rojo-3\/","url":"https:\/\/revolutionpadelstore.com\/fr\/produit\/mizuno-wave-enforce-court-padel-rojo-3\/","name":"MIZUNO WAVE ENFORCE COURT PADEL ROJO - Revolution Padel Store","isPartOf":{"@id":"https:\/\/revolutionpadelstore.com\/fr\/#website"},"primaryImageOfPage":{"@id":"https:\/\/revolutionpadelstore.com\/fr\/produit\/mizuno-wave-enforce-court-padel-rojo-3\/#primaryimage"},"image":{"@id":"https:\/\/revolutionpadelstore.com\/fr\/produit\/mizuno-wave-enforce-court-padel-rojo-3\/#primaryimage"},"thumbnailUrl":"https:\/\/revolutionpadelstore.com\/wp-content\/uploads\/2024\/08\/MIZUNO-ROJA.jpg","datePublished":"2024-08-22T11:24:26+00:00","dateModified":"2026-04-08T09:07:08+00:00","description":"Las zapatillas de p\u00e1del Mizuno Wave Enforce Court Rojo destacan por incorporar tecnolog\u00edas innovadoras que optimizan el rendimiento en la pista de p\u00e1del. La tecnolog\u00eda Mizuno Wave es una caracter\u00edstica distintiva, inspirada en la naturaleza, que ofrece una amortiguaci\u00f3n y estabilidad excepcionales en la entresuela. Esta tecnolog\u00eda asegura que cada paso sea firme y c\u00f3modo, permitiendo movimientos r\u00e1pidos y seguros. El material Mizuno Enerzy, utilizado en la entresuela, se caracteriza por su tacto dleicado y capacidad de rebote. Este material no solo mejora la comodidad del jugador, sino que tambi\u00e9n aumenta la durabilidad del calzado, asegurando un rendimiento \u00f3ptimo durante m\u00e1s tiempo.","breadcrumb":{"@id":"https:\/\/revolutionpadelstore.com\/fr\/produit\/mizuno-wave-enforce-court-padel-rojo-3\/#breadcrumb"},"inLanguage":"fr-FR","potentialAction":[{"@type":"ReadAction","target":["https:\/\/revolutionpadelstore.com\/fr\/produit\/mizuno-wave-enforce-court-padel-rojo-3\/"]}]},{"@type":"ImageObject","inLanguage":"fr-FR","@id":"https:\/\/revolutionpadelstore.com\/fr\/produit\/mizuno-wave-enforce-court-padel-rojo-3\/#primaryimage","url":"https:\/\/revolutionpadelstore.com\/wp-content\/uploads\/2024\/08\/MIZUNO-ROJA.jpg","contentUrl":"https:\/\/revolutionpadelstore.com\/wp-content\/uploads\/2024\/08\/MIZUNO-ROJA.jpg","width":900,"height":900},{"@type":"BreadcrumbList","@id":"https:\/\/revolutionpadelstore.com\/fr\/produit\/mizuno-wave-enforce-court-padel-rojo-3\/#breadcrumb","itemListElement":[{"@type":"ListItem","position":1,"name":"Portada","item":"https:\/\/revolutionpadelstore.com\/fr\/"},{"@type":"ListItem","position":2,"name":"Boutique","item":"https:\/\/revolutionpadelstore.com\/fr\/tienda\/"},{"@type":"ListItem","position":3,"name":"MIZUNO WAVE ENFORCE COURT PADEL ROJO"}]},{"@type":"WebSite","@id":"https:\/\/revolutionpadelstore.com\/fr\/#website","url":"https:\/\/revolutionpadelstore.com\/fr\/","name":"Revolution Padel Store","description":"","publisher":{"@id":"https:\/\/revolutionpadelstore.com\/fr\/#organization"},"potentialAction":[{"@type":"SearchAction","target":{"@type":"EntryPoint","urlTemplate":"https:\/\/revolutionpadelstore.com\/fr\/?s={search_term_string}"},"query-input":{"@type":"PropertyValueSpecification","valueRequired":true,"valueName":"search_term_string"}}],"inLanguage":"fr-FR"},{"@type":"Organization","@id":"https:\/\/revolutionpadelstore.com\/fr\/#organization","name":"Revolution Padel Store","url":"https:\/\/revolutionpadelstore.com\/fr\/","logo":{"@type":"ImageObject","inLanguage":"fr-FR","@id":"https:\/\/revolutionpadelstore.com\/fr\/#\/schema\/logo\/image\/","url":"https:\/\/revolutionpadelstore.com\/wp-content\/uploads\/2026\/02\/revolution-padel-store.jpg","contentUrl":"https:\/\/revolutionpadelstore.com\/wp-content\/uploads\/2026\/02\/revolution-padel-store.jpg","width":2000,"height":2000,"caption":"Revolution Padel Store"},"image":{"@id":"https:\/\/revolutionpadelstore.com\/fr\/#\/schema\/logo\/image\/"},"sameAs":["https:\/\/www.instagram.com\/revolutionpadelstore\/"]}]}},"_links":{"self":[{"href":"https:\/\/revolutionpadelstore.com\/fr\/wp-json\/wp\/v2\/product\/72936","targetHints":{"allow":["GET"]}}],"collection":[{"href":"https:\/\/revolutionpadelstore.com\/fr\/wp-json\/wp\/v2\/product"}],"about":[{"href":"https:\/\/revolutionpadelstore.com\/fr\/wp-json\/wp\/v2\/types\/product"}],"replies":[{"embeddable":true,"href":"https:\/\/revolutionpadelstore.com\/fr\/wp-json\/wp\/v2\/comments?post=72936"}],"wp:featuredmedia":[{"embeddable":true,"href":"https:\/\/revolutionpadelstore.com\/fr\/wp-json\/wp\/v2\/media\/62789"}],"wp:attachment":[{"href":"https:\/\/revolutionpadelstore.com\/fr\/wp-json\/wp\/v2\/media?parent=72936"}],"wp:term":[{"taxonomy":"acabado","embeddable":true,"href":"https:\/\/revolutionpadelstore.com\/fr\/wp-json\/wp\/v2\/acabado?post=72936"},{"taxonomy":"balance","embeddable":true,"href":"https:\/\/revolutionpadelstore.com\/fr\/wp-json\/wp\/v2\/balance?post=72936"},{"taxonomy":"dureza","embeddable":true,"href":"https:\/\/revolutionpadelstore.com\/fr\/wp-json\/wp\/v2\/dureza?post=72936"},{"taxonomy":"forma","embeddable":true,"href":"https:\/\/revolutionpadelstore.com\/fr\/wp-json\/wp\/v2\/forma?post=72936"},{"taxonomy":"jugador","embeddable":true,"href":"https:\/\/revolutionpadelstore.com\/fr\/wp-json\/wp\/v2\/jugador?post=72936"},{"taxonomy":"marca","embeddable":true,"href":"https:\/\/revolutionpadelstore.com\/fr\/wp-json\/wp\/v2\/marca?post=72936"},{"taxonomy":"nivel-de-juego","embeddable":true,"href":"https:\/\/revolutionpadelstore.com\/fr\/wp-json\/wp\/v2\/nivel-de-juego?post=72936"},{"taxonomy":"superficie","embeddable":true,"href":"https:\/\/revolutionpadelstore.com\/fr\/wp-json\/wp\/v2\/superficie?post=72936"},{"taxonomy":"tipo-de-juego","embeddable":true,"href":"https:\/\/revolutionpadelstore.com\/fr\/wp-json\/wp\/v2\/tipo-de-juego?post=72936"},{"taxonomy":"product_brand","embeddable":true,"href":"https:\/\/revolutionpadelstore.com\/fr\/wp-json\/wp\/v2\/product_brand?post=72936"},{"taxonomy":"product_cat","embeddable":true,"href":"https:\/\/revolutionpadelstore.com\/fr\/wp-json\/wp\/v2\/product_cat?post=72936"},{"taxonomy":"product_tag","embeddable":true,"href":"https:\/\/revolutionpadelstore.com\/fr\/wp-json\/wp\/v2\/product_tag?post=72936"}],"curies":[{"name":"wp","href":"https:\/\/api.w.org\/{rel}","templated":true}]}}