{"id":72926,"date":"2024-08-22T17:21:49","date_gmt":"2024-08-22T15:21:49","guid":{"rendered":"https:\/\/revolutionpadelstore.com\/mizuno-wave-exceed-tour-6-cc-61gc2475-45-blanco-mujer\/"},"modified":"2026-04-08T11:04:02","modified_gmt":"2026-04-08T09:04:02","slug":"mizuno-wave-exceed-tour-6-cc-blanco-mujer-3","status":"publish","type":"product","link":"https:\/\/revolutionpadelstore.com\/fr\/produit\/mizuno-wave-exceed-tour-6-cc-blanco-mujer-3\/","title":{"rendered":"MIZUNO WAVE EXCEED TOUR 6 CC BLANCO MUJER"},"content":{"rendered":"<h2>Mizuno Wave Exceed Tour 6 CC Blanc Femme, r\u00e9activit\u00e9<\/h2>\n<p>Les <strong>chaussures de padel Wave Exceed Tour 6 CC<\/strong> pour femmes de couleur blanche de Mizuno sont le mod\u00e8le id\u00e9al pour les joueuses de padel qui recherchent une chaussure l\u00e9g\u00e8re et r\u00e9sistante qui leur donne plus de vitesse et de polyvalence dans le jeu.<\/p>\n<p>La semelle, <strong>adapt\u00e9e \u00e0 tous types de surfaces<\/strong>, comprend des rainures de flexion qui favorisent le dynamisme et am\u00e9liorent la capacit\u00e9 d&#8217;adaptation sur le terrain de jeu. De cette fa\u00e7on, vous ressentirez d\u2019incroyables sensations d\u2019adh\u00e9rence et de traction sur n\u2019importe quelle piste.<\/p>\n<p>Au milieu du pied, il dispose d&#8217;une rainure D-Flex diagonale, qui permet au joueur d&#8217;effectuer des changements de direction et des virages plus fluides et plus naturels.<\/p>\n<h3>Respirabilit\u00e9 et fra\u00eecheur<\/h3>\n<p>La partie sup\u00e9rieure a \u00e9t\u00e9 r\u00e9alis\u00e9e avec une combinaison de mesh respirant et doux avec un mesh TPU r\u00e9sistant et flexible, qui permet une parfaite <strong>adaptation \u00e0 la forme et au mouvement du pied<\/strong>. Gr\u00e2ce \u00e0 la technologie 3D-SOLID dans la tige, une douceur et une respirabilit\u00e9 sans pr\u00e9c\u00e9dent sont obtenues. Le syst\u00e8me de la\u00e7age Dyna-Eyelet Wrap enveloppe le pied pour un maintien optimal.<\/p>\n<p>La semelle interm\u00e9diaire, quant \u00e0 elle, int\u00e8gre la technologie <em>Enerzy<\/em>, qui assure un retour d&#8217;\u00e9nergie et un amorti optimaux pour une sensation de confort et de r\u00e9activit\u00e9 in\u00e9dite. La technologie <em>Wave<\/em> parvient \u00e0 augmenter le niveau d&#8217;amorti \u00e0 chaque pas, en dispersant la force de l&#8217;impact. De plus, le mat\u00e9riau PoWnCe offre durabilit\u00e9, confort et l\u00e9g\u00e8ret\u00e9.<\/p>\n<h2>Mizuno Wave Exceed Tour 6 CC Blanco Mujer, capacidad de reacci\u00f3n<\/h2>\n","protected":false},"excerpt":{"rendered":"<p>Chaussure pour femme Mizuno Wave Exceed Tour 6 CC Blanche, avec une semelle adapt\u00e9e \u00e0 toutes les surfaces. Tige douce, flexible et respirante qui favorise une sensation de fra\u00eecheur.<\/p>\n","protected":false},"featured_media":62465,"comment_status":"open","ping_status":"closed","template":"","meta":{"_acf_changed":false,"_joinchat":[]},"acabado":[],"balance":[],"dureza":[],"forma":[],"jugador":[1197],"marca":[1332],"nivel-de-juego":[],"superficie":[],"tipo-de-juego":[],"product_brand":[],"product_cat":[456],"product_tag":[],"class_list":{"0":"post-72926","1":"product","2":"type-product","3":"status-publish","4":"has-post-thumbnail","6":"jugador-mujer-fr","7":"marca-mizuno-fr","8":"product_cat-sneakers-pour-femme","10":"first","11":"instock","12":"sale","13":"taxable","14":"shipping-taxable","15":"purchasable","16":"product-type-variable","17":"has-default-attributes"},"acf":[],"yoast_head":"<!-- This site is optimized with the Yoast SEO plugin v27.4 - https:\/\/yoast.com\/product\/yoast-seo-wordpress\/ -->\n<title>MIZUNO WAVE EXCEED TOUR 6 CC BLANCO MUJER - Revolution Padel Store<\/title>\n<meta name=\"description\" content=\"Las zapatillas de p\u00e1del para mujer Wave Exceed Tour 6 CC en color blanco de Mizuno son el modelo ideal para aquellas jugadoras de p\u00e1del que buscan un calzado ligero y resistente que les conceda un plus de velocidad y versatilidad en la pista.La suela, apta para todo tipo de superficies, incluye unos surcos de flexi\u00f3n que favorecen el dinamismo y mejoran la capacidad de adaptaci\u00f3n en el terreno de juego. De esta manera, sentir\u00e1s unas incre\u00edbles sensaciones de agarre y tracci\u00f3n cualquier pista.\" \/>\n<meta name=\"robots\" content=\"index, follow, max-snippet:-1, max-image-preview:large, max-video-preview:-1\" \/>\n<link rel=\"canonical\" href=\"https:\/\/revolutionpadelstore.com\/fr\/produit\/mizuno-wave-exceed-tour-6-cc-blanco-mujer-3\/\" \/>\n<meta property=\"og:locale\" content=\"fr_FR\" \/>\n<meta property=\"og:type\" content=\"article\" \/>\n<meta property=\"og:title\" content=\"COMPRAR MIZUNO WAVE EXCEED TOUR 6 CC 61GC2475 45 BLANCO MUJER\" \/>\n<meta property=\"og:description\" content=\"Zapatilla para mujer Mizuno Wave Exceed Tour 6 CC Blanco, con una suela apta para cualquier superficie. Parte superior suave, flexible y transpirable que favorece una sensaci\u00f3n de frescura.\" \/>\n<meta property=\"og:url\" content=\"https:\/\/revolutionpadelstore.com\/fr\/produit\/mizuno-wave-exceed-tour-6-cc-blanco-mujer-3\/\" \/>\n<meta property=\"og:site_name\" content=\"Revolution Padel Store\" \/>\n<meta property=\"article:modified_time\" content=\"2026-04-08T09:04:02+00:00\" \/>\n<meta property=\"og:image\" content=\"https:\/\/revolutionpadelstore.com\/wp-content\/uploads\/2024\/08\/111984_zapatillas_mizuno_wave_exceed_tour_6_cc_61gc2475_45_mujer_1000x1000_1_ed46.webp\" \/>\n\t<meta property=\"og:image:width\" content=\"1000\" \/>\n\t<meta property=\"og:image:height\" content=\"1000\" \/>\n\t<meta property=\"og:image:type\" content=\"image\/webp\" \/>\n<meta name=\"twitter:card\" content=\"summary_large_image\" \/>\n<meta name=\"twitter:label1\" content=\"Dur\u00e9e de lecture estim\u00e9e\" \/>\n\t<meta name=\"twitter:data1\" content=\"2 minutes\" \/>\n<script type=\"application\/ld+json\" class=\"yoast-schema-graph\">{\"@context\":\"https:\\\/\\\/schema.org\",\"@graph\":[{\"@type\":\"WebPage\",\"@id\":\"https:\\\/\\\/revolutionpadelstore.com\\\/fr\\\/produit\\\/mizuno-wave-exceed-tour-6-cc-blanco-mujer-3\\\/\",\"url\":\"https:\\\/\\\/revolutionpadelstore.com\\\/fr\\\/produit\\\/mizuno-wave-exceed-tour-6-cc-blanco-mujer-3\\\/\",\"name\":\"MIZUNO WAVE EXCEED TOUR 6 CC BLANCO MUJER - Revolution Padel Store\",\"isPartOf\":{\"@id\":\"https:\\\/\\\/revolutionpadelstore.com\\\/fr\\\/#website\"},\"primaryImageOfPage\":{\"@id\":\"https:\\\/\\\/revolutionpadelstore.com\\\/fr\\\/produit\\\/mizuno-wave-exceed-tour-6-cc-blanco-mujer-3\\\/#primaryimage\"},\"image\":{\"@id\":\"https:\\\/\\\/revolutionpadelstore.com\\\/fr\\\/produit\\\/mizuno-wave-exceed-tour-6-cc-blanco-mujer-3\\\/#primaryimage\"},\"thumbnailUrl\":\"https:\\\/\\\/revolutionpadelstore.com\\\/wp-content\\\/uploads\\\/2024\\\/08\\\/111984_zapatillas_mizuno_wave_exceed_tour_6_cc_61gc2475_45_mujer_1000x1000_1_ed46.webp\",\"datePublished\":\"2024-08-22T15:21:49+00:00\",\"dateModified\":\"2026-04-08T09:04:02+00:00\",\"description\":\"Las zapatillas de p\u00e1del para mujer Wave Exceed Tour 6 CC en color blanco de Mizuno son el modelo ideal para aquellas jugadoras de p\u00e1del que buscan un calzado ligero y resistente que les conceda un plus de velocidad y versatilidad en la pista.La suela, apta para todo tipo de superficies, incluye unos surcos de flexi\u00f3n que favorecen el dinamismo y mejoran la capacidad de adaptaci\u00f3n en el terreno de juego. De esta manera, sentir\u00e1s unas incre\u00edbles sensaciones de agarre y tracci\u00f3n cualquier pista.\",\"breadcrumb\":{\"@id\":\"https:\\\/\\\/revolutionpadelstore.com\\\/fr\\\/produit\\\/mizuno-wave-exceed-tour-6-cc-blanco-mujer-3\\\/#breadcrumb\"},\"inLanguage\":\"fr-FR\",\"potentialAction\":[{\"@type\":\"ReadAction\",\"target\":[\"https:\\\/\\\/revolutionpadelstore.com\\\/fr\\\/produit\\\/mizuno-wave-exceed-tour-6-cc-blanco-mujer-3\\\/\"]}]},{\"@type\":\"ImageObject\",\"inLanguage\":\"fr-FR\",\"@id\":\"https:\\\/\\\/revolutionpadelstore.com\\\/fr\\\/produit\\\/mizuno-wave-exceed-tour-6-cc-blanco-mujer-3\\\/#primaryimage\",\"url\":\"https:\\\/\\\/revolutionpadelstore.com\\\/wp-content\\\/uploads\\\/2024\\\/08\\\/111984_zapatillas_mizuno_wave_exceed_tour_6_cc_61gc2475_45_mujer_1000x1000_1_ed46.webp\",\"contentUrl\":\"https:\\\/\\\/revolutionpadelstore.com\\\/wp-content\\\/uploads\\\/2024\\\/08\\\/111984_zapatillas_mizuno_wave_exceed_tour_6_cc_61gc2475_45_mujer_1000x1000_1_ed46.webp\",\"width\":1000,\"height\":1000},{\"@type\":\"BreadcrumbList\",\"@id\":\"https:\\\/\\\/revolutionpadelstore.com\\\/fr\\\/produit\\\/mizuno-wave-exceed-tour-6-cc-blanco-mujer-3\\\/#breadcrumb\",\"itemListElement\":[{\"@type\":\"ListItem\",\"position\":1,\"name\":\"Portada\",\"item\":\"https:\\\/\\\/revolutionpadelstore.com\\\/fr\\\/\"},{\"@type\":\"ListItem\",\"position\":2,\"name\":\"Boutique\",\"item\":\"https:\\\/\\\/revolutionpadelstore.com\\\/fr\\\/tienda\\\/\"},{\"@type\":\"ListItem\",\"position\":3,\"name\":\"MIZUNO WAVE EXCEED TOUR 6 CC BLANCO MUJER\"}]},{\"@type\":\"WebSite\",\"@id\":\"https:\\\/\\\/revolutionpadelstore.com\\\/fr\\\/#website\",\"url\":\"https:\\\/\\\/revolutionpadelstore.com\\\/fr\\\/\",\"name\":\"Revolution Padel Store\",\"description\":\"\",\"publisher\":{\"@id\":\"https:\\\/\\\/revolutionpadelstore.com\\\/fr\\\/#organization\"},\"potentialAction\":[{\"@type\":\"SearchAction\",\"target\":{\"@type\":\"EntryPoint\",\"urlTemplate\":\"https:\\\/\\\/revolutionpadelstore.com\\\/fr\\\/?s={search_term_string}\"},\"query-input\":{\"@type\":\"PropertyValueSpecification\",\"valueRequired\":true,\"valueName\":\"search_term_string\"}}],\"inLanguage\":\"fr-FR\"},{\"@type\":\"Organization\",\"@id\":\"https:\\\/\\\/revolutionpadelstore.com\\\/fr\\\/#organization\",\"name\":\"Revolution Padel Store\",\"url\":\"https:\\\/\\\/revolutionpadelstore.com\\\/fr\\\/\",\"logo\":{\"@type\":\"ImageObject\",\"inLanguage\":\"fr-FR\",\"@id\":\"https:\\\/\\\/revolutionpadelstore.com\\\/fr\\\/#\\\/schema\\\/logo\\\/image\\\/\",\"url\":\"https:\\\/\\\/revolutionpadelstore.com\\\/wp-content\\\/uploads\\\/2026\\\/02\\\/revolution-padel-store.jpg\",\"contentUrl\":\"https:\\\/\\\/revolutionpadelstore.com\\\/wp-content\\\/uploads\\\/2026\\\/02\\\/revolution-padel-store.jpg\",\"width\":2000,\"height\":2000,\"caption\":\"Revolution Padel Store\"},\"image\":{\"@id\":\"https:\\\/\\\/revolutionpadelstore.com\\\/fr\\\/#\\\/schema\\\/logo\\\/image\\\/\"},\"sameAs\":[\"https:\\\/\\\/www.instagram.com\\\/revolutionpadelstore\\\/\"]}]}<\/script>\n<!-- \/ Yoast SEO plugin. -->","yoast_head_json":{"title":"MIZUNO WAVE EXCEED TOUR 6 CC BLANCO MUJER - Revolution Padel Store","description":"Las zapatillas de p\u00e1del para mujer Wave Exceed Tour 6 CC en color blanco de Mizuno son el modelo ideal para aquellas jugadoras de p\u00e1del que buscan un calzado ligero y resistente que les conceda un plus de velocidad y versatilidad en la pista.La suela, apta para todo tipo de superficies, incluye unos surcos de flexi\u00f3n que favorecen el dinamismo y mejoran la capacidad de adaptaci\u00f3n en el terreno de juego. De esta manera, sentir\u00e1s unas incre\u00edbles sensaciones de agarre y tracci\u00f3n cualquier pista.","robots":{"index":"index","follow":"follow","max-snippet":"max-snippet:-1","max-image-preview":"max-image-preview:large","max-video-preview":"max-video-preview:-1"},"canonical":"https:\/\/revolutionpadelstore.com\/fr\/produit\/mizuno-wave-exceed-tour-6-cc-blanco-mujer-3\/","og_locale":"fr_FR","og_type":"article","og_title":"COMPRAR MIZUNO WAVE EXCEED TOUR 6 CC 61GC2475 45 BLANCO MUJER","og_description":"Zapatilla para mujer Mizuno Wave Exceed Tour 6 CC Blanco, con una suela apta para cualquier superficie. Parte superior suave, flexible y transpirable que favorece una sensaci\u00f3n de frescura.","og_url":"https:\/\/revolutionpadelstore.com\/fr\/produit\/mizuno-wave-exceed-tour-6-cc-blanco-mujer-3\/","og_site_name":"Revolution Padel Store","article_modified_time":"2026-04-08T09:04:02+00:00","og_image":[{"width":1000,"height":1000,"url":"https:\/\/revolutionpadelstore.com\/wp-content\/uploads\/2024\/08\/111984_zapatillas_mizuno_wave_exceed_tour_6_cc_61gc2475_45_mujer_1000x1000_1_ed46.webp","type":"image\/webp"}],"twitter_card":"summary_large_image","twitter_misc":{"Dur\u00e9e de lecture estim\u00e9e":"2 minutes"},"schema":{"@context":"https:\/\/schema.org","@graph":[{"@type":"WebPage","@id":"https:\/\/revolutionpadelstore.com\/fr\/produit\/mizuno-wave-exceed-tour-6-cc-blanco-mujer-3\/","url":"https:\/\/revolutionpadelstore.com\/fr\/produit\/mizuno-wave-exceed-tour-6-cc-blanco-mujer-3\/","name":"MIZUNO WAVE EXCEED TOUR 6 CC BLANCO MUJER - Revolution Padel Store","isPartOf":{"@id":"https:\/\/revolutionpadelstore.com\/fr\/#website"},"primaryImageOfPage":{"@id":"https:\/\/revolutionpadelstore.com\/fr\/produit\/mizuno-wave-exceed-tour-6-cc-blanco-mujer-3\/#primaryimage"},"image":{"@id":"https:\/\/revolutionpadelstore.com\/fr\/produit\/mizuno-wave-exceed-tour-6-cc-blanco-mujer-3\/#primaryimage"},"thumbnailUrl":"https:\/\/revolutionpadelstore.com\/wp-content\/uploads\/2024\/08\/111984_zapatillas_mizuno_wave_exceed_tour_6_cc_61gc2475_45_mujer_1000x1000_1_ed46.webp","datePublished":"2024-08-22T15:21:49+00:00","dateModified":"2026-04-08T09:04:02+00:00","description":"Las zapatillas de p\u00e1del para mujer Wave Exceed Tour 6 CC en color blanco de Mizuno son el modelo ideal para aquellas jugadoras de p\u00e1del que buscan un calzado ligero y resistente que les conceda un plus de velocidad y versatilidad en la pista.La suela, apta para todo tipo de superficies, incluye unos surcos de flexi\u00f3n que favorecen el dinamismo y mejoran la capacidad de adaptaci\u00f3n en el terreno de juego. De esta manera, sentir\u00e1s unas incre\u00edbles sensaciones de agarre y tracci\u00f3n cualquier pista.","breadcrumb":{"@id":"https:\/\/revolutionpadelstore.com\/fr\/produit\/mizuno-wave-exceed-tour-6-cc-blanco-mujer-3\/#breadcrumb"},"inLanguage":"fr-FR","potentialAction":[{"@type":"ReadAction","target":["https:\/\/revolutionpadelstore.com\/fr\/produit\/mizuno-wave-exceed-tour-6-cc-blanco-mujer-3\/"]}]},{"@type":"ImageObject","inLanguage":"fr-FR","@id":"https:\/\/revolutionpadelstore.com\/fr\/produit\/mizuno-wave-exceed-tour-6-cc-blanco-mujer-3\/#primaryimage","url":"https:\/\/revolutionpadelstore.com\/wp-content\/uploads\/2024\/08\/111984_zapatillas_mizuno_wave_exceed_tour_6_cc_61gc2475_45_mujer_1000x1000_1_ed46.webp","contentUrl":"https:\/\/revolutionpadelstore.com\/wp-content\/uploads\/2024\/08\/111984_zapatillas_mizuno_wave_exceed_tour_6_cc_61gc2475_45_mujer_1000x1000_1_ed46.webp","width":1000,"height":1000},{"@type":"BreadcrumbList","@id":"https:\/\/revolutionpadelstore.com\/fr\/produit\/mizuno-wave-exceed-tour-6-cc-blanco-mujer-3\/#breadcrumb","itemListElement":[{"@type":"ListItem","position":1,"name":"Portada","item":"https:\/\/revolutionpadelstore.com\/fr\/"},{"@type":"ListItem","position":2,"name":"Boutique","item":"https:\/\/revolutionpadelstore.com\/fr\/tienda\/"},{"@type":"ListItem","position":3,"name":"MIZUNO WAVE EXCEED TOUR 6 CC BLANCO MUJER"}]},{"@type":"WebSite","@id":"https:\/\/revolutionpadelstore.com\/fr\/#website","url":"https:\/\/revolutionpadelstore.com\/fr\/","name":"Revolution Padel Store","description":"","publisher":{"@id":"https:\/\/revolutionpadelstore.com\/fr\/#organization"},"potentialAction":[{"@type":"SearchAction","target":{"@type":"EntryPoint","urlTemplate":"https:\/\/revolutionpadelstore.com\/fr\/?s={search_term_string}"},"query-input":{"@type":"PropertyValueSpecification","valueRequired":true,"valueName":"search_term_string"}}],"inLanguage":"fr-FR"},{"@type":"Organization","@id":"https:\/\/revolutionpadelstore.com\/fr\/#organization","name":"Revolution Padel Store","url":"https:\/\/revolutionpadelstore.com\/fr\/","logo":{"@type":"ImageObject","inLanguage":"fr-FR","@id":"https:\/\/revolutionpadelstore.com\/fr\/#\/schema\/logo\/image\/","url":"https:\/\/revolutionpadelstore.com\/wp-content\/uploads\/2026\/02\/revolution-padel-store.jpg","contentUrl":"https:\/\/revolutionpadelstore.com\/wp-content\/uploads\/2026\/02\/revolution-padel-store.jpg","width":2000,"height":2000,"caption":"Revolution Padel Store"},"image":{"@id":"https:\/\/revolutionpadelstore.com\/fr\/#\/schema\/logo\/image\/"},"sameAs":["https:\/\/www.instagram.com\/revolutionpadelstore\/"]}]}},"_links":{"self":[{"href":"https:\/\/revolutionpadelstore.com\/fr\/wp-json\/wp\/v2\/product\/72926","targetHints":{"allow":["GET"]}}],"collection":[{"href":"https:\/\/revolutionpadelstore.com\/fr\/wp-json\/wp\/v2\/product"}],"about":[{"href":"https:\/\/revolutionpadelstore.com\/fr\/wp-json\/wp\/v2\/types\/product"}],"replies":[{"embeddable":true,"href":"https:\/\/revolutionpadelstore.com\/fr\/wp-json\/wp\/v2\/comments?post=72926"}],"wp:featuredmedia":[{"embeddable":true,"href":"https:\/\/revolutionpadelstore.com\/fr\/wp-json\/wp\/v2\/media\/62465"}],"wp:attachment":[{"href":"https:\/\/revolutionpadelstore.com\/fr\/wp-json\/wp\/v2\/media?parent=72926"}],"wp:term":[{"taxonomy":"acabado","embeddable":true,"href":"https:\/\/revolutionpadelstore.com\/fr\/wp-json\/wp\/v2\/acabado?post=72926"},{"taxonomy":"balance","embeddable":true,"href":"https:\/\/revolutionpadelstore.com\/fr\/wp-json\/wp\/v2\/balance?post=72926"},{"taxonomy":"dureza","embeddable":true,"href":"https:\/\/revolutionpadelstore.com\/fr\/wp-json\/wp\/v2\/dureza?post=72926"},{"taxonomy":"forma","embeddable":true,"href":"https:\/\/revolutionpadelstore.com\/fr\/wp-json\/wp\/v2\/forma?post=72926"},{"taxonomy":"jugador","embeddable":true,"href":"https:\/\/revolutionpadelstore.com\/fr\/wp-json\/wp\/v2\/jugador?post=72926"},{"taxonomy":"marca","embeddable":true,"href":"https:\/\/revolutionpadelstore.com\/fr\/wp-json\/wp\/v2\/marca?post=72926"},{"taxonomy":"nivel-de-juego","embeddable":true,"href":"https:\/\/revolutionpadelstore.com\/fr\/wp-json\/wp\/v2\/nivel-de-juego?post=72926"},{"taxonomy":"superficie","embeddable":true,"href":"https:\/\/revolutionpadelstore.com\/fr\/wp-json\/wp\/v2\/superficie?post=72926"},{"taxonomy":"tipo-de-juego","embeddable":true,"href":"https:\/\/revolutionpadelstore.com\/fr\/wp-json\/wp\/v2\/tipo-de-juego?post=72926"},{"taxonomy":"product_brand","embeddable":true,"href":"https:\/\/revolutionpadelstore.com\/fr\/wp-json\/wp\/v2\/product_brand?post=72926"},{"taxonomy":"product_cat","embeddable":true,"href":"https:\/\/revolutionpadelstore.com\/fr\/wp-json\/wp\/v2\/product_cat?post=72926"},{"taxonomy":"product_tag","embeddable":true,"href":"https:\/\/revolutionpadelstore.com\/fr\/wp-json\/wp\/v2\/product_tag?post=72926"}],"curies":[{"name":"wp","href":"https:\/\/api.w.org\/{rel}","templated":true}]}}