{"id":72916,"date":"2024-08-22T17:44:29","date_gmt":"2024-08-22T15:44:29","guid":{"rendered":"https:\/\/revolutionpadelstore.com\/cajon-pelotas-wilson-premier-padel-speed\/"},"modified":"2026-04-16T14:02:30","modified_gmt":"2026-04-16T12:02:30","slug":"cajon-pelotas-wilson-premier-padel-speed-3","status":"publish","type":"product","link":"https:\/\/revolutionpadelstore.com\/fr\/produit\/cajon-pelotas-wilson-premier-padel-speed-3\/","title":{"rendered":"CAJON PELOTAS WILSON PREMIER PADEL SPEED"},"content":{"rendered":"<p>L&#8217;attente en valait la peine. Nous disposons d\u00e9sormais de la WILSON PREMIER PADEL SPEED BALL BOX, les nouvelles balles professionnelles pour le circuit Premier Padel, la meilleure comp\u00e9tition de padel au monde. Apr\u00e8s ce nouvel accord entre Wilson et Premier Padel, ils ont cr\u00e9\u00e9 d&#8217;incroyables balles de padel, parmi les plus rapides qui soient, quelles que soient les conditions dans lesquelles elles sont utilis\u00e9es.<\/p>\n<p>Ce sont des <a href=\"https:\/\/www.padeliberico.es\/pelotas-softee\"><strong>balles de paddle<\/strong><\/a> tr\u00e8s rapides, ce qui am\u00e9liore notre jeu dans la zone d&#8217;attaque pour voir am\u00e9lior\u00e9. De plus, ils se sont concentr\u00e9s, comme il ne pouvait en \u00eatre autrement, sur la durabilit\u00e9, ce qui les rend id\u00e9aux pour les joueurs \u00e0 la recherche d&#8217;un mod\u00e8le qui dure plus longtemps sans perdre en performances.<\/p>\n<p>Cette bo\u00eete contient 24 pots de 3 boules chacun.<\/p>\n","protected":false},"excerpt":{"rendered":"<p>Les meilleures balles de padel du march\u00e9. C&#8217;est le ballon officiel du circuit professionnel Premier Padel.<\/p>\n","protected":false},"featured_media":62509,"comment_status":"open","ping_status":"closed","template":"","meta":{"_acf_changed":false,"_joinchat":[]},"acabado":[],"balance":[],"dureza":[],"forma":[],"jugador":[],"marca":[1267],"nivel-de-juego":[],"superficie":[],"tipo-de-juego":[],"product_brand":[],"product_cat":[606],"product_tag":[],"class_list":{"0":"post-72916","1":"product","2":"type-product","3":"status-publish","4":"has-post-thumbnail","6":"marca-wilson-fr","7":"product_cat-balles","9":"first","10":"instock","11":"sale","12":"taxable","13":"shipping-taxable","14":"purchasable","15":"product-type-simple"},"acf":[],"yoast_head":"<!-- This site is optimized with the Yoast SEO plugin v27.4 - https:\/\/yoast.com\/product\/yoast-seo-wordpress\/ -->\n<title>CAJON PELOTAS WILSON PREMIER PADEL SPEED - Revolution Padel Store<\/title>\n<meta name=\"description\" content=\"La espera ha valido la pena. Ya tenemos disponible el CAJON PELOTAS WILSON PREMIER PADEL SPEED, las nuevas pelotas profesionales para el circuito Premier Padel, la mejor competici\u00f3n de p\u00e1del a nivel mundial. Tras este nuevo acuerdo de Wilson con Premier Padel, han creado unas pelotas de p\u00e1del incre\u00edbles, de las m\u00e1s r\u00e1pidas que hay para cualquier condici\u00f3n donde se usen.Son unas pelotas de p\u00e1del muy r\u00e1pidas con lo que nuestro juego en la zona de ataque se va a ver potenciado. Adem\u00e1s, se han enfocado como no puede ser de otro modo en la durabilidad, lo que las hace ideales para jugadores que buscan un modelo que dure m\u00e1s tiempo sin perder su rendimiento.\" \/>\n<meta name=\"robots\" content=\"index, follow, max-snippet:-1, max-image-preview:large, max-video-preview:-1\" \/>\n<link rel=\"canonical\" href=\"https:\/\/revolutionpadelstore.com\/fr\/produit\/cajon-pelotas-wilson-premier-padel-speed-3\/\" \/>\n<meta property=\"og:locale\" content=\"fr_FR\" \/>\n<meta property=\"og:type\" content=\"article\" \/>\n<meta property=\"og:title\" content=\"CAJON PELOTAS WILSON PREMIER PADEL SPEED - Revolution Padel Store\" \/>\n<meta property=\"og:description\" content=\"La espera ha valido la pena. Ya tenemos disponible el CAJON PELOTAS WILSON PREMIER PADEL SPEED, las nuevas pelotas profesionales para el circuito Premier Padel, la mejor competici\u00f3n de p\u00e1del a nivel mundial. Tras este nuevo acuerdo de Wilson con Premier Padel, han creado unas pelotas de p\u00e1del incre\u00edbles, de las m\u00e1s r\u00e1pidas que hay para cualquier condici\u00f3n donde se usen.Son unas pelotas de p\u00e1del muy r\u00e1pidas con lo que nuestro juego en la zona de ataque se va a ver potenciado. Adem\u00e1s, se han enfocado como no puede ser de otro modo en la durabilidad, lo que las hace ideales para jugadores que buscan un modelo que dure m\u00e1s tiempo sin perder su rendimiento.\" \/>\n<meta property=\"og:url\" content=\"https:\/\/revolutionpadelstore.com\/fr\/produit\/cajon-pelotas-wilson-premier-padel-speed-3\/\" \/>\n<meta property=\"og:site_name\" content=\"Revolution Padel Store\" \/>\n<meta property=\"article:modified_time\" content=\"2026-04-16T12:02:30+00:00\" \/>\n<meta property=\"og:image\" content=\"https:\/\/revolutionpadelstore.com\/wp-content\/uploads\/2024\/08\/cajon-pelotas-wilson-premier-padel-speed.jpg\" \/>\n\t<meta property=\"og:image:width\" content=\"800\" \/>\n\t<meta property=\"og:image:height\" content=\"800\" \/>\n\t<meta property=\"og:image:type\" content=\"image\/jpeg\" \/>\n<meta name=\"twitter:card\" content=\"summary_large_image\" \/>\n<meta name=\"twitter:label1\" content=\"Dur\u00e9e de lecture estim\u00e9e\" \/>\n\t<meta name=\"twitter:data1\" content=\"1 minute\" \/>\n<script type=\"application\/ld+json\" class=\"yoast-schema-graph\">{\"@context\":\"https:\\\/\\\/schema.org\",\"@graph\":[{\"@type\":\"WebPage\",\"@id\":\"https:\\\/\\\/revolutionpadelstore.com\\\/fr\\\/produit\\\/cajon-pelotas-wilson-premier-padel-speed-3\\\/\",\"url\":\"https:\\\/\\\/revolutionpadelstore.com\\\/fr\\\/produit\\\/cajon-pelotas-wilson-premier-padel-speed-3\\\/\",\"name\":\"CAJON PELOTAS WILSON PREMIER PADEL SPEED - Revolution Padel Store\",\"isPartOf\":{\"@id\":\"https:\\\/\\\/revolutionpadelstore.com\\\/fr\\\/#website\"},\"primaryImageOfPage\":{\"@id\":\"https:\\\/\\\/revolutionpadelstore.com\\\/fr\\\/produit\\\/cajon-pelotas-wilson-premier-padel-speed-3\\\/#primaryimage\"},\"image\":{\"@id\":\"https:\\\/\\\/revolutionpadelstore.com\\\/fr\\\/produit\\\/cajon-pelotas-wilson-premier-padel-speed-3\\\/#primaryimage\"},\"thumbnailUrl\":\"https:\\\/\\\/revolutionpadelstore.com\\\/wp-content\\\/uploads\\\/2024\\\/08\\\/cajon-pelotas-wilson-premier-padel-speed.jpg\",\"datePublished\":\"2024-08-22T15:44:29+00:00\",\"dateModified\":\"2026-04-16T12:02:30+00:00\",\"description\":\"La espera ha valido la pena. Ya tenemos disponible el CAJON PELOTAS WILSON PREMIER PADEL SPEED, las nuevas pelotas profesionales para el circuito Premier Padel, la mejor competici\u00f3n de p\u00e1del a nivel mundial. Tras este nuevo acuerdo de Wilson con Premier Padel, han creado unas pelotas de p\u00e1del incre\u00edbles, de las m\u00e1s r\u00e1pidas que hay para cualquier condici\u00f3n donde se usen.Son unas pelotas de p\u00e1del muy r\u00e1pidas con lo que nuestro juego en la zona de ataque se va a ver potenciado. Adem\u00e1s, se han enfocado como no puede ser de otro modo en la durabilidad, lo que las hace ideales para jugadores que buscan un modelo que dure m\u00e1s tiempo sin perder su rendimiento.\",\"breadcrumb\":{\"@id\":\"https:\\\/\\\/revolutionpadelstore.com\\\/fr\\\/produit\\\/cajon-pelotas-wilson-premier-padel-speed-3\\\/#breadcrumb\"},\"inLanguage\":\"fr-FR\",\"potentialAction\":[{\"@type\":\"ReadAction\",\"target\":[\"https:\\\/\\\/revolutionpadelstore.com\\\/fr\\\/produit\\\/cajon-pelotas-wilson-premier-padel-speed-3\\\/\"]}]},{\"@type\":\"ImageObject\",\"inLanguage\":\"fr-FR\",\"@id\":\"https:\\\/\\\/revolutionpadelstore.com\\\/fr\\\/produit\\\/cajon-pelotas-wilson-premier-padel-speed-3\\\/#primaryimage\",\"url\":\"https:\\\/\\\/revolutionpadelstore.com\\\/wp-content\\\/uploads\\\/2024\\\/08\\\/cajon-pelotas-wilson-premier-padel-speed.jpg\",\"contentUrl\":\"https:\\\/\\\/revolutionpadelstore.com\\\/wp-content\\\/uploads\\\/2024\\\/08\\\/cajon-pelotas-wilson-premier-padel-speed.jpg\",\"width\":800,\"height\":800},{\"@type\":\"BreadcrumbList\",\"@id\":\"https:\\\/\\\/revolutionpadelstore.com\\\/fr\\\/produit\\\/cajon-pelotas-wilson-premier-padel-speed-3\\\/#breadcrumb\",\"itemListElement\":[{\"@type\":\"ListItem\",\"position\":1,\"name\":\"Portada\",\"item\":\"https:\\\/\\\/revolutionpadelstore.com\\\/fr\\\/\"},{\"@type\":\"ListItem\",\"position\":2,\"name\":\"Boutique\",\"item\":\"https:\\\/\\\/revolutionpadelstore.com\\\/fr\\\/tienda\\\/\"},{\"@type\":\"ListItem\",\"position\":3,\"name\":\"CAJON PELOTAS WILSON PREMIER PADEL SPEED\"}]},{\"@type\":\"WebSite\",\"@id\":\"https:\\\/\\\/revolutionpadelstore.com\\\/fr\\\/#website\",\"url\":\"https:\\\/\\\/revolutionpadelstore.com\\\/fr\\\/\",\"name\":\"Revolution Padel Store\",\"description\":\"\",\"publisher\":{\"@id\":\"https:\\\/\\\/revolutionpadelstore.com\\\/fr\\\/#organization\"},\"potentialAction\":[{\"@type\":\"SearchAction\",\"target\":{\"@type\":\"EntryPoint\",\"urlTemplate\":\"https:\\\/\\\/revolutionpadelstore.com\\\/fr\\\/?s={search_term_string}\"},\"query-input\":{\"@type\":\"PropertyValueSpecification\",\"valueRequired\":true,\"valueName\":\"search_term_string\"}}],\"inLanguage\":\"fr-FR\"},{\"@type\":\"Organization\",\"@id\":\"https:\\\/\\\/revolutionpadelstore.com\\\/fr\\\/#organization\",\"name\":\"Revolution Padel Store\",\"url\":\"https:\\\/\\\/revolutionpadelstore.com\\\/fr\\\/\",\"logo\":{\"@type\":\"ImageObject\",\"inLanguage\":\"fr-FR\",\"@id\":\"https:\\\/\\\/revolutionpadelstore.com\\\/fr\\\/#\\\/schema\\\/logo\\\/image\\\/\",\"url\":\"https:\\\/\\\/revolutionpadelstore.com\\\/wp-content\\\/uploads\\\/2026\\\/02\\\/revolution-padel-store.jpg\",\"contentUrl\":\"https:\\\/\\\/revolutionpadelstore.com\\\/wp-content\\\/uploads\\\/2026\\\/02\\\/revolution-padel-store.jpg\",\"width\":2000,\"height\":2000,\"caption\":\"Revolution Padel Store\"},\"image\":{\"@id\":\"https:\\\/\\\/revolutionpadelstore.com\\\/fr\\\/#\\\/schema\\\/logo\\\/image\\\/\"},\"sameAs\":[\"https:\\\/\\\/www.instagram.com\\\/revolutionpadelstore\\\/\"]}]}<\/script>\n<!-- \/ Yoast SEO plugin. -->","yoast_head_json":{"title":"CAJON PELOTAS WILSON PREMIER PADEL SPEED - Revolution Padel Store","description":"La espera ha valido la pena. Ya tenemos disponible el CAJON PELOTAS WILSON PREMIER PADEL SPEED, las nuevas pelotas profesionales para el circuito Premier Padel, la mejor competici\u00f3n de p\u00e1del a nivel mundial. Tras este nuevo acuerdo de Wilson con Premier Padel, han creado unas pelotas de p\u00e1del incre\u00edbles, de las m\u00e1s r\u00e1pidas que hay para cualquier condici\u00f3n donde se usen.Son unas pelotas de p\u00e1del muy r\u00e1pidas con lo que nuestro juego en la zona de ataque se va a ver potenciado. Adem\u00e1s, se han enfocado como no puede ser de otro modo en la durabilidad, lo que las hace ideales para jugadores que buscan un modelo que dure m\u00e1s tiempo sin perder su rendimiento.","robots":{"index":"index","follow":"follow","max-snippet":"max-snippet:-1","max-image-preview":"max-image-preview:large","max-video-preview":"max-video-preview:-1"},"canonical":"https:\/\/revolutionpadelstore.com\/fr\/produit\/cajon-pelotas-wilson-premier-padel-speed-3\/","og_locale":"fr_FR","og_type":"article","og_title":"CAJON PELOTAS WILSON PREMIER PADEL SPEED - Revolution Padel Store","og_description":"La espera ha valido la pena. Ya tenemos disponible el CAJON PELOTAS WILSON PREMIER PADEL SPEED, las nuevas pelotas profesionales para el circuito Premier Padel, la mejor competici\u00f3n de p\u00e1del a nivel mundial. Tras este nuevo acuerdo de Wilson con Premier Padel, han creado unas pelotas de p\u00e1del incre\u00edbles, de las m\u00e1s r\u00e1pidas que hay para cualquier condici\u00f3n donde se usen.Son unas pelotas de p\u00e1del muy r\u00e1pidas con lo que nuestro juego en la zona de ataque se va a ver potenciado. Adem\u00e1s, se han enfocado como no puede ser de otro modo en la durabilidad, lo que las hace ideales para jugadores que buscan un modelo que dure m\u00e1s tiempo sin perder su rendimiento.","og_url":"https:\/\/revolutionpadelstore.com\/fr\/produit\/cajon-pelotas-wilson-premier-padel-speed-3\/","og_site_name":"Revolution Padel Store","article_modified_time":"2026-04-16T12:02:30+00:00","og_image":[{"width":800,"height":800,"url":"https:\/\/revolutionpadelstore.com\/wp-content\/uploads\/2024\/08\/cajon-pelotas-wilson-premier-padel-speed.jpg","type":"image\/jpeg"}],"twitter_card":"summary_large_image","twitter_misc":{"Dur\u00e9e de lecture estim\u00e9e":"1 minute"},"schema":{"@context":"https:\/\/schema.org","@graph":[{"@type":"WebPage","@id":"https:\/\/revolutionpadelstore.com\/fr\/produit\/cajon-pelotas-wilson-premier-padel-speed-3\/","url":"https:\/\/revolutionpadelstore.com\/fr\/produit\/cajon-pelotas-wilson-premier-padel-speed-3\/","name":"CAJON PELOTAS WILSON PREMIER PADEL SPEED - Revolution Padel Store","isPartOf":{"@id":"https:\/\/revolutionpadelstore.com\/fr\/#website"},"primaryImageOfPage":{"@id":"https:\/\/revolutionpadelstore.com\/fr\/produit\/cajon-pelotas-wilson-premier-padel-speed-3\/#primaryimage"},"image":{"@id":"https:\/\/revolutionpadelstore.com\/fr\/produit\/cajon-pelotas-wilson-premier-padel-speed-3\/#primaryimage"},"thumbnailUrl":"https:\/\/revolutionpadelstore.com\/wp-content\/uploads\/2024\/08\/cajon-pelotas-wilson-premier-padel-speed.jpg","datePublished":"2024-08-22T15:44:29+00:00","dateModified":"2026-04-16T12:02:30+00:00","description":"La espera ha valido la pena. Ya tenemos disponible el CAJON PELOTAS WILSON PREMIER PADEL SPEED, las nuevas pelotas profesionales para el circuito Premier Padel, la mejor competici\u00f3n de p\u00e1del a nivel mundial. Tras este nuevo acuerdo de Wilson con Premier Padel, han creado unas pelotas de p\u00e1del incre\u00edbles, de las m\u00e1s r\u00e1pidas que hay para cualquier condici\u00f3n donde se usen.Son unas pelotas de p\u00e1del muy r\u00e1pidas con lo que nuestro juego en la zona de ataque se va a ver potenciado. Adem\u00e1s, se han enfocado como no puede ser de otro modo en la durabilidad, lo que las hace ideales para jugadores que buscan un modelo que dure m\u00e1s tiempo sin perder su rendimiento.","breadcrumb":{"@id":"https:\/\/revolutionpadelstore.com\/fr\/produit\/cajon-pelotas-wilson-premier-padel-speed-3\/#breadcrumb"},"inLanguage":"fr-FR","potentialAction":[{"@type":"ReadAction","target":["https:\/\/revolutionpadelstore.com\/fr\/produit\/cajon-pelotas-wilson-premier-padel-speed-3\/"]}]},{"@type":"ImageObject","inLanguage":"fr-FR","@id":"https:\/\/revolutionpadelstore.com\/fr\/produit\/cajon-pelotas-wilson-premier-padel-speed-3\/#primaryimage","url":"https:\/\/revolutionpadelstore.com\/wp-content\/uploads\/2024\/08\/cajon-pelotas-wilson-premier-padel-speed.jpg","contentUrl":"https:\/\/revolutionpadelstore.com\/wp-content\/uploads\/2024\/08\/cajon-pelotas-wilson-premier-padel-speed.jpg","width":800,"height":800},{"@type":"BreadcrumbList","@id":"https:\/\/revolutionpadelstore.com\/fr\/produit\/cajon-pelotas-wilson-premier-padel-speed-3\/#breadcrumb","itemListElement":[{"@type":"ListItem","position":1,"name":"Portada","item":"https:\/\/revolutionpadelstore.com\/fr\/"},{"@type":"ListItem","position":2,"name":"Boutique","item":"https:\/\/revolutionpadelstore.com\/fr\/tienda\/"},{"@type":"ListItem","position":3,"name":"CAJON PELOTAS WILSON PREMIER PADEL SPEED"}]},{"@type":"WebSite","@id":"https:\/\/revolutionpadelstore.com\/fr\/#website","url":"https:\/\/revolutionpadelstore.com\/fr\/","name":"Revolution Padel Store","description":"","publisher":{"@id":"https:\/\/revolutionpadelstore.com\/fr\/#organization"},"potentialAction":[{"@type":"SearchAction","target":{"@type":"EntryPoint","urlTemplate":"https:\/\/revolutionpadelstore.com\/fr\/?s={search_term_string}"},"query-input":{"@type":"PropertyValueSpecification","valueRequired":true,"valueName":"search_term_string"}}],"inLanguage":"fr-FR"},{"@type":"Organization","@id":"https:\/\/revolutionpadelstore.com\/fr\/#organization","name":"Revolution Padel Store","url":"https:\/\/revolutionpadelstore.com\/fr\/","logo":{"@type":"ImageObject","inLanguage":"fr-FR","@id":"https:\/\/revolutionpadelstore.com\/fr\/#\/schema\/logo\/image\/","url":"https:\/\/revolutionpadelstore.com\/wp-content\/uploads\/2026\/02\/revolution-padel-store.jpg","contentUrl":"https:\/\/revolutionpadelstore.com\/wp-content\/uploads\/2026\/02\/revolution-padel-store.jpg","width":2000,"height":2000,"caption":"Revolution Padel Store"},"image":{"@id":"https:\/\/revolutionpadelstore.com\/fr\/#\/schema\/logo\/image\/"},"sameAs":["https:\/\/www.instagram.com\/revolutionpadelstore\/"]}]}},"_links":{"self":[{"href":"https:\/\/revolutionpadelstore.com\/fr\/wp-json\/wp\/v2\/product\/72916","targetHints":{"allow":["GET"]}}],"collection":[{"href":"https:\/\/revolutionpadelstore.com\/fr\/wp-json\/wp\/v2\/product"}],"about":[{"href":"https:\/\/revolutionpadelstore.com\/fr\/wp-json\/wp\/v2\/types\/product"}],"replies":[{"embeddable":true,"href":"https:\/\/revolutionpadelstore.com\/fr\/wp-json\/wp\/v2\/comments?post=72916"}],"wp:featuredmedia":[{"embeddable":true,"href":"https:\/\/revolutionpadelstore.com\/fr\/wp-json\/wp\/v2\/media\/62509"}],"wp:attachment":[{"href":"https:\/\/revolutionpadelstore.com\/fr\/wp-json\/wp\/v2\/media?parent=72916"}],"wp:term":[{"taxonomy":"acabado","embeddable":true,"href":"https:\/\/revolutionpadelstore.com\/fr\/wp-json\/wp\/v2\/acabado?post=72916"},{"taxonomy":"balance","embeddable":true,"href":"https:\/\/revolutionpadelstore.com\/fr\/wp-json\/wp\/v2\/balance?post=72916"},{"taxonomy":"dureza","embeddable":true,"href":"https:\/\/revolutionpadelstore.com\/fr\/wp-json\/wp\/v2\/dureza?post=72916"},{"taxonomy":"forma","embeddable":true,"href":"https:\/\/revolutionpadelstore.com\/fr\/wp-json\/wp\/v2\/forma?post=72916"},{"taxonomy":"jugador","embeddable":true,"href":"https:\/\/revolutionpadelstore.com\/fr\/wp-json\/wp\/v2\/jugador?post=72916"},{"taxonomy":"marca","embeddable":true,"href":"https:\/\/revolutionpadelstore.com\/fr\/wp-json\/wp\/v2\/marca?post=72916"},{"taxonomy":"nivel-de-juego","embeddable":true,"href":"https:\/\/revolutionpadelstore.com\/fr\/wp-json\/wp\/v2\/nivel-de-juego?post=72916"},{"taxonomy":"superficie","embeddable":true,"href":"https:\/\/revolutionpadelstore.com\/fr\/wp-json\/wp\/v2\/superficie?post=72916"},{"taxonomy":"tipo-de-juego","embeddable":true,"href":"https:\/\/revolutionpadelstore.com\/fr\/wp-json\/wp\/v2\/tipo-de-juego?post=72916"},{"taxonomy":"product_brand","embeddable":true,"href":"https:\/\/revolutionpadelstore.com\/fr\/wp-json\/wp\/v2\/product_brand?post=72916"},{"taxonomy":"product_cat","embeddable":true,"href":"https:\/\/revolutionpadelstore.com\/fr\/wp-json\/wp\/v2\/product_cat?post=72916"},{"taxonomy":"product_tag","embeddable":true,"href":"https:\/\/revolutionpadelstore.com\/fr\/wp-json\/wp\/v2\/product_tag?post=72916"}],"curies":[{"name":"wp","href":"https:\/\/api.w.org\/{rel}","templated":true}]}}