{"id":72911,"date":"2024-08-23T10:59:16","date_gmt":"2024-08-23T08:59:16","guid":{"rendered":"https:\/\/revolutionpadelstore.com\/zapatillas-head-motion-pro-padel-men-whln\/"},"modified":"2026-04-08T11:01:42","modified_gmt":"2026-04-08T09:01:42","slug":"zapatillas-head-motion-pro-padel-men-whln-3","status":"publish","type":"product","link":"https:\/\/revolutionpadelstore.com\/fr\/produit\/zapatillas-head-motion-pro-padel-men-whln-3\/","title":{"rendered":"ZAPATILLAS HEAD MOTION PRO PADEL MEN WHLN"},"content":{"rendered":"<p><strong>HEAD MOTION PRO PADEL BLANC JAUNE, LE MEILLEUR DU MARCH\u00c9 <\/strong><\/p>\n<p>HEAD propose pour la premi\u00e8re fois des chaussures con\u00e7ues sp\u00e9cifiquement pour le padel.<\/p>\n<p>Les nouvelles chaussures MOTION PRO PADEL, d\u00e9velopp\u00e9es en collaboration avec des joueurs professionnels HEAD, permettent un mouvement \u00e0 360 degr\u00e9s et offrent des performances sup\u00e9rieures gr\u00e2ce \u00e0 leur design moderne, qui se distingue par sa stabilit\u00e9 et sa respirabilit\u00e9, sans sous-estimer sa l\u00e9g\u00e8ret\u00e9.<\/p>\n<p>Le mod\u00e8le de semelle avanc\u00e9, test\u00e9 en collaboration avec MONDO, le fournisseur de rev\u00eatement officiel du World Padel Tour, am\u00e9liore l&#8217;adh\u00e9rence dans toutes les directions.<\/p>\n<p>Pour offrir un niveau de confort exceptionnel, la chaussure est dot\u00e9e d&#8217;une structure de chaussette enti\u00e8rement \u00e9lastique, tandis que la semelle interm\u00e9diaire b\u00e9n\u00e9ficie de la technologie DynaFoam, qui contient de petites cellules d&#8217;air, la rendant l\u00e9g\u00e8re et tr\u00e8s r\u00e9active.<\/p>\n<p>De m\u00eame, il offre une grande stabilit\u00e9 en combinant une tige en polyur\u00e9thane thermoplastique jusqu&#8217;au milieu du pied, la partie sup\u00e9rieure renforc\u00e9e et la technologie Lateral Control+.<\/p>\n<p>Pour garder votre pied au frais, la chaussure MOTION PRO PADEL est dot\u00e9e d&#8217;une maille respirante et d&#8217;un syst\u00e8me de refroidissement ventil\u00e9 au niveau du m\u00e9dio-pied. Son design saisissant, avec un grand logo HEAD, apporte de la modernit\u00e9 \u00e0 cette chaussure.<strong>HEAD MOTION PRO PADEL BLANCO AMARILLO, LAS MEJORES DEL MERCADO\u00a0<\/strong><\/p>\n","protected":false},"excerpt":{"rendered":"<p>Head Motion Pro Padel Blanc Jaune &#8211; D\u00e9couvrez tous les avantages que vos nouvelles chaussures id\u00e9ales ont pour votre confort<\/p>\n","protected":false},"featured_media":62563,"comment_status":"open","ping_status":"closed","template":"","meta":{"_acf_changed":false,"_joinchat":[]},"acabado":[],"balance":[],"dureza":[],"forma":[],"jugador":[1192],"marca":[1222],"nivel-de-juego":[],"superficie":[],"tipo-de-juego":[],"product_brand":[],"product_cat":[407],"product_tag":[],"class_list":{"0":"post-72911","1":"product","2":"type-product","3":"status-publish","4":"has-post-thumbnail","6":"jugador-homme","7":"marca-tete","8":"product_cat-sneakers-pour-hommes","10":"first","11":"outofstock","12":"sale","13":"taxable","14":"shipping-taxable","15":"purchasable","16":"product-type-variable"},"acf":[],"yoast_head":"<!-- This site is optimized with the Yoast SEO plugin v27.4 - https:\/\/yoast.com\/product\/yoast-seo-wordpress\/ -->\n<title>ZAPATILLAS HEAD MOTION PRO PADEL MEN WHLN - Revolution Padel Store<\/title>\n<meta name=\"description\" content=\"Las nuevas zapatillas MOTION PRO PADEL, desarrolladas en colaboraci\u00f3n con los jugadores profesionales de HEAD, permiten un movimiento de 360 grados y ofrecen un rendimiento superior gracias a su moderno dise\u00f1o, que destaca por su estabilidad y transpirabilidad, sin menospreciar su ligereza.El patr\u00f3n avanzado de la suela \u2014sometido a pruebas en colaboraci\u00f3n con MONDO, el proveedor del revestimiento oficial del World Padel Tour\u2014 mejora el agarre en todas las direcciones.\" \/>\n<meta name=\"robots\" content=\"index, follow, max-snippet:-1, max-image-preview:large, max-video-preview:-1\" \/>\n<link rel=\"canonical\" href=\"https:\/\/revolutionpadelstore.com\/fr\/produit\/zapatillas-head-motion-pro-padel-men-whln-3\/\" \/>\n<meta property=\"og:locale\" content=\"fr_FR\" \/>\n<meta property=\"og:type\" content=\"article\" \/>\n<meta property=\"og:title\" content=\"COMPRAR ZAPATILLAS HEAD MOTION PRO PADEL MEN WHLN\" \/>\n<meta property=\"og:description\" content=\"Las nuevas zapatillas MOTION PRO PADEL, desarrolladas en colaboraci\u00f3n con los jugadores profesionales de HEAD, permiten un movimiento de 360 grados y ofrecen un rendimiento superior gracias a su moderno dise\u00f1o, que destaca por su estabilidad y transpirabilidad, sin menospreciar su ligereza.El patr\u00f3n avanzado de la suela \u2014sometido a pruebas en colaboraci\u00f3n con MONDO, el proveedor del revestimiento oficial del World Padel Tour\u2014 mejora el agarre en todas las direcciones.\" \/>\n<meta property=\"og:url\" content=\"https:\/\/revolutionpadelstore.com\/fr\/produit\/zapatillas-head-motion-pro-padel-men-whln-3\/\" \/>\n<meta property=\"og:site_name\" content=\"Revolution Padel Store\" \/>\n<meta property=\"article:modified_time\" content=\"2026-04-08T09:01:42+00:00\" \/>\n<meta property=\"og:image\" content=\"https:\/\/revolutionpadelstore.com\/wp-content\/uploads\/2024\/08\/ama2.jpg\" \/>\n\t<meta property=\"og:image:width\" content=\"800\" \/>\n\t<meta property=\"og:image:height\" content=\"800\" \/>\n\t<meta property=\"og:image:type\" content=\"image\/jpeg\" \/>\n<meta name=\"twitter:card\" content=\"summary_large_image\" \/>\n<meta name=\"twitter:label1\" content=\"Dur\u00e9e de lecture estim\u00e9e\" \/>\n\t<meta name=\"twitter:data1\" content=\"2 minutes\" \/>\n<script type=\"application\/ld+json\" class=\"yoast-schema-graph\">{\"@context\":\"https:\\\/\\\/schema.org\",\"@graph\":[{\"@type\":\"WebPage\",\"@id\":\"https:\\\/\\\/revolutionpadelstore.com\\\/fr\\\/produit\\\/zapatillas-head-motion-pro-padel-men-whln-3\\\/\",\"url\":\"https:\\\/\\\/revolutionpadelstore.com\\\/fr\\\/produit\\\/zapatillas-head-motion-pro-padel-men-whln-3\\\/\",\"name\":\"ZAPATILLAS HEAD MOTION PRO PADEL MEN WHLN - Revolution Padel Store\",\"isPartOf\":{\"@id\":\"https:\\\/\\\/revolutionpadelstore.com\\\/fr\\\/#website\"},\"primaryImageOfPage\":{\"@id\":\"https:\\\/\\\/revolutionpadelstore.com\\\/fr\\\/produit\\\/zapatillas-head-motion-pro-padel-men-whln-3\\\/#primaryimage\"},\"image\":{\"@id\":\"https:\\\/\\\/revolutionpadelstore.com\\\/fr\\\/produit\\\/zapatillas-head-motion-pro-padel-men-whln-3\\\/#primaryimage\"},\"thumbnailUrl\":\"https:\\\/\\\/revolutionpadelstore.com\\\/wp-content\\\/uploads\\\/2024\\\/08\\\/ama2.jpg\",\"datePublished\":\"2024-08-23T08:59:16+00:00\",\"dateModified\":\"2026-04-08T09:01:42+00:00\",\"description\":\"Las nuevas zapatillas MOTION PRO PADEL, desarrolladas en colaboraci\u00f3n con los jugadores profesionales de HEAD, permiten un movimiento de 360 grados y ofrecen un rendimiento superior gracias a su moderno dise\u00f1o, que destaca por su estabilidad y transpirabilidad, sin menospreciar su ligereza.El patr\u00f3n avanzado de la suela \u2014sometido a pruebas en colaboraci\u00f3n con MONDO, el proveedor del revestimiento oficial del World Padel Tour\u2014 mejora el agarre en todas las direcciones.\",\"breadcrumb\":{\"@id\":\"https:\\\/\\\/revolutionpadelstore.com\\\/fr\\\/produit\\\/zapatillas-head-motion-pro-padel-men-whln-3\\\/#breadcrumb\"},\"inLanguage\":\"fr-FR\",\"potentialAction\":[{\"@type\":\"ReadAction\",\"target\":[\"https:\\\/\\\/revolutionpadelstore.com\\\/fr\\\/produit\\\/zapatillas-head-motion-pro-padel-men-whln-3\\\/\"]}]},{\"@type\":\"ImageObject\",\"inLanguage\":\"fr-FR\",\"@id\":\"https:\\\/\\\/revolutionpadelstore.com\\\/fr\\\/produit\\\/zapatillas-head-motion-pro-padel-men-whln-3\\\/#primaryimage\",\"url\":\"https:\\\/\\\/revolutionpadelstore.com\\\/wp-content\\\/uploads\\\/2024\\\/08\\\/ama2.jpg\",\"contentUrl\":\"https:\\\/\\\/revolutionpadelstore.com\\\/wp-content\\\/uploads\\\/2024\\\/08\\\/ama2.jpg\",\"width\":800,\"height\":800},{\"@type\":\"BreadcrumbList\",\"@id\":\"https:\\\/\\\/revolutionpadelstore.com\\\/fr\\\/produit\\\/zapatillas-head-motion-pro-padel-men-whln-3\\\/#breadcrumb\",\"itemListElement\":[{\"@type\":\"ListItem\",\"position\":1,\"name\":\"Portada\",\"item\":\"https:\\\/\\\/revolutionpadelstore.com\\\/fr\\\/\"},{\"@type\":\"ListItem\",\"position\":2,\"name\":\"Boutique\",\"item\":\"https:\\\/\\\/revolutionpadelstore.com\\\/fr\\\/tienda\\\/\"},{\"@type\":\"ListItem\",\"position\":3,\"name\":\"ZAPATILLAS HEAD MOTION PRO PADEL MEN WHLN\"}]},{\"@type\":\"WebSite\",\"@id\":\"https:\\\/\\\/revolutionpadelstore.com\\\/fr\\\/#website\",\"url\":\"https:\\\/\\\/revolutionpadelstore.com\\\/fr\\\/\",\"name\":\"Revolution Padel Store\",\"description\":\"\",\"publisher\":{\"@id\":\"https:\\\/\\\/revolutionpadelstore.com\\\/fr\\\/#organization\"},\"potentialAction\":[{\"@type\":\"SearchAction\",\"target\":{\"@type\":\"EntryPoint\",\"urlTemplate\":\"https:\\\/\\\/revolutionpadelstore.com\\\/fr\\\/?s={search_term_string}\"},\"query-input\":{\"@type\":\"PropertyValueSpecification\",\"valueRequired\":true,\"valueName\":\"search_term_string\"}}],\"inLanguage\":\"fr-FR\"},{\"@type\":\"Organization\",\"@id\":\"https:\\\/\\\/revolutionpadelstore.com\\\/fr\\\/#organization\",\"name\":\"Revolution Padel Store\",\"url\":\"https:\\\/\\\/revolutionpadelstore.com\\\/fr\\\/\",\"logo\":{\"@type\":\"ImageObject\",\"inLanguage\":\"fr-FR\",\"@id\":\"https:\\\/\\\/revolutionpadelstore.com\\\/fr\\\/#\\\/schema\\\/logo\\\/image\\\/\",\"url\":\"https:\\\/\\\/revolutionpadelstore.com\\\/wp-content\\\/uploads\\\/2026\\\/02\\\/revolution-padel-store.jpg\",\"contentUrl\":\"https:\\\/\\\/revolutionpadelstore.com\\\/wp-content\\\/uploads\\\/2026\\\/02\\\/revolution-padel-store.jpg\",\"width\":2000,\"height\":2000,\"caption\":\"Revolution Padel Store\"},\"image\":{\"@id\":\"https:\\\/\\\/revolutionpadelstore.com\\\/fr\\\/#\\\/schema\\\/logo\\\/image\\\/\"},\"sameAs\":[\"https:\\\/\\\/www.instagram.com\\\/revolutionpadelstore\\\/\"]}]}<\/script>\n<!-- \/ Yoast SEO plugin. -->","yoast_head_json":{"title":"ZAPATILLAS HEAD MOTION PRO PADEL MEN WHLN - Revolution Padel Store","description":"Las nuevas zapatillas MOTION PRO PADEL, desarrolladas en colaboraci\u00f3n con los jugadores profesionales de HEAD, permiten un movimiento de 360 grados y ofrecen un rendimiento superior gracias a su moderno dise\u00f1o, que destaca por su estabilidad y transpirabilidad, sin menospreciar su ligereza.El patr\u00f3n avanzado de la suela \u2014sometido a pruebas en colaboraci\u00f3n con MONDO, el proveedor del revestimiento oficial del World Padel Tour\u2014 mejora el agarre en todas las direcciones.","robots":{"index":"index","follow":"follow","max-snippet":"max-snippet:-1","max-image-preview":"max-image-preview:large","max-video-preview":"max-video-preview:-1"},"canonical":"https:\/\/revolutionpadelstore.com\/fr\/produit\/zapatillas-head-motion-pro-padel-men-whln-3\/","og_locale":"fr_FR","og_type":"article","og_title":"COMPRAR ZAPATILLAS HEAD MOTION PRO PADEL MEN WHLN","og_description":"Las nuevas zapatillas MOTION PRO PADEL, desarrolladas en colaboraci\u00f3n con los jugadores profesionales de HEAD, permiten un movimiento de 360 grados y ofrecen un rendimiento superior gracias a su moderno dise\u00f1o, que destaca por su estabilidad y transpirabilidad, sin menospreciar su ligereza.El patr\u00f3n avanzado de la suela \u2014sometido a pruebas en colaboraci\u00f3n con MONDO, el proveedor del revestimiento oficial del World Padel Tour\u2014 mejora el agarre en todas las direcciones.","og_url":"https:\/\/revolutionpadelstore.com\/fr\/produit\/zapatillas-head-motion-pro-padel-men-whln-3\/","og_site_name":"Revolution Padel Store","article_modified_time":"2026-04-08T09:01:42+00:00","og_image":[{"width":800,"height":800,"url":"https:\/\/revolutionpadelstore.com\/wp-content\/uploads\/2024\/08\/ama2.jpg","type":"image\/jpeg"}],"twitter_card":"summary_large_image","twitter_misc":{"Dur\u00e9e de lecture estim\u00e9e":"2 minutes"},"schema":{"@context":"https:\/\/schema.org","@graph":[{"@type":"WebPage","@id":"https:\/\/revolutionpadelstore.com\/fr\/produit\/zapatillas-head-motion-pro-padel-men-whln-3\/","url":"https:\/\/revolutionpadelstore.com\/fr\/produit\/zapatillas-head-motion-pro-padel-men-whln-3\/","name":"ZAPATILLAS HEAD MOTION PRO PADEL MEN WHLN - Revolution Padel Store","isPartOf":{"@id":"https:\/\/revolutionpadelstore.com\/fr\/#website"},"primaryImageOfPage":{"@id":"https:\/\/revolutionpadelstore.com\/fr\/produit\/zapatillas-head-motion-pro-padel-men-whln-3\/#primaryimage"},"image":{"@id":"https:\/\/revolutionpadelstore.com\/fr\/produit\/zapatillas-head-motion-pro-padel-men-whln-3\/#primaryimage"},"thumbnailUrl":"https:\/\/revolutionpadelstore.com\/wp-content\/uploads\/2024\/08\/ama2.jpg","datePublished":"2024-08-23T08:59:16+00:00","dateModified":"2026-04-08T09:01:42+00:00","description":"Las nuevas zapatillas MOTION PRO PADEL, desarrolladas en colaboraci\u00f3n con los jugadores profesionales de HEAD, permiten un movimiento de 360 grados y ofrecen un rendimiento superior gracias a su moderno dise\u00f1o, que destaca por su estabilidad y transpirabilidad, sin menospreciar su ligereza.El patr\u00f3n avanzado de la suela \u2014sometido a pruebas en colaboraci\u00f3n con MONDO, el proveedor del revestimiento oficial del World Padel Tour\u2014 mejora el agarre en todas las direcciones.","breadcrumb":{"@id":"https:\/\/revolutionpadelstore.com\/fr\/produit\/zapatillas-head-motion-pro-padel-men-whln-3\/#breadcrumb"},"inLanguage":"fr-FR","potentialAction":[{"@type":"ReadAction","target":["https:\/\/revolutionpadelstore.com\/fr\/produit\/zapatillas-head-motion-pro-padel-men-whln-3\/"]}]},{"@type":"ImageObject","inLanguage":"fr-FR","@id":"https:\/\/revolutionpadelstore.com\/fr\/produit\/zapatillas-head-motion-pro-padel-men-whln-3\/#primaryimage","url":"https:\/\/revolutionpadelstore.com\/wp-content\/uploads\/2024\/08\/ama2.jpg","contentUrl":"https:\/\/revolutionpadelstore.com\/wp-content\/uploads\/2024\/08\/ama2.jpg","width":800,"height":800},{"@type":"BreadcrumbList","@id":"https:\/\/revolutionpadelstore.com\/fr\/produit\/zapatillas-head-motion-pro-padel-men-whln-3\/#breadcrumb","itemListElement":[{"@type":"ListItem","position":1,"name":"Portada","item":"https:\/\/revolutionpadelstore.com\/fr\/"},{"@type":"ListItem","position":2,"name":"Boutique","item":"https:\/\/revolutionpadelstore.com\/fr\/tienda\/"},{"@type":"ListItem","position":3,"name":"ZAPATILLAS HEAD MOTION PRO PADEL MEN WHLN"}]},{"@type":"WebSite","@id":"https:\/\/revolutionpadelstore.com\/fr\/#website","url":"https:\/\/revolutionpadelstore.com\/fr\/","name":"Revolution Padel Store","description":"","publisher":{"@id":"https:\/\/revolutionpadelstore.com\/fr\/#organization"},"potentialAction":[{"@type":"SearchAction","target":{"@type":"EntryPoint","urlTemplate":"https:\/\/revolutionpadelstore.com\/fr\/?s={search_term_string}"},"query-input":{"@type":"PropertyValueSpecification","valueRequired":true,"valueName":"search_term_string"}}],"inLanguage":"fr-FR"},{"@type":"Organization","@id":"https:\/\/revolutionpadelstore.com\/fr\/#organization","name":"Revolution Padel Store","url":"https:\/\/revolutionpadelstore.com\/fr\/","logo":{"@type":"ImageObject","inLanguage":"fr-FR","@id":"https:\/\/revolutionpadelstore.com\/fr\/#\/schema\/logo\/image\/","url":"https:\/\/revolutionpadelstore.com\/wp-content\/uploads\/2026\/02\/revolution-padel-store.jpg","contentUrl":"https:\/\/revolutionpadelstore.com\/wp-content\/uploads\/2026\/02\/revolution-padel-store.jpg","width":2000,"height":2000,"caption":"Revolution Padel Store"},"image":{"@id":"https:\/\/revolutionpadelstore.com\/fr\/#\/schema\/logo\/image\/"},"sameAs":["https:\/\/www.instagram.com\/revolutionpadelstore\/"]}]}},"_links":{"self":[{"href":"https:\/\/revolutionpadelstore.com\/fr\/wp-json\/wp\/v2\/product\/72911","targetHints":{"allow":["GET"]}}],"collection":[{"href":"https:\/\/revolutionpadelstore.com\/fr\/wp-json\/wp\/v2\/product"}],"about":[{"href":"https:\/\/revolutionpadelstore.com\/fr\/wp-json\/wp\/v2\/types\/product"}],"replies":[{"embeddable":true,"href":"https:\/\/revolutionpadelstore.com\/fr\/wp-json\/wp\/v2\/comments?post=72911"}],"wp:featuredmedia":[{"embeddable":true,"href":"https:\/\/revolutionpadelstore.com\/fr\/wp-json\/wp\/v2\/media\/62563"}],"wp:attachment":[{"href":"https:\/\/revolutionpadelstore.com\/fr\/wp-json\/wp\/v2\/media?parent=72911"}],"wp:term":[{"taxonomy":"acabado","embeddable":true,"href":"https:\/\/revolutionpadelstore.com\/fr\/wp-json\/wp\/v2\/acabado?post=72911"},{"taxonomy":"balance","embeddable":true,"href":"https:\/\/revolutionpadelstore.com\/fr\/wp-json\/wp\/v2\/balance?post=72911"},{"taxonomy":"dureza","embeddable":true,"href":"https:\/\/revolutionpadelstore.com\/fr\/wp-json\/wp\/v2\/dureza?post=72911"},{"taxonomy":"forma","embeddable":true,"href":"https:\/\/revolutionpadelstore.com\/fr\/wp-json\/wp\/v2\/forma?post=72911"},{"taxonomy":"jugador","embeddable":true,"href":"https:\/\/revolutionpadelstore.com\/fr\/wp-json\/wp\/v2\/jugador?post=72911"},{"taxonomy":"marca","embeddable":true,"href":"https:\/\/revolutionpadelstore.com\/fr\/wp-json\/wp\/v2\/marca?post=72911"},{"taxonomy":"nivel-de-juego","embeddable":true,"href":"https:\/\/revolutionpadelstore.com\/fr\/wp-json\/wp\/v2\/nivel-de-juego?post=72911"},{"taxonomy":"superficie","embeddable":true,"href":"https:\/\/revolutionpadelstore.com\/fr\/wp-json\/wp\/v2\/superficie?post=72911"},{"taxonomy":"tipo-de-juego","embeddable":true,"href":"https:\/\/revolutionpadelstore.com\/fr\/wp-json\/wp\/v2\/tipo-de-juego?post=72911"},{"taxonomy":"product_brand","embeddable":true,"href":"https:\/\/revolutionpadelstore.com\/fr\/wp-json\/wp\/v2\/product_brand?post=72911"},{"taxonomy":"product_cat","embeddable":true,"href":"https:\/\/revolutionpadelstore.com\/fr\/wp-json\/wp\/v2\/product_cat?post=72911"},{"taxonomy":"product_tag","embeddable":true,"href":"https:\/\/revolutionpadelstore.com\/fr\/wp-json\/wp\/v2\/product_tag?post=72911"}],"curies":[{"name":"wp","href":"https:\/\/api.w.org\/{rel}","templated":true}]}}