{"id":72901,"date":"2024-08-24T18:29:28","date_gmt":"2024-08-24T16:29:28","guid":{"rendered":"https:\/\/revolutionpadelstore.com\/zapatillas-head-motion-pro-boa-padel-whbk\/"},"modified":"2026-04-08T10:56:27","modified_gmt":"2026-04-08T08:56:27","slug":"zapatillas-head-motion-pro-boa-padel-whbk-3","status":"publish","type":"product","link":"https:\/\/revolutionpadelstore.com\/fr\/produit\/zapatillas-head-motion-pro-boa-padel-whbk-3\/","title":{"rendered":"ZAPATILLAS HEAD MOTION PRO BOA PADEL WHBK"},"content":{"rendered":"<h2><strong>Chaussures Head Motion Pro Boa Padel Blanches<\/strong><\/h2>\n<p>Les <strong>chaussures Head Motion Pro Boa Padel Blanches<\/strong> sont con\u00e7ues sp\u00e9cifiquement <strong>pour les joueurs de padel \u00e0 la recherche d&#8217;un ajustement parfait et de performances sup\u00e9rieures<\/strong> sur le terrain. D\u00e9velopp\u00e9es en collaboration avec des joueurs professionnels de HEAD, ces chaussures sont les premi\u00e8res \u00e0 int\u00e9grer le syst\u00e8me de double r\u00e9glage BOA\u00ae, qui permet un ajustement micro-ajustable pr\u00e9cis et facile \u00e0 g\u00e9rer. Ce syst\u00e8me innovant garantit que les chaussures s&#8217;adaptent parfaitement au pied, offrant confort et s\u00e9curit\u00e9 \u00e0 chaque mouvement.<\/p>\n<p>La <strong>semelle avanc\u00e9e en terre battue<\/strong>, test\u00e9e en collaboration avec MONDO, offre une <strong>adh\u00e9rence exceptionnelle dans toutes les directions<\/strong>, optimisant le mouvement \u00e0 360 degr\u00e9s qui est crucial au padel. La tige en mesh respirant et le syst\u00e8me de refroidissement garantissent que vos pieds restent frais et secs pendant le jeu. De plus, la structure \u00e9lastique de la chaussette et la semelle int\u00e9rieure OrthoLite offrent un confort sup\u00e9rieur, tandis que la semelle interm\u00e9diaire DynaFoam, avec ses petites cellules d&#8217;air, assure une r\u00e9ponse l\u00e9g\u00e8re et durable.<\/p>\n<p>Pour ceux qui recherchent <strong>stabilit\u00e9 et protection<\/strong>, la technologie Lateral Control+ et la tige en polyur\u00e9thane thermoplastique offrent un maintien robuste, \u00e9vitant de tr\u00e9bucher lors de mouvements extr\u00eames. Le design moderne et accrocheur avec le logo HEAD garantit que les joueurs non seulement se sentent bien, mais aussi ont fi\u00e8re allure sur le terrain. En r\u00e9sum\u00e9, les Motion Pro Boa Padel sont id\u00e9ales pour les joueurs qui exigent pr\u00e9cision, confort et style dans leur \u00e9quipement de padel.<\/p>\n<h2><strong>Zapatillas Head Motion Pro Boa Padel Blanco<\/strong><\/p>\n","protected":false},"excerpt":{"rendered":"<p>Les chaussures Head Motion Pro Boa Padel White offrent un ajustement pr\u00e9cis avec le syst\u00e8me dual BOA\u00ae, une respirabilit\u00e9, une stabilit\u00e9 sup\u00e9rieure et un design moderne, id\u00e9ales pour les joueurs de padel \u00e0 la recherche de confort et de performance.<\/p>\n","protected":false},"featured_media":68059,"comment_status":"open","ping_status":"closed","template":"","meta":{"_acf_changed":false,"_joinchat":[]},"acabado":[],"balance":[],"dureza":[],"forma":[],"jugador":[1192],"marca":[1222],"nivel-de-juego":[],"superficie":[],"tipo-de-juego":[],"product_brand":[],"product_cat":[407],"product_tag":[],"class_list":{"0":"post-72901","1":"product","2":"type-product","3":"status-publish","4":"has-post-thumbnail","6":"jugador-homme","7":"marca-tete","8":"product_cat-sneakers-pour-hommes","10":"first","11":"outofstock","12":"sale","13":"taxable","14":"shipping-taxable","15":"purchasable","16":"product-type-variable"},"acf":[],"yoast_head":"<!-- This site is optimized with the Yoast SEO plugin v27.4 - https:\/\/yoast.com\/product\/yoast-seo-wordpress\/ -->\n<title>ZAPATILLAS HEAD MOTION PRO BOA PADEL WHBK - Revolution Padel Store<\/title>\n<meta name=\"description\" content=\"Las zapatillas Head Motion Pro Boa Padel Blanco est\u00e1n dise\u00f1adas espec\u00edficamente para jugadores de p\u00e1del que buscan un ajuste perfecto y un rendimiento superior en la pista. Desarrolladas en colaboraci\u00f3n con jugadores profesionales de HEAD, estas zapatillas son las primeras en incorporar el sistema de ajuste dual BOA\u00ae, que permite un ajuste micro-ajustable preciso y f\u00e1cil de manejar. Este sistema innovador asegura que el calzado se adapte perfectamente al pie, brindando comodidad y seguridad en cada movimiento.\" \/>\n<meta name=\"robots\" content=\"index, follow, max-snippet:-1, max-image-preview:large, max-video-preview:-1\" \/>\n<link rel=\"canonical\" href=\"https:\/\/revolutionpadelstore.com\/fr\/produit\/zapatillas-head-motion-pro-boa-padel-whbk-3\/\" \/>\n<meta property=\"og:locale\" content=\"fr_FR\" \/>\n<meta property=\"og:type\" content=\"article\" \/>\n<meta property=\"og:title\" content=\"COMPRAR ZAPATILLAS HEAD MOTION PRO BOA PADEL WHBK\" \/>\n<meta property=\"og:description\" content=\"Las zapatillas Head Motion Pro Boa Padel Blanco est\u00e1n dise\u00f1adas espec\u00edficamente para jugadores de p\u00e1del que buscan un ajuste perfecto y un rendimiento superior en la pista. Desarrolladas en colaboraci\u00f3n con jugadores profesionales de HEAD, estas zapatillas son las primeras en incorporar el sistema de ajuste dual BOA\u00ae, que permite un ajuste micro-ajustable preciso y f\u00e1cil de manejar. Este sistema innovador asegura que el calzado se adapte perfectamente al pie, brindando comodidad y seguridad en cada movimiento.\" \/>\n<meta property=\"og:url\" content=\"https:\/\/revolutionpadelstore.com\/fr\/produit\/zapatillas-head-motion-pro-boa-padel-whbk-3\/\" \/>\n<meta property=\"og:site_name\" content=\"Revolution Padel Store\" \/>\n<meta property=\"article:modified_time\" content=\"2026-04-08T08:56:27+00:00\" \/>\n<meta property=\"og:image\" content=\"https:\/\/revolutionpadelstore.com\/wp-content\/uploads\/2024\/08\/BOA-BLANCA.webp\" \/>\n\t<meta property=\"og:image:width\" content=\"1200\" \/>\n\t<meta property=\"og:image:height\" content=\"1200\" \/>\n\t<meta property=\"og:image:type\" content=\"image\/webp\" \/>\n<meta name=\"twitter:card\" content=\"summary_large_image\" \/>\n<meta name=\"twitter:label1\" content=\"Dur\u00e9e de lecture estim\u00e9e\" \/>\n\t<meta name=\"twitter:data1\" content=\"2 minutes\" \/>\n<script type=\"application\/ld+json\" class=\"yoast-schema-graph\">{\"@context\":\"https:\\\/\\\/schema.org\",\"@graph\":[{\"@type\":\"WebPage\",\"@id\":\"https:\\\/\\\/revolutionpadelstore.com\\\/fr\\\/produit\\\/zapatillas-head-motion-pro-boa-padel-whbk-3\\\/\",\"url\":\"https:\\\/\\\/revolutionpadelstore.com\\\/fr\\\/produit\\\/zapatillas-head-motion-pro-boa-padel-whbk-3\\\/\",\"name\":\"ZAPATILLAS HEAD MOTION PRO BOA PADEL WHBK - Revolution Padel Store\",\"isPartOf\":{\"@id\":\"https:\\\/\\\/revolutionpadelstore.com\\\/fr\\\/#website\"},\"primaryImageOfPage\":{\"@id\":\"https:\\\/\\\/revolutionpadelstore.com\\\/fr\\\/produit\\\/zapatillas-head-motion-pro-boa-padel-whbk-3\\\/#primaryimage\"},\"image\":{\"@id\":\"https:\\\/\\\/revolutionpadelstore.com\\\/fr\\\/produit\\\/zapatillas-head-motion-pro-boa-padel-whbk-3\\\/#primaryimage\"},\"thumbnailUrl\":\"https:\\\/\\\/revolutionpadelstore.com\\\/wp-content\\\/uploads\\\/2024\\\/08\\\/BOA-BLANCA.webp\",\"datePublished\":\"2024-08-24T16:29:28+00:00\",\"dateModified\":\"2026-04-08T08:56:27+00:00\",\"description\":\"Las zapatillas Head Motion Pro Boa Padel Blanco est\u00e1n dise\u00f1adas espec\u00edficamente para jugadores de p\u00e1del que buscan un ajuste perfecto y un rendimiento superior en la pista. Desarrolladas en colaboraci\u00f3n con jugadores profesionales de HEAD, estas zapatillas son las primeras en incorporar el sistema de ajuste dual BOA\u00ae, que permite un ajuste micro-ajustable preciso y f\u00e1cil de manejar. Este sistema innovador asegura que el calzado se adapte perfectamente al pie, brindando comodidad y seguridad en cada movimiento.\",\"breadcrumb\":{\"@id\":\"https:\\\/\\\/revolutionpadelstore.com\\\/fr\\\/produit\\\/zapatillas-head-motion-pro-boa-padel-whbk-3\\\/#breadcrumb\"},\"inLanguage\":\"fr-FR\",\"potentialAction\":[{\"@type\":\"ReadAction\",\"target\":[\"https:\\\/\\\/revolutionpadelstore.com\\\/fr\\\/produit\\\/zapatillas-head-motion-pro-boa-padel-whbk-3\\\/\"]}]},{\"@type\":\"ImageObject\",\"inLanguage\":\"fr-FR\",\"@id\":\"https:\\\/\\\/revolutionpadelstore.com\\\/fr\\\/produit\\\/zapatillas-head-motion-pro-boa-padel-whbk-3\\\/#primaryimage\",\"url\":\"https:\\\/\\\/revolutionpadelstore.com\\\/wp-content\\\/uploads\\\/2024\\\/08\\\/BOA-BLANCA.webp\",\"contentUrl\":\"https:\\\/\\\/revolutionpadelstore.com\\\/wp-content\\\/uploads\\\/2024\\\/08\\\/BOA-BLANCA.webp\",\"width\":1200,\"height\":1200},{\"@type\":\"BreadcrumbList\",\"@id\":\"https:\\\/\\\/revolutionpadelstore.com\\\/fr\\\/produit\\\/zapatillas-head-motion-pro-boa-padel-whbk-3\\\/#breadcrumb\",\"itemListElement\":[{\"@type\":\"ListItem\",\"position\":1,\"name\":\"Portada\",\"item\":\"https:\\\/\\\/revolutionpadelstore.com\\\/fr\\\/\"},{\"@type\":\"ListItem\",\"position\":2,\"name\":\"Boutique\",\"item\":\"https:\\\/\\\/revolutionpadelstore.com\\\/fr\\\/tienda\\\/\"},{\"@type\":\"ListItem\",\"position\":3,\"name\":\"ZAPATILLAS HEAD MOTION PRO BOA PADEL WHBK\"}]},{\"@type\":\"WebSite\",\"@id\":\"https:\\\/\\\/revolutionpadelstore.com\\\/fr\\\/#website\",\"url\":\"https:\\\/\\\/revolutionpadelstore.com\\\/fr\\\/\",\"name\":\"Revolution Padel Store\",\"description\":\"\",\"publisher\":{\"@id\":\"https:\\\/\\\/revolutionpadelstore.com\\\/fr\\\/#organization\"},\"potentialAction\":[{\"@type\":\"SearchAction\",\"target\":{\"@type\":\"EntryPoint\",\"urlTemplate\":\"https:\\\/\\\/revolutionpadelstore.com\\\/fr\\\/?s={search_term_string}\"},\"query-input\":{\"@type\":\"PropertyValueSpecification\",\"valueRequired\":true,\"valueName\":\"search_term_string\"}}],\"inLanguage\":\"fr-FR\"},{\"@type\":\"Organization\",\"@id\":\"https:\\\/\\\/revolutionpadelstore.com\\\/fr\\\/#organization\",\"name\":\"Revolution Padel Store\",\"url\":\"https:\\\/\\\/revolutionpadelstore.com\\\/fr\\\/\",\"logo\":{\"@type\":\"ImageObject\",\"inLanguage\":\"fr-FR\",\"@id\":\"https:\\\/\\\/revolutionpadelstore.com\\\/fr\\\/#\\\/schema\\\/logo\\\/image\\\/\",\"url\":\"https:\\\/\\\/revolutionpadelstore.com\\\/wp-content\\\/uploads\\\/2026\\\/02\\\/revolution-padel-store.jpg\",\"contentUrl\":\"https:\\\/\\\/revolutionpadelstore.com\\\/wp-content\\\/uploads\\\/2026\\\/02\\\/revolution-padel-store.jpg\",\"width\":2000,\"height\":2000,\"caption\":\"Revolution Padel Store\"},\"image\":{\"@id\":\"https:\\\/\\\/revolutionpadelstore.com\\\/fr\\\/#\\\/schema\\\/logo\\\/image\\\/\"},\"sameAs\":[\"https:\\\/\\\/www.instagram.com\\\/revolutionpadelstore\\\/\"]}]}<\/script>\n<!-- \/ Yoast SEO plugin. -->","yoast_head_json":{"title":"ZAPATILLAS HEAD MOTION PRO BOA PADEL WHBK - Revolution Padel Store","description":"Las zapatillas Head Motion Pro Boa Padel Blanco est\u00e1n dise\u00f1adas espec\u00edficamente para jugadores de p\u00e1del que buscan un ajuste perfecto y un rendimiento superior en la pista. Desarrolladas en colaboraci\u00f3n con jugadores profesionales de HEAD, estas zapatillas son las primeras en incorporar el sistema de ajuste dual BOA\u00ae, que permite un ajuste micro-ajustable preciso y f\u00e1cil de manejar. Este sistema innovador asegura que el calzado se adapte perfectamente al pie, brindando comodidad y seguridad en cada movimiento.","robots":{"index":"index","follow":"follow","max-snippet":"max-snippet:-1","max-image-preview":"max-image-preview:large","max-video-preview":"max-video-preview:-1"},"canonical":"https:\/\/revolutionpadelstore.com\/fr\/produit\/zapatillas-head-motion-pro-boa-padel-whbk-3\/","og_locale":"fr_FR","og_type":"article","og_title":"COMPRAR ZAPATILLAS HEAD MOTION PRO BOA PADEL WHBK","og_description":"Las zapatillas Head Motion Pro Boa Padel Blanco est\u00e1n dise\u00f1adas espec\u00edficamente para jugadores de p\u00e1del que buscan un ajuste perfecto y un rendimiento superior en la pista. Desarrolladas en colaboraci\u00f3n con jugadores profesionales de HEAD, estas zapatillas son las primeras en incorporar el sistema de ajuste dual BOA\u00ae, que permite un ajuste micro-ajustable preciso y f\u00e1cil de manejar. Este sistema innovador asegura que el calzado se adapte perfectamente al pie, brindando comodidad y seguridad en cada movimiento.","og_url":"https:\/\/revolutionpadelstore.com\/fr\/produit\/zapatillas-head-motion-pro-boa-padel-whbk-3\/","og_site_name":"Revolution Padel Store","article_modified_time":"2026-04-08T08:56:27+00:00","og_image":[{"width":1200,"height":1200,"url":"https:\/\/revolutionpadelstore.com\/wp-content\/uploads\/2024\/08\/BOA-BLANCA.webp","type":"image\/webp"}],"twitter_card":"summary_large_image","twitter_misc":{"Dur\u00e9e de lecture estim\u00e9e":"2 minutes"},"schema":{"@context":"https:\/\/schema.org","@graph":[{"@type":"WebPage","@id":"https:\/\/revolutionpadelstore.com\/fr\/produit\/zapatillas-head-motion-pro-boa-padel-whbk-3\/","url":"https:\/\/revolutionpadelstore.com\/fr\/produit\/zapatillas-head-motion-pro-boa-padel-whbk-3\/","name":"ZAPATILLAS HEAD MOTION PRO BOA PADEL WHBK - Revolution Padel Store","isPartOf":{"@id":"https:\/\/revolutionpadelstore.com\/fr\/#website"},"primaryImageOfPage":{"@id":"https:\/\/revolutionpadelstore.com\/fr\/produit\/zapatillas-head-motion-pro-boa-padel-whbk-3\/#primaryimage"},"image":{"@id":"https:\/\/revolutionpadelstore.com\/fr\/produit\/zapatillas-head-motion-pro-boa-padel-whbk-3\/#primaryimage"},"thumbnailUrl":"https:\/\/revolutionpadelstore.com\/wp-content\/uploads\/2024\/08\/BOA-BLANCA.webp","datePublished":"2024-08-24T16:29:28+00:00","dateModified":"2026-04-08T08:56:27+00:00","description":"Las zapatillas Head Motion Pro Boa Padel Blanco est\u00e1n dise\u00f1adas espec\u00edficamente para jugadores de p\u00e1del que buscan un ajuste perfecto y un rendimiento superior en la pista. Desarrolladas en colaboraci\u00f3n con jugadores profesionales de HEAD, estas zapatillas son las primeras en incorporar el sistema de ajuste dual BOA\u00ae, que permite un ajuste micro-ajustable preciso y f\u00e1cil de manejar. Este sistema innovador asegura que el calzado se adapte perfectamente al pie, brindando comodidad y seguridad en cada movimiento.","breadcrumb":{"@id":"https:\/\/revolutionpadelstore.com\/fr\/produit\/zapatillas-head-motion-pro-boa-padel-whbk-3\/#breadcrumb"},"inLanguage":"fr-FR","potentialAction":[{"@type":"ReadAction","target":["https:\/\/revolutionpadelstore.com\/fr\/produit\/zapatillas-head-motion-pro-boa-padel-whbk-3\/"]}]},{"@type":"ImageObject","inLanguage":"fr-FR","@id":"https:\/\/revolutionpadelstore.com\/fr\/produit\/zapatillas-head-motion-pro-boa-padel-whbk-3\/#primaryimage","url":"https:\/\/revolutionpadelstore.com\/wp-content\/uploads\/2024\/08\/BOA-BLANCA.webp","contentUrl":"https:\/\/revolutionpadelstore.com\/wp-content\/uploads\/2024\/08\/BOA-BLANCA.webp","width":1200,"height":1200},{"@type":"BreadcrumbList","@id":"https:\/\/revolutionpadelstore.com\/fr\/produit\/zapatillas-head-motion-pro-boa-padel-whbk-3\/#breadcrumb","itemListElement":[{"@type":"ListItem","position":1,"name":"Portada","item":"https:\/\/revolutionpadelstore.com\/fr\/"},{"@type":"ListItem","position":2,"name":"Boutique","item":"https:\/\/revolutionpadelstore.com\/fr\/tienda\/"},{"@type":"ListItem","position":3,"name":"ZAPATILLAS HEAD MOTION PRO BOA PADEL WHBK"}]},{"@type":"WebSite","@id":"https:\/\/revolutionpadelstore.com\/fr\/#website","url":"https:\/\/revolutionpadelstore.com\/fr\/","name":"Revolution Padel Store","description":"","publisher":{"@id":"https:\/\/revolutionpadelstore.com\/fr\/#organization"},"potentialAction":[{"@type":"SearchAction","target":{"@type":"EntryPoint","urlTemplate":"https:\/\/revolutionpadelstore.com\/fr\/?s={search_term_string}"},"query-input":{"@type":"PropertyValueSpecification","valueRequired":true,"valueName":"search_term_string"}}],"inLanguage":"fr-FR"},{"@type":"Organization","@id":"https:\/\/revolutionpadelstore.com\/fr\/#organization","name":"Revolution Padel Store","url":"https:\/\/revolutionpadelstore.com\/fr\/","logo":{"@type":"ImageObject","inLanguage":"fr-FR","@id":"https:\/\/revolutionpadelstore.com\/fr\/#\/schema\/logo\/image\/","url":"https:\/\/revolutionpadelstore.com\/wp-content\/uploads\/2026\/02\/revolution-padel-store.jpg","contentUrl":"https:\/\/revolutionpadelstore.com\/wp-content\/uploads\/2026\/02\/revolution-padel-store.jpg","width":2000,"height":2000,"caption":"Revolution Padel Store"},"image":{"@id":"https:\/\/revolutionpadelstore.com\/fr\/#\/schema\/logo\/image\/"},"sameAs":["https:\/\/www.instagram.com\/revolutionpadelstore\/"]}]}},"_links":{"self":[{"href":"https:\/\/revolutionpadelstore.com\/fr\/wp-json\/wp\/v2\/product\/72901","targetHints":{"allow":["GET"]}}],"collection":[{"href":"https:\/\/revolutionpadelstore.com\/fr\/wp-json\/wp\/v2\/product"}],"about":[{"href":"https:\/\/revolutionpadelstore.com\/fr\/wp-json\/wp\/v2\/types\/product"}],"replies":[{"embeddable":true,"href":"https:\/\/revolutionpadelstore.com\/fr\/wp-json\/wp\/v2\/comments?post=72901"}],"wp:featuredmedia":[{"embeddable":true,"href":"https:\/\/revolutionpadelstore.com\/fr\/wp-json\/wp\/v2\/media\/68059"}],"wp:attachment":[{"href":"https:\/\/revolutionpadelstore.com\/fr\/wp-json\/wp\/v2\/media?parent=72901"}],"wp:term":[{"taxonomy":"acabado","embeddable":true,"href":"https:\/\/revolutionpadelstore.com\/fr\/wp-json\/wp\/v2\/acabado?post=72901"},{"taxonomy":"balance","embeddable":true,"href":"https:\/\/revolutionpadelstore.com\/fr\/wp-json\/wp\/v2\/balance?post=72901"},{"taxonomy":"dureza","embeddable":true,"href":"https:\/\/revolutionpadelstore.com\/fr\/wp-json\/wp\/v2\/dureza?post=72901"},{"taxonomy":"forma","embeddable":true,"href":"https:\/\/revolutionpadelstore.com\/fr\/wp-json\/wp\/v2\/forma?post=72901"},{"taxonomy":"jugador","embeddable":true,"href":"https:\/\/revolutionpadelstore.com\/fr\/wp-json\/wp\/v2\/jugador?post=72901"},{"taxonomy":"marca","embeddable":true,"href":"https:\/\/revolutionpadelstore.com\/fr\/wp-json\/wp\/v2\/marca?post=72901"},{"taxonomy":"nivel-de-juego","embeddable":true,"href":"https:\/\/revolutionpadelstore.com\/fr\/wp-json\/wp\/v2\/nivel-de-juego?post=72901"},{"taxonomy":"superficie","embeddable":true,"href":"https:\/\/revolutionpadelstore.com\/fr\/wp-json\/wp\/v2\/superficie?post=72901"},{"taxonomy":"tipo-de-juego","embeddable":true,"href":"https:\/\/revolutionpadelstore.com\/fr\/wp-json\/wp\/v2\/tipo-de-juego?post=72901"},{"taxonomy":"product_brand","embeddable":true,"href":"https:\/\/revolutionpadelstore.com\/fr\/wp-json\/wp\/v2\/product_brand?post=72901"},{"taxonomy":"product_cat","embeddable":true,"href":"https:\/\/revolutionpadelstore.com\/fr\/wp-json\/wp\/v2\/product_cat?post=72901"},{"taxonomy":"product_tag","embeddable":true,"href":"https:\/\/revolutionpadelstore.com\/fr\/wp-json\/wp\/v2\/product_tag?post=72901"}],"curies":[{"name":"wp","href":"https:\/\/api.w.org\/{rel}","templated":true}]}}