{"id":72896,"date":"2024-08-24T22:59:33","date_gmt":"2024-08-24T20:59:33","guid":{"rendered":"https:\/\/revolutionpadelstore.com\/zapatilla-head-motion-team-padel-men-bkte\/"},"modified":"2026-04-08T10:53:59","modified_gmt":"2026-04-08T08:53:59","slug":"zapatilla-head-motion-team-padel-men-bkte-3","status":"publish","type":"product","link":"https:\/\/revolutionpadelstore.com\/fr\/produit\/zapatilla-head-motion-team-padel-men-bkte-3\/","title":{"rendered":"ZAPATILLA HEAD MOTION TEAM PADEL MEN BKTE"},"content":{"rendered":"<h2>Chaussures Head Motion Team Padel Hommes Vertes<\/h2>\n<p>Les chaussures <strong>Head Motion Team Padel Men<\/strong> Vertes sont le choix parfait pour les <strong>joueurs de padel exigeants<\/strong>. Confortables et r\u00e9sistantes, elles offrent stabilit\u00e9 et flexibilit\u00e9 \u00e0 chaque mouvement. Sa <strong>semelle \u00e0 motif mixte et caoutchouc Hybrasion<\/strong> offre une adh\u00e9rence optimale dans toutes les directions sur le court et une r\u00e9sistance \u00e0 l&#8217;usure pr\u00e9matur\u00e9e.<\/p>\n<p>La semelle interm\u00e9diaire avec triple tige anti-torsion garantit la stabilit\u00e9, tandis que le caoutchouc EVA offre un amorti exceptionnel. La conception l\u00e9g\u00e8re et respirante de la tige en mesh, associ\u00e9e au syst\u00e8me Lockdown Strap, assure un maintien optimal au niveau du m\u00e9dio-pied. Avec des caract\u00e9ristiques telles que la protection Drift Defense au niveau des orteils et du milieu, ces chaussures se distinguent par leur qualit\u00e9 et leur s\u00e9curit\u00e9.<\/p>\n<h3>Achetez les chaussures Head Motion Team Padel Men Green chez Revolution Padel Store<\/h3>\n<p>Retrouvez les chaussures <strong>Head Motion Team Padel Homme Vertes<\/strong> chez Revolution Padel Store. Con\u00e7ues pour les joueurs qui recherchent le meilleur de leurs <strong>chaussures de sport, elles offrent performance, confort et durabilit\u00e9.<\/strong> Ne manquez pas l&#8217;occasion de vous d\u00e9marquer sur le terrain avec ces chaussures au design attrayant et fonctionnel de couleur verte. .<\/p>\n<h2>Zapatillas Head Motion Team Padel Men Verde<\/h2>\n","protected":false},"excerpt":{"rendered":"<p>Head Motion Team Padel Men Vert, chaussures avec une semelle mixte qui adh\u00e8re dans toutes les directions et r\u00e9siste \u00e0 l&#8217;usure.<\/p>\n","protected":false},"featured_media":62707,"comment_status":"open","ping_status":"closed","template":"","meta":{"_acf_changed":false,"_joinchat":[]},"acabado":[],"balance":[],"dureza":[],"forma":[],"jugador":[1192],"marca":[1222],"nivel-de-juego":[],"superficie":[],"tipo-de-juego":[],"product_brand":[],"product_cat":[407],"product_tag":[],"class_list":{"0":"post-72896","1":"product","2":"type-product","3":"status-publish","4":"has-post-thumbnail","6":"jugador-homme","7":"marca-tete","8":"product_cat-sneakers-pour-hommes","10":"first","11":"outofstock","12":"sale","13":"taxable","14":"shipping-taxable","15":"purchasable","16":"product-type-variable"},"acf":[],"yoast_head":"<!-- This site is optimized with the Yoast SEO plugin v27.4 - https:\/\/yoast.com\/product\/yoast-seo-wordpress\/ -->\n<title>ZAPATILLA HEAD MOTION TEAM PADEL MEN BKTE - Revolution Padel Store<\/title>\n<meta name=\"description\" content=\"Las\u00a0zapatillas Head Motion Team Padel Men Verde\u00a0son la elecci\u00f3n perfecta para los\u00a0jugadores de p\u00e1del exigentes. Confortables y resistentes, ofrecen estabilidad y flexibilidad en cada movimiento. Su\u00a0suela con dibujo mixto y goma\u00a0Hybrasion\u00a0proporciona un agarre \u00f3ptimo en todas las direcciones en la pista y resistencia al desgaste prematuro.La mediasuela con\u00a0ca\u00f1a antitorsi\u00f3n triple\u00a0garantiza estabilidad, mientras que la goma EVA ofrece una\u00a0amortiguaci\u00f3n\u00a0excepcional. El dise\u00f1o ligero y transpirable del upper de mesh, junto con el sistema\u00a0Lockdown Strap, asegura una sujeci\u00f3n \u00f3ptima en la zona media del pie. Con caracter\u00edsticas como la protecci\u00f3n\u00a0Drift Defense\u00a0en la puntera y zona media, estas zapatillas destacan por su calidad y seguridad.\" \/>\n<meta name=\"robots\" content=\"index, follow, max-snippet:-1, max-image-preview:large, max-video-preview:-1\" \/>\n<link rel=\"canonical\" href=\"https:\/\/revolutionpadelstore.com\/fr\/produit\/zapatilla-head-motion-team-padel-men-bkte-3\/\" \/>\n<meta property=\"og:locale\" content=\"fr_FR\" \/>\n<meta property=\"og:type\" content=\"article\" \/>\n<meta property=\"og:title\" content=\"ZAPATILLA HEAD MOTION TEAM PADEL MEN BKTE - Revolution Padel Store\" \/>\n<meta property=\"og:description\" content=\"Las\u00a0zapatillas Head Motion Team Padel Men Verde\u00a0son la elecci\u00f3n perfecta para los\u00a0jugadores de p\u00e1del exigentes. Confortables y resistentes, ofrecen estabilidad y flexibilidad en cada movimiento. Su\u00a0suela con dibujo mixto y goma\u00a0Hybrasion\u00a0proporciona un agarre \u00f3ptimo en todas las direcciones en la pista y resistencia al desgaste prematuro.La mediasuela con\u00a0ca\u00f1a antitorsi\u00f3n triple\u00a0garantiza estabilidad, mientras que la goma EVA ofrece una\u00a0amortiguaci\u00f3n\u00a0excepcional. El dise\u00f1o ligero y transpirable del upper de mesh, junto con el sistema\u00a0Lockdown Strap, asegura una sujeci\u00f3n \u00f3ptima en la zona media del pie. Con caracter\u00edsticas como la protecci\u00f3n\u00a0Drift Defense\u00a0en la puntera y zona media, estas zapatillas destacan por su calidad y seguridad.\" \/>\n<meta property=\"og:url\" content=\"https:\/\/revolutionpadelstore.com\/fr\/produit\/zapatilla-head-motion-team-padel-men-bkte-3\/\" \/>\n<meta property=\"og:site_name\" content=\"Revolution Padel Store\" \/>\n<meta property=\"article:modified_time\" content=\"2026-04-08T08:53:59+00:00\" \/>\n<meta property=\"og:image\" content=\"https:\/\/revolutionpadelstore.com\/wp-content\/uploads\/2024\/08\/mot1.jpg\" \/>\n\t<meta property=\"og:image:width\" content=\"800\" \/>\n\t<meta property=\"og:image:height\" content=\"800\" \/>\n\t<meta property=\"og:image:type\" content=\"image\/jpeg\" \/>\n<meta name=\"twitter:card\" content=\"summary_large_image\" \/>\n<meta name=\"twitter:label1\" content=\"Dur\u00e9e de lecture estim\u00e9e\" \/>\n\t<meta name=\"twitter:data1\" content=\"2 minutes\" \/>\n<script type=\"application\/ld+json\" class=\"yoast-schema-graph\">{\"@context\":\"https:\\\/\\\/schema.org\",\"@graph\":[{\"@type\":\"WebPage\",\"@id\":\"https:\\\/\\\/revolutionpadelstore.com\\\/fr\\\/produit\\\/zapatilla-head-motion-team-padel-men-bkte-3\\\/\",\"url\":\"https:\\\/\\\/revolutionpadelstore.com\\\/fr\\\/produit\\\/zapatilla-head-motion-team-padel-men-bkte-3\\\/\",\"name\":\"ZAPATILLA HEAD MOTION TEAM PADEL MEN BKTE - Revolution Padel Store\",\"isPartOf\":{\"@id\":\"https:\\\/\\\/revolutionpadelstore.com\\\/fr\\\/#website\"},\"primaryImageOfPage\":{\"@id\":\"https:\\\/\\\/revolutionpadelstore.com\\\/fr\\\/produit\\\/zapatilla-head-motion-team-padel-men-bkte-3\\\/#primaryimage\"},\"image\":{\"@id\":\"https:\\\/\\\/revolutionpadelstore.com\\\/fr\\\/produit\\\/zapatilla-head-motion-team-padel-men-bkte-3\\\/#primaryimage\"},\"thumbnailUrl\":\"https:\\\/\\\/revolutionpadelstore.com\\\/wp-content\\\/uploads\\\/2024\\\/08\\\/mot1.jpg\",\"datePublished\":\"2024-08-24T20:59:33+00:00\",\"dateModified\":\"2026-04-08T08:53:59+00:00\",\"description\":\"Las\u00a0zapatillas Head Motion Team Padel Men Verde\u00a0son la elecci\u00f3n perfecta para los\u00a0jugadores de p\u00e1del exigentes. Confortables y resistentes, ofrecen estabilidad y flexibilidad en cada movimiento. Su\u00a0suela con dibujo mixto y goma\u00a0Hybrasion\u00a0proporciona un agarre \u00f3ptimo en todas las direcciones en la pista y resistencia al desgaste prematuro.La mediasuela con\u00a0ca\u00f1a antitorsi\u00f3n triple\u00a0garantiza estabilidad, mientras que la goma EVA ofrece una\u00a0amortiguaci\u00f3n\u00a0excepcional. El dise\u00f1o ligero y transpirable del upper de mesh, junto con el sistema\u00a0Lockdown Strap, asegura una sujeci\u00f3n \u00f3ptima en la zona media del pie. Con caracter\u00edsticas como la protecci\u00f3n\u00a0Drift Defense\u00a0en la puntera y zona media, estas zapatillas destacan por su calidad y seguridad.\",\"breadcrumb\":{\"@id\":\"https:\\\/\\\/revolutionpadelstore.com\\\/fr\\\/produit\\\/zapatilla-head-motion-team-padel-men-bkte-3\\\/#breadcrumb\"},\"inLanguage\":\"fr-FR\",\"potentialAction\":[{\"@type\":\"ReadAction\",\"target\":[\"https:\\\/\\\/revolutionpadelstore.com\\\/fr\\\/produit\\\/zapatilla-head-motion-team-padel-men-bkte-3\\\/\"]}]},{\"@type\":\"ImageObject\",\"inLanguage\":\"fr-FR\",\"@id\":\"https:\\\/\\\/revolutionpadelstore.com\\\/fr\\\/produit\\\/zapatilla-head-motion-team-padel-men-bkte-3\\\/#primaryimage\",\"url\":\"https:\\\/\\\/revolutionpadelstore.com\\\/wp-content\\\/uploads\\\/2024\\\/08\\\/mot1.jpg\",\"contentUrl\":\"https:\\\/\\\/revolutionpadelstore.com\\\/wp-content\\\/uploads\\\/2024\\\/08\\\/mot1.jpg\",\"width\":800,\"height\":800},{\"@type\":\"BreadcrumbList\",\"@id\":\"https:\\\/\\\/revolutionpadelstore.com\\\/fr\\\/produit\\\/zapatilla-head-motion-team-padel-men-bkte-3\\\/#breadcrumb\",\"itemListElement\":[{\"@type\":\"ListItem\",\"position\":1,\"name\":\"Portada\",\"item\":\"https:\\\/\\\/revolutionpadelstore.com\\\/fr\\\/\"},{\"@type\":\"ListItem\",\"position\":2,\"name\":\"Boutique\",\"item\":\"https:\\\/\\\/revolutionpadelstore.com\\\/fr\\\/tienda\\\/\"},{\"@type\":\"ListItem\",\"position\":3,\"name\":\"ZAPATILLA HEAD MOTION TEAM PADEL MEN BKTE\"}]},{\"@type\":\"WebSite\",\"@id\":\"https:\\\/\\\/revolutionpadelstore.com\\\/fr\\\/#website\",\"url\":\"https:\\\/\\\/revolutionpadelstore.com\\\/fr\\\/\",\"name\":\"Revolution Padel Store\",\"description\":\"\",\"publisher\":{\"@id\":\"https:\\\/\\\/revolutionpadelstore.com\\\/fr\\\/#organization\"},\"potentialAction\":[{\"@type\":\"SearchAction\",\"target\":{\"@type\":\"EntryPoint\",\"urlTemplate\":\"https:\\\/\\\/revolutionpadelstore.com\\\/fr\\\/?s={search_term_string}\"},\"query-input\":{\"@type\":\"PropertyValueSpecification\",\"valueRequired\":true,\"valueName\":\"search_term_string\"}}],\"inLanguage\":\"fr-FR\"},{\"@type\":\"Organization\",\"@id\":\"https:\\\/\\\/revolutionpadelstore.com\\\/fr\\\/#organization\",\"name\":\"Revolution Padel Store\",\"url\":\"https:\\\/\\\/revolutionpadelstore.com\\\/fr\\\/\",\"logo\":{\"@type\":\"ImageObject\",\"inLanguage\":\"fr-FR\",\"@id\":\"https:\\\/\\\/revolutionpadelstore.com\\\/fr\\\/#\\\/schema\\\/logo\\\/image\\\/\",\"url\":\"https:\\\/\\\/revolutionpadelstore.com\\\/wp-content\\\/uploads\\\/2026\\\/02\\\/revolution-padel-store.jpg\",\"contentUrl\":\"https:\\\/\\\/revolutionpadelstore.com\\\/wp-content\\\/uploads\\\/2026\\\/02\\\/revolution-padel-store.jpg\",\"width\":2000,\"height\":2000,\"caption\":\"Revolution Padel Store\"},\"image\":{\"@id\":\"https:\\\/\\\/revolutionpadelstore.com\\\/fr\\\/#\\\/schema\\\/logo\\\/image\\\/\"},\"sameAs\":[\"https:\\\/\\\/www.instagram.com\\\/revolutionpadelstore\\\/\"]}]}<\/script>\n<!-- \/ Yoast SEO plugin. -->","yoast_head_json":{"title":"ZAPATILLA HEAD MOTION TEAM PADEL MEN BKTE - Revolution Padel Store","description":"Las\u00a0zapatillas Head Motion Team Padel Men Verde\u00a0son la elecci\u00f3n perfecta para los\u00a0jugadores de p\u00e1del exigentes. Confortables y resistentes, ofrecen estabilidad y flexibilidad en cada movimiento. Su\u00a0suela con dibujo mixto y goma\u00a0Hybrasion\u00a0proporciona un agarre \u00f3ptimo en todas las direcciones en la pista y resistencia al desgaste prematuro.La mediasuela con\u00a0ca\u00f1a antitorsi\u00f3n triple\u00a0garantiza estabilidad, mientras que la goma EVA ofrece una\u00a0amortiguaci\u00f3n\u00a0excepcional. El dise\u00f1o ligero y transpirable del upper de mesh, junto con el sistema\u00a0Lockdown Strap, asegura una sujeci\u00f3n \u00f3ptima en la zona media del pie. Con caracter\u00edsticas como la protecci\u00f3n\u00a0Drift Defense\u00a0en la puntera y zona media, estas zapatillas destacan por su calidad y seguridad.","robots":{"index":"index","follow":"follow","max-snippet":"max-snippet:-1","max-image-preview":"max-image-preview:large","max-video-preview":"max-video-preview:-1"},"canonical":"https:\/\/revolutionpadelstore.com\/fr\/produit\/zapatilla-head-motion-team-padel-men-bkte-3\/","og_locale":"fr_FR","og_type":"article","og_title":"ZAPATILLA HEAD MOTION TEAM PADEL MEN BKTE - Revolution Padel Store","og_description":"Las\u00a0zapatillas Head Motion Team Padel Men Verde\u00a0son la elecci\u00f3n perfecta para los\u00a0jugadores de p\u00e1del exigentes. Confortables y resistentes, ofrecen estabilidad y flexibilidad en cada movimiento. Su\u00a0suela con dibujo mixto y goma\u00a0Hybrasion\u00a0proporciona un agarre \u00f3ptimo en todas las direcciones en la pista y resistencia al desgaste prematuro.La mediasuela con\u00a0ca\u00f1a antitorsi\u00f3n triple\u00a0garantiza estabilidad, mientras que la goma EVA ofrece una\u00a0amortiguaci\u00f3n\u00a0excepcional. El dise\u00f1o ligero y transpirable del upper de mesh, junto con el sistema\u00a0Lockdown Strap, asegura una sujeci\u00f3n \u00f3ptima en la zona media del pie. Con caracter\u00edsticas como la protecci\u00f3n\u00a0Drift Defense\u00a0en la puntera y zona media, estas zapatillas destacan por su calidad y seguridad.","og_url":"https:\/\/revolutionpadelstore.com\/fr\/produit\/zapatilla-head-motion-team-padel-men-bkte-3\/","og_site_name":"Revolution Padel Store","article_modified_time":"2026-04-08T08:53:59+00:00","og_image":[{"width":800,"height":800,"url":"https:\/\/revolutionpadelstore.com\/wp-content\/uploads\/2024\/08\/mot1.jpg","type":"image\/jpeg"}],"twitter_card":"summary_large_image","twitter_misc":{"Dur\u00e9e de lecture estim\u00e9e":"2 minutes"},"schema":{"@context":"https:\/\/schema.org","@graph":[{"@type":"WebPage","@id":"https:\/\/revolutionpadelstore.com\/fr\/produit\/zapatilla-head-motion-team-padel-men-bkte-3\/","url":"https:\/\/revolutionpadelstore.com\/fr\/produit\/zapatilla-head-motion-team-padel-men-bkte-3\/","name":"ZAPATILLA HEAD MOTION TEAM PADEL MEN BKTE - Revolution Padel Store","isPartOf":{"@id":"https:\/\/revolutionpadelstore.com\/fr\/#website"},"primaryImageOfPage":{"@id":"https:\/\/revolutionpadelstore.com\/fr\/produit\/zapatilla-head-motion-team-padel-men-bkte-3\/#primaryimage"},"image":{"@id":"https:\/\/revolutionpadelstore.com\/fr\/produit\/zapatilla-head-motion-team-padel-men-bkte-3\/#primaryimage"},"thumbnailUrl":"https:\/\/revolutionpadelstore.com\/wp-content\/uploads\/2024\/08\/mot1.jpg","datePublished":"2024-08-24T20:59:33+00:00","dateModified":"2026-04-08T08:53:59+00:00","description":"Las\u00a0zapatillas Head Motion Team Padel Men Verde\u00a0son la elecci\u00f3n perfecta para los\u00a0jugadores de p\u00e1del exigentes. Confortables y resistentes, ofrecen estabilidad y flexibilidad en cada movimiento. Su\u00a0suela con dibujo mixto y goma\u00a0Hybrasion\u00a0proporciona un agarre \u00f3ptimo en todas las direcciones en la pista y resistencia al desgaste prematuro.La mediasuela con\u00a0ca\u00f1a antitorsi\u00f3n triple\u00a0garantiza estabilidad, mientras que la goma EVA ofrece una\u00a0amortiguaci\u00f3n\u00a0excepcional. El dise\u00f1o ligero y transpirable del upper de mesh, junto con el sistema\u00a0Lockdown Strap, asegura una sujeci\u00f3n \u00f3ptima en la zona media del pie. Con caracter\u00edsticas como la protecci\u00f3n\u00a0Drift Defense\u00a0en la puntera y zona media, estas zapatillas destacan por su calidad y seguridad.","breadcrumb":{"@id":"https:\/\/revolutionpadelstore.com\/fr\/produit\/zapatilla-head-motion-team-padel-men-bkte-3\/#breadcrumb"},"inLanguage":"fr-FR","potentialAction":[{"@type":"ReadAction","target":["https:\/\/revolutionpadelstore.com\/fr\/produit\/zapatilla-head-motion-team-padel-men-bkte-3\/"]}]},{"@type":"ImageObject","inLanguage":"fr-FR","@id":"https:\/\/revolutionpadelstore.com\/fr\/produit\/zapatilla-head-motion-team-padel-men-bkte-3\/#primaryimage","url":"https:\/\/revolutionpadelstore.com\/wp-content\/uploads\/2024\/08\/mot1.jpg","contentUrl":"https:\/\/revolutionpadelstore.com\/wp-content\/uploads\/2024\/08\/mot1.jpg","width":800,"height":800},{"@type":"BreadcrumbList","@id":"https:\/\/revolutionpadelstore.com\/fr\/produit\/zapatilla-head-motion-team-padel-men-bkte-3\/#breadcrumb","itemListElement":[{"@type":"ListItem","position":1,"name":"Portada","item":"https:\/\/revolutionpadelstore.com\/fr\/"},{"@type":"ListItem","position":2,"name":"Boutique","item":"https:\/\/revolutionpadelstore.com\/fr\/tienda\/"},{"@type":"ListItem","position":3,"name":"ZAPATILLA HEAD MOTION TEAM PADEL MEN BKTE"}]},{"@type":"WebSite","@id":"https:\/\/revolutionpadelstore.com\/fr\/#website","url":"https:\/\/revolutionpadelstore.com\/fr\/","name":"Revolution Padel Store","description":"","publisher":{"@id":"https:\/\/revolutionpadelstore.com\/fr\/#organization"},"potentialAction":[{"@type":"SearchAction","target":{"@type":"EntryPoint","urlTemplate":"https:\/\/revolutionpadelstore.com\/fr\/?s={search_term_string}"},"query-input":{"@type":"PropertyValueSpecification","valueRequired":true,"valueName":"search_term_string"}}],"inLanguage":"fr-FR"},{"@type":"Organization","@id":"https:\/\/revolutionpadelstore.com\/fr\/#organization","name":"Revolution Padel Store","url":"https:\/\/revolutionpadelstore.com\/fr\/","logo":{"@type":"ImageObject","inLanguage":"fr-FR","@id":"https:\/\/revolutionpadelstore.com\/fr\/#\/schema\/logo\/image\/","url":"https:\/\/revolutionpadelstore.com\/wp-content\/uploads\/2026\/02\/revolution-padel-store.jpg","contentUrl":"https:\/\/revolutionpadelstore.com\/wp-content\/uploads\/2026\/02\/revolution-padel-store.jpg","width":2000,"height":2000,"caption":"Revolution Padel Store"},"image":{"@id":"https:\/\/revolutionpadelstore.com\/fr\/#\/schema\/logo\/image\/"},"sameAs":["https:\/\/www.instagram.com\/revolutionpadelstore\/"]}]}},"_links":{"self":[{"href":"https:\/\/revolutionpadelstore.com\/fr\/wp-json\/wp\/v2\/product\/72896","targetHints":{"allow":["GET"]}}],"collection":[{"href":"https:\/\/revolutionpadelstore.com\/fr\/wp-json\/wp\/v2\/product"}],"about":[{"href":"https:\/\/revolutionpadelstore.com\/fr\/wp-json\/wp\/v2\/types\/product"}],"replies":[{"embeddable":true,"href":"https:\/\/revolutionpadelstore.com\/fr\/wp-json\/wp\/v2\/comments?post=72896"}],"wp:featuredmedia":[{"embeddable":true,"href":"https:\/\/revolutionpadelstore.com\/fr\/wp-json\/wp\/v2\/media\/62707"}],"wp:attachment":[{"href":"https:\/\/revolutionpadelstore.com\/fr\/wp-json\/wp\/v2\/media?parent=72896"}],"wp:term":[{"taxonomy":"acabado","embeddable":true,"href":"https:\/\/revolutionpadelstore.com\/fr\/wp-json\/wp\/v2\/acabado?post=72896"},{"taxonomy":"balance","embeddable":true,"href":"https:\/\/revolutionpadelstore.com\/fr\/wp-json\/wp\/v2\/balance?post=72896"},{"taxonomy":"dureza","embeddable":true,"href":"https:\/\/revolutionpadelstore.com\/fr\/wp-json\/wp\/v2\/dureza?post=72896"},{"taxonomy":"forma","embeddable":true,"href":"https:\/\/revolutionpadelstore.com\/fr\/wp-json\/wp\/v2\/forma?post=72896"},{"taxonomy":"jugador","embeddable":true,"href":"https:\/\/revolutionpadelstore.com\/fr\/wp-json\/wp\/v2\/jugador?post=72896"},{"taxonomy":"marca","embeddable":true,"href":"https:\/\/revolutionpadelstore.com\/fr\/wp-json\/wp\/v2\/marca?post=72896"},{"taxonomy":"nivel-de-juego","embeddable":true,"href":"https:\/\/revolutionpadelstore.com\/fr\/wp-json\/wp\/v2\/nivel-de-juego?post=72896"},{"taxonomy":"superficie","embeddable":true,"href":"https:\/\/revolutionpadelstore.com\/fr\/wp-json\/wp\/v2\/superficie?post=72896"},{"taxonomy":"tipo-de-juego","embeddable":true,"href":"https:\/\/revolutionpadelstore.com\/fr\/wp-json\/wp\/v2\/tipo-de-juego?post=72896"},{"taxonomy":"product_brand","embeddable":true,"href":"https:\/\/revolutionpadelstore.com\/fr\/wp-json\/wp\/v2\/product_brand?post=72896"},{"taxonomy":"product_cat","embeddable":true,"href":"https:\/\/revolutionpadelstore.com\/fr\/wp-json\/wp\/v2\/product_cat?post=72896"},{"taxonomy":"product_tag","embeddable":true,"href":"https:\/\/revolutionpadelstore.com\/fr\/wp-json\/wp\/v2\/product_tag?post=72896"}],"curies":[{"name":"wp","href":"https:\/\/api.w.org\/{rel}","templated":true}]}}