{"id":72891,"date":"2024-08-24T23:16:47","date_gmt":"2024-08-24T21:16:47","guid":{"rendered":"https:\/\/revolutionpadelstore.com\/zapatilla-head-motion-team-padel-men-whbb-blanco\/"},"modified":"2026-04-08T10:52:09","modified_gmt":"2026-04-08T08:52:09","slug":"zapatilla-head-motion-team-padel-men-whbb-blanco-3","status":"publish","type":"product","link":"https:\/\/revolutionpadelstore.com\/fr\/produit\/zapatilla-head-motion-team-padel-men-whbb-blanco-3\/","title":{"rendered":"ZAPATILLA HEAD MOTION TEAM PADEL MEN WHBB BLANCO"},"content":{"rendered":"<h2>Head Motion Team Padel Hommes Blanc<\/h2>\n<p>Les chaussures <strong>Head Motion Team Padel Men White<\/strong> sont id\u00e9ales pour les joueurs de padel. Confortables et durables, elles offrent stabilit\u00e9 et flexibilit\u00e9 \u00e0 chaque pas. Sa semelle \u00e0 motif mixte et caoutchouc r\u00e9sistant <em>Hybrasion<\/em> garantit une adh\u00e9rence optimale et 360 dans toutes les directions sur le court.<\/p>\n<p>De plus, la semelle interm\u00e9diaire avec tige anti-torsion triple densit\u00e9 assure la stabilit\u00e9 et le caoutchouc EVA offre un amorti exceptionnel. Le design pr\u00e9sente une tige en mesh l\u00e9g\u00e8re et respirante et le syst\u00e8me Lockdown Strap assure un maintien optimal au niveau du m\u00e9dio-pied. Avec des fonctionnalit\u00e9s telles que la protection Drift Defense au niveau des orteils et de la section m\u00e9diane, ces chaussures se distinguent par leur qualit\u00e9 et leurs performances.<\/p>\n<h2>Caract\u00e9ristiques du Head Motion Team Padel Homme Blanc<\/h2>\n<p>Semelle mixte avec adh\u00e9rence \u00e0 360\u00b0 dans toutes les directions.<br \/>\nLateral Control Technology, stabilit\u00e9 lat\u00e9rale pour \u00e9viter la torsion de la cheville<br \/>\nProtection des orteils.<br \/>\nMat\u00e9riaux r\u00e9sistants et l\u00e9gers.<\/p>\n<h2>Head Motion Team Padel Men Blanco<\/h2>\n","protected":false},"excerpt":{"rendered":"<p>Head Motion Team Padel Homme Blanc, chaussures de padel avec semelle mixte 360 \u200b\u200bgrip.<\/p>\n","protected":false},"featured_media":62677,"comment_status":"open","ping_status":"closed","template":"","meta":{"_acf_changed":false,"_joinchat":[]},"acabado":[],"balance":[],"dureza":[],"forma":[],"jugador":[1192],"marca":[1222],"nivel-de-juego":[],"superficie":[],"tipo-de-juego":[],"product_brand":[],"product_cat":[407],"product_tag":[],"class_list":{"0":"post-72891","1":"product","2":"type-product","3":"status-publish","4":"has-post-thumbnail","6":"jugador-homme","7":"marca-tete","8":"product_cat-sneakers-pour-hommes","10":"first","11":"outofstock","12":"sale","13":"taxable","14":"shipping-taxable","15":"purchasable","16":"product-type-variable"},"acf":[],"yoast_head":"<!-- This site is optimized with the Yoast SEO plugin v27.4 - https:\/\/yoast.com\/product\/yoast-seo-wordpress\/ -->\n<title>ZAPATILLA HEAD MOTION TEAM PADEL MEN WHBB BLANCO - Revolution Padel Store<\/title>\n<meta name=\"description\" content=\"Las zapatillas\u00a0Head Motion Team Padel Men Blanco\u00a0son ideales para las jugadores de p\u00e1del. Confortables y duraderas, ofrecen estabilidad y flexibilidad en cada paso. Su suela con dibujo mixto y goma resistente\u00a0Hybrasion\u00a0garantiza un agarre \u00f3ptimo y 360 en todas las direcciones en la pista.\" \/>\n<meta name=\"robots\" content=\"index, follow, max-snippet:-1, max-image-preview:large, max-video-preview:-1\" \/>\n<link rel=\"canonical\" href=\"https:\/\/revolutionpadelstore.com\/fr\/produit\/zapatilla-head-motion-team-padel-men-whbb-blanco-3\/\" \/>\n<meta property=\"og:locale\" content=\"fr_FR\" \/>\n<meta property=\"og:type\" content=\"article\" \/>\n<meta property=\"og:title\" content=\"ZAPATILLA HEAD MOTION TEAM PADEL MEN WHBB BLANCO - Revolution Padel Store\" \/>\n<meta property=\"og:description\" content=\"Las zapatillas\u00a0Head Motion Team Padel Men Blanco\u00a0son ideales para las jugadores de p\u00e1del. Confortables y duraderas, ofrecen estabilidad y flexibilidad en cada paso. Su suela con dibujo mixto y goma resistente\u00a0Hybrasion\u00a0garantiza un agarre \u00f3ptimo y 360 en todas las direcciones en la pista.\" \/>\n<meta property=\"og:url\" content=\"https:\/\/revolutionpadelstore.com\/fr\/produit\/zapatilla-head-motion-team-padel-men-whbb-blanco-3\/\" \/>\n<meta property=\"og:site_name\" content=\"Revolution Padel Store\" \/>\n<meta property=\"article:modified_time\" content=\"2026-04-08T08:52:09+00:00\" \/>\n<meta property=\"og:image\" content=\"https:\/\/revolutionpadelstore.com\/wp-content\/uploads\/2024\/08\/mob1.jpg\" \/>\n\t<meta property=\"og:image:width\" content=\"800\" \/>\n\t<meta property=\"og:image:height\" content=\"800\" \/>\n\t<meta property=\"og:image:type\" content=\"image\/jpeg\" \/>\n<meta name=\"twitter:card\" content=\"summary_large_image\" \/>\n<meta name=\"twitter:label1\" content=\"Dur\u00e9e de lecture estim\u00e9e\" \/>\n\t<meta name=\"twitter:data1\" content=\"1 minute\" \/>\n<script type=\"application\/ld+json\" class=\"yoast-schema-graph\">{\"@context\":\"https:\\\/\\\/schema.org\",\"@graph\":[{\"@type\":\"WebPage\",\"@id\":\"https:\\\/\\\/revolutionpadelstore.com\\\/fr\\\/produit\\\/zapatilla-head-motion-team-padel-men-whbb-blanco-3\\\/\",\"url\":\"https:\\\/\\\/revolutionpadelstore.com\\\/fr\\\/produit\\\/zapatilla-head-motion-team-padel-men-whbb-blanco-3\\\/\",\"name\":\"ZAPATILLA HEAD MOTION TEAM PADEL MEN WHBB BLANCO - Revolution Padel Store\",\"isPartOf\":{\"@id\":\"https:\\\/\\\/revolutionpadelstore.com\\\/fr\\\/#website\"},\"primaryImageOfPage\":{\"@id\":\"https:\\\/\\\/revolutionpadelstore.com\\\/fr\\\/produit\\\/zapatilla-head-motion-team-padel-men-whbb-blanco-3\\\/#primaryimage\"},\"image\":{\"@id\":\"https:\\\/\\\/revolutionpadelstore.com\\\/fr\\\/produit\\\/zapatilla-head-motion-team-padel-men-whbb-blanco-3\\\/#primaryimage\"},\"thumbnailUrl\":\"https:\\\/\\\/revolutionpadelstore.com\\\/wp-content\\\/uploads\\\/2024\\\/08\\\/mob1.jpg\",\"datePublished\":\"2024-08-24T21:16:47+00:00\",\"dateModified\":\"2026-04-08T08:52:09+00:00\",\"description\":\"Las zapatillas\u00a0Head Motion Team Padel Men Blanco\u00a0son ideales para las jugadores de p\u00e1del. Confortables y duraderas, ofrecen estabilidad y flexibilidad en cada paso. Su suela con dibujo mixto y goma resistente\u00a0Hybrasion\u00a0garantiza un agarre \u00f3ptimo y 360 en todas las direcciones en la pista.\",\"breadcrumb\":{\"@id\":\"https:\\\/\\\/revolutionpadelstore.com\\\/fr\\\/produit\\\/zapatilla-head-motion-team-padel-men-whbb-blanco-3\\\/#breadcrumb\"},\"inLanguage\":\"fr-FR\",\"potentialAction\":[{\"@type\":\"ReadAction\",\"target\":[\"https:\\\/\\\/revolutionpadelstore.com\\\/fr\\\/produit\\\/zapatilla-head-motion-team-padel-men-whbb-blanco-3\\\/\"]}]},{\"@type\":\"ImageObject\",\"inLanguage\":\"fr-FR\",\"@id\":\"https:\\\/\\\/revolutionpadelstore.com\\\/fr\\\/produit\\\/zapatilla-head-motion-team-padel-men-whbb-blanco-3\\\/#primaryimage\",\"url\":\"https:\\\/\\\/revolutionpadelstore.com\\\/wp-content\\\/uploads\\\/2024\\\/08\\\/mob1.jpg\",\"contentUrl\":\"https:\\\/\\\/revolutionpadelstore.com\\\/wp-content\\\/uploads\\\/2024\\\/08\\\/mob1.jpg\",\"width\":800,\"height\":800},{\"@type\":\"BreadcrumbList\",\"@id\":\"https:\\\/\\\/revolutionpadelstore.com\\\/fr\\\/produit\\\/zapatilla-head-motion-team-padel-men-whbb-blanco-3\\\/#breadcrumb\",\"itemListElement\":[{\"@type\":\"ListItem\",\"position\":1,\"name\":\"Portada\",\"item\":\"https:\\\/\\\/revolutionpadelstore.com\\\/fr\\\/\"},{\"@type\":\"ListItem\",\"position\":2,\"name\":\"Boutique\",\"item\":\"https:\\\/\\\/revolutionpadelstore.com\\\/fr\\\/tienda\\\/\"},{\"@type\":\"ListItem\",\"position\":3,\"name\":\"ZAPATILLA HEAD MOTION TEAM PADEL MEN WHBB BLANCO\"}]},{\"@type\":\"WebSite\",\"@id\":\"https:\\\/\\\/revolutionpadelstore.com\\\/fr\\\/#website\",\"url\":\"https:\\\/\\\/revolutionpadelstore.com\\\/fr\\\/\",\"name\":\"Revolution Padel Store\",\"description\":\"\",\"publisher\":{\"@id\":\"https:\\\/\\\/revolutionpadelstore.com\\\/fr\\\/#organization\"},\"potentialAction\":[{\"@type\":\"SearchAction\",\"target\":{\"@type\":\"EntryPoint\",\"urlTemplate\":\"https:\\\/\\\/revolutionpadelstore.com\\\/fr\\\/?s={search_term_string}\"},\"query-input\":{\"@type\":\"PropertyValueSpecification\",\"valueRequired\":true,\"valueName\":\"search_term_string\"}}],\"inLanguage\":\"fr-FR\"},{\"@type\":\"Organization\",\"@id\":\"https:\\\/\\\/revolutionpadelstore.com\\\/fr\\\/#organization\",\"name\":\"Revolution Padel Store\",\"url\":\"https:\\\/\\\/revolutionpadelstore.com\\\/fr\\\/\",\"logo\":{\"@type\":\"ImageObject\",\"inLanguage\":\"fr-FR\",\"@id\":\"https:\\\/\\\/revolutionpadelstore.com\\\/fr\\\/#\\\/schema\\\/logo\\\/image\\\/\",\"url\":\"https:\\\/\\\/revolutionpadelstore.com\\\/wp-content\\\/uploads\\\/2026\\\/02\\\/revolution-padel-store.jpg\",\"contentUrl\":\"https:\\\/\\\/revolutionpadelstore.com\\\/wp-content\\\/uploads\\\/2026\\\/02\\\/revolution-padel-store.jpg\",\"width\":2000,\"height\":2000,\"caption\":\"Revolution Padel Store\"},\"image\":{\"@id\":\"https:\\\/\\\/revolutionpadelstore.com\\\/fr\\\/#\\\/schema\\\/logo\\\/image\\\/\"},\"sameAs\":[\"https:\\\/\\\/www.instagram.com\\\/revolutionpadelstore\\\/\"]}]}<\/script>\n<!-- \/ Yoast SEO plugin. -->","yoast_head_json":{"title":"ZAPATILLA HEAD MOTION TEAM PADEL MEN WHBB BLANCO - Revolution Padel Store","description":"Las zapatillas\u00a0Head Motion Team Padel Men Blanco\u00a0son ideales para las jugadores de p\u00e1del. Confortables y duraderas, ofrecen estabilidad y flexibilidad en cada paso. Su suela con dibujo mixto y goma resistente\u00a0Hybrasion\u00a0garantiza un agarre \u00f3ptimo y 360 en todas las direcciones en la pista.","robots":{"index":"index","follow":"follow","max-snippet":"max-snippet:-1","max-image-preview":"max-image-preview:large","max-video-preview":"max-video-preview:-1"},"canonical":"https:\/\/revolutionpadelstore.com\/fr\/produit\/zapatilla-head-motion-team-padel-men-whbb-blanco-3\/","og_locale":"fr_FR","og_type":"article","og_title":"ZAPATILLA HEAD MOTION TEAM PADEL MEN WHBB BLANCO - Revolution Padel Store","og_description":"Las zapatillas\u00a0Head Motion Team Padel Men Blanco\u00a0son ideales para las jugadores de p\u00e1del. Confortables y duraderas, ofrecen estabilidad y flexibilidad en cada paso. Su suela con dibujo mixto y goma resistente\u00a0Hybrasion\u00a0garantiza un agarre \u00f3ptimo y 360 en todas las direcciones en la pista.","og_url":"https:\/\/revolutionpadelstore.com\/fr\/produit\/zapatilla-head-motion-team-padel-men-whbb-blanco-3\/","og_site_name":"Revolution Padel Store","article_modified_time":"2026-04-08T08:52:09+00:00","og_image":[{"width":800,"height":800,"url":"https:\/\/revolutionpadelstore.com\/wp-content\/uploads\/2024\/08\/mob1.jpg","type":"image\/jpeg"}],"twitter_card":"summary_large_image","twitter_misc":{"Dur\u00e9e de lecture estim\u00e9e":"1 minute"},"schema":{"@context":"https:\/\/schema.org","@graph":[{"@type":"WebPage","@id":"https:\/\/revolutionpadelstore.com\/fr\/produit\/zapatilla-head-motion-team-padel-men-whbb-blanco-3\/","url":"https:\/\/revolutionpadelstore.com\/fr\/produit\/zapatilla-head-motion-team-padel-men-whbb-blanco-3\/","name":"ZAPATILLA HEAD MOTION TEAM PADEL MEN WHBB BLANCO - Revolution Padel Store","isPartOf":{"@id":"https:\/\/revolutionpadelstore.com\/fr\/#website"},"primaryImageOfPage":{"@id":"https:\/\/revolutionpadelstore.com\/fr\/produit\/zapatilla-head-motion-team-padel-men-whbb-blanco-3\/#primaryimage"},"image":{"@id":"https:\/\/revolutionpadelstore.com\/fr\/produit\/zapatilla-head-motion-team-padel-men-whbb-blanco-3\/#primaryimage"},"thumbnailUrl":"https:\/\/revolutionpadelstore.com\/wp-content\/uploads\/2024\/08\/mob1.jpg","datePublished":"2024-08-24T21:16:47+00:00","dateModified":"2026-04-08T08:52:09+00:00","description":"Las zapatillas\u00a0Head Motion Team Padel Men Blanco\u00a0son ideales para las jugadores de p\u00e1del. Confortables y duraderas, ofrecen estabilidad y flexibilidad en cada paso. Su suela con dibujo mixto y goma resistente\u00a0Hybrasion\u00a0garantiza un agarre \u00f3ptimo y 360 en todas las direcciones en la pista.","breadcrumb":{"@id":"https:\/\/revolutionpadelstore.com\/fr\/produit\/zapatilla-head-motion-team-padel-men-whbb-blanco-3\/#breadcrumb"},"inLanguage":"fr-FR","potentialAction":[{"@type":"ReadAction","target":["https:\/\/revolutionpadelstore.com\/fr\/produit\/zapatilla-head-motion-team-padel-men-whbb-blanco-3\/"]}]},{"@type":"ImageObject","inLanguage":"fr-FR","@id":"https:\/\/revolutionpadelstore.com\/fr\/produit\/zapatilla-head-motion-team-padel-men-whbb-blanco-3\/#primaryimage","url":"https:\/\/revolutionpadelstore.com\/wp-content\/uploads\/2024\/08\/mob1.jpg","contentUrl":"https:\/\/revolutionpadelstore.com\/wp-content\/uploads\/2024\/08\/mob1.jpg","width":800,"height":800},{"@type":"BreadcrumbList","@id":"https:\/\/revolutionpadelstore.com\/fr\/produit\/zapatilla-head-motion-team-padel-men-whbb-blanco-3\/#breadcrumb","itemListElement":[{"@type":"ListItem","position":1,"name":"Portada","item":"https:\/\/revolutionpadelstore.com\/fr\/"},{"@type":"ListItem","position":2,"name":"Boutique","item":"https:\/\/revolutionpadelstore.com\/fr\/tienda\/"},{"@type":"ListItem","position":3,"name":"ZAPATILLA HEAD MOTION TEAM PADEL MEN WHBB BLANCO"}]},{"@type":"WebSite","@id":"https:\/\/revolutionpadelstore.com\/fr\/#website","url":"https:\/\/revolutionpadelstore.com\/fr\/","name":"Revolution Padel Store","description":"","publisher":{"@id":"https:\/\/revolutionpadelstore.com\/fr\/#organization"},"potentialAction":[{"@type":"SearchAction","target":{"@type":"EntryPoint","urlTemplate":"https:\/\/revolutionpadelstore.com\/fr\/?s={search_term_string}"},"query-input":{"@type":"PropertyValueSpecification","valueRequired":true,"valueName":"search_term_string"}}],"inLanguage":"fr-FR"},{"@type":"Organization","@id":"https:\/\/revolutionpadelstore.com\/fr\/#organization","name":"Revolution Padel Store","url":"https:\/\/revolutionpadelstore.com\/fr\/","logo":{"@type":"ImageObject","inLanguage":"fr-FR","@id":"https:\/\/revolutionpadelstore.com\/fr\/#\/schema\/logo\/image\/","url":"https:\/\/revolutionpadelstore.com\/wp-content\/uploads\/2026\/02\/revolution-padel-store.jpg","contentUrl":"https:\/\/revolutionpadelstore.com\/wp-content\/uploads\/2026\/02\/revolution-padel-store.jpg","width":2000,"height":2000,"caption":"Revolution Padel Store"},"image":{"@id":"https:\/\/revolutionpadelstore.com\/fr\/#\/schema\/logo\/image\/"},"sameAs":["https:\/\/www.instagram.com\/revolutionpadelstore\/"]}]}},"_links":{"self":[{"href":"https:\/\/revolutionpadelstore.com\/fr\/wp-json\/wp\/v2\/product\/72891","targetHints":{"allow":["GET"]}}],"collection":[{"href":"https:\/\/revolutionpadelstore.com\/fr\/wp-json\/wp\/v2\/product"}],"about":[{"href":"https:\/\/revolutionpadelstore.com\/fr\/wp-json\/wp\/v2\/types\/product"}],"replies":[{"embeddable":true,"href":"https:\/\/revolutionpadelstore.com\/fr\/wp-json\/wp\/v2\/comments?post=72891"}],"wp:featuredmedia":[{"embeddable":true,"href":"https:\/\/revolutionpadelstore.com\/fr\/wp-json\/wp\/v2\/media\/62677"}],"wp:attachment":[{"href":"https:\/\/revolutionpadelstore.com\/fr\/wp-json\/wp\/v2\/media?parent=72891"}],"wp:term":[{"taxonomy":"acabado","embeddable":true,"href":"https:\/\/revolutionpadelstore.com\/fr\/wp-json\/wp\/v2\/acabado?post=72891"},{"taxonomy":"balance","embeddable":true,"href":"https:\/\/revolutionpadelstore.com\/fr\/wp-json\/wp\/v2\/balance?post=72891"},{"taxonomy":"dureza","embeddable":true,"href":"https:\/\/revolutionpadelstore.com\/fr\/wp-json\/wp\/v2\/dureza?post=72891"},{"taxonomy":"forma","embeddable":true,"href":"https:\/\/revolutionpadelstore.com\/fr\/wp-json\/wp\/v2\/forma?post=72891"},{"taxonomy":"jugador","embeddable":true,"href":"https:\/\/revolutionpadelstore.com\/fr\/wp-json\/wp\/v2\/jugador?post=72891"},{"taxonomy":"marca","embeddable":true,"href":"https:\/\/revolutionpadelstore.com\/fr\/wp-json\/wp\/v2\/marca?post=72891"},{"taxonomy":"nivel-de-juego","embeddable":true,"href":"https:\/\/revolutionpadelstore.com\/fr\/wp-json\/wp\/v2\/nivel-de-juego?post=72891"},{"taxonomy":"superficie","embeddable":true,"href":"https:\/\/revolutionpadelstore.com\/fr\/wp-json\/wp\/v2\/superficie?post=72891"},{"taxonomy":"tipo-de-juego","embeddable":true,"href":"https:\/\/revolutionpadelstore.com\/fr\/wp-json\/wp\/v2\/tipo-de-juego?post=72891"},{"taxonomy":"product_brand","embeddable":true,"href":"https:\/\/revolutionpadelstore.com\/fr\/wp-json\/wp\/v2\/product_brand?post=72891"},{"taxonomy":"product_cat","embeddable":true,"href":"https:\/\/revolutionpadelstore.com\/fr\/wp-json\/wp\/v2\/product_cat?post=72891"},{"taxonomy":"product_tag","embeddable":true,"href":"https:\/\/revolutionpadelstore.com\/fr\/wp-json\/wp\/v2\/product_tag?post=72891"}],"curies":[{"name":"wp","href":"https:\/\/api.w.org\/{rel}","templated":true}]}}