{"id":72886,"date":"2024-08-24T23:44:33","date_gmt":"2024-08-24T21:44:33","guid":{"rendered":"https:\/\/revolutionpadelstore.com\/zapatilla-mizuno-wave-enforce-court-cc-blanco\/"},"modified":"2026-04-08T10:50:34","modified_gmt":"2026-04-08T08:50:34","slug":"zapatilla-mizuno-wave-enforce-court-cc-blanco-3","status":"publish","type":"product","link":"https:\/\/revolutionpadelstore.com\/fr\/produit\/zapatilla-mizuno-wave-enforce-court-cc-blanco-3\/","title":{"rendered":"ZAPATILLA MIZUNO WAVE ENFORCE COURT CC BLANCO"},"content":{"rendered":"<h2>Mizuno Wave Enforce Court CC Blanc<\/h2>\n<p>Les <strong>Mizuno Wave Enforce Court CC Blanc<\/strong> sont des chaussures de padel con\u00e7ues pour les joueurs exigeants. Disponibles dans une combinaison de couleurs blanche et bleue, ces chaussures offrent non seulement un design attrayant, mais \u00e9galement une grande fonctionnalit\u00e9 sur le terrain.<\/p>\n<p>Ces chaussures s&#8217;adressent aux joueurs avanc\u00e9s qui pr\u00e9f\u00e8rent jouer depuis le fond du terrain. Id\u00e9ale pour ceux qui maintiennent un contact ferme avec le sol et d\u00e9veloppent un jeu agressif avec des frappes puissantes, la Mizuno Wave Enforce apporte un soutien indispensable aux mouvements de frappe intenses.<\/p>\n<p>Si vous recherchez une chaussure qui vous maintiendra puissant et stable jusqu&#8217;\u00e0 la fin du match, les Mizuno Wave Enforce Court CC sont le choix parfait. Sa conception et ses technologies avanc\u00e9es vous permettront de d\u00e9velopper votre jeu au plus haut niveau.<\/p>\n<h2>Mizuno Wave Enforce Court CC Blanco<\/h2>\n","protected":false},"excerpt":{"rendered":"<p>D\u00e9couvrez les chaussures de tennis MIZUNO blanches Mizuno Wave Enforce Court Cc pour Femme con\u00e7ues pour am\u00e9liorer votre jeu. Avec la technologie MIZUNO ENERZY CORE pour une r\u00e9cup\u00e9ration d&#8217;\u00e9nergie \u00e9lev\u00e9e, amortissez l&#8217;impact du sol et transf\u00e9rez le poids en douceur. Avec semelle plate et renfort lat\u00e9ral pour soutenir les mouvements de rotation, assurant stabilit\u00e9 et adh\u00e9rence.<\/p>\n","protected":false},"featured_media":68122,"comment_status":"open","ping_status":"closed","template":"","meta":{"_acf_changed":false,"_joinchat":[]},"acabado":[],"balance":[],"dureza":[],"forma":[],"jugador":[1197],"marca":[1332],"nivel-de-juego":[],"superficie":[],"tipo-de-juego":[],"product_brand":[],"product_cat":[456],"product_tag":[],"class_list":{"0":"post-72886","1":"product","2":"type-product","3":"status-publish","4":"has-post-thumbnail","6":"jugador-mujer-fr","7":"marca-mizuno-fr","8":"product_cat-sneakers-pour-femme","10":"first","11":"outofstock","12":"sale","13":"taxable","14":"shipping-taxable","15":"purchasable","16":"product-type-variable"},"acf":[],"yoast_head":"<!-- This site is optimized with the Yoast SEO plugin v27.4 - https:\/\/yoast.com\/product\/yoast-seo-wordpress\/ -->\n<title>ZAPATILLA MIZUNO WAVE ENFORCE COURT CC BLANCO - Revolution Padel Store<\/title>\n<meta name=\"description\" content=\"Estas zapatillas est\u00e1n\u00a0dirigidas a jugadores avanzados\u00a0que prefieren un juego desde el fondo de la pista. Ideales para quienes mantienen un firme contacto con el suelo y desarrollan un juego agresivo con golpes potentes, las Mizuno Wave Enforce proporcionan un apoyo esencial para movimientos de golpeo intensos.\" \/>\n<meta name=\"robots\" content=\"index, follow, max-snippet:-1, max-image-preview:large, max-video-preview:-1\" \/>\n<link rel=\"canonical\" href=\"https:\/\/revolutionpadelstore.com\/fr\/produit\/zapatilla-mizuno-wave-enforce-court-cc-blanco-3\/\" \/>\n<meta property=\"og:locale\" content=\"fr_FR\" \/>\n<meta property=\"og:type\" content=\"article\" \/>\n<meta property=\"og:title\" content=\"ZAPATILLA MIZUNO WAVE ENFORCE COURT CC BLANCO - Revolution Padel Store\" \/>\n<meta property=\"og:description\" content=\"Estas zapatillas est\u00e1n\u00a0dirigidas a jugadores avanzados\u00a0que prefieren un juego desde el fondo de la pista. Ideales para quienes mantienen un firme contacto con el suelo y desarrollan un juego agresivo con golpes potentes, las Mizuno Wave Enforce proporcionan un apoyo esencial para movimientos de golpeo intensos.\" \/>\n<meta property=\"og:url\" content=\"https:\/\/revolutionpadelstore.com\/fr\/produit\/zapatilla-mizuno-wave-enforce-court-cc-blanco-3\/\" \/>\n<meta property=\"og:site_name\" content=\"Revolution Padel Store\" \/>\n<meta property=\"article:modified_time\" content=\"2026-04-08T08:50:34+00:00\" \/>\n<meta property=\"og:image\" content=\"https:\/\/revolutionpadelstore.com\/wp-content\/uploads\/2024\/08\/ASSASAS.webp\" \/>\n\t<meta property=\"og:image:width\" content=\"661\" \/>\n\t<meta property=\"og:image:height\" content=\"783\" \/>\n\t<meta property=\"og:image:type\" content=\"image\/webp\" \/>\n<meta name=\"twitter:card\" content=\"summary_large_image\" \/>\n<meta name=\"twitter:label1\" content=\"Dur\u00e9e de lecture estim\u00e9e\" \/>\n\t<meta name=\"twitter:data1\" content=\"1 minute\" \/>\n<script type=\"application\/ld+json\" class=\"yoast-schema-graph\">{\"@context\":\"https:\\\/\\\/schema.org\",\"@graph\":[{\"@type\":\"WebPage\",\"@id\":\"https:\\\/\\\/revolutionpadelstore.com\\\/fr\\\/produit\\\/zapatilla-mizuno-wave-enforce-court-cc-blanco-3\\\/\",\"url\":\"https:\\\/\\\/revolutionpadelstore.com\\\/fr\\\/produit\\\/zapatilla-mizuno-wave-enforce-court-cc-blanco-3\\\/\",\"name\":\"ZAPATILLA MIZUNO WAVE ENFORCE COURT CC BLANCO - Revolution Padel Store\",\"isPartOf\":{\"@id\":\"https:\\\/\\\/revolutionpadelstore.com\\\/fr\\\/#website\"},\"primaryImageOfPage\":{\"@id\":\"https:\\\/\\\/revolutionpadelstore.com\\\/fr\\\/produit\\\/zapatilla-mizuno-wave-enforce-court-cc-blanco-3\\\/#primaryimage\"},\"image\":{\"@id\":\"https:\\\/\\\/revolutionpadelstore.com\\\/fr\\\/produit\\\/zapatilla-mizuno-wave-enforce-court-cc-blanco-3\\\/#primaryimage\"},\"thumbnailUrl\":\"https:\\\/\\\/revolutionpadelstore.com\\\/wp-content\\\/uploads\\\/2024\\\/08\\\/ASSASAS.webp\",\"datePublished\":\"2024-08-24T21:44:33+00:00\",\"dateModified\":\"2026-04-08T08:50:34+00:00\",\"description\":\"Estas zapatillas est\u00e1n\u00a0dirigidas a jugadores avanzados\u00a0que prefieren un juego desde el fondo de la pista. Ideales para quienes mantienen un firme contacto con el suelo y desarrollan un juego agresivo con golpes potentes, las Mizuno Wave Enforce proporcionan un apoyo esencial para movimientos de golpeo intensos.\",\"breadcrumb\":{\"@id\":\"https:\\\/\\\/revolutionpadelstore.com\\\/fr\\\/produit\\\/zapatilla-mizuno-wave-enforce-court-cc-blanco-3\\\/#breadcrumb\"},\"inLanguage\":\"fr-FR\",\"potentialAction\":[{\"@type\":\"ReadAction\",\"target\":[\"https:\\\/\\\/revolutionpadelstore.com\\\/fr\\\/produit\\\/zapatilla-mizuno-wave-enforce-court-cc-blanco-3\\\/\"]}]},{\"@type\":\"ImageObject\",\"inLanguage\":\"fr-FR\",\"@id\":\"https:\\\/\\\/revolutionpadelstore.com\\\/fr\\\/produit\\\/zapatilla-mizuno-wave-enforce-court-cc-blanco-3\\\/#primaryimage\",\"url\":\"https:\\\/\\\/revolutionpadelstore.com\\\/wp-content\\\/uploads\\\/2024\\\/08\\\/ASSASAS.webp\",\"contentUrl\":\"https:\\\/\\\/revolutionpadelstore.com\\\/wp-content\\\/uploads\\\/2024\\\/08\\\/ASSASAS.webp\",\"width\":661,\"height\":783},{\"@type\":\"BreadcrumbList\",\"@id\":\"https:\\\/\\\/revolutionpadelstore.com\\\/fr\\\/produit\\\/zapatilla-mizuno-wave-enforce-court-cc-blanco-3\\\/#breadcrumb\",\"itemListElement\":[{\"@type\":\"ListItem\",\"position\":1,\"name\":\"Portada\",\"item\":\"https:\\\/\\\/revolutionpadelstore.com\\\/fr\\\/\"},{\"@type\":\"ListItem\",\"position\":2,\"name\":\"Boutique\",\"item\":\"https:\\\/\\\/revolutionpadelstore.com\\\/fr\\\/tienda\\\/\"},{\"@type\":\"ListItem\",\"position\":3,\"name\":\"ZAPATILLA MIZUNO WAVE ENFORCE COURT CC BLANCO\"}]},{\"@type\":\"WebSite\",\"@id\":\"https:\\\/\\\/revolutionpadelstore.com\\\/fr\\\/#website\",\"url\":\"https:\\\/\\\/revolutionpadelstore.com\\\/fr\\\/\",\"name\":\"Revolution Padel Store\",\"description\":\"\",\"publisher\":{\"@id\":\"https:\\\/\\\/revolutionpadelstore.com\\\/fr\\\/#organization\"},\"potentialAction\":[{\"@type\":\"SearchAction\",\"target\":{\"@type\":\"EntryPoint\",\"urlTemplate\":\"https:\\\/\\\/revolutionpadelstore.com\\\/fr\\\/?s={search_term_string}\"},\"query-input\":{\"@type\":\"PropertyValueSpecification\",\"valueRequired\":true,\"valueName\":\"search_term_string\"}}],\"inLanguage\":\"fr-FR\"},{\"@type\":\"Organization\",\"@id\":\"https:\\\/\\\/revolutionpadelstore.com\\\/fr\\\/#organization\",\"name\":\"Revolution Padel Store\",\"url\":\"https:\\\/\\\/revolutionpadelstore.com\\\/fr\\\/\",\"logo\":{\"@type\":\"ImageObject\",\"inLanguage\":\"fr-FR\",\"@id\":\"https:\\\/\\\/revolutionpadelstore.com\\\/fr\\\/#\\\/schema\\\/logo\\\/image\\\/\",\"url\":\"https:\\\/\\\/revolutionpadelstore.com\\\/wp-content\\\/uploads\\\/2026\\\/02\\\/revolution-padel-store.jpg\",\"contentUrl\":\"https:\\\/\\\/revolutionpadelstore.com\\\/wp-content\\\/uploads\\\/2026\\\/02\\\/revolution-padel-store.jpg\",\"width\":2000,\"height\":2000,\"caption\":\"Revolution Padel Store\"},\"image\":{\"@id\":\"https:\\\/\\\/revolutionpadelstore.com\\\/fr\\\/#\\\/schema\\\/logo\\\/image\\\/\"},\"sameAs\":[\"https:\\\/\\\/www.instagram.com\\\/revolutionpadelstore\\\/\"]}]}<\/script>\n<!-- \/ Yoast SEO plugin. -->","yoast_head_json":{"title":"ZAPATILLA MIZUNO WAVE ENFORCE COURT CC BLANCO - Revolution Padel Store","description":"Estas zapatillas est\u00e1n\u00a0dirigidas a jugadores avanzados\u00a0que prefieren un juego desde el fondo de la pista. Ideales para quienes mantienen un firme contacto con el suelo y desarrollan un juego agresivo con golpes potentes, las Mizuno Wave Enforce proporcionan un apoyo esencial para movimientos de golpeo intensos.","robots":{"index":"index","follow":"follow","max-snippet":"max-snippet:-1","max-image-preview":"max-image-preview:large","max-video-preview":"max-video-preview:-1"},"canonical":"https:\/\/revolutionpadelstore.com\/fr\/produit\/zapatilla-mizuno-wave-enforce-court-cc-blanco-3\/","og_locale":"fr_FR","og_type":"article","og_title":"ZAPATILLA MIZUNO WAVE ENFORCE COURT CC BLANCO - Revolution Padel Store","og_description":"Estas zapatillas est\u00e1n\u00a0dirigidas a jugadores avanzados\u00a0que prefieren un juego desde el fondo de la pista. Ideales para quienes mantienen un firme contacto con el suelo y desarrollan un juego agresivo con golpes potentes, las Mizuno Wave Enforce proporcionan un apoyo esencial para movimientos de golpeo intensos.","og_url":"https:\/\/revolutionpadelstore.com\/fr\/produit\/zapatilla-mizuno-wave-enforce-court-cc-blanco-3\/","og_site_name":"Revolution Padel Store","article_modified_time":"2026-04-08T08:50:34+00:00","og_image":[{"width":661,"height":783,"url":"https:\/\/revolutionpadelstore.com\/wp-content\/uploads\/2024\/08\/ASSASAS.webp","type":"image\/webp"}],"twitter_card":"summary_large_image","twitter_misc":{"Dur\u00e9e de lecture estim\u00e9e":"1 minute"},"schema":{"@context":"https:\/\/schema.org","@graph":[{"@type":"WebPage","@id":"https:\/\/revolutionpadelstore.com\/fr\/produit\/zapatilla-mizuno-wave-enforce-court-cc-blanco-3\/","url":"https:\/\/revolutionpadelstore.com\/fr\/produit\/zapatilla-mizuno-wave-enforce-court-cc-blanco-3\/","name":"ZAPATILLA MIZUNO WAVE ENFORCE COURT CC BLANCO - Revolution Padel Store","isPartOf":{"@id":"https:\/\/revolutionpadelstore.com\/fr\/#website"},"primaryImageOfPage":{"@id":"https:\/\/revolutionpadelstore.com\/fr\/produit\/zapatilla-mizuno-wave-enforce-court-cc-blanco-3\/#primaryimage"},"image":{"@id":"https:\/\/revolutionpadelstore.com\/fr\/produit\/zapatilla-mizuno-wave-enforce-court-cc-blanco-3\/#primaryimage"},"thumbnailUrl":"https:\/\/revolutionpadelstore.com\/wp-content\/uploads\/2024\/08\/ASSASAS.webp","datePublished":"2024-08-24T21:44:33+00:00","dateModified":"2026-04-08T08:50:34+00:00","description":"Estas zapatillas est\u00e1n\u00a0dirigidas a jugadores avanzados\u00a0que prefieren un juego desde el fondo de la pista. Ideales para quienes mantienen un firme contacto con el suelo y desarrollan un juego agresivo con golpes potentes, las Mizuno Wave Enforce proporcionan un apoyo esencial para movimientos de golpeo intensos.","breadcrumb":{"@id":"https:\/\/revolutionpadelstore.com\/fr\/produit\/zapatilla-mizuno-wave-enforce-court-cc-blanco-3\/#breadcrumb"},"inLanguage":"fr-FR","potentialAction":[{"@type":"ReadAction","target":["https:\/\/revolutionpadelstore.com\/fr\/produit\/zapatilla-mizuno-wave-enforce-court-cc-blanco-3\/"]}]},{"@type":"ImageObject","inLanguage":"fr-FR","@id":"https:\/\/revolutionpadelstore.com\/fr\/produit\/zapatilla-mizuno-wave-enforce-court-cc-blanco-3\/#primaryimage","url":"https:\/\/revolutionpadelstore.com\/wp-content\/uploads\/2024\/08\/ASSASAS.webp","contentUrl":"https:\/\/revolutionpadelstore.com\/wp-content\/uploads\/2024\/08\/ASSASAS.webp","width":661,"height":783},{"@type":"BreadcrumbList","@id":"https:\/\/revolutionpadelstore.com\/fr\/produit\/zapatilla-mizuno-wave-enforce-court-cc-blanco-3\/#breadcrumb","itemListElement":[{"@type":"ListItem","position":1,"name":"Portada","item":"https:\/\/revolutionpadelstore.com\/fr\/"},{"@type":"ListItem","position":2,"name":"Boutique","item":"https:\/\/revolutionpadelstore.com\/fr\/tienda\/"},{"@type":"ListItem","position":3,"name":"ZAPATILLA MIZUNO WAVE ENFORCE COURT CC BLANCO"}]},{"@type":"WebSite","@id":"https:\/\/revolutionpadelstore.com\/fr\/#website","url":"https:\/\/revolutionpadelstore.com\/fr\/","name":"Revolution Padel Store","description":"","publisher":{"@id":"https:\/\/revolutionpadelstore.com\/fr\/#organization"},"potentialAction":[{"@type":"SearchAction","target":{"@type":"EntryPoint","urlTemplate":"https:\/\/revolutionpadelstore.com\/fr\/?s={search_term_string}"},"query-input":{"@type":"PropertyValueSpecification","valueRequired":true,"valueName":"search_term_string"}}],"inLanguage":"fr-FR"},{"@type":"Organization","@id":"https:\/\/revolutionpadelstore.com\/fr\/#organization","name":"Revolution Padel Store","url":"https:\/\/revolutionpadelstore.com\/fr\/","logo":{"@type":"ImageObject","inLanguage":"fr-FR","@id":"https:\/\/revolutionpadelstore.com\/fr\/#\/schema\/logo\/image\/","url":"https:\/\/revolutionpadelstore.com\/wp-content\/uploads\/2026\/02\/revolution-padel-store.jpg","contentUrl":"https:\/\/revolutionpadelstore.com\/wp-content\/uploads\/2026\/02\/revolution-padel-store.jpg","width":2000,"height":2000,"caption":"Revolution Padel Store"},"image":{"@id":"https:\/\/revolutionpadelstore.com\/fr\/#\/schema\/logo\/image\/"},"sameAs":["https:\/\/www.instagram.com\/revolutionpadelstore\/"]}]}},"_links":{"self":[{"href":"https:\/\/revolutionpadelstore.com\/fr\/wp-json\/wp\/v2\/product\/72886","targetHints":{"allow":["GET"]}}],"collection":[{"href":"https:\/\/revolutionpadelstore.com\/fr\/wp-json\/wp\/v2\/product"}],"about":[{"href":"https:\/\/revolutionpadelstore.com\/fr\/wp-json\/wp\/v2\/types\/product"}],"replies":[{"embeddable":true,"href":"https:\/\/revolutionpadelstore.com\/fr\/wp-json\/wp\/v2\/comments?post=72886"}],"wp:featuredmedia":[{"embeddable":true,"href":"https:\/\/revolutionpadelstore.com\/fr\/wp-json\/wp\/v2\/media\/68122"}],"wp:attachment":[{"href":"https:\/\/revolutionpadelstore.com\/fr\/wp-json\/wp\/v2\/media?parent=72886"}],"wp:term":[{"taxonomy":"acabado","embeddable":true,"href":"https:\/\/revolutionpadelstore.com\/fr\/wp-json\/wp\/v2\/acabado?post=72886"},{"taxonomy":"balance","embeddable":true,"href":"https:\/\/revolutionpadelstore.com\/fr\/wp-json\/wp\/v2\/balance?post=72886"},{"taxonomy":"dureza","embeddable":true,"href":"https:\/\/revolutionpadelstore.com\/fr\/wp-json\/wp\/v2\/dureza?post=72886"},{"taxonomy":"forma","embeddable":true,"href":"https:\/\/revolutionpadelstore.com\/fr\/wp-json\/wp\/v2\/forma?post=72886"},{"taxonomy":"jugador","embeddable":true,"href":"https:\/\/revolutionpadelstore.com\/fr\/wp-json\/wp\/v2\/jugador?post=72886"},{"taxonomy":"marca","embeddable":true,"href":"https:\/\/revolutionpadelstore.com\/fr\/wp-json\/wp\/v2\/marca?post=72886"},{"taxonomy":"nivel-de-juego","embeddable":true,"href":"https:\/\/revolutionpadelstore.com\/fr\/wp-json\/wp\/v2\/nivel-de-juego?post=72886"},{"taxonomy":"superficie","embeddable":true,"href":"https:\/\/revolutionpadelstore.com\/fr\/wp-json\/wp\/v2\/superficie?post=72886"},{"taxonomy":"tipo-de-juego","embeddable":true,"href":"https:\/\/revolutionpadelstore.com\/fr\/wp-json\/wp\/v2\/tipo-de-juego?post=72886"},{"taxonomy":"product_brand","embeddable":true,"href":"https:\/\/revolutionpadelstore.com\/fr\/wp-json\/wp\/v2\/product_brand?post=72886"},{"taxonomy":"product_cat","embeddable":true,"href":"https:\/\/revolutionpadelstore.com\/fr\/wp-json\/wp\/v2\/product_cat?post=72886"},{"taxonomy":"product_tag","embeddable":true,"href":"https:\/\/revolutionpadelstore.com\/fr\/wp-json\/wp\/v2\/product_tag?post=72886"}],"curies":[{"name":"wp","href":"https:\/\/api.w.org\/{rel}","templated":true}]}}