{"id":72876,"date":"2024-08-27T21:15:23","date_gmt":"2024-08-27T19:15:23","guid":{"rendered":"https:\/\/revolutionpadelstore.com\/joma-smash-a1-padel-blanco\/"},"modified":"2026-04-08T10:46:34","modified_gmt":"2026-04-08T08:46:34","slug":"joma-smash-a1-padel-blanco-3","status":"publish","type":"product","link":"https:\/\/revolutionpadelstore.com\/fr\/produit\/joma-smash-a1-padel-blanco-3\/","title":{"rendered":"JOMA SMASH A1 PADEL BLANCO"},"content":{"rendered":"<p>Chaussures de padel unisexes. \u00c9dition sp\u00e9ciale pour le circuit A1 P\u00e1del. Haut de gamme, performances et technologie maximales dans une seule chaussure d\u00e9velopp\u00e9e pour le padel professionnel. Destin\u00e9 aux joueurs ayant une bonne technique qui ont besoin d&#8217;un maximum d&#8217;amorti, de r\u00e9activit\u00e9, de protection et d&#8217;accroche.<\/p>\n<p>Tige en mesh avec une \u00e9l\u00e9gante finition Jacquard personnalis\u00e9e pour apporter l\u00e9g\u00e8ret\u00e9 et flexibilit\u00e9. Respirabilit\u00e9 optimis\u00e9e gr\u00e2ce \u00e0 la technologie VTS. Le syst\u00e8me thermoscell\u00e9 JOMA SPORTECH pr\u00e9serve les propri\u00e9t\u00e9s d&#8217;ajustement et de maintien sans ajouter de poids aux chaussures.<\/p>\n<p>Renfort en caoutchouc dans les zones les plus sensibles aux frottements et aux chocs. Ces applications forment le syst\u00e8me PROTECTION.<\/p>\n<p>Semelle interm\u00e9diaire DUAL REACTIVE. La partie sup\u00e9rieure est en phylon, tandis que la partie inf\u00e9rieure int\u00e8gre la technologie REACTIVE BALL, qui absorbe les impacts et se propulse. Equip\u00e9 d&#8217;une pi\u00e8ce centrale STABILIS pour \u00e9viter la torsion des chaussures et restituer une stabilit\u00e9 sup\u00e9rieure.<\/p>\n<p>DURABILIT\u00c9 Semelle en caoutchouc \u00e0 chevrons ou en terre battue. Il offre l&#8217;adh\u00e9rence n\u00e9cessaire sur les surfaces glissantes, car il expulse le sable de la semelle, mais permet de glisser sur le terrain sans difficult\u00e9s<\/p>\n","protected":false},"excerpt":{"rendered":"<p>Chaussures de padel unisexes. \u00c9dition sp\u00e9ciale pour le circuit A1 P\u00e1del. Performances et technologie haut de gamme maximales dans une seule chaussure d\u00e9velopp\u00e9e pour le padel professionnel<\/p>\n","protected":false},"featured_media":70480,"comment_status":"open","ping_status":"closed","template":"","meta":{"_acf_changed":false,"_joinchat":[]},"acabado":[],"balance":[],"dureza":[],"forma":[],"jugador":[1192],"marca":[1227],"nivel-de-juego":[],"superficie":[],"tipo-de-juego":[],"product_brand":[],"product_cat":[407],"product_tag":[],"class_list":{"0":"post-72876","1":"product","2":"type-product","3":"status-publish","4":"has-post-thumbnail","6":"jugador-homme","7":"marca-joma-fr","8":"product_cat-sneakers-pour-hommes","10":"first","11":"outofstock","12":"sale","13":"taxable","14":"shipping-taxable","15":"purchasable","16":"product-type-variable","17":"has-default-attributes"},"acf":[],"yoast_head":"<!-- This site is optimized with the Yoast SEO plugin v27.4 - https:\/\/yoast.com\/product\/yoast-seo-wordpress\/ -->\n<title>JOMA SMASH A1 PADEL BLANCO - Revolution Padel Store<\/title>\n<meta name=\"description\" content=\"Zapatillas de p\u00e1del unisex. Edici\u00f3n especial para circuito A1 P\u00e1del. Alta gama, m\u00e1ximo rendimiento y tecnolog\u00eda en unas solas zapatillas desarrolladas para el p\u00e1del profesional. Destinadas a jugadores con buena t\u00e9cnica que necesitan lo m\u00e1ximo en amortiguaci\u00f3n, reactividad, protecci\u00f3n y agarre.\" \/>\n<meta name=\"robots\" content=\"index, follow, max-snippet:-1, max-image-preview:large, max-video-preview:-1\" \/>\n<link rel=\"canonical\" href=\"https:\/\/revolutionpadelstore.com\/fr\/produit\/joma-smash-a1-padel-blanco-3\/\" \/>\n<meta property=\"og:locale\" content=\"fr_FR\" \/>\n<meta property=\"og:type\" content=\"article\" \/>\n<meta property=\"og:title\" content=\"JOMA SMASH A1 PADEL BLANCO - Revolution Padel Store\" \/>\n<meta property=\"og:description\" content=\"Zapatillas de p\u00e1del unisex. Edici\u00f3n especial para circuito A1 P\u00e1del. Alta gama, m\u00e1ximo rendimiento y tecnolog\u00eda en unas solas zapatillas desarrolladas para el p\u00e1del profesional. Destinadas a jugadores con buena t\u00e9cnica que necesitan lo m\u00e1ximo en amortiguaci\u00f3n, reactividad, protecci\u00f3n y agarre.\" \/>\n<meta property=\"og:url\" content=\"https:\/\/revolutionpadelstore.com\/fr\/produit\/joma-smash-a1-padel-blanco-3\/\" \/>\n<meta property=\"og:site_name\" content=\"Revolution Padel Store\" \/>\n<meta property=\"article:modified_time\" content=\"2026-04-08T08:46:34+00:00\" \/>\n<meta property=\"og:image\" content=\"https:\/\/revolutionpadelstore.com\/wp-content\/uploads\/2024\/08\/a1-blanca-1.webp\" \/>\n\t<meta property=\"og:image:width\" content=\"800\" \/>\n\t<meta property=\"og:image:height\" content=\"800\" \/>\n\t<meta property=\"og:image:type\" content=\"image\/webp\" \/>\n<meta name=\"twitter:card\" content=\"summary_large_image\" \/>\n<meta name=\"twitter:label1\" content=\"Dur\u00e9e de lecture estim\u00e9e\" \/>\n\t<meta name=\"twitter:data1\" content=\"2 minutes\" \/>\n<script type=\"application\/ld+json\" class=\"yoast-schema-graph\">{\"@context\":\"https:\\\/\\\/schema.org\",\"@graph\":[{\"@type\":\"WebPage\",\"@id\":\"https:\\\/\\\/revolutionpadelstore.com\\\/fr\\\/produit\\\/joma-smash-a1-padel-blanco-3\\\/\",\"url\":\"https:\\\/\\\/revolutionpadelstore.com\\\/fr\\\/produit\\\/joma-smash-a1-padel-blanco-3\\\/\",\"name\":\"JOMA SMASH A1 PADEL BLANCO - Revolution Padel Store\",\"isPartOf\":{\"@id\":\"https:\\\/\\\/revolutionpadelstore.com\\\/fr\\\/#website\"},\"primaryImageOfPage\":{\"@id\":\"https:\\\/\\\/revolutionpadelstore.com\\\/fr\\\/produit\\\/joma-smash-a1-padel-blanco-3\\\/#primaryimage\"},\"image\":{\"@id\":\"https:\\\/\\\/revolutionpadelstore.com\\\/fr\\\/produit\\\/joma-smash-a1-padel-blanco-3\\\/#primaryimage\"},\"thumbnailUrl\":\"https:\\\/\\\/revolutionpadelstore.com\\\/wp-content\\\/uploads\\\/2024\\\/08\\\/a1-blanca-1.webp\",\"datePublished\":\"2024-08-27T19:15:23+00:00\",\"dateModified\":\"2026-04-08T08:46:34+00:00\",\"description\":\"Zapatillas de p\u00e1del unisex. Edici\u00f3n especial para circuito A1 P\u00e1del. Alta gama, m\u00e1ximo rendimiento y tecnolog\u00eda en unas solas zapatillas desarrolladas para el p\u00e1del profesional. Destinadas a jugadores con buena t\u00e9cnica que necesitan lo m\u00e1ximo en amortiguaci\u00f3n, reactividad, protecci\u00f3n y agarre.\",\"breadcrumb\":{\"@id\":\"https:\\\/\\\/revolutionpadelstore.com\\\/fr\\\/produit\\\/joma-smash-a1-padel-blanco-3\\\/#breadcrumb\"},\"inLanguage\":\"fr-FR\",\"potentialAction\":[{\"@type\":\"ReadAction\",\"target\":[\"https:\\\/\\\/revolutionpadelstore.com\\\/fr\\\/produit\\\/joma-smash-a1-padel-blanco-3\\\/\"]}]},{\"@type\":\"ImageObject\",\"inLanguage\":\"fr-FR\",\"@id\":\"https:\\\/\\\/revolutionpadelstore.com\\\/fr\\\/produit\\\/joma-smash-a1-padel-blanco-3\\\/#primaryimage\",\"url\":\"https:\\\/\\\/revolutionpadelstore.com\\\/wp-content\\\/uploads\\\/2024\\\/08\\\/a1-blanca-1.webp\",\"contentUrl\":\"https:\\\/\\\/revolutionpadelstore.com\\\/wp-content\\\/uploads\\\/2024\\\/08\\\/a1-blanca-1.webp\",\"width\":800,\"height\":800},{\"@type\":\"BreadcrumbList\",\"@id\":\"https:\\\/\\\/revolutionpadelstore.com\\\/fr\\\/produit\\\/joma-smash-a1-padel-blanco-3\\\/#breadcrumb\",\"itemListElement\":[{\"@type\":\"ListItem\",\"position\":1,\"name\":\"Portada\",\"item\":\"https:\\\/\\\/revolutionpadelstore.com\\\/fr\\\/\"},{\"@type\":\"ListItem\",\"position\":2,\"name\":\"Boutique\",\"item\":\"https:\\\/\\\/revolutionpadelstore.com\\\/fr\\\/tienda\\\/\"},{\"@type\":\"ListItem\",\"position\":3,\"name\":\"JOMA SMASH A1 PADEL BLANCO\"}]},{\"@type\":\"WebSite\",\"@id\":\"https:\\\/\\\/revolutionpadelstore.com\\\/fr\\\/#website\",\"url\":\"https:\\\/\\\/revolutionpadelstore.com\\\/fr\\\/\",\"name\":\"Revolution Padel Store\",\"description\":\"\",\"publisher\":{\"@id\":\"https:\\\/\\\/revolutionpadelstore.com\\\/fr\\\/#organization\"},\"potentialAction\":[{\"@type\":\"SearchAction\",\"target\":{\"@type\":\"EntryPoint\",\"urlTemplate\":\"https:\\\/\\\/revolutionpadelstore.com\\\/fr\\\/?s={search_term_string}\"},\"query-input\":{\"@type\":\"PropertyValueSpecification\",\"valueRequired\":true,\"valueName\":\"search_term_string\"}}],\"inLanguage\":\"fr-FR\"},{\"@type\":\"Organization\",\"@id\":\"https:\\\/\\\/revolutionpadelstore.com\\\/fr\\\/#organization\",\"name\":\"Revolution Padel Store\",\"url\":\"https:\\\/\\\/revolutionpadelstore.com\\\/fr\\\/\",\"logo\":{\"@type\":\"ImageObject\",\"inLanguage\":\"fr-FR\",\"@id\":\"https:\\\/\\\/revolutionpadelstore.com\\\/fr\\\/#\\\/schema\\\/logo\\\/image\\\/\",\"url\":\"https:\\\/\\\/revolutionpadelstore.com\\\/wp-content\\\/uploads\\\/2026\\\/02\\\/revolution-padel-store.jpg\",\"contentUrl\":\"https:\\\/\\\/revolutionpadelstore.com\\\/wp-content\\\/uploads\\\/2026\\\/02\\\/revolution-padel-store.jpg\",\"width\":2000,\"height\":2000,\"caption\":\"Revolution Padel Store\"},\"image\":{\"@id\":\"https:\\\/\\\/revolutionpadelstore.com\\\/fr\\\/#\\\/schema\\\/logo\\\/image\\\/\"},\"sameAs\":[\"https:\\\/\\\/www.instagram.com\\\/revolutionpadelstore\\\/\"]}]}<\/script>\n<!-- \/ Yoast SEO plugin. -->","yoast_head_json":{"title":"JOMA SMASH A1 PADEL BLANCO - Revolution Padel Store","description":"Zapatillas de p\u00e1del unisex. Edici\u00f3n especial para circuito A1 P\u00e1del. Alta gama, m\u00e1ximo rendimiento y tecnolog\u00eda en unas solas zapatillas desarrolladas para el p\u00e1del profesional. Destinadas a jugadores con buena t\u00e9cnica que necesitan lo m\u00e1ximo en amortiguaci\u00f3n, reactividad, protecci\u00f3n y agarre.","robots":{"index":"index","follow":"follow","max-snippet":"max-snippet:-1","max-image-preview":"max-image-preview:large","max-video-preview":"max-video-preview:-1"},"canonical":"https:\/\/revolutionpadelstore.com\/fr\/produit\/joma-smash-a1-padel-blanco-3\/","og_locale":"fr_FR","og_type":"article","og_title":"JOMA SMASH A1 PADEL BLANCO - Revolution Padel Store","og_description":"Zapatillas de p\u00e1del unisex. Edici\u00f3n especial para circuito A1 P\u00e1del. Alta gama, m\u00e1ximo rendimiento y tecnolog\u00eda en unas solas zapatillas desarrolladas para el p\u00e1del profesional. Destinadas a jugadores con buena t\u00e9cnica que necesitan lo m\u00e1ximo en amortiguaci\u00f3n, reactividad, protecci\u00f3n y agarre.","og_url":"https:\/\/revolutionpadelstore.com\/fr\/produit\/joma-smash-a1-padel-blanco-3\/","og_site_name":"Revolution Padel Store","article_modified_time":"2026-04-08T08:46:34+00:00","og_image":[{"width":800,"height":800,"url":"https:\/\/revolutionpadelstore.com\/wp-content\/uploads\/2024\/08\/a1-blanca-1.webp","type":"image\/webp"}],"twitter_card":"summary_large_image","twitter_misc":{"Dur\u00e9e de lecture estim\u00e9e":"2 minutes"},"schema":{"@context":"https:\/\/schema.org","@graph":[{"@type":"WebPage","@id":"https:\/\/revolutionpadelstore.com\/fr\/produit\/joma-smash-a1-padel-blanco-3\/","url":"https:\/\/revolutionpadelstore.com\/fr\/produit\/joma-smash-a1-padel-blanco-3\/","name":"JOMA SMASH A1 PADEL BLANCO - Revolution Padel Store","isPartOf":{"@id":"https:\/\/revolutionpadelstore.com\/fr\/#website"},"primaryImageOfPage":{"@id":"https:\/\/revolutionpadelstore.com\/fr\/produit\/joma-smash-a1-padel-blanco-3\/#primaryimage"},"image":{"@id":"https:\/\/revolutionpadelstore.com\/fr\/produit\/joma-smash-a1-padel-blanco-3\/#primaryimage"},"thumbnailUrl":"https:\/\/revolutionpadelstore.com\/wp-content\/uploads\/2024\/08\/a1-blanca-1.webp","datePublished":"2024-08-27T19:15:23+00:00","dateModified":"2026-04-08T08:46:34+00:00","description":"Zapatillas de p\u00e1del unisex. Edici\u00f3n especial para circuito A1 P\u00e1del. Alta gama, m\u00e1ximo rendimiento y tecnolog\u00eda en unas solas zapatillas desarrolladas para el p\u00e1del profesional. Destinadas a jugadores con buena t\u00e9cnica que necesitan lo m\u00e1ximo en amortiguaci\u00f3n, reactividad, protecci\u00f3n y agarre.","breadcrumb":{"@id":"https:\/\/revolutionpadelstore.com\/fr\/produit\/joma-smash-a1-padel-blanco-3\/#breadcrumb"},"inLanguage":"fr-FR","potentialAction":[{"@type":"ReadAction","target":["https:\/\/revolutionpadelstore.com\/fr\/produit\/joma-smash-a1-padel-blanco-3\/"]}]},{"@type":"ImageObject","inLanguage":"fr-FR","@id":"https:\/\/revolutionpadelstore.com\/fr\/produit\/joma-smash-a1-padel-blanco-3\/#primaryimage","url":"https:\/\/revolutionpadelstore.com\/wp-content\/uploads\/2024\/08\/a1-blanca-1.webp","contentUrl":"https:\/\/revolutionpadelstore.com\/wp-content\/uploads\/2024\/08\/a1-blanca-1.webp","width":800,"height":800},{"@type":"BreadcrumbList","@id":"https:\/\/revolutionpadelstore.com\/fr\/produit\/joma-smash-a1-padel-blanco-3\/#breadcrumb","itemListElement":[{"@type":"ListItem","position":1,"name":"Portada","item":"https:\/\/revolutionpadelstore.com\/fr\/"},{"@type":"ListItem","position":2,"name":"Boutique","item":"https:\/\/revolutionpadelstore.com\/fr\/tienda\/"},{"@type":"ListItem","position":3,"name":"JOMA SMASH A1 PADEL BLANCO"}]},{"@type":"WebSite","@id":"https:\/\/revolutionpadelstore.com\/fr\/#website","url":"https:\/\/revolutionpadelstore.com\/fr\/","name":"Revolution Padel Store","description":"","publisher":{"@id":"https:\/\/revolutionpadelstore.com\/fr\/#organization"},"potentialAction":[{"@type":"SearchAction","target":{"@type":"EntryPoint","urlTemplate":"https:\/\/revolutionpadelstore.com\/fr\/?s={search_term_string}"},"query-input":{"@type":"PropertyValueSpecification","valueRequired":true,"valueName":"search_term_string"}}],"inLanguage":"fr-FR"},{"@type":"Organization","@id":"https:\/\/revolutionpadelstore.com\/fr\/#organization","name":"Revolution Padel Store","url":"https:\/\/revolutionpadelstore.com\/fr\/","logo":{"@type":"ImageObject","inLanguage":"fr-FR","@id":"https:\/\/revolutionpadelstore.com\/fr\/#\/schema\/logo\/image\/","url":"https:\/\/revolutionpadelstore.com\/wp-content\/uploads\/2026\/02\/revolution-padel-store.jpg","contentUrl":"https:\/\/revolutionpadelstore.com\/wp-content\/uploads\/2026\/02\/revolution-padel-store.jpg","width":2000,"height":2000,"caption":"Revolution Padel Store"},"image":{"@id":"https:\/\/revolutionpadelstore.com\/fr\/#\/schema\/logo\/image\/"},"sameAs":["https:\/\/www.instagram.com\/revolutionpadelstore\/"]}]}},"_links":{"self":[{"href":"https:\/\/revolutionpadelstore.com\/fr\/wp-json\/wp\/v2\/product\/72876","targetHints":{"allow":["GET"]}}],"collection":[{"href":"https:\/\/revolutionpadelstore.com\/fr\/wp-json\/wp\/v2\/product"}],"about":[{"href":"https:\/\/revolutionpadelstore.com\/fr\/wp-json\/wp\/v2\/types\/product"}],"replies":[{"embeddable":true,"href":"https:\/\/revolutionpadelstore.com\/fr\/wp-json\/wp\/v2\/comments?post=72876"}],"wp:featuredmedia":[{"embeddable":true,"href":"https:\/\/revolutionpadelstore.com\/fr\/wp-json\/wp\/v2\/media\/70480"}],"wp:attachment":[{"href":"https:\/\/revolutionpadelstore.com\/fr\/wp-json\/wp\/v2\/media?parent=72876"}],"wp:term":[{"taxonomy":"acabado","embeddable":true,"href":"https:\/\/revolutionpadelstore.com\/fr\/wp-json\/wp\/v2\/acabado?post=72876"},{"taxonomy":"balance","embeddable":true,"href":"https:\/\/revolutionpadelstore.com\/fr\/wp-json\/wp\/v2\/balance?post=72876"},{"taxonomy":"dureza","embeddable":true,"href":"https:\/\/revolutionpadelstore.com\/fr\/wp-json\/wp\/v2\/dureza?post=72876"},{"taxonomy":"forma","embeddable":true,"href":"https:\/\/revolutionpadelstore.com\/fr\/wp-json\/wp\/v2\/forma?post=72876"},{"taxonomy":"jugador","embeddable":true,"href":"https:\/\/revolutionpadelstore.com\/fr\/wp-json\/wp\/v2\/jugador?post=72876"},{"taxonomy":"marca","embeddable":true,"href":"https:\/\/revolutionpadelstore.com\/fr\/wp-json\/wp\/v2\/marca?post=72876"},{"taxonomy":"nivel-de-juego","embeddable":true,"href":"https:\/\/revolutionpadelstore.com\/fr\/wp-json\/wp\/v2\/nivel-de-juego?post=72876"},{"taxonomy":"superficie","embeddable":true,"href":"https:\/\/revolutionpadelstore.com\/fr\/wp-json\/wp\/v2\/superficie?post=72876"},{"taxonomy":"tipo-de-juego","embeddable":true,"href":"https:\/\/revolutionpadelstore.com\/fr\/wp-json\/wp\/v2\/tipo-de-juego?post=72876"},{"taxonomy":"product_brand","embeddable":true,"href":"https:\/\/revolutionpadelstore.com\/fr\/wp-json\/wp\/v2\/product_brand?post=72876"},{"taxonomy":"product_cat","embeddable":true,"href":"https:\/\/revolutionpadelstore.com\/fr\/wp-json\/wp\/v2\/product_cat?post=72876"},{"taxonomy":"product_tag","embeddable":true,"href":"https:\/\/revolutionpadelstore.com\/fr\/wp-json\/wp\/v2\/product_tag?post=72876"}],"curies":[{"name":"wp","href":"https:\/\/api.w.org\/{rel}","templated":true}]}}