{"id":72871,"date":"2024-09-04T12:07:41","date_gmt":"2024-09-04T10:07:41","guid":{"rendered":"https:\/\/revolutionpadelstore.com\/bullpadel-xplo-comfort-25\/"},"modified":"2026-04-20T14:02:09","modified_gmt":"2026-04-20T12:02:09","slug":"bullpadel-xplo-comfort-25-3","status":"publish","type":"product","link":"https:\/\/revolutionpadelstore.com\/fr\/produit\/bullpadel-xplo-comfort-25-3\/","title":{"rendered":"BULLPADEL XPLO COMFORT 25"},"content":{"rendered":"<h2>Bullpadel XPLO Comfort 25, puissance et confort<\/h2>\n<p>La raquette Bullpadel XPLO Comfort 25 est un mod\u00e8le qui se distingue par sa puissance et sa polyvalence, puisque sa forme en diamant avec un \u00e9quilibre \u00e9lev\u00e9 vous permet de frapper avec explosivit\u00e9.<\/p>\n<p>Il a un poids de <strong>365-375 grammes<\/strong> et un profil de 38 mm, ce qui favorise la maniabilit\u00e9 pour une frappe plus confortable, s\u00fbre et efficace.<\/p>\n<h2>Raquette Bullpadel XPLO Comfort 25, pour les joueurs experts<\/h2>\n<p>Cette raquette Bullpadel pour hommes a \u00e9t\u00e9 con\u00e7ue pour s&#8217;adapter aux besoins des joueurs offensifs de niveau avanc\u00e9 ou expert qui cherchent \u00e0 dominer le terrain \u00e0 tout moment avec facilit\u00e9.<\/p>\n<p>C&#8217;est la raquette parfaite pour ceux qui cherchent \u00e0 am\u00e9liorer leur jeu et \u00e0 maximiser leur potentiel avec une combinaison de hautes performances, de puissance et de confort. Con\u00e7u pour un jeu offensif.<\/p>\n<h2>Caract\u00e9ristiques et technologies du XPLO Comfort 25<\/h2>\n<p>Noyau en caoutchouc Multieva pour un meilleur amorti et une r\u00e9ponse rapide<\/p>\n<p>Combinaison de confort optimal et de puissance explosive avec les chaussures plates Fibrix<\/p>\n<p><strong>Finition rugueuse 3D<\/strong> des faces pour un hit plein d&#8217;effets<\/p>\n<p>Forme g\u00e9om\u00e9trique pour une domination a\u00e9rienne et une force maximis\u00e9e<\/p>\n<p><em>Geometric Core<\/em> au c\u0153ur pour une puissance accrue<\/p>\n<p><strong>Structure hexagonale<\/strong> pour une plus grande r\u00e9sistance \u00e0 la torsion et une durabilit\u00e9 accrue<\/p>\n<p><em>Smart Holes<\/em> qui augmentent la rigidit\u00e9 des avions pour une sensation plus dure et plus s\u00e8che<\/p>\n<p><strong>Absorption optimale des vibrations<\/strong> gr\u00e2ce au <em>Ease Vibe<\/em> pour une exp\u00e9rience plus confortable<\/p>\n<p><strong>Risque de blessure r\u00e9duit<\/strong> gr\u00e2ce \u00e0 la conception ergonomique en nid d&#8217;abeille <em>Hesacore<\/em><\/p>\n<h3>Obtenez la raquette de padel Bullpadel XPLO Comfort 25 maintenant chez REVOLUTION PADEL STORE<\/h3>\n<p>Profitez de l&#8217;opportunit\u00e9 et am\u00e9liorez votre jeu sur le terrain gr\u00e2ce \u00e0 la puissance explosive que vous offre la raquette de padel Bullpadel XPLO Comfort 25, un mod\u00e8le en diamant avec un \u00e9quilibre \u00e9lev\u00e9 pour les <strong>joueurs experts<\/strong> qui vous distingueront \u00e0 chaque coup.<\/p>\n<h2>Bullpadel XPLO Comfort 25, potencia y comodidad<\/h2>\n","protected":false},"excerpt":{"rendered":"<p>Raquette Bullpadel XPLO Comfort 25 pour les joueurs offensifs de niveau avanc\u00e9. Forme en diamant et \u00e9quilibre \u00e9lev\u00e9 pour une puissance explosive dans les jeux offensifs.<\/p>\n","protected":false},"featured_media":99994,"comment_status":"open","ping_status":"closed","template":"","meta":{"_acf_changed":false,"_joinchat":[]},"acabado":[1092],"balance":[1137],"dureza":[1157],"forma":[1172],"jugador":[1192,1202],"marca":[1257],"nivel-de-juego":[1337],"superficie":[1362],"tipo-de-juego":[1377],"product_brand":[],"product_cat":[302],"product_tag":[],"class_list":{"0":"post-72871","1":"product","2":"type-product","3":"status-publish","4":"has-post-thumbnail","6":"acabado-soulager-la-3d","7":"balance-eleve","8":"dureza-media-fr","9":"forma-diamant","10":"jugador-homme","11":"jugador-polivalente-fr","12":"marca-bullpadel-fr","13":"superficie-rugosa-fr","14":"tipo-de-juego-puissance","15":"product_cat-palas-de-padel-fr","17":"first","18":"instock","19":"sale","20":"taxable","21":"shipping-taxable","22":"purchasable","23":"product-type-simple"},"acf":[],"yoast_head":"<!-- This site is optimized with the Yoast SEO plugin v27.4 - https:\/\/yoast.com\/product\/yoast-seo-wordpress\/ -->\n<title>BULLPADEL XPLO COMFORT 25 - Revolution Padel Store<\/title>\n<meta name=\"description\" content=\"Pala Bullpadel XPLO Comfort 25 para jugadores ofensivos de nivel avanzado. Forma de diamante y balance alto para una potencia explosiva en las jugadas de ataque.\" \/>\n<meta name=\"robots\" content=\"index, follow, max-snippet:-1, max-image-preview:large, max-video-preview:-1\" \/>\n<link rel=\"canonical\" href=\"https:\/\/revolutionpadelstore.com\/fr\/produit\/bullpadel-xplo-comfort-25-3\/\" \/>\n<meta property=\"og:locale\" content=\"fr_FR\" \/>\n<meta property=\"og:type\" content=\"article\" \/>\n<meta property=\"og:title\" content=\"BULLPADEL XPLO COMFORT 25 - Revolution Padel Store\" \/>\n<meta property=\"og:description\" content=\"Pala Bullpadel XPLO Comfort 25 para jugadores ofensivos de nivel avanzado. Forma de diamante y balance alto para una potencia explosiva en las jugadas de ataque.\" \/>\n<meta property=\"og:url\" content=\"https:\/\/revolutionpadelstore.com\/fr\/produit\/bullpadel-xplo-comfort-25-3\/\" \/>\n<meta property=\"og:site_name\" content=\"Revolution Padel Store\" \/>\n<meta property=\"article:modified_time\" content=\"2026-04-20T12:02:09+00:00\" \/>\n<meta property=\"og:image\" content=\"https:\/\/revolutionpadelstore.com\/wp-content\/uploads\/2024\/09\/113778_pala_bullpadel_xplo_comfort_25_474992_1500x1500_1_c8d2.webp\" \/>\n\t<meta property=\"og:image:width\" content=\"1500\" \/>\n\t<meta property=\"og:image:height\" content=\"1500\" \/>\n\t<meta property=\"og:image:type\" content=\"image\/webp\" \/>\n<meta name=\"twitter:card\" content=\"summary_large_image\" \/>\n<meta name=\"twitter:label1\" content=\"Dur\u00e9e de lecture estim\u00e9e\" \/>\n\t<meta name=\"twitter:data1\" content=\"2 minutes\" \/>\n<script type=\"application\/ld+json\" class=\"yoast-schema-graph\">{\"@context\":\"https:\\\/\\\/schema.org\",\"@graph\":[{\"@type\":\"WebPage\",\"@id\":\"https:\\\/\\\/revolutionpadelstore.com\\\/fr\\\/produit\\\/bullpadel-xplo-comfort-25-3\\\/\",\"url\":\"https:\\\/\\\/revolutionpadelstore.com\\\/fr\\\/produit\\\/bullpadel-xplo-comfort-25-3\\\/\",\"name\":\"BULLPADEL XPLO COMFORT 25 - Revolution Padel Store\",\"isPartOf\":{\"@id\":\"https:\\\/\\\/revolutionpadelstore.com\\\/fr\\\/#website\"},\"primaryImageOfPage\":{\"@id\":\"https:\\\/\\\/revolutionpadelstore.com\\\/fr\\\/produit\\\/bullpadel-xplo-comfort-25-3\\\/#primaryimage\"},\"image\":{\"@id\":\"https:\\\/\\\/revolutionpadelstore.com\\\/fr\\\/produit\\\/bullpadel-xplo-comfort-25-3\\\/#primaryimage\"},\"thumbnailUrl\":\"https:\\\/\\\/revolutionpadelstore.com\\\/wp-content\\\/uploads\\\/2024\\\/09\\\/113778_pala_bullpadel_xplo_comfort_25_474992_1500x1500_1_c8d2.webp\",\"datePublished\":\"2024-09-04T10:07:41+00:00\",\"dateModified\":\"2026-04-20T12:02:09+00:00\",\"description\":\"Pala Bullpadel XPLO Comfort 25 para jugadores ofensivos de nivel avanzado. Forma de diamante y balance alto para una potencia explosiva en las jugadas de ataque.\",\"breadcrumb\":{\"@id\":\"https:\\\/\\\/revolutionpadelstore.com\\\/fr\\\/produit\\\/bullpadel-xplo-comfort-25-3\\\/#breadcrumb\"},\"inLanguage\":\"fr-FR\",\"potentialAction\":[{\"@type\":\"ReadAction\",\"target\":[\"https:\\\/\\\/revolutionpadelstore.com\\\/fr\\\/produit\\\/bullpadel-xplo-comfort-25-3\\\/\"]}]},{\"@type\":\"ImageObject\",\"inLanguage\":\"fr-FR\",\"@id\":\"https:\\\/\\\/revolutionpadelstore.com\\\/fr\\\/produit\\\/bullpadel-xplo-comfort-25-3\\\/#primaryimage\",\"url\":\"https:\\\/\\\/revolutionpadelstore.com\\\/wp-content\\\/uploads\\\/2024\\\/09\\\/113778_pala_bullpadel_xplo_comfort_25_474992_1500x1500_1_c8d2.webp\",\"contentUrl\":\"https:\\\/\\\/revolutionpadelstore.com\\\/wp-content\\\/uploads\\\/2024\\\/09\\\/113778_pala_bullpadel_xplo_comfort_25_474992_1500x1500_1_c8d2.webp\",\"width\":1500,\"height\":1500},{\"@type\":\"BreadcrumbList\",\"@id\":\"https:\\\/\\\/revolutionpadelstore.com\\\/fr\\\/produit\\\/bullpadel-xplo-comfort-25-3\\\/#breadcrumb\",\"itemListElement\":[{\"@type\":\"ListItem\",\"position\":1,\"name\":\"Portada\",\"item\":\"https:\\\/\\\/revolutionpadelstore.com\\\/fr\\\/\"},{\"@type\":\"ListItem\",\"position\":2,\"name\":\"Boutique\",\"item\":\"https:\\\/\\\/revolutionpadelstore.com\\\/fr\\\/tienda\\\/\"},{\"@type\":\"ListItem\",\"position\":3,\"name\":\"BULLPADEL XPLO COMFORT 25\"}]},{\"@type\":\"WebSite\",\"@id\":\"https:\\\/\\\/revolutionpadelstore.com\\\/fr\\\/#website\",\"url\":\"https:\\\/\\\/revolutionpadelstore.com\\\/fr\\\/\",\"name\":\"Revolution Padel Store\",\"description\":\"\",\"publisher\":{\"@id\":\"https:\\\/\\\/revolutionpadelstore.com\\\/fr\\\/#organization\"},\"potentialAction\":[{\"@type\":\"SearchAction\",\"target\":{\"@type\":\"EntryPoint\",\"urlTemplate\":\"https:\\\/\\\/revolutionpadelstore.com\\\/fr\\\/?s={search_term_string}\"},\"query-input\":{\"@type\":\"PropertyValueSpecification\",\"valueRequired\":true,\"valueName\":\"search_term_string\"}}],\"inLanguage\":\"fr-FR\"},{\"@type\":\"Organization\",\"@id\":\"https:\\\/\\\/revolutionpadelstore.com\\\/fr\\\/#organization\",\"name\":\"Revolution Padel Store\",\"url\":\"https:\\\/\\\/revolutionpadelstore.com\\\/fr\\\/\",\"logo\":{\"@type\":\"ImageObject\",\"inLanguage\":\"fr-FR\",\"@id\":\"https:\\\/\\\/revolutionpadelstore.com\\\/fr\\\/#\\\/schema\\\/logo\\\/image\\\/\",\"url\":\"https:\\\/\\\/revolutionpadelstore.com\\\/wp-content\\\/uploads\\\/2026\\\/02\\\/revolution-padel-store.jpg\",\"contentUrl\":\"https:\\\/\\\/revolutionpadelstore.com\\\/wp-content\\\/uploads\\\/2026\\\/02\\\/revolution-padel-store.jpg\",\"width\":2000,\"height\":2000,\"caption\":\"Revolution Padel Store\"},\"image\":{\"@id\":\"https:\\\/\\\/revolutionpadelstore.com\\\/fr\\\/#\\\/schema\\\/logo\\\/image\\\/\"},\"sameAs\":[\"https:\\\/\\\/www.instagram.com\\\/revolutionpadelstore\\\/\"]}]}<\/script>\n<!-- \/ Yoast SEO plugin. -->","yoast_head_json":{"title":"BULLPADEL XPLO COMFORT 25 - Revolution Padel Store","description":"Pala Bullpadel XPLO Comfort 25 para jugadores ofensivos de nivel avanzado. Forma de diamante y balance alto para una potencia explosiva en las jugadas de ataque.","robots":{"index":"index","follow":"follow","max-snippet":"max-snippet:-1","max-image-preview":"max-image-preview:large","max-video-preview":"max-video-preview:-1"},"canonical":"https:\/\/revolutionpadelstore.com\/fr\/produit\/bullpadel-xplo-comfort-25-3\/","og_locale":"fr_FR","og_type":"article","og_title":"BULLPADEL XPLO COMFORT 25 - Revolution Padel Store","og_description":"Pala Bullpadel XPLO Comfort 25 para jugadores ofensivos de nivel avanzado. Forma de diamante y balance alto para una potencia explosiva en las jugadas de ataque.","og_url":"https:\/\/revolutionpadelstore.com\/fr\/produit\/bullpadel-xplo-comfort-25-3\/","og_site_name":"Revolution Padel Store","article_modified_time":"2026-04-20T12:02:09+00:00","og_image":[{"width":1500,"height":1500,"url":"https:\/\/revolutionpadelstore.com\/wp-content\/uploads\/2024\/09\/113778_pala_bullpadel_xplo_comfort_25_474992_1500x1500_1_c8d2.webp","type":"image\/webp"}],"twitter_card":"summary_large_image","twitter_misc":{"Dur\u00e9e de lecture estim\u00e9e":"2 minutes"},"schema":{"@context":"https:\/\/schema.org","@graph":[{"@type":"WebPage","@id":"https:\/\/revolutionpadelstore.com\/fr\/produit\/bullpadel-xplo-comfort-25-3\/","url":"https:\/\/revolutionpadelstore.com\/fr\/produit\/bullpadel-xplo-comfort-25-3\/","name":"BULLPADEL XPLO COMFORT 25 - Revolution Padel Store","isPartOf":{"@id":"https:\/\/revolutionpadelstore.com\/fr\/#website"},"primaryImageOfPage":{"@id":"https:\/\/revolutionpadelstore.com\/fr\/produit\/bullpadel-xplo-comfort-25-3\/#primaryimage"},"image":{"@id":"https:\/\/revolutionpadelstore.com\/fr\/produit\/bullpadel-xplo-comfort-25-3\/#primaryimage"},"thumbnailUrl":"https:\/\/revolutionpadelstore.com\/wp-content\/uploads\/2024\/09\/113778_pala_bullpadel_xplo_comfort_25_474992_1500x1500_1_c8d2.webp","datePublished":"2024-09-04T10:07:41+00:00","dateModified":"2026-04-20T12:02:09+00:00","description":"Pala Bullpadel XPLO Comfort 25 para jugadores ofensivos de nivel avanzado. Forma de diamante y balance alto para una potencia explosiva en las jugadas de ataque.","breadcrumb":{"@id":"https:\/\/revolutionpadelstore.com\/fr\/produit\/bullpadel-xplo-comfort-25-3\/#breadcrumb"},"inLanguage":"fr-FR","potentialAction":[{"@type":"ReadAction","target":["https:\/\/revolutionpadelstore.com\/fr\/produit\/bullpadel-xplo-comfort-25-3\/"]}]},{"@type":"ImageObject","inLanguage":"fr-FR","@id":"https:\/\/revolutionpadelstore.com\/fr\/produit\/bullpadel-xplo-comfort-25-3\/#primaryimage","url":"https:\/\/revolutionpadelstore.com\/wp-content\/uploads\/2024\/09\/113778_pala_bullpadel_xplo_comfort_25_474992_1500x1500_1_c8d2.webp","contentUrl":"https:\/\/revolutionpadelstore.com\/wp-content\/uploads\/2024\/09\/113778_pala_bullpadel_xplo_comfort_25_474992_1500x1500_1_c8d2.webp","width":1500,"height":1500},{"@type":"BreadcrumbList","@id":"https:\/\/revolutionpadelstore.com\/fr\/produit\/bullpadel-xplo-comfort-25-3\/#breadcrumb","itemListElement":[{"@type":"ListItem","position":1,"name":"Portada","item":"https:\/\/revolutionpadelstore.com\/fr\/"},{"@type":"ListItem","position":2,"name":"Boutique","item":"https:\/\/revolutionpadelstore.com\/fr\/tienda\/"},{"@type":"ListItem","position":3,"name":"BULLPADEL XPLO COMFORT 25"}]},{"@type":"WebSite","@id":"https:\/\/revolutionpadelstore.com\/fr\/#website","url":"https:\/\/revolutionpadelstore.com\/fr\/","name":"Revolution Padel Store","description":"","publisher":{"@id":"https:\/\/revolutionpadelstore.com\/fr\/#organization"},"potentialAction":[{"@type":"SearchAction","target":{"@type":"EntryPoint","urlTemplate":"https:\/\/revolutionpadelstore.com\/fr\/?s={search_term_string}"},"query-input":{"@type":"PropertyValueSpecification","valueRequired":true,"valueName":"search_term_string"}}],"inLanguage":"fr-FR"},{"@type":"Organization","@id":"https:\/\/revolutionpadelstore.com\/fr\/#organization","name":"Revolution Padel Store","url":"https:\/\/revolutionpadelstore.com\/fr\/","logo":{"@type":"ImageObject","inLanguage":"fr-FR","@id":"https:\/\/revolutionpadelstore.com\/fr\/#\/schema\/logo\/image\/","url":"https:\/\/revolutionpadelstore.com\/wp-content\/uploads\/2026\/02\/revolution-padel-store.jpg","contentUrl":"https:\/\/revolutionpadelstore.com\/wp-content\/uploads\/2026\/02\/revolution-padel-store.jpg","width":2000,"height":2000,"caption":"Revolution Padel Store"},"image":{"@id":"https:\/\/revolutionpadelstore.com\/fr\/#\/schema\/logo\/image\/"},"sameAs":["https:\/\/www.instagram.com\/revolutionpadelstore\/"]}]}},"_links":{"self":[{"href":"https:\/\/revolutionpadelstore.com\/fr\/wp-json\/wp\/v2\/product\/72871","targetHints":{"allow":["GET"]}}],"collection":[{"href":"https:\/\/revolutionpadelstore.com\/fr\/wp-json\/wp\/v2\/product"}],"about":[{"href":"https:\/\/revolutionpadelstore.com\/fr\/wp-json\/wp\/v2\/types\/product"}],"replies":[{"embeddable":true,"href":"https:\/\/revolutionpadelstore.com\/fr\/wp-json\/wp\/v2\/comments?post=72871"}],"wp:featuredmedia":[{"embeddable":true,"href":"https:\/\/revolutionpadelstore.com\/fr\/wp-json\/wp\/v2\/media\/99994"}],"wp:attachment":[{"href":"https:\/\/revolutionpadelstore.com\/fr\/wp-json\/wp\/v2\/media?parent=72871"}],"wp:term":[{"taxonomy":"acabado","embeddable":true,"href":"https:\/\/revolutionpadelstore.com\/fr\/wp-json\/wp\/v2\/acabado?post=72871"},{"taxonomy":"balance","embeddable":true,"href":"https:\/\/revolutionpadelstore.com\/fr\/wp-json\/wp\/v2\/balance?post=72871"},{"taxonomy":"dureza","embeddable":true,"href":"https:\/\/revolutionpadelstore.com\/fr\/wp-json\/wp\/v2\/dureza?post=72871"},{"taxonomy":"forma","embeddable":true,"href":"https:\/\/revolutionpadelstore.com\/fr\/wp-json\/wp\/v2\/forma?post=72871"},{"taxonomy":"jugador","embeddable":true,"href":"https:\/\/revolutionpadelstore.com\/fr\/wp-json\/wp\/v2\/jugador?post=72871"},{"taxonomy":"marca","embeddable":true,"href":"https:\/\/revolutionpadelstore.com\/fr\/wp-json\/wp\/v2\/marca?post=72871"},{"taxonomy":"nivel-de-juego","embeddable":true,"href":"https:\/\/revolutionpadelstore.com\/fr\/wp-json\/wp\/v2\/nivel-de-juego?post=72871"},{"taxonomy":"superficie","embeddable":true,"href":"https:\/\/revolutionpadelstore.com\/fr\/wp-json\/wp\/v2\/superficie?post=72871"},{"taxonomy":"tipo-de-juego","embeddable":true,"href":"https:\/\/revolutionpadelstore.com\/fr\/wp-json\/wp\/v2\/tipo-de-juego?post=72871"},{"taxonomy":"product_brand","embeddable":true,"href":"https:\/\/revolutionpadelstore.com\/fr\/wp-json\/wp\/v2\/product_brand?post=72871"},{"taxonomy":"product_cat","embeddable":true,"href":"https:\/\/revolutionpadelstore.com\/fr\/wp-json\/wp\/v2\/product_cat?post=72871"},{"taxonomy":"product_tag","embeddable":true,"href":"https:\/\/revolutionpadelstore.com\/fr\/wp-json\/wp\/v2\/product_tag?post=72871"}],"curies":[{"name":"wp","href":"https:\/\/api.w.org\/{rel}","templated":true}]}}