{"id":72856,"date":"2024-09-06T00:30:59","date_gmt":"2024-09-05T22:30:59","guid":{"rendered":"https:\/\/revolutionpadelstore.com\/bullpadel-vertex-04-hybrid-25\/"},"modified":"2026-04-08T10:44:31","modified_gmt":"2026-04-08T08:44:31","slug":"bullpadel-vertex-04-hybrid-25-3","status":"publish","type":"product","link":"https:\/\/revolutionpadelstore.com\/fr\/produit\/bullpadel-vertex-04-hybrid-25-3\/","title":{"rendered":"BULLPADEL VERTEX 04 HYBRID 25"},"content":{"rendered":"<p>Le meilleur VERTEX de l&#8217;histoire pour faire la diff\u00e9rence sur la piste. La raquette la plus vendue sur le march\u00e9, mettant en \u0153uvre un nouvel avenir en mati\u00e8re de jouabilit\u00e9.<\/p>\n<p>La recherche de la perfection est une philosophie partag\u00e9e par tous les sportifs. Notre travail est de leur simplifier le parcours, et pour cela nous avons d\u00e9velopp\u00e9 la nouvelle ligne Vertex, la raquette de padel totale, con\u00e7ue pour s&#8217;adapter \u00e0 tout style de jeu, sans p\u00e9nalit\u00e9.<\/p>\n<p>L&#8217;innovation est l&#8217;un des piliers fondamentaux du d\u00e9veloppement de nos produits. Notre \u00e9quipe de recherche et d\u00e9veloppement travaille en \u00e9troite collaboration avec nos joueurs professionnels pour atteindre l\u2019excellence. Vos pr\u00e9cieux commentaires jouent un r\u00f4le essentiel dans le d\u00e9veloppement de nos lames, nous permettant de tracer la voie vers la cr\u00e9ation des lames et des technologies les plus exceptionnelles pour nos utilisateurs.<\/p>\n<p><strong>Courbe : Aktiv Tech<\/strong><\/p>\n<p>Gr\u00e2ce \u00e0 la rotation de ses faces du c\u00f4t\u00e9 de la lame, une section variable est g\u00e9n\u00e9r\u00e9e du c\u00f4t\u00e9 de la lame le long du profil. Cette nouvelle section torsad\u00e9e fait de la Vertex 04 hybrid une raquette plus r\u00e9sistante, avec une meilleure r\u00e9partition des vibrations et un apport de rigidit\u00e9 suppl\u00e9mentaire. Avec l&#8217;introduction de cette technologie, votre jeu augmentera avec un plus grand confort d\u00e8s le premier coup de balle, vous sentant \u00e0 l&#8217;aise dans toutes les facettes de votre jeu.<\/p>\n<p><strong>PUISSANCE A\u00c9RIENNE<\/strong><\/p>\n<p>L&#8217;AIR POWER est l&#8217;\u00e9volution naturelle du syst\u00e8me Air React Channel. Gr\u00e2ce \u00e0 cette nouvelle technologie, nous avons augment\u00e9 de 50 % la taille du canal situ\u00e9 sur la face inf\u00e9rieure du cadre. Comment y parvenir ? augmenter la longueur des surfaces impliqu\u00e9es de la structure creuse. Cela fait de l&#8217;Air Power une zone beaucoup plus efficace par rapport \u00e0 une lame solide ou \u00e0 sa version pr\u00e9c\u00e9dente, l&#8217;Air React Channel. Avec Air Power, nous ajoutons encore plus de retour d&#8217;\u00e9nergie \u00e0 la frappe, plus d&#8217;agilit\u00e9, plus de l\u00e9g\u00e8ret\u00e9 dans la zone et une plus grande acc\u00e9l\u00e9ration, faisant de la nouvelle Vertex 04 Hybrid une raquette plus r\u00e9active, stable, a\u00e9rodynamique et maniable.<\/p>\n<p><strong>PUISSANCE A\u00c9RIENNE + COURBE :AKTIV<\/strong><\/p>\n<p>La Vertex 04 Hybrid combine les technologies Air Power et Curv:Aktiv pour offrir des performances totales, cr\u00e9ant la raquette la plus \u00e9quilibr\u00e9e et la plus compl\u00e8te jamais d\u00e9velopp\u00e9e par notre marque. Curv:Aktiv am\u00e9liore l&#8217;effet Coanda, canalisant l&#8217;air vers le syst\u00e8me Air Power, r\u00e9duisant la r\u00e9sistance de l&#8217;air et am\u00e9liorant l&#8217;a\u00e9rodynamisme de la pale jusqu&#8217;\u00e0 23 %. Le r\u00e9sultat est une raquette plus agile, avec une plus grande capacit\u00e9 d&#8217;acc\u00e9l\u00e9ration, ce qui se traduit par une maniabilit\u00e9 impeccable, un contr\u00f4le absolu et une r\u00e9activit\u00e9 exceptionnelle \u00e0 chaque coup.<\/p>\n<p><strong>VERTEX CORE<\/strong><\/p>\n<p>L&#8217;essence habituelle, port\u00e9e au niveau sup\u00e9rieur. Caract\u00e9ris\u00e9 par son double pont diagonal, le nouveau c\u0153ur Vertex subit un restyle par rapport \u00e0 son pr\u00e9d\u00e9cesseur dans sa structure, pour obtenir une g\u00e9om\u00e9trie plus triangulaire permettant de mieux r\u00e9partir les forces entre ses bords, \u00e9liminant ainsi les vibrations, les torsions et augmentant la rigidit\u00e9 du solide. Avec tout cela, les sensations pour le joueur seront celles d&#8217;une raquette avec laquelle vous pourrez donner des coups performants aussi bien depuis le fond du terrain que sur le filet.<\/p>\n<p><strong>Facilit\u00e9 Vibe<\/strong><\/p>\n<p>Les Ease Vibe sont des amortisseurs \u00e0 la pointe de la technologie, con\u00e7us pour optimiser vos performances sur le court de padel. Int\u00e9gr\u00e9s dans quatre trous strat\u00e9giques de la lame, les Ease Vibe ont \u00e9t\u00e9 soumis \u00e0 des \u00e9tudes rigoureuses de la part de l&#8217;Universit\u00e9 Polytechnique de Madrid, d\u00e9montrant leur capacit\u00e9 \u00e0 absorber jusqu&#8217;\u00e0 49% des vibrations produites lors de la frappe de la balle. Gr\u00e2ce \u00e0 leur g\u00e9om\u00e9trie en forme de ressort redessin\u00e9e, ces amortisseurs am\u00e9liorent non seulement l&#8217;absorption des vibrations, mais augmentent \u00e9galement leurs performances globales. Cette forme innovante permet une personnalisation unique de la sensation et de l&#8217;\u00e9quilibre de la raquette, vous donnant la flexibilit\u00e9 d&#8217;ajuster votre jeu en fonction de vos besoins. Que vous recherchiez plus de contr\u00f4le ou de puissance, la Ease Vibe vous permet d&#8217;adapter votre raquette pour maximiser chaque coup et garantir une exp\u00e9rience de jeu plus confortable et efficace.<\/p>\n<p><strong>POIDS PERSONNALIS\u00c9<\/strong><\/p>\n<p>Le syst\u00e8me de poids CustomWeight est compos\u00e9 de plaques finies en gel ou en aluminium d&#8217;un poids de 3 g par unit\u00e9, qui apportent un poids suppl\u00e9mentaire dans les zones sp\u00e9cifiques o\u00f9 elles sont plac\u00e9es. Avec cela, on parvient \u00e0 modifier l&#8217;\u00e9quilibre de la raquette en fonction des besoins de chaque joueur. La structure Vertex est con\u00e7ue pour le placement d&#8217;un total de 5 poids. 4 sur le dessus de la lame et un de plus sur la partie capuchon d&#8217;un poids de 5g ou 10g. Avec tout cela, nous pouvons cr\u00e9er diff\u00e9rentes sp\u00e9cifications allant jusqu&#8217;\u00e0 22g de plus et un changement d&#8217;\u00e9quilibre de +-1cm.<\/p>\n<p><strong>TOP SPIN<\/strong><\/p>\n<p>Le Vertex 04 Hybrid augmente la quantit\u00e9 de grain dans la derni\u00e8re couche de la face de la raquette, obtenant des effets plus marqu\u00e9s et pr\u00e9cis qui vous permettront de dominer chaque coup. Cette augmentation de la quantit\u00e9 de grain am\u00e9liore non seulement la g\u00e9n\u00e9ration d&#8217;effets agressifs sur les slices, les vol\u00e9es, les layups et les pointes, mais rend \u00e9galement cette technologie plus durable dans le temps, garantissant des performances sup\u00e9rieures et constantes pour plus de matchs.<\/p>\n<p><strong>HESACORE<\/strong><\/p>\n<p>D\u00e9couvrez le nouveau Hesacore avec sa formule renouvel\u00e9e pour prot\u00e9ger encore plus votre jeu. Avec le nouveau hesacore, vous n&#8217;aurez plus \u00e0 vous soucier de l&#8217;inconfort des bras ou des vibrations ind\u00e9sirables, puisque notre \u00e9lastom\u00e8re anti-vibration am\u00e9lior\u00e9 se charge de filtrer et de minimiser ces sensations, vous permettant ainsi de vous concentrer sur votre performance sans distractions. Sa conception ergonomique en nid d&#8217;abeille cr\u00e9e une plus grande surface de contact entre la main et le poing. Cela permet aux doigts de reposer sur les surfaces concaves, r\u00e9duisant ainsi les efforts et les blessures, offrant \u00e9galement une prise ferme et confortable qui vous permet de garder le contr\u00f4le total de la raquette \u00e0 tout moment.<\/p>\n<p><strong>VIBRADRIVE<\/strong><\/p>\n<p>Vibradrive se caract\u00e9rise par l&#8217;insertion d&#8217;un \u00e9lastom\u00e8re hautement \u00e9lastique qui fragmente le manche le long de son axe longitudinal. La mise en \u0153uvre de cet \u00e9lastom\u00e8re s&#8217;impose comme un \u00e9l\u00e9ment cl\u00e9 pour optimiser les performances des joueurs. L&#8217;\u00e9lasticit\u00e9 exceptionnelle du mat\u00e9riau utilis\u00e9 ainsi que son emplacement strat\u00e9gique font du vibradrive un \u00e9l\u00e9ment essentiel pour absorber les vibrations, notamment dans les situations de choc d\u00e9centr\u00e9.<\/p>\n<p><strong>Xtend-Carbon 12K<\/strong><\/p>\n<p>Le Vertex 04 Hybrid se distingue par sa construction avec X-Tend Carbon, un mat\u00e9riau avanc\u00e9 de filaments de carbone 12K entrelac\u00e9s biaxialement. Ce carbone, 20 \u00e0 30 % plus l\u00e9ger que le carbone classique, offre une maniabilit\u00e9 exceptionnelle et un \u00e9quilibre optimal. Le X-Tend Carbon est donc le mat\u00e9riau id\u00e9al pour cette raquette, am\u00e9liorant consid\u00e9rablement la maniabilit\u00e9 et la r\u00e9activit\u00e9.<\/p>\n<p><strong>Multieva<\/strong><\/p>\n<p>Le noyau de cette raquette de padel a \u00e9t\u00e9 con\u00e7u avec une structure de type &#8220;sandwich&#8221;, compos\u00e9e de trois couches d&#8217;EVA (Ethyl\u00e8ne-Vinyl-Ac\u00e9tate) de densit\u00e9s diff\u00e9rentes, soigneusement adapt\u00e9es pour optimiser les performances dans chaque situation de jeu.<\/p>\n<p>1. Couches ext\u00e9rieures : Les deux couches ext\u00e9rieures, fabriqu\u00e9es avec un EVA de densit\u00e9 et de rigidit\u00e9 plus \u00e9lev\u00e9es, sont con\u00e7ues pour maximiser la puissance lors des coups les plus explosifs, offrant une r\u00e9ponse rapide et puissante lors de l&#8217;impact de la balle.<\/p>\n<p>2. Couche int\u00e9rieure : La couche int\u00e9rieure, constitu\u00e9e d&#8217;un EVA plus doux et de plus faible densit\u00e9, agit comme un noyau absorbant les chocs, augmentant la tol\u00e9rance et le confort sur les coups \u00e0 faible vitesse. Cette douceur interne am\u00e9liore non seulement la sensation de frappe, mais contribue \u00e9galement \u00e0 r\u00e9duire les vibrations, r\u00e9duisant ainsi le risque de blessure et offrant un meilleur contr\u00f4le sur les frappes les plus d\u00e9licates.<\/p>\n","protected":false},"excerpt":{"rendered":"<p>Con\u00e7u pour ceux qui cherchent \u00e0 dominer chaque point avec une combinaison parfaite de vitesse, de r\u00e9activit\u00e9 et de contr\u00f4le, le<strong>VERTEX 04<\/strong> red\u00e9finit le jeu dans son ensemble. D\u00e9sormais dans sa version hybride, cette raquette offre un \u00e9quilibre plus bas et plus maniable, id\u00e9al pour les joueurs qui pr\u00e9f\u00e8rent le contr\u00f4le depuis le fond du court.<\/p>\n","protected":false},"featured_media":99976,"comment_status":"open","ping_status":"closed","template":"","meta":{"_acf_changed":false,"_joinchat":[]},"acabado":[1092],"balance":[1137,1142],"dureza":[1162,1157],"forma":[1177],"jugador":[1192,1202],"marca":[1257],"nivel-de-juego":[1337,1347],"superficie":[1362],"tipo-de-juego":[1387],"product_brand":[],"product_cat":[302],"product_tag":[],"class_list":{"0":"post-72856","1":"product","2":"type-product","3":"status-publish","4":"has-post-thumbnail","6":"acabado-soulager-la-3d","7":"balance-eleve","8":"balance-moyen","9":"dureza-dure","10":"dureza-media-fr","11":"forma-hybride","12":"jugador-homme","13":"jugador-polivalente-fr","14":"marca-bullpadel-fr","15":"superficie-rugosa-fr","16":"tipo-de-juego-polivalente-fr","17":"product_cat-palas-de-padel-fr","19":"first","20":"instock","21":"sale","22":"taxable","23":"shipping-taxable","24":"purchasable","25":"product-type-simple"},"acf":[],"yoast_head":"<!-- This site is optimized with the Yoast SEO plugin v27.3 - https:\/\/yoast.com\/product\/yoast-seo-wordpress\/ -->\n<title>BULLPADEL VERTEX 04 HYBRID 25 - Revolution Padel Store<\/title>\n<meta name=\"description\" content=\"La mejor VERTEX de la historia para marcar la diferencia en la pista. La pala m\u00e1s vendida del mercado implantando un nuevo futuro en la jugabilidad.La b\u00fasqueda de la perfecci\u00f3n es una filosof\u00eda compartida por todos los deportistas. Nuestra labor consiste en simplificarles el camino, y para ello desarrollamos la nueva linea Vertex, la pala total, dise\u00f1ada para adaptarse a cualquier estilo de juego, sin penalizaci\u00f3n.\" \/>\n<meta name=\"robots\" content=\"index, follow, max-snippet:-1, max-image-preview:large, max-video-preview:-1\" \/>\n<link rel=\"canonical\" href=\"https:\/\/revolutionpadelstore.com\/fr\/produit\/bullpadel-vertex-04-hybrid-25-3\/\" \/>\n<meta property=\"og:locale\" content=\"fr_FR\" \/>\n<meta property=\"og:type\" content=\"article\" \/>\n<meta property=\"og:title\" content=\"BULLPADEL VERTEX 04 HYBRID 25 - Revolution Padel Store\" \/>\n<meta property=\"og:description\" content=\"La mejor VERTEX de la historia para marcar la diferencia en la pista. La pala m\u00e1s vendida del mercado implantando un nuevo futuro en la jugabilidad.La b\u00fasqueda de la perfecci\u00f3n es una filosof\u00eda compartida por todos los deportistas. Nuestra labor consiste en simplificarles el camino, y para ello desarrollamos la nueva linea Vertex, la pala total, dise\u00f1ada para adaptarse a cualquier estilo de juego, sin penalizaci\u00f3n.\" \/>\n<meta property=\"og:url\" content=\"https:\/\/revolutionpadelstore.com\/fr\/produit\/bullpadel-vertex-04-hybrid-25-3\/\" \/>\n<meta property=\"og:site_name\" content=\"Revolution Padel Store\" \/>\n<meta property=\"article:modified_time\" content=\"2026-04-08T08:44:31+00:00\" \/>\n<meta property=\"og:image\" content=\"https:\/\/revolutionpadelstore.com\/wp-content\/uploads\/2024\/09\/113773_pala_bullpadel_vertex_04_hybrid_25_448116_1500x1500_1_c30d.webp\" \/>\n\t<meta property=\"og:image:width\" content=\"1500\" \/>\n\t<meta property=\"og:image:height\" content=\"1500\" \/>\n\t<meta property=\"og:image:type\" content=\"image\/webp\" \/>\n<meta name=\"twitter:card\" content=\"summary_large_image\" \/>\n<meta name=\"twitter:label1\" content=\"Dur\u00e9e de lecture estim\u00e9e\" \/>\n\t<meta name=\"twitter:data1\" content=\"6 minutes\" \/>\n<script type=\"application\/ld+json\" class=\"yoast-schema-graph\">{\"@context\":\"https:\\\/\\\/schema.org\",\"@graph\":[{\"@type\":\"WebPage\",\"@id\":\"https:\\\/\\\/revolutionpadelstore.com\\\/fr\\\/produit\\\/bullpadel-vertex-04-hybrid-25-3\\\/\",\"url\":\"https:\\\/\\\/revolutionpadelstore.com\\\/fr\\\/produit\\\/bullpadel-vertex-04-hybrid-25-3\\\/\",\"name\":\"BULLPADEL VERTEX 04 HYBRID 25 - Revolution Padel Store\",\"isPartOf\":{\"@id\":\"https:\\\/\\\/revolutionpadelstore.com\\\/fr\\\/#website\"},\"primaryImageOfPage\":{\"@id\":\"https:\\\/\\\/revolutionpadelstore.com\\\/fr\\\/produit\\\/bullpadel-vertex-04-hybrid-25-3\\\/#primaryimage\"},\"image\":{\"@id\":\"https:\\\/\\\/revolutionpadelstore.com\\\/fr\\\/produit\\\/bullpadel-vertex-04-hybrid-25-3\\\/#primaryimage\"},\"thumbnailUrl\":\"https:\\\/\\\/revolutionpadelstore.com\\\/wp-content\\\/uploads\\\/2024\\\/09\\\/113773_pala_bullpadel_vertex_04_hybrid_25_448116_1500x1500_1_c30d.webp\",\"datePublished\":\"2024-09-05T22:30:59+00:00\",\"dateModified\":\"2026-04-08T08:44:31+00:00\",\"description\":\"La mejor VERTEX de la historia para marcar la diferencia en la pista. La pala m\u00e1s vendida del mercado implantando un nuevo futuro en la jugabilidad.La b\u00fasqueda de la perfecci\u00f3n es una filosof\u00eda compartida por todos los deportistas. Nuestra labor consiste en simplificarles el camino, y para ello desarrollamos la nueva linea Vertex, la pala total, dise\u00f1ada para adaptarse a cualquier estilo de juego, sin penalizaci\u00f3n.\",\"breadcrumb\":{\"@id\":\"https:\\\/\\\/revolutionpadelstore.com\\\/fr\\\/produit\\\/bullpadel-vertex-04-hybrid-25-3\\\/#breadcrumb\"},\"inLanguage\":\"fr-FR\",\"potentialAction\":[{\"@type\":\"ReadAction\",\"target\":[\"https:\\\/\\\/revolutionpadelstore.com\\\/fr\\\/produit\\\/bullpadel-vertex-04-hybrid-25-3\\\/\"]}]},{\"@type\":\"ImageObject\",\"inLanguage\":\"fr-FR\",\"@id\":\"https:\\\/\\\/revolutionpadelstore.com\\\/fr\\\/produit\\\/bullpadel-vertex-04-hybrid-25-3\\\/#primaryimage\",\"url\":\"https:\\\/\\\/revolutionpadelstore.com\\\/wp-content\\\/uploads\\\/2024\\\/09\\\/113773_pala_bullpadel_vertex_04_hybrid_25_448116_1500x1500_1_c30d.webp\",\"contentUrl\":\"https:\\\/\\\/revolutionpadelstore.com\\\/wp-content\\\/uploads\\\/2024\\\/09\\\/113773_pala_bullpadel_vertex_04_hybrid_25_448116_1500x1500_1_c30d.webp\",\"width\":1500,\"height\":1500},{\"@type\":\"BreadcrumbList\",\"@id\":\"https:\\\/\\\/revolutionpadelstore.com\\\/fr\\\/produit\\\/bullpadel-vertex-04-hybrid-25-3\\\/#breadcrumb\",\"itemListElement\":[{\"@type\":\"ListItem\",\"position\":1,\"name\":\"Portada\",\"item\":\"https:\\\/\\\/revolutionpadelstore.com\\\/fr\\\/\"},{\"@type\":\"ListItem\",\"position\":2,\"name\":\"Boutique\",\"item\":\"https:\\\/\\\/revolutionpadelstore.com\\\/fr\\\/tienda\\\/\"},{\"@type\":\"ListItem\",\"position\":3,\"name\":\"BULLPADEL VERTEX 04 HYBRID 25\"}]},{\"@type\":\"WebSite\",\"@id\":\"https:\\\/\\\/revolutionpadelstore.com\\\/fr\\\/#website\",\"url\":\"https:\\\/\\\/revolutionpadelstore.com\\\/fr\\\/\",\"name\":\"Revolution Padel Store\",\"description\":\"\",\"publisher\":{\"@id\":\"https:\\\/\\\/revolutionpadelstore.com\\\/fr\\\/#organization\"},\"potentialAction\":[{\"@type\":\"SearchAction\",\"target\":{\"@type\":\"EntryPoint\",\"urlTemplate\":\"https:\\\/\\\/revolutionpadelstore.com\\\/fr\\\/?s={search_term_string}\"},\"query-input\":{\"@type\":\"PropertyValueSpecification\",\"valueRequired\":true,\"valueName\":\"search_term_string\"}}],\"inLanguage\":\"fr-FR\"},{\"@type\":\"Organization\",\"@id\":\"https:\\\/\\\/revolutionpadelstore.com\\\/fr\\\/#organization\",\"name\":\"Revolution Padel Store\",\"url\":\"https:\\\/\\\/revolutionpadelstore.com\\\/fr\\\/\",\"logo\":{\"@type\":\"ImageObject\",\"inLanguage\":\"fr-FR\",\"@id\":\"https:\\\/\\\/revolutionpadelstore.com\\\/fr\\\/#\\\/schema\\\/logo\\\/image\\\/\",\"url\":\"https:\\\/\\\/revolutionpadelstore.com\\\/wp-content\\\/uploads\\\/2026\\\/02\\\/revolution-padel-store.jpg\",\"contentUrl\":\"https:\\\/\\\/revolutionpadelstore.com\\\/wp-content\\\/uploads\\\/2026\\\/02\\\/revolution-padel-store.jpg\",\"width\":2000,\"height\":2000,\"caption\":\"Revolution Padel Store\"},\"image\":{\"@id\":\"https:\\\/\\\/revolutionpadelstore.com\\\/fr\\\/#\\\/schema\\\/logo\\\/image\\\/\"},\"sameAs\":[\"https:\\\/\\\/www.instagram.com\\\/revolutionpadelstore\\\/\"]}]}<\/script>\n<!-- \/ Yoast SEO plugin. -->","yoast_head_json":{"title":"BULLPADEL VERTEX 04 HYBRID 25 - Revolution Padel Store","description":"La mejor VERTEX de la historia para marcar la diferencia en la pista. La pala m\u00e1s vendida del mercado implantando un nuevo futuro en la jugabilidad.La b\u00fasqueda de la perfecci\u00f3n es una filosof\u00eda compartida por todos los deportistas. Nuestra labor consiste en simplificarles el camino, y para ello desarrollamos la nueva linea Vertex, la pala total, dise\u00f1ada para adaptarse a cualquier estilo de juego, sin penalizaci\u00f3n.","robots":{"index":"index","follow":"follow","max-snippet":"max-snippet:-1","max-image-preview":"max-image-preview:large","max-video-preview":"max-video-preview:-1"},"canonical":"https:\/\/revolutionpadelstore.com\/fr\/produit\/bullpadel-vertex-04-hybrid-25-3\/","og_locale":"fr_FR","og_type":"article","og_title":"BULLPADEL VERTEX 04 HYBRID 25 - Revolution Padel Store","og_description":"La mejor VERTEX de la historia para marcar la diferencia en la pista. La pala m\u00e1s vendida del mercado implantando un nuevo futuro en la jugabilidad.La b\u00fasqueda de la perfecci\u00f3n es una filosof\u00eda compartida por todos los deportistas. Nuestra labor consiste en simplificarles el camino, y para ello desarrollamos la nueva linea Vertex, la pala total, dise\u00f1ada para adaptarse a cualquier estilo de juego, sin penalizaci\u00f3n.","og_url":"https:\/\/revolutionpadelstore.com\/fr\/produit\/bullpadel-vertex-04-hybrid-25-3\/","og_site_name":"Revolution Padel Store","article_modified_time":"2026-04-08T08:44:31+00:00","og_image":[{"width":1500,"height":1500,"url":"https:\/\/revolutionpadelstore.com\/wp-content\/uploads\/2024\/09\/113773_pala_bullpadel_vertex_04_hybrid_25_448116_1500x1500_1_c30d.webp","type":"image\/webp"}],"twitter_card":"summary_large_image","twitter_misc":{"Dur\u00e9e de lecture estim\u00e9e":"6 minutes"},"schema":{"@context":"https:\/\/schema.org","@graph":[{"@type":"WebPage","@id":"https:\/\/revolutionpadelstore.com\/fr\/produit\/bullpadel-vertex-04-hybrid-25-3\/","url":"https:\/\/revolutionpadelstore.com\/fr\/produit\/bullpadel-vertex-04-hybrid-25-3\/","name":"BULLPADEL VERTEX 04 HYBRID 25 - Revolution Padel Store","isPartOf":{"@id":"https:\/\/revolutionpadelstore.com\/fr\/#website"},"primaryImageOfPage":{"@id":"https:\/\/revolutionpadelstore.com\/fr\/produit\/bullpadel-vertex-04-hybrid-25-3\/#primaryimage"},"image":{"@id":"https:\/\/revolutionpadelstore.com\/fr\/produit\/bullpadel-vertex-04-hybrid-25-3\/#primaryimage"},"thumbnailUrl":"https:\/\/revolutionpadelstore.com\/wp-content\/uploads\/2024\/09\/113773_pala_bullpadel_vertex_04_hybrid_25_448116_1500x1500_1_c30d.webp","datePublished":"2024-09-05T22:30:59+00:00","dateModified":"2026-04-08T08:44:31+00:00","description":"La mejor VERTEX de la historia para marcar la diferencia en la pista. La pala m\u00e1s vendida del mercado implantando un nuevo futuro en la jugabilidad.La b\u00fasqueda de la perfecci\u00f3n es una filosof\u00eda compartida por todos los deportistas. Nuestra labor consiste en simplificarles el camino, y para ello desarrollamos la nueva linea Vertex, la pala total, dise\u00f1ada para adaptarse a cualquier estilo de juego, sin penalizaci\u00f3n.","breadcrumb":{"@id":"https:\/\/revolutionpadelstore.com\/fr\/produit\/bullpadel-vertex-04-hybrid-25-3\/#breadcrumb"},"inLanguage":"fr-FR","potentialAction":[{"@type":"ReadAction","target":["https:\/\/revolutionpadelstore.com\/fr\/produit\/bullpadel-vertex-04-hybrid-25-3\/"]}]},{"@type":"ImageObject","inLanguage":"fr-FR","@id":"https:\/\/revolutionpadelstore.com\/fr\/produit\/bullpadel-vertex-04-hybrid-25-3\/#primaryimage","url":"https:\/\/revolutionpadelstore.com\/wp-content\/uploads\/2024\/09\/113773_pala_bullpadel_vertex_04_hybrid_25_448116_1500x1500_1_c30d.webp","contentUrl":"https:\/\/revolutionpadelstore.com\/wp-content\/uploads\/2024\/09\/113773_pala_bullpadel_vertex_04_hybrid_25_448116_1500x1500_1_c30d.webp","width":1500,"height":1500},{"@type":"BreadcrumbList","@id":"https:\/\/revolutionpadelstore.com\/fr\/produit\/bullpadel-vertex-04-hybrid-25-3\/#breadcrumb","itemListElement":[{"@type":"ListItem","position":1,"name":"Portada","item":"https:\/\/revolutionpadelstore.com\/fr\/"},{"@type":"ListItem","position":2,"name":"Boutique","item":"https:\/\/revolutionpadelstore.com\/fr\/tienda\/"},{"@type":"ListItem","position":3,"name":"BULLPADEL VERTEX 04 HYBRID 25"}]},{"@type":"WebSite","@id":"https:\/\/revolutionpadelstore.com\/fr\/#website","url":"https:\/\/revolutionpadelstore.com\/fr\/","name":"Revolution Padel Store","description":"","publisher":{"@id":"https:\/\/revolutionpadelstore.com\/fr\/#organization"},"potentialAction":[{"@type":"SearchAction","target":{"@type":"EntryPoint","urlTemplate":"https:\/\/revolutionpadelstore.com\/fr\/?s={search_term_string}"},"query-input":{"@type":"PropertyValueSpecification","valueRequired":true,"valueName":"search_term_string"}}],"inLanguage":"fr-FR"},{"@type":"Organization","@id":"https:\/\/revolutionpadelstore.com\/fr\/#organization","name":"Revolution Padel Store","url":"https:\/\/revolutionpadelstore.com\/fr\/","logo":{"@type":"ImageObject","inLanguage":"fr-FR","@id":"https:\/\/revolutionpadelstore.com\/fr\/#\/schema\/logo\/image\/","url":"https:\/\/revolutionpadelstore.com\/wp-content\/uploads\/2026\/02\/revolution-padel-store.jpg","contentUrl":"https:\/\/revolutionpadelstore.com\/wp-content\/uploads\/2026\/02\/revolution-padel-store.jpg","width":2000,"height":2000,"caption":"Revolution Padel Store"},"image":{"@id":"https:\/\/revolutionpadelstore.com\/fr\/#\/schema\/logo\/image\/"},"sameAs":["https:\/\/www.instagram.com\/revolutionpadelstore\/"]}]}},"_links":{"self":[{"href":"https:\/\/revolutionpadelstore.com\/fr\/wp-json\/wp\/v2\/product\/72856","targetHints":{"allow":["GET"]}}],"collection":[{"href":"https:\/\/revolutionpadelstore.com\/fr\/wp-json\/wp\/v2\/product"}],"about":[{"href":"https:\/\/revolutionpadelstore.com\/fr\/wp-json\/wp\/v2\/types\/product"}],"replies":[{"embeddable":true,"href":"https:\/\/revolutionpadelstore.com\/fr\/wp-json\/wp\/v2\/comments?post=72856"}],"wp:featuredmedia":[{"embeddable":true,"href":"https:\/\/revolutionpadelstore.com\/fr\/wp-json\/wp\/v2\/media\/99976"}],"wp:attachment":[{"href":"https:\/\/revolutionpadelstore.com\/fr\/wp-json\/wp\/v2\/media?parent=72856"}],"wp:term":[{"taxonomy":"acabado","embeddable":true,"href":"https:\/\/revolutionpadelstore.com\/fr\/wp-json\/wp\/v2\/acabado?post=72856"},{"taxonomy":"balance","embeddable":true,"href":"https:\/\/revolutionpadelstore.com\/fr\/wp-json\/wp\/v2\/balance?post=72856"},{"taxonomy":"dureza","embeddable":true,"href":"https:\/\/revolutionpadelstore.com\/fr\/wp-json\/wp\/v2\/dureza?post=72856"},{"taxonomy":"forma","embeddable":true,"href":"https:\/\/revolutionpadelstore.com\/fr\/wp-json\/wp\/v2\/forma?post=72856"},{"taxonomy":"jugador","embeddable":true,"href":"https:\/\/revolutionpadelstore.com\/fr\/wp-json\/wp\/v2\/jugador?post=72856"},{"taxonomy":"marca","embeddable":true,"href":"https:\/\/revolutionpadelstore.com\/fr\/wp-json\/wp\/v2\/marca?post=72856"},{"taxonomy":"nivel-de-juego","embeddable":true,"href":"https:\/\/revolutionpadelstore.com\/fr\/wp-json\/wp\/v2\/nivel-de-juego?post=72856"},{"taxonomy":"superficie","embeddable":true,"href":"https:\/\/revolutionpadelstore.com\/fr\/wp-json\/wp\/v2\/superficie?post=72856"},{"taxonomy":"tipo-de-juego","embeddable":true,"href":"https:\/\/revolutionpadelstore.com\/fr\/wp-json\/wp\/v2\/tipo-de-juego?post=72856"},{"taxonomy":"product_brand","embeddable":true,"href":"https:\/\/revolutionpadelstore.com\/fr\/wp-json\/wp\/v2\/product_brand?post=72856"},{"taxonomy":"product_cat","embeddable":true,"href":"https:\/\/revolutionpadelstore.com\/fr\/wp-json\/wp\/v2\/product_cat?post=72856"},{"taxonomy":"product_tag","embeddable":true,"href":"https:\/\/revolutionpadelstore.com\/fr\/wp-json\/wp\/v2\/product_tag?post=72856"}],"curies":[{"name":"wp","href":"https:\/\/api.w.org\/{rel}","templated":true}]}}