{"id":72851,"date":"2024-09-06T00:38:02","date_gmt":"2024-09-05T22:38:02","guid":{"rendered":"https:\/\/revolutionpadelstore.com\/bullpadel-elite-w-25\/"},"modified":"2026-04-21T02:02:35","modified_gmt":"2026-04-21T00:02:35","slug":"bullpadel-elite-w-25-3","status":"publish","type":"product","link":"https:\/\/revolutionpadelstore.com\/fr\/produit\/bullpadel-elite-w-25-3\/","title":{"rendered":"BULLPADEL ELITE W 25"},"content":{"rendered":"<p>Elite une raquette plus l\u00e9g\u00e8re, con\u00e7ue sp\u00e9cialement pour les joueurs les plus exigeants. Avec un poids r\u00e9duit et un format hybride, il offre une maniabilit\u00e9 agile vous permettant de jouer avec confiance et impact avec style, que ce soit en dominant depuis la ligne de fond ou en d\u00e9truisant le filet.<br \/>\nCon\u00e7u pour offrir des performances exceptionnelles, il offre l&#8217;\u00e9quilibre parfait entre puissance, contr\u00f4le et maniabilit\u00e9, vous permettant de lib\u00e9rer tout votre potentiel \u00e0 chaque coup. Parce que quand le style rencontre le jeu, pourquoi se contenter de quelque chose de moins qu\u2019extraordinaire ? D\u00e9couvrez les technologies Elite et tout ce qu&#8217;elle peut vous offrir pour perfectionner votre technique et vous d\u00e9marquer \u00e0 chaque instant.<\/p>\n<p><strong>NOYAU \u00c9LITE<\/strong><br \/>\nLe c\u0153ur Elite, avec sa g\u00e9om\u00e9trie triangulaire invers\u00e9e et son renfort dans la zone initiale des bras, augmente le volume et la masse aux points cl\u00e9s de la structure, ce qui augmente le moment d&#8217;inertie de la raquette. De ce fait, la raquette offre une plus grande fermet\u00e9 et stabilit\u00e9, r\u00e9duisant consid\u00e9rablement les torsions lors de la frappe de la balle. Cela se traduit par un meilleur contr\u00f4le sup\u00e9rieur et un sentiment de s\u00e9curit\u00e9 \u00e0 chaque tir, id\u00e9al pour les joueurs recherchant pr\u00e9cision et r\u00e9gularit\u00e9 dans leur jeu.<\/p>\n<p><strong>CANAL AIR REACT<\/strong><br \/>\nElite dispose de la technologie Air React Channel. Le premier canal d&#8217;air d\u00e9velopp\u00e9 dans le monde du paddle-tennis, devenant une r\u00e9f\u00e9rence en mati\u00e8re de design dans l&#8217;industrie.<br \/>\nCette technologie r\u00e9duit la r\u00e9sistance de l&#8217;air dans la zone centrale de la raquette et rend la raquette plus agile et plus l\u00e9g\u00e8re, permettant une plus grande vitesse d&#8217;acc\u00e9l\u00e9ration et une ex\u00e9cution plus rapide et plus efficace \u00e0 chaque coup.<br \/>\nDe plus, l&#8217;Air React Channel n&#8217;est pas seulement une am\u00e9lioration de l&#8217;a\u00e9rodynamisme de la raquette, mais renforce \u00e9galement son int\u00e9grit\u00e9 structurelle gr\u00e2ce \u00e0 ses quatre bras au c\u0153ur, optimise le retour d&#8217;\u00e9nergie, augmente la vitesse de sortie de la balle et augmente la r\u00e9activit\u00e9 de votre jeu. .<\/p>\n<p><strong>VIBRADRIVE<\/strong><br \/>\nVibradrive se caract\u00e9rise par l&#8217;insertion d&#8217;un \u00e9lastom\u00e8re hautement \u00e9lastique qui fragmente le manche le long de son axe longitudinal. L&#8217;\u00e9lasticit\u00e9 exceptionnelle du mat\u00e9riau utilis\u00e9, ainsi que son emplacement strat\u00e9gique, font du Vibradrive un \u00e9l\u00e9ment essentiel pour absorber les vibrations, notamment dans les situations d&#8217;impact d\u00e9centr\u00e9.<\/p>\n<p><strong>FIBRIX<\/strong><br \/>\nElite est cr\u00e9\u00e9 pour offrir une exp\u00e9rience de jeu confortable et polyvalente dans tous les coins du terrain. Sa mati\u00e8re Fibrix, qui associe des fibres de verre souples \u00e0 du carbone rigide, assure un toucher doux et accessible sans compromettre la r\u00e9activit\u00e9. Avec ce mat\u00e9riau hybride, vous pourrez donc exceller dans tous les aspects du match, augmentant ainsi votre performance et votre confiance sur le terrain pour un jeu total.<\/p>\n<p><strong>Multieva<\/strong><br \/>\nLe noyau de cette raquette de padel a \u00e9t\u00e9 con\u00e7u avec une structure de type &#8220;sandwich&#8221;, compos\u00e9e de trois couches d&#8217;EVA (Ethyl\u00e8ne-Vinyl-Ac\u00e9tate) de densit\u00e9s diff\u00e9rentes, soigneusement adapt\u00e9es pour optimiser les performances dans chaque situation de jeu.<br \/>\n1. Couches ext\u00e9rieures : Les deux couches ext\u00e9rieures, fabriqu\u00e9es avec un EVA de densit\u00e9 et de rigidit\u00e9 plus \u00e9lev\u00e9es, sont con\u00e7ues pour maximiser la puissance lors des coups les plus explosifs, offrant une r\u00e9ponse rapide et puissante lors de l&#8217;impact de la balle.<br \/>\n2. Couche int\u00e9rieure : La couche int\u00e9rieure, constitu\u00e9e d&#8217;un EVA plus doux et de plus faible densit\u00e9, agit comme un noyau absorbant les chocs, augmentant la tol\u00e9rance et le confort sur les coups \u00e0 faible vitesse. Cette douceur interne am\u00e9liore non seulement la sensation de frappe, mais contribue \u00e9galement \u00e0 r\u00e9duire les vibrations, r\u00e9duisant ainsi le risque de blessure et offrant un meilleur contr\u00f4le sur les frappes les plus d\u00e9licates.<\/p>\n","protected":false},"excerpt":{"rendered":"<p><strong>Elite<\/strong>, la raquette <strong>Gemma Triay<\/strong>, est l&#8217;\u00e9quilibre parfait entre \u00e9l\u00e9gance, contr\u00f4le et puissance. Cr\u00e9\u00e9 pour le joueur qui veut tout : style, performance et pr\u00e9sence. Avec son design chic, Elite devient une extension naturelle de votre style, fusionnant harmonieusement performance et mode. Elite n&#8217;est pas seulement un outil de jeu ; C&#8217;est une d\u00e9claration d&#8217;intention.<strong>Elite<\/strong><\/p>\n","protected":false},"featured_media":99940,"comment_status":"open","ping_status":"closed","template":"","meta":{"_acf_changed":false,"_joinchat":[]},"acabado":[1087],"balance":[1137,1142],"dureza":[1157],"forma":[1177],"jugador":[1197],"marca":[1257],"nivel-de-juego":[1337,1342],"superficie":[],"tipo-de-juego":[1387],"product_brand":[],"product_cat":[302],"product_tag":[],"class_list":{"0":"post-72851","1":"product","2":"type-product","3":"status-publish","4":"has-post-thumbnail","6":"acabado-mon-pote","7":"balance-eleve","8":"balance-moyen","9":"dureza-media-fr","10":"forma-hybride","11":"jugador-mujer-fr","12":"marca-bullpadel-fr","13":"tipo-de-juego-polivalente-fr","14":"product_cat-palas-de-padel-fr","16":"first","17":"instock","18":"sale","19":"taxable","20":"shipping-taxable","21":"purchasable","22":"product-type-simple"},"acf":[],"yoast_head":"<!-- This site is optimized with the Yoast SEO plugin v27.4 - https:\/\/yoast.com\/product\/yoast-seo-wordpress\/ -->\n<title>BULLPADEL ELITE W 25 - Revolution Padel Store<\/title>\n<meta name=\"description\" content=\"Elite una pala m\u00e1s liviana, dise\u00f1ada especialmente para las jugadoras m\u00e1s exigentes. Con un peso reducido y un formato h\u00edbrido, ofrece un manejo \u00e1gil permiti\u00e9ndote jugar con confianza e impactar con estilo, ya sea dominando desde la l\u00ednea de fondo o arrasando en la red.Dise\u00f1ada para ofrecer un rendimiento excepcional, proporciona el equilibrio perfecto entre potencia, control y maniobrabilidad, capacit\u00e1ndote para desatar todo tu potencial con cada golpe. Porque cuando el estilo se encuentra con el juego, \u00bfpor qu\u00e9 conformarse con algo menos que extraordinario? Descubre las tecnolog\u00edas de Elite y todo lo que puede ofrecerte para perfeccionar tu t\u00e9cnica y destacar en cada punto.\" \/>\n<meta name=\"robots\" content=\"index, follow, max-snippet:-1, max-image-preview:large, max-video-preview:-1\" \/>\n<link rel=\"canonical\" href=\"https:\/\/revolutionpadelstore.com\/fr\/produit\/bullpadel-elite-w-25-3\/\" \/>\n<meta property=\"og:locale\" content=\"fr_FR\" \/>\n<meta property=\"og:type\" content=\"article\" \/>\n<meta property=\"og:title\" content=\"BULLPADEL ELITE W 25 - Revolution Padel Store\" \/>\n<meta property=\"og:description\" content=\"Elite una pala m\u00e1s liviana, dise\u00f1ada especialmente para las jugadoras m\u00e1s exigentes. Con un peso reducido y un formato h\u00edbrido, ofrece un manejo \u00e1gil permiti\u00e9ndote jugar con confianza e impactar con estilo, ya sea dominando desde la l\u00ednea de fondo o arrasando en la red.Dise\u00f1ada para ofrecer un rendimiento excepcional, proporciona el equilibrio perfecto entre potencia, control y maniobrabilidad, capacit\u00e1ndote para desatar todo tu potencial con cada golpe. Porque cuando el estilo se encuentra con el juego, \u00bfpor qu\u00e9 conformarse con algo menos que extraordinario? Descubre las tecnolog\u00edas de Elite y todo lo que puede ofrecerte para perfeccionar tu t\u00e9cnica y destacar en cada punto.\" \/>\n<meta property=\"og:url\" content=\"https:\/\/revolutionpadelstore.com\/fr\/produit\/bullpadel-elite-w-25-3\/\" \/>\n<meta property=\"og:site_name\" content=\"Revolution Padel Store\" \/>\n<meta property=\"article:modified_time\" content=\"2026-04-21T00:02:35+00:00\" \/>\n<meta property=\"og:image\" content=\"https:\/\/revolutionpadelstore.com\/wp-content\/uploads\/2024\/09\/113751_pala_bullpadel_elite_w_25_448124_mujer_1500x1500_1_904c.webp\" \/>\n\t<meta property=\"og:image:width\" content=\"1500\" \/>\n\t<meta property=\"og:image:height\" content=\"1500\" \/>\n\t<meta property=\"og:image:type\" content=\"image\/webp\" \/>\n<meta name=\"twitter:card\" content=\"summary_large_image\" \/>\n<meta name=\"twitter:label1\" content=\"Dur\u00e9e de lecture estim\u00e9e\" \/>\n\t<meta name=\"twitter:data1\" content=\"3 minutes\" \/>\n<script type=\"application\/ld+json\" class=\"yoast-schema-graph\">{\"@context\":\"https:\\\/\\\/schema.org\",\"@graph\":[{\"@type\":\"WebPage\",\"@id\":\"https:\\\/\\\/revolutionpadelstore.com\\\/fr\\\/produit\\\/bullpadel-elite-w-25-3\\\/\",\"url\":\"https:\\\/\\\/revolutionpadelstore.com\\\/fr\\\/produit\\\/bullpadel-elite-w-25-3\\\/\",\"name\":\"BULLPADEL ELITE W 25 - Revolution Padel Store\",\"isPartOf\":{\"@id\":\"https:\\\/\\\/revolutionpadelstore.com\\\/fr\\\/#website\"},\"primaryImageOfPage\":{\"@id\":\"https:\\\/\\\/revolutionpadelstore.com\\\/fr\\\/produit\\\/bullpadel-elite-w-25-3\\\/#primaryimage\"},\"image\":{\"@id\":\"https:\\\/\\\/revolutionpadelstore.com\\\/fr\\\/produit\\\/bullpadel-elite-w-25-3\\\/#primaryimage\"},\"thumbnailUrl\":\"https:\\\/\\\/revolutionpadelstore.com\\\/wp-content\\\/uploads\\\/2024\\\/09\\\/113751_pala_bullpadel_elite_w_25_448124_mujer_1500x1500_1_904c.webp\",\"datePublished\":\"2024-09-05T22:38:02+00:00\",\"dateModified\":\"2026-04-21T00:02:35+00:00\",\"description\":\"Elite una pala m\u00e1s liviana, dise\u00f1ada especialmente para las jugadoras m\u00e1s exigentes. Con un peso reducido y un formato h\u00edbrido, ofrece un manejo \u00e1gil permiti\u00e9ndote jugar con confianza e impactar con estilo, ya sea dominando desde la l\u00ednea de fondo o arrasando en la red.Dise\u00f1ada para ofrecer un rendimiento excepcional, proporciona el equilibrio perfecto entre potencia, control y maniobrabilidad, capacit\u00e1ndote para desatar todo tu potencial con cada golpe. Porque cuando el estilo se encuentra con el juego, \u00bfpor qu\u00e9 conformarse con algo menos que extraordinario? Descubre las tecnolog\u00edas de Elite y todo lo que puede ofrecerte para perfeccionar tu t\u00e9cnica y destacar en cada punto.\",\"breadcrumb\":{\"@id\":\"https:\\\/\\\/revolutionpadelstore.com\\\/fr\\\/produit\\\/bullpadel-elite-w-25-3\\\/#breadcrumb\"},\"inLanguage\":\"fr-FR\",\"potentialAction\":[{\"@type\":\"ReadAction\",\"target\":[\"https:\\\/\\\/revolutionpadelstore.com\\\/fr\\\/produit\\\/bullpadel-elite-w-25-3\\\/\"]}]},{\"@type\":\"ImageObject\",\"inLanguage\":\"fr-FR\",\"@id\":\"https:\\\/\\\/revolutionpadelstore.com\\\/fr\\\/produit\\\/bullpadel-elite-w-25-3\\\/#primaryimage\",\"url\":\"https:\\\/\\\/revolutionpadelstore.com\\\/wp-content\\\/uploads\\\/2024\\\/09\\\/113751_pala_bullpadel_elite_w_25_448124_mujer_1500x1500_1_904c.webp\",\"contentUrl\":\"https:\\\/\\\/revolutionpadelstore.com\\\/wp-content\\\/uploads\\\/2024\\\/09\\\/113751_pala_bullpadel_elite_w_25_448124_mujer_1500x1500_1_904c.webp\",\"width\":1500,\"height\":1500},{\"@type\":\"BreadcrumbList\",\"@id\":\"https:\\\/\\\/revolutionpadelstore.com\\\/fr\\\/produit\\\/bullpadel-elite-w-25-3\\\/#breadcrumb\",\"itemListElement\":[{\"@type\":\"ListItem\",\"position\":1,\"name\":\"Portada\",\"item\":\"https:\\\/\\\/revolutionpadelstore.com\\\/fr\\\/\"},{\"@type\":\"ListItem\",\"position\":2,\"name\":\"Boutique\",\"item\":\"https:\\\/\\\/revolutionpadelstore.com\\\/fr\\\/tienda\\\/\"},{\"@type\":\"ListItem\",\"position\":3,\"name\":\"BULLPADEL ELITE W 25\"}]},{\"@type\":\"WebSite\",\"@id\":\"https:\\\/\\\/revolutionpadelstore.com\\\/fr\\\/#website\",\"url\":\"https:\\\/\\\/revolutionpadelstore.com\\\/fr\\\/\",\"name\":\"Revolution Padel Store\",\"description\":\"\",\"publisher\":{\"@id\":\"https:\\\/\\\/revolutionpadelstore.com\\\/fr\\\/#organization\"},\"potentialAction\":[{\"@type\":\"SearchAction\",\"target\":{\"@type\":\"EntryPoint\",\"urlTemplate\":\"https:\\\/\\\/revolutionpadelstore.com\\\/fr\\\/?s={search_term_string}\"},\"query-input\":{\"@type\":\"PropertyValueSpecification\",\"valueRequired\":true,\"valueName\":\"search_term_string\"}}],\"inLanguage\":\"fr-FR\"},{\"@type\":\"Organization\",\"@id\":\"https:\\\/\\\/revolutionpadelstore.com\\\/fr\\\/#organization\",\"name\":\"Revolution Padel Store\",\"url\":\"https:\\\/\\\/revolutionpadelstore.com\\\/fr\\\/\",\"logo\":{\"@type\":\"ImageObject\",\"inLanguage\":\"fr-FR\",\"@id\":\"https:\\\/\\\/revolutionpadelstore.com\\\/fr\\\/#\\\/schema\\\/logo\\\/image\\\/\",\"url\":\"https:\\\/\\\/revolutionpadelstore.com\\\/wp-content\\\/uploads\\\/2026\\\/02\\\/revolution-padel-store.jpg\",\"contentUrl\":\"https:\\\/\\\/revolutionpadelstore.com\\\/wp-content\\\/uploads\\\/2026\\\/02\\\/revolution-padel-store.jpg\",\"width\":2000,\"height\":2000,\"caption\":\"Revolution Padel Store\"},\"image\":{\"@id\":\"https:\\\/\\\/revolutionpadelstore.com\\\/fr\\\/#\\\/schema\\\/logo\\\/image\\\/\"},\"sameAs\":[\"https:\\\/\\\/www.instagram.com\\\/revolutionpadelstore\\\/\"]}]}<\/script>\n<!-- \/ Yoast SEO plugin. -->","yoast_head_json":{"title":"BULLPADEL ELITE W 25 - Revolution Padel Store","description":"Elite una pala m\u00e1s liviana, dise\u00f1ada especialmente para las jugadoras m\u00e1s exigentes. Con un peso reducido y un formato h\u00edbrido, ofrece un manejo \u00e1gil permiti\u00e9ndote jugar con confianza e impactar con estilo, ya sea dominando desde la l\u00ednea de fondo o arrasando en la red.Dise\u00f1ada para ofrecer un rendimiento excepcional, proporciona el equilibrio perfecto entre potencia, control y maniobrabilidad, capacit\u00e1ndote para desatar todo tu potencial con cada golpe. Porque cuando el estilo se encuentra con el juego, \u00bfpor qu\u00e9 conformarse con algo menos que extraordinario? Descubre las tecnolog\u00edas de Elite y todo lo que puede ofrecerte para perfeccionar tu t\u00e9cnica y destacar en cada punto.","robots":{"index":"index","follow":"follow","max-snippet":"max-snippet:-1","max-image-preview":"max-image-preview:large","max-video-preview":"max-video-preview:-1"},"canonical":"https:\/\/revolutionpadelstore.com\/fr\/produit\/bullpadel-elite-w-25-3\/","og_locale":"fr_FR","og_type":"article","og_title":"BULLPADEL ELITE W 25 - Revolution Padel Store","og_description":"Elite una pala m\u00e1s liviana, dise\u00f1ada especialmente para las jugadoras m\u00e1s exigentes. Con un peso reducido y un formato h\u00edbrido, ofrece un manejo \u00e1gil permiti\u00e9ndote jugar con confianza e impactar con estilo, ya sea dominando desde la l\u00ednea de fondo o arrasando en la red.Dise\u00f1ada para ofrecer un rendimiento excepcional, proporciona el equilibrio perfecto entre potencia, control y maniobrabilidad, capacit\u00e1ndote para desatar todo tu potencial con cada golpe. Porque cuando el estilo se encuentra con el juego, \u00bfpor qu\u00e9 conformarse con algo menos que extraordinario? Descubre las tecnolog\u00edas de Elite y todo lo que puede ofrecerte para perfeccionar tu t\u00e9cnica y destacar en cada punto.","og_url":"https:\/\/revolutionpadelstore.com\/fr\/produit\/bullpadel-elite-w-25-3\/","og_site_name":"Revolution Padel Store","article_modified_time":"2026-04-21T00:02:35+00:00","og_image":[{"width":1500,"height":1500,"url":"https:\/\/revolutionpadelstore.com\/wp-content\/uploads\/2024\/09\/113751_pala_bullpadel_elite_w_25_448124_mujer_1500x1500_1_904c.webp","type":"image\/webp"}],"twitter_card":"summary_large_image","twitter_misc":{"Dur\u00e9e de lecture estim\u00e9e":"3 minutes"},"schema":{"@context":"https:\/\/schema.org","@graph":[{"@type":"WebPage","@id":"https:\/\/revolutionpadelstore.com\/fr\/produit\/bullpadel-elite-w-25-3\/","url":"https:\/\/revolutionpadelstore.com\/fr\/produit\/bullpadel-elite-w-25-3\/","name":"BULLPADEL ELITE W 25 - Revolution Padel Store","isPartOf":{"@id":"https:\/\/revolutionpadelstore.com\/fr\/#website"},"primaryImageOfPage":{"@id":"https:\/\/revolutionpadelstore.com\/fr\/produit\/bullpadel-elite-w-25-3\/#primaryimage"},"image":{"@id":"https:\/\/revolutionpadelstore.com\/fr\/produit\/bullpadel-elite-w-25-3\/#primaryimage"},"thumbnailUrl":"https:\/\/revolutionpadelstore.com\/wp-content\/uploads\/2024\/09\/113751_pala_bullpadel_elite_w_25_448124_mujer_1500x1500_1_904c.webp","datePublished":"2024-09-05T22:38:02+00:00","dateModified":"2026-04-21T00:02:35+00:00","description":"Elite una pala m\u00e1s liviana, dise\u00f1ada especialmente para las jugadoras m\u00e1s exigentes. Con un peso reducido y un formato h\u00edbrido, ofrece un manejo \u00e1gil permiti\u00e9ndote jugar con confianza e impactar con estilo, ya sea dominando desde la l\u00ednea de fondo o arrasando en la red.Dise\u00f1ada para ofrecer un rendimiento excepcional, proporciona el equilibrio perfecto entre potencia, control y maniobrabilidad, capacit\u00e1ndote para desatar todo tu potencial con cada golpe. Porque cuando el estilo se encuentra con el juego, \u00bfpor qu\u00e9 conformarse con algo menos que extraordinario? Descubre las tecnolog\u00edas de Elite y todo lo que puede ofrecerte para perfeccionar tu t\u00e9cnica y destacar en cada punto.","breadcrumb":{"@id":"https:\/\/revolutionpadelstore.com\/fr\/produit\/bullpadel-elite-w-25-3\/#breadcrumb"},"inLanguage":"fr-FR","potentialAction":[{"@type":"ReadAction","target":["https:\/\/revolutionpadelstore.com\/fr\/produit\/bullpadel-elite-w-25-3\/"]}]},{"@type":"ImageObject","inLanguage":"fr-FR","@id":"https:\/\/revolutionpadelstore.com\/fr\/produit\/bullpadel-elite-w-25-3\/#primaryimage","url":"https:\/\/revolutionpadelstore.com\/wp-content\/uploads\/2024\/09\/113751_pala_bullpadel_elite_w_25_448124_mujer_1500x1500_1_904c.webp","contentUrl":"https:\/\/revolutionpadelstore.com\/wp-content\/uploads\/2024\/09\/113751_pala_bullpadel_elite_w_25_448124_mujer_1500x1500_1_904c.webp","width":1500,"height":1500},{"@type":"BreadcrumbList","@id":"https:\/\/revolutionpadelstore.com\/fr\/produit\/bullpadel-elite-w-25-3\/#breadcrumb","itemListElement":[{"@type":"ListItem","position":1,"name":"Portada","item":"https:\/\/revolutionpadelstore.com\/fr\/"},{"@type":"ListItem","position":2,"name":"Boutique","item":"https:\/\/revolutionpadelstore.com\/fr\/tienda\/"},{"@type":"ListItem","position":3,"name":"BULLPADEL ELITE W 25"}]},{"@type":"WebSite","@id":"https:\/\/revolutionpadelstore.com\/fr\/#website","url":"https:\/\/revolutionpadelstore.com\/fr\/","name":"Revolution Padel Store","description":"","publisher":{"@id":"https:\/\/revolutionpadelstore.com\/fr\/#organization"},"potentialAction":[{"@type":"SearchAction","target":{"@type":"EntryPoint","urlTemplate":"https:\/\/revolutionpadelstore.com\/fr\/?s={search_term_string}"},"query-input":{"@type":"PropertyValueSpecification","valueRequired":true,"valueName":"search_term_string"}}],"inLanguage":"fr-FR"},{"@type":"Organization","@id":"https:\/\/revolutionpadelstore.com\/fr\/#organization","name":"Revolution Padel Store","url":"https:\/\/revolutionpadelstore.com\/fr\/","logo":{"@type":"ImageObject","inLanguage":"fr-FR","@id":"https:\/\/revolutionpadelstore.com\/fr\/#\/schema\/logo\/image\/","url":"https:\/\/revolutionpadelstore.com\/wp-content\/uploads\/2026\/02\/revolution-padel-store.jpg","contentUrl":"https:\/\/revolutionpadelstore.com\/wp-content\/uploads\/2026\/02\/revolution-padel-store.jpg","width":2000,"height":2000,"caption":"Revolution Padel Store"},"image":{"@id":"https:\/\/revolutionpadelstore.com\/fr\/#\/schema\/logo\/image\/"},"sameAs":["https:\/\/www.instagram.com\/revolutionpadelstore\/"]}]}},"_links":{"self":[{"href":"https:\/\/revolutionpadelstore.com\/fr\/wp-json\/wp\/v2\/product\/72851","targetHints":{"allow":["GET"]}}],"collection":[{"href":"https:\/\/revolutionpadelstore.com\/fr\/wp-json\/wp\/v2\/product"}],"about":[{"href":"https:\/\/revolutionpadelstore.com\/fr\/wp-json\/wp\/v2\/types\/product"}],"replies":[{"embeddable":true,"href":"https:\/\/revolutionpadelstore.com\/fr\/wp-json\/wp\/v2\/comments?post=72851"}],"wp:featuredmedia":[{"embeddable":true,"href":"https:\/\/revolutionpadelstore.com\/fr\/wp-json\/wp\/v2\/media\/99940"}],"wp:attachment":[{"href":"https:\/\/revolutionpadelstore.com\/fr\/wp-json\/wp\/v2\/media?parent=72851"}],"wp:term":[{"taxonomy":"acabado","embeddable":true,"href":"https:\/\/revolutionpadelstore.com\/fr\/wp-json\/wp\/v2\/acabado?post=72851"},{"taxonomy":"balance","embeddable":true,"href":"https:\/\/revolutionpadelstore.com\/fr\/wp-json\/wp\/v2\/balance?post=72851"},{"taxonomy":"dureza","embeddable":true,"href":"https:\/\/revolutionpadelstore.com\/fr\/wp-json\/wp\/v2\/dureza?post=72851"},{"taxonomy":"forma","embeddable":true,"href":"https:\/\/revolutionpadelstore.com\/fr\/wp-json\/wp\/v2\/forma?post=72851"},{"taxonomy":"jugador","embeddable":true,"href":"https:\/\/revolutionpadelstore.com\/fr\/wp-json\/wp\/v2\/jugador?post=72851"},{"taxonomy":"marca","embeddable":true,"href":"https:\/\/revolutionpadelstore.com\/fr\/wp-json\/wp\/v2\/marca?post=72851"},{"taxonomy":"nivel-de-juego","embeddable":true,"href":"https:\/\/revolutionpadelstore.com\/fr\/wp-json\/wp\/v2\/nivel-de-juego?post=72851"},{"taxonomy":"superficie","embeddable":true,"href":"https:\/\/revolutionpadelstore.com\/fr\/wp-json\/wp\/v2\/superficie?post=72851"},{"taxonomy":"tipo-de-juego","embeddable":true,"href":"https:\/\/revolutionpadelstore.com\/fr\/wp-json\/wp\/v2\/tipo-de-juego?post=72851"},{"taxonomy":"product_brand","embeddable":true,"href":"https:\/\/revolutionpadelstore.com\/fr\/wp-json\/wp\/v2\/product_brand?post=72851"},{"taxonomy":"product_cat","embeddable":true,"href":"https:\/\/revolutionpadelstore.com\/fr\/wp-json\/wp\/v2\/product_cat?post=72851"},{"taxonomy":"product_tag","embeddable":true,"href":"https:\/\/revolutionpadelstore.com\/fr\/wp-json\/wp\/v2\/product_tag?post=72851"}],"curies":[{"name":"wp","href":"https:\/\/api.w.org\/{rel}","templated":true}]}}