{"id":72846,"date":"2024-09-06T00:45:59","date_gmt":"2024-09-05T22:45:59","guid":{"rendered":"https:\/\/revolutionpadelstore.com\/bullpadel-flow-woman-25\/"},"modified":"2026-04-08T10:43:27","modified_gmt":"2026-04-08T08:43:27","slug":"bullpadel-flow-woman-25-3","status":"publish","type":"product","link":"https:\/\/revolutionpadelstore.com\/fr\/produit\/bullpadel-flow-woman-25-3\/","title":{"rendered":"BULLPADEL FLOW WOMAN 25"},"content":{"rendered":"<p>Inspir\u00e9e du jeu d&#8217;Alejandra Salazar, cette raquette de puissance est sp\u00e9cialement con\u00e7ue pour les femmes recherchant un \u00e9quilibre parfait entre l\u00e9g\u00e8ret\u00e9 et performance. Avec une touche de puissance suppl\u00e9mentaire par rapport \u00e0 son pr\u00e9d\u00e9cesseur, Flow s&#8217;adapte aux nouveaux styles de jeu, vous permettant de rester fluide \u00e0 chaque \u00e9change.<\/p>\n<p>Sa structure avanc\u00e9e et ses mat\u00e9riaux de haute qualit\u00e9 vous donnent la puissance et la pr\u00e9cision n\u00e9cessaires pour dominer les tirs proches du filet et ex\u00e9cuter des lay-ups impeccables, imitant l&#8217;\u00e9l\u00e9gance et la ma\u00eetrise d&#8217;Alejandra Salazar elle-m\u00eame.<\/p>\n<p>Bougez avec une fluidit\u00e9 enviable, faites de la piste de danse une danse et obtenez toute l&#8217;aisance que vous souhaitez pour \u00e9blouir dans chaque mouvement.<\/p>\n<p><strong>FLOWFORCE<\/strong><\/p>\n<p>Avec ce mod\u00e8le, Bullpadel introduit le concept FLOWFORCE. la technologie du c\u0153ur de votre raquette de padel qui est strat\u00e9giquement int\u00e9gr\u00e9e au bras de la raquette, fournissant des renforts structurels.<\/p>\n<p>Ces renforts renforcent non seulement la structure de la raquette, mais optimisent \u00e9galement le transfert d&#8217;\u00e9nergie, permettant de frapper avec plus de puissance et de pr\u00e9cision. Gr\u00e2ce \u00e0 FLOWFORCE, chaque tir devient une exp\u00e9rience fluide et puissante, vous procurant une sensation de contr\u00f4le total sur le ballon et vous permettant de dicter le rythme du jeu en toute confiance.<\/p>\n<p>Que vous ex\u00e9cutiez un lay-up parfaitement plac\u00e9 ou que vous d\u00e9clenchiez un smash imparable, la technologie FLOWFORCE vous offre le soutien dont vous avez besoin pour exceller dans chaque \u00e9change.<\/p>\n<p><strong>Grain 3D<\/strong><\/p>\n<p>Le Flow augmente la quantit\u00e9 de grain dans la derni\u00e8re couche de la face de la raquette, en mettant en \u0153uvre un motif de points avec un relief 3D sp\u00e9cialement con\u00e7u pour maximiser l&#8217;effet \u00e0 chaque frappe. Ce mod\u00e8le a \u00e9t\u00e9 m\u00e9ticuleusement \u00e9tudi\u00e9 et test\u00e9 en collaboration avec Alejandra Salazar, qui a travaill\u00e9 en \u00e9troite collaboration sur le d\u00e9veloppement pour identifier le design qui favorise le mieux ses tirs offensifs. Gr\u00e2ce \u00e0 ce travail commun, le Flow vous permettra d&#8217;ex\u00e9cuter des lay-ups avec une pr\u00e9cision et une puissance comparables \u00e0 celles de Salazar elle-m\u00eame, \u00e9levant ainsi votre jeu au filet \u00e0 un niveau sup\u00e9rieur.<\/p>\n<p><strong>VIBRADRIVE<\/strong><\/p>\n<p>Vibradrive se caract\u00e9rise par l&#8217;insertion d&#8217;un \u00e9lastom\u00e8re hautement \u00e9lastique qui fragmente le manche le long de son axe longitudinal. L&#8217;\u00e9lasticit\u00e9 exceptionnelle du mat\u00e9riau utilis\u00e9, ainsi que son emplacement strat\u00e9gique, font du Vibradrive un \u00e9l\u00e9ment essentiel pour absorber les vibrations, notamment dans les situations d&#8217;impact d\u00e9centr\u00e9.<\/p>\n<p><strong>FIBRIX<\/strong><\/p>\n<p>La raquette Flow a une construction finale sur la derni\u00e8re face avec Fibrix, une combinaison de fibres de verre flexibles et de carbone rigide, qui offre une sensation plus douce et plus accessible, facilitant une plus grande sortie de balle. Cela garantit une r\u00e9ponse simple et efficace, en se concentrant sur la capacit\u00e9 de se d\u00e9placer avec fluidit\u00e9 et confiance sur le terrain.<\/p>\n<p><strong>Multieva<\/strong><\/p>\n<p>Le noyau de cette raquette de padel a \u00e9t\u00e9 con\u00e7u avec une structure de type &#8220;sandwich&#8221;, compos\u00e9e de trois couches d&#8217;EVA (Ethyl\u00e8ne-Vinyl-Ac\u00e9tate) de densit\u00e9s diff\u00e9rentes, soigneusement adapt\u00e9es pour optimiser les performances dans chaque situation de jeu.<\/p>\n<p>1. Couches ext\u00e9rieures : Les deux couches ext\u00e9rieures, fabriqu\u00e9es avec un EVA de densit\u00e9 et de rigidit\u00e9 plus \u00e9lev\u00e9es, sont con\u00e7ues pour maximiser la puissance lors des coups les plus explosifs, offrant une r\u00e9ponse rapide et puissante lors de l&#8217;impact de la balle.<\/p>\n<p>2. Couche int\u00e9rieure : La couche int\u00e9rieure, constitu\u00e9e d&#8217;un EVA plus doux et de plus faible densit\u00e9, agit comme un noyau absorbant les chocs, augmentant la tol\u00e9rance et le confort sur les coups \u00e0 faible vitesse. Cette douceur interne am\u00e9liore non seulement la sensation de frappe, mais contribue \u00e9galement \u00e0 r\u00e9duire les vibrations, r\u00e9duisant ainsi le risque de blessure et offrant un meilleur contr\u00f4le sur les frappes les plus d\u00e9licates.<\/p>\n","protected":false},"excerpt":{"rendered":"<p>Imaginez \u00eatre sur le terrain et vous sentir compl\u00e8tement immerg\u00e9 dans le jeu, comme si chaque tir s&#8217;\u00e9coulait avec une \u00e9l\u00e9gance naturelle et charmante. Flow vous donne ce sentiment magique, l&#8217;\u00e9tat parfait dans lequel vous \u00eates totalement concentr\u00e9 sur le plaisir du paddle-tennis, comme Alejandra Salazar dans ses moments les plus inspirants.<\/p>\n","protected":false},"featured_media":99946,"comment_status":"open","ping_status":"closed","template":"","meta":{"_acf_changed":false,"_joinchat":[]},"acabado":[1092],"balance":[1137,1142],"dureza":[1157],"forma":[1172],"jugador":[1197],"marca":[1257],"nivel-de-juego":[1337],"superficie":[1362],"tipo-de-juego":[1382,1377],"product_brand":[],"product_cat":[302],"product_tag":[],"class_list":{"0":"post-72846","1":"product","2":"type-product","3":"status-publish","4":"has-post-thumbnail","6":"acabado-soulager-la-3d","7":"balance-eleve","8":"balance-moyen","9":"dureza-media-fr","10":"forma-diamant","11":"jugador-mujer-fr","12":"marca-bullpadel-fr","13":"superficie-rugosa-fr","14":"tipo-de-juego-attaque","15":"tipo-de-juego-puissance","16":"product_cat-palas-de-padel-fr","18":"first","19":"instock","20":"sale","21":"taxable","22":"shipping-taxable","23":"purchasable","24":"product-type-simple"},"acf":[],"yoast_head":"<!-- This site is optimized with the Yoast SEO plugin v27.4 - https:\/\/yoast.com\/product\/yoast-seo-wordpress\/ -->\n<title>BULLPADEL FLOW WOMAN 25 - Revolution Padel Store<\/title>\n<meta name=\"description\" content=\"Imagina estar en la pista y sentirte completamente inmersa en el juego, como si cada golpe fluyera con una elegancia natural y encantadora. Flow te brinda esa sensaci\u00f3n m\u00e1gica, el estado perfecto en el que est\u00e1s totalmente centrada en disfrutar del p\u00e1del, como Alejandra Salazar en sus momentos m\u00e1s inspiradores.\" \/>\n<meta name=\"robots\" content=\"index, follow, max-snippet:-1, max-image-preview:large, max-video-preview:-1\" \/>\n<link rel=\"canonical\" href=\"https:\/\/revolutionpadelstore.com\/fr\/produit\/bullpadel-flow-woman-25-3\/\" \/>\n<meta property=\"og:locale\" content=\"fr_FR\" \/>\n<meta property=\"og:type\" content=\"article\" \/>\n<meta property=\"og:title\" content=\"BULLPADEL FLOW WOMAN 25 - Revolution Padel Store\" \/>\n<meta property=\"og:description\" content=\"Imagina estar en la pista y sentirte completamente inmersa en el juego, como si cada golpe fluyera con una elegancia natural y encantadora. Flow te brinda esa sensaci\u00f3n m\u00e1gica, el estado perfecto en el que est\u00e1s totalmente centrada en disfrutar del p\u00e1del, como Alejandra Salazar en sus momentos m\u00e1s inspiradores.\" \/>\n<meta property=\"og:url\" content=\"https:\/\/revolutionpadelstore.com\/fr\/produit\/bullpadel-flow-woman-25-3\/\" \/>\n<meta property=\"og:site_name\" content=\"Revolution Padel Store\" \/>\n<meta property=\"article:modified_time\" content=\"2026-04-08T08:43:27+00:00\" \/>\n<meta property=\"og:image\" content=\"https:\/\/revolutionpadelstore.com\/wp-content\/uploads\/2024\/09\/113753_pala_bullpadel_flow_woman_25_448123_mujer_1500x1500_1_1b91.webp\" \/>\n\t<meta property=\"og:image:width\" content=\"1500\" \/>\n\t<meta property=\"og:image:height\" content=\"1500\" \/>\n\t<meta property=\"og:image:type\" content=\"image\/webp\" \/>\n<meta name=\"twitter:card\" content=\"summary_large_image\" \/>\n<meta name=\"twitter:label1\" content=\"Dur\u00e9e de lecture estim\u00e9e\" \/>\n\t<meta name=\"twitter:data1\" content=\"3 minutes\" \/>\n<script type=\"application\/ld+json\" class=\"yoast-schema-graph\">{\"@context\":\"https:\\\/\\\/schema.org\",\"@graph\":[{\"@type\":\"WebPage\",\"@id\":\"https:\\\/\\\/revolutionpadelstore.com\\\/fr\\\/produit\\\/bullpadel-flow-woman-25-3\\\/\",\"url\":\"https:\\\/\\\/revolutionpadelstore.com\\\/fr\\\/produit\\\/bullpadel-flow-woman-25-3\\\/\",\"name\":\"BULLPADEL FLOW WOMAN 25 - Revolution Padel Store\",\"isPartOf\":{\"@id\":\"https:\\\/\\\/revolutionpadelstore.com\\\/fr\\\/#website\"},\"primaryImageOfPage\":{\"@id\":\"https:\\\/\\\/revolutionpadelstore.com\\\/fr\\\/produit\\\/bullpadel-flow-woman-25-3\\\/#primaryimage\"},\"image\":{\"@id\":\"https:\\\/\\\/revolutionpadelstore.com\\\/fr\\\/produit\\\/bullpadel-flow-woman-25-3\\\/#primaryimage\"},\"thumbnailUrl\":\"https:\\\/\\\/revolutionpadelstore.com\\\/wp-content\\\/uploads\\\/2024\\\/09\\\/113753_pala_bullpadel_flow_woman_25_448123_mujer_1500x1500_1_1b91.webp\",\"datePublished\":\"2024-09-05T22:45:59+00:00\",\"dateModified\":\"2026-04-08T08:43:27+00:00\",\"description\":\"Imagina estar en la pista y sentirte completamente inmersa en el juego, como si cada golpe fluyera con una elegancia natural y encantadora. Flow te brinda esa sensaci\u00f3n m\u00e1gica, el estado perfecto en el que est\u00e1s totalmente centrada en disfrutar del p\u00e1del, como Alejandra Salazar en sus momentos m\u00e1s inspiradores.\",\"breadcrumb\":{\"@id\":\"https:\\\/\\\/revolutionpadelstore.com\\\/fr\\\/produit\\\/bullpadel-flow-woman-25-3\\\/#breadcrumb\"},\"inLanguage\":\"fr-FR\",\"potentialAction\":[{\"@type\":\"ReadAction\",\"target\":[\"https:\\\/\\\/revolutionpadelstore.com\\\/fr\\\/produit\\\/bullpadel-flow-woman-25-3\\\/\"]}]},{\"@type\":\"ImageObject\",\"inLanguage\":\"fr-FR\",\"@id\":\"https:\\\/\\\/revolutionpadelstore.com\\\/fr\\\/produit\\\/bullpadel-flow-woman-25-3\\\/#primaryimage\",\"url\":\"https:\\\/\\\/revolutionpadelstore.com\\\/wp-content\\\/uploads\\\/2024\\\/09\\\/113753_pala_bullpadel_flow_woman_25_448123_mujer_1500x1500_1_1b91.webp\",\"contentUrl\":\"https:\\\/\\\/revolutionpadelstore.com\\\/wp-content\\\/uploads\\\/2024\\\/09\\\/113753_pala_bullpadel_flow_woman_25_448123_mujer_1500x1500_1_1b91.webp\",\"width\":1500,\"height\":1500},{\"@type\":\"BreadcrumbList\",\"@id\":\"https:\\\/\\\/revolutionpadelstore.com\\\/fr\\\/produit\\\/bullpadel-flow-woman-25-3\\\/#breadcrumb\",\"itemListElement\":[{\"@type\":\"ListItem\",\"position\":1,\"name\":\"Portada\",\"item\":\"https:\\\/\\\/revolutionpadelstore.com\\\/fr\\\/\"},{\"@type\":\"ListItem\",\"position\":2,\"name\":\"Boutique\",\"item\":\"https:\\\/\\\/revolutionpadelstore.com\\\/fr\\\/tienda\\\/\"},{\"@type\":\"ListItem\",\"position\":3,\"name\":\"BULLPADEL FLOW WOMAN 25\"}]},{\"@type\":\"WebSite\",\"@id\":\"https:\\\/\\\/revolutionpadelstore.com\\\/fr\\\/#website\",\"url\":\"https:\\\/\\\/revolutionpadelstore.com\\\/fr\\\/\",\"name\":\"Revolution Padel Store\",\"description\":\"\",\"publisher\":{\"@id\":\"https:\\\/\\\/revolutionpadelstore.com\\\/fr\\\/#organization\"},\"potentialAction\":[{\"@type\":\"SearchAction\",\"target\":{\"@type\":\"EntryPoint\",\"urlTemplate\":\"https:\\\/\\\/revolutionpadelstore.com\\\/fr\\\/?s={search_term_string}\"},\"query-input\":{\"@type\":\"PropertyValueSpecification\",\"valueRequired\":true,\"valueName\":\"search_term_string\"}}],\"inLanguage\":\"fr-FR\"},{\"@type\":\"Organization\",\"@id\":\"https:\\\/\\\/revolutionpadelstore.com\\\/fr\\\/#organization\",\"name\":\"Revolution Padel Store\",\"url\":\"https:\\\/\\\/revolutionpadelstore.com\\\/fr\\\/\",\"logo\":{\"@type\":\"ImageObject\",\"inLanguage\":\"fr-FR\",\"@id\":\"https:\\\/\\\/revolutionpadelstore.com\\\/fr\\\/#\\\/schema\\\/logo\\\/image\\\/\",\"url\":\"https:\\\/\\\/revolutionpadelstore.com\\\/wp-content\\\/uploads\\\/2026\\\/02\\\/revolution-padel-store.jpg\",\"contentUrl\":\"https:\\\/\\\/revolutionpadelstore.com\\\/wp-content\\\/uploads\\\/2026\\\/02\\\/revolution-padel-store.jpg\",\"width\":2000,\"height\":2000,\"caption\":\"Revolution Padel Store\"},\"image\":{\"@id\":\"https:\\\/\\\/revolutionpadelstore.com\\\/fr\\\/#\\\/schema\\\/logo\\\/image\\\/\"},\"sameAs\":[\"https:\\\/\\\/www.instagram.com\\\/revolutionpadelstore\\\/\"]}]}<\/script>\n<!-- \/ Yoast SEO plugin. -->","yoast_head_json":{"title":"BULLPADEL FLOW WOMAN 25 - Revolution Padel Store","description":"Imagina estar en la pista y sentirte completamente inmersa en el juego, como si cada golpe fluyera con una elegancia natural y encantadora. Flow te brinda esa sensaci\u00f3n m\u00e1gica, el estado perfecto en el que est\u00e1s totalmente centrada en disfrutar del p\u00e1del, como Alejandra Salazar en sus momentos m\u00e1s inspiradores.","robots":{"index":"index","follow":"follow","max-snippet":"max-snippet:-1","max-image-preview":"max-image-preview:large","max-video-preview":"max-video-preview:-1"},"canonical":"https:\/\/revolutionpadelstore.com\/fr\/produit\/bullpadel-flow-woman-25-3\/","og_locale":"fr_FR","og_type":"article","og_title":"BULLPADEL FLOW WOMAN 25 - Revolution Padel Store","og_description":"Imagina estar en la pista y sentirte completamente inmersa en el juego, como si cada golpe fluyera con una elegancia natural y encantadora. Flow te brinda esa sensaci\u00f3n m\u00e1gica, el estado perfecto en el que est\u00e1s totalmente centrada en disfrutar del p\u00e1del, como Alejandra Salazar en sus momentos m\u00e1s inspiradores.","og_url":"https:\/\/revolutionpadelstore.com\/fr\/produit\/bullpadel-flow-woman-25-3\/","og_site_name":"Revolution Padel Store","article_modified_time":"2026-04-08T08:43:27+00:00","og_image":[{"width":1500,"height":1500,"url":"https:\/\/revolutionpadelstore.com\/wp-content\/uploads\/2024\/09\/113753_pala_bullpadel_flow_woman_25_448123_mujer_1500x1500_1_1b91.webp","type":"image\/webp"}],"twitter_card":"summary_large_image","twitter_misc":{"Dur\u00e9e de lecture estim\u00e9e":"3 minutes"},"schema":{"@context":"https:\/\/schema.org","@graph":[{"@type":"WebPage","@id":"https:\/\/revolutionpadelstore.com\/fr\/produit\/bullpadel-flow-woman-25-3\/","url":"https:\/\/revolutionpadelstore.com\/fr\/produit\/bullpadel-flow-woman-25-3\/","name":"BULLPADEL FLOW WOMAN 25 - Revolution Padel Store","isPartOf":{"@id":"https:\/\/revolutionpadelstore.com\/fr\/#website"},"primaryImageOfPage":{"@id":"https:\/\/revolutionpadelstore.com\/fr\/produit\/bullpadel-flow-woman-25-3\/#primaryimage"},"image":{"@id":"https:\/\/revolutionpadelstore.com\/fr\/produit\/bullpadel-flow-woman-25-3\/#primaryimage"},"thumbnailUrl":"https:\/\/revolutionpadelstore.com\/wp-content\/uploads\/2024\/09\/113753_pala_bullpadel_flow_woman_25_448123_mujer_1500x1500_1_1b91.webp","datePublished":"2024-09-05T22:45:59+00:00","dateModified":"2026-04-08T08:43:27+00:00","description":"Imagina estar en la pista y sentirte completamente inmersa en el juego, como si cada golpe fluyera con una elegancia natural y encantadora. Flow te brinda esa sensaci\u00f3n m\u00e1gica, el estado perfecto en el que est\u00e1s totalmente centrada en disfrutar del p\u00e1del, como Alejandra Salazar en sus momentos m\u00e1s inspiradores.","breadcrumb":{"@id":"https:\/\/revolutionpadelstore.com\/fr\/produit\/bullpadel-flow-woman-25-3\/#breadcrumb"},"inLanguage":"fr-FR","potentialAction":[{"@type":"ReadAction","target":["https:\/\/revolutionpadelstore.com\/fr\/produit\/bullpadel-flow-woman-25-3\/"]}]},{"@type":"ImageObject","inLanguage":"fr-FR","@id":"https:\/\/revolutionpadelstore.com\/fr\/produit\/bullpadel-flow-woman-25-3\/#primaryimage","url":"https:\/\/revolutionpadelstore.com\/wp-content\/uploads\/2024\/09\/113753_pala_bullpadel_flow_woman_25_448123_mujer_1500x1500_1_1b91.webp","contentUrl":"https:\/\/revolutionpadelstore.com\/wp-content\/uploads\/2024\/09\/113753_pala_bullpadel_flow_woman_25_448123_mujer_1500x1500_1_1b91.webp","width":1500,"height":1500},{"@type":"BreadcrumbList","@id":"https:\/\/revolutionpadelstore.com\/fr\/produit\/bullpadel-flow-woman-25-3\/#breadcrumb","itemListElement":[{"@type":"ListItem","position":1,"name":"Portada","item":"https:\/\/revolutionpadelstore.com\/fr\/"},{"@type":"ListItem","position":2,"name":"Boutique","item":"https:\/\/revolutionpadelstore.com\/fr\/tienda\/"},{"@type":"ListItem","position":3,"name":"BULLPADEL FLOW WOMAN 25"}]},{"@type":"WebSite","@id":"https:\/\/revolutionpadelstore.com\/fr\/#website","url":"https:\/\/revolutionpadelstore.com\/fr\/","name":"Revolution Padel Store","description":"","publisher":{"@id":"https:\/\/revolutionpadelstore.com\/fr\/#organization"},"potentialAction":[{"@type":"SearchAction","target":{"@type":"EntryPoint","urlTemplate":"https:\/\/revolutionpadelstore.com\/fr\/?s={search_term_string}"},"query-input":{"@type":"PropertyValueSpecification","valueRequired":true,"valueName":"search_term_string"}}],"inLanguage":"fr-FR"},{"@type":"Organization","@id":"https:\/\/revolutionpadelstore.com\/fr\/#organization","name":"Revolution Padel Store","url":"https:\/\/revolutionpadelstore.com\/fr\/","logo":{"@type":"ImageObject","inLanguage":"fr-FR","@id":"https:\/\/revolutionpadelstore.com\/fr\/#\/schema\/logo\/image\/","url":"https:\/\/revolutionpadelstore.com\/wp-content\/uploads\/2026\/02\/revolution-padel-store.jpg","contentUrl":"https:\/\/revolutionpadelstore.com\/wp-content\/uploads\/2026\/02\/revolution-padel-store.jpg","width":2000,"height":2000,"caption":"Revolution Padel Store"},"image":{"@id":"https:\/\/revolutionpadelstore.com\/fr\/#\/schema\/logo\/image\/"},"sameAs":["https:\/\/www.instagram.com\/revolutionpadelstore\/"]}]}},"_links":{"self":[{"href":"https:\/\/revolutionpadelstore.com\/fr\/wp-json\/wp\/v2\/product\/72846","targetHints":{"allow":["GET"]}}],"collection":[{"href":"https:\/\/revolutionpadelstore.com\/fr\/wp-json\/wp\/v2\/product"}],"about":[{"href":"https:\/\/revolutionpadelstore.com\/fr\/wp-json\/wp\/v2\/types\/product"}],"replies":[{"embeddable":true,"href":"https:\/\/revolutionpadelstore.com\/fr\/wp-json\/wp\/v2\/comments?post=72846"}],"wp:featuredmedia":[{"embeddable":true,"href":"https:\/\/revolutionpadelstore.com\/fr\/wp-json\/wp\/v2\/media\/99946"}],"wp:attachment":[{"href":"https:\/\/revolutionpadelstore.com\/fr\/wp-json\/wp\/v2\/media?parent=72846"}],"wp:term":[{"taxonomy":"acabado","embeddable":true,"href":"https:\/\/revolutionpadelstore.com\/fr\/wp-json\/wp\/v2\/acabado?post=72846"},{"taxonomy":"balance","embeddable":true,"href":"https:\/\/revolutionpadelstore.com\/fr\/wp-json\/wp\/v2\/balance?post=72846"},{"taxonomy":"dureza","embeddable":true,"href":"https:\/\/revolutionpadelstore.com\/fr\/wp-json\/wp\/v2\/dureza?post=72846"},{"taxonomy":"forma","embeddable":true,"href":"https:\/\/revolutionpadelstore.com\/fr\/wp-json\/wp\/v2\/forma?post=72846"},{"taxonomy":"jugador","embeddable":true,"href":"https:\/\/revolutionpadelstore.com\/fr\/wp-json\/wp\/v2\/jugador?post=72846"},{"taxonomy":"marca","embeddable":true,"href":"https:\/\/revolutionpadelstore.com\/fr\/wp-json\/wp\/v2\/marca?post=72846"},{"taxonomy":"nivel-de-juego","embeddable":true,"href":"https:\/\/revolutionpadelstore.com\/fr\/wp-json\/wp\/v2\/nivel-de-juego?post=72846"},{"taxonomy":"superficie","embeddable":true,"href":"https:\/\/revolutionpadelstore.com\/fr\/wp-json\/wp\/v2\/superficie?post=72846"},{"taxonomy":"tipo-de-juego","embeddable":true,"href":"https:\/\/revolutionpadelstore.com\/fr\/wp-json\/wp\/v2\/tipo-de-juego?post=72846"},{"taxonomy":"product_brand","embeddable":true,"href":"https:\/\/revolutionpadelstore.com\/fr\/wp-json\/wp\/v2\/product_brand?post=72846"},{"taxonomy":"product_cat","embeddable":true,"href":"https:\/\/revolutionpadelstore.com\/fr\/wp-json\/wp\/v2\/product_cat?post=72846"},{"taxonomy":"product_tag","embeddable":true,"href":"https:\/\/revolutionpadelstore.com\/fr\/wp-json\/wp\/v2\/product_tag?post=72846"}],"curies":[{"name":"wp","href":"https:\/\/api.w.org\/{rel}","templated":true}]}}