{"id":72836,"date":"2024-09-08T18:18:51","date_gmt":"2024-09-08T16:18:51","guid":{"rendered":"https:\/\/revolutionpadelstore.com\/bullpadel-hack-04-hybrid-25\/"},"modified":"2026-04-08T10:42:25","modified_gmt":"2026-04-08T08:42:25","slug":"bullpadel-hack-04-hybrid-25-3","status":"publish","type":"product","link":"https:\/\/revolutionpadelstore.com\/fr\/produit\/bullpadel-hack-04-hybrid-25-3\/","title":{"rendered":"BULLPADEL HACK 04 HYBRID 25"},"content":{"rendered":"<p>La gamme Hack, forte d&#8217;une histoire de 10 ans de d\u00e9veloppement, a laiss\u00e9 une marque ind\u00e9l\u00e9bile dans l&#8217;histoire des pistes. Leader commercial et porteur d\u2019une approche r\u00e9volutionnaire, le Hack a toujours \u00e9t\u00e9 un porte-drapeau de la puissance brute. Red\u00e9finissez d\u00e9sormais votre exp\u00e9rience de jeu, pour un nouveau concept. La puissance dynamique.<br \/>\nLa recherche incessante de la perfection est le moteur qui anime tous les athl\u00e8tes. Dans notre volont\u00e9 de rendre le jeu plus facile \u00e0 nos joueurs, nous faisons \u00e9voluer nos produits selon leurs besoins, en tenant compte de l&#8217;\u00e9volution du jeu que nous transmettent nos joueurs professionnels.<br \/>\nC&#8217;est pourquoi la ligne Hack 04 fusionne leurs pr\u00e9cieux avis, pour atteindre l&#8217;excellence avec ses nouvelles technologies.<\/p>\n<p><strong>Total, Canal<\/strong><br \/>\nLe HACK 04 Hybrid r\u00e9side dans la capacit\u00e9 de maximiser la vitesse g\u00e9n\u00e9r\u00e9e par le mouvement du joueur, transformant l&#8217;\u00e9nergie cin\u00e9tique en contre-attaques puissantes et pr\u00e9cises.<br \/>\nL&#8217;a\u00e9rodynamisme du HACK 04 a \u00e9t\u00e9 m\u00e9ticuleusement affin\u00e9 pour optimiser la vitesse de swing avec l&#8217;introduction d&#8217;un canal autour de l&#8217;ensemble de son format hybride.<br \/>\nVotre objectif ?<br \/>\n\u2022    R\u00e9duisez autant que possible la r\u00e9sistance de l&#8217;air en connectant le syst\u00e8me Air React Channel entre eux.<br \/>\n\u2022    Am\u00e9liorer la stabilit\u00e9 en torsion et offrir une plus grande rigidit\u00e9 au cadre, optimisant ainsi le transfert d&#8217;\u00e9nergie \u00e0 chaque coup.<br \/>\nAvec le HACK 04 Hybrid, vous ressentirez comment votre vitesse se traduit par des contre-attaques puissantes, parfaites pour d\u00e9stabiliser vos adversaires et prendre le contr\u00f4le du jeu.<\/p>\n<p><strong>Tricore<\/strong><br \/>\nLe nouveau c\u0153ur TRICORE augmente l&#8217;\u00e9paisseur de ses vecteurs pour r\u00e9duire les vibrations et am\u00e9liorer la stabilit\u00e9 et la puissance. En plus. D\u00e9sormais, le AIR REACT CHANNEL traverse compl\u00e8tement le c\u0153ur ! Le flux d&#8217;air est plus rapide, sans turbulences, ce qui am\u00e9liore la maniabilit\u00e9 et l&#8217;ACC\u00c9L\u00c9RATION, permettant des mouvements plus rapides en augmentant la vitesse \u00e0 chaque coup.<\/p>\n<p><strong>Canal Air React<\/strong><br \/>\nL&#8217;a\u00e9rodynamisme est accentu\u00e9 dans le monde du padel avec ce Hack 04 Hybrid. Pour compl\u00e9ter le profil qui traverse tout le cadre de la raquette, la Hack 04 ajoute la technologie Air React Channel. Le premier canal d&#8217;air d\u00e9velopp\u00e9 dans le monde du paddle-tennis, devenant une r\u00e9f\u00e9rence en mati\u00e8re de design dans l&#8217;industrie.<br \/>\nCette technologie r\u00e9duit la r\u00e9sistance de l&#8217;air dans la zone centrale de la raquette et rend la raquette plus agile et plus l\u00e9g\u00e8re, permettant une plus grande vitesse d&#8217;acc\u00e9l\u00e9ration et une ex\u00e9cution plus rapide et plus efficace \u00e0 chaque coup.<br \/>\nDe plus, l&#8217;Air React Channel n&#8217;est pas seulement une am\u00e9lioration de l&#8217;a\u00e9rodynamisme de la raquette, mais renforce \u00e9galement son int\u00e9grit\u00e9 structurelle gr\u00e2ce \u00e0 ses quatre bras au c\u0153ur, optimise le retour d&#8217;\u00e9nergie, augmente la vitesse de sortie de la balle et augmente la r\u00e9activit\u00e9 de votre jeu. .<\/p>\n<p><strong>Facilit\u00e9 Vibe<\/strong><br \/>\nLes Ease Vibe sont des amortisseurs \u00e0 la pointe de la technologie, con\u00e7us pour optimiser vos performances sur le court de padel. Int\u00e9gr\u00e9s dans quatre trous strat\u00e9giques de la lame, les Ease Vibe ont \u00e9t\u00e9 soumis \u00e0 des \u00e9tudes rigoureuses de la part de l&#8217;Universit\u00e9 Polytechnique de Madrid, d\u00e9montrant leur capacit\u00e9 \u00e0 absorber jusqu&#8217;\u00e0 49% des vibrations produites lors de la frappe de la balle.<br \/>\nGr\u00e2ce \u00e0 leur g\u00e9om\u00e9trie en forme de ressort redessin\u00e9e, ces amortisseurs am\u00e9liorent non seulement l&#8217;absorption des vibrations, mais augmentent \u00e9galement leurs performances globales. Cette forme innovante permet une personnalisation unique de la sensation et de l&#8217;\u00e9quilibre de la raquette, vous donnant la flexibilit\u00e9 d&#8217;ajuster votre jeu en fonction de vos besoins. Que vous recherchiez plus de contr\u00f4le ou de puissance, la Ease Vibe vous permet d&#8217;adapter votre raquette pour maximiser chaque coup et garantir une exp\u00e9rience de jeu plus confortable et efficace.<\/p>\n<p><strong>Poids personnalis\u00e9<\/strong><br \/>\nLe syst\u00e8me de poids CustomWeight est compos\u00e9 de plaques finies en gel d&#8217;un poids de 3 g par unit\u00e9, qui apportent un poids suppl\u00e9mentaire dans les zones sp\u00e9cifiques o\u00f9 elles sont plac\u00e9es. Avec cela, on parvient \u00e0 modifier l&#8217;\u00e9quilibre de la raquette en fonction des besoins de chaque joueur.<br \/>\nLa structure HACK 04 Hybrid est con\u00e7ue pour le placement d&#8217;un total de 5 poids. 4 sur le dessus de la lame et un de plus sur la partie capuchon d&#8217;un poids de 5g ou 10g. Avec tout cela, nous pouvons cr\u00e9er diff\u00e9rentes sp\u00e9cifications allant jusqu&#8217;\u00e0 22g de plus et un changement d&#8217;\u00e9quilibre de +-1cm.<\/p>\n<p><strong>SmartHoles<\/strong><br \/>\nLa r\u00e9partition des trous dans une raquette de padel joue un r\u00f4le important dans la performance, en influen\u00e7ant des facteurs tels que le contr\u00f4le, la sortie de balle ou la puissance. Le nouveau sch\u00e9ma de trous de la ligne Hack 04 a \u00e9t\u00e9 repens\u00e9 avec un format de cercles concentriques qui permet une r\u00e9partition plus \u00e9quilibr\u00e9e, une plus grande flexibilit\u00e9 sur la face de la raquette, et avec elle une plus grande sortie de balle et un sweet spot plus grand.<\/p>\n<p><strong>Grain 3D<\/strong><br \/>\nLe Bullpadel HACK 04 Hybrid int\u00e8gre une nouvelle surface rugueuse 3D avec des cercles concentriques, con\u00e7ue pour optimiser les effets. Lors de l&#8217;impact du ballon, cette nouvelle rugosit\u00e9 g\u00e9n\u00e8re une plus grande friction, garantissant un contact plus long et plus pr\u00e9cis, ce qui se traduit par des effets gagnants, aussi bien dans les tirs depuis la ligne de fond que dans les tirs subtils pr\u00e8s du filet.<\/p>\n<p><strong>H\u00e9sacore<\/strong><br \/>\nD\u00e9couvrez le nouveau Hesacore et sa formule renouvel\u00e9e pour augmenter la protection de votre jeu. Avec le nouveau Hesacore, oubliez l&#8217;inconfort des bras et les vibrations ind\u00e9sirables : notre \u00e9lastom\u00e8re anti-vibration avanc\u00e9 filtre et minimise ces sensations, vous permettant de vous concentrer sur votre performance sans distractions.<br \/>\nSa conception ergonomique en nid d&#8217;abeille maximise le contact entre la main et le poing, permettant aux doigts de reposer sur les surfaces concaves. Cela r\u00e9duit la tension et le risque de blessure, tout en offrant une prise ferme et confortable. Avec la nouvelle Hesacore, gardez \u00e0 tout moment le contr\u00f4le total de votre raquette.<\/p>\n<p><strong>Vibradrive<\/strong><br \/>\nVibradrive se caract\u00e9rise par l&#8217;insertion d&#8217;un \u00e9lastom\u00e8re hautement \u00e9lastique qui fragmente le manche le long de son axe longitudinal. L&#8217;\u00e9lasticit\u00e9 exceptionnelle du mat\u00e9riau utilis\u00e9, ainsi que son emplacement strat\u00e9gique, font du vibradrive un \u00e9l\u00e9ment essentiel pour absorber les vibrations, notamment dans les situations de choc d\u00e9centr\u00e9.<\/p>\n<p><strong>TriCarbon 18K<\/strong><br \/>\nLe Hack 04 Hybrid int\u00e8gre la fibre de carbone avanc\u00e9e Tricarbon, d\u00e9velopp\u00e9e par Bullpadel. Ce mat\u00e9riau innovant est compos\u00e9 de filaments de carbone 18K ultral\u00e9gers et plus fins, entrelac\u00e9s dans trois directions strat\u00e9giques.<br \/>\nGr\u00e2ce \u00e0 cette structure tridimensionnelle, Tricarbon am\u00e9liore non seulement la vitesse de r\u00e9action du noyau au moment de l&#8217;impact, mais optimise \u00e9galement le retour de la lame apr\u00e8s le coup. Cela se traduit par un transfert d\u2019\u00e9nergie plus efficace, permettant \u00e0 chaque mouvement de s\u2019effectuer plus rapidement.<\/p>\n<p><strong>Multieva<\/strong><br \/>\nLe noyau de cette raquette de padel a \u00e9t\u00e9 con\u00e7u avec une structure de type &#8220;sandwich&#8221;, compos\u00e9e de trois couches d&#8217;EVA (Ethyl\u00e8ne-Vinyl-Ac\u00e9tate) de densit\u00e9s diff\u00e9rentes, soigneusement adapt\u00e9es pour optimiser les performances dans chaque situation de jeu.<br \/>\n1. Couches ext\u00e9rieures : Les deux couches ext\u00e9rieures, fabriqu\u00e9es avec un EVA de densit\u00e9 et de rigidit\u00e9 plus \u00e9lev\u00e9es, sont con\u00e7ues pour maximiser la puissance lors des coups les plus explosifs, offrant une r\u00e9ponse rapide et puissante lors de l&#8217;impact de la balle.<br \/>\n2. Couche int\u00e9rieure : La couche int\u00e9rieure, constitu\u00e9e d&#8217;un EVA plus doux et de plus faible densit\u00e9, agit comme un noyau absorbant les chocs, augmentant la tol\u00e9rance et le confort sur les coups \u00e0 faible vitesse. Cette douceur interne am\u00e9liore non seulement la sensation de frappe, mais contribue \u00e9galement \u00e0 r\u00e9duire les vibrations, r\u00e9duisant ainsi le risque de blessure et offrant un meilleur contr\u00f4le sur les frappes les plus d\u00e9licates.<br \/>\nCette combinaison de mat\u00e9riaux permet \u00e0 la raquette de s&#8217;adapter dynamiquement aux diff\u00e9rents styles de jeu.<\/p>\n","protected":false},"excerpt":{"rendered":"<p>Nous vous pr\u00e9sentons la nouvelle Bullpadel HACK 04 Hybrid, une raquette con\u00e7ue avec la technologie innovante Total Channel et un triple pont au c\u0153ur. Ce format hybride en fait l&#8217;option id\u00e9ale pour les joueurs cherchant \u00e0 dominer la contre-attaque, alliant puissance dynamique et contr\u00f4le. Avec le HACK 04 Hybrid, vous d\u00e9clencherez un vent violent \u00e0 chaque mouvement, profitant au maximum de sa r\u00e9activit\u00e9.<\/p>\n","protected":false},"featured_media":99958,"comment_status":"open","ping_status":"closed","template":"","meta":{"_acf_changed":false,"_joinchat":[]},"acabado":[1092],"balance":[1137,1142],"dureza":[1162],"forma":[1172],"jugador":[1192,1202],"marca":[1257],"nivel-de-juego":[1337,1347],"superficie":[1362],"tipo-de-juego":[1382,1377],"product_brand":[],"product_cat":[302],"product_tag":[],"class_list":{"0":"post-72836","1":"product","2":"type-product","3":"status-publish","4":"has-post-thumbnail","6":"acabado-soulager-la-3d","7":"balance-eleve","8":"balance-moyen","9":"dureza-dure","10":"forma-diamant","11":"jugador-homme","12":"jugador-polivalente-fr","13":"marca-bullpadel-fr","14":"superficie-rugosa-fr","15":"tipo-de-juego-attaque","16":"tipo-de-juego-puissance","17":"product_cat-palas-de-padel-fr","19":"first","20":"instock","21":"sale","22":"taxable","23":"shipping-taxable","24":"purchasable","25":"product-type-simple"},"acf":[],"yoast_head":"<!-- This site is optimized with the Yoast SEO plugin v27.4 - https:\/\/yoast.com\/product\/yoast-seo-wordpress\/ -->\n<title>BULLPADEL HACK 04 HYBRID 25 - Revolution Padel Store<\/title>\n<meta name=\"description\" content=\"La gama Hack, con una trayectoria de 10 a\u00f1os de desarrollo, ha dejado una huella imborrable en la historia de las pistas. L\u00edder en ventas y portadora de un enfoque revolucionario, la Hack siempre fue un estandarte de la potencia bruta. Ahora redefine su experiencia de juego, por un nuevo concepto. La potencia din\u00e1mica.\" \/>\n<meta name=\"robots\" content=\"index, follow, max-snippet:-1, max-image-preview:large, max-video-preview:-1\" \/>\n<link rel=\"canonical\" href=\"https:\/\/revolutionpadelstore.com\/fr\/produit\/bullpadel-hack-04-hybrid-25-3\/\" \/>\n<meta property=\"og:locale\" content=\"fr_FR\" \/>\n<meta property=\"og:type\" content=\"article\" \/>\n<meta property=\"og:title\" content=\"BULLPADEL HACK 04 HYBRID 25 - Revolution Padel Store\" \/>\n<meta property=\"og:description\" content=\"La gama Hack, con una trayectoria de 10 a\u00f1os de desarrollo, ha dejado una huella imborrable en la historia de las pistas. L\u00edder en ventas y portadora de un enfoque revolucionario, la Hack siempre fue un estandarte de la potencia bruta. Ahora redefine su experiencia de juego, por un nuevo concepto. La potencia din\u00e1mica.\" \/>\n<meta property=\"og:url\" content=\"https:\/\/revolutionpadelstore.com\/fr\/produit\/bullpadel-hack-04-hybrid-25-3\/\" \/>\n<meta property=\"og:site_name\" content=\"Revolution Padel Store\" \/>\n<meta property=\"article:modified_time\" content=\"2026-04-08T08:42:25+00:00\" \/>\n<meta property=\"og:image\" content=\"https:\/\/revolutionpadelstore.com\/wp-content\/uploads\/2024\/09\/113755_pala_bullpadel_hack_04_hybrid_25_448114_1500x1500_1_e39f.webp\" \/>\n\t<meta property=\"og:image:width\" content=\"1500\" \/>\n\t<meta property=\"og:image:height\" content=\"1500\" \/>\n\t<meta property=\"og:image:type\" content=\"image\/webp\" \/>\n<meta name=\"twitter:card\" content=\"summary_large_image\" \/>\n<meta name=\"twitter:label1\" content=\"Dur\u00e9e de lecture estim\u00e9e\" \/>\n\t<meta name=\"twitter:data1\" content=\"6 minutes\" \/>\n<script type=\"application\/ld+json\" class=\"yoast-schema-graph\">{\"@context\":\"https:\\\/\\\/schema.org\",\"@graph\":[{\"@type\":\"WebPage\",\"@id\":\"https:\\\/\\\/revolutionpadelstore.com\\\/fr\\\/produit\\\/bullpadel-hack-04-hybrid-25-3\\\/\",\"url\":\"https:\\\/\\\/revolutionpadelstore.com\\\/fr\\\/produit\\\/bullpadel-hack-04-hybrid-25-3\\\/\",\"name\":\"BULLPADEL HACK 04 HYBRID 25 - Revolution Padel Store\",\"isPartOf\":{\"@id\":\"https:\\\/\\\/revolutionpadelstore.com\\\/fr\\\/#website\"},\"primaryImageOfPage\":{\"@id\":\"https:\\\/\\\/revolutionpadelstore.com\\\/fr\\\/produit\\\/bullpadel-hack-04-hybrid-25-3\\\/#primaryimage\"},\"image\":{\"@id\":\"https:\\\/\\\/revolutionpadelstore.com\\\/fr\\\/produit\\\/bullpadel-hack-04-hybrid-25-3\\\/#primaryimage\"},\"thumbnailUrl\":\"https:\\\/\\\/revolutionpadelstore.com\\\/wp-content\\\/uploads\\\/2024\\\/09\\\/113755_pala_bullpadel_hack_04_hybrid_25_448114_1500x1500_1_e39f.webp\",\"datePublished\":\"2024-09-08T16:18:51+00:00\",\"dateModified\":\"2026-04-08T08:42:25+00:00\",\"description\":\"La gama Hack, con una trayectoria de 10 a\u00f1os de desarrollo, ha dejado una huella imborrable en la historia de las pistas. L\u00edder en ventas y portadora de un enfoque revolucionario, la Hack siempre fue un estandarte de la potencia bruta. Ahora redefine su experiencia de juego, por un nuevo concepto. La potencia din\u00e1mica.\",\"breadcrumb\":{\"@id\":\"https:\\\/\\\/revolutionpadelstore.com\\\/fr\\\/produit\\\/bullpadel-hack-04-hybrid-25-3\\\/#breadcrumb\"},\"inLanguage\":\"fr-FR\",\"potentialAction\":[{\"@type\":\"ReadAction\",\"target\":[\"https:\\\/\\\/revolutionpadelstore.com\\\/fr\\\/produit\\\/bullpadel-hack-04-hybrid-25-3\\\/\"]}]},{\"@type\":\"ImageObject\",\"inLanguage\":\"fr-FR\",\"@id\":\"https:\\\/\\\/revolutionpadelstore.com\\\/fr\\\/produit\\\/bullpadel-hack-04-hybrid-25-3\\\/#primaryimage\",\"url\":\"https:\\\/\\\/revolutionpadelstore.com\\\/wp-content\\\/uploads\\\/2024\\\/09\\\/113755_pala_bullpadel_hack_04_hybrid_25_448114_1500x1500_1_e39f.webp\",\"contentUrl\":\"https:\\\/\\\/revolutionpadelstore.com\\\/wp-content\\\/uploads\\\/2024\\\/09\\\/113755_pala_bullpadel_hack_04_hybrid_25_448114_1500x1500_1_e39f.webp\",\"width\":1500,\"height\":1500},{\"@type\":\"BreadcrumbList\",\"@id\":\"https:\\\/\\\/revolutionpadelstore.com\\\/fr\\\/produit\\\/bullpadel-hack-04-hybrid-25-3\\\/#breadcrumb\",\"itemListElement\":[{\"@type\":\"ListItem\",\"position\":1,\"name\":\"Portada\",\"item\":\"https:\\\/\\\/revolutionpadelstore.com\\\/fr\\\/\"},{\"@type\":\"ListItem\",\"position\":2,\"name\":\"Boutique\",\"item\":\"https:\\\/\\\/revolutionpadelstore.com\\\/fr\\\/tienda\\\/\"},{\"@type\":\"ListItem\",\"position\":3,\"name\":\"BULLPADEL HACK 04 HYBRID 25\"}]},{\"@type\":\"WebSite\",\"@id\":\"https:\\\/\\\/revolutionpadelstore.com\\\/fr\\\/#website\",\"url\":\"https:\\\/\\\/revolutionpadelstore.com\\\/fr\\\/\",\"name\":\"Revolution Padel Store\",\"description\":\"\",\"publisher\":{\"@id\":\"https:\\\/\\\/revolutionpadelstore.com\\\/fr\\\/#organization\"},\"potentialAction\":[{\"@type\":\"SearchAction\",\"target\":{\"@type\":\"EntryPoint\",\"urlTemplate\":\"https:\\\/\\\/revolutionpadelstore.com\\\/fr\\\/?s={search_term_string}\"},\"query-input\":{\"@type\":\"PropertyValueSpecification\",\"valueRequired\":true,\"valueName\":\"search_term_string\"}}],\"inLanguage\":\"fr-FR\"},{\"@type\":\"Organization\",\"@id\":\"https:\\\/\\\/revolutionpadelstore.com\\\/fr\\\/#organization\",\"name\":\"Revolution Padel Store\",\"url\":\"https:\\\/\\\/revolutionpadelstore.com\\\/fr\\\/\",\"logo\":{\"@type\":\"ImageObject\",\"inLanguage\":\"fr-FR\",\"@id\":\"https:\\\/\\\/revolutionpadelstore.com\\\/fr\\\/#\\\/schema\\\/logo\\\/image\\\/\",\"url\":\"https:\\\/\\\/revolutionpadelstore.com\\\/wp-content\\\/uploads\\\/2026\\\/02\\\/revolution-padel-store.jpg\",\"contentUrl\":\"https:\\\/\\\/revolutionpadelstore.com\\\/wp-content\\\/uploads\\\/2026\\\/02\\\/revolution-padel-store.jpg\",\"width\":2000,\"height\":2000,\"caption\":\"Revolution Padel Store\"},\"image\":{\"@id\":\"https:\\\/\\\/revolutionpadelstore.com\\\/fr\\\/#\\\/schema\\\/logo\\\/image\\\/\"},\"sameAs\":[\"https:\\\/\\\/www.instagram.com\\\/revolutionpadelstore\\\/\"]}]}<\/script>\n<!-- \/ Yoast SEO plugin. -->","yoast_head_json":{"title":"BULLPADEL HACK 04 HYBRID 25 - Revolution Padel Store","description":"La gama Hack, con una trayectoria de 10 a\u00f1os de desarrollo, ha dejado una huella imborrable en la historia de las pistas. L\u00edder en ventas y portadora de un enfoque revolucionario, la Hack siempre fue un estandarte de la potencia bruta. Ahora redefine su experiencia de juego, por un nuevo concepto. La potencia din\u00e1mica.","robots":{"index":"index","follow":"follow","max-snippet":"max-snippet:-1","max-image-preview":"max-image-preview:large","max-video-preview":"max-video-preview:-1"},"canonical":"https:\/\/revolutionpadelstore.com\/fr\/produit\/bullpadel-hack-04-hybrid-25-3\/","og_locale":"fr_FR","og_type":"article","og_title":"BULLPADEL HACK 04 HYBRID 25 - Revolution Padel Store","og_description":"La gama Hack, con una trayectoria de 10 a\u00f1os de desarrollo, ha dejado una huella imborrable en la historia de las pistas. L\u00edder en ventas y portadora de un enfoque revolucionario, la Hack siempre fue un estandarte de la potencia bruta. Ahora redefine su experiencia de juego, por un nuevo concepto. La potencia din\u00e1mica.","og_url":"https:\/\/revolutionpadelstore.com\/fr\/produit\/bullpadel-hack-04-hybrid-25-3\/","og_site_name":"Revolution Padel Store","article_modified_time":"2026-04-08T08:42:25+00:00","og_image":[{"width":1500,"height":1500,"url":"https:\/\/revolutionpadelstore.com\/wp-content\/uploads\/2024\/09\/113755_pala_bullpadel_hack_04_hybrid_25_448114_1500x1500_1_e39f.webp","type":"image\/webp"}],"twitter_card":"summary_large_image","twitter_misc":{"Dur\u00e9e de lecture estim\u00e9e":"6 minutes"},"schema":{"@context":"https:\/\/schema.org","@graph":[{"@type":"WebPage","@id":"https:\/\/revolutionpadelstore.com\/fr\/produit\/bullpadel-hack-04-hybrid-25-3\/","url":"https:\/\/revolutionpadelstore.com\/fr\/produit\/bullpadel-hack-04-hybrid-25-3\/","name":"BULLPADEL HACK 04 HYBRID 25 - Revolution Padel Store","isPartOf":{"@id":"https:\/\/revolutionpadelstore.com\/fr\/#website"},"primaryImageOfPage":{"@id":"https:\/\/revolutionpadelstore.com\/fr\/produit\/bullpadel-hack-04-hybrid-25-3\/#primaryimage"},"image":{"@id":"https:\/\/revolutionpadelstore.com\/fr\/produit\/bullpadel-hack-04-hybrid-25-3\/#primaryimage"},"thumbnailUrl":"https:\/\/revolutionpadelstore.com\/wp-content\/uploads\/2024\/09\/113755_pala_bullpadel_hack_04_hybrid_25_448114_1500x1500_1_e39f.webp","datePublished":"2024-09-08T16:18:51+00:00","dateModified":"2026-04-08T08:42:25+00:00","description":"La gama Hack, con una trayectoria de 10 a\u00f1os de desarrollo, ha dejado una huella imborrable en la historia de las pistas. L\u00edder en ventas y portadora de un enfoque revolucionario, la Hack siempre fue un estandarte de la potencia bruta. Ahora redefine su experiencia de juego, por un nuevo concepto. La potencia din\u00e1mica.","breadcrumb":{"@id":"https:\/\/revolutionpadelstore.com\/fr\/produit\/bullpadel-hack-04-hybrid-25-3\/#breadcrumb"},"inLanguage":"fr-FR","potentialAction":[{"@type":"ReadAction","target":["https:\/\/revolutionpadelstore.com\/fr\/produit\/bullpadel-hack-04-hybrid-25-3\/"]}]},{"@type":"ImageObject","inLanguage":"fr-FR","@id":"https:\/\/revolutionpadelstore.com\/fr\/produit\/bullpadel-hack-04-hybrid-25-3\/#primaryimage","url":"https:\/\/revolutionpadelstore.com\/wp-content\/uploads\/2024\/09\/113755_pala_bullpadel_hack_04_hybrid_25_448114_1500x1500_1_e39f.webp","contentUrl":"https:\/\/revolutionpadelstore.com\/wp-content\/uploads\/2024\/09\/113755_pala_bullpadel_hack_04_hybrid_25_448114_1500x1500_1_e39f.webp","width":1500,"height":1500},{"@type":"BreadcrumbList","@id":"https:\/\/revolutionpadelstore.com\/fr\/produit\/bullpadel-hack-04-hybrid-25-3\/#breadcrumb","itemListElement":[{"@type":"ListItem","position":1,"name":"Portada","item":"https:\/\/revolutionpadelstore.com\/fr\/"},{"@type":"ListItem","position":2,"name":"Boutique","item":"https:\/\/revolutionpadelstore.com\/fr\/tienda\/"},{"@type":"ListItem","position":3,"name":"BULLPADEL HACK 04 HYBRID 25"}]},{"@type":"WebSite","@id":"https:\/\/revolutionpadelstore.com\/fr\/#website","url":"https:\/\/revolutionpadelstore.com\/fr\/","name":"Revolution Padel Store","description":"","publisher":{"@id":"https:\/\/revolutionpadelstore.com\/fr\/#organization"},"potentialAction":[{"@type":"SearchAction","target":{"@type":"EntryPoint","urlTemplate":"https:\/\/revolutionpadelstore.com\/fr\/?s={search_term_string}"},"query-input":{"@type":"PropertyValueSpecification","valueRequired":true,"valueName":"search_term_string"}}],"inLanguage":"fr-FR"},{"@type":"Organization","@id":"https:\/\/revolutionpadelstore.com\/fr\/#organization","name":"Revolution Padel Store","url":"https:\/\/revolutionpadelstore.com\/fr\/","logo":{"@type":"ImageObject","inLanguage":"fr-FR","@id":"https:\/\/revolutionpadelstore.com\/fr\/#\/schema\/logo\/image\/","url":"https:\/\/revolutionpadelstore.com\/wp-content\/uploads\/2026\/02\/revolution-padel-store.jpg","contentUrl":"https:\/\/revolutionpadelstore.com\/wp-content\/uploads\/2026\/02\/revolution-padel-store.jpg","width":2000,"height":2000,"caption":"Revolution Padel Store"},"image":{"@id":"https:\/\/revolutionpadelstore.com\/fr\/#\/schema\/logo\/image\/"},"sameAs":["https:\/\/www.instagram.com\/revolutionpadelstore\/"]}]}},"_links":{"self":[{"href":"https:\/\/revolutionpadelstore.com\/fr\/wp-json\/wp\/v2\/product\/72836","targetHints":{"allow":["GET"]}}],"collection":[{"href":"https:\/\/revolutionpadelstore.com\/fr\/wp-json\/wp\/v2\/product"}],"about":[{"href":"https:\/\/revolutionpadelstore.com\/fr\/wp-json\/wp\/v2\/types\/product"}],"replies":[{"embeddable":true,"href":"https:\/\/revolutionpadelstore.com\/fr\/wp-json\/wp\/v2\/comments?post=72836"}],"wp:featuredmedia":[{"embeddable":true,"href":"https:\/\/revolutionpadelstore.com\/fr\/wp-json\/wp\/v2\/media\/99958"}],"wp:attachment":[{"href":"https:\/\/revolutionpadelstore.com\/fr\/wp-json\/wp\/v2\/media?parent=72836"}],"wp:term":[{"taxonomy":"acabado","embeddable":true,"href":"https:\/\/revolutionpadelstore.com\/fr\/wp-json\/wp\/v2\/acabado?post=72836"},{"taxonomy":"balance","embeddable":true,"href":"https:\/\/revolutionpadelstore.com\/fr\/wp-json\/wp\/v2\/balance?post=72836"},{"taxonomy":"dureza","embeddable":true,"href":"https:\/\/revolutionpadelstore.com\/fr\/wp-json\/wp\/v2\/dureza?post=72836"},{"taxonomy":"forma","embeddable":true,"href":"https:\/\/revolutionpadelstore.com\/fr\/wp-json\/wp\/v2\/forma?post=72836"},{"taxonomy":"jugador","embeddable":true,"href":"https:\/\/revolutionpadelstore.com\/fr\/wp-json\/wp\/v2\/jugador?post=72836"},{"taxonomy":"marca","embeddable":true,"href":"https:\/\/revolutionpadelstore.com\/fr\/wp-json\/wp\/v2\/marca?post=72836"},{"taxonomy":"nivel-de-juego","embeddable":true,"href":"https:\/\/revolutionpadelstore.com\/fr\/wp-json\/wp\/v2\/nivel-de-juego?post=72836"},{"taxonomy":"superficie","embeddable":true,"href":"https:\/\/revolutionpadelstore.com\/fr\/wp-json\/wp\/v2\/superficie?post=72836"},{"taxonomy":"tipo-de-juego","embeddable":true,"href":"https:\/\/revolutionpadelstore.com\/fr\/wp-json\/wp\/v2\/tipo-de-juego?post=72836"},{"taxonomy":"product_brand","embeddable":true,"href":"https:\/\/revolutionpadelstore.com\/fr\/wp-json\/wp\/v2\/product_brand?post=72836"},{"taxonomy":"product_cat","embeddable":true,"href":"https:\/\/revolutionpadelstore.com\/fr\/wp-json\/wp\/v2\/product_cat?post=72836"},{"taxonomy":"product_tag","embeddable":true,"href":"https:\/\/revolutionpadelstore.com\/fr\/wp-json\/wp\/v2\/product_tag?post=72836"}],"curies":[{"name":"wp","href":"https:\/\/api.w.org\/{rel}","templated":true}]}}