{"id":72831,"date":"2024-09-08T18:25:29","date_gmt":"2024-09-08T16:25:29","guid":{"rendered":"https:\/\/revolutionpadelstore.com\/bullpadel-neuron-25\/"},"modified":"2026-04-08T10:41:51","modified_gmt":"2026-04-08T08:41:51","slug":"bullpadel-neuron-25-3","status":"publish","type":"product","link":"https:\/\/revolutionpadelstore.com\/fr\/produit\/bullpadel-neuron-25-3\/","title":{"rendered":"BULLPADEL NEURON 25"},"content":{"rendered":"<p>Vous vouliez la domination, nous vous donnons le contr\u00f4le.<br \/>\nPrenez le contr\u00f4le total sur le terrain avec notre raquette Neuron ! Con\u00e7ue pour les joueurs en qu\u00eate de pr\u00e9cision et de domination, cette raquette est votre meilleure alli\u00e9e. Avec un design \u00e9l\u00e9gant, chaque coup sera un spectacle de pr\u00e9cision. D\u00e9couvrez le secret de Fede et amenez votre jeu jusqu&#8217;au dernier coin du terrain avec les derni\u00e8res technologies Bullpadel-LAB !<\/p>\n<p><strong>SYST\u00c8ME DE VAGUES<\/strong><br \/>\nPlongez dans l&#8217;innovation avec notre cadre exclusif Wavy Wave, une structure m\u00e9ticuleusement con\u00e7ue pour amener le contr\u00f4le du ballon \u00e0 sa plus belle expression. Cette conception unique optimise la flexibilit\u00e9 et la rigidit\u00e9 \u00e0 des points sp\u00e9cifiques du cadre, offrant une sensation s\u00e8che et ferme qui vous permettra de ma\u00eetriser chaque tir avec une pr\u00e9cision in\u00e9gal\u00e9e. Gr\u00e2ce \u00e0 la configuration Wave, vous b\u00e9n\u00e9ficierez d&#8217;un contr\u00f4le exceptionnel sur le ballon, ressentant chaque impact de mani\u00e8re claire et pr\u00e9cise. De plus, la conception incurv\u00e9e du Wave favorise la dissipation des vibrations tout au long de son parcours, \u00e9vitant des concentrations sp\u00e9cifiques de compressions longitudinales et assurant une exp\u00e9rience de frappe constante et contr\u00f4l\u00e9e. Avec cette technologie, vous aurez un contr\u00f4le total du jeu, avec la confiance d&#8217;un toucher dur et pr\u00e9cis sur chaque point.<\/p>\n<p><strong>PONT \u00c0 VAGUES<\/strong><br \/>\nLe c\u0153ur Neuron poss\u00e8de un pont horizontal, offrant une plus grande stabilit\u00e9 contre les torsions provoqu\u00e9es par la frappe de la balle. contribuer \u00e0 la stabilit\u00e9 de la raquette pendant le coup, aide \u00e0 r\u00e9partir le poids du coup plus uniform\u00e9ment sur la surface de la raquette et r\u00e9duit ainsi la torsion et les vibrations, ayant une sensation plus solide et contr\u00f4l\u00e9e pendant le jeu.<\/p>\n<p><strong>CANAL A\u00c9RO<\/strong><br \/>\nStrat\u00e9giquement situ\u00e9 sur le dessus de la lame, le canal a \u00e9t\u00e9 inclus pour am\u00e9liorer le mouvement dans le jeu et am\u00e9liorer l&#8217;a\u00e9rodynamisme. L&#8217;Air Channel permet aux joueurs de d\u00e9placer la pointe de la raquette avec une plus grande acc\u00e9l\u00e9ration et une meilleure maniabilit\u00e9, favorisant un mouvement plus fluide et agile sur le terrain.<\/p>\n<p><strong>Poids personnalis\u00e9<\/strong><br \/>\nLe syst\u00e8me de poids CustomWeight pour la raquette Neuron est compos\u00e9 de plaques finies en aluminium, qui apportent un poids suppl\u00e9mentaire au niveau du manche. Avec cela, on parvient \u00e0 modifier l&#8217;\u00e9quilibre de la raquette en fonction des besoins de chaque joueur.<br \/>\nDans le cas du Neuron, il est con\u00e7u pour placer un total de 1 poids sur le bas de la poign\u00e9e. Pouvoir choisir entre ajouter 5g ou 10g. Avec tout cela, nous pouvons cr\u00e9er diff\u00e9rentes sp\u00e9cifications et un changement d&#8217;\u00e9quilibre pour personnaliser notre raquette pour encore plus de contr\u00f4le.<\/p>\n<p><strong>TROUS INTELLIGENTS<\/strong><br \/>\nLa r\u00e9partition des trous dans une raquette de padel est essentielle \u00e0 la performance, car elle affecte des facteurs tels que le contr\u00f4le et la sensation lors de la frappe. Sur le Neuron, la conception sp\u00e9cifique des trous a \u00e9t\u00e9 optimis\u00e9e pour offrir une sensation plus ferme, vous permettant de mieux ressentir la balle \u00e0 chaque coup. Cela am\u00e9liore consid\u00e9rablement le contr\u00f4le, permettant aux joueurs de conserver une plus grande pr\u00e9cision \u00e0 chaque jeu, quel que soit leur niveau de comp\u00e9tence.<\/p>\n<p><strong>Grain 3D<\/strong><br \/>\nLe Neuron pr\u00e9sente une nouvelle surface rugueuse sp\u00e9cialement marqu\u00e9e con\u00e7ue pour am\u00e9liorer le contr\u00f4le de vos tirs. Lors de l&#8217;impact du ballon, cette cr\u00eate accentu\u00e9e g\u00e9n\u00e8re une plus grande friction, assurant un contact plus pr\u00e9cis et contr\u00f4l\u00e9. Cela se traduit par une ma\u00eetrise totale des effets, aussi bien dans les tirs depuis la ligne de fond que dans les actions plus d\u00e9licates pr\u00e8s du filet.<\/p>\n<p><strong>H\u00e9sacore<\/strong><br \/>\nD\u00e9couvrez le nouveau Hesacore et sa formule renouvel\u00e9e pour augmenter la protection de votre jeu. Avec le nouveau Hesacore, oubliez l&#8217;inconfort des bras et les vibrations ind\u00e9sirables : notre \u00e9lastom\u00e8re anti-vibration avanc\u00e9 filtre et minimise ces sensations, vous permettant de vous concentrer sur votre performance sans distractions.<br \/>\nSa conception ergonomique en nid d&#8217;abeille maximise le contact entre la main et le poing, permettant aux doigts de reposer sur les surfaces concaves. Cela r\u00e9duit la tension et le risque de blessure, tout en offrant une prise ferme et confortable. Avec la nouvelle Hesacore, gardez \u00e0 tout moment le contr\u00f4le total de votre raquette.<\/p>\n<p><strong>Vibradrive<\/strong><br \/>\nVibradrive se caract\u00e9rise par l&#8217;insertion d&#8217;un \u00e9lastom\u00e8re hautement \u00e9lastique qui fragmente le manche le long de son axe longitudinal. L&#8217;\u00e9lasticit\u00e9 exceptionnelle du mat\u00e9riau utilis\u00e9, ainsi que son emplacement strat\u00e9gique, font du vibradrive un \u00e9l\u00e9ment essentiel pour absorber les vibrations, notamment dans les situations de choc d\u00e9centr\u00e9.<\/p>\n<p><strong>X-Tend Carbone 3K<\/strong><br \/>\nLe Neuron int\u00e8gre un carbone 3K plus lourd, compos\u00e9 de 3000 filaments qui offrent un toucher plus dur et plus pr\u00e9cis. Ce mat\u00e9riau, associ\u00e9 \u00e0 une r\u00e9sine \u00e9poxy sp\u00e9cialement d\u00e9velopp\u00e9e, offre un contr\u00f4le suppl\u00e9mentaire \u00e0 chaque coup et une plus grande r\u00e9sistance \u00e0 l&#8217;ensemble de la raquette. La structure en carbone 3K, associ\u00e9e \u00e0 cette r\u00e9sine avanc\u00e9e, optimise le transfert d&#8217;\u00e9nergie, procurant une sensation de s\u00e9curit\u00e9 et de pr\u00e9cision qui vous permettra de dominer chaque jeu en toute confiance.<\/p>\n<p><strong>Multieva<\/strong><br \/>\nLe noyau de cette raquette de padel a \u00e9t\u00e9 con\u00e7u avec une structure de type &#8220;sandwich&#8221;, compos\u00e9e de trois couches d&#8217;EVA (Ethyl\u00e8ne-Vinyl-Ac\u00e9tate) de densit\u00e9s diff\u00e9rentes, soigneusement adapt\u00e9es pour optimiser les performances dans chaque situation de jeu.<br \/>\n1. Couches ext\u00e9rieures : Les deux couches ext\u00e9rieures, constitu\u00e9es d&#8217;un EVA plus doux et de plus faible densit\u00e9, agissent comme un noyau absorbant les chocs, augmentant la tol\u00e9rance et le confort sur les coups \u00e0 faible vitesse. Cette douceur interne am\u00e9liore non seulement la sensation de frappe, mais contribue \u00e9galement \u00e0 r\u00e9duire les vibrations, r\u00e9duisant ainsi le risque de blessure et offrant un meilleur contr\u00f4le sur les frappes les plus d\u00e9licates.<br \/>\n2. Couche int\u00e9rieure : La couche int\u00e9rieure, fabriqu\u00e9e avec un EVA de densit\u00e9 et de rigidit\u00e9 plus \u00e9lev\u00e9es, est con\u00e7ue pour offrir un toucher dur qui garantit un contr\u00f4le absolu \u00e0 chaque coup. Cette composition permet une r\u00e9ponse pr\u00e9cise et contr\u00f4l\u00e9e lors de l&#8217;impact du ballon, procurant un sentiment de s\u00e9curit\u00e9 et de contr\u00f4le \u00e0 chaque jeu.<br \/>\nCette combinaison de mat\u00e9riaux permet \u00e0 la raquette de s&#8217;adapter dynamiquement aux diff\u00e9rents styles de jeu.<\/p>\n","protected":false},"excerpt":{"rendered":"<p>Avec <strong>Neuron<\/strong>, la raquette de <strong>Federico Chingotto<\/strong>, vous aurez la seule raquette capable de suivre cet esprit rapide avec lequel vous anticipez le prochain jeu. Une raquette padel \u00e0 votre hauteur, permettant une r\u00e9ponse imm\u00e9diate et pr\u00e9cise \u00e0 chaque coup.<\/p>\n<p>D\u00e9velopp\u00e9e par l&#8217;\u00e9quipe Bullpadel-Lab et int\u00e9gr\u00e9e aux derni\u00e8res technologies telles que le Wave System, cette raquette est con\u00e7ue pour contr\u00f4ler votre jeu et maximiser la connexion entre votre esprit et la balle. Essayez son toucher unique et vous ressentirez un contr\u00f4le authentique dans votre main.<\/p>\n","protected":false},"featured_media":99964,"comment_status":"open","ping_status":"closed","template":"","meta":{"_acf_changed":false,"_joinchat":[]},"acabado":[1092],"balance":[1142],"dureza":[1157],"forma":[1177],"jugador":[1192,1202],"marca":[1257],"nivel-de-juego":[1337],"superficie":[1362],"tipo-de-juego":[1372,1387],"product_brand":[],"product_cat":[302],"product_tag":[],"class_list":{"0":"post-72831","1":"product","2":"type-product","3":"status-publish","4":"has-post-thumbnail","6":"acabado-soulager-la-3d","7":"balance-moyen","8":"dureza-media-fr","9":"forma-hybride","10":"jugador-homme","11":"jugador-polivalente-fr","12":"marca-bullpadel-fr","13":"superficie-rugosa-fr","14":"tipo-de-juego-control-fr","15":"tipo-de-juego-polivalente-fr","16":"product_cat-palas-de-padel-fr","18":"first","19":"instock","20":"sale","21":"taxable","22":"shipping-taxable","23":"purchasable","24":"product-type-simple"},"acf":[],"yoast_head":"<!-- This site is optimized with the Yoast SEO plugin v27.4 - https:\/\/yoast.com\/product\/yoast-seo-wordpress\/ -->\n<title>BULLPADEL NEURON 25 - Revolution Padel Store<\/title>\n<meta name=\"description\" content=\"Deseabas dominio, te damos Control.\u00a1Hazte con el control total en la pista con nuestra pala Neuron! Dise\u00f1ada para los jugadores que buscan precisi\u00f3n y dominio, esta pala es tu mejor aliada. Junto a un dise\u00f1o elegante, cada golpe ser\u00e1 un espect\u00e1culo de precisi\u00f3n. \u00a1Descubre el secreto de Fede y lleva tu juego al \u00faltimo rinc\u00f3n de la pista con las \u00faltimas tecnolog\u00edas del Bullpadel-LAB!\" \/>\n<meta name=\"robots\" content=\"index, follow, max-snippet:-1, max-image-preview:large, max-video-preview:-1\" \/>\n<link rel=\"canonical\" href=\"https:\/\/revolutionpadelstore.com\/fr\/produit\/bullpadel-neuron-25-3\/\" \/>\n<meta property=\"og:locale\" content=\"fr_FR\" \/>\n<meta property=\"og:type\" content=\"article\" \/>\n<meta property=\"og:title\" content=\"BULLPADEL NEURON 25 - Revolution Padel Store\" \/>\n<meta property=\"og:description\" content=\"Deseabas dominio, te damos Control.\u00a1Hazte con el control total en la pista con nuestra pala Neuron! Dise\u00f1ada para los jugadores que buscan precisi\u00f3n y dominio, esta pala es tu mejor aliada. Junto a un dise\u00f1o elegante, cada golpe ser\u00e1 un espect\u00e1culo de precisi\u00f3n. \u00a1Descubre el secreto de Fede y lleva tu juego al \u00faltimo rinc\u00f3n de la pista con las \u00faltimas tecnolog\u00edas del Bullpadel-LAB!\" \/>\n<meta property=\"og:url\" content=\"https:\/\/revolutionpadelstore.com\/fr\/produit\/bullpadel-neuron-25-3\/\" \/>\n<meta property=\"og:site_name\" content=\"Revolution Padel Store\" \/>\n<meta property=\"article:modified_time\" content=\"2026-04-08T08:41:51+00:00\" \/>\n<meta property=\"og:image\" content=\"https:\/\/revolutionpadelstore.com\/wp-content\/uploads\/2024\/09\/113768_pala_bullpadel_neuron_25_448120_1500x1500_1_612c.webp\" \/>\n\t<meta property=\"og:image:width\" content=\"1500\" \/>\n\t<meta property=\"og:image:height\" content=\"1500\" \/>\n\t<meta property=\"og:image:type\" content=\"image\/webp\" \/>\n<meta name=\"twitter:card\" content=\"summary_large_image\" \/>\n<meta name=\"twitter:label1\" content=\"Dur\u00e9e de lecture estim\u00e9e\" \/>\n\t<meta name=\"twitter:data1\" content=\"5 minutes\" \/>\n<script type=\"application\/ld+json\" class=\"yoast-schema-graph\">{\"@context\":\"https:\\\/\\\/schema.org\",\"@graph\":[{\"@type\":\"WebPage\",\"@id\":\"https:\\\/\\\/revolutionpadelstore.com\\\/fr\\\/produit\\\/bullpadel-neuron-25-3\\\/\",\"url\":\"https:\\\/\\\/revolutionpadelstore.com\\\/fr\\\/produit\\\/bullpadel-neuron-25-3\\\/\",\"name\":\"BULLPADEL NEURON 25 - Revolution Padel Store\",\"isPartOf\":{\"@id\":\"https:\\\/\\\/revolutionpadelstore.com\\\/fr\\\/#website\"},\"primaryImageOfPage\":{\"@id\":\"https:\\\/\\\/revolutionpadelstore.com\\\/fr\\\/produit\\\/bullpadel-neuron-25-3\\\/#primaryimage\"},\"image\":{\"@id\":\"https:\\\/\\\/revolutionpadelstore.com\\\/fr\\\/produit\\\/bullpadel-neuron-25-3\\\/#primaryimage\"},\"thumbnailUrl\":\"https:\\\/\\\/revolutionpadelstore.com\\\/wp-content\\\/uploads\\\/2024\\\/09\\\/113768_pala_bullpadel_neuron_25_448120_1500x1500_1_612c.webp\",\"datePublished\":\"2024-09-08T16:25:29+00:00\",\"dateModified\":\"2026-04-08T08:41:51+00:00\",\"description\":\"Deseabas dominio, te damos Control.\u00a1Hazte con el control total en la pista con nuestra pala Neuron! Dise\u00f1ada para los jugadores que buscan precisi\u00f3n y dominio, esta pala es tu mejor aliada. Junto a un dise\u00f1o elegante, cada golpe ser\u00e1 un espect\u00e1culo de precisi\u00f3n. \u00a1Descubre el secreto de Fede y lleva tu juego al \u00faltimo rinc\u00f3n de la pista con las \u00faltimas tecnolog\u00edas del Bullpadel-LAB!\",\"breadcrumb\":{\"@id\":\"https:\\\/\\\/revolutionpadelstore.com\\\/fr\\\/produit\\\/bullpadel-neuron-25-3\\\/#breadcrumb\"},\"inLanguage\":\"fr-FR\",\"potentialAction\":[{\"@type\":\"ReadAction\",\"target\":[\"https:\\\/\\\/revolutionpadelstore.com\\\/fr\\\/produit\\\/bullpadel-neuron-25-3\\\/\"]}]},{\"@type\":\"ImageObject\",\"inLanguage\":\"fr-FR\",\"@id\":\"https:\\\/\\\/revolutionpadelstore.com\\\/fr\\\/produit\\\/bullpadel-neuron-25-3\\\/#primaryimage\",\"url\":\"https:\\\/\\\/revolutionpadelstore.com\\\/wp-content\\\/uploads\\\/2024\\\/09\\\/113768_pala_bullpadel_neuron_25_448120_1500x1500_1_612c.webp\",\"contentUrl\":\"https:\\\/\\\/revolutionpadelstore.com\\\/wp-content\\\/uploads\\\/2024\\\/09\\\/113768_pala_bullpadel_neuron_25_448120_1500x1500_1_612c.webp\",\"width\":1500,\"height\":1500},{\"@type\":\"BreadcrumbList\",\"@id\":\"https:\\\/\\\/revolutionpadelstore.com\\\/fr\\\/produit\\\/bullpadel-neuron-25-3\\\/#breadcrumb\",\"itemListElement\":[{\"@type\":\"ListItem\",\"position\":1,\"name\":\"Portada\",\"item\":\"https:\\\/\\\/revolutionpadelstore.com\\\/fr\\\/\"},{\"@type\":\"ListItem\",\"position\":2,\"name\":\"Boutique\",\"item\":\"https:\\\/\\\/revolutionpadelstore.com\\\/fr\\\/tienda\\\/\"},{\"@type\":\"ListItem\",\"position\":3,\"name\":\"BULLPADEL NEURON 25\"}]},{\"@type\":\"WebSite\",\"@id\":\"https:\\\/\\\/revolutionpadelstore.com\\\/fr\\\/#website\",\"url\":\"https:\\\/\\\/revolutionpadelstore.com\\\/fr\\\/\",\"name\":\"Revolution Padel Store\",\"description\":\"\",\"publisher\":{\"@id\":\"https:\\\/\\\/revolutionpadelstore.com\\\/fr\\\/#organization\"},\"potentialAction\":[{\"@type\":\"SearchAction\",\"target\":{\"@type\":\"EntryPoint\",\"urlTemplate\":\"https:\\\/\\\/revolutionpadelstore.com\\\/fr\\\/?s={search_term_string}\"},\"query-input\":{\"@type\":\"PropertyValueSpecification\",\"valueRequired\":true,\"valueName\":\"search_term_string\"}}],\"inLanguage\":\"fr-FR\"},{\"@type\":\"Organization\",\"@id\":\"https:\\\/\\\/revolutionpadelstore.com\\\/fr\\\/#organization\",\"name\":\"Revolution Padel Store\",\"url\":\"https:\\\/\\\/revolutionpadelstore.com\\\/fr\\\/\",\"logo\":{\"@type\":\"ImageObject\",\"inLanguage\":\"fr-FR\",\"@id\":\"https:\\\/\\\/revolutionpadelstore.com\\\/fr\\\/#\\\/schema\\\/logo\\\/image\\\/\",\"url\":\"https:\\\/\\\/revolutionpadelstore.com\\\/wp-content\\\/uploads\\\/2026\\\/02\\\/revolution-padel-store.jpg\",\"contentUrl\":\"https:\\\/\\\/revolutionpadelstore.com\\\/wp-content\\\/uploads\\\/2026\\\/02\\\/revolution-padel-store.jpg\",\"width\":2000,\"height\":2000,\"caption\":\"Revolution Padel Store\"},\"image\":{\"@id\":\"https:\\\/\\\/revolutionpadelstore.com\\\/fr\\\/#\\\/schema\\\/logo\\\/image\\\/\"},\"sameAs\":[\"https:\\\/\\\/www.instagram.com\\\/revolutionpadelstore\\\/\"]}]}<\/script>\n<!-- \/ Yoast SEO plugin. -->","yoast_head_json":{"title":"BULLPADEL NEURON 25 - Revolution Padel Store","description":"Deseabas dominio, te damos Control.\u00a1Hazte con el control total en la pista con nuestra pala Neuron! Dise\u00f1ada para los jugadores que buscan precisi\u00f3n y dominio, esta pala es tu mejor aliada. Junto a un dise\u00f1o elegante, cada golpe ser\u00e1 un espect\u00e1culo de precisi\u00f3n. \u00a1Descubre el secreto de Fede y lleva tu juego al \u00faltimo rinc\u00f3n de la pista con las \u00faltimas tecnolog\u00edas del Bullpadel-LAB!","robots":{"index":"index","follow":"follow","max-snippet":"max-snippet:-1","max-image-preview":"max-image-preview:large","max-video-preview":"max-video-preview:-1"},"canonical":"https:\/\/revolutionpadelstore.com\/fr\/produit\/bullpadel-neuron-25-3\/","og_locale":"fr_FR","og_type":"article","og_title":"BULLPADEL NEURON 25 - Revolution Padel Store","og_description":"Deseabas dominio, te damos Control.\u00a1Hazte con el control total en la pista con nuestra pala Neuron! Dise\u00f1ada para los jugadores que buscan precisi\u00f3n y dominio, esta pala es tu mejor aliada. Junto a un dise\u00f1o elegante, cada golpe ser\u00e1 un espect\u00e1culo de precisi\u00f3n. \u00a1Descubre el secreto de Fede y lleva tu juego al \u00faltimo rinc\u00f3n de la pista con las \u00faltimas tecnolog\u00edas del Bullpadel-LAB!","og_url":"https:\/\/revolutionpadelstore.com\/fr\/produit\/bullpadel-neuron-25-3\/","og_site_name":"Revolution Padel Store","article_modified_time":"2026-04-08T08:41:51+00:00","og_image":[{"width":1500,"height":1500,"url":"https:\/\/revolutionpadelstore.com\/wp-content\/uploads\/2024\/09\/113768_pala_bullpadel_neuron_25_448120_1500x1500_1_612c.webp","type":"image\/webp"}],"twitter_card":"summary_large_image","twitter_misc":{"Dur\u00e9e de lecture estim\u00e9e":"5 minutes"},"schema":{"@context":"https:\/\/schema.org","@graph":[{"@type":"WebPage","@id":"https:\/\/revolutionpadelstore.com\/fr\/produit\/bullpadel-neuron-25-3\/","url":"https:\/\/revolutionpadelstore.com\/fr\/produit\/bullpadel-neuron-25-3\/","name":"BULLPADEL NEURON 25 - Revolution Padel Store","isPartOf":{"@id":"https:\/\/revolutionpadelstore.com\/fr\/#website"},"primaryImageOfPage":{"@id":"https:\/\/revolutionpadelstore.com\/fr\/produit\/bullpadel-neuron-25-3\/#primaryimage"},"image":{"@id":"https:\/\/revolutionpadelstore.com\/fr\/produit\/bullpadel-neuron-25-3\/#primaryimage"},"thumbnailUrl":"https:\/\/revolutionpadelstore.com\/wp-content\/uploads\/2024\/09\/113768_pala_bullpadel_neuron_25_448120_1500x1500_1_612c.webp","datePublished":"2024-09-08T16:25:29+00:00","dateModified":"2026-04-08T08:41:51+00:00","description":"Deseabas dominio, te damos Control.\u00a1Hazte con el control total en la pista con nuestra pala Neuron! Dise\u00f1ada para los jugadores que buscan precisi\u00f3n y dominio, esta pala es tu mejor aliada. Junto a un dise\u00f1o elegante, cada golpe ser\u00e1 un espect\u00e1culo de precisi\u00f3n. \u00a1Descubre el secreto de Fede y lleva tu juego al \u00faltimo rinc\u00f3n de la pista con las \u00faltimas tecnolog\u00edas del Bullpadel-LAB!","breadcrumb":{"@id":"https:\/\/revolutionpadelstore.com\/fr\/produit\/bullpadel-neuron-25-3\/#breadcrumb"},"inLanguage":"fr-FR","potentialAction":[{"@type":"ReadAction","target":["https:\/\/revolutionpadelstore.com\/fr\/produit\/bullpadel-neuron-25-3\/"]}]},{"@type":"ImageObject","inLanguage":"fr-FR","@id":"https:\/\/revolutionpadelstore.com\/fr\/produit\/bullpadel-neuron-25-3\/#primaryimage","url":"https:\/\/revolutionpadelstore.com\/wp-content\/uploads\/2024\/09\/113768_pala_bullpadel_neuron_25_448120_1500x1500_1_612c.webp","contentUrl":"https:\/\/revolutionpadelstore.com\/wp-content\/uploads\/2024\/09\/113768_pala_bullpadel_neuron_25_448120_1500x1500_1_612c.webp","width":1500,"height":1500},{"@type":"BreadcrumbList","@id":"https:\/\/revolutionpadelstore.com\/fr\/produit\/bullpadel-neuron-25-3\/#breadcrumb","itemListElement":[{"@type":"ListItem","position":1,"name":"Portada","item":"https:\/\/revolutionpadelstore.com\/fr\/"},{"@type":"ListItem","position":2,"name":"Boutique","item":"https:\/\/revolutionpadelstore.com\/fr\/tienda\/"},{"@type":"ListItem","position":3,"name":"BULLPADEL NEURON 25"}]},{"@type":"WebSite","@id":"https:\/\/revolutionpadelstore.com\/fr\/#website","url":"https:\/\/revolutionpadelstore.com\/fr\/","name":"Revolution Padel Store","description":"","publisher":{"@id":"https:\/\/revolutionpadelstore.com\/fr\/#organization"},"potentialAction":[{"@type":"SearchAction","target":{"@type":"EntryPoint","urlTemplate":"https:\/\/revolutionpadelstore.com\/fr\/?s={search_term_string}"},"query-input":{"@type":"PropertyValueSpecification","valueRequired":true,"valueName":"search_term_string"}}],"inLanguage":"fr-FR"},{"@type":"Organization","@id":"https:\/\/revolutionpadelstore.com\/fr\/#organization","name":"Revolution Padel Store","url":"https:\/\/revolutionpadelstore.com\/fr\/","logo":{"@type":"ImageObject","inLanguage":"fr-FR","@id":"https:\/\/revolutionpadelstore.com\/fr\/#\/schema\/logo\/image\/","url":"https:\/\/revolutionpadelstore.com\/wp-content\/uploads\/2026\/02\/revolution-padel-store.jpg","contentUrl":"https:\/\/revolutionpadelstore.com\/wp-content\/uploads\/2026\/02\/revolution-padel-store.jpg","width":2000,"height":2000,"caption":"Revolution Padel Store"},"image":{"@id":"https:\/\/revolutionpadelstore.com\/fr\/#\/schema\/logo\/image\/"},"sameAs":["https:\/\/www.instagram.com\/revolutionpadelstore\/"]}]}},"_links":{"self":[{"href":"https:\/\/revolutionpadelstore.com\/fr\/wp-json\/wp\/v2\/product\/72831","targetHints":{"allow":["GET"]}}],"collection":[{"href":"https:\/\/revolutionpadelstore.com\/fr\/wp-json\/wp\/v2\/product"}],"about":[{"href":"https:\/\/revolutionpadelstore.com\/fr\/wp-json\/wp\/v2\/types\/product"}],"replies":[{"embeddable":true,"href":"https:\/\/revolutionpadelstore.com\/fr\/wp-json\/wp\/v2\/comments?post=72831"}],"wp:featuredmedia":[{"embeddable":true,"href":"https:\/\/revolutionpadelstore.com\/fr\/wp-json\/wp\/v2\/media\/99964"}],"wp:attachment":[{"href":"https:\/\/revolutionpadelstore.com\/fr\/wp-json\/wp\/v2\/media?parent=72831"}],"wp:term":[{"taxonomy":"acabado","embeddable":true,"href":"https:\/\/revolutionpadelstore.com\/fr\/wp-json\/wp\/v2\/acabado?post=72831"},{"taxonomy":"balance","embeddable":true,"href":"https:\/\/revolutionpadelstore.com\/fr\/wp-json\/wp\/v2\/balance?post=72831"},{"taxonomy":"dureza","embeddable":true,"href":"https:\/\/revolutionpadelstore.com\/fr\/wp-json\/wp\/v2\/dureza?post=72831"},{"taxonomy":"forma","embeddable":true,"href":"https:\/\/revolutionpadelstore.com\/fr\/wp-json\/wp\/v2\/forma?post=72831"},{"taxonomy":"jugador","embeddable":true,"href":"https:\/\/revolutionpadelstore.com\/fr\/wp-json\/wp\/v2\/jugador?post=72831"},{"taxonomy":"marca","embeddable":true,"href":"https:\/\/revolutionpadelstore.com\/fr\/wp-json\/wp\/v2\/marca?post=72831"},{"taxonomy":"nivel-de-juego","embeddable":true,"href":"https:\/\/revolutionpadelstore.com\/fr\/wp-json\/wp\/v2\/nivel-de-juego?post=72831"},{"taxonomy":"superficie","embeddable":true,"href":"https:\/\/revolutionpadelstore.com\/fr\/wp-json\/wp\/v2\/superficie?post=72831"},{"taxonomy":"tipo-de-juego","embeddable":true,"href":"https:\/\/revolutionpadelstore.com\/fr\/wp-json\/wp\/v2\/tipo-de-juego?post=72831"},{"taxonomy":"product_brand","embeddable":true,"href":"https:\/\/revolutionpadelstore.com\/fr\/wp-json\/wp\/v2\/product_brand?post=72831"},{"taxonomy":"product_cat","embeddable":true,"href":"https:\/\/revolutionpadelstore.com\/fr\/wp-json\/wp\/v2\/product_cat?post=72831"},{"taxonomy":"product_tag","embeddable":true,"href":"https:\/\/revolutionpadelstore.com\/fr\/wp-json\/wp\/v2\/product_tag?post=72831"}],"curies":[{"name":"wp","href":"https:\/\/api.w.org\/{rel}","templated":true}]}}