{"id":72826,"date":"2024-09-14T11:04:08","date_gmt":"2024-09-14T09:04:08","guid":{"rendered":"https:\/\/revolutionpadelstore.com\/head-gravity-pro-2024\/"},"modified":"2026-04-08T10:41:06","modified_gmt":"2026-04-08T08:41:06","slug":"head-gravity-pro-2024-3","status":"publish","type":"product","link":"https:\/\/revolutionpadelstore.com\/fr\/produit\/head-gravity-pro-2024-3\/","title":{"rendered":"HEAD GRAVITY PRO 2024"},"content":{"rendered":"<h2>Head Gravity Pro 2024, performances maximales<\/h2>\n<p>La raquette Head Gravity Pro est un mod\u00e8le avec une forme ronde et un \u00e9quilibre bas qui favorise une plus grande pr\u00e9cision et un contr\u00f4le total dans les coups. Con\u00e7u avec un large sweet spot qui favorise une pr\u00e9cision incroyable, m\u00eame sur les coups d\u00e9centr\u00e9s.<\/p>\n<p>Son poids de 365 grammes garantit une manipulation facile, moins de risques de blessures et un plus grand confort. De plus, son design original, renouvel\u00e9 et moderne vous permettra de vous d\u00e9marquer sur le terrain et partout o\u00f9 vous irez.<\/p>\n<h2>Raquette Head Gravity Pro, pour les joueurs comp\u00e9titifs<\/h2>\n<p>Cette raquette de padel Round Head est con\u00e7ue pour les joueurs de padel de niveau avanc\u00e9 ou de comp\u00e9tition qui cherchent \u00e0 ma\u00eetriser chaque coup. Id\u00e9al pour ceux qui recherchent un \u00e9quilibre optimal entre pr\u00e9cision et puissance dans n&#8217;importe quel jeu. Les joueurs avanc\u00e9s b\u00e9n\u00e9ficieront \u00e0 tout moment d\u2019une plus grande maniabilit\u00e9, l\u00e9g\u00e8ret\u00e9 et contr\u00f4le.<\/p>\n<h2>Technologies et fonctionnalit\u00e9s du Head Gravity Pro 2024<\/h2>\n<p><em>-Control Foam<\/em> dans le noyau qui augmente le sweet spot pour un contr\u00f4le sup\u00e9rieur \u00e0 chaque tir<\/p>\n<p><strong>-Surface hybride<\/strong> qui combine du carbone tress\u00e9 et de la fibre de verre<\/p>\n<p>-Plats avec <strong>finition laqu\u00e9e Rough Spin<\/strong> pour frapper avec plus d&#8217;effet gr\u00e2ce \u00e0 l&#8217;adh\u00e9rence suppl\u00e9mentaire de la balle sur les faces<\/p>\n<p>&#8211;<strong>Structure Auxetic 2.0<\/strong> qui am\u00e9liore les sensations d&#8217;impact, offre un contr\u00f4le et un meilleur toucher<\/p>\n<p><em>&#8211;<strong>Smart Bridge<\/strong><\/em> et <strong><em>Tailored Frame<\/em><\/strong>, qui maximisent le sweet spot et am\u00e9liorent la tol\u00e9rance<\/p>\n<p>-Cadre tubulaire avec <strong><em>Graphene Inside<\/em><\/strong>, qui le renforce, augmente la stabilit\u00e9 et am\u00e9liore la sortie de balle<\/p>\n<p>-Prise en main confortable et vibrations r\u00e9duites gr\u00e2ce au <strong><em>Soft Butt Cap<\/em><\/strong><\/p>\n<h3>Obtenez la raquette Head Gravity Pro 2024 maintenant dans Revolution Padel Store<\/h3>\n<p>Ne manquez pas l&#8217;occasion de dominer chaque jeu avec pr\u00e9cision gr\u00e2ce au contr\u00f4le que vous offre la raquette Head Gravity Pro 2024, avec un moule rond, un \u00e9quilibre bas et un grand sweet spot am\u00e9lior\u00e9 par le Control Foam du noyau. Con\u00e7u pour les <strong>joueurs avanc\u00e9s ou comp\u00e9titifs<\/strong> qui souhaitent <strong>ma\u00eetriser chaque point.<\/strong><\/p>\n","protected":false},"excerpt":{"rendered":"<p>Raquette ronde Head Gravity Pro 2024 \u00e0 \u00e9quilibre bas, id\u00e9ale pour les joueurs comp\u00e9titifs recherchant un \u00e9quilibre entre puissance et pr\u00e9cision.<\/p>\n","protected":false},"featured_media":71241,"comment_status":"open","ping_status":"closed","template":"","meta":{"_acf_changed":false,"_joinchat":[]},"acabado":[1092],"balance":[1147],"dureza":[1157],"forma":[1182],"jugador":[1192,1197,1202],"marca":[1222],"nivel-de-juego":[1337],"superficie":[1362],"tipo-de-juego":[1372],"product_brand":[],"product_cat":[302],"product_tag":[],"class_list":{"0":"post-72826","1":"product","2":"type-product","3":"status-publish","4":"has-post-thumbnail","6":"acabado-soulager-la-3d","7":"balance-faible","8":"dureza-media-fr","9":"forma-rond","10":"jugador-homme","11":"jugador-mujer-fr","12":"jugador-polivalente-fr","13":"marca-tete","14":"superficie-rugosa-fr","15":"tipo-de-juego-control-fr","16":"product_cat-palas-de-padel-fr","18":"first","19":"instock","20":"sale","21":"taxable","22":"shipping-taxable","23":"purchasable","24":"product-type-simple"},"acf":[],"yoast_head":"<!-- This site is optimized with the Yoast SEO plugin v27.4 - https:\/\/yoast.com\/product\/yoast-seo-wordpress\/ -->\n<title>HEAD GRAVITY PRO 2024 - Revolution Padel Store<\/title>\n<meta name=\"description\" content=\"Pala redonda con balance bajo Head Gravity Pro 2024, ideal para jugadores de competici\u00f3n que buscan equilibrio entre potencia y precisi\u00f3n.\" \/>\n<meta name=\"robots\" content=\"index, follow, max-snippet:-1, max-image-preview:large, max-video-preview:-1\" \/>\n<link rel=\"canonical\" href=\"https:\/\/revolutionpadelstore.com\/fr\/produit\/head-gravity-pro-2024-3\/\" \/>\n<meta property=\"og:locale\" content=\"fr_FR\" \/>\n<meta property=\"og:type\" content=\"article\" \/>\n<meta property=\"og:title\" content=\"HEAD GRAVITY PRO 2024 - Revolution Padel Store\" \/>\n<meta property=\"og:description\" content=\"Pala redonda con balance bajo Head Gravity Pro 2024, ideal para jugadores de competici\u00f3n que buscan equilibrio entre potencia y precisi\u00f3n.\" \/>\n<meta property=\"og:url\" content=\"https:\/\/revolutionpadelstore.com\/fr\/produit\/head-gravity-pro-2024-3\/\" \/>\n<meta property=\"og:site_name\" content=\"Revolution Padel Store\" \/>\n<meta property=\"article:modified_time\" content=\"2026-04-08T08:41:06+00:00\" \/>\n<meta property=\"og:image\" content=\"https:\/\/revolutionpadelstore.com\/wp-content\/uploads\/2024\/09\/494761.jpg\" \/>\n\t<meta property=\"og:image:width\" content=\"800\" \/>\n\t<meta property=\"og:image:height\" content=\"800\" \/>\n\t<meta property=\"og:image:type\" content=\"image\/jpeg\" \/>\n<meta name=\"twitter:card\" content=\"summary_large_image\" \/>\n<meta name=\"twitter:label1\" content=\"Dur\u00e9e de lecture estim\u00e9e\" \/>\n\t<meta name=\"twitter:data1\" content=\"2 minutes\" \/>\n<script type=\"application\/ld+json\" class=\"yoast-schema-graph\">{\"@context\":\"https:\\\/\\\/schema.org\",\"@graph\":[{\"@type\":\"WebPage\",\"@id\":\"https:\\\/\\\/revolutionpadelstore.com\\\/fr\\\/produit\\\/head-gravity-pro-2024-3\\\/\",\"url\":\"https:\\\/\\\/revolutionpadelstore.com\\\/fr\\\/produit\\\/head-gravity-pro-2024-3\\\/\",\"name\":\"HEAD GRAVITY PRO 2024 - Revolution Padel Store\",\"isPartOf\":{\"@id\":\"https:\\\/\\\/revolutionpadelstore.com\\\/fr\\\/#website\"},\"primaryImageOfPage\":{\"@id\":\"https:\\\/\\\/revolutionpadelstore.com\\\/fr\\\/produit\\\/head-gravity-pro-2024-3\\\/#primaryimage\"},\"image\":{\"@id\":\"https:\\\/\\\/revolutionpadelstore.com\\\/fr\\\/produit\\\/head-gravity-pro-2024-3\\\/#primaryimage\"},\"thumbnailUrl\":\"https:\\\/\\\/revolutionpadelstore.com\\\/wp-content\\\/uploads\\\/2024\\\/09\\\/494761.jpg\",\"datePublished\":\"2024-09-14T09:04:08+00:00\",\"dateModified\":\"2026-04-08T08:41:06+00:00\",\"description\":\"Pala redonda con balance bajo Head Gravity Pro 2024, ideal para jugadores de competici\u00f3n que buscan equilibrio entre potencia y precisi\u00f3n.\",\"breadcrumb\":{\"@id\":\"https:\\\/\\\/revolutionpadelstore.com\\\/fr\\\/produit\\\/head-gravity-pro-2024-3\\\/#breadcrumb\"},\"inLanguage\":\"fr-FR\",\"potentialAction\":[{\"@type\":\"ReadAction\",\"target\":[\"https:\\\/\\\/revolutionpadelstore.com\\\/fr\\\/produit\\\/head-gravity-pro-2024-3\\\/\"]}]},{\"@type\":\"ImageObject\",\"inLanguage\":\"fr-FR\",\"@id\":\"https:\\\/\\\/revolutionpadelstore.com\\\/fr\\\/produit\\\/head-gravity-pro-2024-3\\\/#primaryimage\",\"url\":\"https:\\\/\\\/revolutionpadelstore.com\\\/wp-content\\\/uploads\\\/2024\\\/09\\\/494761.jpg\",\"contentUrl\":\"https:\\\/\\\/revolutionpadelstore.com\\\/wp-content\\\/uploads\\\/2024\\\/09\\\/494761.jpg\",\"width\":800,\"height\":800},{\"@type\":\"BreadcrumbList\",\"@id\":\"https:\\\/\\\/revolutionpadelstore.com\\\/fr\\\/produit\\\/head-gravity-pro-2024-3\\\/#breadcrumb\",\"itemListElement\":[{\"@type\":\"ListItem\",\"position\":1,\"name\":\"Portada\",\"item\":\"https:\\\/\\\/revolutionpadelstore.com\\\/fr\\\/\"},{\"@type\":\"ListItem\",\"position\":2,\"name\":\"Boutique\",\"item\":\"https:\\\/\\\/revolutionpadelstore.com\\\/fr\\\/tienda\\\/\"},{\"@type\":\"ListItem\",\"position\":3,\"name\":\"HEAD GRAVITY PRO 2024\"}]},{\"@type\":\"WebSite\",\"@id\":\"https:\\\/\\\/revolutionpadelstore.com\\\/fr\\\/#website\",\"url\":\"https:\\\/\\\/revolutionpadelstore.com\\\/fr\\\/\",\"name\":\"Revolution Padel Store\",\"description\":\"\",\"publisher\":{\"@id\":\"https:\\\/\\\/revolutionpadelstore.com\\\/fr\\\/#organization\"},\"potentialAction\":[{\"@type\":\"SearchAction\",\"target\":{\"@type\":\"EntryPoint\",\"urlTemplate\":\"https:\\\/\\\/revolutionpadelstore.com\\\/fr\\\/?s={search_term_string}\"},\"query-input\":{\"@type\":\"PropertyValueSpecification\",\"valueRequired\":true,\"valueName\":\"search_term_string\"}}],\"inLanguage\":\"fr-FR\"},{\"@type\":\"Organization\",\"@id\":\"https:\\\/\\\/revolutionpadelstore.com\\\/fr\\\/#organization\",\"name\":\"Revolution Padel Store\",\"url\":\"https:\\\/\\\/revolutionpadelstore.com\\\/fr\\\/\",\"logo\":{\"@type\":\"ImageObject\",\"inLanguage\":\"fr-FR\",\"@id\":\"https:\\\/\\\/revolutionpadelstore.com\\\/fr\\\/#\\\/schema\\\/logo\\\/image\\\/\",\"url\":\"https:\\\/\\\/revolutionpadelstore.com\\\/wp-content\\\/uploads\\\/2026\\\/02\\\/revolution-padel-store.jpg\",\"contentUrl\":\"https:\\\/\\\/revolutionpadelstore.com\\\/wp-content\\\/uploads\\\/2026\\\/02\\\/revolution-padel-store.jpg\",\"width\":2000,\"height\":2000,\"caption\":\"Revolution Padel Store\"},\"image\":{\"@id\":\"https:\\\/\\\/revolutionpadelstore.com\\\/fr\\\/#\\\/schema\\\/logo\\\/image\\\/\"},\"sameAs\":[\"https:\\\/\\\/www.instagram.com\\\/revolutionpadelstore\\\/\"]}]}<\/script>\n<!-- \/ Yoast SEO plugin. -->","yoast_head_json":{"title":"HEAD GRAVITY PRO 2024 - Revolution Padel Store","description":"Pala redonda con balance bajo Head Gravity Pro 2024, ideal para jugadores de competici\u00f3n que buscan equilibrio entre potencia y precisi\u00f3n.","robots":{"index":"index","follow":"follow","max-snippet":"max-snippet:-1","max-image-preview":"max-image-preview:large","max-video-preview":"max-video-preview:-1"},"canonical":"https:\/\/revolutionpadelstore.com\/fr\/produit\/head-gravity-pro-2024-3\/","og_locale":"fr_FR","og_type":"article","og_title":"HEAD GRAVITY PRO 2024 - Revolution Padel Store","og_description":"Pala redonda con balance bajo Head Gravity Pro 2024, ideal para jugadores de competici\u00f3n que buscan equilibrio entre potencia y precisi\u00f3n.","og_url":"https:\/\/revolutionpadelstore.com\/fr\/produit\/head-gravity-pro-2024-3\/","og_site_name":"Revolution Padel Store","article_modified_time":"2026-04-08T08:41:06+00:00","og_image":[{"width":800,"height":800,"url":"https:\/\/revolutionpadelstore.com\/wp-content\/uploads\/2024\/09\/494761.jpg","type":"image\/jpeg"}],"twitter_card":"summary_large_image","twitter_misc":{"Dur\u00e9e de lecture estim\u00e9e":"2 minutes"},"schema":{"@context":"https:\/\/schema.org","@graph":[{"@type":"WebPage","@id":"https:\/\/revolutionpadelstore.com\/fr\/produit\/head-gravity-pro-2024-3\/","url":"https:\/\/revolutionpadelstore.com\/fr\/produit\/head-gravity-pro-2024-3\/","name":"HEAD GRAVITY PRO 2024 - Revolution Padel Store","isPartOf":{"@id":"https:\/\/revolutionpadelstore.com\/fr\/#website"},"primaryImageOfPage":{"@id":"https:\/\/revolutionpadelstore.com\/fr\/produit\/head-gravity-pro-2024-3\/#primaryimage"},"image":{"@id":"https:\/\/revolutionpadelstore.com\/fr\/produit\/head-gravity-pro-2024-3\/#primaryimage"},"thumbnailUrl":"https:\/\/revolutionpadelstore.com\/wp-content\/uploads\/2024\/09\/494761.jpg","datePublished":"2024-09-14T09:04:08+00:00","dateModified":"2026-04-08T08:41:06+00:00","description":"Pala redonda con balance bajo Head Gravity Pro 2024, ideal para jugadores de competici\u00f3n que buscan equilibrio entre potencia y precisi\u00f3n.","breadcrumb":{"@id":"https:\/\/revolutionpadelstore.com\/fr\/produit\/head-gravity-pro-2024-3\/#breadcrumb"},"inLanguage":"fr-FR","potentialAction":[{"@type":"ReadAction","target":["https:\/\/revolutionpadelstore.com\/fr\/produit\/head-gravity-pro-2024-3\/"]}]},{"@type":"ImageObject","inLanguage":"fr-FR","@id":"https:\/\/revolutionpadelstore.com\/fr\/produit\/head-gravity-pro-2024-3\/#primaryimage","url":"https:\/\/revolutionpadelstore.com\/wp-content\/uploads\/2024\/09\/494761.jpg","contentUrl":"https:\/\/revolutionpadelstore.com\/wp-content\/uploads\/2024\/09\/494761.jpg","width":800,"height":800},{"@type":"BreadcrumbList","@id":"https:\/\/revolutionpadelstore.com\/fr\/produit\/head-gravity-pro-2024-3\/#breadcrumb","itemListElement":[{"@type":"ListItem","position":1,"name":"Portada","item":"https:\/\/revolutionpadelstore.com\/fr\/"},{"@type":"ListItem","position":2,"name":"Boutique","item":"https:\/\/revolutionpadelstore.com\/fr\/tienda\/"},{"@type":"ListItem","position":3,"name":"HEAD GRAVITY PRO 2024"}]},{"@type":"WebSite","@id":"https:\/\/revolutionpadelstore.com\/fr\/#website","url":"https:\/\/revolutionpadelstore.com\/fr\/","name":"Revolution Padel Store","description":"","publisher":{"@id":"https:\/\/revolutionpadelstore.com\/fr\/#organization"},"potentialAction":[{"@type":"SearchAction","target":{"@type":"EntryPoint","urlTemplate":"https:\/\/revolutionpadelstore.com\/fr\/?s={search_term_string}"},"query-input":{"@type":"PropertyValueSpecification","valueRequired":true,"valueName":"search_term_string"}}],"inLanguage":"fr-FR"},{"@type":"Organization","@id":"https:\/\/revolutionpadelstore.com\/fr\/#organization","name":"Revolution Padel Store","url":"https:\/\/revolutionpadelstore.com\/fr\/","logo":{"@type":"ImageObject","inLanguage":"fr-FR","@id":"https:\/\/revolutionpadelstore.com\/fr\/#\/schema\/logo\/image\/","url":"https:\/\/revolutionpadelstore.com\/wp-content\/uploads\/2026\/02\/revolution-padel-store.jpg","contentUrl":"https:\/\/revolutionpadelstore.com\/wp-content\/uploads\/2026\/02\/revolution-padel-store.jpg","width":2000,"height":2000,"caption":"Revolution Padel Store"},"image":{"@id":"https:\/\/revolutionpadelstore.com\/fr\/#\/schema\/logo\/image\/"},"sameAs":["https:\/\/www.instagram.com\/revolutionpadelstore\/"]}]}},"_links":{"self":[{"href":"https:\/\/revolutionpadelstore.com\/fr\/wp-json\/wp\/v2\/product\/72826","targetHints":{"allow":["GET"]}}],"collection":[{"href":"https:\/\/revolutionpadelstore.com\/fr\/wp-json\/wp\/v2\/product"}],"about":[{"href":"https:\/\/revolutionpadelstore.com\/fr\/wp-json\/wp\/v2\/types\/product"}],"replies":[{"embeddable":true,"href":"https:\/\/revolutionpadelstore.com\/fr\/wp-json\/wp\/v2\/comments?post=72826"}],"wp:featuredmedia":[{"embeddable":true,"href":"https:\/\/revolutionpadelstore.com\/fr\/wp-json\/wp\/v2\/media\/71241"}],"wp:attachment":[{"href":"https:\/\/revolutionpadelstore.com\/fr\/wp-json\/wp\/v2\/media?parent=72826"}],"wp:term":[{"taxonomy":"acabado","embeddable":true,"href":"https:\/\/revolutionpadelstore.com\/fr\/wp-json\/wp\/v2\/acabado?post=72826"},{"taxonomy":"balance","embeddable":true,"href":"https:\/\/revolutionpadelstore.com\/fr\/wp-json\/wp\/v2\/balance?post=72826"},{"taxonomy":"dureza","embeddable":true,"href":"https:\/\/revolutionpadelstore.com\/fr\/wp-json\/wp\/v2\/dureza?post=72826"},{"taxonomy":"forma","embeddable":true,"href":"https:\/\/revolutionpadelstore.com\/fr\/wp-json\/wp\/v2\/forma?post=72826"},{"taxonomy":"jugador","embeddable":true,"href":"https:\/\/revolutionpadelstore.com\/fr\/wp-json\/wp\/v2\/jugador?post=72826"},{"taxonomy":"marca","embeddable":true,"href":"https:\/\/revolutionpadelstore.com\/fr\/wp-json\/wp\/v2\/marca?post=72826"},{"taxonomy":"nivel-de-juego","embeddable":true,"href":"https:\/\/revolutionpadelstore.com\/fr\/wp-json\/wp\/v2\/nivel-de-juego?post=72826"},{"taxonomy":"superficie","embeddable":true,"href":"https:\/\/revolutionpadelstore.com\/fr\/wp-json\/wp\/v2\/superficie?post=72826"},{"taxonomy":"tipo-de-juego","embeddable":true,"href":"https:\/\/revolutionpadelstore.com\/fr\/wp-json\/wp\/v2\/tipo-de-juego?post=72826"},{"taxonomy":"product_brand","embeddable":true,"href":"https:\/\/revolutionpadelstore.com\/fr\/wp-json\/wp\/v2\/product_brand?post=72826"},{"taxonomy":"product_cat","embeddable":true,"href":"https:\/\/revolutionpadelstore.com\/fr\/wp-json\/wp\/v2\/product_cat?post=72826"},{"taxonomy":"product_tag","embeddable":true,"href":"https:\/\/revolutionpadelstore.com\/fr\/wp-json\/wp\/v2\/product_tag?post=72826"}],"curies":[{"name":"wp","href":"https:\/\/api.w.org\/{rel}","templated":true}]}}