{"id":72821,"date":"2024-09-14T11:15:06","date_gmt":"2024-09-14T09:15:06","guid":{"rendered":"https:\/\/revolutionpadelstore.com\/head-gravity-motion-2024\/"},"modified":"2026-04-08T10:40:38","modified_gmt":"2026-04-08T08:40:38","slug":"head-gravity-motion-2024-3","status":"publish","type":"product","link":"https:\/\/revolutionpadelstore.com\/fr\/produit\/head-gravity-motion-2024-3\/","title":{"rendered":"HEAD GRAVITY MOTION 2024"},"content":{"rendered":"<h2>Head Gravity Motion 2024, raquette ronde<\/h2>\n<p>La Head Gravity Motion 2024 se pr\u00e9sente comme la raquette id\u00e9ale pour ceux qui cherchent \u00e0 dominer le jeu avec contr\u00f4le et pr\u00e9cision. Avec un design rond et une structure l\u00e9g\u00e8re, cette raquette devient une extension de votre main, vous offrant une maniabilit\u00e9 exceptionnelle. De plus, il int\u00e8gre une s\u00e9rie de technologies avanc\u00e9es qui non seulement am\u00e9liorent la connexion avec le ballon, mais optimisent \u00e9galement la puissance et le confort, se distinguant ainsi parmi les options pr\u00e9f\u00e9r\u00e9es des joueurs comp\u00e9titifs.<\/p>\n<h2>Head Gravity Motion 2024 pour les joueurs aux contr\u00f4les avanc\u00e9s<\/h2>\n<p>Cette raquette est sp\u00e9cialement con\u00e7ue pour les joueurs avanc\u00e9s et professionnels qui cherchent \u00e0 maximiser leur contr\u00f4le \u00e0 chaque instant. Son \u00e9quilibre r\u00e9duit et sa l\u00e9g\u00e8ret\u00e9 le rendent parfait pour ceux qui pr\u00e9f\u00e8rent man\u0153uvrer facilement sur et hors piste. De plus, il est id\u00e9al pour ceux qui souhaitent perfectionner les coups techniques comme le layup ou la chiquita, sans compromettre le confort ni la puissance.<\/p>\n<h2>Caract\u00e9ristiques et technologies du Gravity Motion 2024<\/h2>\n<p><strong>-Auxetic 2.0 <\/strong>am\u00e9liore la r\u00e9ponse et la connexion avec le ballon apr\u00e8s l&#8217;impact, offrant une sensation sup\u00e9rieure \u00e0 chaque tir.<\/p>\n<p><strong>-Format rond<\/strong> pour jouer avec la technique de contr\u00f4le. <strong>Faces en fibre de verre<\/strong>, <strong>Control Foam<\/strong>, \u00e9largit le sweet spot, offrant une plus grande pr\u00e9cision et tol\u00e9rance dans les coups techniques.<\/p>\n<p><strong>-Spin Surface<\/strong>, une surface rugueuse qui vous permet de g\u00e9n\u00e9rer plus d&#8217;effets et d&#8217;adh\u00e9rence lorsque vous frappez la balle.<\/p>\n<p><strong>-Graphene Inside, <\/strong>renforce le cadre, augmentant la stabilit\u00e9 et optimisant la sortie de balle.<\/p>\n<p><strong>&#8211; Soft Butt Cap, <\/strong>capuchon souple sur la poign\u00e9e qui r\u00e9duit les vibrations et am\u00e9liore le confort de pr\u00e9hension.<\/p>\n<p>Si vous recherchez une raquette qui vous permet d&#8217;am\u00e9liorer vos performances \u00e0 chaque match, la Head Gravity Motion 2024 est l&#8217;option parfaite. Avec sa combinaison de l\u00e9g\u00e8ret\u00e9, de contr\u00f4le et de technologies avanc\u00e9es, cette raquette fera passer votre jeu \u00e0 un nouveau niveau.<\/p>\n<h2>Head Gravity Motion 2024, pala de p\u00e1del redonda<\/h2>\n","protected":false},"excerpt":{"rendered":"<p>La Head Gravity Motion 2024 offre un contr\u00f4le sup\u00e9rieur, une l\u00e9g\u00e8ret\u00e9 et des technologies avanc\u00e9es telles que Auxetic 2.0 et Spin Surface, con\u00e7ues pour les joueurs comp\u00e9titifs \u00e0 la recherche de pr\u00e9cision et de confort \u00e0 chaque coup.<\/p>\n","protected":false},"featured_media":71278,"comment_status":"open","ping_status":"closed","template":"","meta":{"_acf_changed":false,"_joinchat":[]},"acabado":[1107],"balance":[1147],"dureza":[1157],"forma":[1182],"jugador":[1192,1197,1202],"marca":[1222],"nivel-de-juego":[1337,1342],"superficie":[1362],"tipo-de-juego":[1372],"product_brand":[],"product_cat":[302],"product_tag":[],"class_list":{"0":"post-72821","1":"product","2":"type-product","3":"status-publish","4":"has-post-thumbnail","6":"acabado-brut","7":"balance-faible","8":"dureza-media-fr","9":"forma-rond","10":"jugador-homme","11":"jugador-mujer-fr","12":"jugador-polivalente-fr","13":"marca-tete","14":"superficie-rugosa-fr","15":"tipo-de-juego-control-fr","16":"product_cat-palas-de-padel-fr","18":"first","19":"instock","20":"sale","21":"taxable","22":"shipping-taxable","23":"purchasable","24":"product-type-simple"},"acf":[],"yoast_head":"<!-- This site is optimized with the Yoast SEO plugin v27.4 - https:\/\/yoast.com\/product\/yoast-seo-wordpress\/ -->\n<title>HEAD GRAVITY MOTION 2024 - Revolution Padel Store<\/title>\n<meta name=\"description\" content=\"La Head Gravity Motion 2024 ofrece control superior, ligereza y tecnolog\u00edas avanzadas como Auxetic 2.0 y Spin Surface, dise\u00f1ada para jugadores competitivos que buscan precisi\u00f3n y comodidad en cada golpe.\" \/>\n<meta name=\"robots\" content=\"index, follow, max-snippet:-1, max-image-preview:large, max-video-preview:-1\" \/>\n<link rel=\"canonical\" href=\"https:\/\/revolutionpadelstore.com\/fr\/produit\/head-gravity-motion-2024-3\/\" \/>\n<meta property=\"og:locale\" content=\"fr_FR\" \/>\n<meta property=\"og:type\" content=\"article\" \/>\n<meta property=\"og:title\" content=\"HEAD GRAVITY MOTION 2024 - Revolution Padel Store\" \/>\n<meta property=\"og:description\" content=\"La Head Gravity Motion 2024 ofrece control superior, ligereza y tecnolog\u00edas avanzadas como Auxetic 2.0 y Spin Surface, dise\u00f1ada para jugadores competitivos que buscan precisi\u00f3n y comodidad en cada golpe.\" \/>\n<meta property=\"og:url\" content=\"https:\/\/revolutionpadelstore.com\/fr\/produit\/head-gravity-motion-2024-3\/\" \/>\n<meta property=\"og:site_name\" content=\"Revolution Padel Store\" \/>\n<meta property=\"article:modified_time\" content=\"2026-04-08T08:40:38+00:00\" \/>\n<meta property=\"og:image\" content=\"https:\/\/revolutionpadelstore.com\/wp-content\/uploads\/2024\/09\/494770.jpg\" \/>\n\t<meta property=\"og:image:width\" content=\"800\" \/>\n\t<meta property=\"og:image:height\" content=\"800\" \/>\n\t<meta property=\"og:image:type\" content=\"image\/jpeg\" \/>\n<meta name=\"twitter:card\" content=\"summary_large_image\" \/>\n<meta name=\"twitter:label1\" content=\"Dur\u00e9e de lecture estim\u00e9e\" \/>\n\t<meta name=\"twitter:data1\" content=\"2 minutes\" \/>\n<script type=\"application\/ld+json\" class=\"yoast-schema-graph\">{\"@context\":\"https:\\\/\\\/schema.org\",\"@graph\":[{\"@type\":\"WebPage\",\"@id\":\"https:\\\/\\\/revolutionpadelstore.com\\\/fr\\\/produit\\\/head-gravity-motion-2024-3\\\/\",\"url\":\"https:\\\/\\\/revolutionpadelstore.com\\\/fr\\\/produit\\\/head-gravity-motion-2024-3\\\/\",\"name\":\"HEAD GRAVITY MOTION 2024 - Revolution Padel Store\",\"isPartOf\":{\"@id\":\"https:\\\/\\\/revolutionpadelstore.com\\\/fr\\\/#website\"},\"primaryImageOfPage\":{\"@id\":\"https:\\\/\\\/revolutionpadelstore.com\\\/fr\\\/produit\\\/head-gravity-motion-2024-3\\\/#primaryimage\"},\"image\":{\"@id\":\"https:\\\/\\\/revolutionpadelstore.com\\\/fr\\\/produit\\\/head-gravity-motion-2024-3\\\/#primaryimage\"},\"thumbnailUrl\":\"https:\\\/\\\/revolutionpadelstore.com\\\/wp-content\\\/uploads\\\/2024\\\/09\\\/494770.jpg\",\"datePublished\":\"2024-09-14T09:15:06+00:00\",\"dateModified\":\"2026-04-08T08:40:38+00:00\",\"description\":\"La Head Gravity Motion 2024 ofrece control superior, ligereza y tecnolog\u00edas avanzadas como Auxetic 2.0 y Spin Surface, dise\u00f1ada para jugadores competitivos que buscan precisi\u00f3n y comodidad en cada golpe.\",\"breadcrumb\":{\"@id\":\"https:\\\/\\\/revolutionpadelstore.com\\\/fr\\\/produit\\\/head-gravity-motion-2024-3\\\/#breadcrumb\"},\"inLanguage\":\"fr-FR\",\"potentialAction\":[{\"@type\":\"ReadAction\",\"target\":[\"https:\\\/\\\/revolutionpadelstore.com\\\/fr\\\/produit\\\/head-gravity-motion-2024-3\\\/\"]}]},{\"@type\":\"ImageObject\",\"inLanguage\":\"fr-FR\",\"@id\":\"https:\\\/\\\/revolutionpadelstore.com\\\/fr\\\/produit\\\/head-gravity-motion-2024-3\\\/#primaryimage\",\"url\":\"https:\\\/\\\/revolutionpadelstore.com\\\/wp-content\\\/uploads\\\/2024\\\/09\\\/494770.jpg\",\"contentUrl\":\"https:\\\/\\\/revolutionpadelstore.com\\\/wp-content\\\/uploads\\\/2024\\\/09\\\/494770.jpg\",\"width\":800,\"height\":800},{\"@type\":\"BreadcrumbList\",\"@id\":\"https:\\\/\\\/revolutionpadelstore.com\\\/fr\\\/produit\\\/head-gravity-motion-2024-3\\\/#breadcrumb\",\"itemListElement\":[{\"@type\":\"ListItem\",\"position\":1,\"name\":\"Portada\",\"item\":\"https:\\\/\\\/revolutionpadelstore.com\\\/fr\\\/\"},{\"@type\":\"ListItem\",\"position\":2,\"name\":\"Boutique\",\"item\":\"https:\\\/\\\/revolutionpadelstore.com\\\/fr\\\/tienda\\\/\"},{\"@type\":\"ListItem\",\"position\":3,\"name\":\"HEAD GRAVITY MOTION 2024\"}]},{\"@type\":\"WebSite\",\"@id\":\"https:\\\/\\\/revolutionpadelstore.com\\\/fr\\\/#website\",\"url\":\"https:\\\/\\\/revolutionpadelstore.com\\\/fr\\\/\",\"name\":\"Revolution Padel Store\",\"description\":\"\",\"publisher\":{\"@id\":\"https:\\\/\\\/revolutionpadelstore.com\\\/fr\\\/#organization\"},\"potentialAction\":[{\"@type\":\"SearchAction\",\"target\":{\"@type\":\"EntryPoint\",\"urlTemplate\":\"https:\\\/\\\/revolutionpadelstore.com\\\/fr\\\/?s={search_term_string}\"},\"query-input\":{\"@type\":\"PropertyValueSpecification\",\"valueRequired\":true,\"valueName\":\"search_term_string\"}}],\"inLanguage\":\"fr-FR\"},{\"@type\":\"Organization\",\"@id\":\"https:\\\/\\\/revolutionpadelstore.com\\\/fr\\\/#organization\",\"name\":\"Revolution Padel Store\",\"url\":\"https:\\\/\\\/revolutionpadelstore.com\\\/fr\\\/\",\"logo\":{\"@type\":\"ImageObject\",\"inLanguage\":\"fr-FR\",\"@id\":\"https:\\\/\\\/revolutionpadelstore.com\\\/fr\\\/#\\\/schema\\\/logo\\\/image\\\/\",\"url\":\"https:\\\/\\\/revolutionpadelstore.com\\\/wp-content\\\/uploads\\\/2026\\\/02\\\/revolution-padel-store.jpg\",\"contentUrl\":\"https:\\\/\\\/revolutionpadelstore.com\\\/wp-content\\\/uploads\\\/2026\\\/02\\\/revolution-padel-store.jpg\",\"width\":2000,\"height\":2000,\"caption\":\"Revolution Padel Store\"},\"image\":{\"@id\":\"https:\\\/\\\/revolutionpadelstore.com\\\/fr\\\/#\\\/schema\\\/logo\\\/image\\\/\"},\"sameAs\":[\"https:\\\/\\\/www.instagram.com\\\/revolutionpadelstore\\\/\"]}]}<\/script>\n<!-- \/ Yoast SEO plugin. -->","yoast_head_json":{"title":"HEAD GRAVITY MOTION 2024 - Revolution Padel Store","description":"La Head Gravity Motion 2024 ofrece control superior, ligereza y tecnolog\u00edas avanzadas como Auxetic 2.0 y Spin Surface, dise\u00f1ada para jugadores competitivos que buscan precisi\u00f3n y comodidad en cada golpe.","robots":{"index":"index","follow":"follow","max-snippet":"max-snippet:-1","max-image-preview":"max-image-preview:large","max-video-preview":"max-video-preview:-1"},"canonical":"https:\/\/revolutionpadelstore.com\/fr\/produit\/head-gravity-motion-2024-3\/","og_locale":"fr_FR","og_type":"article","og_title":"HEAD GRAVITY MOTION 2024 - Revolution Padel Store","og_description":"La Head Gravity Motion 2024 ofrece control superior, ligereza y tecnolog\u00edas avanzadas como Auxetic 2.0 y Spin Surface, dise\u00f1ada para jugadores competitivos que buscan precisi\u00f3n y comodidad en cada golpe.","og_url":"https:\/\/revolutionpadelstore.com\/fr\/produit\/head-gravity-motion-2024-3\/","og_site_name":"Revolution Padel Store","article_modified_time":"2026-04-08T08:40:38+00:00","og_image":[{"width":800,"height":800,"url":"https:\/\/revolutionpadelstore.com\/wp-content\/uploads\/2024\/09\/494770.jpg","type":"image\/jpeg"}],"twitter_card":"summary_large_image","twitter_misc":{"Dur\u00e9e de lecture estim\u00e9e":"2 minutes"},"schema":{"@context":"https:\/\/schema.org","@graph":[{"@type":"WebPage","@id":"https:\/\/revolutionpadelstore.com\/fr\/produit\/head-gravity-motion-2024-3\/","url":"https:\/\/revolutionpadelstore.com\/fr\/produit\/head-gravity-motion-2024-3\/","name":"HEAD GRAVITY MOTION 2024 - Revolution Padel Store","isPartOf":{"@id":"https:\/\/revolutionpadelstore.com\/fr\/#website"},"primaryImageOfPage":{"@id":"https:\/\/revolutionpadelstore.com\/fr\/produit\/head-gravity-motion-2024-3\/#primaryimage"},"image":{"@id":"https:\/\/revolutionpadelstore.com\/fr\/produit\/head-gravity-motion-2024-3\/#primaryimage"},"thumbnailUrl":"https:\/\/revolutionpadelstore.com\/wp-content\/uploads\/2024\/09\/494770.jpg","datePublished":"2024-09-14T09:15:06+00:00","dateModified":"2026-04-08T08:40:38+00:00","description":"La Head Gravity Motion 2024 ofrece control superior, ligereza y tecnolog\u00edas avanzadas como Auxetic 2.0 y Spin Surface, dise\u00f1ada para jugadores competitivos que buscan precisi\u00f3n y comodidad en cada golpe.","breadcrumb":{"@id":"https:\/\/revolutionpadelstore.com\/fr\/produit\/head-gravity-motion-2024-3\/#breadcrumb"},"inLanguage":"fr-FR","potentialAction":[{"@type":"ReadAction","target":["https:\/\/revolutionpadelstore.com\/fr\/produit\/head-gravity-motion-2024-3\/"]}]},{"@type":"ImageObject","inLanguage":"fr-FR","@id":"https:\/\/revolutionpadelstore.com\/fr\/produit\/head-gravity-motion-2024-3\/#primaryimage","url":"https:\/\/revolutionpadelstore.com\/wp-content\/uploads\/2024\/09\/494770.jpg","contentUrl":"https:\/\/revolutionpadelstore.com\/wp-content\/uploads\/2024\/09\/494770.jpg","width":800,"height":800},{"@type":"BreadcrumbList","@id":"https:\/\/revolutionpadelstore.com\/fr\/produit\/head-gravity-motion-2024-3\/#breadcrumb","itemListElement":[{"@type":"ListItem","position":1,"name":"Portada","item":"https:\/\/revolutionpadelstore.com\/fr\/"},{"@type":"ListItem","position":2,"name":"Boutique","item":"https:\/\/revolutionpadelstore.com\/fr\/tienda\/"},{"@type":"ListItem","position":3,"name":"HEAD GRAVITY MOTION 2024"}]},{"@type":"WebSite","@id":"https:\/\/revolutionpadelstore.com\/fr\/#website","url":"https:\/\/revolutionpadelstore.com\/fr\/","name":"Revolution Padel Store","description":"","publisher":{"@id":"https:\/\/revolutionpadelstore.com\/fr\/#organization"},"potentialAction":[{"@type":"SearchAction","target":{"@type":"EntryPoint","urlTemplate":"https:\/\/revolutionpadelstore.com\/fr\/?s={search_term_string}"},"query-input":{"@type":"PropertyValueSpecification","valueRequired":true,"valueName":"search_term_string"}}],"inLanguage":"fr-FR"},{"@type":"Organization","@id":"https:\/\/revolutionpadelstore.com\/fr\/#organization","name":"Revolution Padel Store","url":"https:\/\/revolutionpadelstore.com\/fr\/","logo":{"@type":"ImageObject","inLanguage":"fr-FR","@id":"https:\/\/revolutionpadelstore.com\/fr\/#\/schema\/logo\/image\/","url":"https:\/\/revolutionpadelstore.com\/wp-content\/uploads\/2026\/02\/revolution-padel-store.jpg","contentUrl":"https:\/\/revolutionpadelstore.com\/wp-content\/uploads\/2026\/02\/revolution-padel-store.jpg","width":2000,"height":2000,"caption":"Revolution Padel Store"},"image":{"@id":"https:\/\/revolutionpadelstore.com\/fr\/#\/schema\/logo\/image\/"},"sameAs":["https:\/\/www.instagram.com\/revolutionpadelstore\/"]}]}},"_links":{"self":[{"href":"https:\/\/revolutionpadelstore.com\/fr\/wp-json\/wp\/v2\/product\/72821","targetHints":{"allow":["GET"]}}],"collection":[{"href":"https:\/\/revolutionpadelstore.com\/fr\/wp-json\/wp\/v2\/product"}],"about":[{"href":"https:\/\/revolutionpadelstore.com\/fr\/wp-json\/wp\/v2\/types\/product"}],"replies":[{"embeddable":true,"href":"https:\/\/revolutionpadelstore.com\/fr\/wp-json\/wp\/v2\/comments?post=72821"}],"wp:featuredmedia":[{"embeddable":true,"href":"https:\/\/revolutionpadelstore.com\/fr\/wp-json\/wp\/v2\/media\/71278"}],"wp:attachment":[{"href":"https:\/\/revolutionpadelstore.com\/fr\/wp-json\/wp\/v2\/media?parent=72821"}],"wp:term":[{"taxonomy":"acabado","embeddable":true,"href":"https:\/\/revolutionpadelstore.com\/fr\/wp-json\/wp\/v2\/acabado?post=72821"},{"taxonomy":"balance","embeddable":true,"href":"https:\/\/revolutionpadelstore.com\/fr\/wp-json\/wp\/v2\/balance?post=72821"},{"taxonomy":"dureza","embeddable":true,"href":"https:\/\/revolutionpadelstore.com\/fr\/wp-json\/wp\/v2\/dureza?post=72821"},{"taxonomy":"forma","embeddable":true,"href":"https:\/\/revolutionpadelstore.com\/fr\/wp-json\/wp\/v2\/forma?post=72821"},{"taxonomy":"jugador","embeddable":true,"href":"https:\/\/revolutionpadelstore.com\/fr\/wp-json\/wp\/v2\/jugador?post=72821"},{"taxonomy":"marca","embeddable":true,"href":"https:\/\/revolutionpadelstore.com\/fr\/wp-json\/wp\/v2\/marca?post=72821"},{"taxonomy":"nivel-de-juego","embeddable":true,"href":"https:\/\/revolutionpadelstore.com\/fr\/wp-json\/wp\/v2\/nivel-de-juego?post=72821"},{"taxonomy":"superficie","embeddable":true,"href":"https:\/\/revolutionpadelstore.com\/fr\/wp-json\/wp\/v2\/superficie?post=72821"},{"taxonomy":"tipo-de-juego","embeddable":true,"href":"https:\/\/revolutionpadelstore.com\/fr\/wp-json\/wp\/v2\/tipo-de-juego?post=72821"},{"taxonomy":"product_brand","embeddable":true,"href":"https:\/\/revolutionpadelstore.com\/fr\/wp-json\/wp\/v2\/product_brand?post=72821"},{"taxonomy":"product_cat","embeddable":true,"href":"https:\/\/revolutionpadelstore.com\/fr\/wp-json\/wp\/v2\/product_cat?post=72821"},{"taxonomy":"product_tag","embeddable":true,"href":"https:\/\/revolutionpadelstore.com\/fr\/wp-json\/wp\/v2\/product_tag?post=72821"}],"curies":[{"name":"wp","href":"https:\/\/api.w.org\/{rel}","templated":true}]}}