{"id":72806,"date":"2024-09-16T08:19:19","date_gmt":"2024-09-16T06:19:19","guid":{"rendered":"https:\/\/revolutionpadelstore.com\/munequeras-wilson-bela-extra-wide-white\/"},"modified":"2026-04-08T10:39:07","modified_gmt":"2026-04-08T08:39:07","slug":"munequeras-wilson-bela-extra-wide-white-3","status":"publish","type":"product","link":"https:\/\/revolutionpadelstore.com\/fr\/produit\/munequeras-wilson-bela-extra-wide-white-3\/","title":{"rendered":"MU\u00d1EQUERAS WILSON BELA EXTRA WIDE WHITE"},"content":{"rendered":"<p>Le bracelet blanc extra-large Wilson Bela est indispensable si nous voulons garder la sueur sur nos bras et notre front au sec. Haute respirabilit\u00e9 et haut niveau de confort. La signature de Belasteguin lui donne une touche plus cool.<\/p>\n<p>Non seulement il porte le &#8220;W&#8221; et la signature de Bela brod\u00e9s avec une touche d&#8217;\u00e9l\u00e9gance diff\u00e9rente, mais il est fabriqu\u00e9 avec une combinaison de coton, nylon et lucra qui le rend tr\u00e8s confortable \u00e0 porter et avec un haut niveau de respirabilit\u00e9 m\u00eame dans le les journ\u00e9es les plus chaudes et les matchs les plus intenses.<\/p>\n<p><strong>Que la transpiration ne soit pas un probl\u00e8me dans votre jeu.<\/strong><\/p>\n","protected":false},"excerpt":{"rendered":"<p>Le bracelet blanc extra-large Wilson Bela est indispensable si nous voulons garder la sueur sur nos bras et notre front au sec. Haute respirabilit\u00e9 et haut niveau de confort.<\/p>\n","protected":false},"featured_media":71484,"comment_status":"open","ping_status":"closed","template":"","meta":{"_acf_changed":false,"_joinchat":[]},"acabado":[],"balance":[],"dureza":[],"forma":[],"jugador":[],"marca":[1267],"nivel-de-juego":[],"superficie":[],"tipo-de-juego":[],"product_brand":[],"product_cat":[561],"product_tag":[],"class_list":{"0":"post-72806","1":"product","2":"type-product","3":"status-publish","4":"has-post-thumbnail","6":"marca-wilson-fr","7":"product_cat-accessoires","9":"first","10":"outofstock","11":"sale","12":"taxable","13":"shipping-taxable","14":"purchasable","15":"product-type-simple"},"acf":[],"yoast_head":"<!-- This site is optimized with the Yoast SEO plugin v27.4 - https:\/\/yoast.com\/product\/yoast-seo-wordpress\/ -->\n<title>MU\u00d1EQUERAS WILSON BELA EXTRA WIDE WHITE - Revolution Padel Store<\/title>\n<meta name=\"description\" content=\"La mu\u00f1equera Wilson Bela extra-ancha color blanca es una imprescindible si queremos mantener el sudor de nuestros brazos y frente secos. Alta capacidad de transpiraci\u00f3n y un alto nivel de confort.\" \/>\n<meta name=\"robots\" content=\"index, follow, max-snippet:-1, max-image-preview:large, max-video-preview:-1\" \/>\n<link rel=\"canonical\" href=\"https:\/\/revolutionpadelstore.com\/fr\/produit\/munequeras-wilson-bela-extra-wide-white-3\/\" \/>\n<meta property=\"og:locale\" content=\"fr_FR\" \/>\n<meta property=\"og:type\" content=\"article\" \/>\n<meta property=\"og:title\" content=\"MU\u00d1EQUERAS WILSON BELA EXTRA WIDE WHITE - Revolution Padel Store\" \/>\n<meta property=\"og:description\" content=\"La mu\u00f1equera Wilson Bela extra-ancha color blanca es una imprescindible si queremos mantener el sudor de nuestros brazos y frente secos. Alta capacidad de transpiraci\u00f3n y un alto nivel de confort.\" \/>\n<meta property=\"og:url\" content=\"https:\/\/revolutionpadelstore.com\/fr\/produit\/munequeras-wilson-bela-extra-wide-white-3\/\" \/>\n<meta property=\"og:site_name\" content=\"Revolution Padel Store\" \/>\n<meta property=\"article:modified_time\" content=\"2026-04-08T08:39:07+00:00\" \/>\n<meta property=\"og:image\" content=\"https:\/\/revolutionpadelstore.com\/wp-content\/uploads\/2024\/09\/munequeras-wilson-bela-extra-wide-white.webp\" \/>\n\t<meta property=\"og:image:width\" content=\"1100\" \/>\n\t<meta property=\"og:image:height\" content=\"1422\" \/>\n\t<meta property=\"og:image:type\" content=\"image\/webp\" \/>\n<meta name=\"twitter:card\" content=\"summary_large_image\" \/>\n<meta name=\"twitter:label1\" content=\"Dur\u00e9e de lecture estim\u00e9e\" \/>\n\t<meta name=\"twitter:data1\" content=\"1 minute\" \/>\n<script type=\"application\/ld+json\" class=\"yoast-schema-graph\">{\"@context\":\"https:\\\/\\\/schema.org\",\"@graph\":[{\"@type\":\"WebPage\",\"@id\":\"https:\\\/\\\/revolutionpadelstore.com\\\/fr\\\/produit\\\/munequeras-wilson-bela-extra-wide-white-3\\\/\",\"url\":\"https:\\\/\\\/revolutionpadelstore.com\\\/fr\\\/produit\\\/munequeras-wilson-bela-extra-wide-white-3\\\/\",\"name\":\"MU\u00d1EQUERAS WILSON BELA EXTRA WIDE WHITE - Revolution Padel Store\",\"isPartOf\":{\"@id\":\"https:\\\/\\\/revolutionpadelstore.com\\\/fr\\\/#website\"},\"primaryImageOfPage\":{\"@id\":\"https:\\\/\\\/revolutionpadelstore.com\\\/fr\\\/produit\\\/munequeras-wilson-bela-extra-wide-white-3\\\/#primaryimage\"},\"image\":{\"@id\":\"https:\\\/\\\/revolutionpadelstore.com\\\/fr\\\/produit\\\/munequeras-wilson-bela-extra-wide-white-3\\\/#primaryimage\"},\"thumbnailUrl\":\"https:\\\/\\\/revolutionpadelstore.com\\\/wp-content\\\/uploads\\\/2024\\\/09\\\/munequeras-wilson-bela-extra-wide-white.webp\",\"datePublished\":\"2024-09-16T06:19:19+00:00\",\"dateModified\":\"2026-04-08T08:39:07+00:00\",\"description\":\"La mu\u00f1equera Wilson Bela extra-ancha color blanca es una imprescindible si queremos mantener el sudor de nuestros brazos y frente secos. Alta capacidad de transpiraci\u00f3n y un alto nivel de confort.\",\"breadcrumb\":{\"@id\":\"https:\\\/\\\/revolutionpadelstore.com\\\/fr\\\/produit\\\/munequeras-wilson-bela-extra-wide-white-3\\\/#breadcrumb\"},\"inLanguage\":\"fr-FR\",\"potentialAction\":[{\"@type\":\"ReadAction\",\"target\":[\"https:\\\/\\\/revolutionpadelstore.com\\\/fr\\\/produit\\\/munequeras-wilson-bela-extra-wide-white-3\\\/\"]}]},{\"@type\":\"ImageObject\",\"inLanguage\":\"fr-FR\",\"@id\":\"https:\\\/\\\/revolutionpadelstore.com\\\/fr\\\/produit\\\/munequeras-wilson-bela-extra-wide-white-3\\\/#primaryimage\",\"url\":\"https:\\\/\\\/revolutionpadelstore.com\\\/wp-content\\\/uploads\\\/2024\\\/09\\\/munequeras-wilson-bela-extra-wide-white.webp\",\"contentUrl\":\"https:\\\/\\\/revolutionpadelstore.com\\\/wp-content\\\/uploads\\\/2024\\\/09\\\/munequeras-wilson-bela-extra-wide-white.webp\",\"width\":1100,\"height\":1422},{\"@type\":\"BreadcrumbList\",\"@id\":\"https:\\\/\\\/revolutionpadelstore.com\\\/fr\\\/produit\\\/munequeras-wilson-bela-extra-wide-white-3\\\/#breadcrumb\",\"itemListElement\":[{\"@type\":\"ListItem\",\"position\":1,\"name\":\"Portada\",\"item\":\"https:\\\/\\\/revolutionpadelstore.com\\\/fr\\\/\"},{\"@type\":\"ListItem\",\"position\":2,\"name\":\"Boutique\",\"item\":\"https:\\\/\\\/revolutionpadelstore.com\\\/fr\\\/tienda\\\/\"},{\"@type\":\"ListItem\",\"position\":3,\"name\":\"MU\u00d1EQUERAS WILSON BELA EXTRA WIDE WHITE\"}]},{\"@type\":\"WebSite\",\"@id\":\"https:\\\/\\\/revolutionpadelstore.com\\\/fr\\\/#website\",\"url\":\"https:\\\/\\\/revolutionpadelstore.com\\\/fr\\\/\",\"name\":\"Revolution Padel Store\",\"description\":\"\",\"publisher\":{\"@id\":\"https:\\\/\\\/revolutionpadelstore.com\\\/fr\\\/#organization\"},\"potentialAction\":[{\"@type\":\"SearchAction\",\"target\":{\"@type\":\"EntryPoint\",\"urlTemplate\":\"https:\\\/\\\/revolutionpadelstore.com\\\/fr\\\/?s={search_term_string}\"},\"query-input\":{\"@type\":\"PropertyValueSpecification\",\"valueRequired\":true,\"valueName\":\"search_term_string\"}}],\"inLanguage\":\"fr-FR\"},{\"@type\":\"Organization\",\"@id\":\"https:\\\/\\\/revolutionpadelstore.com\\\/fr\\\/#organization\",\"name\":\"Revolution Padel Store\",\"url\":\"https:\\\/\\\/revolutionpadelstore.com\\\/fr\\\/\",\"logo\":{\"@type\":\"ImageObject\",\"inLanguage\":\"fr-FR\",\"@id\":\"https:\\\/\\\/revolutionpadelstore.com\\\/fr\\\/#\\\/schema\\\/logo\\\/image\\\/\",\"url\":\"https:\\\/\\\/revolutionpadelstore.com\\\/wp-content\\\/uploads\\\/2026\\\/02\\\/revolution-padel-store.jpg\",\"contentUrl\":\"https:\\\/\\\/revolutionpadelstore.com\\\/wp-content\\\/uploads\\\/2026\\\/02\\\/revolution-padel-store.jpg\",\"width\":2000,\"height\":2000,\"caption\":\"Revolution Padel Store\"},\"image\":{\"@id\":\"https:\\\/\\\/revolutionpadelstore.com\\\/fr\\\/#\\\/schema\\\/logo\\\/image\\\/\"},\"sameAs\":[\"https:\\\/\\\/www.instagram.com\\\/revolutionpadelstore\\\/\"]}]}<\/script>\n<!-- \/ Yoast SEO plugin. -->","yoast_head_json":{"title":"MU\u00d1EQUERAS WILSON BELA EXTRA WIDE WHITE - Revolution Padel Store","description":"La mu\u00f1equera Wilson Bela extra-ancha color blanca es una imprescindible si queremos mantener el sudor de nuestros brazos y frente secos. Alta capacidad de transpiraci\u00f3n y un alto nivel de confort.","robots":{"index":"index","follow":"follow","max-snippet":"max-snippet:-1","max-image-preview":"max-image-preview:large","max-video-preview":"max-video-preview:-1"},"canonical":"https:\/\/revolutionpadelstore.com\/fr\/produit\/munequeras-wilson-bela-extra-wide-white-3\/","og_locale":"fr_FR","og_type":"article","og_title":"MU\u00d1EQUERAS WILSON BELA EXTRA WIDE WHITE - Revolution Padel Store","og_description":"La mu\u00f1equera Wilson Bela extra-ancha color blanca es una imprescindible si queremos mantener el sudor de nuestros brazos y frente secos. Alta capacidad de transpiraci\u00f3n y un alto nivel de confort.","og_url":"https:\/\/revolutionpadelstore.com\/fr\/produit\/munequeras-wilson-bela-extra-wide-white-3\/","og_site_name":"Revolution Padel Store","article_modified_time":"2026-04-08T08:39:07+00:00","og_image":[{"width":1100,"height":1422,"url":"https:\/\/revolutionpadelstore.com\/wp-content\/uploads\/2024\/09\/munequeras-wilson-bela-extra-wide-white.webp","type":"image\/webp"}],"twitter_card":"summary_large_image","twitter_misc":{"Dur\u00e9e de lecture estim\u00e9e":"1 minute"},"schema":{"@context":"https:\/\/schema.org","@graph":[{"@type":"WebPage","@id":"https:\/\/revolutionpadelstore.com\/fr\/produit\/munequeras-wilson-bela-extra-wide-white-3\/","url":"https:\/\/revolutionpadelstore.com\/fr\/produit\/munequeras-wilson-bela-extra-wide-white-3\/","name":"MU\u00d1EQUERAS WILSON BELA EXTRA WIDE WHITE - Revolution Padel Store","isPartOf":{"@id":"https:\/\/revolutionpadelstore.com\/fr\/#website"},"primaryImageOfPage":{"@id":"https:\/\/revolutionpadelstore.com\/fr\/produit\/munequeras-wilson-bela-extra-wide-white-3\/#primaryimage"},"image":{"@id":"https:\/\/revolutionpadelstore.com\/fr\/produit\/munequeras-wilson-bela-extra-wide-white-3\/#primaryimage"},"thumbnailUrl":"https:\/\/revolutionpadelstore.com\/wp-content\/uploads\/2024\/09\/munequeras-wilson-bela-extra-wide-white.webp","datePublished":"2024-09-16T06:19:19+00:00","dateModified":"2026-04-08T08:39:07+00:00","description":"La mu\u00f1equera Wilson Bela extra-ancha color blanca es una imprescindible si queremos mantener el sudor de nuestros brazos y frente secos. Alta capacidad de transpiraci\u00f3n y un alto nivel de confort.","breadcrumb":{"@id":"https:\/\/revolutionpadelstore.com\/fr\/produit\/munequeras-wilson-bela-extra-wide-white-3\/#breadcrumb"},"inLanguage":"fr-FR","potentialAction":[{"@type":"ReadAction","target":["https:\/\/revolutionpadelstore.com\/fr\/produit\/munequeras-wilson-bela-extra-wide-white-3\/"]}]},{"@type":"ImageObject","inLanguage":"fr-FR","@id":"https:\/\/revolutionpadelstore.com\/fr\/produit\/munequeras-wilson-bela-extra-wide-white-3\/#primaryimage","url":"https:\/\/revolutionpadelstore.com\/wp-content\/uploads\/2024\/09\/munequeras-wilson-bela-extra-wide-white.webp","contentUrl":"https:\/\/revolutionpadelstore.com\/wp-content\/uploads\/2024\/09\/munequeras-wilson-bela-extra-wide-white.webp","width":1100,"height":1422},{"@type":"BreadcrumbList","@id":"https:\/\/revolutionpadelstore.com\/fr\/produit\/munequeras-wilson-bela-extra-wide-white-3\/#breadcrumb","itemListElement":[{"@type":"ListItem","position":1,"name":"Portada","item":"https:\/\/revolutionpadelstore.com\/fr\/"},{"@type":"ListItem","position":2,"name":"Boutique","item":"https:\/\/revolutionpadelstore.com\/fr\/tienda\/"},{"@type":"ListItem","position":3,"name":"MU\u00d1EQUERAS WILSON BELA EXTRA WIDE WHITE"}]},{"@type":"WebSite","@id":"https:\/\/revolutionpadelstore.com\/fr\/#website","url":"https:\/\/revolutionpadelstore.com\/fr\/","name":"Revolution Padel Store","description":"","publisher":{"@id":"https:\/\/revolutionpadelstore.com\/fr\/#organization"},"potentialAction":[{"@type":"SearchAction","target":{"@type":"EntryPoint","urlTemplate":"https:\/\/revolutionpadelstore.com\/fr\/?s={search_term_string}"},"query-input":{"@type":"PropertyValueSpecification","valueRequired":true,"valueName":"search_term_string"}}],"inLanguage":"fr-FR"},{"@type":"Organization","@id":"https:\/\/revolutionpadelstore.com\/fr\/#organization","name":"Revolution Padel Store","url":"https:\/\/revolutionpadelstore.com\/fr\/","logo":{"@type":"ImageObject","inLanguage":"fr-FR","@id":"https:\/\/revolutionpadelstore.com\/fr\/#\/schema\/logo\/image\/","url":"https:\/\/revolutionpadelstore.com\/wp-content\/uploads\/2026\/02\/revolution-padel-store.jpg","contentUrl":"https:\/\/revolutionpadelstore.com\/wp-content\/uploads\/2026\/02\/revolution-padel-store.jpg","width":2000,"height":2000,"caption":"Revolution Padel Store"},"image":{"@id":"https:\/\/revolutionpadelstore.com\/fr\/#\/schema\/logo\/image\/"},"sameAs":["https:\/\/www.instagram.com\/revolutionpadelstore\/"]}]}},"_links":{"self":[{"href":"https:\/\/revolutionpadelstore.com\/fr\/wp-json\/wp\/v2\/product\/72806","targetHints":{"allow":["GET"]}}],"collection":[{"href":"https:\/\/revolutionpadelstore.com\/fr\/wp-json\/wp\/v2\/product"}],"about":[{"href":"https:\/\/revolutionpadelstore.com\/fr\/wp-json\/wp\/v2\/types\/product"}],"replies":[{"embeddable":true,"href":"https:\/\/revolutionpadelstore.com\/fr\/wp-json\/wp\/v2\/comments?post=72806"}],"wp:featuredmedia":[{"embeddable":true,"href":"https:\/\/revolutionpadelstore.com\/fr\/wp-json\/wp\/v2\/media\/71484"}],"wp:attachment":[{"href":"https:\/\/revolutionpadelstore.com\/fr\/wp-json\/wp\/v2\/media?parent=72806"}],"wp:term":[{"taxonomy":"acabado","embeddable":true,"href":"https:\/\/revolutionpadelstore.com\/fr\/wp-json\/wp\/v2\/acabado?post=72806"},{"taxonomy":"balance","embeddable":true,"href":"https:\/\/revolutionpadelstore.com\/fr\/wp-json\/wp\/v2\/balance?post=72806"},{"taxonomy":"dureza","embeddable":true,"href":"https:\/\/revolutionpadelstore.com\/fr\/wp-json\/wp\/v2\/dureza?post=72806"},{"taxonomy":"forma","embeddable":true,"href":"https:\/\/revolutionpadelstore.com\/fr\/wp-json\/wp\/v2\/forma?post=72806"},{"taxonomy":"jugador","embeddable":true,"href":"https:\/\/revolutionpadelstore.com\/fr\/wp-json\/wp\/v2\/jugador?post=72806"},{"taxonomy":"marca","embeddable":true,"href":"https:\/\/revolutionpadelstore.com\/fr\/wp-json\/wp\/v2\/marca?post=72806"},{"taxonomy":"nivel-de-juego","embeddable":true,"href":"https:\/\/revolutionpadelstore.com\/fr\/wp-json\/wp\/v2\/nivel-de-juego?post=72806"},{"taxonomy":"superficie","embeddable":true,"href":"https:\/\/revolutionpadelstore.com\/fr\/wp-json\/wp\/v2\/superficie?post=72806"},{"taxonomy":"tipo-de-juego","embeddable":true,"href":"https:\/\/revolutionpadelstore.com\/fr\/wp-json\/wp\/v2\/tipo-de-juego?post=72806"},{"taxonomy":"product_brand","embeddable":true,"href":"https:\/\/revolutionpadelstore.com\/fr\/wp-json\/wp\/v2\/product_brand?post=72806"},{"taxonomy":"product_cat","embeddable":true,"href":"https:\/\/revolutionpadelstore.com\/fr\/wp-json\/wp\/v2\/product_cat?post=72806"},{"taxonomy":"product_tag","embeddable":true,"href":"https:\/\/revolutionpadelstore.com\/fr\/wp-json\/wp\/v2\/product_tag?post=72806"}],"curies":[{"name":"wp","href":"https:\/\/api.w.org\/{rel}","templated":true}]}}