{"id":72796,"date":"2024-09-22T19:45:17","date_gmt":"2024-09-22T17:45:17","guid":{"rendered":"https:\/\/revolutionpadelstore.com\/bullpadel-vertex-04-25-w\/"},"modified":"2026-04-08T10:38:40","modified_gmt":"2026-04-08T08:38:40","slug":"bullpadel-vertex-04-25-w","status":"publish","type":"product","link":"https:\/\/revolutionpadelstore.com\/fr\/produit\/bullpadel-vertex-04-25-w\/","title":{"rendered":"BULLPADEL VERTEX 04 25 W"},"content":{"rendered":"<h2>Bullpadel Vertex 04 25 W, la puissance au service des joueuses<\/h2>\n<p>La raquette Bullpadel Vertex 04, de la collection 2025, sera l&#8217;une des raquettes pour femmes les plus puissantes du march\u00e9. C&#8217;est celui choisi par le joueur professionnel Delfi Brea. Son design sportif et moderne est parfait pour donner \u00e0 votre look un style tr\u00e8s personnalis\u00e9. Son poids, qui oscille entre 340 et 360 grammes, le rend tr\u00e8s <strong>maniable<\/strong> et <strong>l\u00e9ger<\/strong>.<\/p>\n<h2>Bullpadel Vertex 04 25 W, haute performance sur le terrain<\/h2>\n<p>Con\u00e7u pour les joueurs de niveau expert, ce Vertex 04 a une forme en diamant et un \u00e9quilibre \u00e9lev\u00e9, qui fournit une puissance maximale, sans perdre le contr\u00f4le du ballon. Cette raquette performante vous aidera \u00e0 am\u00e9liorer votre niveau, tout en \u00e9tant d\u00e9cisif \u00e0 chaque point. De plus, vous b\u00e9n\u00e9ficierez d&#8217;une meilleure adh\u00e9rence et d&#8217;une meilleure rotation de la balle, gr\u00e2ce \u00e0 la surface rugueuse Topspin.<\/p>\n<h2>Caract\u00e9ristiques Bullpadel Vertex 04 25 W<\/h2>\n<p>Ce Bullpadel Vertex 04 pr\u00e9sente de nouvelles fonctionnalit\u00e9s dans le cadre. D&#8217;une part, le <strong>syst\u00e8me Curvatik<\/strong>, une structure qui offre une <strong>plus grande r\u00e9sistance<\/strong> aux torsions. Une section a \u00e9t\u00e9 introduite sur le c\u00f4t\u00e9 de la pale, plus petite que dans le Vertex 03, ce qui augmente la <strong>rigidit\u00e9<\/strong> et permet d&#8217;obtenir une <strong>meilleure transmission<\/strong> des contraintes. Ce syst\u00e8me est li\u00e9 \u00e0 l&#8217;<strong>Air Power<\/strong>, un canal g\u00e9n\u00e9r\u00e9 dans une pi\u00e8ce creuse, en bas, avec laquelle la structure est renforc\u00e9e.<\/p>\n<p>Le noyau externe est en <strong>fibre hybride Fibrix<\/strong>, le noyau interne est en <strong>MultiEva<\/strong> et le cadre tubulaire est en <strong>CarbonTube<\/strong> en 100% carbone. . De plus, il comporte le nouveau c\u0153ur Vertex.<\/p>\n<h2>Bullpadel Vertex 04 25 W, potencia al servicio de las jugadoras<\/h2>\n","protected":false},"excerpt":{"rendered":"<p>La raquette Bullpadel Vertex 04, de la collection 2025, sera l&#8217;une des raquettes pour femmes les plus puissantes du march\u00e9. C&#8217;est celui choisi par le joueur professionnel, Delfi Brea <\/p>\n","protected":false},"featured_media":99982,"comment_status":"open","ping_status":"closed","template":"","meta":{"_acf_changed":false,"_joinchat":[]},"acabado":[1107,1097],"balance":[1137],"dureza":[1157],"forma":[1172],"jugador":[1197],"marca":[1257],"nivel-de-juego":[1337,1347],"superficie":[1362],"tipo-de-juego":[1377],"product_brand":[],"product_cat":[302],"product_tag":[],"class_list":{"0":"post-72796","1":"product","2":"type-product","3":"status-publish","4":"has-post-thumbnail","6":"acabado-brut","7":"acabado-sable","8":"balance-eleve","9":"dureza-media-fr","10":"forma-diamant","11":"jugador-mujer-fr","12":"marca-bullpadel-fr","13":"superficie-rugosa-fr","14":"tipo-de-juego-puissance","15":"product_cat-palas-de-padel-fr","17":"first","18":"instock","19":"sale","20":"taxable","21":"shipping-taxable","22":"purchasable","23":"product-type-simple"},"acf":[],"yoast_head":"<!-- This site is optimized with the Yoast SEO plugin v27.3 - https:\/\/yoast.com\/product\/yoast-seo-wordpress\/ -->\n<title>BULLPADEL VERTEX 04 25 W - Revolution Padel Store<\/title>\n<meta name=\"description\" content=\"La\u00a0pala Bullpadel Vertex 04, de la colecci\u00f3n para 2025, ser\u00e1 una de las palas para mujer m\u00e1s\u00a0potentes\u00a0del mercado. Es la elegida por la jugadora profesional,\u00a0Delfi Brea. Su dise\u00f1o, deportivo y moderno, es perfecto para dar a tu look, un estilo muy personalizado. Su peso, que oscila entre los 340 y 360 gramos, la hacen muy\u00a0manejable\u00a0y\u00a0ligera.\" \/>\n<meta name=\"robots\" content=\"index, follow, max-snippet:-1, max-image-preview:large, max-video-preview:-1\" \/>\n<link rel=\"canonical\" href=\"https:\/\/revolutionpadelstore.com\/fr\/produit\/bullpadel-vertex-04-25-w\/\" \/>\n<meta property=\"og:locale\" content=\"fr_FR\" \/>\n<meta property=\"og:type\" content=\"article\" \/>\n<meta property=\"og:title\" content=\"BULLPADEL VERTEX 04 25 W - Revolution Padel Store\" \/>\n<meta property=\"og:description\" content=\"La\u00a0pala Bullpadel Vertex 04, de la colecci\u00f3n para 2025, ser\u00e1 una de las palas para mujer m\u00e1s\u00a0potentes\u00a0del mercado. Es la elegida por la jugadora profesional,\u00a0Delfi Brea. Su dise\u00f1o, deportivo y moderno, es perfecto para dar a tu look, un estilo muy personalizado. Su peso, que oscila entre los 340 y 360 gramos, la hacen muy\u00a0manejable\u00a0y\u00a0ligera.\" \/>\n<meta property=\"og:url\" content=\"https:\/\/revolutionpadelstore.com\/fr\/produit\/bullpadel-vertex-04-25-w\/\" \/>\n<meta property=\"og:site_name\" content=\"Revolution Padel Store\" \/>\n<meta property=\"article:modified_time\" content=\"2026-04-08T08:38:40+00:00\" \/>\n<meta property=\"og:image\" content=\"https:\/\/revolutionpadelstore.com\/wp-content\/uploads\/2024\/09\/113774_pala_bullpadel_vertex_04_w_25_448118_mujer_1500x1500_1_bbd1.webp\" \/>\n\t<meta property=\"og:image:width\" content=\"1500\" \/>\n\t<meta property=\"og:image:height\" content=\"1500\" \/>\n\t<meta property=\"og:image:type\" content=\"image\/webp\" \/>\n<meta name=\"twitter:card\" content=\"summary_large_image\" \/>\n<meta name=\"twitter:label1\" content=\"Dur\u00e9e de lecture estim\u00e9e\" \/>\n\t<meta name=\"twitter:data1\" content=\"2 minutes\" \/>\n<script type=\"application\/ld+json\" class=\"yoast-schema-graph\">{\"@context\":\"https:\\\/\\\/schema.org\",\"@graph\":[{\"@type\":\"WebPage\",\"@id\":\"https:\\\/\\\/revolutionpadelstore.com\\\/fr\\\/produit\\\/bullpadel-vertex-04-25-w\\\/\",\"url\":\"https:\\\/\\\/revolutionpadelstore.com\\\/fr\\\/produit\\\/bullpadel-vertex-04-25-w\\\/\",\"name\":\"BULLPADEL VERTEX 04 25 W - Revolution Padel Store\",\"isPartOf\":{\"@id\":\"https:\\\/\\\/revolutionpadelstore.com\\\/fr\\\/#website\"},\"primaryImageOfPage\":{\"@id\":\"https:\\\/\\\/revolutionpadelstore.com\\\/fr\\\/produit\\\/bullpadel-vertex-04-25-w\\\/#primaryimage\"},\"image\":{\"@id\":\"https:\\\/\\\/revolutionpadelstore.com\\\/fr\\\/produit\\\/bullpadel-vertex-04-25-w\\\/#primaryimage\"},\"thumbnailUrl\":\"https:\\\/\\\/revolutionpadelstore.com\\\/wp-content\\\/uploads\\\/2024\\\/09\\\/113774_pala_bullpadel_vertex_04_w_25_448118_mujer_1500x1500_1_bbd1.webp\",\"datePublished\":\"2024-09-22T17:45:17+00:00\",\"dateModified\":\"2026-04-08T08:38:40+00:00\",\"description\":\"La\u00a0pala Bullpadel Vertex 04, de la colecci\u00f3n para 2025, ser\u00e1 una de las palas para mujer m\u00e1s\u00a0potentes\u00a0del mercado. Es la elegida por la jugadora profesional,\u00a0Delfi Brea. Su dise\u00f1o, deportivo y moderno, es perfecto para dar a tu look, un estilo muy personalizado. Su peso, que oscila entre los 340 y 360 gramos, la hacen muy\u00a0manejable\u00a0y\u00a0ligera.\",\"breadcrumb\":{\"@id\":\"https:\\\/\\\/revolutionpadelstore.com\\\/fr\\\/produit\\\/bullpadel-vertex-04-25-w\\\/#breadcrumb\"},\"inLanguage\":\"fr-FR\",\"potentialAction\":[{\"@type\":\"ReadAction\",\"target\":[\"https:\\\/\\\/revolutionpadelstore.com\\\/fr\\\/produit\\\/bullpadel-vertex-04-25-w\\\/\"]}]},{\"@type\":\"ImageObject\",\"inLanguage\":\"fr-FR\",\"@id\":\"https:\\\/\\\/revolutionpadelstore.com\\\/fr\\\/produit\\\/bullpadel-vertex-04-25-w\\\/#primaryimage\",\"url\":\"https:\\\/\\\/revolutionpadelstore.com\\\/wp-content\\\/uploads\\\/2024\\\/09\\\/113774_pala_bullpadel_vertex_04_w_25_448118_mujer_1500x1500_1_bbd1.webp\",\"contentUrl\":\"https:\\\/\\\/revolutionpadelstore.com\\\/wp-content\\\/uploads\\\/2024\\\/09\\\/113774_pala_bullpadel_vertex_04_w_25_448118_mujer_1500x1500_1_bbd1.webp\",\"width\":1500,\"height\":1500},{\"@type\":\"BreadcrumbList\",\"@id\":\"https:\\\/\\\/revolutionpadelstore.com\\\/fr\\\/produit\\\/bullpadel-vertex-04-25-w\\\/#breadcrumb\",\"itemListElement\":[{\"@type\":\"ListItem\",\"position\":1,\"name\":\"Portada\",\"item\":\"https:\\\/\\\/revolutionpadelstore.com\\\/fr\\\/\"},{\"@type\":\"ListItem\",\"position\":2,\"name\":\"Boutique\",\"item\":\"https:\\\/\\\/revolutionpadelstore.com\\\/fr\\\/tienda\\\/\"},{\"@type\":\"ListItem\",\"position\":3,\"name\":\"BULLPADEL VERTEX 04 25 W\"}]},{\"@type\":\"WebSite\",\"@id\":\"https:\\\/\\\/revolutionpadelstore.com\\\/fr\\\/#website\",\"url\":\"https:\\\/\\\/revolutionpadelstore.com\\\/fr\\\/\",\"name\":\"Revolution Padel Store\",\"description\":\"\",\"publisher\":{\"@id\":\"https:\\\/\\\/revolutionpadelstore.com\\\/fr\\\/#organization\"},\"potentialAction\":[{\"@type\":\"SearchAction\",\"target\":{\"@type\":\"EntryPoint\",\"urlTemplate\":\"https:\\\/\\\/revolutionpadelstore.com\\\/fr\\\/?s={search_term_string}\"},\"query-input\":{\"@type\":\"PropertyValueSpecification\",\"valueRequired\":true,\"valueName\":\"search_term_string\"}}],\"inLanguage\":\"fr-FR\"},{\"@type\":\"Organization\",\"@id\":\"https:\\\/\\\/revolutionpadelstore.com\\\/fr\\\/#organization\",\"name\":\"Revolution Padel Store\",\"url\":\"https:\\\/\\\/revolutionpadelstore.com\\\/fr\\\/\",\"logo\":{\"@type\":\"ImageObject\",\"inLanguage\":\"fr-FR\",\"@id\":\"https:\\\/\\\/revolutionpadelstore.com\\\/fr\\\/#\\\/schema\\\/logo\\\/image\\\/\",\"url\":\"https:\\\/\\\/revolutionpadelstore.com\\\/wp-content\\\/uploads\\\/2026\\\/02\\\/revolution-padel-store.jpg\",\"contentUrl\":\"https:\\\/\\\/revolutionpadelstore.com\\\/wp-content\\\/uploads\\\/2026\\\/02\\\/revolution-padel-store.jpg\",\"width\":2000,\"height\":2000,\"caption\":\"Revolution Padel Store\"},\"image\":{\"@id\":\"https:\\\/\\\/revolutionpadelstore.com\\\/fr\\\/#\\\/schema\\\/logo\\\/image\\\/\"},\"sameAs\":[\"https:\\\/\\\/www.instagram.com\\\/revolutionpadelstore\\\/\"]}]}<\/script>\n<!-- \/ Yoast SEO plugin. -->","yoast_head_json":{"title":"BULLPADEL VERTEX 04 25 W - Revolution Padel Store","description":"La\u00a0pala Bullpadel Vertex 04, de la colecci\u00f3n para 2025, ser\u00e1 una de las palas para mujer m\u00e1s\u00a0potentes\u00a0del mercado. Es la elegida por la jugadora profesional,\u00a0Delfi Brea. Su dise\u00f1o, deportivo y moderno, es perfecto para dar a tu look, un estilo muy personalizado. Su peso, que oscila entre los 340 y 360 gramos, la hacen muy\u00a0manejable\u00a0y\u00a0ligera.","robots":{"index":"index","follow":"follow","max-snippet":"max-snippet:-1","max-image-preview":"max-image-preview:large","max-video-preview":"max-video-preview:-1"},"canonical":"https:\/\/revolutionpadelstore.com\/fr\/produit\/bullpadel-vertex-04-25-w\/","og_locale":"fr_FR","og_type":"article","og_title":"BULLPADEL VERTEX 04 25 W - Revolution Padel Store","og_description":"La\u00a0pala Bullpadel Vertex 04, de la colecci\u00f3n para 2025, ser\u00e1 una de las palas para mujer m\u00e1s\u00a0potentes\u00a0del mercado. Es la elegida por la jugadora profesional,\u00a0Delfi Brea. Su dise\u00f1o, deportivo y moderno, es perfecto para dar a tu look, un estilo muy personalizado. Su peso, que oscila entre los 340 y 360 gramos, la hacen muy\u00a0manejable\u00a0y\u00a0ligera.","og_url":"https:\/\/revolutionpadelstore.com\/fr\/produit\/bullpadel-vertex-04-25-w\/","og_site_name":"Revolution Padel Store","article_modified_time":"2026-04-08T08:38:40+00:00","og_image":[{"width":1500,"height":1500,"url":"https:\/\/revolutionpadelstore.com\/wp-content\/uploads\/2024\/09\/113774_pala_bullpadel_vertex_04_w_25_448118_mujer_1500x1500_1_bbd1.webp","type":"image\/webp"}],"twitter_card":"summary_large_image","twitter_misc":{"Dur\u00e9e de lecture estim\u00e9e":"2 minutes"},"schema":{"@context":"https:\/\/schema.org","@graph":[{"@type":"WebPage","@id":"https:\/\/revolutionpadelstore.com\/fr\/produit\/bullpadel-vertex-04-25-w\/","url":"https:\/\/revolutionpadelstore.com\/fr\/produit\/bullpadel-vertex-04-25-w\/","name":"BULLPADEL VERTEX 04 25 W - Revolution Padel Store","isPartOf":{"@id":"https:\/\/revolutionpadelstore.com\/fr\/#website"},"primaryImageOfPage":{"@id":"https:\/\/revolutionpadelstore.com\/fr\/produit\/bullpadel-vertex-04-25-w\/#primaryimage"},"image":{"@id":"https:\/\/revolutionpadelstore.com\/fr\/produit\/bullpadel-vertex-04-25-w\/#primaryimage"},"thumbnailUrl":"https:\/\/revolutionpadelstore.com\/wp-content\/uploads\/2024\/09\/113774_pala_bullpadel_vertex_04_w_25_448118_mujer_1500x1500_1_bbd1.webp","datePublished":"2024-09-22T17:45:17+00:00","dateModified":"2026-04-08T08:38:40+00:00","description":"La\u00a0pala Bullpadel Vertex 04, de la colecci\u00f3n para 2025, ser\u00e1 una de las palas para mujer m\u00e1s\u00a0potentes\u00a0del mercado. Es la elegida por la jugadora profesional,\u00a0Delfi Brea. Su dise\u00f1o, deportivo y moderno, es perfecto para dar a tu look, un estilo muy personalizado. Su peso, que oscila entre los 340 y 360 gramos, la hacen muy\u00a0manejable\u00a0y\u00a0ligera.","breadcrumb":{"@id":"https:\/\/revolutionpadelstore.com\/fr\/produit\/bullpadel-vertex-04-25-w\/#breadcrumb"},"inLanguage":"fr-FR","potentialAction":[{"@type":"ReadAction","target":["https:\/\/revolutionpadelstore.com\/fr\/produit\/bullpadel-vertex-04-25-w\/"]}]},{"@type":"ImageObject","inLanguage":"fr-FR","@id":"https:\/\/revolutionpadelstore.com\/fr\/produit\/bullpadel-vertex-04-25-w\/#primaryimage","url":"https:\/\/revolutionpadelstore.com\/wp-content\/uploads\/2024\/09\/113774_pala_bullpadel_vertex_04_w_25_448118_mujer_1500x1500_1_bbd1.webp","contentUrl":"https:\/\/revolutionpadelstore.com\/wp-content\/uploads\/2024\/09\/113774_pala_bullpadel_vertex_04_w_25_448118_mujer_1500x1500_1_bbd1.webp","width":1500,"height":1500},{"@type":"BreadcrumbList","@id":"https:\/\/revolutionpadelstore.com\/fr\/produit\/bullpadel-vertex-04-25-w\/#breadcrumb","itemListElement":[{"@type":"ListItem","position":1,"name":"Portada","item":"https:\/\/revolutionpadelstore.com\/fr\/"},{"@type":"ListItem","position":2,"name":"Boutique","item":"https:\/\/revolutionpadelstore.com\/fr\/tienda\/"},{"@type":"ListItem","position":3,"name":"BULLPADEL VERTEX 04 25 W"}]},{"@type":"WebSite","@id":"https:\/\/revolutionpadelstore.com\/fr\/#website","url":"https:\/\/revolutionpadelstore.com\/fr\/","name":"Revolution Padel Store","description":"","publisher":{"@id":"https:\/\/revolutionpadelstore.com\/fr\/#organization"},"potentialAction":[{"@type":"SearchAction","target":{"@type":"EntryPoint","urlTemplate":"https:\/\/revolutionpadelstore.com\/fr\/?s={search_term_string}"},"query-input":{"@type":"PropertyValueSpecification","valueRequired":true,"valueName":"search_term_string"}}],"inLanguage":"fr-FR"},{"@type":"Organization","@id":"https:\/\/revolutionpadelstore.com\/fr\/#organization","name":"Revolution Padel Store","url":"https:\/\/revolutionpadelstore.com\/fr\/","logo":{"@type":"ImageObject","inLanguage":"fr-FR","@id":"https:\/\/revolutionpadelstore.com\/fr\/#\/schema\/logo\/image\/","url":"https:\/\/revolutionpadelstore.com\/wp-content\/uploads\/2026\/02\/revolution-padel-store.jpg","contentUrl":"https:\/\/revolutionpadelstore.com\/wp-content\/uploads\/2026\/02\/revolution-padel-store.jpg","width":2000,"height":2000,"caption":"Revolution Padel Store"},"image":{"@id":"https:\/\/revolutionpadelstore.com\/fr\/#\/schema\/logo\/image\/"},"sameAs":["https:\/\/www.instagram.com\/revolutionpadelstore\/"]}]}},"_links":{"self":[{"href":"https:\/\/revolutionpadelstore.com\/fr\/wp-json\/wp\/v2\/product\/72796","targetHints":{"allow":["GET"]}}],"collection":[{"href":"https:\/\/revolutionpadelstore.com\/fr\/wp-json\/wp\/v2\/product"}],"about":[{"href":"https:\/\/revolutionpadelstore.com\/fr\/wp-json\/wp\/v2\/types\/product"}],"replies":[{"embeddable":true,"href":"https:\/\/revolutionpadelstore.com\/fr\/wp-json\/wp\/v2\/comments?post=72796"}],"wp:featuredmedia":[{"embeddable":true,"href":"https:\/\/revolutionpadelstore.com\/fr\/wp-json\/wp\/v2\/media\/99982"}],"wp:attachment":[{"href":"https:\/\/revolutionpadelstore.com\/fr\/wp-json\/wp\/v2\/media?parent=72796"}],"wp:term":[{"taxonomy":"acabado","embeddable":true,"href":"https:\/\/revolutionpadelstore.com\/fr\/wp-json\/wp\/v2\/acabado?post=72796"},{"taxonomy":"balance","embeddable":true,"href":"https:\/\/revolutionpadelstore.com\/fr\/wp-json\/wp\/v2\/balance?post=72796"},{"taxonomy":"dureza","embeddable":true,"href":"https:\/\/revolutionpadelstore.com\/fr\/wp-json\/wp\/v2\/dureza?post=72796"},{"taxonomy":"forma","embeddable":true,"href":"https:\/\/revolutionpadelstore.com\/fr\/wp-json\/wp\/v2\/forma?post=72796"},{"taxonomy":"jugador","embeddable":true,"href":"https:\/\/revolutionpadelstore.com\/fr\/wp-json\/wp\/v2\/jugador?post=72796"},{"taxonomy":"marca","embeddable":true,"href":"https:\/\/revolutionpadelstore.com\/fr\/wp-json\/wp\/v2\/marca?post=72796"},{"taxonomy":"nivel-de-juego","embeddable":true,"href":"https:\/\/revolutionpadelstore.com\/fr\/wp-json\/wp\/v2\/nivel-de-juego?post=72796"},{"taxonomy":"superficie","embeddable":true,"href":"https:\/\/revolutionpadelstore.com\/fr\/wp-json\/wp\/v2\/superficie?post=72796"},{"taxonomy":"tipo-de-juego","embeddable":true,"href":"https:\/\/revolutionpadelstore.com\/fr\/wp-json\/wp\/v2\/tipo-de-juego?post=72796"},{"taxonomy":"product_brand","embeddable":true,"href":"https:\/\/revolutionpadelstore.com\/fr\/wp-json\/wp\/v2\/product_brand?post=72796"},{"taxonomy":"product_cat","embeddable":true,"href":"https:\/\/revolutionpadelstore.com\/fr\/wp-json\/wp\/v2\/product_cat?post=72796"},{"taxonomy":"product_tag","embeddable":true,"href":"https:\/\/revolutionpadelstore.com\/fr\/wp-json\/wp\/v2\/product_tag?post=72796"}],"curies":[{"name":"wp","href":"https:\/\/api.w.org\/{rel}","templated":true}]}}