{"id":72786,"date":"2024-09-25T08:40:22","date_gmt":"2024-09-25T06:40:22","guid":{"rendered":"https:\/\/revolutionpadelstore.com\/nox-at10-genius-attack-18k-alum-by-agustin-tapia-2025\/"},"modified":"2026-04-21T02:02:40","modified_gmt":"2026-04-21T00:02:40","slug":"nox-at10-genius-attack-18k-alum-by-agustin-tapia-2025-3","status":"publish","type":"product","link":"https:\/\/revolutionpadelstore.com\/fr\/produit\/nox-at10-genius-attack-18k-alum-by-agustin-tapia-2025-3\/","title":{"rendered":"NOX AT10 GENIUS ATTACK 18K ALUM BY AGUSTIN TAPIA 2025"},"content":{"rendered":"<h2>Nox AT10 Genius Attack 18K Alum par Agustin Tapia 2025<\/h2>\n<p>La <strong>Nox AT10 Genius Attack 18K Alum By Agust\u00edn Tapia 2025<\/strong> est une raquette de padel con\u00e7ue pour les joueurs d&#8217;\u00e9lite, en collaboration avec le c\u00e9l\u00e8bre joueur <strong>Agust\u00edn Tapia<\/strong>. Cette raquette fait partie de la <strong>Luxury Series 2025<\/strong> exclusive, se distinguant par sa construction innovante et son design \u00e9l\u00e9gant en noir, bleu et bronze. Avec un format <strong>diamant<\/strong> et des surfaces en carbone Alum 18K, la raquette est con\u00e7ue pour offrir des performances maximales \u00e0 chaque match.<\/p>\n<h2>Nox AT10 Genius Attack 18K Alum 2025 pour les joueurs professionnels puissants<\/h2>\n<p>Le Nox AT10 Genius Attack 18K Alum est id\u00e9al pour les joueurs avanc\u00e9s ou professionnels qui privil\u00e9gient la puissance et la pr\u00e9cision. Le format diamant favorise un tir plus fort et plus agressif, ce qui le rend parfait pour ceux qui cherchent \u00e0 dominer le jeu depuis le filet et \u00e0 terminer les points avec force. La poign\u00e9e \u00e9tendue offre un meilleur contr\u00f4le, id\u00e9al pour ceux qui pr\u00e9f\u00e8rent une poign\u00e9e plus longue et plus confortable.<\/p>\n<h3><strong>Caract\u00e9ristiques et technologies Nox AT10 Genius Attack 18K Alum 2025<\/strong><\/h3>\n<p style=\"padding-left: 40px\"><strong>-Format diamant<\/strong>, pour augmenter la puissance en finition.<\/p>\n<p style=\"padding-left: 40px\"><strong>&#8211; Plats plats en carbone alun 18K<\/strong>, qui offrent un coup solide et durable.<\/p>\n<p style=\"padding-left: 40px\"><strong>-Core<\/strong> MLD Black EVA, avec <strong>distribution multicouche de diff\u00e9rentes densit\u00e9s<\/strong> pour optimiser la sortie de balle.<\/p>\n<p style=\"padding-left: 40px\">-Technologie EOS<em>Flap<\/em>, perforations qui am\u00e9liorent la <strong>maniabilit\u00e9<\/strong>.<\/p>\n<p style=\"padding-left: 40px\">-DCS (<em>Dynamic Composit Structure<\/em>), plus grande quantit\u00e9 de mat\u00e9riau pour <strong>\u00e9viter les cassures<\/strong> dans les zones ext\u00e9rieures.<\/p>\n<p style=\"padding-left: 40px\"><em>-Smartstrap\u00ae<\/em>, <strong>cordon de s\u00e9curit\u00e9<\/strong> interchangeable.<\/p>\n<p style=\"padding-left: 40px\"><em>-Poign\u00e9e surdimensionn\u00e9e<\/em>, <strong>Poign\u00e9e plus longue de 10 mm<\/strong>.<\/p>\n<p style=\"padding-left: 40px\"><em>-Pulse System<\/em> syst\u00e8me qui <strong> r\u00e9duit les vibrations<\/strong> avec des inserts en caoutchouc.<\/p>\n<p style=\"padding-left: 40px\"><em>-Spin exclusif,<\/em><strong> surface rugueuse<\/strong> pour am\u00e9liorer le contr\u00f4le du ballon.<\/p>\n<p>Si vous recherchez une raquette alliant technologie avanc\u00e9e, puissance et design \u00e9l\u00e9gant, la Nox AT10 Genius Attack 18K Alum est le choix parfait. Am\u00e9liorez vos tirs et jouez comme un professionnel.<\/p>\n<h2>Nox AT10 Genius Attack 18K Alum By Agustin Tapia 2025<\/h2>\n","protected":false},"excerpt":{"rendered":"<p>Le Nox AT10 Genius Attack 18K Alum allie puissance et contr\u00f4le, id\u00e9al pour les joueurs avanc\u00e9s \u00e0 la recherche de performances optimales. Avec des technologies avanc\u00e9es et un design exclusif, il se d\u00e9marque sur la piste.<\/p>\n","protected":false},"featured_media":125340,"comment_status":"open","ping_status":"closed","template":"","meta":{"_acf_changed":false,"_joinchat":[]},"acabado":[1107],"balance":[1137],"dureza":[1162],"forma":[1172],"jugador":[1192,1202],"marca":[1262],"nivel-de-juego":[1337,1347],"superficie":[1362],"tipo-de-juego":[1382],"product_brand":[],"product_cat":[302],"product_tag":[],"class_list":{"0":"post-72786","1":"product","2":"type-product","3":"status-publish","4":"has-post-thumbnail","6":"acabado-brut","7":"balance-eleve","8":"dureza-dure","9":"forma-diamant","10":"jugador-homme","11":"jugador-polivalente-fr","12":"marca-nox-fr","13":"superficie-rugosa-fr","14":"tipo-de-juego-attaque","15":"product_cat-palas-de-padel-fr","17":"first","18":"instock","19":"sale","20":"taxable","21":"shipping-taxable","22":"purchasable","23":"product-type-simple"},"acf":[],"yoast_head":"<!-- This site is optimized with the Yoast SEO plugin v27.4 - https:\/\/yoast.com\/product\/yoast-seo-wordpress\/ -->\n<title>NOX AT10 GENIUS ATTACK 18K ALUM BY AGUSTIN TAPIA 2025 - Revolution Padel Store<\/title>\n<meta name=\"description\" content=\"La\u00a0Nox AT10 Genius Attack 18K Alum By Agust\u00edn Tapia 2025\u00a0es una pala de p\u00e1del dise\u00f1ada para jugadores de \u00e9lite, en colaboraci\u00f3n con el reconocido jugador\u00a0Agust\u00edn Tapia. Esta pala forma parte de la exclusiva\u00a0Luxury Series 2025, destacando por su innovadora construcci\u00f3n y elegante dise\u00f1o en negro, azul y bronce. Con un formato\u00a0diamante\u00a0y planos en carbono 18K Alum, la pala est\u00e1 dise\u00f1ada para ofrecer el m\u00e1ximo rendimiento en cada partido.\" \/>\n<meta name=\"robots\" content=\"index, follow, max-snippet:-1, max-image-preview:large, max-video-preview:-1\" \/>\n<link rel=\"canonical\" href=\"https:\/\/revolutionpadelstore.com\/fr\/produit\/nox-at10-genius-attack-18k-alum-by-agustin-tapia-2025-3\/\" \/>\n<meta property=\"og:locale\" content=\"fr_FR\" \/>\n<meta property=\"og:type\" content=\"article\" \/>\n<meta property=\"og:title\" content=\"NOX AT10 GENIUS ATTACK 18K ALUM BY AGUSTIN TAPIA 2025 - Revolution Padel Store\" \/>\n<meta property=\"og:description\" content=\"La\u00a0Nox AT10 Genius Attack 18K Alum By Agust\u00edn Tapia 2025\u00a0es una pala de p\u00e1del dise\u00f1ada para jugadores de \u00e9lite, en colaboraci\u00f3n con el reconocido jugador\u00a0Agust\u00edn Tapia. Esta pala forma parte de la exclusiva\u00a0Luxury Series 2025, destacando por su innovadora construcci\u00f3n y elegante dise\u00f1o en negro, azul y bronce. Con un formato\u00a0diamante\u00a0y planos en carbono 18K Alum, la pala est\u00e1 dise\u00f1ada para ofrecer el m\u00e1ximo rendimiento en cada partido.\" \/>\n<meta property=\"og:url\" content=\"https:\/\/revolutionpadelstore.com\/fr\/produit\/nox-at10-genius-attack-18k-alum-by-agustin-tapia-2025-3\/\" \/>\n<meta property=\"og:site_name\" content=\"Revolution Padel Store\" \/>\n<meta property=\"article:modified_time\" content=\"2026-04-21T00:02:40+00:00\" \/>\n<meta property=\"og:image\" content=\"https:\/\/revolutionpadelstore.com\/wp-content\/uploads\/2024\/10\/113542_pala_nox_at10_genius_attack_18k_alum_by_agustin_tapia_pat10geniusat1825__2d50.webp\" \/>\n\t<meta property=\"og:image:width\" content=\"1500\" \/>\n\t<meta property=\"og:image:height\" content=\"1500\" \/>\n\t<meta property=\"og:image:type\" content=\"image\/webp\" \/>\n<meta name=\"twitter:card\" content=\"summary_large_image\" \/>\n<meta name=\"twitter:label1\" content=\"Dur\u00e9e de lecture estim\u00e9e\" \/>\n\t<meta name=\"twitter:data1\" content=\"2 minutes\" \/>\n<script type=\"application\/ld+json\" class=\"yoast-schema-graph\">{\"@context\":\"https:\\\/\\\/schema.org\",\"@graph\":[{\"@type\":\"WebPage\",\"@id\":\"https:\\\/\\\/revolutionpadelstore.com\\\/fr\\\/produit\\\/nox-at10-genius-attack-18k-alum-by-agustin-tapia-2025-3\\\/\",\"url\":\"https:\\\/\\\/revolutionpadelstore.com\\\/fr\\\/produit\\\/nox-at10-genius-attack-18k-alum-by-agustin-tapia-2025-3\\\/\",\"name\":\"NOX AT10 GENIUS ATTACK 18K ALUM BY AGUSTIN TAPIA 2025 - Revolution Padel Store\",\"isPartOf\":{\"@id\":\"https:\\\/\\\/revolutionpadelstore.com\\\/fr\\\/#website\"},\"primaryImageOfPage\":{\"@id\":\"https:\\\/\\\/revolutionpadelstore.com\\\/fr\\\/produit\\\/nox-at10-genius-attack-18k-alum-by-agustin-tapia-2025-3\\\/#primaryimage\"},\"image\":{\"@id\":\"https:\\\/\\\/revolutionpadelstore.com\\\/fr\\\/produit\\\/nox-at10-genius-attack-18k-alum-by-agustin-tapia-2025-3\\\/#primaryimage\"},\"thumbnailUrl\":\"https:\\\/\\\/revolutionpadelstore.com\\\/wp-content\\\/uploads\\\/2024\\\/10\\\/113542_pala_nox_at10_genius_attack_18k_alum_by_agustin_tapia_pat10geniusat1825__2d50.webp\",\"datePublished\":\"2024-09-25T06:40:22+00:00\",\"dateModified\":\"2026-04-21T00:02:40+00:00\",\"description\":\"La\u00a0Nox AT10 Genius Attack 18K Alum By Agust\u00edn Tapia 2025\u00a0es una pala de p\u00e1del dise\u00f1ada para jugadores de \u00e9lite, en colaboraci\u00f3n con el reconocido jugador\u00a0Agust\u00edn Tapia. Esta pala forma parte de la exclusiva\u00a0Luxury Series 2025, destacando por su innovadora construcci\u00f3n y elegante dise\u00f1o en negro, azul y bronce. Con un formato\u00a0diamante\u00a0y planos en carbono 18K Alum, la pala est\u00e1 dise\u00f1ada para ofrecer el m\u00e1ximo rendimiento en cada partido.\",\"breadcrumb\":{\"@id\":\"https:\\\/\\\/revolutionpadelstore.com\\\/fr\\\/produit\\\/nox-at10-genius-attack-18k-alum-by-agustin-tapia-2025-3\\\/#breadcrumb\"},\"inLanguage\":\"fr-FR\",\"potentialAction\":[{\"@type\":\"ReadAction\",\"target\":[\"https:\\\/\\\/revolutionpadelstore.com\\\/fr\\\/produit\\\/nox-at10-genius-attack-18k-alum-by-agustin-tapia-2025-3\\\/\"]}]},{\"@type\":\"ImageObject\",\"inLanguage\":\"fr-FR\",\"@id\":\"https:\\\/\\\/revolutionpadelstore.com\\\/fr\\\/produit\\\/nox-at10-genius-attack-18k-alum-by-agustin-tapia-2025-3\\\/#primaryimage\",\"url\":\"https:\\\/\\\/revolutionpadelstore.com\\\/wp-content\\\/uploads\\\/2024\\\/10\\\/113542_pala_nox_at10_genius_attack_18k_alum_by_agustin_tapia_pat10geniusat1825__2d50.webp\",\"contentUrl\":\"https:\\\/\\\/revolutionpadelstore.com\\\/wp-content\\\/uploads\\\/2024\\\/10\\\/113542_pala_nox_at10_genius_attack_18k_alum_by_agustin_tapia_pat10geniusat1825__2d50.webp\",\"width\":1500,\"height\":1500},{\"@type\":\"BreadcrumbList\",\"@id\":\"https:\\\/\\\/revolutionpadelstore.com\\\/fr\\\/produit\\\/nox-at10-genius-attack-18k-alum-by-agustin-tapia-2025-3\\\/#breadcrumb\",\"itemListElement\":[{\"@type\":\"ListItem\",\"position\":1,\"name\":\"Portada\",\"item\":\"https:\\\/\\\/revolutionpadelstore.com\\\/fr\\\/\"},{\"@type\":\"ListItem\",\"position\":2,\"name\":\"Boutique\",\"item\":\"https:\\\/\\\/revolutionpadelstore.com\\\/fr\\\/tienda\\\/\"},{\"@type\":\"ListItem\",\"position\":3,\"name\":\"NOX AT10 GENIUS ATTACK 18K ALUM BY AGUSTIN TAPIA 2025\"}]},{\"@type\":\"WebSite\",\"@id\":\"https:\\\/\\\/revolutionpadelstore.com\\\/fr\\\/#website\",\"url\":\"https:\\\/\\\/revolutionpadelstore.com\\\/fr\\\/\",\"name\":\"Revolution Padel Store\",\"description\":\"\",\"publisher\":{\"@id\":\"https:\\\/\\\/revolutionpadelstore.com\\\/fr\\\/#organization\"},\"potentialAction\":[{\"@type\":\"SearchAction\",\"target\":{\"@type\":\"EntryPoint\",\"urlTemplate\":\"https:\\\/\\\/revolutionpadelstore.com\\\/fr\\\/?s={search_term_string}\"},\"query-input\":{\"@type\":\"PropertyValueSpecification\",\"valueRequired\":true,\"valueName\":\"search_term_string\"}}],\"inLanguage\":\"fr-FR\"},{\"@type\":\"Organization\",\"@id\":\"https:\\\/\\\/revolutionpadelstore.com\\\/fr\\\/#organization\",\"name\":\"Revolution Padel Store\",\"url\":\"https:\\\/\\\/revolutionpadelstore.com\\\/fr\\\/\",\"logo\":{\"@type\":\"ImageObject\",\"inLanguage\":\"fr-FR\",\"@id\":\"https:\\\/\\\/revolutionpadelstore.com\\\/fr\\\/#\\\/schema\\\/logo\\\/image\\\/\",\"url\":\"https:\\\/\\\/revolutionpadelstore.com\\\/wp-content\\\/uploads\\\/2026\\\/02\\\/revolution-padel-store.jpg\",\"contentUrl\":\"https:\\\/\\\/revolutionpadelstore.com\\\/wp-content\\\/uploads\\\/2026\\\/02\\\/revolution-padel-store.jpg\",\"width\":2000,\"height\":2000,\"caption\":\"Revolution Padel Store\"},\"image\":{\"@id\":\"https:\\\/\\\/revolutionpadelstore.com\\\/fr\\\/#\\\/schema\\\/logo\\\/image\\\/\"},\"sameAs\":[\"https:\\\/\\\/www.instagram.com\\\/revolutionpadelstore\\\/\"]}]}<\/script>\n<!-- \/ Yoast SEO plugin. -->","yoast_head_json":{"title":"NOX AT10 GENIUS ATTACK 18K ALUM BY AGUSTIN TAPIA 2025 - Revolution Padel Store","description":"La\u00a0Nox AT10 Genius Attack 18K Alum By Agust\u00edn Tapia 2025\u00a0es una pala de p\u00e1del dise\u00f1ada para jugadores de \u00e9lite, en colaboraci\u00f3n con el reconocido jugador\u00a0Agust\u00edn Tapia. Esta pala forma parte de la exclusiva\u00a0Luxury Series 2025, destacando por su innovadora construcci\u00f3n y elegante dise\u00f1o en negro, azul y bronce. Con un formato\u00a0diamante\u00a0y planos en carbono 18K Alum, la pala est\u00e1 dise\u00f1ada para ofrecer el m\u00e1ximo rendimiento en cada partido.","robots":{"index":"index","follow":"follow","max-snippet":"max-snippet:-1","max-image-preview":"max-image-preview:large","max-video-preview":"max-video-preview:-1"},"canonical":"https:\/\/revolutionpadelstore.com\/fr\/produit\/nox-at10-genius-attack-18k-alum-by-agustin-tapia-2025-3\/","og_locale":"fr_FR","og_type":"article","og_title":"NOX AT10 GENIUS ATTACK 18K ALUM BY AGUSTIN TAPIA 2025 - Revolution Padel Store","og_description":"La\u00a0Nox AT10 Genius Attack 18K Alum By Agust\u00edn Tapia 2025\u00a0es una pala de p\u00e1del dise\u00f1ada para jugadores de \u00e9lite, en colaboraci\u00f3n con el reconocido jugador\u00a0Agust\u00edn Tapia. Esta pala forma parte de la exclusiva\u00a0Luxury Series 2025, destacando por su innovadora construcci\u00f3n y elegante dise\u00f1o en negro, azul y bronce. Con un formato\u00a0diamante\u00a0y planos en carbono 18K Alum, la pala est\u00e1 dise\u00f1ada para ofrecer el m\u00e1ximo rendimiento en cada partido.","og_url":"https:\/\/revolutionpadelstore.com\/fr\/produit\/nox-at10-genius-attack-18k-alum-by-agustin-tapia-2025-3\/","og_site_name":"Revolution Padel Store","article_modified_time":"2026-04-21T00:02:40+00:00","og_image":[{"width":1500,"height":1500,"url":"https:\/\/revolutionpadelstore.com\/wp-content\/uploads\/2024\/10\/113542_pala_nox_at10_genius_attack_18k_alum_by_agustin_tapia_pat10geniusat1825__2d50.webp","type":"image\/webp"}],"twitter_card":"summary_large_image","twitter_misc":{"Dur\u00e9e de lecture estim\u00e9e":"2 minutes"},"schema":{"@context":"https:\/\/schema.org","@graph":[{"@type":"WebPage","@id":"https:\/\/revolutionpadelstore.com\/fr\/produit\/nox-at10-genius-attack-18k-alum-by-agustin-tapia-2025-3\/","url":"https:\/\/revolutionpadelstore.com\/fr\/produit\/nox-at10-genius-attack-18k-alum-by-agustin-tapia-2025-3\/","name":"NOX AT10 GENIUS ATTACK 18K ALUM BY AGUSTIN TAPIA 2025 - Revolution Padel Store","isPartOf":{"@id":"https:\/\/revolutionpadelstore.com\/fr\/#website"},"primaryImageOfPage":{"@id":"https:\/\/revolutionpadelstore.com\/fr\/produit\/nox-at10-genius-attack-18k-alum-by-agustin-tapia-2025-3\/#primaryimage"},"image":{"@id":"https:\/\/revolutionpadelstore.com\/fr\/produit\/nox-at10-genius-attack-18k-alum-by-agustin-tapia-2025-3\/#primaryimage"},"thumbnailUrl":"https:\/\/revolutionpadelstore.com\/wp-content\/uploads\/2024\/10\/113542_pala_nox_at10_genius_attack_18k_alum_by_agustin_tapia_pat10geniusat1825__2d50.webp","datePublished":"2024-09-25T06:40:22+00:00","dateModified":"2026-04-21T00:02:40+00:00","description":"La\u00a0Nox AT10 Genius Attack 18K Alum By Agust\u00edn Tapia 2025\u00a0es una pala de p\u00e1del dise\u00f1ada para jugadores de \u00e9lite, en colaboraci\u00f3n con el reconocido jugador\u00a0Agust\u00edn Tapia. Esta pala forma parte de la exclusiva\u00a0Luxury Series 2025, destacando por su innovadora construcci\u00f3n y elegante dise\u00f1o en negro, azul y bronce. Con un formato\u00a0diamante\u00a0y planos en carbono 18K Alum, la pala est\u00e1 dise\u00f1ada para ofrecer el m\u00e1ximo rendimiento en cada partido.","breadcrumb":{"@id":"https:\/\/revolutionpadelstore.com\/fr\/produit\/nox-at10-genius-attack-18k-alum-by-agustin-tapia-2025-3\/#breadcrumb"},"inLanguage":"fr-FR","potentialAction":[{"@type":"ReadAction","target":["https:\/\/revolutionpadelstore.com\/fr\/produit\/nox-at10-genius-attack-18k-alum-by-agustin-tapia-2025-3\/"]}]},{"@type":"ImageObject","inLanguage":"fr-FR","@id":"https:\/\/revolutionpadelstore.com\/fr\/produit\/nox-at10-genius-attack-18k-alum-by-agustin-tapia-2025-3\/#primaryimage","url":"https:\/\/revolutionpadelstore.com\/wp-content\/uploads\/2024\/10\/113542_pala_nox_at10_genius_attack_18k_alum_by_agustin_tapia_pat10geniusat1825__2d50.webp","contentUrl":"https:\/\/revolutionpadelstore.com\/wp-content\/uploads\/2024\/10\/113542_pala_nox_at10_genius_attack_18k_alum_by_agustin_tapia_pat10geniusat1825__2d50.webp","width":1500,"height":1500},{"@type":"BreadcrumbList","@id":"https:\/\/revolutionpadelstore.com\/fr\/produit\/nox-at10-genius-attack-18k-alum-by-agustin-tapia-2025-3\/#breadcrumb","itemListElement":[{"@type":"ListItem","position":1,"name":"Portada","item":"https:\/\/revolutionpadelstore.com\/fr\/"},{"@type":"ListItem","position":2,"name":"Boutique","item":"https:\/\/revolutionpadelstore.com\/fr\/tienda\/"},{"@type":"ListItem","position":3,"name":"NOX AT10 GENIUS ATTACK 18K ALUM BY AGUSTIN TAPIA 2025"}]},{"@type":"WebSite","@id":"https:\/\/revolutionpadelstore.com\/fr\/#website","url":"https:\/\/revolutionpadelstore.com\/fr\/","name":"Revolution Padel Store","description":"","publisher":{"@id":"https:\/\/revolutionpadelstore.com\/fr\/#organization"},"potentialAction":[{"@type":"SearchAction","target":{"@type":"EntryPoint","urlTemplate":"https:\/\/revolutionpadelstore.com\/fr\/?s={search_term_string}"},"query-input":{"@type":"PropertyValueSpecification","valueRequired":true,"valueName":"search_term_string"}}],"inLanguage":"fr-FR"},{"@type":"Organization","@id":"https:\/\/revolutionpadelstore.com\/fr\/#organization","name":"Revolution Padel Store","url":"https:\/\/revolutionpadelstore.com\/fr\/","logo":{"@type":"ImageObject","inLanguage":"fr-FR","@id":"https:\/\/revolutionpadelstore.com\/fr\/#\/schema\/logo\/image\/","url":"https:\/\/revolutionpadelstore.com\/wp-content\/uploads\/2026\/02\/revolution-padel-store.jpg","contentUrl":"https:\/\/revolutionpadelstore.com\/wp-content\/uploads\/2026\/02\/revolution-padel-store.jpg","width":2000,"height":2000,"caption":"Revolution Padel Store"},"image":{"@id":"https:\/\/revolutionpadelstore.com\/fr\/#\/schema\/logo\/image\/"},"sameAs":["https:\/\/www.instagram.com\/revolutionpadelstore\/"]}]}},"_links":{"self":[{"href":"https:\/\/revolutionpadelstore.com\/fr\/wp-json\/wp\/v2\/product\/72786","targetHints":{"allow":["GET"]}}],"collection":[{"href":"https:\/\/revolutionpadelstore.com\/fr\/wp-json\/wp\/v2\/product"}],"about":[{"href":"https:\/\/revolutionpadelstore.com\/fr\/wp-json\/wp\/v2\/types\/product"}],"replies":[{"embeddable":true,"href":"https:\/\/revolutionpadelstore.com\/fr\/wp-json\/wp\/v2\/comments?post=72786"}],"wp:featuredmedia":[{"embeddable":true,"href":"https:\/\/revolutionpadelstore.com\/fr\/wp-json\/wp\/v2\/media\/125340"}],"wp:attachment":[{"href":"https:\/\/revolutionpadelstore.com\/fr\/wp-json\/wp\/v2\/media?parent=72786"}],"wp:term":[{"taxonomy":"acabado","embeddable":true,"href":"https:\/\/revolutionpadelstore.com\/fr\/wp-json\/wp\/v2\/acabado?post=72786"},{"taxonomy":"balance","embeddable":true,"href":"https:\/\/revolutionpadelstore.com\/fr\/wp-json\/wp\/v2\/balance?post=72786"},{"taxonomy":"dureza","embeddable":true,"href":"https:\/\/revolutionpadelstore.com\/fr\/wp-json\/wp\/v2\/dureza?post=72786"},{"taxonomy":"forma","embeddable":true,"href":"https:\/\/revolutionpadelstore.com\/fr\/wp-json\/wp\/v2\/forma?post=72786"},{"taxonomy":"jugador","embeddable":true,"href":"https:\/\/revolutionpadelstore.com\/fr\/wp-json\/wp\/v2\/jugador?post=72786"},{"taxonomy":"marca","embeddable":true,"href":"https:\/\/revolutionpadelstore.com\/fr\/wp-json\/wp\/v2\/marca?post=72786"},{"taxonomy":"nivel-de-juego","embeddable":true,"href":"https:\/\/revolutionpadelstore.com\/fr\/wp-json\/wp\/v2\/nivel-de-juego?post=72786"},{"taxonomy":"superficie","embeddable":true,"href":"https:\/\/revolutionpadelstore.com\/fr\/wp-json\/wp\/v2\/superficie?post=72786"},{"taxonomy":"tipo-de-juego","embeddable":true,"href":"https:\/\/revolutionpadelstore.com\/fr\/wp-json\/wp\/v2\/tipo-de-juego?post=72786"},{"taxonomy":"product_brand","embeddable":true,"href":"https:\/\/revolutionpadelstore.com\/fr\/wp-json\/wp\/v2\/product_brand?post=72786"},{"taxonomy":"product_cat","embeddable":true,"href":"https:\/\/revolutionpadelstore.com\/fr\/wp-json\/wp\/v2\/product_cat?post=72786"},{"taxonomy":"product_tag","embeddable":true,"href":"https:\/\/revolutionpadelstore.com\/fr\/wp-json\/wp\/v2\/product_tag?post=72786"}],"curies":[{"name":"wp","href":"https:\/\/api.w.org\/{rel}","templated":true}]}}