{"id":72781,"date":"2024-09-25T08:50:42","date_gmt":"2024-09-25T06:50:42","guid":{"rendered":"https:\/\/revolutionpadelstore.com\/nox-at10-genius-12k-by-agustin-tapia-2025\/"},"modified":"2026-04-01T07:16:49","modified_gmt":"2026-04-01T05:16:49","slug":"nox-at10-genius-12k-by-agustin-tapia-2025-3","status":"publish","type":"product","link":"https:\/\/revolutionpadelstore.com\/fr\/produit\/nox-at10-genius-12k-by-agustin-tapia-2025-3\/","title":{"rendered":"NOX AT10 GENIUS 12K BY AGUSTIN TAPIA 2025"},"content":{"rendered":"<h2>Nox AT10 Genius 12K Par Agust\u00edn Tapia 2025, des succ\u00e8s solides<\/h2>\n<p>La <strong>raquette de padel Nox AT10 Genius 12K<\/strong> est le mod\u00e8le con\u00e7u par le joueur <strong>Agust\u00edn Tapia<\/strong> pour cette saison 2025. C&#8217;est une raquette en forme de larme &gt; avec un \u00e9quilibre ajust\u00e9 dans le but. d&#8217;ajouter de la vitesse suppl\u00e9mentaire sur les coups d\u00e9fensifs.<\/p>\n<p>Avec un poids compris entre 360 \u200b\u200bet 375 grammes et l&#8217;EOS Flap, vous obtenez une raquette de padel facile \u00e0 g\u00e9rer, rapide et mortelle sur le terrain de jeu.<\/p>\n<h2>Pelle AT10 Genius 12K Agust\u00edn Tapia, pour les professionnels<\/h2>\n<p>Con\u00e7u pour les <strong>joueurs de padel de niveau avanc\u00e9<\/strong> qui recherchent solidit\u00e9 et rigidit\u00e9 dans la frappe. C&#8217;est une raquette Nox pour hommes id\u00e9ale pour ceux qui recherchent un contr\u00f4le et une puissance exceptionnels \u00e0 chaque jeu.<\/p>\n<p>Il donne de la vitesse et permet de donner beaucoup plus d&#8217;effet \u00e0 la balle.<\/p>\n<h2>Caract\u00e9ristiques et technologies de l&#8217;AT10 Genius 12K 2025<\/h2>\n<p style=\"padding-left: 40px\">-Plats en carbone 12K qui r\u00e9duisent le poids de la lame et ajoutent de la rigidit\u00e9<\/p>\n<p style=\"padding-left: 40px\"><em>-Spin exclusif<\/em> avec double rugosit\u00e9 pour <strong>un plus grand contr\u00f4le et plus d&#8217;effets<\/strong><\/p>\n<p style=\"padding-left: 40px\">-Cadre tubulaire en carbone r\u00e9sistant<\/p>\n<p style=\"padding-left: 40px\">-Noyau multicouche MLD Black EVA, duret\u00e9 moyenne-\u00e9lev\u00e9e, pour une <strong>sensation de frappe plus solide<\/strong><\/p>\n<p style=\"padding-left: 40px\">-Le <em>EOS Flap<\/em> optimise la manipulation de la raquette en redistribuant efficacement le poids<\/p>\n<p style=\"padding-left: 40px\">-Adh\u00e9rence accrue avec le <em>Custom Grip<\/em><\/p>\n<p style=\"padding-left: 40px\">-Vibrations r\u00e9duites et plus de confort gr\u00e2ce au <em>Pulse System<\/em><\/p>\n<p style=\"padding-left: 40px\"><em>-Structure composite dynamique<\/em> qui minimise la diff\u00e9rence de duret\u00e9 entre la monture et le visage<\/p>\n<p style=\"padding-left: 40px\">-Syst\u00e8me <em>Smartstrap<\/em>, cordon de s\u00e9curit\u00e9 rempla\u00e7able, plus s\u00fbr et plus hygi\u00e9nique<\/p>\n<p style=\"padding-left: 40px\">-Gamme S\u00e9rie Luxe<\/em><\/p>\n<p style=\"padding-left: 40px\">-Forme de larme et poids de 360 \u200b\u200b\u00e0 375 grammes.<\/p>\n<h3>Achetez la raquette Nox AT10 Genius 12K By Agust\u00edn Tapia 2025 maintenant dans Revolution Padel Store<\/h3>\n<p>Profitez de sensations incroyables \u00e0 chaque match ou entra\u00eenement gr\u00e2ce aux magnifiques fonctionnalit\u00e9s fournies par la raquette Teardrop Nox AT10 Genius 12K By Agust\u00edn Tapia 2025 pour les joueurs avanc\u00e9s.<\/strong><\/p>\n","protected":false},"excerpt":{"rendered":"<p>Nox AT10 Genius 12K By Agust\u00edn Tapia 2025, raquette en forme de goutte avec des lames en carbone 12K avec une finition rugueuse et un noyau en caoutchouc EVA noir. Grande absorption des vibrations pour une frappe plus confortable et plus solide.<\/p>\n","protected":false},"featured_media":125328,"comment_status":"open","ping_status":"closed","template":"","meta":{"_acf_changed":false,"_joinchat":[]},"acabado":[1107,1097],"balance":[1142],"dureza":[1157],"forma":[1187],"jugador":[1192,1202],"marca":[1262],"nivel-de-juego":[1337],"superficie":[1362],"tipo-de-juego":[1387],"product_brand":[],"product_cat":[302],"product_tag":[],"class_list":{"0":"post-72781","1":"product","2":"type-product","3":"status-publish","4":"has-post-thumbnail","6":"acabado-brut","7":"acabado-sable","8":"balance-moyen","9":"dureza-media-fr","10":"forma-lagrima-fr","11":"jugador-homme","12":"jugador-polivalente-fr","13":"marca-nox-fr","14":"superficie-rugosa-fr","15":"tipo-de-juego-polivalente-fr","16":"product_cat-palas-de-padel-fr","18":"first","19":"instock","20":"sale","21":"taxable","22":"shipping-taxable","23":"purchasable","24":"product-type-simple"},"acf":[],"yoast_head":"<!-- This site is optimized with the Yoast SEO plugin v27.3 - https:\/\/yoast.com\/product\/yoast-seo-wordpress\/ -->\n<title>NOX AT10 GENIUS 12K BY AGUSTIN TAPIA 2025 - Revolution Padel Store<\/title>\n<meta name=\"description\" content=\"La\u00a0pala de p\u00e1del AT10 Genius 12K de Nox\u00a0es el modelo dise\u00f1ado por el jugador\u00a0Agust\u00edn Tapia\u00a0para esta temporada 2025. Es una pala con\u00a0forma de l\u00e1grima\u00a0con un balance ajustado con el objetivo de a\u00f1adir un extra de velocidad en los golpes defensivos.Con un peso que oscila entre los 360-375 gramos y el\u00a0EOS Flap\u00a0se consigue una pala f\u00e1cilmente manejable, r\u00e1pida y letal en el terreno de juego. Dise\u00f1ada para aquellos\u00a0jugadores de p\u00e1del de nivel avanzado\u00a0que buscan solidez y rigidez en el golpeo. Es una pala Nox para hombre ideal para los que buscan un control y potencia sobresalientes en cada jugada.\" \/>\n<meta name=\"robots\" content=\"index, follow, max-snippet:-1, max-image-preview:large, max-video-preview:-1\" \/>\n<link rel=\"canonical\" href=\"https:\/\/revolutionpadelstore.com\/fr\/produit\/nox-at10-genius-12k-by-agustin-tapia-2025-3\/\" \/>\n<meta property=\"og:locale\" content=\"fr_FR\" \/>\n<meta property=\"og:type\" content=\"article\" \/>\n<meta property=\"og:title\" content=\"NOX AT10 GENIUS 12K BY AGUSTIN TAPIA 2025 - Revolution Padel Store\" \/>\n<meta property=\"og:description\" content=\"La\u00a0pala de p\u00e1del AT10 Genius 12K de Nox\u00a0es el modelo dise\u00f1ado por el jugador\u00a0Agust\u00edn Tapia\u00a0para esta temporada 2025. Es una pala con\u00a0forma de l\u00e1grima\u00a0con un balance ajustado con el objetivo de a\u00f1adir un extra de velocidad en los golpes defensivos.Con un peso que oscila entre los 360-375 gramos y el\u00a0EOS Flap\u00a0se consigue una pala f\u00e1cilmente manejable, r\u00e1pida y letal en el terreno de juego. Dise\u00f1ada para aquellos\u00a0jugadores de p\u00e1del de nivel avanzado\u00a0que buscan solidez y rigidez en el golpeo. Es una pala Nox para hombre ideal para los que buscan un control y potencia sobresalientes en cada jugada.\" \/>\n<meta property=\"og:url\" content=\"https:\/\/revolutionpadelstore.com\/fr\/produit\/nox-at10-genius-12k-by-agustin-tapia-2025-3\/\" \/>\n<meta property=\"og:site_name\" content=\"Revolution Padel Store\" \/>\n<meta property=\"article:modified_time\" content=\"2026-04-01T05:16:49+00:00\" \/>\n<meta property=\"og:image\" content=\"https:\/\/revolutionpadelstore.com\/wp-content\/uploads\/2024\/10\/113539_pala_nox_at10_genius_12k_by_agustin_tapia_pat10genius25_1500x1500_1_d12d.webp\" \/>\n\t<meta property=\"og:image:width\" content=\"1500\" \/>\n\t<meta property=\"og:image:height\" content=\"1500\" \/>\n\t<meta property=\"og:image:type\" content=\"image\/webp\" \/>\n<meta name=\"twitter:card\" content=\"summary_large_image\" \/>\n<meta name=\"twitter:label1\" content=\"Dur\u00e9e de lecture estim\u00e9e\" \/>\n\t<meta name=\"twitter:data1\" content=\"2 minutes\" \/>\n<script type=\"application\/ld+json\" class=\"yoast-schema-graph\">{\"@context\":\"https:\\\/\\\/schema.org\",\"@graph\":[{\"@type\":\"WebPage\",\"@id\":\"https:\\\/\\\/revolutionpadelstore.com\\\/fr\\\/produit\\\/nox-at10-genius-12k-by-agustin-tapia-2025-3\\\/\",\"url\":\"https:\\\/\\\/revolutionpadelstore.com\\\/fr\\\/produit\\\/nox-at10-genius-12k-by-agustin-tapia-2025-3\\\/\",\"name\":\"NOX AT10 GENIUS 12K BY AGUSTIN TAPIA 2025 - Revolution Padel Store\",\"isPartOf\":{\"@id\":\"https:\\\/\\\/revolutionpadelstore.com\\\/fr\\\/#website\"},\"primaryImageOfPage\":{\"@id\":\"https:\\\/\\\/revolutionpadelstore.com\\\/fr\\\/produit\\\/nox-at10-genius-12k-by-agustin-tapia-2025-3\\\/#primaryimage\"},\"image\":{\"@id\":\"https:\\\/\\\/revolutionpadelstore.com\\\/fr\\\/produit\\\/nox-at10-genius-12k-by-agustin-tapia-2025-3\\\/#primaryimage\"},\"thumbnailUrl\":\"https:\\\/\\\/revolutionpadelstore.com\\\/wp-content\\\/uploads\\\/2024\\\/10\\\/113539_pala_nox_at10_genius_12k_by_agustin_tapia_pat10genius25_1500x1500_1_d12d.webp\",\"datePublished\":\"2024-09-25T06:50:42+00:00\",\"dateModified\":\"2026-04-01T05:16:49+00:00\",\"description\":\"La\u00a0pala de p\u00e1del AT10 Genius 12K de Nox\u00a0es el modelo dise\u00f1ado por el jugador\u00a0Agust\u00edn Tapia\u00a0para esta temporada 2025. Es una pala con\u00a0forma de l\u00e1grima\u00a0con un balance ajustado con el objetivo de a\u00f1adir un extra de velocidad en los golpes defensivos.Con un peso que oscila entre los 360-375 gramos y el\u00a0EOS Flap\u00a0se consigue una pala f\u00e1cilmente manejable, r\u00e1pida y letal en el terreno de juego. Dise\u00f1ada para aquellos\u00a0jugadores de p\u00e1del de nivel avanzado\u00a0que buscan solidez y rigidez en el golpeo. Es una pala Nox para hombre ideal para los que buscan un control y potencia sobresalientes en cada jugada.\",\"breadcrumb\":{\"@id\":\"https:\\\/\\\/revolutionpadelstore.com\\\/fr\\\/produit\\\/nox-at10-genius-12k-by-agustin-tapia-2025-3\\\/#breadcrumb\"},\"inLanguage\":\"fr-FR\",\"potentialAction\":[{\"@type\":\"ReadAction\",\"target\":[\"https:\\\/\\\/revolutionpadelstore.com\\\/fr\\\/produit\\\/nox-at10-genius-12k-by-agustin-tapia-2025-3\\\/\"]}]},{\"@type\":\"ImageObject\",\"inLanguage\":\"fr-FR\",\"@id\":\"https:\\\/\\\/revolutionpadelstore.com\\\/fr\\\/produit\\\/nox-at10-genius-12k-by-agustin-tapia-2025-3\\\/#primaryimage\",\"url\":\"https:\\\/\\\/revolutionpadelstore.com\\\/wp-content\\\/uploads\\\/2024\\\/10\\\/113539_pala_nox_at10_genius_12k_by_agustin_tapia_pat10genius25_1500x1500_1_d12d.webp\",\"contentUrl\":\"https:\\\/\\\/revolutionpadelstore.com\\\/wp-content\\\/uploads\\\/2024\\\/10\\\/113539_pala_nox_at10_genius_12k_by_agustin_tapia_pat10genius25_1500x1500_1_d12d.webp\",\"width\":1500,\"height\":1500},{\"@type\":\"BreadcrumbList\",\"@id\":\"https:\\\/\\\/revolutionpadelstore.com\\\/fr\\\/produit\\\/nox-at10-genius-12k-by-agustin-tapia-2025-3\\\/#breadcrumb\",\"itemListElement\":[{\"@type\":\"ListItem\",\"position\":1,\"name\":\"Portada\",\"item\":\"https:\\\/\\\/revolutionpadelstore.com\\\/fr\\\/\"},{\"@type\":\"ListItem\",\"position\":2,\"name\":\"Boutique\",\"item\":\"https:\\\/\\\/revolutionpadelstore.com\\\/fr\\\/tienda\\\/\"},{\"@type\":\"ListItem\",\"position\":3,\"name\":\"NOX AT10 GENIUS 12K BY AGUSTIN TAPIA 2025\"}]},{\"@type\":\"WebSite\",\"@id\":\"https:\\\/\\\/revolutionpadelstore.com\\\/fr\\\/#website\",\"url\":\"https:\\\/\\\/revolutionpadelstore.com\\\/fr\\\/\",\"name\":\"Revolution Padel Store\",\"description\":\"\",\"publisher\":{\"@id\":\"https:\\\/\\\/revolutionpadelstore.com\\\/fr\\\/#organization\"},\"potentialAction\":[{\"@type\":\"SearchAction\",\"target\":{\"@type\":\"EntryPoint\",\"urlTemplate\":\"https:\\\/\\\/revolutionpadelstore.com\\\/fr\\\/?s={search_term_string}\"},\"query-input\":{\"@type\":\"PropertyValueSpecification\",\"valueRequired\":true,\"valueName\":\"search_term_string\"}}],\"inLanguage\":\"fr-FR\"},{\"@type\":\"Organization\",\"@id\":\"https:\\\/\\\/revolutionpadelstore.com\\\/fr\\\/#organization\",\"name\":\"Revolution Padel Store\",\"url\":\"https:\\\/\\\/revolutionpadelstore.com\\\/fr\\\/\",\"logo\":{\"@type\":\"ImageObject\",\"inLanguage\":\"fr-FR\",\"@id\":\"https:\\\/\\\/revolutionpadelstore.com\\\/fr\\\/#\\\/schema\\\/logo\\\/image\\\/\",\"url\":\"https:\\\/\\\/revolutionpadelstore.com\\\/wp-content\\\/uploads\\\/2026\\\/02\\\/revolution-padel-store.jpg\",\"contentUrl\":\"https:\\\/\\\/revolutionpadelstore.com\\\/wp-content\\\/uploads\\\/2026\\\/02\\\/revolution-padel-store.jpg\",\"width\":2000,\"height\":2000,\"caption\":\"Revolution Padel Store\"},\"image\":{\"@id\":\"https:\\\/\\\/revolutionpadelstore.com\\\/fr\\\/#\\\/schema\\\/logo\\\/image\\\/\"},\"sameAs\":[\"https:\\\/\\\/www.instagram.com\\\/revolutionpadelstore\\\/\"]}]}<\/script>\n<!-- \/ Yoast SEO plugin. -->","yoast_head_json":{"title":"NOX AT10 GENIUS 12K BY AGUSTIN TAPIA 2025 - Revolution Padel Store","description":"La\u00a0pala de p\u00e1del AT10 Genius 12K de Nox\u00a0es el modelo dise\u00f1ado por el jugador\u00a0Agust\u00edn Tapia\u00a0para esta temporada 2025. Es una pala con\u00a0forma de l\u00e1grima\u00a0con un balance ajustado con el objetivo de a\u00f1adir un extra de velocidad en los golpes defensivos.Con un peso que oscila entre los 360-375 gramos y el\u00a0EOS Flap\u00a0se consigue una pala f\u00e1cilmente manejable, r\u00e1pida y letal en el terreno de juego. Dise\u00f1ada para aquellos\u00a0jugadores de p\u00e1del de nivel avanzado\u00a0que buscan solidez y rigidez en el golpeo. Es una pala Nox para hombre ideal para los que buscan un control y potencia sobresalientes en cada jugada.","robots":{"index":"index","follow":"follow","max-snippet":"max-snippet:-1","max-image-preview":"max-image-preview:large","max-video-preview":"max-video-preview:-1"},"canonical":"https:\/\/revolutionpadelstore.com\/fr\/produit\/nox-at10-genius-12k-by-agustin-tapia-2025-3\/","og_locale":"fr_FR","og_type":"article","og_title":"NOX AT10 GENIUS 12K BY AGUSTIN TAPIA 2025 - Revolution Padel Store","og_description":"La\u00a0pala de p\u00e1del AT10 Genius 12K de Nox\u00a0es el modelo dise\u00f1ado por el jugador\u00a0Agust\u00edn Tapia\u00a0para esta temporada 2025. Es una pala con\u00a0forma de l\u00e1grima\u00a0con un balance ajustado con el objetivo de a\u00f1adir un extra de velocidad en los golpes defensivos.Con un peso que oscila entre los 360-375 gramos y el\u00a0EOS Flap\u00a0se consigue una pala f\u00e1cilmente manejable, r\u00e1pida y letal en el terreno de juego. Dise\u00f1ada para aquellos\u00a0jugadores de p\u00e1del de nivel avanzado\u00a0que buscan solidez y rigidez en el golpeo. Es una pala Nox para hombre ideal para los que buscan un control y potencia sobresalientes en cada jugada.","og_url":"https:\/\/revolutionpadelstore.com\/fr\/produit\/nox-at10-genius-12k-by-agustin-tapia-2025-3\/","og_site_name":"Revolution Padel Store","article_modified_time":"2026-04-01T05:16:49+00:00","og_image":[{"width":1500,"height":1500,"url":"https:\/\/revolutionpadelstore.com\/wp-content\/uploads\/2024\/10\/113539_pala_nox_at10_genius_12k_by_agustin_tapia_pat10genius25_1500x1500_1_d12d.webp","type":"image\/webp"}],"twitter_card":"summary_large_image","twitter_misc":{"Dur\u00e9e de lecture estim\u00e9e":"2 minutes"},"schema":{"@context":"https:\/\/schema.org","@graph":[{"@type":"WebPage","@id":"https:\/\/revolutionpadelstore.com\/fr\/produit\/nox-at10-genius-12k-by-agustin-tapia-2025-3\/","url":"https:\/\/revolutionpadelstore.com\/fr\/produit\/nox-at10-genius-12k-by-agustin-tapia-2025-3\/","name":"NOX AT10 GENIUS 12K BY AGUSTIN TAPIA 2025 - Revolution Padel Store","isPartOf":{"@id":"https:\/\/revolutionpadelstore.com\/fr\/#website"},"primaryImageOfPage":{"@id":"https:\/\/revolutionpadelstore.com\/fr\/produit\/nox-at10-genius-12k-by-agustin-tapia-2025-3\/#primaryimage"},"image":{"@id":"https:\/\/revolutionpadelstore.com\/fr\/produit\/nox-at10-genius-12k-by-agustin-tapia-2025-3\/#primaryimage"},"thumbnailUrl":"https:\/\/revolutionpadelstore.com\/wp-content\/uploads\/2024\/10\/113539_pala_nox_at10_genius_12k_by_agustin_tapia_pat10genius25_1500x1500_1_d12d.webp","datePublished":"2024-09-25T06:50:42+00:00","dateModified":"2026-04-01T05:16:49+00:00","description":"La\u00a0pala de p\u00e1del AT10 Genius 12K de Nox\u00a0es el modelo dise\u00f1ado por el jugador\u00a0Agust\u00edn Tapia\u00a0para esta temporada 2025. Es una pala con\u00a0forma de l\u00e1grima\u00a0con un balance ajustado con el objetivo de a\u00f1adir un extra de velocidad en los golpes defensivos.Con un peso que oscila entre los 360-375 gramos y el\u00a0EOS Flap\u00a0se consigue una pala f\u00e1cilmente manejable, r\u00e1pida y letal en el terreno de juego. Dise\u00f1ada para aquellos\u00a0jugadores de p\u00e1del de nivel avanzado\u00a0que buscan solidez y rigidez en el golpeo. Es una pala Nox para hombre ideal para los que buscan un control y potencia sobresalientes en cada jugada.","breadcrumb":{"@id":"https:\/\/revolutionpadelstore.com\/fr\/produit\/nox-at10-genius-12k-by-agustin-tapia-2025-3\/#breadcrumb"},"inLanguage":"fr-FR","potentialAction":[{"@type":"ReadAction","target":["https:\/\/revolutionpadelstore.com\/fr\/produit\/nox-at10-genius-12k-by-agustin-tapia-2025-3\/"]}]},{"@type":"ImageObject","inLanguage":"fr-FR","@id":"https:\/\/revolutionpadelstore.com\/fr\/produit\/nox-at10-genius-12k-by-agustin-tapia-2025-3\/#primaryimage","url":"https:\/\/revolutionpadelstore.com\/wp-content\/uploads\/2024\/10\/113539_pala_nox_at10_genius_12k_by_agustin_tapia_pat10genius25_1500x1500_1_d12d.webp","contentUrl":"https:\/\/revolutionpadelstore.com\/wp-content\/uploads\/2024\/10\/113539_pala_nox_at10_genius_12k_by_agustin_tapia_pat10genius25_1500x1500_1_d12d.webp","width":1500,"height":1500},{"@type":"BreadcrumbList","@id":"https:\/\/revolutionpadelstore.com\/fr\/produit\/nox-at10-genius-12k-by-agustin-tapia-2025-3\/#breadcrumb","itemListElement":[{"@type":"ListItem","position":1,"name":"Portada","item":"https:\/\/revolutionpadelstore.com\/fr\/"},{"@type":"ListItem","position":2,"name":"Boutique","item":"https:\/\/revolutionpadelstore.com\/fr\/tienda\/"},{"@type":"ListItem","position":3,"name":"NOX AT10 GENIUS 12K BY AGUSTIN TAPIA 2025"}]},{"@type":"WebSite","@id":"https:\/\/revolutionpadelstore.com\/fr\/#website","url":"https:\/\/revolutionpadelstore.com\/fr\/","name":"Revolution Padel Store","description":"","publisher":{"@id":"https:\/\/revolutionpadelstore.com\/fr\/#organization"},"potentialAction":[{"@type":"SearchAction","target":{"@type":"EntryPoint","urlTemplate":"https:\/\/revolutionpadelstore.com\/fr\/?s={search_term_string}"},"query-input":{"@type":"PropertyValueSpecification","valueRequired":true,"valueName":"search_term_string"}}],"inLanguage":"fr-FR"},{"@type":"Organization","@id":"https:\/\/revolutionpadelstore.com\/fr\/#organization","name":"Revolution Padel Store","url":"https:\/\/revolutionpadelstore.com\/fr\/","logo":{"@type":"ImageObject","inLanguage":"fr-FR","@id":"https:\/\/revolutionpadelstore.com\/fr\/#\/schema\/logo\/image\/","url":"https:\/\/revolutionpadelstore.com\/wp-content\/uploads\/2026\/02\/revolution-padel-store.jpg","contentUrl":"https:\/\/revolutionpadelstore.com\/wp-content\/uploads\/2026\/02\/revolution-padel-store.jpg","width":2000,"height":2000,"caption":"Revolution Padel Store"},"image":{"@id":"https:\/\/revolutionpadelstore.com\/fr\/#\/schema\/logo\/image\/"},"sameAs":["https:\/\/www.instagram.com\/revolutionpadelstore\/"]}]}},"_links":{"self":[{"href":"https:\/\/revolutionpadelstore.com\/fr\/wp-json\/wp\/v2\/product\/72781","targetHints":{"allow":["GET"]}}],"collection":[{"href":"https:\/\/revolutionpadelstore.com\/fr\/wp-json\/wp\/v2\/product"}],"about":[{"href":"https:\/\/revolutionpadelstore.com\/fr\/wp-json\/wp\/v2\/types\/product"}],"replies":[{"embeddable":true,"href":"https:\/\/revolutionpadelstore.com\/fr\/wp-json\/wp\/v2\/comments?post=72781"}],"wp:featuredmedia":[{"embeddable":true,"href":"https:\/\/revolutionpadelstore.com\/fr\/wp-json\/wp\/v2\/media\/125328"}],"wp:attachment":[{"href":"https:\/\/revolutionpadelstore.com\/fr\/wp-json\/wp\/v2\/media?parent=72781"}],"wp:term":[{"taxonomy":"acabado","embeddable":true,"href":"https:\/\/revolutionpadelstore.com\/fr\/wp-json\/wp\/v2\/acabado?post=72781"},{"taxonomy":"balance","embeddable":true,"href":"https:\/\/revolutionpadelstore.com\/fr\/wp-json\/wp\/v2\/balance?post=72781"},{"taxonomy":"dureza","embeddable":true,"href":"https:\/\/revolutionpadelstore.com\/fr\/wp-json\/wp\/v2\/dureza?post=72781"},{"taxonomy":"forma","embeddable":true,"href":"https:\/\/revolutionpadelstore.com\/fr\/wp-json\/wp\/v2\/forma?post=72781"},{"taxonomy":"jugador","embeddable":true,"href":"https:\/\/revolutionpadelstore.com\/fr\/wp-json\/wp\/v2\/jugador?post=72781"},{"taxonomy":"marca","embeddable":true,"href":"https:\/\/revolutionpadelstore.com\/fr\/wp-json\/wp\/v2\/marca?post=72781"},{"taxonomy":"nivel-de-juego","embeddable":true,"href":"https:\/\/revolutionpadelstore.com\/fr\/wp-json\/wp\/v2\/nivel-de-juego?post=72781"},{"taxonomy":"superficie","embeddable":true,"href":"https:\/\/revolutionpadelstore.com\/fr\/wp-json\/wp\/v2\/superficie?post=72781"},{"taxonomy":"tipo-de-juego","embeddable":true,"href":"https:\/\/revolutionpadelstore.com\/fr\/wp-json\/wp\/v2\/tipo-de-juego?post=72781"},{"taxonomy":"product_brand","embeddable":true,"href":"https:\/\/revolutionpadelstore.com\/fr\/wp-json\/wp\/v2\/product_brand?post=72781"},{"taxonomy":"product_cat","embeddable":true,"href":"https:\/\/revolutionpadelstore.com\/fr\/wp-json\/wp\/v2\/product_cat?post=72781"},{"taxonomy":"product_tag","embeddable":true,"href":"https:\/\/revolutionpadelstore.com\/fr\/wp-json\/wp\/v2\/product_tag?post=72781"}],"curies":[{"name":"wp","href":"https:\/\/api.w.org\/{rel}","templated":true}]}}