{"id":72776,"date":"2024-09-25T14:58:55","date_gmt":"2024-09-25T12:58:55","guid":{"rendered":"https:\/\/revolutionpadelstore.com\/nox-at10-genius-18k-alum-by-agustin-tapia-2025\/"},"modified":"2026-04-20T14:02:15","modified_gmt":"2026-04-20T12:02:15","slug":"nox-at10-genius-18k-alum-by-agustin-tapia-2025-4","status":"publish","type":"product","link":"https:\/\/revolutionpadelstore.com\/fr\/produit\/nox-at10-genius-18k-alum-by-agustin-tapia-2025-4\/","title":{"rendered":"NOX AT10 GENIUS 18K ALUM BY AGUSTIN TAPIA 2025"},"content":{"rendered":"<h2>Nox AT10 Genius 18K Alum Par Agust\u00edn Tapia 2025, fermet\u00e9 et durabilit\u00e9<\/h2>\n<p>La<strong>raquette de padel AT10 Genius 18K Alum By Agust\u00edn Tapia<\/strong> est un mod\u00e8le en forme de larme cr\u00e9\u00e9 en collaboration avec Agust\u00edn Tapia qui offre un \u00e9quilibre id\u00e9al pour ajouter de la vitesse dans les coups d\u00e9fensifs et de la puissance dans les attaques.<\/p>\n<p>Avec un poids qui varie entre <strong>360 et 375 grammes<\/strong>, cette raquette se caract\u00e9rise par sa maniabilit\u00e9 et son agilit\u00e9, ce qui facilite un jeu rapide et pr\u00e9cis.<\/strong><\/p>\n<h2>Pelle AT10 Genius 18K Alum Agust\u00edn Tapia, pour les professionnels<\/h2>\n<p>L&#8217;AT10 Genius 18K Alum 2025 est id\u00e9al pour les joueurs de padel de haut niveau qui recherchent un mod\u00e8le performant, fabriqu\u00e9 avec des mat\u00e9riaux r\u00e9sistants et int\u00e9grant les derni\u00e8res technologies pour les aider \u00e0 am\u00e9liorer leurs performances sur piste.<\/p>\n<p>Il offre une sensation de frappe confortable, solide et contr\u00f4l\u00e9e, ce qui le rend parfait pour les joueurs les plus exigeants qui aiment \u00e0 la fois la d\u00e9fense et l&#8217;attaque.<\/p>\n<h2>Caract\u00e9ristiques de l&#8217;AT10 Genius 18K Alum 2025<\/h2>\n<p style=\"padding-left: 40px\">-Plats en <strong>Carbone Alun 18K<\/strong>pour un toucher beaucoup plus confortable, solide et des performances homog\u00e8nes<\/p>\n<p style=\"padding-left: 40px\">-Surface avec motif Spin 3D exclusif et finition sabl\u00e9e rugueuse pour donner plus d&#8217;effet et de contr\u00f4le \u00e0 la balle<\/p>\n<p style=\"padding-left: 40px\">-Cadre tubulaire Carbon Frame pour plus de durabilit\u00e9 et de rigidit\u00e9<\/p>\n<p style=\"padding-left: 40px\">-Noyau multicouche <em>MLD Black EVA<\/em>, qui <strong>optimise la sortie de balle<\/strong> en d\u00e9fense et ajoute de la puissance dans les coups offensifs<\/strong>p&gt;<\/p>\n<p style=\"padding-left: 40px\">-Une meilleure maniabilit\u00e9 et un poids redistribu\u00e9 gr\u00e2ce au EOS Flap<\/p>\n<p style=\"padding-left: 40px\">-Avec<em>Custom Grip<\/em>pour une adh\u00e9rence accrue et moins de vibrations<\/p>\n<p style=\"padding-left: 40px\">-Les vibrations apr\u00e8s l&#8217;impact sont r\u00e9duites gr\u00e2ce au <em>Pulse System<\/em><\/p>\n<p style=\"padding-left: 40px\">-R\u00e9duction des fissures \u00e0 l&#8217;ext\u00e9rieur avec la<em>Structure Composite Dynamique<\/em><\/p>\n<p style=\"padding-left: 40px\">-Lani\u00e8re de s\u00e9curit\u00e9 <em>Smartstrap<\/em> interchangeable<\/p>\n<p style=\"padding-left: 40px\">-Forme de larme<\/p>\n<p style=\"padding-left: 40px\">-Gamme S\u00e9rie Luxe<\/em><\/p>\n<h3>Obtenez le Nox AT10 Genius 18K Alum By Agust\u00edn Tapia 2025 au Revolution Padel Store<\/h3>\n<p>Avec la raquette Teardrop AT10 Genius 18K Alum By Agust\u00edn Tapia 2025 de Nox, vous obtiendrez des frappes pr\u00e9cises, riches en effets et confortables. Con\u00e7u pour les <strong>joueurs polyvalents de niveau avanc\u00e9.<\/strong><\/p>\n","protected":false},"excerpt":{"rendered":"<p>Raquette Nox AT10 Genius 18K Teardrop d&#8217;Agust\u00edn Tapia 2025, avec un noyau multicouche en EVA noir MLD et des surfaces rugueuses en carbone aluminis\u00e9 18K pour une plus grande durabilit\u00e9.<\/p>\n","protected":false},"featured_media":72109,"comment_status":"open","ping_status":"closed","template":"","meta":{"_acf_changed":false,"_joinchat":[]},"acabado":[1107,1097],"balance":[1142],"dureza":[1157],"forma":[1187],"jugador":[1192,1202],"marca":[1262],"nivel-de-juego":[1337,1347],"superficie":[1362],"tipo-de-juego":[1387],"product_brand":[],"product_cat":[302],"product_tag":[],"class_list":{"0":"post-72776","1":"product","2":"type-product","3":"status-publish","4":"has-post-thumbnail","6":"acabado-brut","7":"acabado-sable","8":"balance-moyen","9":"dureza-media-fr","10":"forma-lagrima-fr","11":"jugador-homme","12":"jugador-polivalente-fr","13":"marca-nox-fr","14":"superficie-rugosa-fr","15":"tipo-de-juego-polivalente-fr","16":"product_cat-palas-de-padel-fr","18":"first","19":"instock","20":"sale","21":"taxable","22":"shipping-taxable","23":"purchasable","24":"product-type-simple"},"acf":[],"yoast_head":"<!-- This site is optimized with the Yoast SEO plugin v27.4 - https:\/\/yoast.com\/product\/yoast-seo-wordpress\/ -->\n<title>NOX AT10 GENIUS 18K ALUM BY AGUSTIN TAPIA 2025 - Revolution Padel Store<\/title>\n<meta name=\"description\" content=\"La\u00a0pala de p\u00e1del AT10 Genius 18K Alum By Agust\u00edn Tapia\u00a0es un modelo de l\u00e1grima creado en colaboraci\u00f3n con Agust\u00edn Tapia que proporciona un balance ideal para a\u00f1adir velocidad en golpes defensivos y potencia en los ataques.Con un peso que var\u00eda entre los\u00a0360 y 375 gramos, esta pala se caracteriza por ser manejable y \u00e1gil, lo que facilita un\u00a0juego r\u00e1pido y preciso.\" \/>\n<meta name=\"robots\" content=\"index, follow, max-snippet:-1, max-image-preview:large, max-video-preview:-1\" \/>\n<link rel=\"canonical\" href=\"https:\/\/revolutionpadelstore.com\/fr\/produit\/nox-at10-genius-18k-alum-by-agustin-tapia-2025-4\/\" \/>\n<meta property=\"og:locale\" content=\"fr_FR\" \/>\n<meta property=\"og:type\" content=\"article\" \/>\n<meta property=\"og:title\" content=\"NOX AT10 GENIUS 18K ALUM BY AGUSTIN TAPIA 2025 - Revolution Padel Store\" \/>\n<meta property=\"og:description\" content=\"La\u00a0pala de p\u00e1del AT10 Genius 18K Alum By Agust\u00edn Tapia\u00a0es un modelo de l\u00e1grima creado en colaboraci\u00f3n con Agust\u00edn Tapia que proporciona un balance ideal para a\u00f1adir velocidad en golpes defensivos y potencia en los ataques.Con un peso que var\u00eda entre los\u00a0360 y 375 gramos, esta pala se caracteriza por ser manejable y \u00e1gil, lo que facilita un\u00a0juego r\u00e1pido y preciso.\" \/>\n<meta property=\"og:url\" content=\"https:\/\/revolutionpadelstore.com\/fr\/produit\/nox-at10-genius-18k-alum-by-agustin-tapia-2025-4\/\" \/>\n<meta property=\"og:site_name\" content=\"Revolution Padel Store\" \/>\n<meta property=\"article:modified_time\" content=\"2026-04-20T12:02:15+00:00\" \/>\n<meta property=\"og:image\" content=\"https:\/\/revolutionpadelstore.com\/wp-content\/uploads\/2024\/09\/113540_pala_nox_at10_genius_18k_alum_by_agustin_tapia_pat10genius1825_1500x1500_6e6f.webp\" \/>\n\t<meta property=\"og:image:width\" content=\"1500\" \/>\n\t<meta property=\"og:image:height\" content=\"1500\" \/>\n\t<meta property=\"og:image:type\" content=\"image\/webp\" \/>\n<meta name=\"twitter:card\" content=\"summary_large_image\" \/>\n<meta name=\"twitter:label1\" content=\"Dur\u00e9e de lecture estim\u00e9e\" \/>\n\t<meta name=\"twitter:data1\" content=\"2 minutes\" \/>\n<script type=\"application\/ld+json\" class=\"yoast-schema-graph\">{\"@context\":\"https:\\\/\\\/schema.org\",\"@graph\":[{\"@type\":\"WebPage\",\"@id\":\"https:\\\/\\\/revolutionpadelstore.com\\\/fr\\\/produit\\\/nox-at10-genius-18k-alum-by-agustin-tapia-2025-4\\\/\",\"url\":\"https:\\\/\\\/revolutionpadelstore.com\\\/fr\\\/produit\\\/nox-at10-genius-18k-alum-by-agustin-tapia-2025-4\\\/\",\"name\":\"NOX AT10 GENIUS 18K ALUM BY AGUSTIN TAPIA 2025 - Revolution Padel Store\",\"isPartOf\":{\"@id\":\"https:\\\/\\\/revolutionpadelstore.com\\\/fr\\\/#website\"},\"primaryImageOfPage\":{\"@id\":\"https:\\\/\\\/revolutionpadelstore.com\\\/fr\\\/produit\\\/nox-at10-genius-18k-alum-by-agustin-tapia-2025-4\\\/#primaryimage\"},\"image\":{\"@id\":\"https:\\\/\\\/revolutionpadelstore.com\\\/fr\\\/produit\\\/nox-at10-genius-18k-alum-by-agustin-tapia-2025-4\\\/#primaryimage\"},\"thumbnailUrl\":\"https:\\\/\\\/revolutionpadelstore.com\\\/wp-content\\\/uploads\\\/2024\\\/09\\\/113540_pala_nox_at10_genius_18k_alum_by_agustin_tapia_pat10genius1825_1500x1500_6e6f.webp\",\"datePublished\":\"2024-09-25T12:58:55+00:00\",\"dateModified\":\"2026-04-20T12:02:15+00:00\",\"description\":\"La\u00a0pala de p\u00e1del AT10 Genius 18K Alum By Agust\u00edn Tapia\u00a0es un modelo de l\u00e1grima creado en colaboraci\u00f3n con Agust\u00edn Tapia que proporciona un balance ideal para a\u00f1adir velocidad en golpes defensivos y potencia en los ataques.Con un peso que var\u00eda entre los\u00a0360 y 375 gramos, esta pala se caracteriza por ser manejable y \u00e1gil, lo que facilita un\u00a0juego r\u00e1pido y preciso.\",\"breadcrumb\":{\"@id\":\"https:\\\/\\\/revolutionpadelstore.com\\\/fr\\\/produit\\\/nox-at10-genius-18k-alum-by-agustin-tapia-2025-4\\\/#breadcrumb\"},\"inLanguage\":\"fr-FR\",\"potentialAction\":[{\"@type\":\"ReadAction\",\"target\":[\"https:\\\/\\\/revolutionpadelstore.com\\\/fr\\\/produit\\\/nox-at10-genius-18k-alum-by-agustin-tapia-2025-4\\\/\"]}]},{\"@type\":\"ImageObject\",\"inLanguage\":\"fr-FR\",\"@id\":\"https:\\\/\\\/revolutionpadelstore.com\\\/fr\\\/produit\\\/nox-at10-genius-18k-alum-by-agustin-tapia-2025-4\\\/#primaryimage\",\"url\":\"https:\\\/\\\/revolutionpadelstore.com\\\/wp-content\\\/uploads\\\/2024\\\/09\\\/113540_pala_nox_at10_genius_18k_alum_by_agustin_tapia_pat10genius1825_1500x1500_6e6f.webp\",\"contentUrl\":\"https:\\\/\\\/revolutionpadelstore.com\\\/wp-content\\\/uploads\\\/2024\\\/09\\\/113540_pala_nox_at10_genius_18k_alum_by_agustin_tapia_pat10genius1825_1500x1500_6e6f.webp\",\"width\":1500,\"height\":1500},{\"@type\":\"BreadcrumbList\",\"@id\":\"https:\\\/\\\/revolutionpadelstore.com\\\/fr\\\/produit\\\/nox-at10-genius-18k-alum-by-agustin-tapia-2025-4\\\/#breadcrumb\",\"itemListElement\":[{\"@type\":\"ListItem\",\"position\":1,\"name\":\"Portada\",\"item\":\"https:\\\/\\\/revolutionpadelstore.com\\\/fr\\\/\"},{\"@type\":\"ListItem\",\"position\":2,\"name\":\"Boutique\",\"item\":\"https:\\\/\\\/revolutionpadelstore.com\\\/fr\\\/tienda\\\/\"},{\"@type\":\"ListItem\",\"position\":3,\"name\":\"NOX AT10 GENIUS 18K ALUM BY AGUSTIN TAPIA 2025\"}]},{\"@type\":\"WebSite\",\"@id\":\"https:\\\/\\\/revolutionpadelstore.com\\\/fr\\\/#website\",\"url\":\"https:\\\/\\\/revolutionpadelstore.com\\\/fr\\\/\",\"name\":\"Revolution Padel Store\",\"description\":\"\",\"publisher\":{\"@id\":\"https:\\\/\\\/revolutionpadelstore.com\\\/fr\\\/#organization\"},\"potentialAction\":[{\"@type\":\"SearchAction\",\"target\":{\"@type\":\"EntryPoint\",\"urlTemplate\":\"https:\\\/\\\/revolutionpadelstore.com\\\/fr\\\/?s={search_term_string}\"},\"query-input\":{\"@type\":\"PropertyValueSpecification\",\"valueRequired\":true,\"valueName\":\"search_term_string\"}}],\"inLanguage\":\"fr-FR\"},{\"@type\":\"Organization\",\"@id\":\"https:\\\/\\\/revolutionpadelstore.com\\\/fr\\\/#organization\",\"name\":\"Revolution Padel Store\",\"url\":\"https:\\\/\\\/revolutionpadelstore.com\\\/fr\\\/\",\"logo\":{\"@type\":\"ImageObject\",\"inLanguage\":\"fr-FR\",\"@id\":\"https:\\\/\\\/revolutionpadelstore.com\\\/fr\\\/#\\\/schema\\\/logo\\\/image\\\/\",\"url\":\"https:\\\/\\\/revolutionpadelstore.com\\\/wp-content\\\/uploads\\\/2026\\\/02\\\/revolution-padel-store.jpg\",\"contentUrl\":\"https:\\\/\\\/revolutionpadelstore.com\\\/wp-content\\\/uploads\\\/2026\\\/02\\\/revolution-padel-store.jpg\",\"width\":2000,\"height\":2000,\"caption\":\"Revolution Padel Store\"},\"image\":{\"@id\":\"https:\\\/\\\/revolutionpadelstore.com\\\/fr\\\/#\\\/schema\\\/logo\\\/image\\\/\"},\"sameAs\":[\"https:\\\/\\\/www.instagram.com\\\/revolutionpadelstore\\\/\"]}]}<\/script>\n<!-- \/ Yoast SEO plugin. -->","yoast_head_json":{"title":"NOX AT10 GENIUS 18K ALUM BY AGUSTIN TAPIA 2025 - Revolution Padel Store","description":"La\u00a0pala de p\u00e1del AT10 Genius 18K Alum By Agust\u00edn Tapia\u00a0es un modelo de l\u00e1grima creado en colaboraci\u00f3n con Agust\u00edn Tapia que proporciona un balance ideal para a\u00f1adir velocidad en golpes defensivos y potencia en los ataques.Con un peso que var\u00eda entre los\u00a0360 y 375 gramos, esta pala se caracteriza por ser manejable y \u00e1gil, lo que facilita un\u00a0juego r\u00e1pido y preciso.","robots":{"index":"index","follow":"follow","max-snippet":"max-snippet:-1","max-image-preview":"max-image-preview:large","max-video-preview":"max-video-preview:-1"},"canonical":"https:\/\/revolutionpadelstore.com\/fr\/produit\/nox-at10-genius-18k-alum-by-agustin-tapia-2025-4\/","og_locale":"fr_FR","og_type":"article","og_title":"NOX AT10 GENIUS 18K ALUM BY AGUSTIN TAPIA 2025 - Revolution Padel Store","og_description":"La\u00a0pala de p\u00e1del AT10 Genius 18K Alum By Agust\u00edn Tapia\u00a0es un modelo de l\u00e1grima creado en colaboraci\u00f3n con Agust\u00edn Tapia que proporciona un balance ideal para a\u00f1adir velocidad en golpes defensivos y potencia en los ataques.Con un peso que var\u00eda entre los\u00a0360 y 375 gramos, esta pala se caracteriza por ser manejable y \u00e1gil, lo que facilita un\u00a0juego r\u00e1pido y preciso.","og_url":"https:\/\/revolutionpadelstore.com\/fr\/produit\/nox-at10-genius-18k-alum-by-agustin-tapia-2025-4\/","og_site_name":"Revolution Padel Store","article_modified_time":"2026-04-20T12:02:15+00:00","og_image":[{"width":1500,"height":1500,"url":"https:\/\/revolutionpadelstore.com\/wp-content\/uploads\/2024\/09\/113540_pala_nox_at10_genius_18k_alum_by_agustin_tapia_pat10genius1825_1500x1500_6e6f.webp","type":"image\/webp"}],"twitter_card":"summary_large_image","twitter_misc":{"Dur\u00e9e de lecture estim\u00e9e":"2 minutes"},"schema":{"@context":"https:\/\/schema.org","@graph":[{"@type":"WebPage","@id":"https:\/\/revolutionpadelstore.com\/fr\/produit\/nox-at10-genius-18k-alum-by-agustin-tapia-2025-4\/","url":"https:\/\/revolutionpadelstore.com\/fr\/produit\/nox-at10-genius-18k-alum-by-agustin-tapia-2025-4\/","name":"NOX AT10 GENIUS 18K ALUM BY AGUSTIN TAPIA 2025 - Revolution Padel Store","isPartOf":{"@id":"https:\/\/revolutionpadelstore.com\/fr\/#website"},"primaryImageOfPage":{"@id":"https:\/\/revolutionpadelstore.com\/fr\/produit\/nox-at10-genius-18k-alum-by-agustin-tapia-2025-4\/#primaryimage"},"image":{"@id":"https:\/\/revolutionpadelstore.com\/fr\/produit\/nox-at10-genius-18k-alum-by-agustin-tapia-2025-4\/#primaryimage"},"thumbnailUrl":"https:\/\/revolutionpadelstore.com\/wp-content\/uploads\/2024\/09\/113540_pala_nox_at10_genius_18k_alum_by_agustin_tapia_pat10genius1825_1500x1500_6e6f.webp","datePublished":"2024-09-25T12:58:55+00:00","dateModified":"2026-04-20T12:02:15+00:00","description":"La\u00a0pala de p\u00e1del AT10 Genius 18K Alum By Agust\u00edn Tapia\u00a0es un modelo de l\u00e1grima creado en colaboraci\u00f3n con Agust\u00edn Tapia que proporciona un balance ideal para a\u00f1adir velocidad en golpes defensivos y potencia en los ataques.Con un peso que var\u00eda entre los\u00a0360 y 375 gramos, esta pala se caracteriza por ser manejable y \u00e1gil, lo que facilita un\u00a0juego r\u00e1pido y preciso.","breadcrumb":{"@id":"https:\/\/revolutionpadelstore.com\/fr\/produit\/nox-at10-genius-18k-alum-by-agustin-tapia-2025-4\/#breadcrumb"},"inLanguage":"fr-FR","potentialAction":[{"@type":"ReadAction","target":["https:\/\/revolutionpadelstore.com\/fr\/produit\/nox-at10-genius-18k-alum-by-agustin-tapia-2025-4\/"]}]},{"@type":"ImageObject","inLanguage":"fr-FR","@id":"https:\/\/revolutionpadelstore.com\/fr\/produit\/nox-at10-genius-18k-alum-by-agustin-tapia-2025-4\/#primaryimage","url":"https:\/\/revolutionpadelstore.com\/wp-content\/uploads\/2024\/09\/113540_pala_nox_at10_genius_18k_alum_by_agustin_tapia_pat10genius1825_1500x1500_6e6f.webp","contentUrl":"https:\/\/revolutionpadelstore.com\/wp-content\/uploads\/2024\/09\/113540_pala_nox_at10_genius_18k_alum_by_agustin_tapia_pat10genius1825_1500x1500_6e6f.webp","width":1500,"height":1500},{"@type":"BreadcrumbList","@id":"https:\/\/revolutionpadelstore.com\/fr\/produit\/nox-at10-genius-18k-alum-by-agustin-tapia-2025-4\/#breadcrumb","itemListElement":[{"@type":"ListItem","position":1,"name":"Portada","item":"https:\/\/revolutionpadelstore.com\/fr\/"},{"@type":"ListItem","position":2,"name":"Boutique","item":"https:\/\/revolutionpadelstore.com\/fr\/tienda\/"},{"@type":"ListItem","position":3,"name":"NOX AT10 GENIUS 18K ALUM BY AGUSTIN TAPIA 2025"}]},{"@type":"WebSite","@id":"https:\/\/revolutionpadelstore.com\/fr\/#website","url":"https:\/\/revolutionpadelstore.com\/fr\/","name":"Revolution Padel Store","description":"","publisher":{"@id":"https:\/\/revolutionpadelstore.com\/fr\/#organization"},"potentialAction":[{"@type":"SearchAction","target":{"@type":"EntryPoint","urlTemplate":"https:\/\/revolutionpadelstore.com\/fr\/?s={search_term_string}"},"query-input":{"@type":"PropertyValueSpecification","valueRequired":true,"valueName":"search_term_string"}}],"inLanguage":"fr-FR"},{"@type":"Organization","@id":"https:\/\/revolutionpadelstore.com\/fr\/#organization","name":"Revolution Padel Store","url":"https:\/\/revolutionpadelstore.com\/fr\/","logo":{"@type":"ImageObject","inLanguage":"fr-FR","@id":"https:\/\/revolutionpadelstore.com\/fr\/#\/schema\/logo\/image\/","url":"https:\/\/revolutionpadelstore.com\/wp-content\/uploads\/2026\/02\/revolution-padel-store.jpg","contentUrl":"https:\/\/revolutionpadelstore.com\/wp-content\/uploads\/2026\/02\/revolution-padel-store.jpg","width":2000,"height":2000,"caption":"Revolution Padel Store"},"image":{"@id":"https:\/\/revolutionpadelstore.com\/fr\/#\/schema\/logo\/image\/"},"sameAs":["https:\/\/www.instagram.com\/revolutionpadelstore\/"]}]}},"_links":{"self":[{"href":"https:\/\/revolutionpadelstore.com\/fr\/wp-json\/wp\/v2\/product\/72776","targetHints":{"allow":["GET"]}}],"collection":[{"href":"https:\/\/revolutionpadelstore.com\/fr\/wp-json\/wp\/v2\/product"}],"about":[{"href":"https:\/\/revolutionpadelstore.com\/fr\/wp-json\/wp\/v2\/types\/product"}],"replies":[{"embeddable":true,"href":"https:\/\/revolutionpadelstore.com\/fr\/wp-json\/wp\/v2\/comments?post=72776"}],"wp:featuredmedia":[{"embeddable":true,"href":"https:\/\/revolutionpadelstore.com\/fr\/wp-json\/wp\/v2\/media\/72109"}],"wp:attachment":[{"href":"https:\/\/revolutionpadelstore.com\/fr\/wp-json\/wp\/v2\/media?parent=72776"}],"wp:term":[{"taxonomy":"acabado","embeddable":true,"href":"https:\/\/revolutionpadelstore.com\/fr\/wp-json\/wp\/v2\/acabado?post=72776"},{"taxonomy":"balance","embeddable":true,"href":"https:\/\/revolutionpadelstore.com\/fr\/wp-json\/wp\/v2\/balance?post=72776"},{"taxonomy":"dureza","embeddable":true,"href":"https:\/\/revolutionpadelstore.com\/fr\/wp-json\/wp\/v2\/dureza?post=72776"},{"taxonomy":"forma","embeddable":true,"href":"https:\/\/revolutionpadelstore.com\/fr\/wp-json\/wp\/v2\/forma?post=72776"},{"taxonomy":"jugador","embeddable":true,"href":"https:\/\/revolutionpadelstore.com\/fr\/wp-json\/wp\/v2\/jugador?post=72776"},{"taxonomy":"marca","embeddable":true,"href":"https:\/\/revolutionpadelstore.com\/fr\/wp-json\/wp\/v2\/marca?post=72776"},{"taxonomy":"nivel-de-juego","embeddable":true,"href":"https:\/\/revolutionpadelstore.com\/fr\/wp-json\/wp\/v2\/nivel-de-juego?post=72776"},{"taxonomy":"superficie","embeddable":true,"href":"https:\/\/revolutionpadelstore.com\/fr\/wp-json\/wp\/v2\/superficie?post=72776"},{"taxonomy":"tipo-de-juego","embeddable":true,"href":"https:\/\/revolutionpadelstore.com\/fr\/wp-json\/wp\/v2\/tipo-de-juego?post=72776"},{"taxonomy":"product_brand","embeddable":true,"href":"https:\/\/revolutionpadelstore.com\/fr\/wp-json\/wp\/v2\/product_brand?post=72776"},{"taxonomy":"product_cat","embeddable":true,"href":"https:\/\/revolutionpadelstore.com\/fr\/wp-json\/wp\/v2\/product_cat?post=72776"},{"taxonomy":"product_tag","embeddable":true,"href":"https:\/\/revolutionpadelstore.com\/fr\/wp-json\/wp\/v2\/product_tag?post=72776"}],"curies":[{"name":"wp","href":"https:\/\/api.w.org\/{rel}","templated":true}]}}