{"id":72771,"date":"2024-09-25T22:28:19","date_gmt":"2024-09-25T20:28:19","guid":{"rendered":"https:\/\/revolutionpadelstore.com\/nox-at10-genius-attack-12k-by-agustin-tapia-2025\/"},"modified":"2026-04-01T07:15:51","modified_gmt":"2026-04-01T05:15:51","slug":"nox-at10-genius-attack-12k-by-agustin-tapia-2025-3","status":"publish","type":"product","link":"https:\/\/revolutionpadelstore.com\/fr\/produit\/nox-at10-genius-attack-12k-by-agustin-tapia-2025-3\/","title":{"rendered":"NOX AT10 GENIUS ATTACK 12K BY AGUSTIN TAPIA 2025"},"content":{"rendered":"<h2>Nox AT10 Genius Attack 12K par Agustin Tapia 2025<\/h2>\n<p>La Nox AT10 Genius Attack 12K By Agust\u00edn Tapia 2025 est une raquette de padel haut de gamme con\u00e7ue en collaboration avec le joueur professionnel Agust\u00edn Tapia. Cette raquette fait partie de la collection <strong>Luxury Series 2025<\/strong> de Nox, se distinguant par son design exclusif en noir avec des d\u00e9tails orange et par l&#8217;int\u00e9gration des technologies les plus avanc\u00e9es du march\u00e9.<\/p>\n<p>Avec un <strong>format diamant<\/strong>, il s&#8217;adresse aux joueurs recherchant puissance et pr\u00e9cision dans leurs frappes.<\/p>\n<h2>Nox AT10 Genius Attack 12K 2025 pour les joueurs de niveau avanc\u00e9<\/h2>\n<p>Le Nox AT10 Genius Attack 12K est id\u00e9al pour les joueurs de niveau avanc\u00e9 ou professionnel qui privil\u00e9gient la puissance \u00e0 chaque tir. Son format diamant et son noyau Black EVA MLD offrent une sortie de balle explosive, parfaite pour ceux qui aiment jouer pr\u00e8s du filet et cherchent \u00e0 finir les points en force. De plus, la poign\u00e9e \u00e9tendue am\u00e9liore le contr\u00f4le, ce qui la rend adapt\u00e9e aux joueurs qui pr\u00e9f\u00e8rent une poign\u00e9e plus longue.<\/p>\n<h3><strong>Caract\u00e9ristiques et technologies de la raquette Nox AT10 Genius Attack 12K 2025<\/strong><\/h3>\n<p style=\"padding-left: 40px\"><strong>-Format diamant<\/strong>, id\u00e9al pour g\u00e9n\u00e9rer une plus grande puissance.<\/p>\n<p style=\"padding-left: 40px\"><strong>-Avions en carbone 12K<\/strong> pour une frappe solide et pr\u00e9cise.<\/p>\n<p style=\"padding-left: 40px\"><strong>-Cadre en carbone<\/strong> pour augmenter la durabilit\u00e9 et la rigidit\u00e9.<\/p>\n<p style=\"padding-left: 40px\"><strong>-Noyau MLD en EVA <em>noir<\/em>, <strong>multicouche pour optimiser le rendement de la balle<\/strong> et am\u00e9liorer les ench\u00e8res.<\/p>\n<p style=\"padding-left: 40px\">-Technologie EOS <em>Flap<\/em>, <strong>perforations lat\u00e9rales qui am\u00e9liorent la maniabilit\u00e9<\/strong>.<\/p>\n<p style=\"padding-left: 40px\"><strong>-Technologie DCS<\/strong>, minimise la duret\u00e9 dans les parties ext\u00e9rieures de la lame pour <strong>\u00e9viter la casse<\/strong>.<\/p>\n<p style=\"padding-left: 40px\"><em>-Smartstrap\u00ae<\/em>,<strong>longe de s\u00e9curit\u00e9 rempla\u00e7able<\/strong>.<\/p>\n<p style=\"padding-left: 40px\"><em>-Poign\u00e9e surdimensionn\u00e9e<\/em>, <strong>poign\u00e9e \u00e9tendue<\/strong> de 10 mm.<\/p>\n<p style=\"padding-left: 40px\"><em>-Pulse System<\/em>, <strong> inserts en caoutchouc qui r\u00e9duisent les vibrations<\/strong>.<\/p>\n<p style=\"padding-left: 40px\"><em>-Spin exclusif<\/em>, <strong>surface rugueuse<\/strong> qui offre une meilleure adh\u00e9rence \u00e0 la balle.<\/p>\n<p>Si vous recherchez une raquette alliant design, puissance et technologie de pointe, la Nox AT10 Genius Attack 12K est une option imbattable. Con\u00e7u pour les joueurs les plus exigeants, il vous permettra de faire passer votre jeu au niveau sup\u00e9rieur.<\/p>\n<h2>Nox AT10 Genius Attack 12K By Agustin Tapia 2025<\/h2>\n","protected":false},"excerpt":{"rendered":"<p>Le Nox AT10 Genius Attack 12K d&#8217;Agust\u00edn Tapia 2025 allie puissance, contr\u00f4le et durabilit\u00e9, con\u00e7u pour les joueurs avanc\u00e9s \u00e0 la recherche de performances optimales et d&#8217;une technologie de pointe.<\/p>\n","protected":false},"featured_media":125334,"comment_status":"open","ping_status":"closed","template":"","meta":{"_acf_changed":false,"_joinchat":[]},"acabado":[1097],"balance":[1137],"dureza":[1157],"forma":[1172],"jugador":[1192,1202],"marca":[1262],"nivel-de-juego":[1337],"superficie":[1362],"tipo-de-juego":[1377],"product_brand":[],"product_cat":[302],"product_tag":[],"class_list":{"0":"post-72771","1":"product","2":"type-product","3":"status-publish","4":"has-post-thumbnail","6":"acabado-sable","7":"balance-eleve","8":"dureza-media-fr","9":"forma-diamant","10":"jugador-homme","11":"jugador-polivalente-fr","12":"marca-nox-fr","13":"superficie-rugosa-fr","14":"tipo-de-juego-puissance","15":"product_cat-palas-de-padel-fr","17":"first","18":"instock","19":"sale","20":"taxable","21":"shipping-taxable","22":"purchasable","23":"product-type-simple"},"acf":[],"yoast_head":"<!-- This site is optimized with the Yoast SEO plugin v27.3 - https:\/\/yoast.com\/product\/yoast-seo-wordpress\/ -->\n<title>NOX AT10 GENIUS ATTACK 12K BY AGUSTIN TAPIA 2025 - Revolution Padel Store<\/title>\n<meta name=\"description\" content=\"La\u00a0Nox AT10 Genius Attack 12K By Agust\u00edn Tapia 2025\u00a0es una pala de p\u00e1del de alta gama dise\u00f1ada en colaboraci\u00f3n con el jugador profesional\u00a0Agust\u00edn Tapia. Esta pala forma parte de la colecci\u00f3n\u00a0Luxury Series 2025\u00a0de Nox, destacando por su dise\u00f1o exclusivo en negro con detalles en naranja y por incorporar las tecnolog\u00edas m\u00e1s avanzadas del mercado. Con un\u00a0formato diamante, est\u00e1 pensada para jugadores que buscan potencia y precisi\u00f3n en sus golpes\" \/>\n<meta name=\"robots\" content=\"index, follow, max-snippet:-1, max-image-preview:large, max-video-preview:-1\" \/>\n<link rel=\"canonical\" href=\"https:\/\/revolutionpadelstore.com\/fr\/produit\/nox-at10-genius-attack-12k-by-agustin-tapia-2025-3\/\" \/>\n<meta property=\"og:locale\" content=\"fr_FR\" \/>\n<meta property=\"og:type\" content=\"article\" \/>\n<meta property=\"og:title\" content=\"NOX AT10 GENIUS ATTACK 12K BY AGUSTIN TAPIA 2025 - Revolution Padel Store\" \/>\n<meta property=\"og:description\" content=\"La\u00a0Nox AT10 Genius Attack 12K By Agust\u00edn Tapia 2025\u00a0es una pala de p\u00e1del de alta gama dise\u00f1ada en colaboraci\u00f3n con el jugador profesional\u00a0Agust\u00edn Tapia. Esta pala forma parte de la colecci\u00f3n\u00a0Luxury Series 2025\u00a0de Nox, destacando por su dise\u00f1o exclusivo en negro con detalles en naranja y por incorporar las tecnolog\u00edas m\u00e1s avanzadas del mercado. Con un\u00a0formato diamante, est\u00e1 pensada para jugadores que buscan potencia y precisi\u00f3n en sus golpes\" \/>\n<meta property=\"og:url\" content=\"https:\/\/revolutionpadelstore.com\/fr\/produit\/nox-at10-genius-attack-12k-by-agustin-tapia-2025-3\/\" \/>\n<meta property=\"og:site_name\" content=\"Revolution Padel Store\" \/>\n<meta property=\"article:modified_time\" content=\"2026-04-01T05:15:51+00:00\" \/>\n<meta property=\"og:image\" content=\"https:\/\/revolutionpadelstore.com\/wp-content\/uploads\/2024\/10\/113541_pala_nox_at10_genius_attack_12k_by_agustin_tapia_pat10geniusat25_1500x15_2b18.webp\" \/>\n\t<meta property=\"og:image:width\" content=\"1500\" \/>\n\t<meta property=\"og:image:height\" content=\"1500\" \/>\n\t<meta property=\"og:image:type\" content=\"image\/webp\" \/>\n<meta name=\"twitter:card\" content=\"summary_large_image\" \/>\n<meta name=\"twitter:label1\" content=\"Dur\u00e9e de lecture estim\u00e9e\" \/>\n\t<meta name=\"twitter:data1\" content=\"2 minutes\" \/>\n<script type=\"application\/ld+json\" class=\"yoast-schema-graph\">{\"@context\":\"https:\\\/\\\/schema.org\",\"@graph\":[{\"@type\":\"WebPage\",\"@id\":\"https:\\\/\\\/revolutionpadelstore.com\\\/fr\\\/produit\\\/nox-at10-genius-attack-12k-by-agustin-tapia-2025-3\\\/\",\"url\":\"https:\\\/\\\/revolutionpadelstore.com\\\/fr\\\/produit\\\/nox-at10-genius-attack-12k-by-agustin-tapia-2025-3\\\/\",\"name\":\"NOX AT10 GENIUS ATTACK 12K BY AGUSTIN TAPIA 2025 - Revolution Padel Store\",\"isPartOf\":{\"@id\":\"https:\\\/\\\/revolutionpadelstore.com\\\/fr\\\/#website\"},\"primaryImageOfPage\":{\"@id\":\"https:\\\/\\\/revolutionpadelstore.com\\\/fr\\\/produit\\\/nox-at10-genius-attack-12k-by-agustin-tapia-2025-3\\\/#primaryimage\"},\"image\":{\"@id\":\"https:\\\/\\\/revolutionpadelstore.com\\\/fr\\\/produit\\\/nox-at10-genius-attack-12k-by-agustin-tapia-2025-3\\\/#primaryimage\"},\"thumbnailUrl\":\"https:\\\/\\\/revolutionpadelstore.com\\\/wp-content\\\/uploads\\\/2024\\\/10\\\/113541_pala_nox_at10_genius_attack_12k_by_agustin_tapia_pat10geniusat25_1500x15_2b18.webp\",\"datePublished\":\"2024-09-25T20:28:19+00:00\",\"dateModified\":\"2026-04-01T05:15:51+00:00\",\"description\":\"La\u00a0Nox AT10 Genius Attack 12K By Agust\u00edn Tapia 2025\u00a0es una pala de p\u00e1del de alta gama dise\u00f1ada en colaboraci\u00f3n con el jugador profesional\u00a0Agust\u00edn Tapia. Esta pala forma parte de la colecci\u00f3n\u00a0Luxury Series 2025\u00a0de Nox, destacando por su dise\u00f1o exclusivo en negro con detalles en naranja y por incorporar las tecnolog\u00edas m\u00e1s avanzadas del mercado. Con un\u00a0formato diamante, est\u00e1 pensada para jugadores que buscan potencia y precisi\u00f3n en sus golpes\",\"breadcrumb\":{\"@id\":\"https:\\\/\\\/revolutionpadelstore.com\\\/fr\\\/produit\\\/nox-at10-genius-attack-12k-by-agustin-tapia-2025-3\\\/#breadcrumb\"},\"inLanguage\":\"fr-FR\",\"potentialAction\":[{\"@type\":\"ReadAction\",\"target\":[\"https:\\\/\\\/revolutionpadelstore.com\\\/fr\\\/produit\\\/nox-at10-genius-attack-12k-by-agustin-tapia-2025-3\\\/\"]}]},{\"@type\":\"ImageObject\",\"inLanguage\":\"fr-FR\",\"@id\":\"https:\\\/\\\/revolutionpadelstore.com\\\/fr\\\/produit\\\/nox-at10-genius-attack-12k-by-agustin-tapia-2025-3\\\/#primaryimage\",\"url\":\"https:\\\/\\\/revolutionpadelstore.com\\\/wp-content\\\/uploads\\\/2024\\\/10\\\/113541_pala_nox_at10_genius_attack_12k_by_agustin_tapia_pat10geniusat25_1500x15_2b18.webp\",\"contentUrl\":\"https:\\\/\\\/revolutionpadelstore.com\\\/wp-content\\\/uploads\\\/2024\\\/10\\\/113541_pala_nox_at10_genius_attack_12k_by_agustin_tapia_pat10geniusat25_1500x15_2b18.webp\",\"width\":1500,\"height\":1500},{\"@type\":\"BreadcrumbList\",\"@id\":\"https:\\\/\\\/revolutionpadelstore.com\\\/fr\\\/produit\\\/nox-at10-genius-attack-12k-by-agustin-tapia-2025-3\\\/#breadcrumb\",\"itemListElement\":[{\"@type\":\"ListItem\",\"position\":1,\"name\":\"Portada\",\"item\":\"https:\\\/\\\/revolutionpadelstore.com\\\/fr\\\/\"},{\"@type\":\"ListItem\",\"position\":2,\"name\":\"Boutique\",\"item\":\"https:\\\/\\\/revolutionpadelstore.com\\\/fr\\\/tienda\\\/\"},{\"@type\":\"ListItem\",\"position\":3,\"name\":\"NOX AT10 GENIUS ATTACK 12K BY AGUSTIN TAPIA 2025\"}]},{\"@type\":\"WebSite\",\"@id\":\"https:\\\/\\\/revolutionpadelstore.com\\\/fr\\\/#website\",\"url\":\"https:\\\/\\\/revolutionpadelstore.com\\\/fr\\\/\",\"name\":\"Revolution Padel Store\",\"description\":\"\",\"publisher\":{\"@id\":\"https:\\\/\\\/revolutionpadelstore.com\\\/fr\\\/#organization\"},\"potentialAction\":[{\"@type\":\"SearchAction\",\"target\":{\"@type\":\"EntryPoint\",\"urlTemplate\":\"https:\\\/\\\/revolutionpadelstore.com\\\/fr\\\/?s={search_term_string}\"},\"query-input\":{\"@type\":\"PropertyValueSpecification\",\"valueRequired\":true,\"valueName\":\"search_term_string\"}}],\"inLanguage\":\"fr-FR\"},{\"@type\":\"Organization\",\"@id\":\"https:\\\/\\\/revolutionpadelstore.com\\\/fr\\\/#organization\",\"name\":\"Revolution Padel Store\",\"url\":\"https:\\\/\\\/revolutionpadelstore.com\\\/fr\\\/\",\"logo\":{\"@type\":\"ImageObject\",\"inLanguage\":\"fr-FR\",\"@id\":\"https:\\\/\\\/revolutionpadelstore.com\\\/fr\\\/#\\\/schema\\\/logo\\\/image\\\/\",\"url\":\"https:\\\/\\\/revolutionpadelstore.com\\\/wp-content\\\/uploads\\\/2026\\\/02\\\/revolution-padel-store.jpg\",\"contentUrl\":\"https:\\\/\\\/revolutionpadelstore.com\\\/wp-content\\\/uploads\\\/2026\\\/02\\\/revolution-padel-store.jpg\",\"width\":2000,\"height\":2000,\"caption\":\"Revolution Padel Store\"},\"image\":{\"@id\":\"https:\\\/\\\/revolutionpadelstore.com\\\/fr\\\/#\\\/schema\\\/logo\\\/image\\\/\"},\"sameAs\":[\"https:\\\/\\\/www.instagram.com\\\/revolutionpadelstore\\\/\"]}]}<\/script>\n<!-- \/ Yoast SEO plugin. -->","yoast_head_json":{"title":"NOX AT10 GENIUS ATTACK 12K BY AGUSTIN TAPIA 2025 - Revolution Padel Store","description":"La\u00a0Nox AT10 Genius Attack 12K By Agust\u00edn Tapia 2025\u00a0es una pala de p\u00e1del de alta gama dise\u00f1ada en colaboraci\u00f3n con el jugador profesional\u00a0Agust\u00edn Tapia. Esta pala forma parte de la colecci\u00f3n\u00a0Luxury Series 2025\u00a0de Nox, destacando por su dise\u00f1o exclusivo en negro con detalles en naranja y por incorporar las tecnolog\u00edas m\u00e1s avanzadas del mercado. Con un\u00a0formato diamante, est\u00e1 pensada para jugadores que buscan potencia y precisi\u00f3n en sus golpes","robots":{"index":"index","follow":"follow","max-snippet":"max-snippet:-1","max-image-preview":"max-image-preview:large","max-video-preview":"max-video-preview:-1"},"canonical":"https:\/\/revolutionpadelstore.com\/fr\/produit\/nox-at10-genius-attack-12k-by-agustin-tapia-2025-3\/","og_locale":"fr_FR","og_type":"article","og_title":"NOX AT10 GENIUS ATTACK 12K BY AGUSTIN TAPIA 2025 - Revolution Padel Store","og_description":"La\u00a0Nox AT10 Genius Attack 12K By Agust\u00edn Tapia 2025\u00a0es una pala de p\u00e1del de alta gama dise\u00f1ada en colaboraci\u00f3n con el jugador profesional\u00a0Agust\u00edn Tapia. Esta pala forma parte de la colecci\u00f3n\u00a0Luxury Series 2025\u00a0de Nox, destacando por su dise\u00f1o exclusivo en negro con detalles en naranja y por incorporar las tecnolog\u00edas m\u00e1s avanzadas del mercado. Con un\u00a0formato diamante, est\u00e1 pensada para jugadores que buscan potencia y precisi\u00f3n en sus golpes","og_url":"https:\/\/revolutionpadelstore.com\/fr\/produit\/nox-at10-genius-attack-12k-by-agustin-tapia-2025-3\/","og_site_name":"Revolution Padel Store","article_modified_time":"2026-04-01T05:15:51+00:00","og_image":[{"width":1500,"height":1500,"url":"https:\/\/revolutionpadelstore.com\/wp-content\/uploads\/2024\/10\/113541_pala_nox_at10_genius_attack_12k_by_agustin_tapia_pat10geniusat25_1500x15_2b18.webp","type":"image\/webp"}],"twitter_card":"summary_large_image","twitter_misc":{"Dur\u00e9e de lecture estim\u00e9e":"2 minutes"},"schema":{"@context":"https:\/\/schema.org","@graph":[{"@type":"WebPage","@id":"https:\/\/revolutionpadelstore.com\/fr\/produit\/nox-at10-genius-attack-12k-by-agustin-tapia-2025-3\/","url":"https:\/\/revolutionpadelstore.com\/fr\/produit\/nox-at10-genius-attack-12k-by-agustin-tapia-2025-3\/","name":"NOX AT10 GENIUS ATTACK 12K BY AGUSTIN TAPIA 2025 - Revolution Padel Store","isPartOf":{"@id":"https:\/\/revolutionpadelstore.com\/fr\/#website"},"primaryImageOfPage":{"@id":"https:\/\/revolutionpadelstore.com\/fr\/produit\/nox-at10-genius-attack-12k-by-agustin-tapia-2025-3\/#primaryimage"},"image":{"@id":"https:\/\/revolutionpadelstore.com\/fr\/produit\/nox-at10-genius-attack-12k-by-agustin-tapia-2025-3\/#primaryimage"},"thumbnailUrl":"https:\/\/revolutionpadelstore.com\/wp-content\/uploads\/2024\/10\/113541_pala_nox_at10_genius_attack_12k_by_agustin_tapia_pat10geniusat25_1500x15_2b18.webp","datePublished":"2024-09-25T20:28:19+00:00","dateModified":"2026-04-01T05:15:51+00:00","description":"La\u00a0Nox AT10 Genius Attack 12K By Agust\u00edn Tapia 2025\u00a0es una pala de p\u00e1del de alta gama dise\u00f1ada en colaboraci\u00f3n con el jugador profesional\u00a0Agust\u00edn Tapia. Esta pala forma parte de la colecci\u00f3n\u00a0Luxury Series 2025\u00a0de Nox, destacando por su dise\u00f1o exclusivo en negro con detalles en naranja y por incorporar las tecnolog\u00edas m\u00e1s avanzadas del mercado. Con un\u00a0formato diamante, est\u00e1 pensada para jugadores que buscan potencia y precisi\u00f3n en sus golpes","breadcrumb":{"@id":"https:\/\/revolutionpadelstore.com\/fr\/produit\/nox-at10-genius-attack-12k-by-agustin-tapia-2025-3\/#breadcrumb"},"inLanguage":"fr-FR","potentialAction":[{"@type":"ReadAction","target":["https:\/\/revolutionpadelstore.com\/fr\/produit\/nox-at10-genius-attack-12k-by-agustin-tapia-2025-3\/"]}]},{"@type":"ImageObject","inLanguage":"fr-FR","@id":"https:\/\/revolutionpadelstore.com\/fr\/produit\/nox-at10-genius-attack-12k-by-agustin-tapia-2025-3\/#primaryimage","url":"https:\/\/revolutionpadelstore.com\/wp-content\/uploads\/2024\/10\/113541_pala_nox_at10_genius_attack_12k_by_agustin_tapia_pat10geniusat25_1500x15_2b18.webp","contentUrl":"https:\/\/revolutionpadelstore.com\/wp-content\/uploads\/2024\/10\/113541_pala_nox_at10_genius_attack_12k_by_agustin_tapia_pat10geniusat25_1500x15_2b18.webp","width":1500,"height":1500},{"@type":"BreadcrumbList","@id":"https:\/\/revolutionpadelstore.com\/fr\/produit\/nox-at10-genius-attack-12k-by-agustin-tapia-2025-3\/#breadcrumb","itemListElement":[{"@type":"ListItem","position":1,"name":"Portada","item":"https:\/\/revolutionpadelstore.com\/fr\/"},{"@type":"ListItem","position":2,"name":"Boutique","item":"https:\/\/revolutionpadelstore.com\/fr\/tienda\/"},{"@type":"ListItem","position":3,"name":"NOX AT10 GENIUS ATTACK 12K BY AGUSTIN TAPIA 2025"}]},{"@type":"WebSite","@id":"https:\/\/revolutionpadelstore.com\/fr\/#website","url":"https:\/\/revolutionpadelstore.com\/fr\/","name":"Revolution Padel Store","description":"","publisher":{"@id":"https:\/\/revolutionpadelstore.com\/fr\/#organization"},"potentialAction":[{"@type":"SearchAction","target":{"@type":"EntryPoint","urlTemplate":"https:\/\/revolutionpadelstore.com\/fr\/?s={search_term_string}"},"query-input":{"@type":"PropertyValueSpecification","valueRequired":true,"valueName":"search_term_string"}}],"inLanguage":"fr-FR"},{"@type":"Organization","@id":"https:\/\/revolutionpadelstore.com\/fr\/#organization","name":"Revolution Padel Store","url":"https:\/\/revolutionpadelstore.com\/fr\/","logo":{"@type":"ImageObject","inLanguage":"fr-FR","@id":"https:\/\/revolutionpadelstore.com\/fr\/#\/schema\/logo\/image\/","url":"https:\/\/revolutionpadelstore.com\/wp-content\/uploads\/2026\/02\/revolution-padel-store.jpg","contentUrl":"https:\/\/revolutionpadelstore.com\/wp-content\/uploads\/2026\/02\/revolution-padel-store.jpg","width":2000,"height":2000,"caption":"Revolution Padel Store"},"image":{"@id":"https:\/\/revolutionpadelstore.com\/fr\/#\/schema\/logo\/image\/"},"sameAs":["https:\/\/www.instagram.com\/revolutionpadelstore\/"]}]}},"_links":{"self":[{"href":"https:\/\/revolutionpadelstore.com\/fr\/wp-json\/wp\/v2\/product\/72771","targetHints":{"allow":["GET"]}}],"collection":[{"href":"https:\/\/revolutionpadelstore.com\/fr\/wp-json\/wp\/v2\/product"}],"about":[{"href":"https:\/\/revolutionpadelstore.com\/fr\/wp-json\/wp\/v2\/types\/product"}],"replies":[{"embeddable":true,"href":"https:\/\/revolutionpadelstore.com\/fr\/wp-json\/wp\/v2\/comments?post=72771"}],"wp:featuredmedia":[{"embeddable":true,"href":"https:\/\/revolutionpadelstore.com\/fr\/wp-json\/wp\/v2\/media\/125334"}],"wp:attachment":[{"href":"https:\/\/revolutionpadelstore.com\/fr\/wp-json\/wp\/v2\/media?parent=72771"}],"wp:term":[{"taxonomy":"acabado","embeddable":true,"href":"https:\/\/revolutionpadelstore.com\/fr\/wp-json\/wp\/v2\/acabado?post=72771"},{"taxonomy":"balance","embeddable":true,"href":"https:\/\/revolutionpadelstore.com\/fr\/wp-json\/wp\/v2\/balance?post=72771"},{"taxonomy":"dureza","embeddable":true,"href":"https:\/\/revolutionpadelstore.com\/fr\/wp-json\/wp\/v2\/dureza?post=72771"},{"taxonomy":"forma","embeddable":true,"href":"https:\/\/revolutionpadelstore.com\/fr\/wp-json\/wp\/v2\/forma?post=72771"},{"taxonomy":"jugador","embeddable":true,"href":"https:\/\/revolutionpadelstore.com\/fr\/wp-json\/wp\/v2\/jugador?post=72771"},{"taxonomy":"marca","embeddable":true,"href":"https:\/\/revolutionpadelstore.com\/fr\/wp-json\/wp\/v2\/marca?post=72771"},{"taxonomy":"nivel-de-juego","embeddable":true,"href":"https:\/\/revolutionpadelstore.com\/fr\/wp-json\/wp\/v2\/nivel-de-juego?post=72771"},{"taxonomy":"superficie","embeddable":true,"href":"https:\/\/revolutionpadelstore.com\/fr\/wp-json\/wp\/v2\/superficie?post=72771"},{"taxonomy":"tipo-de-juego","embeddable":true,"href":"https:\/\/revolutionpadelstore.com\/fr\/wp-json\/wp\/v2\/tipo-de-juego?post=72771"},{"taxonomy":"product_brand","embeddable":true,"href":"https:\/\/revolutionpadelstore.com\/fr\/wp-json\/wp\/v2\/product_brand?post=72771"},{"taxonomy":"product_cat","embeddable":true,"href":"https:\/\/revolutionpadelstore.com\/fr\/wp-json\/wp\/v2\/product_cat?post=72771"},{"taxonomy":"product_tag","embeddable":true,"href":"https:\/\/revolutionpadelstore.com\/fr\/wp-json\/wp\/v2\/product_tag?post=72771"}],"curies":[{"name":"wp","href":"https:\/\/api.w.org\/{rel}","templated":true}]}}