{"id":72761,"date":"2024-09-25T22:52:04","date_gmt":"2024-09-25T20:52:04","guid":{"rendered":"https:\/\/revolutionpadelstore.com\/nox-la10-quantum-12k-by-leo-augsburguer-2025\/"},"modified":"2026-04-01T07:14:52","modified_gmt":"2026-04-01T05:14:52","slug":"nox-la10-quantum-12k-by-leo-augsburguer-2025-3","status":"publish","type":"product","link":"https:\/\/revolutionpadelstore.com\/fr\/produit\/nox-la10-quantum-12k-by-leo-augsburguer-2025-3\/","title":{"rendered":"NOX LA10 QUANTUM 12K BY LEO AUGSBURGUER 2025"},"content":{"rendered":"<h2>Nox LA10 Quantum 12K Par Leo Augsburguer 2025, puissance maximale<\/h2>\n<p>La raquette de padel Nox LA10 Quantum 12K, con\u00e7ue en collaboration avec le joueur Leo Augsburguer pour la saison 2025, pr\u00e9sente un moule en forme de diamant redessin\u00e9 qui vous permettra d&#8217;imprimer une puissance maximale \u00e0 chaque coup.<\/p>\n<p>Son poids de <strong>360-375 grammes<\/strong> le rend facile \u00e0 manipuler et offre un confort lors de longues journ\u00e9es, parfait pour les comp\u00e9titions exigeantes. Design moderne et accrocheur r\u00e9alis\u00e9 avec de la peinture au c\u0153ur qui se synchronise avec la couleur du caoutchouc.<\/p>\n<h2>LA10 Quantum 12K par Nox, pour les joueurs offensifs<\/h2>\n<p>Les technologies de derni\u00e8re g\u00e9n\u00e9ration et les technologies avanc\u00e9es en font l&#8217;option id\u00e9ale pour les <strong>joueurs de padel de niveau avanc\u00e9 ou professionnel<\/strong> qui recherchent un tir solide, stable et ferme.<\/p>\n<p>C&#8217;est le mod\u00e8le id\u00e9al pour attaquer des jeux avec une puissance incroyable. Vous serez mortel au filet avec une agressivit\u00e9 maximale.<\/p>\n<h2>Caract\u00e9ristiques et technologies du Nox LA10 Quantum 12K<\/h2>\n<p style=\"padding-left: 40px\">-Noyau <em>HR3 Color EVA <\/em>haute densit\u00e9 avec une bonne capacit\u00e9 de r\u00e9cup\u00e9ration, un excellent rendement de balle et une puissance de frappe<\/p>\n<p style=\"padding-left: 40px\">-Cadre en carbone pour une durabilit\u00e9 incroyable<\/p>\n<p style=\"padding-left: 40px\">-Plats en carbone 12K qui permettent une plus grande rigidit\u00e9 et un poids r\u00e9duit<\/p>\n<p style=\"padding-left: 40px\">-Surface avec motif exclusif <em>SPIN 3D<\/em> et sable rugueux qui facilite les effets<\/p>\n<p style=\"padding-left: 40px\">-Avec la technologie <em>EOS Flap<\/em> pour une meilleure adh\u00e9rence et une meilleure maniabilit\u00e9<\/p>\n<p style=\"padding-left: 40px\">-Avec <em>Custom Grip<\/em> qui contribue \u00e0 l&#8217;absorption des vibrations<\/p>\n<p style=\"padding-left: 40px\">-Lani\u00e8re de s\u00e9curit\u00e9 Smartstrap rempla\u00e7able<\/p>\n<p style=\"padding-left: 40px\">-Peinture r\u00e9active<em>Peinture Photochromique<\/em> au coeur<\/p>\n<p style=\"padding-left: 40px\"><em>-Pulse System<\/em> pour une frappe plus stable et confortable<\/p>\n<h3>Am\u00e9liorez votre jeu avec le Nox LA10 Quantum 12K par Leo Augsburguer<\/h3>\n<p>Avec le <strong>Nox LA10 Quantum 12K de Leo Augsburguer<\/strong> vous pouvez profiter d&#8217;une vitesse imparable \u00e0 chaque jeu et surprendre vos adversaires avec des effets incroyables.<\/p>\n<p><strong>Lame en diamant<\/strong> con\u00e7ue pour fournir une puissance \u00e9norme aux joueurs avanc\u00e9s lors des tirs offensifs.<\/p>\n<h2>Nox LA10 Quantum 12K By Leo Augsburguer 2025, m\u00e1xima potencia<\/h2>\n","protected":false},"excerpt":{"rendered":"<p>Raquette Diamond pour les joueurs offensifs recherchant une plus grande agressivit\u00e9 au filet Nox LA1O Quantum 12K By Leo Augsburguer 2025, avec des avions rugueux en carbone 12K.<\/p>\n","protected":false},"featured_media":125358,"comment_status":"open","ping_status":"closed","template":"","meta":{"_acf_changed":false,"_joinchat":[]},"acabado":[1107,1092],"balance":[1137],"dureza":[1162,1157],"forma":[1172],"jugador":[1192,1202],"marca":[1262],"nivel-de-juego":[1337,1347],"superficie":[1362],"tipo-de-juego":[],"product_brand":[],"product_cat":[302],"product_tag":[],"class_list":{"0":"post-72761","1":"product","2":"type-product","3":"status-publish","4":"has-post-thumbnail","6":"acabado-brut","7":"acabado-soulager-la-3d","8":"balance-eleve","9":"dureza-dure","10":"dureza-media-fr","11":"forma-diamant","12":"jugador-homme","13":"jugador-polivalente-fr","14":"marca-nox-fr","15":"superficie-rugosa-fr","16":"product_cat-palas-de-padel-fr","18":"first","19":"instock","20":"sale","21":"taxable","22":"shipping-taxable","23":"purchasable","24":"product-type-simple"},"acf":[],"yoast_head":"<!-- This site is optimized with the Yoast SEO plugin v27.3 - https:\/\/yoast.com\/product\/yoast-seo-wordpress\/ -->\n<title>NOX LA10 QUANTUM 12K BY LEO AUGSBURGUER 2025 - Revolution Padel Store<\/title>\n<meta name=\"description\" content=\"La\u00a0pala de p\u00e1del Nox LA10 Quantum 12K, dise\u00f1ada en colaboraci\u00f3n con el jugador\u00a0Leo Augsburguer\u00a0para la temporada 2025, presenta un molde redise\u00f1ado con\u00a0forma de diamante\u00a0que te permitir\u00e1 imprimir m\u00e1xima potencia en cada golpe.Su peso de\u00a0360-375 gramos\u00a0facilita su manejo y aporta confort durante largas jornadas, perfecto para competiciones exigentes. Dise\u00f1o moderno y llamativo fabricado con pintura en el coraz\u00f3n que se sincroniza con el color de la goma.\" \/>\n<meta name=\"robots\" content=\"index, follow, max-snippet:-1, max-image-preview:large, max-video-preview:-1\" \/>\n<link rel=\"canonical\" href=\"https:\/\/revolutionpadelstore.com\/fr\/produit\/nox-la10-quantum-12k-by-leo-augsburguer-2025-3\/\" \/>\n<meta property=\"og:locale\" content=\"fr_FR\" \/>\n<meta property=\"og:type\" content=\"article\" \/>\n<meta property=\"og:title\" content=\"NOX LA10 QUANTUM 12K BY LEO AUGSBURGUER 2025 - Revolution Padel Store\" \/>\n<meta property=\"og:description\" content=\"La\u00a0pala de p\u00e1del Nox LA10 Quantum 12K, dise\u00f1ada en colaboraci\u00f3n con el jugador\u00a0Leo Augsburguer\u00a0para la temporada 2025, presenta un molde redise\u00f1ado con\u00a0forma de diamante\u00a0que te permitir\u00e1 imprimir m\u00e1xima potencia en cada golpe.Su peso de\u00a0360-375 gramos\u00a0facilita su manejo y aporta confort durante largas jornadas, perfecto para competiciones exigentes. Dise\u00f1o moderno y llamativo fabricado con pintura en el coraz\u00f3n que se sincroniza con el color de la goma.\" \/>\n<meta property=\"og:url\" content=\"https:\/\/revolutionpadelstore.com\/fr\/produit\/nox-la10-quantum-12k-by-leo-augsburguer-2025-3\/\" \/>\n<meta property=\"og:site_name\" content=\"Revolution Padel Store\" \/>\n<meta property=\"article:modified_time\" content=\"2026-04-01T05:14:52+00:00\" \/>\n<meta property=\"og:image\" content=\"https:\/\/revolutionpadelstore.com\/wp-content\/uploads\/2024\/10\/113547_pala_nox_la10_quantum_12k_by_leo_augsburguer_pla10luxq25_1500x1500_1_2ccd.webp\" \/>\n\t<meta property=\"og:image:width\" content=\"1500\" \/>\n\t<meta property=\"og:image:height\" content=\"1500\" \/>\n\t<meta property=\"og:image:type\" content=\"image\/webp\" \/>\n<meta name=\"twitter:card\" content=\"summary_large_image\" \/>\n<meta name=\"twitter:label1\" content=\"Dur\u00e9e de lecture estim\u00e9e\" \/>\n\t<meta name=\"twitter:data1\" content=\"2 minutes\" \/>\n<script type=\"application\/ld+json\" class=\"yoast-schema-graph\">{\"@context\":\"https:\\\/\\\/schema.org\",\"@graph\":[{\"@type\":\"WebPage\",\"@id\":\"https:\\\/\\\/revolutionpadelstore.com\\\/fr\\\/produit\\\/nox-la10-quantum-12k-by-leo-augsburguer-2025-3\\\/\",\"url\":\"https:\\\/\\\/revolutionpadelstore.com\\\/fr\\\/produit\\\/nox-la10-quantum-12k-by-leo-augsburguer-2025-3\\\/\",\"name\":\"NOX LA10 QUANTUM 12K BY LEO AUGSBURGUER 2025 - Revolution Padel Store\",\"isPartOf\":{\"@id\":\"https:\\\/\\\/revolutionpadelstore.com\\\/fr\\\/#website\"},\"primaryImageOfPage\":{\"@id\":\"https:\\\/\\\/revolutionpadelstore.com\\\/fr\\\/produit\\\/nox-la10-quantum-12k-by-leo-augsburguer-2025-3\\\/#primaryimage\"},\"image\":{\"@id\":\"https:\\\/\\\/revolutionpadelstore.com\\\/fr\\\/produit\\\/nox-la10-quantum-12k-by-leo-augsburguer-2025-3\\\/#primaryimage\"},\"thumbnailUrl\":\"https:\\\/\\\/revolutionpadelstore.com\\\/wp-content\\\/uploads\\\/2024\\\/10\\\/113547_pala_nox_la10_quantum_12k_by_leo_augsburguer_pla10luxq25_1500x1500_1_2ccd.webp\",\"datePublished\":\"2024-09-25T20:52:04+00:00\",\"dateModified\":\"2026-04-01T05:14:52+00:00\",\"description\":\"La\u00a0pala de p\u00e1del Nox LA10 Quantum 12K, dise\u00f1ada en colaboraci\u00f3n con el jugador\u00a0Leo Augsburguer\u00a0para la temporada 2025, presenta un molde redise\u00f1ado con\u00a0forma de diamante\u00a0que te permitir\u00e1 imprimir m\u00e1xima potencia en cada golpe.Su peso de\u00a0360-375 gramos\u00a0facilita su manejo y aporta confort durante largas jornadas, perfecto para competiciones exigentes. Dise\u00f1o moderno y llamativo fabricado con pintura en el coraz\u00f3n que se sincroniza con el color de la goma.\",\"breadcrumb\":{\"@id\":\"https:\\\/\\\/revolutionpadelstore.com\\\/fr\\\/produit\\\/nox-la10-quantum-12k-by-leo-augsburguer-2025-3\\\/#breadcrumb\"},\"inLanguage\":\"fr-FR\",\"potentialAction\":[{\"@type\":\"ReadAction\",\"target\":[\"https:\\\/\\\/revolutionpadelstore.com\\\/fr\\\/produit\\\/nox-la10-quantum-12k-by-leo-augsburguer-2025-3\\\/\"]}]},{\"@type\":\"ImageObject\",\"inLanguage\":\"fr-FR\",\"@id\":\"https:\\\/\\\/revolutionpadelstore.com\\\/fr\\\/produit\\\/nox-la10-quantum-12k-by-leo-augsburguer-2025-3\\\/#primaryimage\",\"url\":\"https:\\\/\\\/revolutionpadelstore.com\\\/wp-content\\\/uploads\\\/2024\\\/10\\\/113547_pala_nox_la10_quantum_12k_by_leo_augsburguer_pla10luxq25_1500x1500_1_2ccd.webp\",\"contentUrl\":\"https:\\\/\\\/revolutionpadelstore.com\\\/wp-content\\\/uploads\\\/2024\\\/10\\\/113547_pala_nox_la10_quantum_12k_by_leo_augsburguer_pla10luxq25_1500x1500_1_2ccd.webp\",\"width\":1500,\"height\":1500},{\"@type\":\"BreadcrumbList\",\"@id\":\"https:\\\/\\\/revolutionpadelstore.com\\\/fr\\\/produit\\\/nox-la10-quantum-12k-by-leo-augsburguer-2025-3\\\/#breadcrumb\",\"itemListElement\":[{\"@type\":\"ListItem\",\"position\":1,\"name\":\"Portada\",\"item\":\"https:\\\/\\\/revolutionpadelstore.com\\\/fr\\\/\"},{\"@type\":\"ListItem\",\"position\":2,\"name\":\"Boutique\",\"item\":\"https:\\\/\\\/revolutionpadelstore.com\\\/fr\\\/tienda\\\/\"},{\"@type\":\"ListItem\",\"position\":3,\"name\":\"NOX LA10 QUANTUM 12K BY LEO AUGSBURGUER 2025\"}]},{\"@type\":\"WebSite\",\"@id\":\"https:\\\/\\\/revolutionpadelstore.com\\\/fr\\\/#website\",\"url\":\"https:\\\/\\\/revolutionpadelstore.com\\\/fr\\\/\",\"name\":\"Revolution Padel Store\",\"description\":\"\",\"publisher\":{\"@id\":\"https:\\\/\\\/revolutionpadelstore.com\\\/fr\\\/#organization\"},\"potentialAction\":[{\"@type\":\"SearchAction\",\"target\":{\"@type\":\"EntryPoint\",\"urlTemplate\":\"https:\\\/\\\/revolutionpadelstore.com\\\/fr\\\/?s={search_term_string}\"},\"query-input\":{\"@type\":\"PropertyValueSpecification\",\"valueRequired\":true,\"valueName\":\"search_term_string\"}}],\"inLanguage\":\"fr-FR\"},{\"@type\":\"Organization\",\"@id\":\"https:\\\/\\\/revolutionpadelstore.com\\\/fr\\\/#organization\",\"name\":\"Revolution Padel Store\",\"url\":\"https:\\\/\\\/revolutionpadelstore.com\\\/fr\\\/\",\"logo\":{\"@type\":\"ImageObject\",\"inLanguage\":\"fr-FR\",\"@id\":\"https:\\\/\\\/revolutionpadelstore.com\\\/fr\\\/#\\\/schema\\\/logo\\\/image\\\/\",\"url\":\"https:\\\/\\\/revolutionpadelstore.com\\\/wp-content\\\/uploads\\\/2026\\\/02\\\/revolution-padel-store.jpg\",\"contentUrl\":\"https:\\\/\\\/revolutionpadelstore.com\\\/wp-content\\\/uploads\\\/2026\\\/02\\\/revolution-padel-store.jpg\",\"width\":2000,\"height\":2000,\"caption\":\"Revolution Padel Store\"},\"image\":{\"@id\":\"https:\\\/\\\/revolutionpadelstore.com\\\/fr\\\/#\\\/schema\\\/logo\\\/image\\\/\"},\"sameAs\":[\"https:\\\/\\\/www.instagram.com\\\/revolutionpadelstore\\\/\"]}]}<\/script>\n<!-- \/ Yoast SEO plugin. -->","yoast_head_json":{"title":"NOX LA10 QUANTUM 12K BY LEO AUGSBURGUER 2025 - Revolution Padel Store","description":"La\u00a0pala de p\u00e1del Nox LA10 Quantum 12K, dise\u00f1ada en colaboraci\u00f3n con el jugador\u00a0Leo Augsburguer\u00a0para la temporada 2025, presenta un molde redise\u00f1ado con\u00a0forma de diamante\u00a0que te permitir\u00e1 imprimir m\u00e1xima potencia en cada golpe.Su peso de\u00a0360-375 gramos\u00a0facilita su manejo y aporta confort durante largas jornadas, perfecto para competiciones exigentes. Dise\u00f1o moderno y llamativo fabricado con pintura en el coraz\u00f3n que se sincroniza con el color de la goma.","robots":{"index":"index","follow":"follow","max-snippet":"max-snippet:-1","max-image-preview":"max-image-preview:large","max-video-preview":"max-video-preview:-1"},"canonical":"https:\/\/revolutionpadelstore.com\/fr\/produit\/nox-la10-quantum-12k-by-leo-augsburguer-2025-3\/","og_locale":"fr_FR","og_type":"article","og_title":"NOX LA10 QUANTUM 12K BY LEO AUGSBURGUER 2025 - Revolution Padel Store","og_description":"La\u00a0pala de p\u00e1del Nox LA10 Quantum 12K, dise\u00f1ada en colaboraci\u00f3n con el jugador\u00a0Leo Augsburguer\u00a0para la temporada 2025, presenta un molde redise\u00f1ado con\u00a0forma de diamante\u00a0que te permitir\u00e1 imprimir m\u00e1xima potencia en cada golpe.Su peso de\u00a0360-375 gramos\u00a0facilita su manejo y aporta confort durante largas jornadas, perfecto para competiciones exigentes. Dise\u00f1o moderno y llamativo fabricado con pintura en el coraz\u00f3n que se sincroniza con el color de la goma.","og_url":"https:\/\/revolutionpadelstore.com\/fr\/produit\/nox-la10-quantum-12k-by-leo-augsburguer-2025-3\/","og_site_name":"Revolution Padel Store","article_modified_time":"2026-04-01T05:14:52+00:00","og_image":[{"width":1500,"height":1500,"url":"https:\/\/revolutionpadelstore.com\/wp-content\/uploads\/2024\/10\/113547_pala_nox_la10_quantum_12k_by_leo_augsburguer_pla10luxq25_1500x1500_1_2ccd.webp","type":"image\/webp"}],"twitter_card":"summary_large_image","twitter_misc":{"Dur\u00e9e de lecture estim\u00e9e":"2 minutes"},"schema":{"@context":"https:\/\/schema.org","@graph":[{"@type":"WebPage","@id":"https:\/\/revolutionpadelstore.com\/fr\/produit\/nox-la10-quantum-12k-by-leo-augsburguer-2025-3\/","url":"https:\/\/revolutionpadelstore.com\/fr\/produit\/nox-la10-quantum-12k-by-leo-augsburguer-2025-3\/","name":"NOX LA10 QUANTUM 12K BY LEO AUGSBURGUER 2025 - Revolution Padel Store","isPartOf":{"@id":"https:\/\/revolutionpadelstore.com\/fr\/#website"},"primaryImageOfPage":{"@id":"https:\/\/revolutionpadelstore.com\/fr\/produit\/nox-la10-quantum-12k-by-leo-augsburguer-2025-3\/#primaryimage"},"image":{"@id":"https:\/\/revolutionpadelstore.com\/fr\/produit\/nox-la10-quantum-12k-by-leo-augsburguer-2025-3\/#primaryimage"},"thumbnailUrl":"https:\/\/revolutionpadelstore.com\/wp-content\/uploads\/2024\/10\/113547_pala_nox_la10_quantum_12k_by_leo_augsburguer_pla10luxq25_1500x1500_1_2ccd.webp","datePublished":"2024-09-25T20:52:04+00:00","dateModified":"2026-04-01T05:14:52+00:00","description":"La\u00a0pala de p\u00e1del Nox LA10 Quantum 12K, dise\u00f1ada en colaboraci\u00f3n con el jugador\u00a0Leo Augsburguer\u00a0para la temporada 2025, presenta un molde redise\u00f1ado con\u00a0forma de diamante\u00a0que te permitir\u00e1 imprimir m\u00e1xima potencia en cada golpe.Su peso de\u00a0360-375 gramos\u00a0facilita su manejo y aporta confort durante largas jornadas, perfecto para competiciones exigentes. Dise\u00f1o moderno y llamativo fabricado con pintura en el coraz\u00f3n que se sincroniza con el color de la goma.","breadcrumb":{"@id":"https:\/\/revolutionpadelstore.com\/fr\/produit\/nox-la10-quantum-12k-by-leo-augsburguer-2025-3\/#breadcrumb"},"inLanguage":"fr-FR","potentialAction":[{"@type":"ReadAction","target":["https:\/\/revolutionpadelstore.com\/fr\/produit\/nox-la10-quantum-12k-by-leo-augsburguer-2025-3\/"]}]},{"@type":"ImageObject","inLanguage":"fr-FR","@id":"https:\/\/revolutionpadelstore.com\/fr\/produit\/nox-la10-quantum-12k-by-leo-augsburguer-2025-3\/#primaryimage","url":"https:\/\/revolutionpadelstore.com\/wp-content\/uploads\/2024\/10\/113547_pala_nox_la10_quantum_12k_by_leo_augsburguer_pla10luxq25_1500x1500_1_2ccd.webp","contentUrl":"https:\/\/revolutionpadelstore.com\/wp-content\/uploads\/2024\/10\/113547_pala_nox_la10_quantum_12k_by_leo_augsburguer_pla10luxq25_1500x1500_1_2ccd.webp","width":1500,"height":1500},{"@type":"BreadcrumbList","@id":"https:\/\/revolutionpadelstore.com\/fr\/produit\/nox-la10-quantum-12k-by-leo-augsburguer-2025-3\/#breadcrumb","itemListElement":[{"@type":"ListItem","position":1,"name":"Portada","item":"https:\/\/revolutionpadelstore.com\/fr\/"},{"@type":"ListItem","position":2,"name":"Boutique","item":"https:\/\/revolutionpadelstore.com\/fr\/tienda\/"},{"@type":"ListItem","position":3,"name":"NOX LA10 QUANTUM 12K BY LEO AUGSBURGUER 2025"}]},{"@type":"WebSite","@id":"https:\/\/revolutionpadelstore.com\/fr\/#website","url":"https:\/\/revolutionpadelstore.com\/fr\/","name":"Revolution Padel Store","description":"","publisher":{"@id":"https:\/\/revolutionpadelstore.com\/fr\/#organization"},"potentialAction":[{"@type":"SearchAction","target":{"@type":"EntryPoint","urlTemplate":"https:\/\/revolutionpadelstore.com\/fr\/?s={search_term_string}"},"query-input":{"@type":"PropertyValueSpecification","valueRequired":true,"valueName":"search_term_string"}}],"inLanguage":"fr-FR"},{"@type":"Organization","@id":"https:\/\/revolutionpadelstore.com\/fr\/#organization","name":"Revolution Padel Store","url":"https:\/\/revolutionpadelstore.com\/fr\/","logo":{"@type":"ImageObject","inLanguage":"fr-FR","@id":"https:\/\/revolutionpadelstore.com\/fr\/#\/schema\/logo\/image\/","url":"https:\/\/revolutionpadelstore.com\/wp-content\/uploads\/2026\/02\/revolution-padel-store.jpg","contentUrl":"https:\/\/revolutionpadelstore.com\/wp-content\/uploads\/2026\/02\/revolution-padel-store.jpg","width":2000,"height":2000,"caption":"Revolution Padel Store"},"image":{"@id":"https:\/\/revolutionpadelstore.com\/fr\/#\/schema\/logo\/image\/"},"sameAs":["https:\/\/www.instagram.com\/revolutionpadelstore\/"]}]}},"_links":{"self":[{"href":"https:\/\/revolutionpadelstore.com\/fr\/wp-json\/wp\/v2\/product\/72761","targetHints":{"allow":["GET"]}}],"collection":[{"href":"https:\/\/revolutionpadelstore.com\/fr\/wp-json\/wp\/v2\/product"}],"about":[{"href":"https:\/\/revolutionpadelstore.com\/fr\/wp-json\/wp\/v2\/types\/product"}],"replies":[{"embeddable":true,"href":"https:\/\/revolutionpadelstore.com\/fr\/wp-json\/wp\/v2\/comments?post=72761"}],"wp:featuredmedia":[{"embeddable":true,"href":"https:\/\/revolutionpadelstore.com\/fr\/wp-json\/wp\/v2\/media\/125358"}],"wp:attachment":[{"href":"https:\/\/revolutionpadelstore.com\/fr\/wp-json\/wp\/v2\/media?parent=72761"}],"wp:term":[{"taxonomy":"acabado","embeddable":true,"href":"https:\/\/revolutionpadelstore.com\/fr\/wp-json\/wp\/v2\/acabado?post=72761"},{"taxonomy":"balance","embeddable":true,"href":"https:\/\/revolutionpadelstore.com\/fr\/wp-json\/wp\/v2\/balance?post=72761"},{"taxonomy":"dureza","embeddable":true,"href":"https:\/\/revolutionpadelstore.com\/fr\/wp-json\/wp\/v2\/dureza?post=72761"},{"taxonomy":"forma","embeddable":true,"href":"https:\/\/revolutionpadelstore.com\/fr\/wp-json\/wp\/v2\/forma?post=72761"},{"taxonomy":"jugador","embeddable":true,"href":"https:\/\/revolutionpadelstore.com\/fr\/wp-json\/wp\/v2\/jugador?post=72761"},{"taxonomy":"marca","embeddable":true,"href":"https:\/\/revolutionpadelstore.com\/fr\/wp-json\/wp\/v2\/marca?post=72761"},{"taxonomy":"nivel-de-juego","embeddable":true,"href":"https:\/\/revolutionpadelstore.com\/fr\/wp-json\/wp\/v2\/nivel-de-juego?post=72761"},{"taxonomy":"superficie","embeddable":true,"href":"https:\/\/revolutionpadelstore.com\/fr\/wp-json\/wp\/v2\/superficie?post=72761"},{"taxonomy":"tipo-de-juego","embeddable":true,"href":"https:\/\/revolutionpadelstore.com\/fr\/wp-json\/wp\/v2\/tipo-de-juego?post=72761"},{"taxonomy":"product_brand","embeddable":true,"href":"https:\/\/revolutionpadelstore.com\/fr\/wp-json\/wp\/v2\/product_brand?post=72761"},{"taxonomy":"product_cat","embeddable":true,"href":"https:\/\/revolutionpadelstore.com\/fr\/wp-json\/wp\/v2\/product_cat?post=72761"},{"taxonomy":"product_tag","embeddable":true,"href":"https:\/\/revolutionpadelstore.com\/fr\/wp-json\/wp\/v2\/product_tag?post=72761"}],"curies":[{"name":"wp","href":"https:\/\/api.w.org\/{rel}","templated":true}]}}