{"id":72756,"date":"2024-09-25T22:58:23","date_gmt":"2024-09-25T20:58:23","guid":{"rendered":"https:\/\/revolutionpadelstore.com\/nox-tl10-quantum-12k-by-tino-libaak-2025\/"},"modified":"2026-04-01T07:14:25","modified_gmt":"2026-04-01T05:14:25","slug":"nox-tl10-quantum-12k-by-tino-libaak-2025-3","status":"publish","type":"product","link":"https:\/\/revolutionpadelstore.com\/fr\/produit\/nox-tl10-quantum-12k-by-tino-libaak-2025-3\/","title":{"rendered":"NOX TL10 QUANTUM 12K BY TINO LIBAAK 2025"},"content":{"rendered":"<h2>Nox TL10 Quantum 12K By Tino Libaak 2025, polyvalence id\u00e9ale<\/h2>\n<p>La Nox TL 10 Quantum 12K est une raquette de padel con\u00e7ue en collaboration avec le joueur Tino Libaak pour la nouvelle saison 2025. Elle a \u00e9t\u00e9 fabriqu\u00e9e avec une forme en forme de goutte pour offrir une incroyable polyvalence dans chaque match ou entra\u00eenement de padel.<\/p>\n<p>C&#8217;est un mod\u00e8le maniable et tr\u00e8s confortable gr\u00e2ce \u00e0 son poids qui oscille entre 3<strong>60-375 grammes<\/strong>. Son esth\u00e9tique noire avec des d\u00e9tails bleus se distingue par son caract\u00e8re saisissant, moderne et harmonieux.<\/p>\n<h2>TL10 Quantum 12K par Nox, pour les joueurs avanc\u00e9s<\/h2>\n<p>Cette <strong>raquette de padel Nox pour hommes<\/strong> a \u00e9t\u00e9 sp\u00e9cialement con\u00e7ue pour atteindre un niveau in\u00e9gal\u00e9 de polyvalence et de puissance, qui aidera les joueurs de padel avanc\u00e9s ou professionnels<\/strong> \u00e0 s&#8217;adapter efficacement \u00e0 n&#8217;importe quelle situation sur le terrain de jeu. .<\/p>\n<p>Ce mod\u00e8le assure une sensation interm\u00e9diaire, un confort et un jeu rapide, pour que vous soyez un joueur mortel sur le terrain.<\/p>\n<h2>Caract\u00e9ristiques et technologies du Nox TL10 Quantum 12K<\/h2>\n<p style=\"padding-left: 40px\">-Chaussures plates fabriqu\u00e9es en <strong>carbone 12K<\/strong> qui offre plus de durabilit\u00e9 et de r\u00e9sistance<\/p>\n<p style=\"padding-left: 40px\">-Noyau en caoutchouc haute densit\u00e9 <em>HR3 Color EVA<\/em>, qui offre de la puissance et un bon rendement de balle<\/p>\n<p style=\"padding-left: 40px\"><em>-Cadre en carbone<\/em> pour une meilleure protection contre les impacts et les cassures<\/p>\n<p style=\"padding-left: 40px\">-Faces avec technologie <em>Exclusive Spin<\/em>, avec une double finition rugueuse pour donner plus d&#8217;effet \u00e0 la balle<\/p>\n<p style=\"padding-left: 40px\"><em>-Custom Grip<\/em> et <em>Pulse System<\/em> pour une prise plus ferme et une r\u00e9duction efficace des vibrations<\/p>\n<p style=\"padding-left: 40px\">-Avec la technologie <em>EOS Flap<\/em> pour une meilleure adh\u00e9rence et une meilleure maniabilit\u00e9<\/p>\n<p style=\"padding-left: 40px\">-Smartstrap, cordon de s\u00e9curit\u00e9 interchangeable selon vos besoins<\/p>\n<p style=\"padding-left: 40px\">-Noyau avec peinture r\u00e9active <em>Peinture photochromique<\/em> qui se synchronise avec la couleur du caoutchouc<\/p>\n<h3>Exp\u00e9rience unique avec le Nox TL10 Quantum 12K par Tino Libaak<\/h3>\n<p>La raquette Nox TL10 Quantum 12K By Tino Libaak deviendra votre alli\u00e9e parfaite dans n&#8217;importe quel jeu, car elle vous offre une puissance et un contr\u00f4le \u00e9quilibr\u00e9s.<\/p>\n<h2>Nox TL10 Quantum 12K By Tino Libaak 2025,\u00a0polivalencia ideal<\/h2>\n","protected":false},"excerpt":{"rendered":"<p>Raquette Nox TL10 Quantum 12K Teardrop de Tino Libaak, avec des avions en carbone 12K avec une finition rugueuse pour une plus grande r\u00e9sistance et une facilit\u00e9 de frappe avec effets.<\/p>\n","protected":false},"featured_media":125370,"comment_status":"open","ping_status":"closed","template":"","meta":{"_acf_changed":false,"_joinchat":[]},"acabado":[1107],"balance":[1142],"dureza":[1157],"forma":[1187],"jugador":[1192,1202],"marca":[1262],"nivel-de-juego":[1337,1347],"superficie":[1362],"tipo-de-juego":[],"product_brand":[],"product_cat":[302],"product_tag":[],"class_list":{"0":"post-72756","1":"product","2":"type-product","3":"status-publish","4":"has-post-thumbnail","6":"acabado-brut","7":"balance-moyen","8":"dureza-media-fr","9":"forma-lagrima-fr","10":"jugador-homme","11":"jugador-polivalente-fr","12":"marca-nox-fr","13":"superficie-rugosa-fr","14":"product_cat-palas-de-padel-fr","16":"first","17":"instock","18":"sale","19":"taxable","20":"shipping-taxable","21":"purchasable","22":"product-type-simple"},"acf":[],"yoast_head":"<!-- This site is optimized with the Yoast SEO plugin v27.3 - https:\/\/yoast.com\/product\/yoast-seo-wordpress\/ -->\n<title>NOX TL10 QUANTUM 12K BY TINO LIBAAK 2025 - Revolution Padel Store<\/title>\n<meta name=\"description\" content=\"Esta\u00a0pala de p\u00e1del Nox para hombre\u00a0se ha dise\u00f1ado espec\u00edficamente para conseguir un nivel de versatilidad y potencia sin igual, lo que ayudar\u00e1 a los\u00a0jugadores de p\u00e1del de nivel avanzado o profesional\u00a0a adaptarse con eficacia a cualquier situaci\u00f3n en el terreno de juego.Este modelo asegura un tacto intermedio, comodidad y juego r\u00e1pido, para que seas un jugador letal en la pista.\" \/>\n<meta name=\"robots\" content=\"index, follow, max-snippet:-1, max-image-preview:large, max-video-preview:-1\" \/>\n<link rel=\"canonical\" href=\"https:\/\/revolutionpadelstore.com\/fr\/produit\/nox-tl10-quantum-12k-by-tino-libaak-2025-3\/\" \/>\n<meta property=\"og:locale\" content=\"fr_FR\" \/>\n<meta property=\"og:type\" content=\"article\" \/>\n<meta property=\"og:title\" content=\"NOX TL10 QUANTUM 12K BY TINO LIBAAK 2025 - Revolution Padel Store\" \/>\n<meta property=\"og:description\" content=\"Esta\u00a0pala de p\u00e1del Nox para hombre\u00a0se ha dise\u00f1ado espec\u00edficamente para conseguir un nivel de versatilidad y potencia sin igual, lo que ayudar\u00e1 a los\u00a0jugadores de p\u00e1del de nivel avanzado o profesional\u00a0a adaptarse con eficacia a cualquier situaci\u00f3n en el terreno de juego.Este modelo asegura un tacto intermedio, comodidad y juego r\u00e1pido, para que seas un jugador letal en la pista.\" \/>\n<meta property=\"og:url\" content=\"https:\/\/revolutionpadelstore.com\/fr\/produit\/nox-tl10-quantum-12k-by-tino-libaak-2025-3\/\" \/>\n<meta property=\"og:site_name\" content=\"Revolution Padel Store\" \/>\n<meta property=\"article:modified_time\" content=\"2026-04-01T05:14:25+00:00\" \/>\n<meta property=\"og:image\" content=\"https:\/\/revolutionpadelstore.com\/wp-content\/uploads\/2024\/10\/113549_pala_nox_tl10_quantum_12k_by_tino_libaak_ptl10luxq25_1500x1500_1_3434.webp\" \/>\n\t<meta property=\"og:image:width\" content=\"1500\" \/>\n\t<meta property=\"og:image:height\" content=\"1500\" \/>\n\t<meta property=\"og:image:type\" content=\"image\/webp\" \/>\n<meta name=\"twitter:card\" content=\"summary_large_image\" \/>\n<meta name=\"twitter:label1\" content=\"Dur\u00e9e de lecture estim\u00e9e\" \/>\n\t<meta name=\"twitter:data1\" content=\"2 minutes\" \/>\n<script type=\"application\/ld+json\" class=\"yoast-schema-graph\">{\"@context\":\"https:\\\/\\\/schema.org\",\"@graph\":[{\"@type\":\"WebPage\",\"@id\":\"https:\\\/\\\/revolutionpadelstore.com\\\/fr\\\/produit\\\/nox-tl10-quantum-12k-by-tino-libaak-2025-3\\\/\",\"url\":\"https:\\\/\\\/revolutionpadelstore.com\\\/fr\\\/produit\\\/nox-tl10-quantum-12k-by-tino-libaak-2025-3\\\/\",\"name\":\"NOX TL10 QUANTUM 12K BY TINO LIBAAK 2025 - Revolution Padel Store\",\"isPartOf\":{\"@id\":\"https:\\\/\\\/revolutionpadelstore.com\\\/fr\\\/#website\"},\"primaryImageOfPage\":{\"@id\":\"https:\\\/\\\/revolutionpadelstore.com\\\/fr\\\/produit\\\/nox-tl10-quantum-12k-by-tino-libaak-2025-3\\\/#primaryimage\"},\"image\":{\"@id\":\"https:\\\/\\\/revolutionpadelstore.com\\\/fr\\\/produit\\\/nox-tl10-quantum-12k-by-tino-libaak-2025-3\\\/#primaryimage\"},\"thumbnailUrl\":\"https:\\\/\\\/revolutionpadelstore.com\\\/wp-content\\\/uploads\\\/2024\\\/10\\\/113549_pala_nox_tl10_quantum_12k_by_tino_libaak_ptl10luxq25_1500x1500_1_3434.webp\",\"datePublished\":\"2024-09-25T20:58:23+00:00\",\"dateModified\":\"2026-04-01T05:14:25+00:00\",\"description\":\"Esta\u00a0pala de p\u00e1del Nox para hombre\u00a0se ha dise\u00f1ado espec\u00edficamente para conseguir un nivel de versatilidad y potencia sin igual, lo que ayudar\u00e1 a los\u00a0jugadores de p\u00e1del de nivel avanzado o profesional\u00a0a adaptarse con eficacia a cualquier situaci\u00f3n en el terreno de juego.Este modelo asegura un tacto intermedio, comodidad y juego r\u00e1pido, para que seas un jugador letal en la pista.\",\"breadcrumb\":{\"@id\":\"https:\\\/\\\/revolutionpadelstore.com\\\/fr\\\/produit\\\/nox-tl10-quantum-12k-by-tino-libaak-2025-3\\\/#breadcrumb\"},\"inLanguage\":\"fr-FR\",\"potentialAction\":[{\"@type\":\"ReadAction\",\"target\":[\"https:\\\/\\\/revolutionpadelstore.com\\\/fr\\\/produit\\\/nox-tl10-quantum-12k-by-tino-libaak-2025-3\\\/\"]}]},{\"@type\":\"ImageObject\",\"inLanguage\":\"fr-FR\",\"@id\":\"https:\\\/\\\/revolutionpadelstore.com\\\/fr\\\/produit\\\/nox-tl10-quantum-12k-by-tino-libaak-2025-3\\\/#primaryimage\",\"url\":\"https:\\\/\\\/revolutionpadelstore.com\\\/wp-content\\\/uploads\\\/2024\\\/10\\\/113549_pala_nox_tl10_quantum_12k_by_tino_libaak_ptl10luxq25_1500x1500_1_3434.webp\",\"contentUrl\":\"https:\\\/\\\/revolutionpadelstore.com\\\/wp-content\\\/uploads\\\/2024\\\/10\\\/113549_pala_nox_tl10_quantum_12k_by_tino_libaak_ptl10luxq25_1500x1500_1_3434.webp\",\"width\":1500,\"height\":1500},{\"@type\":\"BreadcrumbList\",\"@id\":\"https:\\\/\\\/revolutionpadelstore.com\\\/fr\\\/produit\\\/nox-tl10-quantum-12k-by-tino-libaak-2025-3\\\/#breadcrumb\",\"itemListElement\":[{\"@type\":\"ListItem\",\"position\":1,\"name\":\"Portada\",\"item\":\"https:\\\/\\\/revolutionpadelstore.com\\\/fr\\\/\"},{\"@type\":\"ListItem\",\"position\":2,\"name\":\"Boutique\",\"item\":\"https:\\\/\\\/revolutionpadelstore.com\\\/fr\\\/tienda\\\/\"},{\"@type\":\"ListItem\",\"position\":3,\"name\":\"NOX TL10 QUANTUM 12K BY TINO LIBAAK 2025\"}]},{\"@type\":\"WebSite\",\"@id\":\"https:\\\/\\\/revolutionpadelstore.com\\\/fr\\\/#website\",\"url\":\"https:\\\/\\\/revolutionpadelstore.com\\\/fr\\\/\",\"name\":\"Revolution Padel Store\",\"description\":\"\",\"publisher\":{\"@id\":\"https:\\\/\\\/revolutionpadelstore.com\\\/fr\\\/#organization\"},\"potentialAction\":[{\"@type\":\"SearchAction\",\"target\":{\"@type\":\"EntryPoint\",\"urlTemplate\":\"https:\\\/\\\/revolutionpadelstore.com\\\/fr\\\/?s={search_term_string}\"},\"query-input\":{\"@type\":\"PropertyValueSpecification\",\"valueRequired\":true,\"valueName\":\"search_term_string\"}}],\"inLanguage\":\"fr-FR\"},{\"@type\":\"Organization\",\"@id\":\"https:\\\/\\\/revolutionpadelstore.com\\\/fr\\\/#organization\",\"name\":\"Revolution Padel Store\",\"url\":\"https:\\\/\\\/revolutionpadelstore.com\\\/fr\\\/\",\"logo\":{\"@type\":\"ImageObject\",\"inLanguage\":\"fr-FR\",\"@id\":\"https:\\\/\\\/revolutionpadelstore.com\\\/fr\\\/#\\\/schema\\\/logo\\\/image\\\/\",\"url\":\"https:\\\/\\\/revolutionpadelstore.com\\\/wp-content\\\/uploads\\\/2026\\\/02\\\/revolution-padel-store.jpg\",\"contentUrl\":\"https:\\\/\\\/revolutionpadelstore.com\\\/wp-content\\\/uploads\\\/2026\\\/02\\\/revolution-padel-store.jpg\",\"width\":2000,\"height\":2000,\"caption\":\"Revolution Padel Store\"},\"image\":{\"@id\":\"https:\\\/\\\/revolutionpadelstore.com\\\/fr\\\/#\\\/schema\\\/logo\\\/image\\\/\"},\"sameAs\":[\"https:\\\/\\\/www.instagram.com\\\/revolutionpadelstore\\\/\"]}]}<\/script>\n<!-- \/ Yoast SEO plugin. -->","yoast_head_json":{"title":"NOX TL10 QUANTUM 12K BY TINO LIBAAK 2025 - Revolution Padel Store","description":"Esta\u00a0pala de p\u00e1del Nox para hombre\u00a0se ha dise\u00f1ado espec\u00edficamente para conseguir un nivel de versatilidad y potencia sin igual, lo que ayudar\u00e1 a los\u00a0jugadores de p\u00e1del de nivel avanzado o profesional\u00a0a adaptarse con eficacia a cualquier situaci\u00f3n en el terreno de juego.Este modelo asegura un tacto intermedio, comodidad y juego r\u00e1pido, para que seas un jugador letal en la pista.","robots":{"index":"index","follow":"follow","max-snippet":"max-snippet:-1","max-image-preview":"max-image-preview:large","max-video-preview":"max-video-preview:-1"},"canonical":"https:\/\/revolutionpadelstore.com\/fr\/produit\/nox-tl10-quantum-12k-by-tino-libaak-2025-3\/","og_locale":"fr_FR","og_type":"article","og_title":"NOX TL10 QUANTUM 12K BY TINO LIBAAK 2025 - Revolution Padel Store","og_description":"Esta\u00a0pala de p\u00e1del Nox para hombre\u00a0se ha dise\u00f1ado espec\u00edficamente para conseguir un nivel de versatilidad y potencia sin igual, lo que ayudar\u00e1 a los\u00a0jugadores de p\u00e1del de nivel avanzado o profesional\u00a0a adaptarse con eficacia a cualquier situaci\u00f3n en el terreno de juego.Este modelo asegura un tacto intermedio, comodidad y juego r\u00e1pido, para que seas un jugador letal en la pista.","og_url":"https:\/\/revolutionpadelstore.com\/fr\/produit\/nox-tl10-quantum-12k-by-tino-libaak-2025-3\/","og_site_name":"Revolution Padel Store","article_modified_time":"2026-04-01T05:14:25+00:00","og_image":[{"width":1500,"height":1500,"url":"https:\/\/revolutionpadelstore.com\/wp-content\/uploads\/2024\/10\/113549_pala_nox_tl10_quantum_12k_by_tino_libaak_ptl10luxq25_1500x1500_1_3434.webp","type":"image\/webp"}],"twitter_card":"summary_large_image","twitter_misc":{"Dur\u00e9e de lecture estim\u00e9e":"2 minutes"},"schema":{"@context":"https:\/\/schema.org","@graph":[{"@type":"WebPage","@id":"https:\/\/revolutionpadelstore.com\/fr\/produit\/nox-tl10-quantum-12k-by-tino-libaak-2025-3\/","url":"https:\/\/revolutionpadelstore.com\/fr\/produit\/nox-tl10-quantum-12k-by-tino-libaak-2025-3\/","name":"NOX TL10 QUANTUM 12K BY TINO LIBAAK 2025 - Revolution Padel Store","isPartOf":{"@id":"https:\/\/revolutionpadelstore.com\/fr\/#website"},"primaryImageOfPage":{"@id":"https:\/\/revolutionpadelstore.com\/fr\/produit\/nox-tl10-quantum-12k-by-tino-libaak-2025-3\/#primaryimage"},"image":{"@id":"https:\/\/revolutionpadelstore.com\/fr\/produit\/nox-tl10-quantum-12k-by-tino-libaak-2025-3\/#primaryimage"},"thumbnailUrl":"https:\/\/revolutionpadelstore.com\/wp-content\/uploads\/2024\/10\/113549_pala_nox_tl10_quantum_12k_by_tino_libaak_ptl10luxq25_1500x1500_1_3434.webp","datePublished":"2024-09-25T20:58:23+00:00","dateModified":"2026-04-01T05:14:25+00:00","description":"Esta\u00a0pala de p\u00e1del Nox para hombre\u00a0se ha dise\u00f1ado espec\u00edficamente para conseguir un nivel de versatilidad y potencia sin igual, lo que ayudar\u00e1 a los\u00a0jugadores de p\u00e1del de nivel avanzado o profesional\u00a0a adaptarse con eficacia a cualquier situaci\u00f3n en el terreno de juego.Este modelo asegura un tacto intermedio, comodidad y juego r\u00e1pido, para que seas un jugador letal en la pista.","breadcrumb":{"@id":"https:\/\/revolutionpadelstore.com\/fr\/produit\/nox-tl10-quantum-12k-by-tino-libaak-2025-3\/#breadcrumb"},"inLanguage":"fr-FR","potentialAction":[{"@type":"ReadAction","target":["https:\/\/revolutionpadelstore.com\/fr\/produit\/nox-tl10-quantum-12k-by-tino-libaak-2025-3\/"]}]},{"@type":"ImageObject","inLanguage":"fr-FR","@id":"https:\/\/revolutionpadelstore.com\/fr\/produit\/nox-tl10-quantum-12k-by-tino-libaak-2025-3\/#primaryimage","url":"https:\/\/revolutionpadelstore.com\/wp-content\/uploads\/2024\/10\/113549_pala_nox_tl10_quantum_12k_by_tino_libaak_ptl10luxq25_1500x1500_1_3434.webp","contentUrl":"https:\/\/revolutionpadelstore.com\/wp-content\/uploads\/2024\/10\/113549_pala_nox_tl10_quantum_12k_by_tino_libaak_ptl10luxq25_1500x1500_1_3434.webp","width":1500,"height":1500},{"@type":"BreadcrumbList","@id":"https:\/\/revolutionpadelstore.com\/fr\/produit\/nox-tl10-quantum-12k-by-tino-libaak-2025-3\/#breadcrumb","itemListElement":[{"@type":"ListItem","position":1,"name":"Portada","item":"https:\/\/revolutionpadelstore.com\/fr\/"},{"@type":"ListItem","position":2,"name":"Boutique","item":"https:\/\/revolutionpadelstore.com\/fr\/tienda\/"},{"@type":"ListItem","position":3,"name":"NOX TL10 QUANTUM 12K BY TINO LIBAAK 2025"}]},{"@type":"WebSite","@id":"https:\/\/revolutionpadelstore.com\/fr\/#website","url":"https:\/\/revolutionpadelstore.com\/fr\/","name":"Revolution Padel Store","description":"","publisher":{"@id":"https:\/\/revolutionpadelstore.com\/fr\/#organization"},"potentialAction":[{"@type":"SearchAction","target":{"@type":"EntryPoint","urlTemplate":"https:\/\/revolutionpadelstore.com\/fr\/?s={search_term_string}"},"query-input":{"@type":"PropertyValueSpecification","valueRequired":true,"valueName":"search_term_string"}}],"inLanguage":"fr-FR"},{"@type":"Organization","@id":"https:\/\/revolutionpadelstore.com\/fr\/#organization","name":"Revolution Padel Store","url":"https:\/\/revolutionpadelstore.com\/fr\/","logo":{"@type":"ImageObject","inLanguage":"fr-FR","@id":"https:\/\/revolutionpadelstore.com\/fr\/#\/schema\/logo\/image\/","url":"https:\/\/revolutionpadelstore.com\/wp-content\/uploads\/2026\/02\/revolution-padel-store.jpg","contentUrl":"https:\/\/revolutionpadelstore.com\/wp-content\/uploads\/2026\/02\/revolution-padel-store.jpg","width":2000,"height":2000,"caption":"Revolution Padel Store"},"image":{"@id":"https:\/\/revolutionpadelstore.com\/fr\/#\/schema\/logo\/image\/"},"sameAs":["https:\/\/www.instagram.com\/revolutionpadelstore\/"]}]}},"_links":{"self":[{"href":"https:\/\/revolutionpadelstore.com\/fr\/wp-json\/wp\/v2\/product\/72756","targetHints":{"allow":["GET"]}}],"collection":[{"href":"https:\/\/revolutionpadelstore.com\/fr\/wp-json\/wp\/v2\/product"}],"about":[{"href":"https:\/\/revolutionpadelstore.com\/fr\/wp-json\/wp\/v2\/types\/product"}],"replies":[{"embeddable":true,"href":"https:\/\/revolutionpadelstore.com\/fr\/wp-json\/wp\/v2\/comments?post=72756"}],"wp:featuredmedia":[{"embeddable":true,"href":"https:\/\/revolutionpadelstore.com\/fr\/wp-json\/wp\/v2\/media\/125370"}],"wp:attachment":[{"href":"https:\/\/revolutionpadelstore.com\/fr\/wp-json\/wp\/v2\/media?parent=72756"}],"wp:term":[{"taxonomy":"acabado","embeddable":true,"href":"https:\/\/revolutionpadelstore.com\/fr\/wp-json\/wp\/v2\/acabado?post=72756"},{"taxonomy":"balance","embeddable":true,"href":"https:\/\/revolutionpadelstore.com\/fr\/wp-json\/wp\/v2\/balance?post=72756"},{"taxonomy":"dureza","embeddable":true,"href":"https:\/\/revolutionpadelstore.com\/fr\/wp-json\/wp\/v2\/dureza?post=72756"},{"taxonomy":"forma","embeddable":true,"href":"https:\/\/revolutionpadelstore.com\/fr\/wp-json\/wp\/v2\/forma?post=72756"},{"taxonomy":"jugador","embeddable":true,"href":"https:\/\/revolutionpadelstore.com\/fr\/wp-json\/wp\/v2\/jugador?post=72756"},{"taxonomy":"marca","embeddable":true,"href":"https:\/\/revolutionpadelstore.com\/fr\/wp-json\/wp\/v2\/marca?post=72756"},{"taxonomy":"nivel-de-juego","embeddable":true,"href":"https:\/\/revolutionpadelstore.com\/fr\/wp-json\/wp\/v2\/nivel-de-juego?post=72756"},{"taxonomy":"superficie","embeddable":true,"href":"https:\/\/revolutionpadelstore.com\/fr\/wp-json\/wp\/v2\/superficie?post=72756"},{"taxonomy":"tipo-de-juego","embeddable":true,"href":"https:\/\/revolutionpadelstore.com\/fr\/wp-json\/wp\/v2\/tipo-de-juego?post=72756"},{"taxonomy":"product_brand","embeddable":true,"href":"https:\/\/revolutionpadelstore.com\/fr\/wp-json\/wp\/v2\/product_brand?post=72756"},{"taxonomy":"product_cat","embeddable":true,"href":"https:\/\/revolutionpadelstore.com\/fr\/wp-json\/wp\/v2\/product_cat?post=72756"},{"taxonomy":"product_tag","embeddable":true,"href":"https:\/\/revolutionpadelstore.com\/fr\/wp-json\/wp\/v2\/product_tag?post=72756"}],"curies":[{"name":"wp","href":"https:\/\/api.w.org\/{rel}","templated":true}]}}