{"id":72751,"date":"2024-09-25T23:09:47","date_gmt":"2024-09-25T21:09:47","guid":{"rendered":"https:\/\/revolutionpadelstore.com\/nox-at10-pro-cup-comfort-by-agustin-tapia-2025\/"},"modified":"2026-04-01T07:13:56","modified_gmt":"2026-04-01T05:13:56","slug":"nox-at10-pro-cup-comfort-by-agustin-tapia-2025-3","status":"publish","type":"product","link":"https:\/\/revolutionpadelstore.com\/fr\/produit\/nox-at10-pro-cup-comfort-by-agustin-tapia-2025-3\/","title":{"rendered":"NOX AT10 PRO CUP COMFORT BY AGUSTIN TAPIA 2025"},"content":{"rendered":"<h2>Nox AT10 Pro Cup Comfort Par Agust\u00edn Tapia 2025, domine avec la technique<\/h2>\n<p>La raquette Nox AT10 Pro Cup Comfort fait partie de la collection 2025 de la marque. Il est choisi par l&#8217;un des meilleurs joueurs du monde, l&#8217;Argentin <strong>Agust\u00edn Tapia<\/strong>. Vous ma\u00eetriserez chaque point, am\u00e9liorant ainsi votre technique et vos performances. Son design, en argent, et sa texture 3D apportent un suppl\u00e9ment de style.<\/p>\n<h2>Nox AT10 Pro Cup Comfort By Agust\u00edn Tapia 2025, l&#8217;\u00e9quilibre pour votre jeu<\/h2>\n<p>Cette nouvelle raquette Nox vient offrir un plus grand confort de jeu aux joueurs de niveau avanc\u00e9 et professionnel. Sa forme en goutte et son \u00e9quilibre moyen offrent un \u00e9quilibre parfait entre contr\u00f4le et puissance. Vous ressentirez \u00e0 chaque coup comment vous dominez chaque point \u00e0 volont\u00e9.<\/p>\n<p>Il est id\u00e9al pour les joueurs plus techniques, tout comme le \u00ab <strong>Mozart<\/strong> argentin \u00bb. Il dispose de nombreuses technologies de haute qualit\u00e9.<\/p>\n<h2>Caract\u00e9ristiques Nox AT10 Pro Cup Comfort par Agust\u00edn Tapia 2025<\/h2>\n<p style=\"padding-left: 40px\"><em>-Fibre de verre<\/em>, un tissu en fibre de verre qui offre une <strong>rigidit\u00e9<\/strong> moyenne.<\/p>\n<p style=\"padding-left: 40px\">-Forme de larme et \u00e9quilibre moyen.<\/p>\n<p style=\"padding-left: 40px\"><em>-HR3 Rubber<\/em>, un noyau qui am\u00e9liore la m\u00e9moire, afin qu&#8217;il r\u00e9cup\u00e8re son \u00e9tat avant de frapper la balle. Avec ce caoutchouc, vous obtenez une puissance maximale.<\/p>\n<p style=\"padding-left: 40px\"><em>-Cadre en carbone<\/em>, plus de rigidit\u00e9 et de <strong>durabilit\u00e9<\/strong> au cadre et \u00e0 la lame en g\u00e9n\u00e9ral.<\/p>\n<p style=\"padding-left: 40px\"><em>-Smart strap<\/em>, un syst\u00e8me qui vous permet de <strong>remplacer le cordon<\/strong> facilement, am\u00e9liorant l&#8217;hygi\u00e8ne, sans perdre la garantie en ne devoir manipuler le bottom cap.<\/p>\n<p style=\"padding-left: 40px\">-Texture 3D.<\/p>\n<h3>Nox AT10 Pro Cup Comfort Par Agust\u00edn Tapia 2025 disponible dans Revolution Padel Store<\/h3>\n<p>Si vous \u00eates un joueur tr\u00e8s comp\u00e9titif, technique et qui privil\u00e9gie l&#8217;\u00e9quilibre dans votre jeu, ce nouveau Nox AT10 Pro Cup Comfort sera votre meilleur alli\u00e9 sur le terrain. Sentez-vous comme <strong>Agust\u00edn Tapia<\/strong> et profitez de votre sport pr\u00e9f\u00e9r\u00e9, \u00e0 pleine capacit\u00e9.<\/p>\n<h2>Nox AT10 Pro Cup Comfort By Agust\u00edn Tapia 2025, domina a base de t\u00e9cnica<\/h2>\n","protected":false},"excerpt":{"rendered":"<p>Raquette Nox AT10 Pro Cup Comfort Par Agust\u00edn Tapia pour les joueurs comp\u00e9titifs de haut niveau. Forme en forme de goutte, pour un \u00e9quilibre id\u00e9al entre puissance et contr\u00f4le.<\/p>\n","protected":false},"featured_media":125346,"comment_status":"open","ping_status":"closed","template":"","meta":{"_acf_changed":false,"_joinchat":[]},"acabado":[1092],"balance":[1142],"dureza":[1157],"forma":[1187],"jugador":[1192,1202],"marca":[1262],"nivel-de-juego":[1337],"superficie":[1362],"tipo-de-juego":[1387],"product_brand":[],"product_cat":[302],"product_tag":[],"class_list":{"0":"post-72751","1":"product","2":"type-product","3":"status-publish","4":"has-post-thumbnail","6":"acabado-soulager-la-3d","7":"balance-moyen","8":"dureza-media-fr","9":"forma-lagrima-fr","10":"jugador-homme","11":"jugador-polivalente-fr","12":"marca-nox-fr","13":"superficie-rugosa-fr","14":"tipo-de-juego-polivalente-fr","15":"product_cat-palas-de-padel-fr","17":"first","18":"instock","19":"sale","20":"taxable","21":"shipping-taxable","22":"purchasable","23":"product-type-simple"},"acf":[],"yoast_head":"<!-- This site is optimized with the Yoast SEO plugin v27.3 - https:\/\/yoast.com\/product\/yoast-seo-wordpress\/ -->\n<title>NOX AT10 PRO CUP COMFORT BY AGUSTIN TAPIA 2025 - Revolution Padel Store<\/title>\n<meta name=\"description\" content=\"Esta nueva pala de Nox llega para dotar de una mayor\u00a0comodidad\u00a0en el juego a jugadores de nivel avanzado y profesional. Su\u00a0forma de l\u00e1grima\u00a0y balance medio, otorgan un equilibrio perfecto entre\u00a0control y potencia. Sentir\u00e1s en cada golpeo c\u00f3mo dominas a tu antojo cada punto. Es ideal para jugadores m\u00e1s t\u00e9cnicos, al igual que el \u201cMozart\u201d argentino. Cuenta con numerosas tecnolog\u00edas de gran calidad.\" \/>\n<meta name=\"robots\" content=\"index, follow, max-snippet:-1, max-image-preview:large, max-video-preview:-1\" \/>\n<link rel=\"canonical\" href=\"https:\/\/revolutionpadelstore.com\/fr\/produit\/nox-at10-pro-cup-comfort-by-agustin-tapia-2025-3\/\" \/>\n<meta property=\"og:locale\" content=\"fr_FR\" \/>\n<meta property=\"og:type\" content=\"article\" \/>\n<meta property=\"og:title\" content=\"NOX AT10 PRO CUP COMFORT BY AGUSTIN TAPIA 2025 - Revolution Padel Store\" \/>\n<meta property=\"og:description\" content=\"Esta nueva pala de Nox llega para dotar de una mayor\u00a0comodidad\u00a0en el juego a jugadores de nivel avanzado y profesional. Su\u00a0forma de l\u00e1grima\u00a0y balance medio, otorgan un equilibrio perfecto entre\u00a0control y potencia. Sentir\u00e1s en cada golpeo c\u00f3mo dominas a tu antojo cada punto. Es ideal para jugadores m\u00e1s t\u00e9cnicos, al igual que el \u201cMozart\u201d argentino. Cuenta con numerosas tecnolog\u00edas de gran calidad.\" \/>\n<meta property=\"og:url\" content=\"https:\/\/revolutionpadelstore.com\/fr\/produit\/nox-at10-pro-cup-comfort-by-agustin-tapia-2025-3\/\" \/>\n<meta property=\"og:site_name\" content=\"Revolution Padel Store\" \/>\n<meta property=\"article:modified_time\" content=\"2026-04-01T05:13:56+00:00\" \/>\n<meta property=\"og:image\" content=\"https:\/\/revolutionpadelstore.com\/wp-content\/uploads\/2024\/10\/113543_pala_nox_at10_pro_cup_comfort_by_agustin_tapia_pat10pcc25_1500x1500_1_438f.webp\" \/>\n\t<meta property=\"og:image:width\" content=\"1500\" \/>\n\t<meta property=\"og:image:height\" content=\"1500\" \/>\n\t<meta property=\"og:image:type\" content=\"image\/webp\" \/>\n<meta name=\"twitter:card\" content=\"summary_large_image\" \/>\n<meta name=\"twitter:label1\" content=\"Dur\u00e9e de lecture estim\u00e9e\" \/>\n\t<meta name=\"twitter:data1\" content=\"2 minutes\" \/>\n<script type=\"application\/ld+json\" class=\"yoast-schema-graph\">{\"@context\":\"https:\\\/\\\/schema.org\",\"@graph\":[{\"@type\":\"WebPage\",\"@id\":\"https:\\\/\\\/revolutionpadelstore.com\\\/fr\\\/produit\\\/nox-at10-pro-cup-comfort-by-agustin-tapia-2025-3\\\/\",\"url\":\"https:\\\/\\\/revolutionpadelstore.com\\\/fr\\\/produit\\\/nox-at10-pro-cup-comfort-by-agustin-tapia-2025-3\\\/\",\"name\":\"NOX AT10 PRO CUP COMFORT BY AGUSTIN TAPIA 2025 - Revolution Padel Store\",\"isPartOf\":{\"@id\":\"https:\\\/\\\/revolutionpadelstore.com\\\/fr\\\/#website\"},\"primaryImageOfPage\":{\"@id\":\"https:\\\/\\\/revolutionpadelstore.com\\\/fr\\\/produit\\\/nox-at10-pro-cup-comfort-by-agustin-tapia-2025-3\\\/#primaryimage\"},\"image\":{\"@id\":\"https:\\\/\\\/revolutionpadelstore.com\\\/fr\\\/produit\\\/nox-at10-pro-cup-comfort-by-agustin-tapia-2025-3\\\/#primaryimage\"},\"thumbnailUrl\":\"https:\\\/\\\/revolutionpadelstore.com\\\/wp-content\\\/uploads\\\/2024\\\/10\\\/113543_pala_nox_at10_pro_cup_comfort_by_agustin_tapia_pat10pcc25_1500x1500_1_438f.webp\",\"datePublished\":\"2024-09-25T21:09:47+00:00\",\"dateModified\":\"2026-04-01T05:13:56+00:00\",\"description\":\"Esta nueva pala de Nox llega para dotar de una mayor\u00a0comodidad\u00a0en el juego a jugadores de nivel avanzado y profesional. Su\u00a0forma de l\u00e1grima\u00a0y balance medio, otorgan un equilibrio perfecto entre\u00a0control y potencia. Sentir\u00e1s en cada golpeo c\u00f3mo dominas a tu antojo cada punto. Es ideal para jugadores m\u00e1s t\u00e9cnicos, al igual que el \u201cMozart\u201d argentino. Cuenta con numerosas tecnolog\u00edas de gran calidad.\",\"breadcrumb\":{\"@id\":\"https:\\\/\\\/revolutionpadelstore.com\\\/fr\\\/produit\\\/nox-at10-pro-cup-comfort-by-agustin-tapia-2025-3\\\/#breadcrumb\"},\"inLanguage\":\"fr-FR\",\"potentialAction\":[{\"@type\":\"ReadAction\",\"target\":[\"https:\\\/\\\/revolutionpadelstore.com\\\/fr\\\/produit\\\/nox-at10-pro-cup-comfort-by-agustin-tapia-2025-3\\\/\"]}]},{\"@type\":\"ImageObject\",\"inLanguage\":\"fr-FR\",\"@id\":\"https:\\\/\\\/revolutionpadelstore.com\\\/fr\\\/produit\\\/nox-at10-pro-cup-comfort-by-agustin-tapia-2025-3\\\/#primaryimage\",\"url\":\"https:\\\/\\\/revolutionpadelstore.com\\\/wp-content\\\/uploads\\\/2024\\\/10\\\/113543_pala_nox_at10_pro_cup_comfort_by_agustin_tapia_pat10pcc25_1500x1500_1_438f.webp\",\"contentUrl\":\"https:\\\/\\\/revolutionpadelstore.com\\\/wp-content\\\/uploads\\\/2024\\\/10\\\/113543_pala_nox_at10_pro_cup_comfort_by_agustin_tapia_pat10pcc25_1500x1500_1_438f.webp\",\"width\":1500,\"height\":1500},{\"@type\":\"BreadcrumbList\",\"@id\":\"https:\\\/\\\/revolutionpadelstore.com\\\/fr\\\/produit\\\/nox-at10-pro-cup-comfort-by-agustin-tapia-2025-3\\\/#breadcrumb\",\"itemListElement\":[{\"@type\":\"ListItem\",\"position\":1,\"name\":\"Portada\",\"item\":\"https:\\\/\\\/revolutionpadelstore.com\\\/fr\\\/\"},{\"@type\":\"ListItem\",\"position\":2,\"name\":\"Boutique\",\"item\":\"https:\\\/\\\/revolutionpadelstore.com\\\/fr\\\/tienda\\\/\"},{\"@type\":\"ListItem\",\"position\":3,\"name\":\"NOX AT10 PRO CUP COMFORT BY AGUSTIN TAPIA 2025\"}]},{\"@type\":\"WebSite\",\"@id\":\"https:\\\/\\\/revolutionpadelstore.com\\\/fr\\\/#website\",\"url\":\"https:\\\/\\\/revolutionpadelstore.com\\\/fr\\\/\",\"name\":\"Revolution Padel Store\",\"description\":\"\",\"publisher\":{\"@id\":\"https:\\\/\\\/revolutionpadelstore.com\\\/fr\\\/#organization\"},\"potentialAction\":[{\"@type\":\"SearchAction\",\"target\":{\"@type\":\"EntryPoint\",\"urlTemplate\":\"https:\\\/\\\/revolutionpadelstore.com\\\/fr\\\/?s={search_term_string}\"},\"query-input\":{\"@type\":\"PropertyValueSpecification\",\"valueRequired\":true,\"valueName\":\"search_term_string\"}}],\"inLanguage\":\"fr-FR\"},{\"@type\":\"Organization\",\"@id\":\"https:\\\/\\\/revolutionpadelstore.com\\\/fr\\\/#organization\",\"name\":\"Revolution Padel Store\",\"url\":\"https:\\\/\\\/revolutionpadelstore.com\\\/fr\\\/\",\"logo\":{\"@type\":\"ImageObject\",\"inLanguage\":\"fr-FR\",\"@id\":\"https:\\\/\\\/revolutionpadelstore.com\\\/fr\\\/#\\\/schema\\\/logo\\\/image\\\/\",\"url\":\"https:\\\/\\\/revolutionpadelstore.com\\\/wp-content\\\/uploads\\\/2026\\\/02\\\/revolution-padel-store.jpg\",\"contentUrl\":\"https:\\\/\\\/revolutionpadelstore.com\\\/wp-content\\\/uploads\\\/2026\\\/02\\\/revolution-padel-store.jpg\",\"width\":2000,\"height\":2000,\"caption\":\"Revolution Padel Store\"},\"image\":{\"@id\":\"https:\\\/\\\/revolutionpadelstore.com\\\/fr\\\/#\\\/schema\\\/logo\\\/image\\\/\"},\"sameAs\":[\"https:\\\/\\\/www.instagram.com\\\/revolutionpadelstore\\\/\"]}]}<\/script>\n<!-- \/ Yoast SEO plugin. -->","yoast_head_json":{"title":"NOX AT10 PRO CUP COMFORT BY AGUSTIN TAPIA 2025 - Revolution Padel Store","description":"Esta nueva pala de Nox llega para dotar de una mayor\u00a0comodidad\u00a0en el juego a jugadores de nivel avanzado y profesional. Su\u00a0forma de l\u00e1grima\u00a0y balance medio, otorgan un equilibrio perfecto entre\u00a0control y potencia. Sentir\u00e1s en cada golpeo c\u00f3mo dominas a tu antojo cada punto. Es ideal para jugadores m\u00e1s t\u00e9cnicos, al igual que el \u201cMozart\u201d argentino. Cuenta con numerosas tecnolog\u00edas de gran calidad.","robots":{"index":"index","follow":"follow","max-snippet":"max-snippet:-1","max-image-preview":"max-image-preview:large","max-video-preview":"max-video-preview:-1"},"canonical":"https:\/\/revolutionpadelstore.com\/fr\/produit\/nox-at10-pro-cup-comfort-by-agustin-tapia-2025-3\/","og_locale":"fr_FR","og_type":"article","og_title":"NOX AT10 PRO CUP COMFORT BY AGUSTIN TAPIA 2025 - Revolution Padel Store","og_description":"Esta nueva pala de Nox llega para dotar de una mayor\u00a0comodidad\u00a0en el juego a jugadores de nivel avanzado y profesional. Su\u00a0forma de l\u00e1grima\u00a0y balance medio, otorgan un equilibrio perfecto entre\u00a0control y potencia. Sentir\u00e1s en cada golpeo c\u00f3mo dominas a tu antojo cada punto. Es ideal para jugadores m\u00e1s t\u00e9cnicos, al igual que el \u201cMozart\u201d argentino. Cuenta con numerosas tecnolog\u00edas de gran calidad.","og_url":"https:\/\/revolutionpadelstore.com\/fr\/produit\/nox-at10-pro-cup-comfort-by-agustin-tapia-2025-3\/","og_site_name":"Revolution Padel Store","article_modified_time":"2026-04-01T05:13:56+00:00","og_image":[{"width":1500,"height":1500,"url":"https:\/\/revolutionpadelstore.com\/wp-content\/uploads\/2024\/10\/113543_pala_nox_at10_pro_cup_comfort_by_agustin_tapia_pat10pcc25_1500x1500_1_438f.webp","type":"image\/webp"}],"twitter_card":"summary_large_image","twitter_misc":{"Dur\u00e9e de lecture estim\u00e9e":"2 minutes"},"schema":{"@context":"https:\/\/schema.org","@graph":[{"@type":"WebPage","@id":"https:\/\/revolutionpadelstore.com\/fr\/produit\/nox-at10-pro-cup-comfort-by-agustin-tapia-2025-3\/","url":"https:\/\/revolutionpadelstore.com\/fr\/produit\/nox-at10-pro-cup-comfort-by-agustin-tapia-2025-3\/","name":"NOX AT10 PRO CUP COMFORT BY AGUSTIN TAPIA 2025 - Revolution Padel Store","isPartOf":{"@id":"https:\/\/revolutionpadelstore.com\/fr\/#website"},"primaryImageOfPage":{"@id":"https:\/\/revolutionpadelstore.com\/fr\/produit\/nox-at10-pro-cup-comfort-by-agustin-tapia-2025-3\/#primaryimage"},"image":{"@id":"https:\/\/revolutionpadelstore.com\/fr\/produit\/nox-at10-pro-cup-comfort-by-agustin-tapia-2025-3\/#primaryimage"},"thumbnailUrl":"https:\/\/revolutionpadelstore.com\/wp-content\/uploads\/2024\/10\/113543_pala_nox_at10_pro_cup_comfort_by_agustin_tapia_pat10pcc25_1500x1500_1_438f.webp","datePublished":"2024-09-25T21:09:47+00:00","dateModified":"2026-04-01T05:13:56+00:00","description":"Esta nueva pala de Nox llega para dotar de una mayor\u00a0comodidad\u00a0en el juego a jugadores de nivel avanzado y profesional. Su\u00a0forma de l\u00e1grima\u00a0y balance medio, otorgan un equilibrio perfecto entre\u00a0control y potencia. Sentir\u00e1s en cada golpeo c\u00f3mo dominas a tu antojo cada punto. Es ideal para jugadores m\u00e1s t\u00e9cnicos, al igual que el \u201cMozart\u201d argentino. Cuenta con numerosas tecnolog\u00edas de gran calidad.","breadcrumb":{"@id":"https:\/\/revolutionpadelstore.com\/fr\/produit\/nox-at10-pro-cup-comfort-by-agustin-tapia-2025-3\/#breadcrumb"},"inLanguage":"fr-FR","potentialAction":[{"@type":"ReadAction","target":["https:\/\/revolutionpadelstore.com\/fr\/produit\/nox-at10-pro-cup-comfort-by-agustin-tapia-2025-3\/"]}]},{"@type":"ImageObject","inLanguage":"fr-FR","@id":"https:\/\/revolutionpadelstore.com\/fr\/produit\/nox-at10-pro-cup-comfort-by-agustin-tapia-2025-3\/#primaryimage","url":"https:\/\/revolutionpadelstore.com\/wp-content\/uploads\/2024\/10\/113543_pala_nox_at10_pro_cup_comfort_by_agustin_tapia_pat10pcc25_1500x1500_1_438f.webp","contentUrl":"https:\/\/revolutionpadelstore.com\/wp-content\/uploads\/2024\/10\/113543_pala_nox_at10_pro_cup_comfort_by_agustin_tapia_pat10pcc25_1500x1500_1_438f.webp","width":1500,"height":1500},{"@type":"BreadcrumbList","@id":"https:\/\/revolutionpadelstore.com\/fr\/produit\/nox-at10-pro-cup-comfort-by-agustin-tapia-2025-3\/#breadcrumb","itemListElement":[{"@type":"ListItem","position":1,"name":"Portada","item":"https:\/\/revolutionpadelstore.com\/fr\/"},{"@type":"ListItem","position":2,"name":"Boutique","item":"https:\/\/revolutionpadelstore.com\/fr\/tienda\/"},{"@type":"ListItem","position":3,"name":"NOX AT10 PRO CUP COMFORT BY AGUSTIN TAPIA 2025"}]},{"@type":"WebSite","@id":"https:\/\/revolutionpadelstore.com\/fr\/#website","url":"https:\/\/revolutionpadelstore.com\/fr\/","name":"Revolution Padel Store","description":"","publisher":{"@id":"https:\/\/revolutionpadelstore.com\/fr\/#organization"},"potentialAction":[{"@type":"SearchAction","target":{"@type":"EntryPoint","urlTemplate":"https:\/\/revolutionpadelstore.com\/fr\/?s={search_term_string}"},"query-input":{"@type":"PropertyValueSpecification","valueRequired":true,"valueName":"search_term_string"}}],"inLanguage":"fr-FR"},{"@type":"Organization","@id":"https:\/\/revolutionpadelstore.com\/fr\/#organization","name":"Revolution Padel Store","url":"https:\/\/revolutionpadelstore.com\/fr\/","logo":{"@type":"ImageObject","inLanguage":"fr-FR","@id":"https:\/\/revolutionpadelstore.com\/fr\/#\/schema\/logo\/image\/","url":"https:\/\/revolutionpadelstore.com\/wp-content\/uploads\/2026\/02\/revolution-padel-store.jpg","contentUrl":"https:\/\/revolutionpadelstore.com\/wp-content\/uploads\/2026\/02\/revolution-padel-store.jpg","width":2000,"height":2000,"caption":"Revolution Padel Store"},"image":{"@id":"https:\/\/revolutionpadelstore.com\/fr\/#\/schema\/logo\/image\/"},"sameAs":["https:\/\/www.instagram.com\/revolutionpadelstore\/"]}]}},"_links":{"self":[{"href":"https:\/\/revolutionpadelstore.com\/fr\/wp-json\/wp\/v2\/product\/72751","targetHints":{"allow":["GET"]}}],"collection":[{"href":"https:\/\/revolutionpadelstore.com\/fr\/wp-json\/wp\/v2\/product"}],"about":[{"href":"https:\/\/revolutionpadelstore.com\/fr\/wp-json\/wp\/v2\/types\/product"}],"replies":[{"embeddable":true,"href":"https:\/\/revolutionpadelstore.com\/fr\/wp-json\/wp\/v2\/comments?post=72751"}],"wp:featuredmedia":[{"embeddable":true,"href":"https:\/\/revolutionpadelstore.com\/fr\/wp-json\/wp\/v2\/media\/125346"}],"wp:attachment":[{"href":"https:\/\/revolutionpadelstore.com\/fr\/wp-json\/wp\/v2\/media?parent=72751"}],"wp:term":[{"taxonomy":"acabado","embeddable":true,"href":"https:\/\/revolutionpadelstore.com\/fr\/wp-json\/wp\/v2\/acabado?post=72751"},{"taxonomy":"balance","embeddable":true,"href":"https:\/\/revolutionpadelstore.com\/fr\/wp-json\/wp\/v2\/balance?post=72751"},{"taxonomy":"dureza","embeddable":true,"href":"https:\/\/revolutionpadelstore.com\/fr\/wp-json\/wp\/v2\/dureza?post=72751"},{"taxonomy":"forma","embeddable":true,"href":"https:\/\/revolutionpadelstore.com\/fr\/wp-json\/wp\/v2\/forma?post=72751"},{"taxonomy":"jugador","embeddable":true,"href":"https:\/\/revolutionpadelstore.com\/fr\/wp-json\/wp\/v2\/jugador?post=72751"},{"taxonomy":"marca","embeddable":true,"href":"https:\/\/revolutionpadelstore.com\/fr\/wp-json\/wp\/v2\/marca?post=72751"},{"taxonomy":"nivel-de-juego","embeddable":true,"href":"https:\/\/revolutionpadelstore.com\/fr\/wp-json\/wp\/v2\/nivel-de-juego?post=72751"},{"taxonomy":"superficie","embeddable":true,"href":"https:\/\/revolutionpadelstore.com\/fr\/wp-json\/wp\/v2\/superficie?post=72751"},{"taxonomy":"tipo-de-juego","embeddable":true,"href":"https:\/\/revolutionpadelstore.com\/fr\/wp-json\/wp\/v2\/tipo-de-juego?post=72751"},{"taxonomy":"product_brand","embeddable":true,"href":"https:\/\/revolutionpadelstore.com\/fr\/wp-json\/wp\/v2\/product_brand?post=72751"},{"taxonomy":"product_cat","embeddable":true,"href":"https:\/\/revolutionpadelstore.com\/fr\/wp-json\/wp\/v2\/product_cat?post=72751"},{"taxonomy":"product_tag","embeddable":true,"href":"https:\/\/revolutionpadelstore.com\/fr\/wp-json\/wp\/v2\/product_tag?post=72751"}],"curies":[{"name":"wp","href":"https:\/\/api.w.org\/{rel}","templated":true}]}}