{"id":72746,"date":"2024-09-25T23:17:45","date_gmt":"2024-09-25T21:17:45","guid":{"rendered":"https:\/\/revolutionpadelstore.com\/nox-at10-pro-cup-hard-by-agustin-tapia-2025\/"},"modified":"2026-04-01T07:13:30","modified_gmt":"2026-04-01T05:13:30","slug":"nox-at10-pro-cup-hard-by-agustin-tapia-2025-3","status":"publish","type":"product","link":"https:\/\/revolutionpadelstore.com\/fr\/produit\/nox-at10-pro-cup-hard-by-agustin-tapia-2025-3\/","title":{"rendered":"NOX AT10 PRO CUP HARD BY AGUSTIN TAPIA 2025"},"content":{"rendered":"<h2>Nox AT10 Pro Cup Hard Par Agust\u00edn Tapia 2025, des tirs rapides avec la plus grande pr\u00e9cision<\/h2>\n<p>La raquette Nox AT10 Pro Cup Hard, qui fait partie de la collection 2025, a \u00e9t\u00e9 choisie par l&#8217;un des joueurs les plus \u00e9minents du padel mondial, l&#8217;Argentin <strong>Agust\u00edn Tapia<\/strong>. Ce mod\u00e8le est con\u00e7u pour offrir des performances sup\u00e9rieures, vous permettant de ma\u00eetriser chaque point avec une am\u00e9lioration notable de la technique et du contr\u00f4le du jeu. Son design noir \u00e9l\u00e9gant, avec des d\u00e9tails argent\u00e9s et une texture 3D, lui conf\u00e8re une touche stylis\u00e9e et moderne qui ne passe pas inaper\u00e7ue sur le court.<\/p>\n<h2>Nox AT10 Pro Cup Hard Par Agust\u00edn Tapia 2025, joueurs professionnels de haut niveau<\/h2>\n<p>Cette nouvelle version de Nox s&#8217;adresse aux joueurs avanc\u00e9s et professionnels cherchant \u00e0 augmenter la vitesse de leur jeu. La forme en forme de larme et l&#8217;\u00e9quilibre moyen de la raquette offrent un excellent \u00e9quilibre entre contr\u00f4le et puissance, facilitant des performances optimales dans les frappes d\u00e9fensives et offensives. Chaque coup avec l&#8217;AT10 Pro Cup Hard vous permet de sentir comment vous contr\u00f4lez le rythme du match, une caract\u00e9ristique id\u00e9ale pour les joueurs techniques comme le &#8220;Mozart&#8221; du padel, Agust\u00edn Tapia. Cette raquette dispose d&#8217;une s\u00e9rie de technologies avanc\u00e9es qui am\u00e9liorent sa qualit\u00e9 et ses performances.<\/p>\n<h2>Comprend Nox AT10 Pro Cup Hard par Agust\u00edn Tapia 2025<\/h2>\n<p style=\"padding-left: 40px\"><em>-Fiber Glass Silver<\/em>, une fibre de verre qui offre une rigidit\u00e9 interm\u00e9diaire entre le carbone et le verre, procurant une sensation de <strong>contr\u00f4le<\/em> forte&gt; sans sacrifier le <strong>pouvoir<\/strong>.<\/p>\n<p style=\"padding-left: 40px\"><em>-Caoutchouc EV50<\/em>, haute densit\u00e9 et r\u00e9activit\u00e9, qui augmente la vitesse du ballon sur les frappes proches du filet, offrant un toucher solide avec des moyennes-hautes duret\u00e9.<\/p>\n<p style=\"padding-left: 40px\"><em>-Cadre en carbone<\/em>, qui garantit une plus grande <strong>durabilit\u00e9<\/strong> et rigidit\u00e9 \u00e0 toute la structure de la raquette<\/p>\n<p style=\"padding-left: 40px\"><em>-Smart Strap System<\/em>, qui permet de remplacer facilement le cordon, am\u00e9liorant ainsi l&#8217;hygi\u00e8ne et gardant la garantie intacte.<\/p>\n<h3>Nox AT10 Pro Cup Hard Par Agust\u00edn Tapia 2025 maintenant disponible dans Revolution Padel Store<\/h3>\n<p>Si vous \u00eates un joueur comp\u00e9titif \u00e0 la recherche d&#8217;\u00e9quilibre dans votre jeu et d&#8217;une plus grande vitesse dans vos tirs, le Nox AT10 Pro Cup Hard est l&#8217;option parfaite.<\/p>\n<h2>Nox AT10 Pro Cup Hard By Agust\u00edn Tapia 2025, golpes veloces con la mayor precisi\u00f3n<\/h2>\n","protected":false},"excerpt":{"rendered":"<p>Raquette Nox AT10 Pro Cup Hard du joueur Agust\u00edn Tapia, de la collection 2025, pour les joueurs de haute performance.<\/p>\n","protected":false},"featured_media":125352,"comment_status":"open","ping_status":"closed","template":"","meta":{"_acf_changed":false,"_joinchat":[]},"acabado":[1092],"balance":[1142],"dureza":[1157],"forma":[1187],"jugador":[1192,1202],"marca":[1262],"nivel-de-juego":[1337],"superficie":[1362],"tipo-de-juego":[1387],"product_brand":[],"product_cat":[302],"product_tag":[],"class_list":{"0":"post-72746","1":"product","2":"type-product","3":"status-publish","4":"has-post-thumbnail","6":"acabado-soulager-la-3d","7":"balance-moyen","8":"dureza-media-fr","9":"forma-lagrima-fr","10":"jugador-homme","11":"jugador-polivalente-fr","12":"marca-nox-fr","13":"superficie-rugosa-fr","14":"tipo-de-juego-polivalente-fr","15":"product_cat-palas-de-padel-fr","17":"first","18":"instock","19":"sale","20":"taxable","21":"shipping-taxable","22":"purchasable","23":"product-type-simple"},"acf":[],"yoast_head":"<!-- This site is optimized with the Yoast SEO plugin v27.3 - https:\/\/yoast.com\/product\/yoast-seo-wordpress\/ -->\n<title>NOX AT10 PRO CUP HARD BY AGUSTIN TAPIA 2025 - Revolution Padel Store<\/title>\n<meta name=\"description\" content=\"Este nuevo lanzamiento de Nox est\u00e1 dirigido a jugadores de\u00a0nivel avanzado\u00a0y\u00a0profesional\u00a0que buscan aumentar la velocidad de su juego. La\u00a0forma de l\u00e1grima\u00a0y el balance medio de la pala proporcionan un equilibrio excelente entre control y potencia, lo que facilita un\u00a0rendimiento\u00a0\u00f3ptimo tanto en golpes defensivos como ofensivos. Cada golpe con la AT10 Pro Cup Hard te permite sentir c\u00f3mo\u00a0controlas el ritmo\u00a0del partido, una caracter\u00edstica ideal para jugadores t\u00e9cnicos como el propio &quot;Mozart&quot; del p\u00e1del, Agust\u00edn Tapia. Esta pala cuenta con una serie de tecnolog\u00edas avanzadas que mejoran su calidad y rendimiento.\" \/>\n<meta name=\"robots\" content=\"index, follow, max-snippet:-1, max-image-preview:large, max-video-preview:-1\" \/>\n<link rel=\"canonical\" href=\"https:\/\/revolutionpadelstore.com\/fr\/produit\/nox-at10-pro-cup-hard-by-agustin-tapia-2025-3\/\" \/>\n<meta property=\"og:locale\" content=\"fr_FR\" \/>\n<meta property=\"og:type\" content=\"article\" \/>\n<meta property=\"og:title\" content=\"NOX AT10 PRO CUP HARD BY AGUSTIN TAPIA 2025 - Revolution Padel Store\" \/>\n<meta property=\"og:description\" content=\"Este nuevo lanzamiento de Nox est\u00e1 dirigido a jugadores de\u00a0nivel avanzado\u00a0y\u00a0profesional\u00a0que buscan aumentar la velocidad de su juego. La\u00a0forma de l\u00e1grima\u00a0y el balance medio de la pala proporcionan un equilibrio excelente entre control y potencia, lo que facilita un\u00a0rendimiento\u00a0\u00f3ptimo tanto en golpes defensivos como ofensivos. Cada golpe con la AT10 Pro Cup Hard te permite sentir c\u00f3mo\u00a0controlas el ritmo\u00a0del partido, una caracter\u00edstica ideal para jugadores t\u00e9cnicos como el propio &quot;Mozart&quot; del p\u00e1del, Agust\u00edn Tapia. Esta pala cuenta con una serie de tecnolog\u00edas avanzadas que mejoran su calidad y rendimiento.\" \/>\n<meta property=\"og:url\" content=\"https:\/\/revolutionpadelstore.com\/fr\/produit\/nox-at10-pro-cup-hard-by-agustin-tapia-2025-3\/\" \/>\n<meta property=\"og:site_name\" content=\"Revolution Padel Store\" \/>\n<meta property=\"article:modified_time\" content=\"2026-04-01T05:13:30+00:00\" \/>\n<meta property=\"og:image\" content=\"https:\/\/revolutionpadelstore.com\/wp-content\/uploads\/2024\/10\/113544_pala_nox_at10_pro_cup_hard_by_agustin_tapia_pat10pch25_1500x1500_1_f947.webp\" \/>\n\t<meta property=\"og:image:width\" content=\"1500\" \/>\n\t<meta property=\"og:image:height\" content=\"1500\" \/>\n\t<meta property=\"og:image:type\" content=\"image\/webp\" \/>\n<meta name=\"twitter:card\" content=\"summary_large_image\" \/>\n<meta name=\"twitter:label1\" content=\"Dur\u00e9e de lecture estim\u00e9e\" \/>\n\t<meta name=\"twitter:data1\" content=\"2 minutes\" \/>\n<script type=\"application\/ld+json\" class=\"yoast-schema-graph\">{\"@context\":\"https:\\\/\\\/schema.org\",\"@graph\":[{\"@type\":\"WebPage\",\"@id\":\"https:\\\/\\\/revolutionpadelstore.com\\\/fr\\\/produit\\\/nox-at10-pro-cup-hard-by-agustin-tapia-2025-3\\\/\",\"url\":\"https:\\\/\\\/revolutionpadelstore.com\\\/fr\\\/produit\\\/nox-at10-pro-cup-hard-by-agustin-tapia-2025-3\\\/\",\"name\":\"NOX AT10 PRO CUP HARD BY AGUSTIN TAPIA 2025 - Revolution Padel Store\",\"isPartOf\":{\"@id\":\"https:\\\/\\\/revolutionpadelstore.com\\\/fr\\\/#website\"},\"primaryImageOfPage\":{\"@id\":\"https:\\\/\\\/revolutionpadelstore.com\\\/fr\\\/produit\\\/nox-at10-pro-cup-hard-by-agustin-tapia-2025-3\\\/#primaryimage\"},\"image\":{\"@id\":\"https:\\\/\\\/revolutionpadelstore.com\\\/fr\\\/produit\\\/nox-at10-pro-cup-hard-by-agustin-tapia-2025-3\\\/#primaryimage\"},\"thumbnailUrl\":\"https:\\\/\\\/revolutionpadelstore.com\\\/wp-content\\\/uploads\\\/2024\\\/10\\\/113544_pala_nox_at10_pro_cup_hard_by_agustin_tapia_pat10pch25_1500x1500_1_f947.webp\",\"datePublished\":\"2024-09-25T21:17:45+00:00\",\"dateModified\":\"2026-04-01T05:13:30+00:00\",\"description\":\"Este nuevo lanzamiento de Nox est\u00e1 dirigido a jugadores de\u00a0nivel avanzado\u00a0y\u00a0profesional\u00a0que buscan aumentar la velocidad de su juego. La\u00a0forma de l\u00e1grima\u00a0y el balance medio de la pala proporcionan un equilibrio excelente entre control y potencia, lo que facilita un\u00a0rendimiento\u00a0\u00f3ptimo tanto en golpes defensivos como ofensivos. Cada golpe con la AT10 Pro Cup Hard te permite sentir c\u00f3mo\u00a0controlas el ritmo\u00a0del partido, una caracter\u00edstica ideal para jugadores t\u00e9cnicos como el propio \\\"Mozart\\\" del p\u00e1del, Agust\u00edn Tapia. Esta pala cuenta con una serie de tecnolog\u00edas avanzadas que mejoran su calidad y rendimiento.\",\"breadcrumb\":{\"@id\":\"https:\\\/\\\/revolutionpadelstore.com\\\/fr\\\/produit\\\/nox-at10-pro-cup-hard-by-agustin-tapia-2025-3\\\/#breadcrumb\"},\"inLanguage\":\"fr-FR\",\"potentialAction\":[{\"@type\":\"ReadAction\",\"target\":[\"https:\\\/\\\/revolutionpadelstore.com\\\/fr\\\/produit\\\/nox-at10-pro-cup-hard-by-agustin-tapia-2025-3\\\/\"]}]},{\"@type\":\"ImageObject\",\"inLanguage\":\"fr-FR\",\"@id\":\"https:\\\/\\\/revolutionpadelstore.com\\\/fr\\\/produit\\\/nox-at10-pro-cup-hard-by-agustin-tapia-2025-3\\\/#primaryimage\",\"url\":\"https:\\\/\\\/revolutionpadelstore.com\\\/wp-content\\\/uploads\\\/2024\\\/10\\\/113544_pala_nox_at10_pro_cup_hard_by_agustin_tapia_pat10pch25_1500x1500_1_f947.webp\",\"contentUrl\":\"https:\\\/\\\/revolutionpadelstore.com\\\/wp-content\\\/uploads\\\/2024\\\/10\\\/113544_pala_nox_at10_pro_cup_hard_by_agustin_tapia_pat10pch25_1500x1500_1_f947.webp\",\"width\":1500,\"height\":1500},{\"@type\":\"BreadcrumbList\",\"@id\":\"https:\\\/\\\/revolutionpadelstore.com\\\/fr\\\/produit\\\/nox-at10-pro-cup-hard-by-agustin-tapia-2025-3\\\/#breadcrumb\",\"itemListElement\":[{\"@type\":\"ListItem\",\"position\":1,\"name\":\"Portada\",\"item\":\"https:\\\/\\\/revolutionpadelstore.com\\\/fr\\\/\"},{\"@type\":\"ListItem\",\"position\":2,\"name\":\"Boutique\",\"item\":\"https:\\\/\\\/revolutionpadelstore.com\\\/fr\\\/tienda\\\/\"},{\"@type\":\"ListItem\",\"position\":3,\"name\":\"NOX AT10 PRO CUP HARD BY AGUSTIN TAPIA 2025\"}]},{\"@type\":\"WebSite\",\"@id\":\"https:\\\/\\\/revolutionpadelstore.com\\\/fr\\\/#website\",\"url\":\"https:\\\/\\\/revolutionpadelstore.com\\\/fr\\\/\",\"name\":\"Revolution Padel Store\",\"description\":\"\",\"publisher\":{\"@id\":\"https:\\\/\\\/revolutionpadelstore.com\\\/fr\\\/#organization\"},\"potentialAction\":[{\"@type\":\"SearchAction\",\"target\":{\"@type\":\"EntryPoint\",\"urlTemplate\":\"https:\\\/\\\/revolutionpadelstore.com\\\/fr\\\/?s={search_term_string}\"},\"query-input\":{\"@type\":\"PropertyValueSpecification\",\"valueRequired\":true,\"valueName\":\"search_term_string\"}}],\"inLanguage\":\"fr-FR\"},{\"@type\":\"Organization\",\"@id\":\"https:\\\/\\\/revolutionpadelstore.com\\\/fr\\\/#organization\",\"name\":\"Revolution Padel Store\",\"url\":\"https:\\\/\\\/revolutionpadelstore.com\\\/fr\\\/\",\"logo\":{\"@type\":\"ImageObject\",\"inLanguage\":\"fr-FR\",\"@id\":\"https:\\\/\\\/revolutionpadelstore.com\\\/fr\\\/#\\\/schema\\\/logo\\\/image\\\/\",\"url\":\"https:\\\/\\\/revolutionpadelstore.com\\\/wp-content\\\/uploads\\\/2026\\\/02\\\/revolution-padel-store.jpg\",\"contentUrl\":\"https:\\\/\\\/revolutionpadelstore.com\\\/wp-content\\\/uploads\\\/2026\\\/02\\\/revolution-padel-store.jpg\",\"width\":2000,\"height\":2000,\"caption\":\"Revolution Padel Store\"},\"image\":{\"@id\":\"https:\\\/\\\/revolutionpadelstore.com\\\/fr\\\/#\\\/schema\\\/logo\\\/image\\\/\"},\"sameAs\":[\"https:\\\/\\\/www.instagram.com\\\/revolutionpadelstore\\\/\"]}]}<\/script>\n<!-- \/ Yoast SEO plugin. -->","yoast_head_json":{"title":"NOX AT10 PRO CUP HARD BY AGUSTIN TAPIA 2025 - Revolution Padel Store","description":"Este nuevo lanzamiento de Nox est\u00e1 dirigido a jugadores de\u00a0nivel avanzado\u00a0y\u00a0profesional\u00a0que buscan aumentar la velocidad de su juego. La\u00a0forma de l\u00e1grima\u00a0y el balance medio de la pala proporcionan un equilibrio excelente entre control y potencia, lo que facilita un\u00a0rendimiento\u00a0\u00f3ptimo tanto en golpes defensivos como ofensivos. Cada golpe con la AT10 Pro Cup Hard te permite sentir c\u00f3mo\u00a0controlas el ritmo\u00a0del partido, una caracter\u00edstica ideal para jugadores t\u00e9cnicos como el propio \"Mozart\" del p\u00e1del, Agust\u00edn Tapia. Esta pala cuenta con una serie de tecnolog\u00edas avanzadas que mejoran su calidad y rendimiento.","robots":{"index":"index","follow":"follow","max-snippet":"max-snippet:-1","max-image-preview":"max-image-preview:large","max-video-preview":"max-video-preview:-1"},"canonical":"https:\/\/revolutionpadelstore.com\/fr\/produit\/nox-at10-pro-cup-hard-by-agustin-tapia-2025-3\/","og_locale":"fr_FR","og_type":"article","og_title":"NOX AT10 PRO CUP HARD BY AGUSTIN TAPIA 2025 - Revolution Padel Store","og_description":"Este nuevo lanzamiento de Nox est\u00e1 dirigido a jugadores de\u00a0nivel avanzado\u00a0y\u00a0profesional\u00a0que buscan aumentar la velocidad de su juego. La\u00a0forma de l\u00e1grima\u00a0y el balance medio de la pala proporcionan un equilibrio excelente entre control y potencia, lo que facilita un\u00a0rendimiento\u00a0\u00f3ptimo tanto en golpes defensivos como ofensivos. Cada golpe con la AT10 Pro Cup Hard te permite sentir c\u00f3mo\u00a0controlas el ritmo\u00a0del partido, una caracter\u00edstica ideal para jugadores t\u00e9cnicos como el propio \"Mozart\" del p\u00e1del, Agust\u00edn Tapia. Esta pala cuenta con una serie de tecnolog\u00edas avanzadas que mejoran su calidad y rendimiento.","og_url":"https:\/\/revolutionpadelstore.com\/fr\/produit\/nox-at10-pro-cup-hard-by-agustin-tapia-2025-3\/","og_site_name":"Revolution Padel Store","article_modified_time":"2026-04-01T05:13:30+00:00","og_image":[{"width":1500,"height":1500,"url":"https:\/\/revolutionpadelstore.com\/wp-content\/uploads\/2024\/10\/113544_pala_nox_at10_pro_cup_hard_by_agustin_tapia_pat10pch25_1500x1500_1_f947.webp","type":"image\/webp"}],"twitter_card":"summary_large_image","twitter_misc":{"Dur\u00e9e de lecture estim\u00e9e":"2 minutes"},"schema":{"@context":"https:\/\/schema.org","@graph":[{"@type":"WebPage","@id":"https:\/\/revolutionpadelstore.com\/fr\/produit\/nox-at10-pro-cup-hard-by-agustin-tapia-2025-3\/","url":"https:\/\/revolutionpadelstore.com\/fr\/produit\/nox-at10-pro-cup-hard-by-agustin-tapia-2025-3\/","name":"NOX AT10 PRO CUP HARD BY AGUSTIN TAPIA 2025 - Revolution Padel Store","isPartOf":{"@id":"https:\/\/revolutionpadelstore.com\/fr\/#website"},"primaryImageOfPage":{"@id":"https:\/\/revolutionpadelstore.com\/fr\/produit\/nox-at10-pro-cup-hard-by-agustin-tapia-2025-3\/#primaryimage"},"image":{"@id":"https:\/\/revolutionpadelstore.com\/fr\/produit\/nox-at10-pro-cup-hard-by-agustin-tapia-2025-3\/#primaryimage"},"thumbnailUrl":"https:\/\/revolutionpadelstore.com\/wp-content\/uploads\/2024\/10\/113544_pala_nox_at10_pro_cup_hard_by_agustin_tapia_pat10pch25_1500x1500_1_f947.webp","datePublished":"2024-09-25T21:17:45+00:00","dateModified":"2026-04-01T05:13:30+00:00","description":"Este nuevo lanzamiento de Nox est\u00e1 dirigido a jugadores de\u00a0nivel avanzado\u00a0y\u00a0profesional\u00a0que buscan aumentar la velocidad de su juego. La\u00a0forma de l\u00e1grima\u00a0y el balance medio de la pala proporcionan un equilibrio excelente entre control y potencia, lo que facilita un\u00a0rendimiento\u00a0\u00f3ptimo tanto en golpes defensivos como ofensivos. Cada golpe con la AT10 Pro Cup Hard te permite sentir c\u00f3mo\u00a0controlas el ritmo\u00a0del partido, una caracter\u00edstica ideal para jugadores t\u00e9cnicos como el propio \"Mozart\" del p\u00e1del, Agust\u00edn Tapia. Esta pala cuenta con una serie de tecnolog\u00edas avanzadas que mejoran su calidad y rendimiento.","breadcrumb":{"@id":"https:\/\/revolutionpadelstore.com\/fr\/produit\/nox-at10-pro-cup-hard-by-agustin-tapia-2025-3\/#breadcrumb"},"inLanguage":"fr-FR","potentialAction":[{"@type":"ReadAction","target":["https:\/\/revolutionpadelstore.com\/fr\/produit\/nox-at10-pro-cup-hard-by-agustin-tapia-2025-3\/"]}]},{"@type":"ImageObject","inLanguage":"fr-FR","@id":"https:\/\/revolutionpadelstore.com\/fr\/produit\/nox-at10-pro-cup-hard-by-agustin-tapia-2025-3\/#primaryimage","url":"https:\/\/revolutionpadelstore.com\/wp-content\/uploads\/2024\/10\/113544_pala_nox_at10_pro_cup_hard_by_agustin_tapia_pat10pch25_1500x1500_1_f947.webp","contentUrl":"https:\/\/revolutionpadelstore.com\/wp-content\/uploads\/2024\/10\/113544_pala_nox_at10_pro_cup_hard_by_agustin_tapia_pat10pch25_1500x1500_1_f947.webp","width":1500,"height":1500},{"@type":"BreadcrumbList","@id":"https:\/\/revolutionpadelstore.com\/fr\/produit\/nox-at10-pro-cup-hard-by-agustin-tapia-2025-3\/#breadcrumb","itemListElement":[{"@type":"ListItem","position":1,"name":"Portada","item":"https:\/\/revolutionpadelstore.com\/fr\/"},{"@type":"ListItem","position":2,"name":"Boutique","item":"https:\/\/revolutionpadelstore.com\/fr\/tienda\/"},{"@type":"ListItem","position":3,"name":"NOX AT10 PRO CUP HARD BY AGUSTIN TAPIA 2025"}]},{"@type":"WebSite","@id":"https:\/\/revolutionpadelstore.com\/fr\/#website","url":"https:\/\/revolutionpadelstore.com\/fr\/","name":"Revolution Padel Store","description":"","publisher":{"@id":"https:\/\/revolutionpadelstore.com\/fr\/#organization"},"potentialAction":[{"@type":"SearchAction","target":{"@type":"EntryPoint","urlTemplate":"https:\/\/revolutionpadelstore.com\/fr\/?s={search_term_string}"},"query-input":{"@type":"PropertyValueSpecification","valueRequired":true,"valueName":"search_term_string"}}],"inLanguage":"fr-FR"},{"@type":"Organization","@id":"https:\/\/revolutionpadelstore.com\/fr\/#organization","name":"Revolution Padel Store","url":"https:\/\/revolutionpadelstore.com\/fr\/","logo":{"@type":"ImageObject","inLanguage":"fr-FR","@id":"https:\/\/revolutionpadelstore.com\/fr\/#\/schema\/logo\/image\/","url":"https:\/\/revolutionpadelstore.com\/wp-content\/uploads\/2026\/02\/revolution-padel-store.jpg","contentUrl":"https:\/\/revolutionpadelstore.com\/wp-content\/uploads\/2026\/02\/revolution-padel-store.jpg","width":2000,"height":2000,"caption":"Revolution Padel Store"},"image":{"@id":"https:\/\/revolutionpadelstore.com\/fr\/#\/schema\/logo\/image\/"},"sameAs":["https:\/\/www.instagram.com\/revolutionpadelstore\/"]}]}},"_links":{"self":[{"href":"https:\/\/revolutionpadelstore.com\/fr\/wp-json\/wp\/v2\/product\/72746","targetHints":{"allow":["GET"]}}],"collection":[{"href":"https:\/\/revolutionpadelstore.com\/fr\/wp-json\/wp\/v2\/product"}],"about":[{"href":"https:\/\/revolutionpadelstore.com\/fr\/wp-json\/wp\/v2\/types\/product"}],"replies":[{"embeddable":true,"href":"https:\/\/revolutionpadelstore.com\/fr\/wp-json\/wp\/v2\/comments?post=72746"}],"wp:featuredmedia":[{"embeddable":true,"href":"https:\/\/revolutionpadelstore.com\/fr\/wp-json\/wp\/v2\/media\/125352"}],"wp:attachment":[{"href":"https:\/\/revolutionpadelstore.com\/fr\/wp-json\/wp\/v2\/media?parent=72746"}],"wp:term":[{"taxonomy":"acabado","embeddable":true,"href":"https:\/\/revolutionpadelstore.com\/fr\/wp-json\/wp\/v2\/acabado?post=72746"},{"taxonomy":"balance","embeddable":true,"href":"https:\/\/revolutionpadelstore.com\/fr\/wp-json\/wp\/v2\/balance?post=72746"},{"taxonomy":"dureza","embeddable":true,"href":"https:\/\/revolutionpadelstore.com\/fr\/wp-json\/wp\/v2\/dureza?post=72746"},{"taxonomy":"forma","embeddable":true,"href":"https:\/\/revolutionpadelstore.com\/fr\/wp-json\/wp\/v2\/forma?post=72746"},{"taxonomy":"jugador","embeddable":true,"href":"https:\/\/revolutionpadelstore.com\/fr\/wp-json\/wp\/v2\/jugador?post=72746"},{"taxonomy":"marca","embeddable":true,"href":"https:\/\/revolutionpadelstore.com\/fr\/wp-json\/wp\/v2\/marca?post=72746"},{"taxonomy":"nivel-de-juego","embeddable":true,"href":"https:\/\/revolutionpadelstore.com\/fr\/wp-json\/wp\/v2\/nivel-de-juego?post=72746"},{"taxonomy":"superficie","embeddable":true,"href":"https:\/\/revolutionpadelstore.com\/fr\/wp-json\/wp\/v2\/superficie?post=72746"},{"taxonomy":"tipo-de-juego","embeddable":true,"href":"https:\/\/revolutionpadelstore.com\/fr\/wp-json\/wp\/v2\/tipo-de-juego?post=72746"},{"taxonomy":"product_brand","embeddable":true,"href":"https:\/\/revolutionpadelstore.com\/fr\/wp-json\/wp\/v2\/product_brand?post=72746"},{"taxonomy":"product_cat","embeddable":true,"href":"https:\/\/revolutionpadelstore.com\/fr\/wp-json\/wp\/v2\/product_cat?post=72746"},{"taxonomy":"product_tag","embeddable":true,"href":"https:\/\/revolutionpadelstore.com\/fr\/wp-json\/wp\/v2\/product_tag?post=72746"}],"curies":[{"name":"wp","href":"https:\/\/api.w.org\/{rel}","templated":true}]}}