{"id":72741,"date":"2024-09-25T23:23:26","date_gmt":"2024-09-25T21:23:26","guid":{"rendered":"https:\/\/revolutionpadelstore.com\/nox-equation-2025\/"},"modified":"2026-04-08T10:32:13","modified_gmt":"2026-04-08T08:32:13","slug":"nox-equation-2025-3","status":"publish","type":"product","link":"https:\/\/revolutionpadelstore.com\/fr\/produit\/nox-equation-2025-3\/","title":{"rendered":"NOX EQUATION 2025"},"content":{"rendered":"<h2>Nox Equation 2025, raquette de contr\u00f4le<\/h2>\n<p>La Nox Equation 2025 est une raquette de padel haute performance con\u00e7ue pour offrir un \u00e9quilibre parfait entre contr\u00f4le et puissance. Appartenant \u00e0 la collection <strong>Advanced Series 2025<\/strong>, cette raquette se distingue par son design \u00e9l\u00e9gant en blanc, noir et or. Son format rond assure un large sweet spot, facilitant la pr\u00e9cision des frappes, tandis que les avions en Fibre de Verre 3K et le cadre en carbone lui conf\u00e8rent la rigidit\u00e9 et la durabilit\u00e9 n\u00e9cessaires \u00e0 un jeu intensif.<\/p>\n<h2>\u00c9quation Nox 2025 pour les niveaux interm\u00e9diaires de padel<\/h2>\n<p>Cette raquette est con\u00e7ue pour les joueurs de niveau interm\u00e9diaire ou avanc\u00e9 cherchant \u00e0 maximiser leur contr\u00f4le \u00e0 chaque point. Le format rond est id\u00e9al pour ceux qui privil\u00e9gient la pr\u00e9cision et la stabilit\u00e9 dans leur jeu d\u00e9fensif, mais qui recherchent \u00e9galement une bonne sortie de balle lorsque la puissance est requise dans les tirs offensifs. Gr\u00e2ce \u00e0 sa construction et sa technologie avanc\u00e9es, le Nox Equation 2025 permet un jeu polyvalent.<\/p>\n<h3><strong>Caract\u00e9ristiques et technologies de l&#8217;\u00e9quation Nox 2025<\/strong><\/h3>\n<p>-Forme ronde, pour un contr\u00f4le et une pr\u00e9cision sup\u00e9rieurs.<\/p>\n<p><strong><em>-Fibre de verre 3K<\/em>dans les avions, pour une excellente r\u00e9ponse et flexibilit\u00e9.<\/p>\n<p><em>-Carbon Frame<\/em>,<strong>cadre en carbone<\/strong> qui garantit une plus grande rigidit\u00e9 et durabilit\u00e9.<\/p>\n<p><strong>-Core<\/strong> HR3 <em>EVA noir<\/em>, <strong>caoutchouc haute densit\u00e9<\/strong> avec effet m\u00e9moire qui fournit de la puissance \u00e0 chaque coup.<\/p>\n<p><em>-Texture<\/em> <strong>3D, finition rugueuse<\/strong> qui am\u00e9liore l&#8217;adh\u00e9rence du ballon.<\/p>\n<p>-AVS (<em>Antivibration System<\/em>), un syst\u00e8me qui<strong>r\u00e9duit les vibrations<\/strong> pour prot\u00e9ger les articulations.<\/p>\n<p>-DCS (<em>Dynamic Composit Structure<\/em>),<strong>structure renforc\u00e9e<\/strong>pour \u00e9viter la casse.<\/p>\n<p><em>-Smartstrap<\/em>\u00ae,<strong>longe de s\u00e9curit\u00e9 rempla\u00e7able<\/strong>.<\/p>\n<p>-Design avec d\u00e9tails blancs, noirs et dor\u00e9s.<\/p>\n<p>La Nox Equation 2025 est une option parfaite pour les joueurs \u00e0 la recherche d&#8217;une raquette offrant contr\u00f4le, puissance et durabilit\u00e9. Si vous souhaitez am\u00e9liorer votre jeu et vous d\u00e9marquer \u00e0 chaque match, cette raquette de padel est id\u00e9ale pour vous.<\/p>\n<h2>Nox Equation 2025, pala de p\u00e1del de control<\/h2>\n","protected":false},"excerpt":{"rendered":"<p>Le Nox Equation 2025 offre contr\u00f4le, puissance et durabilit\u00e9. Dot\u00e9 d&#8217;une technologie avanc\u00e9e et d&#8217;un design \u00e9l\u00e9gant, il est id\u00e9al pour les joueurs interm\u00e9diaires et avanc\u00e9s recherchant de la pr\u00e9cision dans leur jeu.<\/p>\n","protected":false},"featured_media":72379,"comment_status":"open","ping_status":"closed","template":"","meta":{"_acf_changed":false,"_joinchat":[]},"acabado":[1092],"balance":[1147],"dureza":[1152],"forma":[1182],"jugador":[1192,1202],"marca":[1262],"nivel-de-juego":[1352],"superficie":[1362],"tipo-de-juego":[1372],"product_brand":[],"product_cat":[302],"product_tag":[],"class_list":{"0":"post-72741","1":"product","2":"type-product","3":"status-publish","4":"has-post-thumbnail","6":"acabado-soulager-la-3d","7":"balance-faible","8":"dureza-blanda-fr","9":"forma-rond","10":"jugador-homme","11":"jugador-polivalente-fr","12":"marca-nox-fr","13":"superficie-rugosa-fr","14":"tipo-de-juego-control-fr","15":"product_cat-palas-de-padel-fr","17":"first","18":"instock","19":"sale","20":"taxable","21":"shipping-taxable","22":"purchasable","23":"product-type-simple"},"acf":[],"yoast_head":"<!-- This site is optimized with the Yoast SEO plugin v27.4 - https:\/\/yoast.com\/product\/yoast-seo-wordpress\/ -->\n<title>NOX EQUATION 2025 - Revolution Padel Store<\/title>\n<meta name=\"description\" content=\"La\u00a0Nox Equation 2025\u00a0es una pala de p\u00e1del de alto rendimiento dise\u00f1ada para proporcionar un equilibrio perfecto entre control y potencia. Perteneciente a la\u00a0colecci\u00f3n Advanced Series 2025, esta pala destaca por su elegante dise\u00f1o en blanco, negro y dorado. Su formato redondo asegura un punto dulce amplio, facilitando la precisi\u00f3n en los golpes, mientras que los planos en Fiber Glass 3K y el marco de carbono le otorgan la rigidez y durabilidad necesarias para un juego intensivo.\" \/>\n<meta name=\"robots\" content=\"index, follow, max-snippet:-1, max-image-preview:large, max-video-preview:-1\" \/>\n<link rel=\"canonical\" href=\"https:\/\/revolutionpadelstore.com\/fr\/produit\/nox-equation-2025-3\/\" \/>\n<meta property=\"og:locale\" content=\"fr_FR\" \/>\n<meta property=\"og:type\" content=\"article\" \/>\n<meta property=\"og:title\" content=\"NOX EQUATION 2025 - Revolution Padel Store\" \/>\n<meta property=\"og:description\" content=\"La\u00a0Nox Equation 2025\u00a0es una pala de p\u00e1del de alto rendimiento dise\u00f1ada para proporcionar un equilibrio perfecto entre control y potencia. Perteneciente a la\u00a0colecci\u00f3n Advanced Series 2025, esta pala destaca por su elegante dise\u00f1o en blanco, negro y dorado. Su formato redondo asegura un punto dulce amplio, facilitando la precisi\u00f3n en los golpes, mientras que los planos en Fiber Glass 3K y el marco de carbono le otorgan la rigidez y durabilidad necesarias para un juego intensivo.\" \/>\n<meta property=\"og:url\" content=\"https:\/\/revolutionpadelstore.com\/fr\/produit\/nox-equation-2025-3\/\" \/>\n<meta property=\"og:site_name\" content=\"Revolution Padel Store\" \/>\n<meta property=\"article:modified_time\" content=\"2026-04-08T08:32:13+00:00\" \/>\n<meta property=\"og:image\" content=\"https:\/\/revolutionpadelstore.com\/wp-content\/uploads\/2024\/09\/113546_pala_nox_equation_pequadv25_1500x1500_1_4f94.webp\" \/>\n\t<meta property=\"og:image:width\" content=\"1500\" \/>\n\t<meta property=\"og:image:height\" content=\"1500\" \/>\n\t<meta property=\"og:image:type\" content=\"image\/webp\" \/>\n<meta name=\"twitter:card\" content=\"summary_large_image\" \/>\n<meta name=\"twitter:label1\" content=\"Dur\u00e9e de lecture estim\u00e9e\" \/>\n\t<meta name=\"twitter:data1\" content=\"2 minutes\" \/>\n<script type=\"application\/ld+json\" class=\"yoast-schema-graph\">{\"@context\":\"https:\\\/\\\/schema.org\",\"@graph\":[{\"@type\":\"WebPage\",\"@id\":\"https:\\\/\\\/revolutionpadelstore.com\\\/fr\\\/produit\\\/nox-equation-2025-3\\\/\",\"url\":\"https:\\\/\\\/revolutionpadelstore.com\\\/fr\\\/produit\\\/nox-equation-2025-3\\\/\",\"name\":\"NOX EQUATION 2025 - Revolution Padel Store\",\"isPartOf\":{\"@id\":\"https:\\\/\\\/revolutionpadelstore.com\\\/fr\\\/#website\"},\"primaryImageOfPage\":{\"@id\":\"https:\\\/\\\/revolutionpadelstore.com\\\/fr\\\/produit\\\/nox-equation-2025-3\\\/#primaryimage\"},\"image\":{\"@id\":\"https:\\\/\\\/revolutionpadelstore.com\\\/fr\\\/produit\\\/nox-equation-2025-3\\\/#primaryimage\"},\"thumbnailUrl\":\"https:\\\/\\\/revolutionpadelstore.com\\\/wp-content\\\/uploads\\\/2024\\\/09\\\/113546_pala_nox_equation_pequadv25_1500x1500_1_4f94.webp\",\"datePublished\":\"2024-09-25T21:23:26+00:00\",\"dateModified\":\"2026-04-08T08:32:13+00:00\",\"description\":\"La\u00a0Nox Equation 2025\u00a0es una pala de p\u00e1del de alto rendimiento dise\u00f1ada para proporcionar un equilibrio perfecto entre control y potencia. Perteneciente a la\u00a0colecci\u00f3n Advanced Series 2025, esta pala destaca por su elegante dise\u00f1o en blanco, negro y dorado. Su formato redondo asegura un punto dulce amplio, facilitando la precisi\u00f3n en los golpes, mientras que los planos en Fiber Glass 3K y el marco de carbono le otorgan la rigidez y durabilidad necesarias para un juego intensivo.\",\"breadcrumb\":{\"@id\":\"https:\\\/\\\/revolutionpadelstore.com\\\/fr\\\/produit\\\/nox-equation-2025-3\\\/#breadcrumb\"},\"inLanguage\":\"fr-FR\",\"potentialAction\":[{\"@type\":\"ReadAction\",\"target\":[\"https:\\\/\\\/revolutionpadelstore.com\\\/fr\\\/produit\\\/nox-equation-2025-3\\\/\"]}]},{\"@type\":\"ImageObject\",\"inLanguage\":\"fr-FR\",\"@id\":\"https:\\\/\\\/revolutionpadelstore.com\\\/fr\\\/produit\\\/nox-equation-2025-3\\\/#primaryimage\",\"url\":\"https:\\\/\\\/revolutionpadelstore.com\\\/wp-content\\\/uploads\\\/2024\\\/09\\\/113546_pala_nox_equation_pequadv25_1500x1500_1_4f94.webp\",\"contentUrl\":\"https:\\\/\\\/revolutionpadelstore.com\\\/wp-content\\\/uploads\\\/2024\\\/09\\\/113546_pala_nox_equation_pequadv25_1500x1500_1_4f94.webp\",\"width\":1500,\"height\":1500},{\"@type\":\"BreadcrumbList\",\"@id\":\"https:\\\/\\\/revolutionpadelstore.com\\\/fr\\\/produit\\\/nox-equation-2025-3\\\/#breadcrumb\",\"itemListElement\":[{\"@type\":\"ListItem\",\"position\":1,\"name\":\"Portada\",\"item\":\"https:\\\/\\\/revolutionpadelstore.com\\\/fr\\\/\"},{\"@type\":\"ListItem\",\"position\":2,\"name\":\"Boutique\",\"item\":\"https:\\\/\\\/revolutionpadelstore.com\\\/fr\\\/tienda\\\/\"},{\"@type\":\"ListItem\",\"position\":3,\"name\":\"NOX EQUATION 2025\"}]},{\"@type\":\"WebSite\",\"@id\":\"https:\\\/\\\/revolutionpadelstore.com\\\/fr\\\/#website\",\"url\":\"https:\\\/\\\/revolutionpadelstore.com\\\/fr\\\/\",\"name\":\"Revolution Padel Store\",\"description\":\"\",\"publisher\":{\"@id\":\"https:\\\/\\\/revolutionpadelstore.com\\\/fr\\\/#organization\"},\"potentialAction\":[{\"@type\":\"SearchAction\",\"target\":{\"@type\":\"EntryPoint\",\"urlTemplate\":\"https:\\\/\\\/revolutionpadelstore.com\\\/fr\\\/?s={search_term_string}\"},\"query-input\":{\"@type\":\"PropertyValueSpecification\",\"valueRequired\":true,\"valueName\":\"search_term_string\"}}],\"inLanguage\":\"fr-FR\"},{\"@type\":\"Organization\",\"@id\":\"https:\\\/\\\/revolutionpadelstore.com\\\/fr\\\/#organization\",\"name\":\"Revolution Padel Store\",\"url\":\"https:\\\/\\\/revolutionpadelstore.com\\\/fr\\\/\",\"logo\":{\"@type\":\"ImageObject\",\"inLanguage\":\"fr-FR\",\"@id\":\"https:\\\/\\\/revolutionpadelstore.com\\\/fr\\\/#\\\/schema\\\/logo\\\/image\\\/\",\"url\":\"https:\\\/\\\/revolutionpadelstore.com\\\/wp-content\\\/uploads\\\/2026\\\/02\\\/revolution-padel-store.jpg\",\"contentUrl\":\"https:\\\/\\\/revolutionpadelstore.com\\\/wp-content\\\/uploads\\\/2026\\\/02\\\/revolution-padel-store.jpg\",\"width\":2000,\"height\":2000,\"caption\":\"Revolution Padel Store\"},\"image\":{\"@id\":\"https:\\\/\\\/revolutionpadelstore.com\\\/fr\\\/#\\\/schema\\\/logo\\\/image\\\/\"},\"sameAs\":[\"https:\\\/\\\/www.instagram.com\\\/revolutionpadelstore\\\/\"]}]}<\/script>\n<!-- \/ Yoast SEO plugin. -->","yoast_head_json":{"title":"NOX EQUATION 2025 - Revolution Padel Store","description":"La\u00a0Nox Equation 2025\u00a0es una pala de p\u00e1del de alto rendimiento dise\u00f1ada para proporcionar un equilibrio perfecto entre control y potencia. Perteneciente a la\u00a0colecci\u00f3n Advanced Series 2025, esta pala destaca por su elegante dise\u00f1o en blanco, negro y dorado. Su formato redondo asegura un punto dulce amplio, facilitando la precisi\u00f3n en los golpes, mientras que los planos en Fiber Glass 3K y el marco de carbono le otorgan la rigidez y durabilidad necesarias para un juego intensivo.","robots":{"index":"index","follow":"follow","max-snippet":"max-snippet:-1","max-image-preview":"max-image-preview:large","max-video-preview":"max-video-preview:-1"},"canonical":"https:\/\/revolutionpadelstore.com\/fr\/produit\/nox-equation-2025-3\/","og_locale":"fr_FR","og_type":"article","og_title":"NOX EQUATION 2025 - Revolution Padel Store","og_description":"La\u00a0Nox Equation 2025\u00a0es una pala de p\u00e1del de alto rendimiento dise\u00f1ada para proporcionar un equilibrio perfecto entre control y potencia. Perteneciente a la\u00a0colecci\u00f3n Advanced Series 2025, esta pala destaca por su elegante dise\u00f1o en blanco, negro y dorado. Su formato redondo asegura un punto dulce amplio, facilitando la precisi\u00f3n en los golpes, mientras que los planos en Fiber Glass 3K y el marco de carbono le otorgan la rigidez y durabilidad necesarias para un juego intensivo.","og_url":"https:\/\/revolutionpadelstore.com\/fr\/produit\/nox-equation-2025-3\/","og_site_name":"Revolution Padel Store","article_modified_time":"2026-04-08T08:32:13+00:00","og_image":[{"width":1500,"height":1500,"url":"https:\/\/revolutionpadelstore.com\/wp-content\/uploads\/2024\/09\/113546_pala_nox_equation_pequadv25_1500x1500_1_4f94.webp","type":"image\/webp"}],"twitter_card":"summary_large_image","twitter_misc":{"Dur\u00e9e de lecture estim\u00e9e":"2 minutes"},"schema":{"@context":"https:\/\/schema.org","@graph":[{"@type":"WebPage","@id":"https:\/\/revolutionpadelstore.com\/fr\/produit\/nox-equation-2025-3\/","url":"https:\/\/revolutionpadelstore.com\/fr\/produit\/nox-equation-2025-3\/","name":"NOX EQUATION 2025 - Revolution Padel Store","isPartOf":{"@id":"https:\/\/revolutionpadelstore.com\/fr\/#website"},"primaryImageOfPage":{"@id":"https:\/\/revolutionpadelstore.com\/fr\/produit\/nox-equation-2025-3\/#primaryimage"},"image":{"@id":"https:\/\/revolutionpadelstore.com\/fr\/produit\/nox-equation-2025-3\/#primaryimage"},"thumbnailUrl":"https:\/\/revolutionpadelstore.com\/wp-content\/uploads\/2024\/09\/113546_pala_nox_equation_pequadv25_1500x1500_1_4f94.webp","datePublished":"2024-09-25T21:23:26+00:00","dateModified":"2026-04-08T08:32:13+00:00","description":"La\u00a0Nox Equation 2025\u00a0es una pala de p\u00e1del de alto rendimiento dise\u00f1ada para proporcionar un equilibrio perfecto entre control y potencia. Perteneciente a la\u00a0colecci\u00f3n Advanced Series 2025, esta pala destaca por su elegante dise\u00f1o en blanco, negro y dorado. Su formato redondo asegura un punto dulce amplio, facilitando la precisi\u00f3n en los golpes, mientras que los planos en Fiber Glass 3K y el marco de carbono le otorgan la rigidez y durabilidad necesarias para un juego intensivo.","breadcrumb":{"@id":"https:\/\/revolutionpadelstore.com\/fr\/produit\/nox-equation-2025-3\/#breadcrumb"},"inLanguage":"fr-FR","potentialAction":[{"@type":"ReadAction","target":["https:\/\/revolutionpadelstore.com\/fr\/produit\/nox-equation-2025-3\/"]}]},{"@type":"ImageObject","inLanguage":"fr-FR","@id":"https:\/\/revolutionpadelstore.com\/fr\/produit\/nox-equation-2025-3\/#primaryimage","url":"https:\/\/revolutionpadelstore.com\/wp-content\/uploads\/2024\/09\/113546_pala_nox_equation_pequadv25_1500x1500_1_4f94.webp","contentUrl":"https:\/\/revolutionpadelstore.com\/wp-content\/uploads\/2024\/09\/113546_pala_nox_equation_pequadv25_1500x1500_1_4f94.webp","width":1500,"height":1500},{"@type":"BreadcrumbList","@id":"https:\/\/revolutionpadelstore.com\/fr\/produit\/nox-equation-2025-3\/#breadcrumb","itemListElement":[{"@type":"ListItem","position":1,"name":"Portada","item":"https:\/\/revolutionpadelstore.com\/fr\/"},{"@type":"ListItem","position":2,"name":"Boutique","item":"https:\/\/revolutionpadelstore.com\/fr\/tienda\/"},{"@type":"ListItem","position":3,"name":"NOX EQUATION 2025"}]},{"@type":"WebSite","@id":"https:\/\/revolutionpadelstore.com\/fr\/#website","url":"https:\/\/revolutionpadelstore.com\/fr\/","name":"Revolution Padel Store","description":"","publisher":{"@id":"https:\/\/revolutionpadelstore.com\/fr\/#organization"},"potentialAction":[{"@type":"SearchAction","target":{"@type":"EntryPoint","urlTemplate":"https:\/\/revolutionpadelstore.com\/fr\/?s={search_term_string}"},"query-input":{"@type":"PropertyValueSpecification","valueRequired":true,"valueName":"search_term_string"}}],"inLanguage":"fr-FR"},{"@type":"Organization","@id":"https:\/\/revolutionpadelstore.com\/fr\/#organization","name":"Revolution Padel Store","url":"https:\/\/revolutionpadelstore.com\/fr\/","logo":{"@type":"ImageObject","inLanguage":"fr-FR","@id":"https:\/\/revolutionpadelstore.com\/fr\/#\/schema\/logo\/image\/","url":"https:\/\/revolutionpadelstore.com\/wp-content\/uploads\/2026\/02\/revolution-padel-store.jpg","contentUrl":"https:\/\/revolutionpadelstore.com\/wp-content\/uploads\/2026\/02\/revolution-padel-store.jpg","width":2000,"height":2000,"caption":"Revolution Padel Store"},"image":{"@id":"https:\/\/revolutionpadelstore.com\/fr\/#\/schema\/logo\/image\/"},"sameAs":["https:\/\/www.instagram.com\/revolutionpadelstore\/"]}]}},"_links":{"self":[{"href":"https:\/\/revolutionpadelstore.com\/fr\/wp-json\/wp\/v2\/product\/72741","targetHints":{"allow":["GET"]}}],"collection":[{"href":"https:\/\/revolutionpadelstore.com\/fr\/wp-json\/wp\/v2\/product"}],"about":[{"href":"https:\/\/revolutionpadelstore.com\/fr\/wp-json\/wp\/v2\/types\/product"}],"replies":[{"embeddable":true,"href":"https:\/\/revolutionpadelstore.com\/fr\/wp-json\/wp\/v2\/comments?post=72741"}],"wp:featuredmedia":[{"embeddable":true,"href":"https:\/\/revolutionpadelstore.com\/fr\/wp-json\/wp\/v2\/media\/72379"}],"wp:attachment":[{"href":"https:\/\/revolutionpadelstore.com\/fr\/wp-json\/wp\/v2\/media?parent=72741"}],"wp:term":[{"taxonomy":"acabado","embeddable":true,"href":"https:\/\/revolutionpadelstore.com\/fr\/wp-json\/wp\/v2\/acabado?post=72741"},{"taxonomy":"balance","embeddable":true,"href":"https:\/\/revolutionpadelstore.com\/fr\/wp-json\/wp\/v2\/balance?post=72741"},{"taxonomy":"dureza","embeddable":true,"href":"https:\/\/revolutionpadelstore.com\/fr\/wp-json\/wp\/v2\/dureza?post=72741"},{"taxonomy":"forma","embeddable":true,"href":"https:\/\/revolutionpadelstore.com\/fr\/wp-json\/wp\/v2\/forma?post=72741"},{"taxonomy":"jugador","embeddable":true,"href":"https:\/\/revolutionpadelstore.com\/fr\/wp-json\/wp\/v2\/jugador?post=72741"},{"taxonomy":"marca","embeddable":true,"href":"https:\/\/revolutionpadelstore.com\/fr\/wp-json\/wp\/v2\/marca?post=72741"},{"taxonomy":"nivel-de-juego","embeddable":true,"href":"https:\/\/revolutionpadelstore.com\/fr\/wp-json\/wp\/v2\/nivel-de-juego?post=72741"},{"taxonomy":"superficie","embeddable":true,"href":"https:\/\/revolutionpadelstore.com\/fr\/wp-json\/wp\/v2\/superficie?post=72741"},{"taxonomy":"tipo-de-juego","embeddable":true,"href":"https:\/\/revolutionpadelstore.com\/fr\/wp-json\/wp\/v2\/tipo-de-juego?post=72741"},{"taxonomy":"product_brand","embeddable":true,"href":"https:\/\/revolutionpadelstore.com\/fr\/wp-json\/wp\/v2\/product_brand?post=72741"},{"taxonomy":"product_cat","embeddable":true,"href":"https:\/\/revolutionpadelstore.com\/fr\/wp-json\/wp\/v2\/product_cat?post=72741"},{"taxonomy":"product_tag","embeddable":true,"href":"https:\/\/revolutionpadelstore.com\/fr\/wp-json\/wp\/v2\/product_tag?post=72741"}],"curies":[{"name":"wp","href":"https:\/\/api.w.org\/{rel}","templated":true}]}}