{"id":63698,"date":"2024-08-22T13:04:19","date_gmt":"2024-08-22T11:04:19","guid":{"rendered":"https:\/\/revolutionpadelstore.com\/mizuno-wave-exceed-tour-6-cc-61gc2474-28-azul\/"},"modified":"2026-04-09T14:01:58","modified_gmt":"2026-04-09T12:01:58","slug":"mizuno-wave-exceed-tour-6-cc-azul-3","status":"publish","type":"product","link":"https:\/\/revolutionpadelstore.com\/fr\/produit\/mizuno-wave-exceed-tour-6-cc-azul-3\/","title":{"rendered":"MIZUNO WAVE EXCEED TOUR 6 CC AZUL"},"content":{"rendered":"<h2>Mizuno Wave Exceed Tour 6 CC Blue, une agilit\u00e9 sup\u00e9rieure<\/h2>\n<p>Con\u00e7ues pour les <strong>joueurs de padel de niveau avanc\u00e9<\/strong> qui recherchent une chaussure de sport l\u00e9g\u00e8re, r\u00e9sistante et confortable qui assure des mouvements rapides, agiles et fluides, les chaussures de padel pour hommes Wave Exceed Tour CC Blue de Mizuno sont <strong>id\u00e9al pour un jeu intense<\/strong>.<\/p>\n<p>La semelle pr\u00e9sente des rainures flexibles qui favorisent une r\u00e9ponse rapide, une excellente adh\u00e9rence et une polyvalence sur le terrain de jeu. La technologie Mizuno Enerzy a \u00e9t\u00e9 int\u00e9gr\u00e9e \u00e0 la semelle interm\u00e9diaire, un mat\u00e9riau tr\u00e8s r\u00e9sistant qui apporte douceur et rebond exceptionnel.<\/p>\n<h3>Mouvements rapides et stables<\/h3>\n<p>La partie sup\u00e9rieure de ces <strong>chaussures pour hommes Mizuno<\/strong> a \u00e9t\u00e9 r\u00e9alis\u00e9e avec des mat\u00e9riaux respirants, r\u00e9sistants et l\u00e9gers, qui offrent un confort maximal en permettant un flux d&#8217;air continu pour <strong>une plus grande fra\u00eecheur<\/strong>. Ainsi, vos pieds restent secs, frais et \u00e0 l&#8217;abri des mauvaises odeurs.<\/p>\n<p>La technologie <em>Dyna-Elet Wrap<\/em> consiste en une structure \u00e0 \u0153illets avec de grandes ouvertures qui offre un <strong>ajustement id\u00e9al<\/strong> et s&#8217;adapte parfaitement au mouvement du pied. La semelle interm\u00e9diaire comprend la plaque Mizuno Wave, qui optimise le retour d&#8217;\u00e9nergie et augmente le niveau de stabilit\u00e9 et de soutien lors de la glisse.<\/p>\n<p>La rainure diagonale D-Flex au milieu du pied favorise des virages plus rapides et plus agiles en transf\u00e9rant le mouvement naturel du corps dans les changements de direction.<\/p>\n<h2>Mizuno Wave Exceed Tour 6 CC Azul, agilidad superior<\/h2>\n","protected":false},"excerpt":{"rendered":"<p>Chaussures de padel pour hommes Mizuno Wave Exceed Tour 6 CC Blue qui permettent des virages et des changements de direction stables, s\u00fbrs et agiles gr\u00e2ce au D-Flex Groove.<\/p>\n","protected":false},"featured_media":62320,"comment_status":"open","ping_status":"closed","template":"","meta":{"_acf_changed":false,"_joinchat":[]},"acabado":[],"balance":[],"dureza":[],"forma":[],"jugador":[1192],"marca":[1332],"nivel-de-juego":[],"superficie":[],"tipo-de-juego":[],"product_brand":[],"product_cat":[830],"product_tag":[],"class_list":{"0":"post-63698","1":"product","2":"type-product","3":"status-publish","4":"has-post-thumbnail","6":"jugador-homme","7":"marca-mizuno-fr","8":"product_cat-baskets","10":"first","11":"instock","12":"sale","13":"taxable","14":"shipping-taxable","15":"purchasable","16":"product-type-variable"},"acf":[],"yoast_head":"<!-- This site is optimized with the Yoast SEO plugin v27.4 - https:\/\/yoast.com\/product\/yoast-seo-wordpress\/ -->\n<title>MIZUNO WAVE EXCEED TOUR 6 CC AZUL - Revolution Padel Store<\/title>\n<meta name=\"description\" content=\"Dise\u00f1adas para jugadores de p\u00e1del de nivel avanzado que busquen un calzado deportivo ligero, resistente y c\u00f3modo que asegure unos movimientos r\u00e1pidos, \u00e1giles y suaves, las zapatillas de p\u00e1del para hombre Wave Exceed Tour CC Azul de Mizuno son ideales para un juego intenso.\" \/>\n<meta name=\"robots\" content=\"index, follow, max-snippet:-1, max-image-preview:large, max-video-preview:-1\" \/>\n<link rel=\"canonical\" href=\"https:\/\/revolutionpadelstore.com\/fr\/produit\/mizuno-wave-exceed-tour-6-cc-azul-3\/\" \/>\n<meta property=\"og:locale\" content=\"fr_FR\" \/>\n<meta property=\"og:type\" content=\"article\" \/>\n<meta property=\"og:title\" content=\"COMPRAR MIZUNO WAVE EXCEED TOUR 6 CC 61GC2474 28 AZUL\" \/>\n<meta property=\"og:description\" content=\"Dise\u00f1adas para jugadores de p\u00e1del de nivel avanzado que busquen un calzado deportivo ligero, resistente y c\u00f3modo que asegure unos movimientos r\u00e1pidos, \u00e1giles y suaves, las zapatillas de p\u00e1del para hombre Wave Exceed Tour CC Azul de Mizuno son ideales para un juego intenso.\" \/>\n<meta property=\"og:url\" content=\"https:\/\/revolutionpadelstore.com\/fr\/produit\/mizuno-wave-exceed-tour-6-cc-azul-3\/\" \/>\n<meta property=\"og:site_name\" content=\"Revolution Padel Store\" \/>\n<meta property=\"article:modified_time\" content=\"2026-04-09T12:01:58+00:00\" \/>\n<meta property=\"og:image\" content=\"https:\/\/revolutionpadelstore.com\/wp-content\/uploads\/2024\/08\/111982_zapatillas_mizuno_wave_exceed_tour_6_cc_61gc2474_28_1000x1000_1_9584.webp\" \/>\n\t<meta property=\"og:image:width\" content=\"1000\" \/>\n\t<meta property=\"og:image:height\" content=\"1000\" \/>\n\t<meta property=\"og:image:type\" content=\"image\/webp\" \/>\n<meta name=\"twitter:card\" content=\"summary_large_image\" \/>\n<meta name=\"twitter:label1\" content=\"Dur\u00e9e de lecture estim\u00e9e\" \/>\n\t<meta name=\"twitter:data1\" content=\"2 minutes\" \/>\n<script type=\"application\/ld+json\" class=\"yoast-schema-graph\">{\"@context\":\"https:\\\/\\\/schema.org\",\"@graph\":[{\"@type\":\"WebPage\",\"@id\":\"https:\\\/\\\/revolutionpadelstore.com\\\/fr\\\/produit\\\/mizuno-wave-exceed-tour-6-cc-azul-3\\\/\",\"url\":\"https:\\\/\\\/revolutionpadelstore.com\\\/fr\\\/produit\\\/mizuno-wave-exceed-tour-6-cc-azul-3\\\/\",\"name\":\"MIZUNO WAVE EXCEED TOUR 6 CC AZUL - Revolution Padel Store\",\"isPartOf\":{\"@id\":\"https:\\\/\\\/revolutionpadelstore.com\\\/fr\\\/#website\"},\"primaryImageOfPage\":{\"@id\":\"https:\\\/\\\/revolutionpadelstore.com\\\/fr\\\/produit\\\/mizuno-wave-exceed-tour-6-cc-azul-3\\\/#primaryimage\"},\"image\":{\"@id\":\"https:\\\/\\\/revolutionpadelstore.com\\\/fr\\\/produit\\\/mizuno-wave-exceed-tour-6-cc-azul-3\\\/#primaryimage\"},\"thumbnailUrl\":\"https:\\\/\\\/revolutionpadelstore.com\\\/wp-content\\\/uploads\\\/2024\\\/08\\\/111982_zapatillas_mizuno_wave_exceed_tour_6_cc_61gc2474_28_1000x1000_1_9584.webp\",\"datePublished\":\"2024-08-22T11:04:19+00:00\",\"dateModified\":\"2026-04-09T12:01:58+00:00\",\"description\":\"Dise\u00f1adas para jugadores de p\u00e1del de nivel avanzado que busquen un calzado deportivo ligero, resistente y c\u00f3modo que asegure unos movimientos r\u00e1pidos, \u00e1giles y suaves, las zapatillas de p\u00e1del para hombre Wave Exceed Tour CC Azul de Mizuno son ideales para un juego intenso.\",\"breadcrumb\":{\"@id\":\"https:\\\/\\\/revolutionpadelstore.com\\\/fr\\\/produit\\\/mizuno-wave-exceed-tour-6-cc-azul-3\\\/#breadcrumb\"},\"inLanguage\":\"fr-FR\",\"potentialAction\":[{\"@type\":\"ReadAction\",\"target\":[\"https:\\\/\\\/revolutionpadelstore.com\\\/fr\\\/produit\\\/mizuno-wave-exceed-tour-6-cc-azul-3\\\/\"]}]},{\"@type\":\"ImageObject\",\"inLanguage\":\"fr-FR\",\"@id\":\"https:\\\/\\\/revolutionpadelstore.com\\\/fr\\\/produit\\\/mizuno-wave-exceed-tour-6-cc-azul-3\\\/#primaryimage\",\"url\":\"https:\\\/\\\/revolutionpadelstore.com\\\/wp-content\\\/uploads\\\/2024\\\/08\\\/111982_zapatillas_mizuno_wave_exceed_tour_6_cc_61gc2474_28_1000x1000_1_9584.webp\",\"contentUrl\":\"https:\\\/\\\/revolutionpadelstore.com\\\/wp-content\\\/uploads\\\/2024\\\/08\\\/111982_zapatillas_mizuno_wave_exceed_tour_6_cc_61gc2474_28_1000x1000_1_9584.webp\",\"width\":1000,\"height\":1000},{\"@type\":\"BreadcrumbList\",\"@id\":\"https:\\\/\\\/revolutionpadelstore.com\\\/fr\\\/produit\\\/mizuno-wave-exceed-tour-6-cc-azul-3\\\/#breadcrumb\",\"itemListElement\":[{\"@type\":\"ListItem\",\"position\":1,\"name\":\"Portada\",\"item\":\"https:\\\/\\\/revolutionpadelstore.com\\\/fr\\\/\"},{\"@type\":\"ListItem\",\"position\":2,\"name\":\"Boutique\",\"item\":\"https:\\\/\\\/revolutionpadelstore.com\\\/fr\\\/tienda\\\/\"},{\"@type\":\"ListItem\",\"position\":3,\"name\":\"MIZUNO WAVE EXCEED TOUR 6 CC AZUL\"}]},{\"@type\":\"WebSite\",\"@id\":\"https:\\\/\\\/revolutionpadelstore.com\\\/fr\\\/#website\",\"url\":\"https:\\\/\\\/revolutionpadelstore.com\\\/fr\\\/\",\"name\":\"Revolution Padel Store\",\"description\":\"\",\"publisher\":{\"@id\":\"https:\\\/\\\/revolutionpadelstore.com\\\/fr\\\/#organization\"},\"potentialAction\":[{\"@type\":\"SearchAction\",\"target\":{\"@type\":\"EntryPoint\",\"urlTemplate\":\"https:\\\/\\\/revolutionpadelstore.com\\\/fr\\\/?s={search_term_string}\"},\"query-input\":{\"@type\":\"PropertyValueSpecification\",\"valueRequired\":true,\"valueName\":\"search_term_string\"}}],\"inLanguage\":\"fr-FR\"},{\"@type\":\"Organization\",\"@id\":\"https:\\\/\\\/revolutionpadelstore.com\\\/fr\\\/#organization\",\"name\":\"Revolution Padel Store\",\"url\":\"https:\\\/\\\/revolutionpadelstore.com\\\/fr\\\/\",\"logo\":{\"@type\":\"ImageObject\",\"inLanguage\":\"fr-FR\",\"@id\":\"https:\\\/\\\/revolutionpadelstore.com\\\/fr\\\/#\\\/schema\\\/logo\\\/image\\\/\",\"url\":\"https:\\\/\\\/revolutionpadelstore.com\\\/wp-content\\\/uploads\\\/2026\\\/02\\\/revolution-padel-store.jpg\",\"contentUrl\":\"https:\\\/\\\/revolutionpadelstore.com\\\/wp-content\\\/uploads\\\/2026\\\/02\\\/revolution-padel-store.jpg\",\"width\":2000,\"height\":2000,\"caption\":\"Revolution Padel Store\"},\"image\":{\"@id\":\"https:\\\/\\\/revolutionpadelstore.com\\\/fr\\\/#\\\/schema\\\/logo\\\/image\\\/\"},\"sameAs\":[\"https:\\\/\\\/www.instagram.com\\\/revolutionpadelstore\\\/\"]}]}<\/script>\n<!-- \/ Yoast SEO plugin. -->","yoast_head_json":{"title":"MIZUNO WAVE EXCEED TOUR 6 CC AZUL - Revolution Padel Store","description":"Dise\u00f1adas para jugadores de p\u00e1del de nivel avanzado que busquen un calzado deportivo ligero, resistente y c\u00f3modo que asegure unos movimientos r\u00e1pidos, \u00e1giles y suaves, las zapatillas de p\u00e1del para hombre Wave Exceed Tour CC Azul de Mizuno son ideales para un juego intenso.","robots":{"index":"index","follow":"follow","max-snippet":"max-snippet:-1","max-image-preview":"max-image-preview:large","max-video-preview":"max-video-preview:-1"},"canonical":"https:\/\/revolutionpadelstore.com\/fr\/produit\/mizuno-wave-exceed-tour-6-cc-azul-3\/","og_locale":"fr_FR","og_type":"article","og_title":"COMPRAR MIZUNO WAVE EXCEED TOUR 6 CC 61GC2474 28 AZUL","og_description":"Dise\u00f1adas para jugadores de p\u00e1del de nivel avanzado que busquen un calzado deportivo ligero, resistente y c\u00f3modo que asegure unos movimientos r\u00e1pidos, \u00e1giles y suaves, las zapatillas de p\u00e1del para hombre Wave Exceed Tour CC Azul de Mizuno son ideales para un juego intenso.","og_url":"https:\/\/revolutionpadelstore.com\/fr\/produit\/mizuno-wave-exceed-tour-6-cc-azul-3\/","og_site_name":"Revolution Padel Store","article_modified_time":"2026-04-09T12:01:58+00:00","og_image":[{"width":1000,"height":1000,"url":"https:\/\/revolutionpadelstore.com\/wp-content\/uploads\/2024\/08\/111982_zapatillas_mizuno_wave_exceed_tour_6_cc_61gc2474_28_1000x1000_1_9584.webp","type":"image\/webp"}],"twitter_card":"summary_large_image","twitter_misc":{"Dur\u00e9e de lecture estim\u00e9e":"2 minutes"},"schema":{"@context":"https:\/\/schema.org","@graph":[{"@type":"WebPage","@id":"https:\/\/revolutionpadelstore.com\/fr\/produit\/mizuno-wave-exceed-tour-6-cc-azul-3\/","url":"https:\/\/revolutionpadelstore.com\/fr\/produit\/mizuno-wave-exceed-tour-6-cc-azul-3\/","name":"MIZUNO WAVE EXCEED TOUR 6 CC AZUL - Revolution Padel Store","isPartOf":{"@id":"https:\/\/revolutionpadelstore.com\/fr\/#website"},"primaryImageOfPage":{"@id":"https:\/\/revolutionpadelstore.com\/fr\/produit\/mizuno-wave-exceed-tour-6-cc-azul-3\/#primaryimage"},"image":{"@id":"https:\/\/revolutionpadelstore.com\/fr\/produit\/mizuno-wave-exceed-tour-6-cc-azul-3\/#primaryimage"},"thumbnailUrl":"https:\/\/revolutionpadelstore.com\/wp-content\/uploads\/2024\/08\/111982_zapatillas_mizuno_wave_exceed_tour_6_cc_61gc2474_28_1000x1000_1_9584.webp","datePublished":"2024-08-22T11:04:19+00:00","dateModified":"2026-04-09T12:01:58+00:00","description":"Dise\u00f1adas para jugadores de p\u00e1del de nivel avanzado que busquen un calzado deportivo ligero, resistente y c\u00f3modo que asegure unos movimientos r\u00e1pidos, \u00e1giles y suaves, las zapatillas de p\u00e1del para hombre Wave Exceed Tour CC Azul de Mizuno son ideales para un juego intenso.","breadcrumb":{"@id":"https:\/\/revolutionpadelstore.com\/fr\/produit\/mizuno-wave-exceed-tour-6-cc-azul-3\/#breadcrumb"},"inLanguage":"fr-FR","potentialAction":[{"@type":"ReadAction","target":["https:\/\/revolutionpadelstore.com\/fr\/produit\/mizuno-wave-exceed-tour-6-cc-azul-3\/"]}]},{"@type":"ImageObject","inLanguage":"fr-FR","@id":"https:\/\/revolutionpadelstore.com\/fr\/produit\/mizuno-wave-exceed-tour-6-cc-azul-3\/#primaryimage","url":"https:\/\/revolutionpadelstore.com\/wp-content\/uploads\/2024\/08\/111982_zapatillas_mizuno_wave_exceed_tour_6_cc_61gc2474_28_1000x1000_1_9584.webp","contentUrl":"https:\/\/revolutionpadelstore.com\/wp-content\/uploads\/2024\/08\/111982_zapatillas_mizuno_wave_exceed_tour_6_cc_61gc2474_28_1000x1000_1_9584.webp","width":1000,"height":1000},{"@type":"BreadcrumbList","@id":"https:\/\/revolutionpadelstore.com\/fr\/produit\/mizuno-wave-exceed-tour-6-cc-azul-3\/#breadcrumb","itemListElement":[{"@type":"ListItem","position":1,"name":"Portada","item":"https:\/\/revolutionpadelstore.com\/fr\/"},{"@type":"ListItem","position":2,"name":"Boutique","item":"https:\/\/revolutionpadelstore.com\/fr\/tienda\/"},{"@type":"ListItem","position":3,"name":"MIZUNO WAVE EXCEED TOUR 6 CC AZUL"}]},{"@type":"WebSite","@id":"https:\/\/revolutionpadelstore.com\/fr\/#website","url":"https:\/\/revolutionpadelstore.com\/fr\/","name":"Revolution Padel Store","description":"","publisher":{"@id":"https:\/\/revolutionpadelstore.com\/fr\/#organization"},"potentialAction":[{"@type":"SearchAction","target":{"@type":"EntryPoint","urlTemplate":"https:\/\/revolutionpadelstore.com\/fr\/?s={search_term_string}"},"query-input":{"@type":"PropertyValueSpecification","valueRequired":true,"valueName":"search_term_string"}}],"inLanguage":"fr-FR"},{"@type":"Organization","@id":"https:\/\/revolutionpadelstore.com\/fr\/#organization","name":"Revolution Padel Store","url":"https:\/\/revolutionpadelstore.com\/fr\/","logo":{"@type":"ImageObject","inLanguage":"fr-FR","@id":"https:\/\/revolutionpadelstore.com\/fr\/#\/schema\/logo\/image\/","url":"https:\/\/revolutionpadelstore.com\/wp-content\/uploads\/2026\/02\/revolution-padel-store.jpg","contentUrl":"https:\/\/revolutionpadelstore.com\/wp-content\/uploads\/2026\/02\/revolution-padel-store.jpg","width":2000,"height":2000,"caption":"Revolution Padel Store"},"image":{"@id":"https:\/\/revolutionpadelstore.com\/fr\/#\/schema\/logo\/image\/"},"sameAs":["https:\/\/www.instagram.com\/revolutionpadelstore\/"]}]}},"_links":{"self":[{"href":"https:\/\/revolutionpadelstore.com\/fr\/wp-json\/wp\/v2\/product\/63698","targetHints":{"allow":["GET"]}}],"collection":[{"href":"https:\/\/revolutionpadelstore.com\/fr\/wp-json\/wp\/v2\/product"}],"about":[{"href":"https:\/\/revolutionpadelstore.com\/fr\/wp-json\/wp\/v2\/types\/product"}],"replies":[{"embeddable":true,"href":"https:\/\/revolutionpadelstore.com\/fr\/wp-json\/wp\/v2\/comments?post=63698"}],"wp:featuredmedia":[{"embeddable":true,"href":"https:\/\/revolutionpadelstore.com\/fr\/wp-json\/wp\/v2\/media\/62320"}],"wp:attachment":[{"href":"https:\/\/revolutionpadelstore.com\/fr\/wp-json\/wp\/v2\/media?parent=63698"}],"wp:term":[{"taxonomy":"acabado","embeddable":true,"href":"https:\/\/revolutionpadelstore.com\/fr\/wp-json\/wp\/v2\/acabado?post=63698"},{"taxonomy":"balance","embeddable":true,"href":"https:\/\/revolutionpadelstore.com\/fr\/wp-json\/wp\/v2\/balance?post=63698"},{"taxonomy":"dureza","embeddable":true,"href":"https:\/\/revolutionpadelstore.com\/fr\/wp-json\/wp\/v2\/dureza?post=63698"},{"taxonomy":"forma","embeddable":true,"href":"https:\/\/revolutionpadelstore.com\/fr\/wp-json\/wp\/v2\/forma?post=63698"},{"taxonomy":"jugador","embeddable":true,"href":"https:\/\/revolutionpadelstore.com\/fr\/wp-json\/wp\/v2\/jugador?post=63698"},{"taxonomy":"marca","embeddable":true,"href":"https:\/\/revolutionpadelstore.com\/fr\/wp-json\/wp\/v2\/marca?post=63698"},{"taxonomy":"nivel-de-juego","embeddable":true,"href":"https:\/\/revolutionpadelstore.com\/fr\/wp-json\/wp\/v2\/nivel-de-juego?post=63698"},{"taxonomy":"superficie","embeddable":true,"href":"https:\/\/revolutionpadelstore.com\/fr\/wp-json\/wp\/v2\/superficie?post=63698"},{"taxonomy":"tipo-de-juego","embeddable":true,"href":"https:\/\/revolutionpadelstore.com\/fr\/wp-json\/wp\/v2\/tipo-de-juego?post=63698"},{"taxonomy":"product_brand","embeddable":true,"href":"https:\/\/revolutionpadelstore.com\/fr\/wp-json\/wp\/v2\/product_brand?post=63698"},{"taxonomy":"product_cat","embeddable":true,"href":"https:\/\/revolutionpadelstore.com\/fr\/wp-json\/wp\/v2\/product_cat?post=63698"},{"taxonomy":"product_tag","embeddable":true,"href":"https:\/\/revolutionpadelstore.com\/fr\/wp-json\/wp\/v2\/product_tag?post=63698"}],"curies":[{"name":"wp","href":"https:\/\/api.w.org\/{rel}","templated":true}]}}