{"id":53858,"date":"2024-07-15T10:30:27","date_gmt":"2024-07-15T08:30:27","guid":{"rendered":"https:\/\/revolutionpadelstore.com\/paletero-rebel\/"},"modified":"2026-04-08T11:14:01","modified_gmt":"2026-04-08T09:14:01","slug":"paletero-harlem-padel-rebel-3","status":"publish","type":"product","link":"https:\/\/revolutionpadelstore.com\/fr\/produit\/paletero-harlem-padel-rebel-3\/","title":{"rendered":"PALETERO HARLEM PADEL REBEL"},"content":{"rendered":"<p>Fabriqu\u00e9 en cuir synth\u00e9tique micro-perfor\u00e9. Deux compartiments thermostatiques pour 2 raquettes chacun. Cabine centrale d&#8217;une <strong>capacit\u00e9 de 45 litres<\/strong> avec deux poches int\u00e9rieures. <strong>\u00c9tag\u00e8re \u00e0 chaussures ventil\u00e9<\/strong> pour transporter vos chaussures de padel \u00e0 l&#8217;abri de la sueur et du sable ou vos v\u00eatements usag\u00e9s. Deux poches ext\u00e9rieures pour ranger cl\u00e9s et pi\u00e8ces de monnaie s\u00e9par\u00e9ment de votre smartphone ou de vos lunettes. Une poche cach\u00e9e au dos pour ranger vos objets les plus pr\u00e9cieux. Test\u00e9 ergonomiquement pour transporter la charge sans inconfort.<\/p>\n","protected":false},"excerpt":{"rendered":"<p>Fabriqu\u00e9 en cuir synth\u00e9tique micro-perfor\u00e9. Deux compartiments thermostatiques pour 2 raquettes chacun. Cabine centrale d&#8217;une capacit\u00e9 de 45 litres avec deux poches int\u00e9rieures. \u00c9tag\u00e8re \u00e0 chaussures ventil\u00e9 pour transporter vos chaussures de padel \u00e0 l&#8217;abri de la sueur et du sable ou vos v\u00eatements usag\u00e9s. Deux poches ext\u00e9rieures pour ranger cl\u00e9s et pi\u00e8ces de monnaie [&hellip;]<\/p>\n","protected":false},"featured_media":53815,"comment_status":"open","ping_status":"closed","template":"","meta":{"_acf_changed":false,"_joinchat":[]},"acabado":[],"balance":[],"dureza":[],"forma":[],"jugador":[],"marca":[1237],"nivel-de-juego":[],"superficie":[],"tipo-de-juego":[],"product_brand":[],"product_cat":[320],"product_tag":[],"class_list":{"0":"post-53858","1":"product","2":"type-product","3":"status-publish","4":"has-post-thumbnail","6":"marca-harlem-padel-fr","7":"product_cat-sacs","9":"first","10":"outofstock","11":"sale","12":"taxable","13":"shipping-taxable","14":"purchasable","15":"product-type-simple"},"acf":[],"yoast_head":"<!-- This site is optimized with the Yoast SEO plugin v27.4 - https:\/\/yoast.com\/product\/yoast-seo-wordpress\/ -->\n<title>PALETERO HARLEM PADEL REBEL - Revolution Padel Store<\/title>\n<meta name=\"description\" content=\"Cuida tu material mas preciado llevando hasta cuatro palas en compartimentos termost\u00e1tico evitando los choques t\u00e9rmicos del verano y del invierno. Ambos compartimentos disponen de un divisor completamente extra\u00edble para evitar que tus palas se ara\u00f1en y tus palas rugosas no sean un problema.\" \/>\n<meta name=\"robots\" content=\"index, follow, max-snippet:-1, max-image-preview:large, max-video-preview:-1\" \/>\n<link rel=\"canonical\" href=\"https:\/\/revolutionpadelstore.com\/fr\/produit\/paletero-harlem-padel-rebel-3\/\" \/>\n<meta property=\"og:locale\" content=\"fr_FR\" \/>\n<meta property=\"og:type\" content=\"article\" \/>\n<meta property=\"og:title\" content=\"COMPRAR PALETERO REBEL\" \/>\n<meta property=\"og:description\" content=\"Cuida tu material mas preciado llevando hasta cuatro palas en compartimentos termost\u00e1tico evitando los choques t\u00e9rmicos del verano y del invierno. Ambos compartimentos disponen de un divisor completamente extra\u00edble para evitar que tus palas se ara\u00f1en y tus palas rugosas no sean un problema.\" \/>\n<meta property=\"og:url\" content=\"https:\/\/revolutionpadelstore.com\/fr\/produit\/paletero-harlem-padel-rebel-3\/\" \/>\n<meta property=\"og:site_name\" content=\"Revolution Padel Store\" \/>\n<meta property=\"article:modified_time\" content=\"2026-04-08T09:14:01+00:00\" \/>\n<meta property=\"og:image\" content=\"https:\/\/revolutionpadelstore.com\/wp-content\/uploads\/2024\/07\/3_REBEL_W8A5270-1024x683.png\" \/>\n\t<meta property=\"og:image:width\" content=\"1024\" \/>\n\t<meta property=\"og:image:height\" content=\"683\" \/>\n\t<meta property=\"og:image:type\" content=\"image\/png\" \/>\n<meta name=\"twitter:card\" content=\"summary_large_image\" \/>\n<meta name=\"twitter:label1\" content=\"Dur\u00e9e de lecture estim\u00e9e\" \/>\n\t<meta name=\"twitter:data1\" content=\"1 minute\" \/>\n<script type=\"application\/ld+json\" class=\"yoast-schema-graph\">{\"@context\":\"https:\\\/\\\/schema.org\",\"@graph\":[{\"@type\":\"WebPage\",\"@id\":\"https:\\\/\\\/revolutionpadelstore.com\\\/fr\\\/produit\\\/paletero-harlem-padel-rebel-3\\\/\",\"url\":\"https:\\\/\\\/revolutionpadelstore.com\\\/fr\\\/produit\\\/paletero-harlem-padel-rebel-3\\\/\",\"name\":\"PALETERO HARLEM PADEL REBEL - Revolution Padel Store\",\"isPartOf\":{\"@id\":\"https:\\\/\\\/revolutionpadelstore.com\\\/fr\\\/#website\"},\"primaryImageOfPage\":{\"@id\":\"https:\\\/\\\/revolutionpadelstore.com\\\/fr\\\/produit\\\/paletero-harlem-padel-rebel-3\\\/#primaryimage\"},\"image\":{\"@id\":\"https:\\\/\\\/revolutionpadelstore.com\\\/fr\\\/produit\\\/paletero-harlem-padel-rebel-3\\\/#primaryimage\"},\"thumbnailUrl\":\"https:\\\/\\\/revolutionpadelstore.com\\\/wp-content\\\/uploads\\\/2024\\\/07\\\/3_REBEL_W8A5270.png\",\"datePublished\":\"2024-07-15T08:30:27+00:00\",\"dateModified\":\"2026-04-08T09:14:01+00:00\",\"description\":\"Cuida tu material mas preciado llevando hasta cuatro palas en compartimentos termost\u00e1tico evitando los choques t\u00e9rmicos del verano y del invierno. Ambos compartimentos disponen de un divisor completamente extra\u00edble para evitar que tus palas se ara\u00f1en y tus palas rugosas no sean un problema.\",\"breadcrumb\":{\"@id\":\"https:\\\/\\\/revolutionpadelstore.com\\\/fr\\\/produit\\\/paletero-harlem-padel-rebel-3\\\/#breadcrumb\"},\"inLanguage\":\"fr-FR\",\"potentialAction\":[{\"@type\":\"ReadAction\",\"target\":[\"https:\\\/\\\/revolutionpadelstore.com\\\/fr\\\/produit\\\/paletero-harlem-padel-rebel-3\\\/\"]}]},{\"@type\":\"ImageObject\",\"inLanguage\":\"fr-FR\",\"@id\":\"https:\\\/\\\/revolutionpadelstore.com\\\/fr\\\/produit\\\/paletero-harlem-padel-rebel-3\\\/#primaryimage\",\"url\":\"https:\\\/\\\/revolutionpadelstore.com\\\/wp-content\\\/uploads\\\/2024\\\/07\\\/3_REBEL_W8A5270.png\",\"contentUrl\":\"https:\\\/\\\/revolutionpadelstore.com\\\/wp-content\\\/uploads\\\/2024\\\/07\\\/3_REBEL_W8A5270.png\",\"width\":3543,\"height\":2362},{\"@type\":\"BreadcrumbList\",\"@id\":\"https:\\\/\\\/revolutionpadelstore.com\\\/fr\\\/produit\\\/paletero-harlem-padel-rebel-3\\\/#breadcrumb\",\"itemListElement\":[{\"@type\":\"ListItem\",\"position\":1,\"name\":\"Portada\",\"item\":\"https:\\\/\\\/revolutionpadelstore.com\\\/fr\\\/\"},{\"@type\":\"ListItem\",\"position\":2,\"name\":\"Boutique\",\"item\":\"https:\\\/\\\/revolutionpadelstore.com\\\/fr\\\/tienda\\\/\"},{\"@type\":\"ListItem\",\"position\":3,\"name\":\"PALETERO HARLEM PADEL REBEL\"}]},{\"@type\":\"WebSite\",\"@id\":\"https:\\\/\\\/revolutionpadelstore.com\\\/fr\\\/#website\",\"url\":\"https:\\\/\\\/revolutionpadelstore.com\\\/fr\\\/\",\"name\":\"Revolution Padel Store\",\"description\":\"\",\"publisher\":{\"@id\":\"https:\\\/\\\/revolutionpadelstore.com\\\/fr\\\/#organization\"},\"potentialAction\":[{\"@type\":\"SearchAction\",\"target\":{\"@type\":\"EntryPoint\",\"urlTemplate\":\"https:\\\/\\\/revolutionpadelstore.com\\\/fr\\\/?s={search_term_string}\"},\"query-input\":{\"@type\":\"PropertyValueSpecification\",\"valueRequired\":true,\"valueName\":\"search_term_string\"}}],\"inLanguage\":\"fr-FR\"},{\"@type\":\"Organization\",\"@id\":\"https:\\\/\\\/revolutionpadelstore.com\\\/fr\\\/#organization\",\"name\":\"Revolution Padel Store\",\"url\":\"https:\\\/\\\/revolutionpadelstore.com\\\/fr\\\/\",\"logo\":{\"@type\":\"ImageObject\",\"inLanguage\":\"fr-FR\",\"@id\":\"https:\\\/\\\/revolutionpadelstore.com\\\/fr\\\/#\\\/schema\\\/logo\\\/image\\\/\",\"url\":\"https:\\\/\\\/revolutionpadelstore.com\\\/wp-content\\\/uploads\\\/2026\\\/02\\\/revolution-padel-store.jpg\",\"contentUrl\":\"https:\\\/\\\/revolutionpadelstore.com\\\/wp-content\\\/uploads\\\/2026\\\/02\\\/revolution-padel-store.jpg\",\"width\":2000,\"height\":2000,\"caption\":\"Revolution Padel Store\"},\"image\":{\"@id\":\"https:\\\/\\\/revolutionpadelstore.com\\\/fr\\\/#\\\/schema\\\/logo\\\/image\\\/\"},\"sameAs\":[\"https:\\\/\\\/www.instagram.com\\\/revolutionpadelstore\\\/\"]}]}<\/script>\n<!-- \/ Yoast SEO plugin. -->","yoast_head_json":{"title":"PALETERO HARLEM PADEL REBEL - Revolution Padel Store","description":"Cuida tu material mas preciado llevando hasta cuatro palas en compartimentos termost\u00e1tico evitando los choques t\u00e9rmicos del verano y del invierno. Ambos compartimentos disponen de un divisor completamente extra\u00edble para evitar que tus palas se ara\u00f1en y tus palas rugosas no sean un problema.","robots":{"index":"index","follow":"follow","max-snippet":"max-snippet:-1","max-image-preview":"max-image-preview:large","max-video-preview":"max-video-preview:-1"},"canonical":"https:\/\/revolutionpadelstore.com\/fr\/produit\/paletero-harlem-padel-rebel-3\/","og_locale":"fr_FR","og_type":"article","og_title":"COMPRAR PALETERO REBEL","og_description":"Cuida tu material mas preciado llevando hasta cuatro palas en compartimentos termost\u00e1tico evitando los choques t\u00e9rmicos del verano y del invierno. Ambos compartimentos disponen de un divisor completamente extra\u00edble para evitar que tus palas se ara\u00f1en y tus palas rugosas no sean un problema.","og_url":"https:\/\/revolutionpadelstore.com\/fr\/produit\/paletero-harlem-padel-rebel-3\/","og_site_name":"Revolution Padel Store","article_modified_time":"2026-04-08T09:14:01+00:00","og_image":[{"width":1024,"height":683,"url":"https:\/\/revolutionpadelstore.com\/wp-content\/uploads\/2024\/07\/3_REBEL_W8A5270-1024x683.png","type":"image\/png"}],"twitter_card":"summary_large_image","twitter_misc":{"Dur\u00e9e de lecture estim\u00e9e":"1 minute"},"schema":{"@context":"https:\/\/schema.org","@graph":[{"@type":"WebPage","@id":"https:\/\/revolutionpadelstore.com\/fr\/produit\/paletero-harlem-padel-rebel-3\/","url":"https:\/\/revolutionpadelstore.com\/fr\/produit\/paletero-harlem-padel-rebel-3\/","name":"PALETERO HARLEM PADEL REBEL - Revolution Padel Store","isPartOf":{"@id":"https:\/\/revolutionpadelstore.com\/fr\/#website"},"primaryImageOfPage":{"@id":"https:\/\/revolutionpadelstore.com\/fr\/produit\/paletero-harlem-padel-rebel-3\/#primaryimage"},"image":{"@id":"https:\/\/revolutionpadelstore.com\/fr\/produit\/paletero-harlem-padel-rebel-3\/#primaryimage"},"thumbnailUrl":"https:\/\/revolutionpadelstore.com\/wp-content\/uploads\/2024\/07\/3_REBEL_W8A5270.png","datePublished":"2024-07-15T08:30:27+00:00","dateModified":"2026-04-08T09:14:01+00:00","description":"Cuida tu material mas preciado llevando hasta cuatro palas en compartimentos termost\u00e1tico evitando los choques t\u00e9rmicos del verano y del invierno. Ambos compartimentos disponen de un divisor completamente extra\u00edble para evitar que tus palas se ara\u00f1en y tus palas rugosas no sean un problema.","breadcrumb":{"@id":"https:\/\/revolutionpadelstore.com\/fr\/produit\/paletero-harlem-padel-rebel-3\/#breadcrumb"},"inLanguage":"fr-FR","potentialAction":[{"@type":"ReadAction","target":["https:\/\/revolutionpadelstore.com\/fr\/produit\/paletero-harlem-padel-rebel-3\/"]}]},{"@type":"ImageObject","inLanguage":"fr-FR","@id":"https:\/\/revolutionpadelstore.com\/fr\/produit\/paletero-harlem-padel-rebel-3\/#primaryimage","url":"https:\/\/revolutionpadelstore.com\/wp-content\/uploads\/2024\/07\/3_REBEL_W8A5270.png","contentUrl":"https:\/\/revolutionpadelstore.com\/wp-content\/uploads\/2024\/07\/3_REBEL_W8A5270.png","width":3543,"height":2362},{"@type":"BreadcrumbList","@id":"https:\/\/revolutionpadelstore.com\/fr\/produit\/paletero-harlem-padel-rebel-3\/#breadcrumb","itemListElement":[{"@type":"ListItem","position":1,"name":"Portada","item":"https:\/\/revolutionpadelstore.com\/fr\/"},{"@type":"ListItem","position":2,"name":"Boutique","item":"https:\/\/revolutionpadelstore.com\/fr\/tienda\/"},{"@type":"ListItem","position":3,"name":"PALETERO HARLEM PADEL REBEL"}]},{"@type":"WebSite","@id":"https:\/\/revolutionpadelstore.com\/fr\/#website","url":"https:\/\/revolutionpadelstore.com\/fr\/","name":"Revolution Padel Store","description":"","publisher":{"@id":"https:\/\/revolutionpadelstore.com\/fr\/#organization"},"potentialAction":[{"@type":"SearchAction","target":{"@type":"EntryPoint","urlTemplate":"https:\/\/revolutionpadelstore.com\/fr\/?s={search_term_string}"},"query-input":{"@type":"PropertyValueSpecification","valueRequired":true,"valueName":"search_term_string"}}],"inLanguage":"fr-FR"},{"@type":"Organization","@id":"https:\/\/revolutionpadelstore.com\/fr\/#organization","name":"Revolution Padel Store","url":"https:\/\/revolutionpadelstore.com\/fr\/","logo":{"@type":"ImageObject","inLanguage":"fr-FR","@id":"https:\/\/revolutionpadelstore.com\/fr\/#\/schema\/logo\/image\/","url":"https:\/\/revolutionpadelstore.com\/wp-content\/uploads\/2026\/02\/revolution-padel-store.jpg","contentUrl":"https:\/\/revolutionpadelstore.com\/wp-content\/uploads\/2026\/02\/revolution-padel-store.jpg","width":2000,"height":2000,"caption":"Revolution Padel Store"},"image":{"@id":"https:\/\/revolutionpadelstore.com\/fr\/#\/schema\/logo\/image\/"},"sameAs":["https:\/\/www.instagram.com\/revolutionpadelstore\/"]}]}},"_links":{"self":[{"href":"https:\/\/revolutionpadelstore.com\/fr\/wp-json\/wp\/v2\/product\/53858","targetHints":{"allow":["GET"]}}],"collection":[{"href":"https:\/\/revolutionpadelstore.com\/fr\/wp-json\/wp\/v2\/product"}],"about":[{"href":"https:\/\/revolutionpadelstore.com\/fr\/wp-json\/wp\/v2\/types\/product"}],"replies":[{"embeddable":true,"href":"https:\/\/revolutionpadelstore.com\/fr\/wp-json\/wp\/v2\/comments?post=53858"}],"wp:featuredmedia":[{"embeddable":true,"href":"https:\/\/revolutionpadelstore.com\/fr\/wp-json\/wp\/v2\/media\/53815"}],"wp:attachment":[{"href":"https:\/\/revolutionpadelstore.com\/fr\/wp-json\/wp\/v2\/media?parent=53858"}],"wp:term":[{"taxonomy":"acabado","embeddable":true,"href":"https:\/\/revolutionpadelstore.com\/fr\/wp-json\/wp\/v2\/acabado?post=53858"},{"taxonomy":"balance","embeddable":true,"href":"https:\/\/revolutionpadelstore.com\/fr\/wp-json\/wp\/v2\/balance?post=53858"},{"taxonomy":"dureza","embeddable":true,"href":"https:\/\/revolutionpadelstore.com\/fr\/wp-json\/wp\/v2\/dureza?post=53858"},{"taxonomy":"forma","embeddable":true,"href":"https:\/\/revolutionpadelstore.com\/fr\/wp-json\/wp\/v2\/forma?post=53858"},{"taxonomy":"jugador","embeddable":true,"href":"https:\/\/revolutionpadelstore.com\/fr\/wp-json\/wp\/v2\/jugador?post=53858"},{"taxonomy":"marca","embeddable":true,"href":"https:\/\/revolutionpadelstore.com\/fr\/wp-json\/wp\/v2\/marca?post=53858"},{"taxonomy":"nivel-de-juego","embeddable":true,"href":"https:\/\/revolutionpadelstore.com\/fr\/wp-json\/wp\/v2\/nivel-de-juego?post=53858"},{"taxonomy":"superficie","embeddable":true,"href":"https:\/\/revolutionpadelstore.com\/fr\/wp-json\/wp\/v2\/superficie?post=53858"},{"taxonomy":"tipo-de-juego","embeddable":true,"href":"https:\/\/revolutionpadelstore.com\/fr\/wp-json\/wp\/v2\/tipo-de-juego?post=53858"},{"taxonomy":"product_brand","embeddable":true,"href":"https:\/\/revolutionpadelstore.com\/fr\/wp-json\/wp\/v2\/product_brand?post=53858"},{"taxonomy":"product_cat","embeddable":true,"href":"https:\/\/revolutionpadelstore.com\/fr\/wp-json\/wp\/v2\/product_cat?post=53858"},{"taxonomy":"product_tag","embeddable":true,"href":"https:\/\/revolutionpadelstore.com\/fr\/wp-json\/wp\/v2\/product_tag?post=53858"}],"curies":[{"name":"wp","href":"https:\/\/api.w.org\/{rel}","templated":true}]}}