{"id":308005,"date":"2025-11-08T00:50:18","date_gmt":"2025-11-07T23:50:18","guid":{"rendered":"https:\/\/revolutionpadelstore.com\/mochila-bullpadel-bpm26022-xplo\/"},"modified":"2026-04-08T01:40:54","modified_gmt":"2026-04-07T23:40:54","slug":"mochila-bullpadel-bpm26022-xplo","status":"publish","type":"product","link":"https:\/\/revolutionpadelstore.com\/fr\/produit\/mochila-bullpadel-bpm26022-xplo\/","title":{"rendered":"MOCHILA BULLPADEL BPM26022 XPLO"},"content":{"rendered":"<h2><strong>Mochila Bullpadel XPLO Negra \u2013 Comodidad, protecci\u00f3n y estilo para jugadores exigentes<\/strong><\/h2>\n<p>La mochila Bullpadel XPLO en color negro es la elecci\u00f3n perfecta para quienes buscan comodidad, seguridad y estilo en cada desplazamiento hacia la pista. Fabricada con materiales resistentes como Nylon Dobby y neopreno, combina durabilidad, ligereza y un dise\u00f1o exclusivo avalado por el jugador profesional Mart\u00edn Di Nenno.<\/p>\n<p>Con unas dimensiones amplias de 60 x 30 x 40 cm, esta mochila t\u00e9cnica ofrece espacio suficiente para transportar todo tu equipamiento de p\u00e1del de forma organizada y segura. Su compartimento t\u00e9rmico acolchado est\u00e1 dise\u00f1ado para proteger tu pala o port\u00e1til frente a golpes y temperaturas extremas, lo que garantiza un transporte \u00f3ptimo incluso en condiciones adversas.<\/p>\n<p>Adem\u00e1s, incluye un compartimento principal con gran capacidad, un bolsillo frontal con fuelle para acceso r\u00e1pido y dos bolsillos laterales el\u00e1sticos perfectos para llevar botellas de agua o botes de bolas. Gracias a sus correas ajustables, puedes adaptar el volumen de la mochila seg\u00fan tus necesidades y disfrutar de un transporte c\u00f3modo y ergon\u00f3mico en todo momento.<\/p>\n<h2><strong>Caracter\u00edsticas destacadas:<\/strong><\/h2>\n<p>-Medidas: 60 x 30 x 40 cm<\/p>\n<p>-Composici\u00f3n: Nylon Dobby y neopreno<\/p>\n<p>-Compartimento t\u00e9rmico acolchado para pala o port\u00e1til<\/p>\n<p>-Amplio compartimento principal<\/p>\n<p>-Bolsillo frontal con fuelle para acceso r\u00e1pido<\/p>\n<p>-Dos bolsillos laterales el\u00e1sticos<\/p>\n<p>-Correas laterales ajustables para adaptar el volumen<\/p>\n<p>-Dise\u00f1o exclusivo con la firma de Di Nenno<\/p>\n<h2><strong>\u00bfPor qu\u00e9 elegir la mochila Bullpadel XPLO?<\/strong><\/h2>\n<p>Porque es pr\u00e1ctica, segura, espaciosa y tiene un dise\u00f1o profesional que se adapta a las exigencias del jugador moderno. Tanto si juegas a nivel amateur como profesional, esta mochila elevar\u00e1 tu experiencia dentro y fuera de la pista.<\/p>\n<p>Hazte con la mochila Bullpadel XPLO Negra y descubre c\u00f3mo un buen accesorio marca la diferencia. Disponible ahora en nuestra tienda online <a href=\"http:\/\/www.revolutionpadelstore.com\/\">www.revolutionpadelstore.com<\/a>, probablemente al mejor precio del mercado. \u00a1No te quedes sin la tuya!<\/p>\n","protected":false},"excerpt":{"rendered":"<p>La mochila Bullpadel XPLO ofrece un dise\u00f1o \u00fanico, gran comodidad y m\u00e1xima seguridad. Cuenta con un compartimento t\u00e9rmico, bolsillos funcionales y correas ajustables.<\/p>\n","protected":false},"featured_media":308023,"comment_status":"open","ping_status":"closed","template":"","meta":{"_acf_changed":false,"_joinchat":[]},"acabado":[],"balance":[],"dureza":[],"forma":[],"jugador":[],"marca":[1257],"nivel-de-juego":[],"superficie":[],"tipo-de-juego":[],"product_brand":[],"product_cat":[320],"product_tag":[],"class_list":{"0":"post-308005","1":"product","2":"type-product","3":"status-publish","4":"has-post-thumbnail","6":"marca-bullpadel-fr","7":"product_cat-sacs","9":"first","10":"instock","11":"sale","12":"taxable","13":"shipping-taxable","14":"purchasable","15":"product-type-simple"},"acf":[],"yoast_head":"<!-- This site is optimized with the Yoast SEO plugin v27.4 - https:\/\/yoast.com\/product\/yoast-seo-wordpress\/ -->\n<title>MOCHILA BULLPADEL BPM26022 XPLO - Revolution Padel Store<\/title>\n<meta name=\"description\" content=\"Mochila Bullpadel XPLO Negra con compartimento t\u00e9rmico, gran capacidad y dise\u00f1o ergon\u00f3mico. Ideal para jugadores de p\u00e1del exigentes. \u00a1C\u00f3mprala en Revolution Padel Store al mejor precio!\" \/>\n<meta name=\"robots\" content=\"index, follow, max-snippet:-1, max-image-preview:large, max-video-preview:-1\" \/>\n<link rel=\"canonical\" href=\"https:\/\/revolutionpadelstore.com\/fr\/produit\/mochila-bullpadel-bpm26022-xplo\/\" \/>\n<meta property=\"og:locale\" content=\"fr_FR\" \/>\n<meta property=\"og:type\" content=\"article\" \/>\n<meta property=\"og:title\" content=\"MOCHILA BULLPADEL BPM26022 XPLO - Revolution Padel Store\" \/>\n<meta property=\"og:description\" content=\"Mochila Bullpadel XPLO Negra con compartimento t\u00e9rmico, gran capacidad y dise\u00f1o ergon\u00f3mico. Ideal para jugadores de p\u00e1del exigentes. \u00a1C\u00f3mprala en Revolution Padel Store al mejor precio!\" \/>\n<meta property=\"og:url\" content=\"https:\/\/revolutionpadelstore.com\/fr\/produit\/mochila-bullpadel-bpm26022-xplo\/\" \/>\n<meta property=\"og:site_name\" content=\"Revolution Padel Store\" \/>\n<meta property=\"article:modified_time\" content=\"2026-04-07T23:40:54+00:00\" \/>\n<meta property=\"og:image\" content=\"https:\/\/revolutionpadelstore.com\/wp-content\/uploads\/2025\/11\/120935-mochila-bullpadel-xplo-bpm26022-005-495088-1500x1500-1.webp\" \/>\n\t<meta property=\"og:image:width\" content=\"1500\" \/>\n\t<meta property=\"og:image:height\" content=\"1500\" \/>\n\t<meta property=\"og:image:type\" content=\"image\/webp\" \/>\n<meta name=\"twitter:card\" content=\"summary_large_image\" \/>\n<meta name=\"twitter:label1\" content=\"Dur\u00e9e de lecture estim\u00e9e\" \/>\n\t<meta name=\"twitter:data1\" content=\"2 minutes\" \/>\n<script type=\"application\/ld+json\" class=\"yoast-schema-graph\">{\"@context\":\"https:\\\/\\\/schema.org\",\"@graph\":[{\"@type\":\"WebPage\",\"@id\":\"https:\\\/\\\/revolutionpadelstore.com\\\/fr\\\/produit\\\/mochila-bullpadel-bpm26022-xplo\\\/\",\"url\":\"https:\\\/\\\/revolutionpadelstore.com\\\/fr\\\/produit\\\/mochila-bullpadel-bpm26022-xplo\\\/\",\"name\":\"MOCHILA BULLPADEL BPM26022 XPLO - Revolution Padel Store\",\"isPartOf\":{\"@id\":\"https:\\\/\\\/revolutionpadelstore.com\\\/fr\\\/#website\"},\"primaryImageOfPage\":{\"@id\":\"https:\\\/\\\/revolutionpadelstore.com\\\/fr\\\/produit\\\/mochila-bullpadel-bpm26022-xplo\\\/#primaryimage\"},\"image\":{\"@id\":\"https:\\\/\\\/revolutionpadelstore.com\\\/fr\\\/produit\\\/mochila-bullpadel-bpm26022-xplo\\\/#primaryimage\"},\"thumbnailUrl\":\"https:\\\/\\\/revolutionpadelstore.com\\\/wp-content\\\/uploads\\\/2025\\\/11\\\/120935-mochila-bullpadel-xplo-bpm26022-005-495088-1500x1500-1.webp\",\"datePublished\":\"2025-11-07T23:50:18+00:00\",\"dateModified\":\"2026-04-07T23:40:54+00:00\",\"description\":\"Mochila Bullpadel XPLO Negra con compartimento t\u00e9rmico, gran capacidad y dise\u00f1o ergon\u00f3mico. Ideal para jugadores de p\u00e1del exigentes. \u00a1C\u00f3mprala en Revolution Padel Store al mejor precio!\",\"breadcrumb\":{\"@id\":\"https:\\\/\\\/revolutionpadelstore.com\\\/fr\\\/produit\\\/mochila-bullpadel-bpm26022-xplo\\\/#breadcrumb\"},\"inLanguage\":\"fr-FR\",\"potentialAction\":[{\"@type\":\"ReadAction\",\"target\":[\"https:\\\/\\\/revolutionpadelstore.com\\\/fr\\\/produit\\\/mochila-bullpadel-bpm26022-xplo\\\/\"]}]},{\"@type\":\"ImageObject\",\"inLanguage\":\"fr-FR\",\"@id\":\"https:\\\/\\\/revolutionpadelstore.com\\\/fr\\\/produit\\\/mochila-bullpadel-bpm26022-xplo\\\/#primaryimage\",\"url\":\"https:\\\/\\\/revolutionpadelstore.com\\\/wp-content\\\/uploads\\\/2025\\\/11\\\/120935-mochila-bullpadel-xplo-bpm26022-005-495088-1500x1500-1.webp\",\"contentUrl\":\"https:\\\/\\\/revolutionpadelstore.com\\\/wp-content\\\/uploads\\\/2025\\\/11\\\/120935-mochila-bullpadel-xplo-bpm26022-005-495088-1500x1500-1.webp\",\"width\":1500,\"height\":1500},{\"@type\":\"BreadcrumbList\",\"@id\":\"https:\\\/\\\/revolutionpadelstore.com\\\/fr\\\/produit\\\/mochila-bullpadel-bpm26022-xplo\\\/#breadcrumb\",\"itemListElement\":[{\"@type\":\"ListItem\",\"position\":1,\"name\":\"Portada\",\"item\":\"https:\\\/\\\/revolutionpadelstore.com\\\/fr\\\/\"},{\"@type\":\"ListItem\",\"position\":2,\"name\":\"Boutique\",\"item\":\"https:\\\/\\\/revolutionpadelstore.com\\\/fr\\\/tienda\\\/\"},{\"@type\":\"ListItem\",\"position\":3,\"name\":\"MOCHILA BULLPADEL BPM26022 XPLO\"}]},{\"@type\":\"WebSite\",\"@id\":\"https:\\\/\\\/revolutionpadelstore.com\\\/fr\\\/#website\",\"url\":\"https:\\\/\\\/revolutionpadelstore.com\\\/fr\\\/\",\"name\":\"Revolution Padel Store\",\"description\":\"\",\"publisher\":{\"@id\":\"https:\\\/\\\/revolutionpadelstore.com\\\/fr\\\/#organization\"},\"potentialAction\":[{\"@type\":\"SearchAction\",\"target\":{\"@type\":\"EntryPoint\",\"urlTemplate\":\"https:\\\/\\\/revolutionpadelstore.com\\\/fr\\\/?s={search_term_string}\"},\"query-input\":{\"@type\":\"PropertyValueSpecification\",\"valueRequired\":true,\"valueName\":\"search_term_string\"}}],\"inLanguage\":\"fr-FR\"},{\"@type\":\"Organization\",\"@id\":\"https:\\\/\\\/revolutionpadelstore.com\\\/fr\\\/#organization\",\"name\":\"Revolution Padel Store\",\"url\":\"https:\\\/\\\/revolutionpadelstore.com\\\/fr\\\/\",\"logo\":{\"@type\":\"ImageObject\",\"inLanguage\":\"fr-FR\",\"@id\":\"https:\\\/\\\/revolutionpadelstore.com\\\/fr\\\/#\\\/schema\\\/logo\\\/image\\\/\",\"url\":\"https:\\\/\\\/revolutionpadelstore.com\\\/wp-content\\\/uploads\\\/2026\\\/02\\\/revolution-padel-store.jpg\",\"contentUrl\":\"https:\\\/\\\/revolutionpadelstore.com\\\/wp-content\\\/uploads\\\/2026\\\/02\\\/revolution-padel-store.jpg\",\"width\":2000,\"height\":2000,\"caption\":\"Revolution Padel Store\"},\"image\":{\"@id\":\"https:\\\/\\\/revolutionpadelstore.com\\\/fr\\\/#\\\/schema\\\/logo\\\/image\\\/\"},\"sameAs\":[\"https:\\\/\\\/www.instagram.com\\\/revolutionpadelstore\\\/\"]}]}<\/script>\n<!-- \/ Yoast SEO plugin. -->","yoast_head_json":{"title":"MOCHILA BULLPADEL BPM26022 XPLO - Revolution Padel Store","description":"Mochila Bullpadel XPLO Negra con compartimento t\u00e9rmico, gran capacidad y dise\u00f1o ergon\u00f3mico. Ideal para jugadores de p\u00e1del exigentes. \u00a1C\u00f3mprala en Revolution Padel Store al mejor precio!","robots":{"index":"index","follow":"follow","max-snippet":"max-snippet:-1","max-image-preview":"max-image-preview:large","max-video-preview":"max-video-preview:-1"},"canonical":"https:\/\/revolutionpadelstore.com\/fr\/produit\/mochila-bullpadel-bpm26022-xplo\/","og_locale":"fr_FR","og_type":"article","og_title":"MOCHILA BULLPADEL BPM26022 XPLO - Revolution Padel Store","og_description":"Mochila Bullpadel XPLO Negra con compartimento t\u00e9rmico, gran capacidad y dise\u00f1o ergon\u00f3mico. Ideal para jugadores de p\u00e1del exigentes. \u00a1C\u00f3mprala en Revolution Padel Store al mejor precio!","og_url":"https:\/\/revolutionpadelstore.com\/fr\/produit\/mochila-bullpadel-bpm26022-xplo\/","og_site_name":"Revolution Padel Store","article_modified_time":"2026-04-07T23:40:54+00:00","og_image":[{"width":1500,"height":1500,"url":"https:\/\/revolutionpadelstore.com\/wp-content\/uploads\/2025\/11\/120935-mochila-bullpadel-xplo-bpm26022-005-495088-1500x1500-1.webp","type":"image\/webp"}],"twitter_card":"summary_large_image","twitter_misc":{"Dur\u00e9e de lecture estim\u00e9e":"2 minutes"},"schema":{"@context":"https:\/\/schema.org","@graph":[{"@type":"WebPage","@id":"https:\/\/revolutionpadelstore.com\/fr\/produit\/mochila-bullpadel-bpm26022-xplo\/","url":"https:\/\/revolutionpadelstore.com\/fr\/produit\/mochila-bullpadel-bpm26022-xplo\/","name":"MOCHILA BULLPADEL BPM26022 XPLO - Revolution Padel Store","isPartOf":{"@id":"https:\/\/revolutionpadelstore.com\/fr\/#website"},"primaryImageOfPage":{"@id":"https:\/\/revolutionpadelstore.com\/fr\/produit\/mochila-bullpadel-bpm26022-xplo\/#primaryimage"},"image":{"@id":"https:\/\/revolutionpadelstore.com\/fr\/produit\/mochila-bullpadel-bpm26022-xplo\/#primaryimage"},"thumbnailUrl":"https:\/\/revolutionpadelstore.com\/wp-content\/uploads\/2025\/11\/120935-mochila-bullpadel-xplo-bpm26022-005-495088-1500x1500-1.webp","datePublished":"2025-11-07T23:50:18+00:00","dateModified":"2026-04-07T23:40:54+00:00","description":"Mochila Bullpadel XPLO Negra con compartimento t\u00e9rmico, gran capacidad y dise\u00f1o ergon\u00f3mico. Ideal para jugadores de p\u00e1del exigentes. \u00a1C\u00f3mprala en Revolution Padel Store al mejor precio!","breadcrumb":{"@id":"https:\/\/revolutionpadelstore.com\/fr\/produit\/mochila-bullpadel-bpm26022-xplo\/#breadcrumb"},"inLanguage":"fr-FR","potentialAction":[{"@type":"ReadAction","target":["https:\/\/revolutionpadelstore.com\/fr\/produit\/mochila-bullpadel-bpm26022-xplo\/"]}]},{"@type":"ImageObject","inLanguage":"fr-FR","@id":"https:\/\/revolutionpadelstore.com\/fr\/produit\/mochila-bullpadel-bpm26022-xplo\/#primaryimage","url":"https:\/\/revolutionpadelstore.com\/wp-content\/uploads\/2025\/11\/120935-mochila-bullpadel-xplo-bpm26022-005-495088-1500x1500-1.webp","contentUrl":"https:\/\/revolutionpadelstore.com\/wp-content\/uploads\/2025\/11\/120935-mochila-bullpadel-xplo-bpm26022-005-495088-1500x1500-1.webp","width":1500,"height":1500},{"@type":"BreadcrumbList","@id":"https:\/\/revolutionpadelstore.com\/fr\/produit\/mochila-bullpadel-bpm26022-xplo\/#breadcrumb","itemListElement":[{"@type":"ListItem","position":1,"name":"Portada","item":"https:\/\/revolutionpadelstore.com\/fr\/"},{"@type":"ListItem","position":2,"name":"Boutique","item":"https:\/\/revolutionpadelstore.com\/fr\/tienda\/"},{"@type":"ListItem","position":3,"name":"MOCHILA BULLPADEL BPM26022 XPLO"}]},{"@type":"WebSite","@id":"https:\/\/revolutionpadelstore.com\/fr\/#website","url":"https:\/\/revolutionpadelstore.com\/fr\/","name":"Revolution Padel Store","description":"","publisher":{"@id":"https:\/\/revolutionpadelstore.com\/fr\/#organization"},"potentialAction":[{"@type":"SearchAction","target":{"@type":"EntryPoint","urlTemplate":"https:\/\/revolutionpadelstore.com\/fr\/?s={search_term_string}"},"query-input":{"@type":"PropertyValueSpecification","valueRequired":true,"valueName":"search_term_string"}}],"inLanguage":"fr-FR"},{"@type":"Organization","@id":"https:\/\/revolutionpadelstore.com\/fr\/#organization","name":"Revolution Padel Store","url":"https:\/\/revolutionpadelstore.com\/fr\/","logo":{"@type":"ImageObject","inLanguage":"fr-FR","@id":"https:\/\/revolutionpadelstore.com\/fr\/#\/schema\/logo\/image\/","url":"https:\/\/revolutionpadelstore.com\/wp-content\/uploads\/2026\/02\/revolution-padel-store.jpg","contentUrl":"https:\/\/revolutionpadelstore.com\/wp-content\/uploads\/2026\/02\/revolution-padel-store.jpg","width":2000,"height":2000,"caption":"Revolution Padel Store"},"image":{"@id":"https:\/\/revolutionpadelstore.com\/fr\/#\/schema\/logo\/image\/"},"sameAs":["https:\/\/www.instagram.com\/revolutionpadelstore\/"]}]}},"_links":{"self":[{"href":"https:\/\/revolutionpadelstore.com\/fr\/wp-json\/wp\/v2\/product\/308005","targetHints":{"allow":["GET"]}}],"collection":[{"href":"https:\/\/revolutionpadelstore.com\/fr\/wp-json\/wp\/v2\/product"}],"about":[{"href":"https:\/\/revolutionpadelstore.com\/fr\/wp-json\/wp\/v2\/types\/product"}],"replies":[{"embeddable":true,"href":"https:\/\/revolutionpadelstore.com\/fr\/wp-json\/wp\/v2\/comments?post=308005"}],"wp:featuredmedia":[{"embeddable":true,"href":"https:\/\/revolutionpadelstore.com\/fr\/wp-json\/wp\/v2\/media\/308023"}],"wp:attachment":[{"href":"https:\/\/revolutionpadelstore.com\/fr\/wp-json\/wp\/v2\/media?parent=308005"}],"wp:term":[{"taxonomy":"acabado","embeddable":true,"href":"https:\/\/revolutionpadelstore.com\/fr\/wp-json\/wp\/v2\/acabado?post=308005"},{"taxonomy":"balance","embeddable":true,"href":"https:\/\/revolutionpadelstore.com\/fr\/wp-json\/wp\/v2\/balance?post=308005"},{"taxonomy":"dureza","embeddable":true,"href":"https:\/\/revolutionpadelstore.com\/fr\/wp-json\/wp\/v2\/dureza?post=308005"},{"taxonomy":"forma","embeddable":true,"href":"https:\/\/revolutionpadelstore.com\/fr\/wp-json\/wp\/v2\/forma?post=308005"},{"taxonomy":"jugador","embeddable":true,"href":"https:\/\/revolutionpadelstore.com\/fr\/wp-json\/wp\/v2\/jugador?post=308005"},{"taxonomy":"marca","embeddable":true,"href":"https:\/\/revolutionpadelstore.com\/fr\/wp-json\/wp\/v2\/marca?post=308005"},{"taxonomy":"nivel-de-juego","embeddable":true,"href":"https:\/\/revolutionpadelstore.com\/fr\/wp-json\/wp\/v2\/nivel-de-juego?post=308005"},{"taxonomy":"superficie","embeddable":true,"href":"https:\/\/revolutionpadelstore.com\/fr\/wp-json\/wp\/v2\/superficie?post=308005"},{"taxonomy":"tipo-de-juego","embeddable":true,"href":"https:\/\/revolutionpadelstore.com\/fr\/wp-json\/wp\/v2\/tipo-de-juego?post=308005"},{"taxonomy":"product_brand","embeddable":true,"href":"https:\/\/revolutionpadelstore.com\/fr\/wp-json\/wp\/v2\/product_brand?post=308005"},{"taxonomy":"product_cat","embeddable":true,"href":"https:\/\/revolutionpadelstore.com\/fr\/wp-json\/wp\/v2\/product_cat?post=308005"},{"taxonomy":"product_tag","embeddable":true,"href":"https:\/\/revolutionpadelstore.com\/fr\/wp-json\/wp\/v2\/product_tag?post=308005"}],"curies":[{"name":"wp","href":"https:\/\/api.w.org\/{rel}","templated":true}]}}