{"id":305719,"date":"2025-11-09T20:28:06","date_gmt":"2025-11-09T19:28:06","guid":{"rendered":"https:\/\/revolutionpadelstore.com\/nox-at-genius-attack-18k-2024\/"},"modified":"2026-04-02T14:01:21","modified_gmt":"2026-04-02T12:01:21","slug":"nox-at-genius-attack-18k-2024-3","status":"publish","type":"product","link":"https:\/\/revolutionpadelstore.com\/fr\/produit\/nox-at-genius-attack-18k-2024-3\/","title":{"rendered":"NOX AT GENIUS ATTACK 18K 2024"},"content":{"rendered":"<h2><strong>Raquette NOX AT10 Luxury Genius Attack 18K 2024 \u2013 <\/strong>Puissance mortelle avec contr\u00f4le pr\u00e9cis<\/h2>\n<p>D\u00e9couvrez la raquette <strong>NOX AT10 Luxury Genius Attack 18K 2024<\/strong>, cr\u00e9\u00e9e en collaboration avec <strong>Agust\u00edn Tapia<\/strong> pour les joueurs de padel \u00e0 la recherche de performances offensives maximales. Avec son <strong>format diamant<\/strong>, cette raquette est con\u00e7ue pour ceux qui souhaitent ajouter de l&#8217;agressivit\u00e9 et de la puissance \u00e0 chaque coup, sans sacrifier la maniabilit\u00e9 ou le contr\u00f4le.<\/p>\n<h2>L&#8217;innovation dans les moindres d\u00e9tails : le padel du futur<\/h2>\n<p><strong>-Nouveau moule, nouveaux mat\u00e9riaux et technologies exclusives<\/strong>.<\/p>\n<p>-Incorporation du <strong>EOS Flap<\/strong>, perforations lat\u00e9rales pour une plus grande maniabilit\u00e9 et une r\u00e9partition optimis\u00e9e du poids.<\/p>\n<p><strong>-Poign\u00e9e allong\u00e9e<\/strong> pour une meilleure adh\u00e9rence et un plus grand confort dans le jeu a\u00e9rien.<\/p>\n<h2>Contr\u00f4le, fermet\u00e9 et confort en tout point<\/h2>\n<p><strong>-Fibre de carbone aluminis\u00e9e 18K<\/strong> sur la face pour un toucher solide, confortable et homog\u00e8ne face aux variations de temp\u00e9rature.<\/p>\n<p><strong>&#8211; Noyau multicouche MLD Black EVA<\/strong>, qui \u00e9quilibre la sortie de balle en d\u00e9fense et la puissance en attaque.<\/p>\n<p><strong>-Technologie DCS (Dynamic Composite Structure)<\/strong> pour am\u00e9liorer la durabilit\u00e9 et la r\u00e9sistance aux chocs.<\/p>\n<h2>Moins de vibrations, plus d&#8217;adh\u00e9rence et de personnalisation<\/h2>\n<p><strong>-Pulse System<\/strong> : \u00e9lastiques qui r\u00e9duisent les vibrations du cadre \u00e0 la poign\u00e9e.<\/p>\n<p><strong>-NOX Custom Grip\u00ae<\/strong> : brevet\u00e9 et certifi\u00e9 par Testea Padel, il am\u00e9liore l&#8217;adh\u00e9rence de 52% et r\u00e9duit les vibrations de 29%.<\/p>\n<p><strong>-Smartstrap\u00ae<\/strong> : syst\u00e8me de longe de s\u00e9curit\u00e9 rempla\u00e7able, plus hygi\u00e9nique, s\u00e9curis\u00e9 et personnalisable.<\/p>\n<h2>Surface rugueuse en nid d&#8217;abeille pour les coups d&#8217;effet<\/h2>\n<p>Augmentez votre rotation et dominez le jeu avec la surface rugueuse en nid d&#8217;abeille en relief. Id\u00e9al pour les layups, les vipers et les shots avec slice ou topspin.<\/p>\n<h2>Qualit\u00e9 certifi\u00e9e par Testea Padel<\/h2>\n<p>Chaque raquette NOX Luxury a \u00e9t\u00e9 certifi\u00e9e pour r\u00e9sister \u00e0 la casse et conserver ses performances m\u00eame apr\u00e8s une utilisation intensive. Id\u00e9al pour les joueurs exigeants recherchant une qualit\u00e9 professionnelle.<\/p>\n<h2>Pourquoi choisir cette raquette ?<\/h2>\n<p>-Id\u00e9al pour les <strong>joueurs avanc\u00e9s et professionnels<\/strong>.<\/p>\n<p>-Mat\u00e9riaux et design haut de gamme et de derni\u00e8re g\u00e9n\u00e9ration.<\/p>\n<p>-Exclusivit\u00e9 d&#8217;un mod\u00e8le d\u00e9velopp\u00e9 en collaboration avec <strong>Agust\u00edn Tapia<\/strong>.<\/p>\n<p>-Performance optimale dans les situations offensives sans perdre le contr\u00f4le en d\u00e9fense.<\/p>\n<p><strong>Obtenez d\u00e8s maintenant le nouveau NOX AT10 Luxury Genius Attack 18K 2024 dans notre boutique en ligne <a href=\"https:\/\/www.revolutionpadelstore.com\/\">www.revolutionpadelstore.com<\/a>, probablement au meilleur prix du march\u00e9 !<\/strong><\/p>\n","protected":false},"excerpt":{"rendered":"<p>Gr\u00e2ce \u00e0 son design en forme de diamant, cette raquette offre un maximum de puissance et d&#8217;agressivit\u00e9 \u00e0 chaque coup, sans renoncer \u00e0 la maniabilit\u00e9 ou au contr\u00f4le dont chaque joueur a besoin.<\/p>\n","protected":false},"featured_media":305690,"comment_status":"open","ping_status":"closed","template":"","meta":{"_acf_changed":false,"_joinchat":[]},"acabado":[],"balance":[],"dureza":[],"forma":[],"jugador":[],"marca":[1262],"nivel-de-juego":[],"superficie":[],"tipo-de-juego":[],"product_brand":[],"product_cat":[302],"product_tag":[],"class_list":{"0":"post-305719","1":"product","2":"type-product","3":"status-publish","4":"has-post-thumbnail","6":"marca-nox-fr","7":"product_cat-palas-de-padel-fr","9":"first","10":"instock","11":"sale","12":"taxable","13":"shipping-taxable","14":"purchasable","15":"product-type-simple"},"acf":[],"yoast_head":"<!-- This site is optimized with the Yoast SEO plugin v27.3 - https:\/\/yoast.com\/product\/yoast-seo-wordpress\/ -->\n<title>NOX AT GENIUS ATTACK 18K 2024 - Revolution Padel Store<\/title>\n<meta name=\"description\" content=\"Pala NOX AT10 Luxury Genius Attack 18K 2024 dise\u00f1ada con Agust\u00edn Tapia. Potencia y control total, materiales premium, tecnolog\u00edas exclusivas y grip optimizado. \u00a1C\u00f3mprala al mejor precio en Revolution Padel Store!\" \/>\n<meta name=\"robots\" content=\"index, follow, max-snippet:-1, max-image-preview:large, max-video-preview:-1\" \/>\n<link rel=\"canonical\" href=\"https:\/\/revolutionpadelstore.com\/fr\/produit\/nox-at-genius-attack-18k-2024-3\/\" \/>\n<meta property=\"og:locale\" content=\"fr_FR\" \/>\n<meta property=\"og:type\" content=\"article\" \/>\n<meta property=\"og:title\" content=\"NOX AT GENIUS ATTACK 18K 2024 - Revolution Padel Store\" \/>\n<meta property=\"og:description\" content=\"Pala NOX AT10 Luxury Genius Attack 18K 2024 dise\u00f1ada con Agust\u00edn Tapia. Potencia y control total, materiales premium, tecnolog\u00edas exclusivas y grip optimizado. \u00a1C\u00f3mprala al mejor precio en Revolution Padel Store!\" \/>\n<meta property=\"og:url\" content=\"https:\/\/revolutionpadelstore.com\/fr\/produit\/nox-at-genius-attack-18k-2024-3\/\" \/>\n<meta property=\"og:site_name\" content=\"Revolution Padel Store\" \/>\n<meta property=\"article:modified_time\" content=\"2026-04-02T12:01:21+00:00\" \/>\n<meta property=\"og:image\" content=\"https:\/\/revolutionpadelstore.com\/wp-content\/uploads\/2025\/11\/20-1.png\" \/>\n\t<meta property=\"og:image:width\" content=\"1500\" \/>\n\t<meta property=\"og:image:height\" content=\"1500\" \/>\n\t<meta property=\"og:image:type\" content=\"image\/png\" \/>\n<meta name=\"twitter:card\" content=\"summary_large_image\" \/>\n<meta name=\"twitter:label1\" content=\"Dur\u00e9e de lecture estim\u00e9e\" \/>\n\t<meta name=\"twitter:data1\" content=\"2 minutes\" \/>\n<script type=\"application\/ld+json\" class=\"yoast-schema-graph\">{\"@context\":\"https:\\\/\\\/schema.org\",\"@graph\":[{\"@type\":\"WebPage\",\"@id\":\"https:\\\/\\\/revolutionpadelstore.com\\\/fr\\\/produit\\\/nox-at-genius-attack-18k-2024-3\\\/\",\"url\":\"https:\\\/\\\/revolutionpadelstore.com\\\/fr\\\/produit\\\/nox-at-genius-attack-18k-2024-3\\\/\",\"name\":\"NOX AT GENIUS ATTACK 18K 2024 - Revolution Padel Store\",\"isPartOf\":{\"@id\":\"https:\\\/\\\/revolutionpadelstore.com\\\/fr\\\/#website\"},\"primaryImageOfPage\":{\"@id\":\"https:\\\/\\\/revolutionpadelstore.com\\\/fr\\\/produit\\\/nox-at-genius-attack-18k-2024-3\\\/#primaryimage\"},\"image\":{\"@id\":\"https:\\\/\\\/revolutionpadelstore.com\\\/fr\\\/produit\\\/nox-at-genius-attack-18k-2024-3\\\/#primaryimage\"},\"thumbnailUrl\":\"https:\\\/\\\/revolutionpadelstore.com\\\/wp-content\\\/uploads\\\/2025\\\/11\\\/20-1.png\",\"datePublished\":\"2025-11-09T19:28:06+00:00\",\"dateModified\":\"2026-04-02T12:01:21+00:00\",\"description\":\"Pala NOX AT10 Luxury Genius Attack 18K 2024 dise\u00f1ada con Agust\u00edn Tapia. Potencia y control total, materiales premium, tecnolog\u00edas exclusivas y grip optimizado. \u00a1C\u00f3mprala al mejor precio en Revolution Padel Store!\",\"breadcrumb\":{\"@id\":\"https:\\\/\\\/revolutionpadelstore.com\\\/fr\\\/produit\\\/nox-at-genius-attack-18k-2024-3\\\/#breadcrumb\"},\"inLanguage\":\"fr-FR\",\"potentialAction\":[{\"@type\":\"ReadAction\",\"target\":[\"https:\\\/\\\/revolutionpadelstore.com\\\/fr\\\/produit\\\/nox-at-genius-attack-18k-2024-3\\\/\"]}]},{\"@type\":\"ImageObject\",\"inLanguage\":\"fr-FR\",\"@id\":\"https:\\\/\\\/revolutionpadelstore.com\\\/fr\\\/produit\\\/nox-at-genius-attack-18k-2024-3\\\/#primaryimage\",\"url\":\"https:\\\/\\\/revolutionpadelstore.com\\\/wp-content\\\/uploads\\\/2025\\\/11\\\/20-1.png\",\"contentUrl\":\"https:\\\/\\\/revolutionpadelstore.com\\\/wp-content\\\/uploads\\\/2025\\\/11\\\/20-1.png\",\"width\":1500,\"height\":1500},{\"@type\":\"BreadcrumbList\",\"@id\":\"https:\\\/\\\/revolutionpadelstore.com\\\/fr\\\/produit\\\/nox-at-genius-attack-18k-2024-3\\\/#breadcrumb\",\"itemListElement\":[{\"@type\":\"ListItem\",\"position\":1,\"name\":\"Portada\",\"item\":\"https:\\\/\\\/revolutionpadelstore.com\\\/fr\\\/\"},{\"@type\":\"ListItem\",\"position\":2,\"name\":\"Boutique\",\"item\":\"https:\\\/\\\/revolutionpadelstore.com\\\/fr\\\/tienda\\\/\"},{\"@type\":\"ListItem\",\"position\":3,\"name\":\"NOX AT GENIUS ATTACK 18K 2024\"}]},{\"@type\":\"WebSite\",\"@id\":\"https:\\\/\\\/revolutionpadelstore.com\\\/fr\\\/#website\",\"url\":\"https:\\\/\\\/revolutionpadelstore.com\\\/fr\\\/\",\"name\":\"Revolution Padel Store\",\"description\":\"\",\"publisher\":{\"@id\":\"https:\\\/\\\/revolutionpadelstore.com\\\/fr\\\/#organization\"},\"potentialAction\":[{\"@type\":\"SearchAction\",\"target\":{\"@type\":\"EntryPoint\",\"urlTemplate\":\"https:\\\/\\\/revolutionpadelstore.com\\\/fr\\\/?s={search_term_string}\"},\"query-input\":{\"@type\":\"PropertyValueSpecification\",\"valueRequired\":true,\"valueName\":\"search_term_string\"}}],\"inLanguage\":\"fr-FR\"},{\"@type\":\"Organization\",\"@id\":\"https:\\\/\\\/revolutionpadelstore.com\\\/fr\\\/#organization\",\"name\":\"Revolution Padel Store\",\"url\":\"https:\\\/\\\/revolutionpadelstore.com\\\/fr\\\/\",\"logo\":{\"@type\":\"ImageObject\",\"inLanguage\":\"fr-FR\",\"@id\":\"https:\\\/\\\/revolutionpadelstore.com\\\/fr\\\/#\\\/schema\\\/logo\\\/image\\\/\",\"url\":\"https:\\\/\\\/revolutionpadelstore.com\\\/wp-content\\\/uploads\\\/2026\\\/02\\\/revolution-padel-store.jpg\",\"contentUrl\":\"https:\\\/\\\/revolutionpadelstore.com\\\/wp-content\\\/uploads\\\/2026\\\/02\\\/revolution-padel-store.jpg\",\"width\":2000,\"height\":2000,\"caption\":\"Revolution Padel Store\"},\"image\":{\"@id\":\"https:\\\/\\\/revolutionpadelstore.com\\\/fr\\\/#\\\/schema\\\/logo\\\/image\\\/\"},\"sameAs\":[\"https:\\\/\\\/www.instagram.com\\\/revolutionpadelstore\\\/\"]}]}<\/script>\n<!-- \/ Yoast SEO plugin. -->","yoast_head_json":{"title":"NOX AT GENIUS ATTACK 18K 2024 - Revolution Padel Store","description":"Pala NOX AT10 Luxury Genius Attack 18K 2024 dise\u00f1ada con Agust\u00edn Tapia. Potencia y control total, materiales premium, tecnolog\u00edas exclusivas y grip optimizado. \u00a1C\u00f3mprala al mejor precio en Revolution Padel Store!","robots":{"index":"index","follow":"follow","max-snippet":"max-snippet:-1","max-image-preview":"max-image-preview:large","max-video-preview":"max-video-preview:-1"},"canonical":"https:\/\/revolutionpadelstore.com\/fr\/produit\/nox-at-genius-attack-18k-2024-3\/","og_locale":"fr_FR","og_type":"article","og_title":"NOX AT GENIUS ATTACK 18K 2024 - Revolution Padel Store","og_description":"Pala NOX AT10 Luxury Genius Attack 18K 2024 dise\u00f1ada con Agust\u00edn Tapia. Potencia y control total, materiales premium, tecnolog\u00edas exclusivas y grip optimizado. \u00a1C\u00f3mprala al mejor precio en Revolution Padel Store!","og_url":"https:\/\/revolutionpadelstore.com\/fr\/produit\/nox-at-genius-attack-18k-2024-3\/","og_site_name":"Revolution Padel Store","article_modified_time":"2026-04-02T12:01:21+00:00","og_image":[{"width":1500,"height":1500,"url":"https:\/\/revolutionpadelstore.com\/wp-content\/uploads\/2025\/11\/20-1.png","type":"image\/png"}],"twitter_card":"summary_large_image","twitter_misc":{"Dur\u00e9e de lecture estim\u00e9e":"2 minutes"},"schema":{"@context":"https:\/\/schema.org","@graph":[{"@type":"WebPage","@id":"https:\/\/revolutionpadelstore.com\/fr\/produit\/nox-at-genius-attack-18k-2024-3\/","url":"https:\/\/revolutionpadelstore.com\/fr\/produit\/nox-at-genius-attack-18k-2024-3\/","name":"NOX AT GENIUS ATTACK 18K 2024 - Revolution Padel Store","isPartOf":{"@id":"https:\/\/revolutionpadelstore.com\/fr\/#website"},"primaryImageOfPage":{"@id":"https:\/\/revolutionpadelstore.com\/fr\/produit\/nox-at-genius-attack-18k-2024-3\/#primaryimage"},"image":{"@id":"https:\/\/revolutionpadelstore.com\/fr\/produit\/nox-at-genius-attack-18k-2024-3\/#primaryimage"},"thumbnailUrl":"https:\/\/revolutionpadelstore.com\/wp-content\/uploads\/2025\/11\/20-1.png","datePublished":"2025-11-09T19:28:06+00:00","dateModified":"2026-04-02T12:01:21+00:00","description":"Pala NOX AT10 Luxury Genius Attack 18K 2024 dise\u00f1ada con Agust\u00edn Tapia. Potencia y control total, materiales premium, tecnolog\u00edas exclusivas y grip optimizado. \u00a1C\u00f3mprala al mejor precio en Revolution Padel Store!","breadcrumb":{"@id":"https:\/\/revolutionpadelstore.com\/fr\/produit\/nox-at-genius-attack-18k-2024-3\/#breadcrumb"},"inLanguage":"fr-FR","potentialAction":[{"@type":"ReadAction","target":["https:\/\/revolutionpadelstore.com\/fr\/produit\/nox-at-genius-attack-18k-2024-3\/"]}]},{"@type":"ImageObject","inLanguage":"fr-FR","@id":"https:\/\/revolutionpadelstore.com\/fr\/produit\/nox-at-genius-attack-18k-2024-3\/#primaryimage","url":"https:\/\/revolutionpadelstore.com\/wp-content\/uploads\/2025\/11\/20-1.png","contentUrl":"https:\/\/revolutionpadelstore.com\/wp-content\/uploads\/2025\/11\/20-1.png","width":1500,"height":1500},{"@type":"BreadcrumbList","@id":"https:\/\/revolutionpadelstore.com\/fr\/produit\/nox-at-genius-attack-18k-2024-3\/#breadcrumb","itemListElement":[{"@type":"ListItem","position":1,"name":"Portada","item":"https:\/\/revolutionpadelstore.com\/fr\/"},{"@type":"ListItem","position":2,"name":"Boutique","item":"https:\/\/revolutionpadelstore.com\/fr\/tienda\/"},{"@type":"ListItem","position":3,"name":"NOX AT GENIUS ATTACK 18K 2024"}]},{"@type":"WebSite","@id":"https:\/\/revolutionpadelstore.com\/fr\/#website","url":"https:\/\/revolutionpadelstore.com\/fr\/","name":"Revolution Padel Store","description":"","publisher":{"@id":"https:\/\/revolutionpadelstore.com\/fr\/#organization"},"potentialAction":[{"@type":"SearchAction","target":{"@type":"EntryPoint","urlTemplate":"https:\/\/revolutionpadelstore.com\/fr\/?s={search_term_string}"},"query-input":{"@type":"PropertyValueSpecification","valueRequired":true,"valueName":"search_term_string"}}],"inLanguage":"fr-FR"},{"@type":"Organization","@id":"https:\/\/revolutionpadelstore.com\/fr\/#organization","name":"Revolution Padel Store","url":"https:\/\/revolutionpadelstore.com\/fr\/","logo":{"@type":"ImageObject","inLanguage":"fr-FR","@id":"https:\/\/revolutionpadelstore.com\/fr\/#\/schema\/logo\/image\/","url":"https:\/\/revolutionpadelstore.com\/wp-content\/uploads\/2026\/02\/revolution-padel-store.jpg","contentUrl":"https:\/\/revolutionpadelstore.com\/wp-content\/uploads\/2026\/02\/revolution-padel-store.jpg","width":2000,"height":2000,"caption":"Revolution Padel Store"},"image":{"@id":"https:\/\/revolutionpadelstore.com\/fr\/#\/schema\/logo\/image\/"},"sameAs":["https:\/\/www.instagram.com\/revolutionpadelstore\/"]}]}},"_links":{"self":[{"href":"https:\/\/revolutionpadelstore.com\/fr\/wp-json\/wp\/v2\/product\/305719","targetHints":{"allow":["GET"]}}],"collection":[{"href":"https:\/\/revolutionpadelstore.com\/fr\/wp-json\/wp\/v2\/product"}],"about":[{"href":"https:\/\/revolutionpadelstore.com\/fr\/wp-json\/wp\/v2\/types\/product"}],"replies":[{"embeddable":true,"href":"https:\/\/revolutionpadelstore.com\/fr\/wp-json\/wp\/v2\/comments?post=305719"}],"wp:featuredmedia":[{"embeddable":true,"href":"https:\/\/revolutionpadelstore.com\/fr\/wp-json\/wp\/v2\/media\/305690"}],"wp:attachment":[{"href":"https:\/\/revolutionpadelstore.com\/fr\/wp-json\/wp\/v2\/media?parent=305719"}],"wp:term":[{"taxonomy":"acabado","embeddable":true,"href":"https:\/\/revolutionpadelstore.com\/fr\/wp-json\/wp\/v2\/acabado?post=305719"},{"taxonomy":"balance","embeddable":true,"href":"https:\/\/revolutionpadelstore.com\/fr\/wp-json\/wp\/v2\/balance?post=305719"},{"taxonomy":"dureza","embeddable":true,"href":"https:\/\/revolutionpadelstore.com\/fr\/wp-json\/wp\/v2\/dureza?post=305719"},{"taxonomy":"forma","embeddable":true,"href":"https:\/\/revolutionpadelstore.com\/fr\/wp-json\/wp\/v2\/forma?post=305719"},{"taxonomy":"jugador","embeddable":true,"href":"https:\/\/revolutionpadelstore.com\/fr\/wp-json\/wp\/v2\/jugador?post=305719"},{"taxonomy":"marca","embeddable":true,"href":"https:\/\/revolutionpadelstore.com\/fr\/wp-json\/wp\/v2\/marca?post=305719"},{"taxonomy":"nivel-de-juego","embeddable":true,"href":"https:\/\/revolutionpadelstore.com\/fr\/wp-json\/wp\/v2\/nivel-de-juego?post=305719"},{"taxonomy":"superficie","embeddable":true,"href":"https:\/\/revolutionpadelstore.com\/fr\/wp-json\/wp\/v2\/superficie?post=305719"},{"taxonomy":"tipo-de-juego","embeddable":true,"href":"https:\/\/revolutionpadelstore.com\/fr\/wp-json\/wp\/v2\/tipo-de-juego?post=305719"},{"taxonomy":"product_brand","embeddable":true,"href":"https:\/\/revolutionpadelstore.com\/fr\/wp-json\/wp\/v2\/product_brand?post=305719"},{"taxonomy":"product_cat","embeddable":true,"href":"https:\/\/revolutionpadelstore.com\/fr\/wp-json\/wp\/v2\/product_cat?post=305719"},{"taxonomy":"product_tag","embeddable":true,"href":"https:\/\/revolutionpadelstore.com\/fr\/wp-json\/wp\/v2\/product_tag?post=305719"}],"curies":[{"name":"wp","href":"https:\/\/api.w.org\/{rel}","templated":true}]}}