{"id":305532,"date":"2025-11-08T00:25:26","date_gmt":"2025-11-07T23:25:26","guid":{"rendered":"https:\/\/revolutionpadelstore.com\/paletero-bullpadel-bpp26021-pearl\/"},"modified":"2026-04-08T01:50:13","modified_gmt":"2026-04-07T23:50:13","slug":"paletero-bullpadel-bpp26021-pearl-3","status":"publish","type":"product","link":"https:\/\/revolutionpadelstore.com\/fr\/produit\/paletero-bullpadel-bpp26021-pearl-3\/","title":{"rendered":"PALETERO BULLPADEL BPP26021 PEARL"},"content":{"rendered":"<h2>Sac pour raquette de padel Bullpadel Pearl &#8211; \u00c9dition Bea Gonz\u00e1lez<\/h2>\n<h2>Style, l\u00e9g\u00e8ret\u00e9 et capacit\u00e9 maximale pour les joueurs exigeants<\/h2>\n<p>Le nouveau <strong>Sac \u00e0 raquettes Bullpadel Pearl<\/strong>, con\u00e7u exclusivement pour accompagner la raquette de la joueuse professionnelle <strong>Bea Gonz\u00e1lez<\/strong>, est le compl\u00e9ment parfait pour ceux qui recherchent <strong>l&#8217;\u00e9l\u00e9gance, la performance et la fonctionnalit\u00e9 sur le terrain<\/strong>.<\/p>\n<p>Fabriqu\u00e9 avec des mat\u00e9riaux l\u00e9gers et r\u00e9sistants, ce sac de raquette de padel offre une combinaison unique de <strong>capacit\u00e9 et de design haut de gamme<\/strong>, id\u00e9al pour transporter tout votre \u00e9quipement de padel avec une organisation maximale.<\/p>\n<h2>Principales fonctionnalit\u00e9s<\/h2>\n<p><strong>-Grand compartiment central<\/strong> pour v\u00eatements, serviettes et accessoires.<\/p>\n<p><strong>-2 compartiments thermiques lat\u00e9raux<\/strong> avec une capacit\u00e9 totale pour <strong>jusqu&#8217;\u00e0 4 raquettes de padel<\/strong>, les prot\u00e9geant de la chaleur et de l&#8217;humidit\u00e9.<\/p>\n<p><strong>-Espace ind\u00e9pendant et ventil\u00e9<\/strong> pour chaussures ou v\u00eatements usag\u00e9s, id\u00e9al pour tout garder en ordre et sans odeurs.<\/p>\n<p><strong>-Poche lat\u00e9rale \u00e0 acc\u00e8s rapide<\/strong> pour les objets personnels tels que les cl\u00e9s, le t\u00e9l\u00e9phone portable ou le portefeuille.<\/p>\n<p>-Design exclusif avec la <strong>signature de Bea Gonz\u00e1lez<\/strong>, apportant une touche de distinction et de professionnalisme.<\/p>\n<h2>Avantages exceptionnels<\/h2>\n<p><strong>-L\u00e9g\u00e8ret\u00e9<\/strong> pour un plus grand confort de transport.<\/p>\n<p><strong>-Design ergonomique et \u00e9l\u00e9gant<\/strong>, parfait pour les joueurs qui appr\u00e9cient le style.<\/p>\n<p><strong>-Organisation totale de l&#8217;\u00e9quipement de padel<\/strong>, sans renoncer \u00e0 l&#8217;espace ni \u00e0 l&#8217;esth\u00e9tique.<\/p>\n<p>-Mat\u00e9riaux r\u00e9sistants et tr\u00e8s durables pour un usage intensif.<\/p>\n<h2>Pourquoi choisir le sac de padel Pearl ?<\/h2>\n<p>Ce sac de padel se distingue non seulement par sa capacit\u00e9 et sa fonctionnalit\u00e9, mais aussi par son image <strong>exclusive et professionnelle<\/strong>, \u00e9tant une extension parfaite de la raquette Pearl et du style de jeu de Bea Gonz\u00e1lez.<\/p>\n<p><strong>Disponible d\u00e8s maintenant dans notre boutique en ligne <a href=\"https:\/\/www.revolutionpadelstore.com\/\">www.revolutionpadelstore.com<\/a><\/strong>, probablement au <strong>meilleur prix du march\u00e9<\/strong>. Obtenez-le et am\u00e9liorez votre jeu avec style !<\/p>\n<h2>Paletero Bullpadel Pearl &#8211; Edici\u00f3n Bea Gonz\u00e1lez<\/h2>\n","protected":false},"excerpt":{"rendered":"<p>Le sac \u00e0 raquette Bullpadel Pearl, cr\u00e9\u00e9 sp\u00e9cialement pour compl\u00e9ter la raquette de la joueuse professionnelle Bea Gonz\u00e1lez, allie parfaitement style, performance et praticit\u00e9, devenant le choix id\u00e9al pour ceux qui veulent se d\u00e9marquer avec \u00e9l\u00e9gance sur et en dehors du terrain.<\/p>\n","protected":false},"featured_media":305538,"comment_status":"open","ping_status":"closed","template":"","meta":{"_acf_changed":false,"_joinchat":[]},"acabado":[],"balance":[],"dureza":[],"forma":[],"jugador":[],"marca":[1257],"nivel-de-juego":[],"superficie":[],"tipo-de-juego":[],"product_brand":[],"product_cat":[320],"product_tag":[],"class_list":{"0":"post-305532","1":"product","2":"type-product","3":"status-publish","4":"has-post-thumbnail","6":"marca-bullpadel-fr","7":"product_cat-sacs","9":"first","10":"instock","11":"sale","12":"taxable","13":"shipping-taxable","14":"purchasable","15":"product-type-simple"},"acf":[],"yoast_head":"<!-- This site is optimized with the Yoast SEO plugin v27.4 - https:\/\/yoast.com\/product\/yoast-seo-wordpress\/ -->\n<title>PALETERO BULLPADEL BPP26021 PEARL - Revolution Padel Store<\/title>\n<meta name=\"description\" content=\"Descubre el paletero Bullpadel Pearl edici\u00f3n Bea Gonz\u00e1lez: elegante, ligero y con m\u00e1xima capacidad para 4 palas. \u00a1C\u00f3mpralo en Revolution Padel Store al mejor precio online!\" \/>\n<meta name=\"robots\" content=\"index, follow, max-snippet:-1, max-image-preview:large, max-video-preview:-1\" \/>\n<link rel=\"canonical\" href=\"https:\/\/revolutionpadelstore.com\/fr\/produit\/paletero-bullpadel-bpp26021-pearl-3\/\" \/>\n<meta property=\"og:locale\" content=\"fr_FR\" \/>\n<meta property=\"og:type\" content=\"article\" \/>\n<meta property=\"og:title\" content=\"PALETERO BULLPADEL BPP26021 PEARL - Revolution Padel Store\" \/>\n<meta property=\"og:description\" content=\"Descubre el paletero Bullpadel Pearl edici\u00f3n Bea Gonz\u00e1lez: elegante, ligero y con m\u00e1xima capacidad para 4 palas. \u00a1C\u00f3mpralo en Revolution Padel Store al mejor precio online!\" \/>\n<meta property=\"og:url\" content=\"https:\/\/revolutionpadelstore.com\/fr\/produit\/paletero-bullpadel-bpp26021-pearl-3\/\" \/>\n<meta property=\"og:site_name\" content=\"Revolution Padel Store\" \/>\n<meta property=\"article:modified_time\" content=\"2026-04-07T23:50:13+00:00\" \/>\n<meta property=\"og:image\" content=\"https:\/\/revolutionpadelstore.com\/wp-content\/uploads\/2025\/11\/15-1.png\" \/>\n\t<meta property=\"og:image:width\" content=\"1500\" \/>\n\t<meta property=\"og:image:height\" content=\"1500\" \/>\n\t<meta property=\"og:image:type\" content=\"image\/png\" \/>\n<meta name=\"twitter:card\" content=\"summary_large_image\" \/>\n<meta name=\"twitter:label1\" content=\"Dur\u00e9e de lecture estim\u00e9e\" \/>\n\t<meta name=\"twitter:data1\" content=\"2 minutes\" \/>\n<script type=\"application\/ld+json\" class=\"yoast-schema-graph\">{\"@context\":\"https:\\\/\\\/schema.org\",\"@graph\":[{\"@type\":\"WebPage\",\"@id\":\"https:\\\/\\\/revolutionpadelstore.com\\\/fr\\\/produit\\\/paletero-bullpadel-bpp26021-pearl-3\\\/\",\"url\":\"https:\\\/\\\/revolutionpadelstore.com\\\/fr\\\/produit\\\/paletero-bullpadel-bpp26021-pearl-3\\\/\",\"name\":\"PALETERO BULLPADEL BPP26021 PEARL - Revolution Padel Store\",\"isPartOf\":{\"@id\":\"https:\\\/\\\/revolutionpadelstore.com\\\/fr\\\/#website\"},\"primaryImageOfPage\":{\"@id\":\"https:\\\/\\\/revolutionpadelstore.com\\\/fr\\\/produit\\\/paletero-bullpadel-bpp26021-pearl-3\\\/#primaryimage\"},\"image\":{\"@id\":\"https:\\\/\\\/revolutionpadelstore.com\\\/fr\\\/produit\\\/paletero-bullpadel-bpp26021-pearl-3\\\/#primaryimage\"},\"thumbnailUrl\":\"https:\\\/\\\/revolutionpadelstore.com\\\/wp-content\\\/uploads\\\/2025\\\/11\\\/15-1.png\",\"datePublished\":\"2025-11-07T23:25:26+00:00\",\"dateModified\":\"2026-04-07T23:50:13+00:00\",\"description\":\"Descubre el paletero Bullpadel Pearl edici\u00f3n Bea Gonz\u00e1lez: elegante, ligero y con m\u00e1xima capacidad para 4 palas. \u00a1C\u00f3mpralo en Revolution Padel Store al mejor precio online!\",\"breadcrumb\":{\"@id\":\"https:\\\/\\\/revolutionpadelstore.com\\\/fr\\\/produit\\\/paletero-bullpadel-bpp26021-pearl-3\\\/#breadcrumb\"},\"inLanguage\":\"fr-FR\",\"potentialAction\":[{\"@type\":\"ReadAction\",\"target\":[\"https:\\\/\\\/revolutionpadelstore.com\\\/fr\\\/produit\\\/paletero-bullpadel-bpp26021-pearl-3\\\/\"]}]},{\"@type\":\"ImageObject\",\"inLanguage\":\"fr-FR\",\"@id\":\"https:\\\/\\\/revolutionpadelstore.com\\\/fr\\\/produit\\\/paletero-bullpadel-bpp26021-pearl-3\\\/#primaryimage\",\"url\":\"https:\\\/\\\/revolutionpadelstore.com\\\/wp-content\\\/uploads\\\/2025\\\/11\\\/15-1.png\",\"contentUrl\":\"https:\\\/\\\/revolutionpadelstore.com\\\/wp-content\\\/uploads\\\/2025\\\/11\\\/15-1.png\",\"width\":1500,\"height\":1500},{\"@type\":\"BreadcrumbList\",\"@id\":\"https:\\\/\\\/revolutionpadelstore.com\\\/fr\\\/produit\\\/paletero-bullpadel-bpp26021-pearl-3\\\/#breadcrumb\",\"itemListElement\":[{\"@type\":\"ListItem\",\"position\":1,\"name\":\"Portada\",\"item\":\"https:\\\/\\\/revolutionpadelstore.com\\\/fr\\\/\"},{\"@type\":\"ListItem\",\"position\":2,\"name\":\"Boutique\",\"item\":\"https:\\\/\\\/revolutionpadelstore.com\\\/fr\\\/tienda\\\/\"},{\"@type\":\"ListItem\",\"position\":3,\"name\":\"PALETERO BULLPADEL BPP26021 PEARL\"}]},{\"@type\":\"WebSite\",\"@id\":\"https:\\\/\\\/revolutionpadelstore.com\\\/fr\\\/#website\",\"url\":\"https:\\\/\\\/revolutionpadelstore.com\\\/fr\\\/\",\"name\":\"Revolution Padel Store\",\"description\":\"\",\"publisher\":{\"@id\":\"https:\\\/\\\/revolutionpadelstore.com\\\/fr\\\/#organization\"},\"potentialAction\":[{\"@type\":\"SearchAction\",\"target\":{\"@type\":\"EntryPoint\",\"urlTemplate\":\"https:\\\/\\\/revolutionpadelstore.com\\\/fr\\\/?s={search_term_string}\"},\"query-input\":{\"@type\":\"PropertyValueSpecification\",\"valueRequired\":true,\"valueName\":\"search_term_string\"}}],\"inLanguage\":\"fr-FR\"},{\"@type\":\"Organization\",\"@id\":\"https:\\\/\\\/revolutionpadelstore.com\\\/fr\\\/#organization\",\"name\":\"Revolution Padel Store\",\"url\":\"https:\\\/\\\/revolutionpadelstore.com\\\/fr\\\/\",\"logo\":{\"@type\":\"ImageObject\",\"inLanguage\":\"fr-FR\",\"@id\":\"https:\\\/\\\/revolutionpadelstore.com\\\/fr\\\/#\\\/schema\\\/logo\\\/image\\\/\",\"url\":\"https:\\\/\\\/revolutionpadelstore.com\\\/wp-content\\\/uploads\\\/2026\\\/02\\\/revolution-padel-store.jpg\",\"contentUrl\":\"https:\\\/\\\/revolutionpadelstore.com\\\/wp-content\\\/uploads\\\/2026\\\/02\\\/revolution-padel-store.jpg\",\"width\":2000,\"height\":2000,\"caption\":\"Revolution Padel Store\"},\"image\":{\"@id\":\"https:\\\/\\\/revolutionpadelstore.com\\\/fr\\\/#\\\/schema\\\/logo\\\/image\\\/\"},\"sameAs\":[\"https:\\\/\\\/www.instagram.com\\\/revolutionpadelstore\\\/\"]}]}<\/script>\n<!-- \/ Yoast SEO plugin. -->","yoast_head_json":{"title":"PALETERO BULLPADEL BPP26021 PEARL - Revolution Padel Store","description":"Descubre el paletero Bullpadel Pearl edici\u00f3n Bea Gonz\u00e1lez: elegante, ligero y con m\u00e1xima capacidad para 4 palas. \u00a1C\u00f3mpralo en Revolution Padel Store al mejor precio online!","robots":{"index":"index","follow":"follow","max-snippet":"max-snippet:-1","max-image-preview":"max-image-preview:large","max-video-preview":"max-video-preview:-1"},"canonical":"https:\/\/revolutionpadelstore.com\/fr\/produit\/paletero-bullpadel-bpp26021-pearl-3\/","og_locale":"fr_FR","og_type":"article","og_title":"PALETERO BULLPADEL BPP26021 PEARL - Revolution Padel Store","og_description":"Descubre el paletero Bullpadel Pearl edici\u00f3n Bea Gonz\u00e1lez: elegante, ligero y con m\u00e1xima capacidad para 4 palas. \u00a1C\u00f3mpralo en Revolution Padel Store al mejor precio online!","og_url":"https:\/\/revolutionpadelstore.com\/fr\/produit\/paletero-bullpadel-bpp26021-pearl-3\/","og_site_name":"Revolution Padel Store","article_modified_time":"2026-04-07T23:50:13+00:00","og_image":[{"width":1500,"height":1500,"url":"https:\/\/revolutionpadelstore.com\/wp-content\/uploads\/2025\/11\/15-1.png","type":"image\/png"}],"twitter_card":"summary_large_image","twitter_misc":{"Dur\u00e9e de lecture estim\u00e9e":"2 minutes"},"schema":{"@context":"https:\/\/schema.org","@graph":[{"@type":"WebPage","@id":"https:\/\/revolutionpadelstore.com\/fr\/produit\/paletero-bullpadel-bpp26021-pearl-3\/","url":"https:\/\/revolutionpadelstore.com\/fr\/produit\/paletero-bullpadel-bpp26021-pearl-3\/","name":"PALETERO BULLPADEL BPP26021 PEARL - Revolution Padel Store","isPartOf":{"@id":"https:\/\/revolutionpadelstore.com\/fr\/#website"},"primaryImageOfPage":{"@id":"https:\/\/revolutionpadelstore.com\/fr\/produit\/paletero-bullpadel-bpp26021-pearl-3\/#primaryimage"},"image":{"@id":"https:\/\/revolutionpadelstore.com\/fr\/produit\/paletero-bullpadel-bpp26021-pearl-3\/#primaryimage"},"thumbnailUrl":"https:\/\/revolutionpadelstore.com\/wp-content\/uploads\/2025\/11\/15-1.png","datePublished":"2025-11-07T23:25:26+00:00","dateModified":"2026-04-07T23:50:13+00:00","description":"Descubre el paletero Bullpadel Pearl edici\u00f3n Bea Gonz\u00e1lez: elegante, ligero y con m\u00e1xima capacidad para 4 palas. \u00a1C\u00f3mpralo en Revolution Padel Store al mejor precio online!","breadcrumb":{"@id":"https:\/\/revolutionpadelstore.com\/fr\/produit\/paletero-bullpadel-bpp26021-pearl-3\/#breadcrumb"},"inLanguage":"fr-FR","potentialAction":[{"@type":"ReadAction","target":["https:\/\/revolutionpadelstore.com\/fr\/produit\/paletero-bullpadel-bpp26021-pearl-3\/"]}]},{"@type":"ImageObject","inLanguage":"fr-FR","@id":"https:\/\/revolutionpadelstore.com\/fr\/produit\/paletero-bullpadel-bpp26021-pearl-3\/#primaryimage","url":"https:\/\/revolutionpadelstore.com\/wp-content\/uploads\/2025\/11\/15-1.png","contentUrl":"https:\/\/revolutionpadelstore.com\/wp-content\/uploads\/2025\/11\/15-1.png","width":1500,"height":1500},{"@type":"BreadcrumbList","@id":"https:\/\/revolutionpadelstore.com\/fr\/produit\/paletero-bullpadel-bpp26021-pearl-3\/#breadcrumb","itemListElement":[{"@type":"ListItem","position":1,"name":"Portada","item":"https:\/\/revolutionpadelstore.com\/fr\/"},{"@type":"ListItem","position":2,"name":"Boutique","item":"https:\/\/revolutionpadelstore.com\/fr\/tienda\/"},{"@type":"ListItem","position":3,"name":"PALETERO BULLPADEL BPP26021 PEARL"}]},{"@type":"WebSite","@id":"https:\/\/revolutionpadelstore.com\/fr\/#website","url":"https:\/\/revolutionpadelstore.com\/fr\/","name":"Revolution Padel Store","description":"","publisher":{"@id":"https:\/\/revolutionpadelstore.com\/fr\/#organization"},"potentialAction":[{"@type":"SearchAction","target":{"@type":"EntryPoint","urlTemplate":"https:\/\/revolutionpadelstore.com\/fr\/?s={search_term_string}"},"query-input":{"@type":"PropertyValueSpecification","valueRequired":true,"valueName":"search_term_string"}}],"inLanguage":"fr-FR"},{"@type":"Organization","@id":"https:\/\/revolutionpadelstore.com\/fr\/#organization","name":"Revolution Padel Store","url":"https:\/\/revolutionpadelstore.com\/fr\/","logo":{"@type":"ImageObject","inLanguage":"fr-FR","@id":"https:\/\/revolutionpadelstore.com\/fr\/#\/schema\/logo\/image\/","url":"https:\/\/revolutionpadelstore.com\/wp-content\/uploads\/2026\/02\/revolution-padel-store.jpg","contentUrl":"https:\/\/revolutionpadelstore.com\/wp-content\/uploads\/2026\/02\/revolution-padel-store.jpg","width":2000,"height":2000,"caption":"Revolution Padel Store"},"image":{"@id":"https:\/\/revolutionpadelstore.com\/fr\/#\/schema\/logo\/image\/"},"sameAs":["https:\/\/www.instagram.com\/revolutionpadelstore\/"]}]}},"_links":{"self":[{"href":"https:\/\/revolutionpadelstore.com\/fr\/wp-json\/wp\/v2\/product\/305532","targetHints":{"allow":["GET"]}}],"collection":[{"href":"https:\/\/revolutionpadelstore.com\/fr\/wp-json\/wp\/v2\/product"}],"about":[{"href":"https:\/\/revolutionpadelstore.com\/fr\/wp-json\/wp\/v2\/types\/product"}],"replies":[{"embeddable":true,"href":"https:\/\/revolutionpadelstore.com\/fr\/wp-json\/wp\/v2\/comments?post=305532"}],"wp:featuredmedia":[{"embeddable":true,"href":"https:\/\/revolutionpadelstore.com\/fr\/wp-json\/wp\/v2\/media\/305538"}],"wp:attachment":[{"href":"https:\/\/revolutionpadelstore.com\/fr\/wp-json\/wp\/v2\/media?parent=305532"}],"wp:term":[{"taxonomy":"acabado","embeddable":true,"href":"https:\/\/revolutionpadelstore.com\/fr\/wp-json\/wp\/v2\/acabado?post=305532"},{"taxonomy":"balance","embeddable":true,"href":"https:\/\/revolutionpadelstore.com\/fr\/wp-json\/wp\/v2\/balance?post=305532"},{"taxonomy":"dureza","embeddable":true,"href":"https:\/\/revolutionpadelstore.com\/fr\/wp-json\/wp\/v2\/dureza?post=305532"},{"taxonomy":"forma","embeddable":true,"href":"https:\/\/revolutionpadelstore.com\/fr\/wp-json\/wp\/v2\/forma?post=305532"},{"taxonomy":"jugador","embeddable":true,"href":"https:\/\/revolutionpadelstore.com\/fr\/wp-json\/wp\/v2\/jugador?post=305532"},{"taxonomy":"marca","embeddable":true,"href":"https:\/\/revolutionpadelstore.com\/fr\/wp-json\/wp\/v2\/marca?post=305532"},{"taxonomy":"nivel-de-juego","embeddable":true,"href":"https:\/\/revolutionpadelstore.com\/fr\/wp-json\/wp\/v2\/nivel-de-juego?post=305532"},{"taxonomy":"superficie","embeddable":true,"href":"https:\/\/revolutionpadelstore.com\/fr\/wp-json\/wp\/v2\/superficie?post=305532"},{"taxonomy":"tipo-de-juego","embeddable":true,"href":"https:\/\/revolutionpadelstore.com\/fr\/wp-json\/wp\/v2\/tipo-de-juego?post=305532"},{"taxonomy":"product_brand","embeddable":true,"href":"https:\/\/revolutionpadelstore.com\/fr\/wp-json\/wp\/v2\/product_brand?post=305532"},{"taxonomy":"product_cat","embeddable":true,"href":"https:\/\/revolutionpadelstore.com\/fr\/wp-json\/wp\/v2\/product_cat?post=305532"},{"taxonomy":"product_tag","embeddable":true,"href":"https:\/\/revolutionpadelstore.com\/fr\/wp-json\/wp\/v2\/product_tag?post=305532"}],"curies":[{"name":"wp","href":"https:\/\/api.w.org\/{rel}","templated":true}]}}