{"id":293993,"date":"2025-11-06T22:50:54","date_gmt":"2025-11-06T21:50:54","guid":{"rendered":"https:\/\/revolutionpadelstore.com\/?post_type=product&#038;p=293993"},"modified":"2026-04-19T02:01:43","modified_gmt":"2026-04-19T00:01:43","slug":"nox-at10-luxury-genius-18k-alum-buenos-aires-exclusive-edition-3","status":"publish","type":"product","link":"https:\/\/revolutionpadelstore.com\/fr\/produit\/nox-at10-luxury-genius-18k-alum-buenos-aires-exclusive-edition-3\/","title":{"rendered":"NOX AT10 LUXURY GENIUS 18K ALUM BUENOS AIRES EXCLUSIVE EDITION"},"content":{"rendered":"<h2>NOX AT10 Luxury Genius 18K Alum Buenos Aires Edition \u2013 \u00c9dition limit\u00e9e par Agust\u00edn Tapia<\/h2>\n<p>La <strong>NOX AT10 Luxury Genius 18K Alum Buenos Aires Limited Edition<\/strong> n&#8217;est pas seulement une raquette de padel, c&#8217;est une <strong>pi\u00e8ce de collection unique<\/strong> qui rend hommage aux racines d&#8217;Agust\u00edn Tapia. Inspir\u00e9e des couleurs du drapeau argentin et cr\u00e9\u00e9e sp\u00e9cialement pour le <strong>Premier Padel Buenos Aires P1<\/strong>, cette raquette repr\u00e9sente l&#8217;\u00e2me du padel argentin port\u00e9e sur le terrain par l&#8217;un des meilleurs au monde.<\/p>\n<h2>\ud83c\udde6\ud83c\uddf7 Un design avec une \u00e2me et du caract\u00e8re<\/h2>\n<p>Cette \u00e9dition limit\u00e9e fusionne l&#8217;\u00e9motionnel avec la technologie <strong>NOX<\/strong> la plus avanc\u00e9e, alliant esth\u00e9tique exclusive et performances professionnelles. Chaque d\u00e9tail refl\u00e8te la fiert\u00e9 de Tapia pour son pays, et vous pouvez avoir entre vos mains la m\u00eame raquette avec laquelle il participe aux tournois les plus exigeants du monde.<\/p>\n<h2>Technologie haute performance<\/h2>\n<p><strong>-Carbone aluminis\u00e9 18K<\/strong> : procure un toucher ferme, uniforme et r\u00e9sistant aux variations de temp\u00e9rature.<\/p>\n<p><strong>-Noyau EVA noir multicouche<\/strong> : offre un \u00e9quilibre id\u00e9al entre puissance et contr\u00f4le, avec un rendement de balle optimal en d\u00e9fense et en attaque.<\/p>\n<p><strong>-Smartstrap\u00ae System<\/strong> : cordon de s\u00e9curit\u00e9 rempla\u00e7able qui am\u00e9liore l&#8217;hygi\u00e8ne et la personnalisation.<\/p>\n<p><strong>-Surface rugueuse Spin exclusive<\/strong> : id\u00e9ale pour g\u00e9n\u00e9rer des coups avec plus d&#8217;effet et de pr\u00e9cision.<\/p>\n<p><strong>-NOX Custom Grip\u00ae<\/strong> : am\u00e9liore l&#8217;adh\u00e9rence, r\u00e9duit les vibrations et augmente le confort \u00e0 chaque point.<\/p>\n<h2>Exclusivit\u00e9 et pr\u00e9cision \u00e0 port\u00e9e de main<\/h2>\n<p>Seuls quelques-uns pourront profiter de cette \u00e9dition limit\u00e9e, une raquette con\u00e7ue pour les <strong>joueurs confirm\u00e9s ou professionnels<\/strong> qui recherchent qualit\u00e9, exclusivit\u00e9 et performance. Si vous \u00eates amateur de paddle-tennis et fan de Tapia, c&#8217;est votre opportunit\u00e9 de mettre la main sur une raquette charg\u00e9e d&#8217;histoire.<\/p>\n<h2>Pourquoi acheter cette pelle ?<\/h2>\n<p>-\u00c9dition limit\u00e9e officielle du Premier Padel Buenos Aires.<\/p>\n<p>-M\u00eames mat\u00e9riaux et sp\u00e9cifications qu&#8217;Agust\u00edn Tapia utilise en comp\u00e9tition.<\/p>\n<p>-Combine des technologies de pointe et un design exclusif NOX.<\/p>\n<p>-Id\u00e9al pour les joueurs exigeants recherchant pr\u00e9cision, puissance et contr\u00f4le.<\/p>\n<h2>Obtenez votre raquette de padel professionnelle NOX maintenant<\/h2>\n<p>Ne manquez pas l&#8217;opportunit\u00e9 d&#8217;avoir une <strong>raquette embl\u00e9matique, puissante et de collection<\/strong>. Il vit le padel avec la m\u00eame intensit\u00e9 qu\u2019Agust\u00edn Tapia.<\/p>\n<p><strong>Disponible d\u00e8s maintenant dans notre boutique en ligne <a href=\"http:\/\/www.revolutionpadelstore.com\/\">www.revolutionpadelstore.com<\/a>, probablement au meilleur prix du march\u00e9.<\/strong><\/p>\n","protected":false},"excerpt":{"rendered":"<p>La NOX AT10 Luxury Genius 18K Alum Buenos Aires Limited Edition n&#8217;est pas seulement une raquette, c&#8217;est un chef-d&#8217;\u0153uvre du padel. Cr\u00e9\u00e9e pour les vrais passionn\u00e9s, cette \u00e9dition limit\u00e9e rend hommage aux racines et \u00e0 l&#8217;esprit de comp\u00e9tition d&#8217;Agust\u00edn Tapia, fusionnant performances d&#8217;\u00e9lite et exclusivit\u00e9 absolue.<\/p>\n","protected":false},"featured_media":293999,"comment_status":"open","ping_status":"closed","template":"","meta":{"_acf_changed":false,"_joinchat":[]},"acabado":[1097],"balance":[1142],"dureza":[1157],"forma":[1187],"jugador":[],"marca":[1262],"nivel-de-juego":[1337],"superficie":[1362],"tipo-de-juego":[1387],"product_brand":[],"product_cat":[302],"product_tag":[],"class_list":{"0":"post-293993","1":"product","2":"type-product","3":"status-publish","4":"has-post-thumbnail","6":"acabado-sable","7":"balance-moyen","8":"dureza-media-fr","9":"forma-lagrima-fr","10":"marca-nox-fr","11":"superficie-rugosa-fr","12":"tipo-de-juego-polivalente-fr","13":"product_cat-palas-de-padel-fr","15":"first","16":"instock","17":"sale","18":"taxable","19":"shipping-taxable","20":"purchasable","21":"product-type-simple"},"acf":[],"yoast_head":"<!-- This site is optimized with the Yoast SEO plugin v27.4 - https:\/\/yoast.com\/product\/yoast-seo-wordpress\/ -->\n<title>NOX AT10 LUXURY GENIUS 18K ALUM BUENOS AIRES EXCLUSIVE EDITION - Revolution Padel Store<\/title>\n<meta name=\"description\" content=\"Descubre la NOX AT10 Luxury Genius 18K Alum Buenos Aires Edition, la pala oficial de Agust\u00edn Tapia en edici\u00f3n limitada. M\u00e1ximo control, potencia y dise\u00f1o exclusivo. \u00a1Compra online al mejor precio en Revolution Padel Store!\" \/>\n<meta name=\"robots\" content=\"index, follow, max-snippet:-1, max-image-preview:large, max-video-preview:-1\" \/>\n<link rel=\"canonical\" href=\"https:\/\/revolutionpadelstore.com\/fr\/produit\/nox-at10-luxury-genius-18k-alum-buenos-aires-exclusive-edition-3\/\" \/>\n<meta property=\"og:locale\" content=\"fr_FR\" \/>\n<meta property=\"og:type\" content=\"article\" \/>\n<meta property=\"og:title\" content=\"NOX AT10 LUXURY GENIUS 18K ALUM BUENOS AIRES EXCLUSIVE EDITION - Revolution Padel Store\" \/>\n<meta property=\"og:description\" content=\"Descubre la NOX AT10 Luxury Genius 18K Alum Buenos Aires Edition, la pala oficial de Agust\u00edn Tapia en edici\u00f3n limitada. M\u00e1ximo control, potencia y dise\u00f1o exclusivo. \u00a1Compra online al mejor precio en Revolution Padel Store!\" \/>\n<meta property=\"og:url\" content=\"https:\/\/revolutionpadelstore.com\/fr\/produit\/nox-at10-luxury-genius-18k-alum-buenos-aires-exclusive-edition-3\/\" \/>\n<meta property=\"og:site_name\" content=\"Revolution Padel Store\" \/>\n<meta property=\"article:modified_time\" content=\"2026-04-19T00:01:43+00:00\" \/>\n<meta property=\"og:image\" content=\"https:\/\/revolutionpadelstore.com\/wp-content\/uploads\/2025\/11\/13.png\" \/>\n\t<meta property=\"og:image:width\" content=\"1500\" \/>\n\t<meta property=\"og:image:height\" content=\"1500\" \/>\n\t<meta property=\"og:image:type\" content=\"image\/png\" \/>\n<meta name=\"twitter:card\" content=\"summary_large_image\" \/>\n<meta name=\"twitter:label1\" content=\"Dur\u00e9e de lecture estim\u00e9e\" \/>\n\t<meta name=\"twitter:data1\" content=\"2 minutes\" \/>\n<script type=\"application\/ld+json\" class=\"yoast-schema-graph\">{\"@context\":\"https:\\\/\\\/schema.org\",\"@graph\":[{\"@type\":\"WebPage\",\"@id\":\"https:\\\/\\\/revolutionpadelstore.com\\\/fr\\\/produit\\\/nox-at10-luxury-genius-18k-alum-buenos-aires-exclusive-edition-3\\\/\",\"url\":\"https:\\\/\\\/revolutionpadelstore.com\\\/fr\\\/produit\\\/nox-at10-luxury-genius-18k-alum-buenos-aires-exclusive-edition-3\\\/\",\"name\":\"NOX AT10 LUXURY GENIUS 18K ALUM BUENOS AIRES EXCLUSIVE EDITION - Revolution Padel Store\",\"isPartOf\":{\"@id\":\"https:\\\/\\\/revolutionpadelstore.com\\\/fr\\\/#website\"},\"primaryImageOfPage\":{\"@id\":\"https:\\\/\\\/revolutionpadelstore.com\\\/fr\\\/produit\\\/nox-at10-luxury-genius-18k-alum-buenos-aires-exclusive-edition-3\\\/#primaryimage\"},\"image\":{\"@id\":\"https:\\\/\\\/revolutionpadelstore.com\\\/fr\\\/produit\\\/nox-at10-luxury-genius-18k-alum-buenos-aires-exclusive-edition-3\\\/#primaryimage\"},\"thumbnailUrl\":\"https:\\\/\\\/revolutionpadelstore.com\\\/wp-content\\\/uploads\\\/2025\\\/11\\\/13.png\",\"datePublished\":\"2025-11-06T21:50:54+00:00\",\"dateModified\":\"2026-04-19T00:01:43+00:00\",\"description\":\"Descubre la NOX AT10 Luxury Genius 18K Alum Buenos Aires Edition, la pala oficial de Agust\u00edn Tapia en edici\u00f3n limitada. M\u00e1ximo control, potencia y dise\u00f1o exclusivo. \u00a1Compra online al mejor precio en Revolution Padel Store!\",\"breadcrumb\":{\"@id\":\"https:\\\/\\\/revolutionpadelstore.com\\\/fr\\\/produit\\\/nox-at10-luxury-genius-18k-alum-buenos-aires-exclusive-edition-3\\\/#breadcrumb\"},\"inLanguage\":\"fr-FR\",\"potentialAction\":[{\"@type\":\"ReadAction\",\"target\":[\"https:\\\/\\\/revolutionpadelstore.com\\\/fr\\\/produit\\\/nox-at10-luxury-genius-18k-alum-buenos-aires-exclusive-edition-3\\\/\"]}]},{\"@type\":\"ImageObject\",\"inLanguage\":\"fr-FR\",\"@id\":\"https:\\\/\\\/revolutionpadelstore.com\\\/fr\\\/produit\\\/nox-at10-luxury-genius-18k-alum-buenos-aires-exclusive-edition-3\\\/#primaryimage\",\"url\":\"https:\\\/\\\/revolutionpadelstore.com\\\/wp-content\\\/uploads\\\/2025\\\/11\\\/13.png\",\"contentUrl\":\"https:\\\/\\\/revolutionpadelstore.com\\\/wp-content\\\/uploads\\\/2025\\\/11\\\/13.png\",\"width\":1500,\"height\":1500},{\"@type\":\"BreadcrumbList\",\"@id\":\"https:\\\/\\\/revolutionpadelstore.com\\\/fr\\\/produit\\\/nox-at10-luxury-genius-18k-alum-buenos-aires-exclusive-edition-3\\\/#breadcrumb\",\"itemListElement\":[{\"@type\":\"ListItem\",\"position\":1,\"name\":\"Portada\",\"item\":\"https:\\\/\\\/revolutionpadelstore.com\\\/fr\\\/\"},{\"@type\":\"ListItem\",\"position\":2,\"name\":\"Boutique\",\"item\":\"https:\\\/\\\/revolutionpadelstore.com\\\/fr\\\/tienda\\\/\"},{\"@type\":\"ListItem\",\"position\":3,\"name\":\"NOX AT10 LUXURY GENIUS 18K ALUM BUENOS AIRES EXCLUSIVE EDITION\"}]},{\"@type\":\"WebSite\",\"@id\":\"https:\\\/\\\/revolutionpadelstore.com\\\/fr\\\/#website\",\"url\":\"https:\\\/\\\/revolutionpadelstore.com\\\/fr\\\/\",\"name\":\"Revolution Padel Store\",\"description\":\"\",\"publisher\":{\"@id\":\"https:\\\/\\\/revolutionpadelstore.com\\\/fr\\\/#organization\"},\"potentialAction\":[{\"@type\":\"SearchAction\",\"target\":{\"@type\":\"EntryPoint\",\"urlTemplate\":\"https:\\\/\\\/revolutionpadelstore.com\\\/fr\\\/?s={search_term_string}\"},\"query-input\":{\"@type\":\"PropertyValueSpecification\",\"valueRequired\":true,\"valueName\":\"search_term_string\"}}],\"inLanguage\":\"fr-FR\"},{\"@type\":\"Organization\",\"@id\":\"https:\\\/\\\/revolutionpadelstore.com\\\/fr\\\/#organization\",\"name\":\"Revolution Padel Store\",\"url\":\"https:\\\/\\\/revolutionpadelstore.com\\\/fr\\\/\",\"logo\":{\"@type\":\"ImageObject\",\"inLanguage\":\"fr-FR\",\"@id\":\"https:\\\/\\\/revolutionpadelstore.com\\\/fr\\\/#\\\/schema\\\/logo\\\/image\\\/\",\"url\":\"https:\\\/\\\/revolutionpadelstore.com\\\/wp-content\\\/uploads\\\/2026\\\/02\\\/revolution-padel-store.jpg\",\"contentUrl\":\"https:\\\/\\\/revolutionpadelstore.com\\\/wp-content\\\/uploads\\\/2026\\\/02\\\/revolution-padel-store.jpg\",\"width\":2000,\"height\":2000,\"caption\":\"Revolution Padel Store\"},\"image\":{\"@id\":\"https:\\\/\\\/revolutionpadelstore.com\\\/fr\\\/#\\\/schema\\\/logo\\\/image\\\/\"},\"sameAs\":[\"https:\\\/\\\/www.instagram.com\\\/revolutionpadelstore\\\/\"]}]}<\/script>\n<!-- \/ Yoast SEO plugin. -->","yoast_head_json":{"title":"NOX AT10 LUXURY GENIUS 18K ALUM BUENOS AIRES EXCLUSIVE EDITION - Revolution Padel Store","description":"Descubre la NOX AT10 Luxury Genius 18K Alum Buenos Aires Edition, la pala oficial de Agust\u00edn Tapia en edici\u00f3n limitada. M\u00e1ximo control, potencia y dise\u00f1o exclusivo. \u00a1Compra online al mejor precio en Revolution Padel Store!","robots":{"index":"index","follow":"follow","max-snippet":"max-snippet:-1","max-image-preview":"max-image-preview:large","max-video-preview":"max-video-preview:-1"},"canonical":"https:\/\/revolutionpadelstore.com\/fr\/produit\/nox-at10-luxury-genius-18k-alum-buenos-aires-exclusive-edition-3\/","og_locale":"fr_FR","og_type":"article","og_title":"NOX AT10 LUXURY GENIUS 18K ALUM BUENOS AIRES EXCLUSIVE EDITION - Revolution Padel Store","og_description":"Descubre la NOX AT10 Luxury Genius 18K Alum Buenos Aires Edition, la pala oficial de Agust\u00edn Tapia en edici\u00f3n limitada. M\u00e1ximo control, potencia y dise\u00f1o exclusivo. \u00a1Compra online al mejor precio en Revolution Padel Store!","og_url":"https:\/\/revolutionpadelstore.com\/fr\/produit\/nox-at10-luxury-genius-18k-alum-buenos-aires-exclusive-edition-3\/","og_site_name":"Revolution Padel Store","article_modified_time":"2026-04-19T00:01:43+00:00","og_image":[{"width":1500,"height":1500,"url":"https:\/\/revolutionpadelstore.com\/wp-content\/uploads\/2025\/11\/13.png","type":"image\/png"}],"twitter_card":"summary_large_image","twitter_misc":{"Dur\u00e9e de lecture estim\u00e9e":"2 minutes"},"schema":{"@context":"https:\/\/schema.org","@graph":[{"@type":"WebPage","@id":"https:\/\/revolutionpadelstore.com\/fr\/produit\/nox-at10-luxury-genius-18k-alum-buenos-aires-exclusive-edition-3\/","url":"https:\/\/revolutionpadelstore.com\/fr\/produit\/nox-at10-luxury-genius-18k-alum-buenos-aires-exclusive-edition-3\/","name":"NOX AT10 LUXURY GENIUS 18K ALUM BUENOS AIRES EXCLUSIVE EDITION - Revolution Padel Store","isPartOf":{"@id":"https:\/\/revolutionpadelstore.com\/fr\/#website"},"primaryImageOfPage":{"@id":"https:\/\/revolutionpadelstore.com\/fr\/produit\/nox-at10-luxury-genius-18k-alum-buenos-aires-exclusive-edition-3\/#primaryimage"},"image":{"@id":"https:\/\/revolutionpadelstore.com\/fr\/produit\/nox-at10-luxury-genius-18k-alum-buenos-aires-exclusive-edition-3\/#primaryimage"},"thumbnailUrl":"https:\/\/revolutionpadelstore.com\/wp-content\/uploads\/2025\/11\/13.png","datePublished":"2025-11-06T21:50:54+00:00","dateModified":"2026-04-19T00:01:43+00:00","description":"Descubre la NOX AT10 Luxury Genius 18K Alum Buenos Aires Edition, la pala oficial de Agust\u00edn Tapia en edici\u00f3n limitada. M\u00e1ximo control, potencia y dise\u00f1o exclusivo. \u00a1Compra online al mejor precio en Revolution Padel Store!","breadcrumb":{"@id":"https:\/\/revolutionpadelstore.com\/fr\/produit\/nox-at10-luxury-genius-18k-alum-buenos-aires-exclusive-edition-3\/#breadcrumb"},"inLanguage":"fr-FR","potentialAction":[{"@type":"ReadAction","target":["https:\/\/revolutionpadelstore.com\/fr\/produit\/nox-at10-luxury-genius-18k-alum-buenos-aires-exclusive-edition-3\/"]}]},{"@type":"ImageObject","inLanguage":"fr-FR","@id":"https:\/\/revolutionpadelstore.com\/fr\/produit\/nox-at10-luxury-genius-18k-alum-buenos-aires-exclusive-edition-3\/#primaryimage","url":"https:\/\/revolutionpadelstore.com\/wp-content\/uploads\/2025\/11\/13.png","contentUrl":"https:\/\/revolutionpadelstore.com\/wp-content\/uploads\/2025\/11\/13.png","width":1500,"height":1500},{"@type":"BreadcrumbList","@id":"https:\/\/revolutionpadelstore.com\/fr\/produit\/nox-at10-luxury-genius-18k-alum-buenos-aires-exclusive-edition-3\/#breadcrumb","itemListElement":[{"@type":"ListItem","position":1,"name":"Portada","item":"https:\/\/revolutionpadelstore.com\/fr\/"},{"@type":"ListItem","position":2,"name":"Boutique","item":"https:\/\/revolutionpadelstore.com\/fr\/tienda\/"},{"@type":"ListItem","position":3,"name":"NOX AT10 LUXURY GENIUS 18K ALUM BUENOS AIRES EXCLUSIVE EDITION"}]},{"@type":"WebSite","@id":"https:\/\/revolutionpadelstore.com\/fr\/#website","url":"https:\/\/revolutionpadelstore.com\/fr\/","name":"Revolution Padel Store","description":"","publisher":{"@id":"https:\/\/revolutionpadelstore.com\/fr\/#organization"},"potentialAction":[{"@type":"SearchAction","target":{"@type":"EntryPoint","urlTemplate":"https:\/\/revolutionpadelstore.com\/fr\/?s={search_term_string}"},"query-input":{"@type":"PropertyValueSpecification","valueRequired":true,"valueName":"search_term_string"}}],"inLanguage":"fr-FR"},{"@type":"Organization","@id":"https:\/\/revolutionpadelstore.com\/fr\/#organization","name":"Revolution Padel Store","url":"https:\/\/revolutionpadelstore.com\/fr\/","logo":{"@type":"ImageObject","inLanguage":"fr-FR","@id":"https:\/\/revolutionpadelstore.com\/fr\/#\/schema\/logo\/image\/","url":"https:\/\/revolutionpadelstore.com\/wp-content\/uploads\/2026\/02\/revolution-padel-store.jpg","contentUrl":"https:\/\/revolutionpadelstore.com\/wp-content\/uploads\/2026\/02\/revolution-padel-store.jpg","width":2000,"height":2000,"caption":"Revolution Padel Store"},"image":{"@id":"https:\/\/revolutionpadelstore.com\/fr\/#\/schema\/logo\/image\/"},"sameAs":["https:\/\/www.instagram.com\/revolutionpadelstore\/"]}]}},"_links":{"self":[{"href":"https:\/\/revolutionpadelstore.com\/fr\/wp-json\/wp\/v2\/product\/293993","targetHints":{"allow":["GET"]}}],"collection":[{"href":"https:\/\/revolutionpadelstore.com\/fr\/wp-json\/wp\/v2\/product"}],"about":[{"href":"https:\/\/revolutionpadelstore.com\/fr\/wp-json\/wp\/v2\/types\/product"}],"replies":[{"embeddable":true,"href":"https:\/\/revolutionpadelstore.com\/fr\/wp-json\/wp\/v2\/comments?post=293993"}],"wp:featuredmedia":[{"embeddable":true,"href":"https:\/\/revolutionpadelstore.com\/fr\/wp-json\/wp\/v2\/media\/293999"}],"wp:attachment":[{"href":"https:\/\/revolutionpadelstore.com\/fr\/wp-json\/wp\/v2\/media?parent=293993"}],"wp:term":[{"taxonomy":"acabado","embeddable":true,"href":"https:\/\/revolutionpadelstore.com\/fr\/wp-json\/wp\/v2\/acabado?post=293993"},{"taxonomy":"balance","embeddable":true,"href":"https:\/\/revolutionpadelstore.com\/fr\/wp-json\/wp\/v2\/balance?post=293993"},{"taxonomy":"dureza","embeddable":true,"href":"https:\/\/revolutionpadelstore.com\/fr\/wp-json\/wp\/v2\/dureza?post=293993"},{"taxonomy":"forma","embeddable":true,"href":"https:\/\/revolutionpadelstore.com\/fr\/wp-json\/wp\/v2\/forma?post=293993"},{"taxonomy":"jugador","embeddable":true,"href":"https:\/\/revolutionpadelstore.com\/fr\/wp-json\/wp\/v2\/jugador?post=293993"},{"taxonomy":"marca","embeddable":true,"href":"https:\/\/revolutionpadelstore.com\/fr\/wp-json\/wp\/v2\/marca?post=293993"},{"taxonomy":"nivel-de-juego","embeddable":true,"href":"https:\/\/revolutionpadelstore.com\/fr\/wp-json\/wp\/v2\/nivel-de-juego?post=293993"},{"taxonomy":"superficie","embeddable":true,"href":"https:\/\/revolutionpadelstore.com\/fr\/wp-json\/wp\/v2\/superficie?post=293993"},{"taxonomy":"tipo-de-juego","embeddable":true,"href":"https:\/\/revolutionpadelstore.com\/fr\/wp-json\/wp\/v2\/tipo-de-juego?post=293993"},{"taxonomy":"product_brand","embeddable":true,"href":"https:\/\/revolutionpadelstore.com\/fr\/wp-json\/wp\/v2\/product_brand?post=293993"},{"taxonomy":"product_cat","embeddable":true,"href":"https:\/\/revolutionpadelstore.com\/fr\/wp-json\/wp\/v2\/product_cat?post=293993"},{"taxonomy":"product_tag","embeddable":true,"href":"https:\/\/revolutionpadelstore.com\/fr\/wp-json\/wp\/v2\/product_tag?post=293993"}],"curies":[{"name":"wp","href":"https:\/\/api.w.org\/{rel}","templated":true}]}}