{"id":293838,"date":"2025-11-06T00:51:01","date_gmt":"2025-11-05T23:51:01","guid":{"rendered":"https:\/\/revolutionpadelstore.com\/camiseta-nox-pro-blackberry-rose-degraded\/"},"modified":"2026-04-08T01:59:25","modified_gmt":"2026-04-07T23:59:25","slug":"camiseta-nox-pro-blackberry-rose-degraded-3","status":"publish","type":"product","link":"https:\/\/revolutionpadelstore.com\/fr\/produit\/camiseta-nox-pro-blackberry-rose-degraded-3\/","title":{"rendered":"CAMISETA NOX PRO BLACKBERRY ROSE DEGRADED"},"content":{"rendered":"<h2>T-SHIRT D\u00c9GRAD\u00c9 NOX PRO BLACKBERRY ROSE \u2013 Performance, fra\u00eecheur et style sur le terrain<\/h2>\n<p>Le <strong>t-shirt NOX PRO BLACKBERRY ROSE DEGRADED<\/strong> allie design moderne, technologie avanc\u00e9e et confort sup\u00e9rieur pour les joueurs les plus exigeants. Avec un joli <strong>d\u00e9grad\u00e9 de tons violets et roses<\/strong>, ce v\u00eatement se distingue non seulement par son esth\u00e9tique sophistiqu\u00e9e, mais aussi par sa capacit\u00e9 \u00e0 vous accompagner dans les moments les plus intenses du jeu.<\/p>\n<p>Il int\u00e8gre la technologie exclusive <strong>BALANCE FRESH\u00ae<\/strong> de NOX, qui am\u00e9liore la ventilation et acc\u00e9l\u00e8re l&#8217;\u00e9vaporation de la transpiration, garantissant fra\u00eecheur et l\u00e9g\u00e8ret\u00e9 tout au long du match.<\/p>\n<p>Sa coupe <strong>regular fit<\/strong> avec des manches courtes et son tissu technique permettent une mobilit\u00e9 naturelle, s&#8217;adaptant au corps sans restrictions et \u00e9vitant toute g\u00eane pendant le jeu.<\/p>\n<h2>Fonctionnalit\u00e9s mises en \u00e9vidence<\/h2>\n<p><strong>-Technologie Balance Fresh\u00ae<\/strong> : Am\u00e9liore la respirabilit\u00e9, r\u00e9gule la temp\u00e9rature corporelle et garde la peau s\u00e8che \u00e0 tout moment.<\/p>\n<p><strong>-Mati\u00e8re technique haute performance<\/strong> : Compos\u00e9 de 92% polyester et 8% \u00e9lasthanne, il apporte \u00e9lasticit\u00e9, r\u00e9sistance et confort \u00e0 chaque mouvement.<\/p>\n<p><strong>-Coupe ergonomique Regular fit<\/strong> : Coupe confortable et naturelle qui accompagne vos mouvements sans frottement, gr\u00e2ce \u00e0 ses coutures plates.<\/p>\n<p><strong>Entretien facile<\/strong> : r\u00e9sistant \u00e0 une utilisation continue et aux lavages fr\u00e9quents, conservant sa forme et sa couleur comme au premier jour.<\/p>\n<h2>Avantages cl\u00e9s du T-shirt NOX PRO BLACKBERRY ROSE DEGRADED<\/h2>\n<p><strong>-Confort maximal<\/strong> : Con\u00e7u pour les entra\u00eenements longs et les matchs de haute intensit\u00e9.<\/p>\n<p><strong>-Design \u00e9l\u00e9gant et sportif<\/strong> : Le d\u00e9grad\u00e9 rose et violet donne une image professionnelle et f\u00e9minine sur le court.<\/p>\n<p><strong>-Performance sans limites<\/strong> : Parfait pour les joueurs \u00e0 la recherche de performances techniques sans renoncer au style.<\/p>\n<h2>Disponible au Revolution Padel Store<\/h2>\n<p>Procurez-vous le t-shirt NOX PRO BLACKBERRY ROSE DEGRADED chez <strong><a href=\"http:\/\/www.revolutionpadelstore.com\/\">www.revolutionpadelstore.com<\/a><\/strong>, votre magasin sp\u00e9cialis\u00e9 dans les <strong>v\u00eatements de paddle<\/strong> et les produits officiels des <strong>meilleures marques du march\u00e9<\/strong>, comme NOX.<\/p>\n<p>Achetez maintenant et profitez de ce v\u00eatement exclusif au meilleur prix du march\u00e9 !<\/p>\n<h2>CAMISETA NOX PRO BLACKBERRY ROSE DEGRADED \u2013 Rendimiento, frescura y estilo en la pista<\/h2>\n","protected":false},"excerpt":{"rendered":"<p>T-SHIRT D\u00c9GRAD\u00c9 NOX PRO BLACKBERRY ROSE \u2013 Performance, fra\u00eecheur et style sur le terrain Le t-shirt NOX PRO BLACKBERRY ROSE DEGRADED allie design moderne, technologie avanc\u00e9e et confort sup\u00e9rieur pour les joueurs les plus exigeants. Avec un joli d\u00e9grad\u00e9 de tons violets et roses, ce v\u00eatement se distingue non seulement par son esth\u00e9tique sophistiqu\u00e9e, mais [&hellip;]<\/p>\n","protected":false},"featured_media":293816,"comment_status":"open","ping_status":"closed","template":"","meta":{"_acf_changed":false,"_joinchat":[]},"acabado":[],"balance":[],"dureza":[],"forma":[],"jugador":[],"marca":[1262],"nivel-de-juego":[],"superficie":[],"tipo-de-juego":[],"product_brand":[],"product_cat":[344],"product_tag":[],"class_list":{"0":"post-293838","1":"product","2":"type-product","3":"status-publish","4":"has-post-thumbnail","6":"marca-nox-fr","7":"product_cat-ropa-fr","9":"first","10":"instock","11":"sale","12":"taxable","13":"shipping-taxable","14":"purchasable","15":"product-type-variable"},"acf":[],"yoast_head":"<!-- This site is optimized with the Yoast SEO plugin v27.4 - https:\/\/yoast.com\/product\/yoast-seo-wordpress\/ -->\n<title>CAMISETA NOX PRO BLACKBERRY ROSE DEGRADED - Revolution Padel Store<\/title>\n<meta name=\"description\" content=\"Descubre la camiseta NOX PRO BLACKBERRY ROSE DEGRADED en Revolution Padel Store. Estilo, tecnolog\u00eda Balance Fresh\u00ae y libertad de movimiento para jugadoras que buscan rendimiento y elegancia. \u00a1Probablemente al mejor precio del mercado!\" \/>\n<meta name=\"robots\" content=\"index, follow, max-snippet:-1, max-image-preview:large, max-video-preview:-1\" \/>\n<link rel=\"canonical\" href=\"https:\/\/revolutionpadelstore.com\/fr\/produit\/camiseta-nox-pro-blackberry-rose-degraded-3\/\" \/>\n<meta property=\"og:locale\" content=\"fr_FR\" \/>\n<meta property=\"og:type\" content=\"article\" \/>\n<meta property=\"og:title\" content=\"CAMISETA NOX PRO BLACKBERRY ROSE DEGRADED - Revolution Padel Store\" \/>\n<meta property=\"og:description\" content=\"Descubre la camiseta NOX PRO BLACKBERRY ROSE DEGRADED en Revolution Padel Store. Estilo, tecnolog\u00eda Balance Fresh\u00ae y libertad de movimiento para jugadoras que buscan rendimiento y elegancia. \u00a1Probablemente al mejor precio del mercado!\" \/>\n<meta property=\"og:url\" content=\"https:\/\/revolutionpadelstore.com\/fr\/produit\/camiseta-nox-pro-blackberry-rose-degraded-3\/\" \/>\n<meta property=\"og:site_name\" content=\"Revolution Padel Store\" \/>\n<meta property=\"article:modified_time\" content=\"2026-04-07T23:59:25+00:00\" \/>\n<meta property=\"og:image\" content=\"https:\/\/revolutionpadelstore.com\/wp-content\/uploads\/2025\/11\/2.png\" \/>\n\t<meta property=\"og:image:width\" content=\"1500\" \/>\n\t<meta property=\"og:image:height\" content=\"1500\" \/>\n\t<meta property=\"og:image:type\" content=\"image\/png\" \/>\n<meta name=\"twitter:card\" content=\"summary_large_image\" \/>\n<meta name=\"twitter:label1\" content=\"Dur\u00e9e de lecture estim\u00e9e\" \/>\n\t<meta name=\"twitter:data1\" content=\"2 minutes\" \/>\n<script type=\"application\/ld+json\" class=\"yoast-schema-graph\">{\"@context\":\"https:\\\/\\\/schema.org\",\"@graph\":[{\"@type\":\"WebPage\",\"@id\":\"https:\\\/\\\/revolutionpadelstore.com\\\/fr\\\/produit\\\/camiseta-nox-pro-blackberry-rose-degraded-3\\\/\",\"url\":\"https:\\\/\\\/revolutionpadelstore.com\\\/fr\\\/produit\\\/camiseta-nox-pro-blackberry-rose-degraded-3\\\/\",\"name\":\"CAMISETA NOX PRO BLACKBERRY ROSE DEGRADED - Revolution Padel Store\",\"isPartOf\":{\"@id\":\"https:\\\/\\\/revolutionpadelstore.com\\\/fr\\\/#website\"},\"primaryImageOfPage\":{\"@id\":\"https:\\\/\\\/revolutionpadelstore.com\\\/fr\\\/produit\\\/camiseta-nox-pro-blackberry-rose-degraded-3\\\/#primaryimage\"},\"image\":{\"@id\":\"https:\\\/\\\/revolutionpadelstore.com\\\/fr\\\/produit\\\/camiseta-nox-pro-blackberry-rose-degraded-3\\\/#primaryimage\"},\"thumbnailUrl\":\"https:\\\/\\\/revolutionpadelstore.com\\\/wp-content\\\/uploads\\\/2025\\\/11\\\/2.png\",\"datePublished\":\"2025-11-05T23:51:01+00:00\",\"dateModified\":\"2026-04-07T23:59:25+00:00\",\"description\":\"Descubre la camiseta NOX PRO BLACKBERRY ROSE DEGRADED en Revolution Padel Store. Estilo, tecnolog\u00eda Balance Fresh\u00ae y libertad de movimiento para jugadoras que buscan rendimiento y elegancia. \u00a1Probablemente al mejor precio del mercado!\",\"breadcrumb\":{\"@id\":\"https:\\\/\\\/revolutionpadelstore.com\\\/fr\\\/produit\\\/camiseta-nox-pro-blackberry-rose-degraded-3\\\/#breadcrumb\"},\"inLanguage\":\"fr-FR\",\"potentialAction\":[{\"@type\":\"ReadAction\",\"target\":[\"https:\\\/\\\/revolutionpadelstore.com\\\/fr\\\/produit\\\/camiseta-nox-pro-blackberry-rose-degraded-3\\\/\"]}]},{\"@type\":\"ImageObject\",\"inLanguage\":\"fr-FR\",\"@id\":\"https:\\\/\\\/revolutionpadelstore.com\\\/fr\\\/produit\\\/camiseta-nox-pro-blackberry-rose-degraded-3\\\/#primaryimage\",\"url\":\"https:\\\/\\\/revolutionpadelstore.com\\\/wp-content\\\/uploads\\\/2025\\\/11\\\/2.png\",\"contentUrl\":\"https:\\\/\\\/revolutionpadelstore.com\\\/wp-content\\\/uploads\\\/2025\\\/11\\\/2.png\",\"width\":1500,\"height\":1500},{\"@type\":\"BreadcrumbList\",\"@id\":\"https:\\\/\\\/revolutionpadelstore.com\\\/fr\\\/produit\\\/camiseta-nox-pro-blackberry-rose-degraded-3\\\/#breadcrumb\",\"itemListElement\":[{\"@type\":\"ListItem\",\"position\":1,\"name\":\"Portada\",\"item\":\"https:\\\/\\\/revolutionpadelstore.com\\\/fr\\\/\"},{\"@type\":\"ListItem\",\"position\":2,\"name\":\"Boutique\",\"item\":\"https:\\\/\\\/revolutionpadelstore.com\\\/fr\\\/tienda\\\/\"},{\"@type\":\"ListItem\",\"position\":3,\"name\":\"CAMISETA NOX PRO BLACKBERRY ROSE DEGRADED\"}]},{\"@type\":\"WebSite\",\"@id\":\"https:\\\/\\\/revolutionpadelstore.com\\\/fr\\\/#website\",\"url\":\"https:\\\/\\\/revolutionpadelstore.com\\\/fr\\\/\",\"name\":\"Revolution Padel Store\",\"description\":\"\",\"publisher\":{\"@id\":\"https:\\\/\\\/revolutionpadelstore.com\\\/fr\\\/#organization\"},\"potentialAction\":[{\"@type\":\"SearchAction\",\"target\":{\"@type\":\"EntryPoint\",\"urlTemplate\":\"https:\\\/\\\/revolutionpadelstore.com\\\/fr\\\/?s={search_term_string}\"},\"query-input\":{\"@type\":\"PropertyValueSpecification\",\"valueRequired\":true,\"valueName\":\"search_term_string\"}}],\"inLanguage\":\"fr-FR\"},{\"@type\":\"Organization\",\"@id\":\"https:\\\/\\\/revolutionpadelstore.com\\\/fr\\\/#organization\",\"name\":\"Revolution Padel Store\",\"url\":\"https:\\\/\\\/revolutionpadelstore.com\\\/fr\\\/\",\"logo\":{\"@type\":\"ImageObject\",\"inLanguage\":\"fr-FR\",\"@id\":\"https:\\\/\\\/revolutionpadelstore.com\\\/fr\\\/#\\\/schema\\\/logo\\\/image\\\/\",\"url\":\"https:\\\/\\\/revolutionpadelstore.com\\\/wp-content\\\/uploads\\\/2026\\\/02\\\/revolution-padel-store.jpg\",\"contentUrl\":\"https:\\\/\\\/revolutionpadelstore.com\\\/wp-content\\\/uploads\\\/2026\\\/02\\\/revolution-padel-store.jpg\",\"width\":2000,\"height\":2000,\"caption\":\"Revolution Padel Store\"},\"image\":{\"@id\":\"https:\\\/\\\/revolutionpadelstore.com\\\/fr\\\/#\\\/schema\\\/logo\\\/image\\\/\"},\"sameAs\":[\"https:\\\/\\\/www.instagram.com\\\/revolutionpadelstore\\\/\"]}]}<\/script>\n<!-- \/ Yoast SEO plugin. -->","yoast_head_json":{"title":"CAMISETA NOX PRO BLACKBERRY ROSE DEGRADED - Revolution Padel Store","description":"Descubre la camiseta NOX PRO BLACKBERRY ROSE DEGRADED en Revolution Padel Store. Estilo, tecnolog\u00eda Balance Fresh\u00ae y libertad de movimiento para jugadoras que buscan rendimiento y elegancia. \u00a1Probablemente al mejor precio del mercado!","robots":{"index":"index","follow":"follow","max-snippet":"max-snippet:-1","max-image-preview":"max-image-preview:large","max-video-preview":"max-video-preview:-1"},"canonical":"https:\/\/revolutionpadelstore.com\/fr\/produit\/camiseta-nox-pro-blackberry-rose-degraded-3\/","og_locale":"fr_FR","og_type":"article","og_title":"CAMISETA NOX PRO BLACKBERRY ROSE DEGRADED - Revolution Padel Store","og_description":"Descubre la camiseta NOX PRO BLACKBERRY ROSE DEGRADED en Revolution Padel Store. Estilo, tecnolog\u00eda Balance Fresh\u00ae y libertad de movimiento para jugadoras que buscan rendimiento y elegancia. \u00a1Probablemente al mejor precio del mercado!","og_url":"https:\/\/revolutionpadelstore.com\/fr\/produit\/camiseta-nox-pro-blackberry-rose-degraded-3\/","og_site_name":"Revolution Padel Store","article_modified_time":"2026-04-07T23:59:25+00:00","og_image":[{"width":1500,"height":1500,"url":"https:\/\/revolutionpadelstore.com\/wp-content\/uploads\/2025\/11\/2.png","type":"image\/png"}],"twitter_card":"summary_large_image","twitter_misc":{"Dur\u00e9e de lecture estim\u00e9e":"2 minutes"},"schema":{"@context":"https:\/\/schema.org","@graph":[{"@type":"WebPage","@id":"https:\/\/revolutionpadelstore.com\/fr\/produit\/camiseta-nox-pro-blackberry-rose-degraded-3\/","url":"https:\/\/revolutionpadelstore.com\/fr\/produit\/camiseta-nox-pro-blackberry-rose-degraded-3\/","name":"CAMISETA NOX PRO BLACKBERRY ROSE DEGRADED - Revolution Padel Store","isPartOf":{"@id":"https:\/\/revolutionpadelstore.com\/fr\/#website"},"primaryImageOfPage":{"@id":"https:\/\/revolutionpadelstore.com\/fr\/produit\/camiseta-nox-pro-blackberry-rose-degraded-3\/#primaryimage"},"image":{"@id":"https:\/\/revolutionpadelstore.com\/fr\/produit\/camiseta-nox-pro-blackberry-rose-degraded-3\/#primaryimage"},"thumbnailUrl":"https:\/\/revolutionpadelstore.com\/wp-content\/uploads\/2025\/11\/2.png","datePublished":"2025-11-05T23:51:01+00:00","dateModified":"2026-04-07T23:59:25+00:00","description":"Descubre la camiseta NOX PRO BLACKBERRY ROSE DEGRADED en Revolution Padel Store. Estilo, tecnolog\u00eda Balance Fresh\u00ae y libertad de movimiento para jugadoras que buscan rendimiento y elegancia. \u00a1Probablemente al mejor precio del mercado!","breadcrumb":{"@id":"https:\/\/revolutionpadelstore.com\/fr\/produit\/camiseta-nox-pro-blackberry-rose-degraded-3\/#breadcrumb"},"inLanguage":"fr-FR","potentialAction":[{"@type":"ReadAction","target":["https:\/\/revolutionpadelstore.com\/fr\/produit\/camiseta-nox-pro-blackberry-rose-degraded-3\/"]}]},{"@type":"ImageObject","inLanguage":"fr-FR","@id":"https:\/\/revolutionpadelstore.com\/fr\/produit\/camiseta-nox-pro-blackberry-rose-degraded-3\/#primaryimage","url":"https:\/\/revolutionpadelstore.com\/wp-content\/uploads\/2025\/11\/2.png","contentUrl":"https:\/\/revolutionpadelstore.com\/wp-content\/uploads\/2025\/11\/2.png","width":1500,"height":1500},{"@type":"BreadcrumbList","@id":"https:\/\/revolutionpadelstore.com\/fr\/produit\/camiseta-nox-pro-blackberry-rose-degraded-3\/#breadcrumb","itemListElement":[{"@type":"ListItem","position":1,"name":"Portada","item":"https:\/\/revolutionpadelstore.com\/fr\/"},{"@type":"ListItem","position":2,"name":"Boutique","item":"https:\/\/revolutionpadelstore.com\/fr\/tienda\/"},{"@type":"ListItem","position":3,"name":"CAMISETA NOX PRO BLACKBERRY ROSE DEGRADED"}]},{"@type":"WebSite","@id":"https:\/\/revolutionpadelstore.com\/fr\/#website","url":"https:\/\/revolutionpadelstore.com\/fr\/","name":"Revolution Padel Store","description":"","publisher":{"@id":"https:\/\/revolutionpadelstore.com\/fr\/#organization"},"potentialAction":[{"@type":"SearchAction","target":{"@type":"EntryPoint","urlTemplate":"https:\/\/revolutionpadelstore.com\/fr\/?s={search_term_string}"},"query-input":{"@type":"PropertyValueSpecification","valueRequired":true,"valueName":"search_term_string"}}],"inLanguage":"fr-FR"},{"@type":"Organization","@id":"https:\/\/revolutionpadelstore.com\/fr\/#organization","name":"Revolution Padel Store","url":"https:\/\/revolutionpadelstore.com\/fr\/","logo":{"@type":"ImageObject","inLanguage":"fr-FR","@id":"https:\/\/revolutionpadelstore.com\/fr\/#\/schema\/logo\/image\/","url":"https:\/\/revolutionpadelstore.com\/wp-content\/uploads\/2026\/02\/revolution-padel-store.jpg","contentUrl":"https:\/\/revolutionpadelstore.com\/wp-content\/uploads\/2026\/02\/revolution-padel-store.jpg","width":2000,"height":2000,"caption":"Revolution Padel Store"},"image":{"@id":"https:\/\/revolutionpadelstore.com\/fr\/#\/schema\/logo\/image\/"},"sameAs":["https:\/\/www.instagram.com\/revolutionpadelstore\/"]}]}},"_links":{"self":[{"href":"https:\/\/revolutionpadelstore.com\/fr\/wp-json\/wp\/v2\/product\/293838","targetHints":{"allow":["GET"]}}],"collection":[{"href":"https:\/\/revolutionpadelstore.com\/fr\/wp-json\/wp\/v2\/product"}],"about":[{"href":"https:\/\/revolutionpadelstore.com\/fr\/wp-json\/wp\/v2\/types\/product"}],"replies":[{"embeddable":true,"href":"https:\/\/revolutionpadelstore.com\/fr\/wp-json\/wp\/v2\/comments?post=293838"}],"wp:featuredmedia":[{"embeddable":true,"href":"https:\/\/revolutionpadelstore.com\/fr\/wp-json\/wp\/v2\/media\/293816"}],"wp:attachment":[{"href":"https:\/\/revolutionpadelstore.com\/fr\/wp-json\/wp\/v2\/media?parent=293838"}],"wp:term":[{"taxonomy":"acabado","embeddable":true,"href":"https:\/\/revolutionpadelstore.com\/fr\/wp-json\/wp\/v2\/acabado?post=293838"},{"taxonomy":"balance","embeddable":true,"href":"https:\/\/revolutionpadelstore.com\/fr\/wp-json\/wp\/v2\/balance?post=293838"},{"taxonomy":"dureza","embeddable":true,"href":"https:\/\/revolutionpadelstore.com\/fr\/wp-json\/wp\/v2\/dureza?post=293838"},{"taxonomy":"forma","embeddable":true,"href":"https:\/\/revolutionpadelstore.com\/fr\/wp-json\/wp\/v2\/forma?post=293838"},{"taxonomy":"jugador","embeddable":true,"href":"https:\/\/revolutionpadelstore.com\/fr\/wp-json\/wp\/v2\/jugador?post=293838"},{"taxonomy":"marca","embeddable":true,"href":"https:\/\/revolutionpadelstore.com\/fr\/wp-json\/wp\/v2\/marca?post=293838"},{"taxonomy":"nivel-de-juego","embeddable":true,"href":"https:\/\/revolutionpadelstore.com\/fr\/wp-json\/wp\/v2\/nivel-de-juego?post=293838"},{"taxonomy":"superficie","embeddable":true,"href":"https:\/\/revolutionpadelstore.com\/fr\/wp-json\/wp\/v2\/superficie?post=293838"},{"taxonomy":"tipo-de-juego","embeddable":true,"href":"https:\/\/revolutionpadelstore.com\/fr\/wp-json\/wp\/v2\/tipo-de-juego?post=293838"},{"taxonomy":"product_brand","embeddable":true,"href":"https:\/\/revolutionpadelstore.com\/fr\/wp-json\/wp\/v2\/product_brand?post=293838"},{"taxonomy":"product_cat","embeddable":true,"href":"https:\/\/revolutionpadelstore.com\/fr\/wp-json\/wp\/v2\/product_cat?post=293838"},{"taxonomy":"product_tag","embeddable":true,"href":"https:\/\/revolutionpadelstore.com\/fr\/wp-json\/wp\/v2\/product_tag?post=293838"}],"curies":[{"name":"wp","href":"https:\/\/api.w.org\/{rel}","templated":true}]}}