{"id":293600,"date":"2025-10-23T00:24:05","date_gmt":"2025-10-22T22:24:05","guid":{"rendered":"https:\/\/revolutionpadelstore.com\/siux-diablo-elite-6\/"},"modified":"2026-04-10T14:02:35","modified_gmt":"2026-04-10T12:02:35","slug":"siux-diablo-elite-6-3","status":"publish","type":"product","link":"https:\/\/revolutionpadelstore.com\/fr\/produit\/siux-diablo-elite-6-3\/","title":{"rendered":"SIUX DIABLO ELITE 6"},"content":{"rendered":"<h2><strong>Siux Diablo Elite 6 \u2013 Pr\u00e9cision et puissance en parfait \u00e9quilibre<\/strong><\/h2>\n<p>La <strong>Siux Diablo Elite 6<\/strong> est la raquette d\u00e9finitive pour les joueurs avanc\u00e9s \u00e0 la recherche de performances exceptionnelles avec une combinaison parfaite de contr\u00f4le et de puissance. Faisant partie de la gamme exclusive <strong>Elite 2026<\/strong> de Siux, ce mod\u00e8le fait \u00e9voluer l&#8217;h\u00e9ritage de la saga Diablo avec un design \u00e9l\u00e9gant et sobre et une finition sable mate qui rehausse les effets de chaque prise de vue.<\/p>\n<h2><strong>Raquette de padel professionnelle pour joueurs exigeants<\/strong><\/h2>\n<p>Con\u00e7ue pour un jeu hybride\/contr\u00f4le, cette raquette en forme de goutte d&#8217;eau et \u00e0 \u00e9quilibre moyen permet de dominer le jeu offensif sans perdre en pr\u00e9cision en d\u00e9fense. Sa <strong>duret\u00e9 moyenne (6,5\/10)<\/strong> offre un toucher ferme mais confortable, id\u00e9al pour ceux qui recherchent polyvalence et stabilit\u00e9 sans renoncer aux sensations \u00e0 chaque coup.<\/p>\n<p>Gr\u00e2ce \u00e0 son poids de <strong>355-375 grammes<\/strong>, le Diablo Elite 6 garantit une <strong>maniabilit\u00e9 sup\u00e9rieure<\/strong>, parfaite pour s&#8217;adapter rapidement \u00e0 n&#8217;importe quelle situation sur piste.<\/p>\n<h2><strong>Caract\u00e9ristiques techniques de la Siux Diablo Elite 6<\/strong><\/h2>\n<p><strong>-Faces en carbone 3K<\/strong> : \u00e9quilibre parfait entre puissance et flexibilit\u00e9.<\/p>\n<p><strong>-Noyau EVA souple<\/strong> : plus de confort, de contr\u00f4le et de sortie de balle.<\/p>\n<p><strong>-Forme Teardrop<\/strong> : polyvalence en attaque et en d\u00e9fense avec une large zone d&#8217;impact.<\/p>\n<p><strong>-Poids de 355 \u00e0 375 g<\/strong> : id\u00e9al pour les joueurs qui appr\u00e9cient la maniabilit\u00e9.<\/p>\n<p><strong>-Duret\u00e9 moyenne (6,5\/10)<\/strong> : excellent \u00e9quilibre entre fermet\u00e9 et confort.<\/p>\n<p><strong>-\u00c9quilibre moyen<\/strong> : contr\u00f4le maximum sans perte de punch.<\/p>\n<p><strong>-Finition mate sable<\/strong> : optimise les effets de topspin.<\/p>\n<p><strong>-Switch Strap System<\/strong> : sangle interchangeable et ergonomique, plus de s\u00e9curit\u00e9 et de confort.<\/p>\n<p><strong>-Elite 2026 Edition<\/strong> : technologie de pointe et design professionnel.<\/p>\n<h2><strong>Avantages cl\u00e9s pour votre jeu<\/strong><\/h2>\n<p>-Am\u00e9liore le contr\u00f4le sans sacrifier la puissance.<\/p>\n<p>-Parfait pour les joueurs qui ma\u00eetrisent le jeu polyvalent.<\/p>\n<p>-Id\u00e9al pour les matchs de niveau comp\u00e9titif et les entra\u00eenements intenses.<\/p>\n<p>-Conception sophistiqu\u00e9e qui transmet qualit\u00e9 et performance.<\/p>\n<h2><strong>Pourquoi choisir la Siux Diablo Elite 6 ?<\/strong><\/h2>\n<p>Si vous recherchez une raquette haut de gamme qui am\u00e9liore vos performances et vous accompagne \u00e0 chaque instant avec fiabilit\u00e9, la <strong>Diablo Elite 6<\/strong> est votre meilleure option. Soutenu par l&#8217;une des marques les plus prestigieuses du padel, Siux, et con\u00e7u pour ceux qui exigent le meilleur \u00e0 chaque coup.<\/p>\n<h2><strong>Obtenez-le maintenant au meilleur prix !<\/strong><\/h2>\n<p>Achetez la <strong>Siux Diablo Elite 6<\/strong> aujourd&#8217;hui dans notre boutique en ligne <a href=\"https:\/\/www.revolutionpadelstore.com\/\">www.revolutionpadelstore.com<\/a> et obtenez l&#8217;une des meilleures raquettes de padel professionnelles du march\u00e9. Probablement au <strong>meilleur prix du march\u00e9<\/strong>, avec exp\u00e9dition rapide et garantie officielle.<\/p>\n<h2><strong>Siux Diablo Elite 6 \u2013 Precisi\u00f3n y potencia en equilibrio perfecto<\/strong><\/p>\n","protected":false},"excerpt":{"rendered":"<p>D\u00e9couvrez la <strong data-start=\"402\" data-end=\"431\">nouvelle Siux Diablo Elite 6<\/strong>, une raquette qui combine <strong data-start=\"454\" data-end=\"476\">puissance et contr\u00f4le<\/strong> gr\u00e2ce \u00e0 sa <strong data-start=\"490\" data-end=\"512\">structure hybride<\/strong>, <strong data-start=\"514\" data-end=\"528\">carbone 3K<\/strong> et <strong data-start=\"532\" data-end=\"546\">noyau EVA<\/strong>. Sa <strong data-start=\"551\" data-end=\"578\">surface sable mate<\/strong> et son <strong data-start=\"584\" data-end=\"607\">\u00e9quilibre \u00e9quilibr\u00e9<\/strong> offrent des performances exceptionnelles \u00e0 chaque prise de vue.<strong data-start=\"402\" data-end=\"431\">nueva Siux Diablo Elite 6<\/strong><\/p>\n","protected":false},"featured_media":293336,"comment_status":"open","ping_status":"closed","template":"","meta":{"_acf_changed":false,"_joinchat":[]},"acabado":[1087,1097],"balance":[1142],"dureza":[1157],"forma":[1187],"jugador":[],"marca":[1307],"nivel-de-juego":[1337],"superficie":[1362],"tipo-de-juego":[1372,1387],"product_brand":[],"product_cat":[302],"product_tag":[],"class_list":{"0":"post-293600","1":"product","2":"type-product","3":"status-publish","4":"has-post-thumbnail","6":"acabado-mon-pote","7":"acabado-sable","8":"balance-moyen","9":"dureza-media-fr","10":"forma-lagrima-fr","11":"marca-siux-fr","12":"superficie-rugosa-fr","13":"tipo-de-juego-control-fr","14":"tipo-de-juego-polivalente-fr","15":"product_cat-palas-de-padel-fr","17":"first","18":"instock","19":"sale","20":"taxable","21":"shipping-taxable","22":"purchasable","23":"product-type-simple"},"acf":[],"yoast_head":"<!-- This site is optimized with the Yoast SEO plugin v27.4 - https:\/\/yoast.com\/product\/yoast-seo-wordpress\/ -->\n<title>SIUX DIABLO ELITE 6 - Revolution Padel Store<\/title>\n<meta name=\"description\" content=\"Descubre la Siux Diablo Elite 6, pala de p\u00e1del profesional con equilibrio perfecto entre control y potencia. Disponible en Revolution Padel Store al mejor precio online.\" \/>\n<meta name=\"robots\" content=\"index, follow, max-snippet:-1, max-image-preview:large, max-video-preview:-1\" \/>\n<link rel=\"canonical\" href=\"https:\/\/revolutionpadelstore.com\/fr\/produit\/siux-diablo-elite-6-3\/\" \/>\n<meta property=\"og:locale\" content=\"fr_FR\" \/>\n<meta property=\"og:type\" content=\"article\" \/>\n<meta property=\"og:title\" content=\"SIUX DIABLO ELITE 6 - Revolution Padel Store\" \/>\n<meta property=\"og:description\" content=\"Descubre la Siux Diablo Elite 6, pala de p\u00e1del profesional con equilibrio perfecto entre control y potencia. Disponible en Revolution Padel Store al mejor precio online.\" \/>\n<meta property=\"og:url\" content=\"https:\/\/revolutionpadelstore.com\/fr\/produit\/siux-diablo-elite-6-3\/\" \/>\n<meta property=\"og:site_name\" content=\"Revolution Padel Store\" \/>\n<meta property=\"article:modified_time\" content=\"2026-04-10T12:02:35+00:00\" \/>\n<meta property=\"og:image\" content=\"https:\/\/revolutionpadelstore.com\/wp-content\/uploads\/2025\/10\/121743-pala-siux-diablo-elite-6-200052-1500x1500-1.webp\" \/>\n\t<meta property=\"og:image:width\" content=\"1500\" \/>\n\t<meta property=\"og:image:height\" content=\"1500\" \/>\n\t<meta property=\"og:image:type\" content=\"image\/webp\" \/>\n<meta name=\"twitter:card\" content=\"summary_large_image\" \/>\n<meta name=\"twitter:label1\" content=\"Dur\u00e9e de lecture estim\u00e9e\" \/>\n\t<meta name=\"twitter:data1\" content=\"2 minutes\" \/>\n<script type=\"application\/ld+json\" class=\"yoast-schema-graph\">{\"@context\":\"https:\\\/\\\/schema.org\",\"@graph\":[{\"@type\":\"WebPage\",\"@id\":\"https:\\\/\\\/revolutionpadelstore.com\\\/fr\\\/produit\\\/siux-diablo-elite-6-3\\\/\",\"url\":\"https:\\\/\\\/revolutionpadelstore.com\\\/fr\\\/produit\\\/siux-diablo-elite-6-3\\\/\",\"name\":\"SIUX DIABLO ELITE 6 - Revolution Padel Store\",\"isPartOf\":{\"@id\":\"https:\\\/\\\/revolutionpadelstore.com\\\/fr\\\/#website\"},\"primaryImageOfPage\":{\"@id\":\"https:\\\/\\\/revolutionpadelstore.com\\\/fr\\\/produit\\\/siux-diablo-elite-6-3\\\/#primaryimage\"},\"image\":{\"@id\":\"https:\\\/\\\/revolutionpadelstore.com\\\/fr\\\/produit\\\/siux-diablo-elite-6-3\\\/#primaryimage\"},\"thumbnailUrl\":\"https:\\\/\\\/revolutionpadelstore.com\\\/wp-content\\\/uploads\\\/2025\\\/10\\\/121743-pala-siux-diablo-elite-6-200052-1500x1500-1.webp\",\"datePublished\":\"2025-10-22T22:24:05+00:00\",\"dateModified\":\"2026-04-10T12:02:35+00:00\",\"description\":\"Descubre la Siux Diablo Elite 6, pala de p\u00e1del profesional con equilibrio perfecto entre control y potencia. Disponible en Revolution Padel Store al mejor precio online.\",\"breadcrumb\":{\"@id\":\"https:\\\/\\\/revolutionpadelstore.com\\\/fr\\\/produit\\\/siux-diablo-elite-6-3\\\/#breadcrumb\"},\"inLanguage\":\"fr-FR\",\"potentialAction\":[{\"@type\":\"ReadAction\",\"target\":[\"https:\\\/\\\/revolutionpadelstore.com\\\/fr\\\/produit\\\/siux-diablo-elite-6-3\\\/\"]}]},{\"@type\":\"ImageObject\",\"inLanguage\":\"fr-FR\",\"@id\":\"https:\\\/\\\/revolutionpadelstore.com\\\/fr\\\/produit\\\/siux-diablo-elite-6-3\\\/#primaryimage\",\"url\":\"https:\\\/\\\/revolutionpadelstore.com\\\/wp-content\\\/uploads\\\/2025\\\/10\\\/121743-pala-siux-diablo-elite-6-200052-1500x1500-1.webp\",\"contentUrl\":\"https:\\\/\\\/revolutionpadelstore.com\\\/wp-content\\\/uploads\\\/2025\\\/10\\\/121743-pala-siux-diablo-elite-6-200052-1500x1500-1.webp\",\"width\":1500,\"height\":1500},{\"@type\":\"BreadcrumbList\",\"@id\":\"https:\\\/\\\/revolutionpadelstore.com\\\/fr\\\/produit\\\/siux-diablo-elite-6-3\\\/#breadcrumb\",\"itemListElement\":[{\"@type\":\"ListItem\",\"position\":1,\"name\":\"Portada\",\"item\":\"https:\\\/\\\/revolutionpadelstore.com\\\/fr\\\/\"},{\"@type\":\"ListItem\",\"position\":2,\"name\":\"Boutique\",\"item\":\"https:\\\/\\\/revolutionpadelstore.com\\\/fr\\\/tienda\\\/\"},{\"@type\":\"ListItem\",\"position\":3,\"name\":\"SIUX DIABLO ELITE 6\"}]},{\"@type\":\"WebSite\",\"@id\":\"https:\\\/\\\/revolutionpadelstore.com\\\/fr\\\/#website\",\"url\":\"https:\\\/\\\/revolutionpadelstore.com\\\/fr\\\/\",\"name\":\"Revolution Padel Store\",\"description\":\"\",\"publisher\":{\"@id\":\"https:\\\/\\\/revolutionpadelstore.com\\\/fr\\\/#organization\"},\"potentialAction\":[{\"@type\":\"SearchAction\",\"target\":{\"@type\":\"EntryPoint\",\"urlTemplate\":\"https:\\\/\\\/revolutionpadelstore.com\\\/fr\\\/?s={search_term_string}\"},\"query-input\":{\"@type\":\"PropertyValueSpecification\",\"valueRequired\":true,\"valueName\":\"search_term_string\"}}],\"inLanguage\":\"fr-FR\"},{\"@type\":\"Organization\",\"@id\":\"https:\\\/\\\/revolutionpadelstore.com\\\/fr\\\/#organization\",\"name\":\"Revolution Padel Store\",\"url\":\"https:\\\/\\\/revolutionpadelstore.com\\\/fr\\\/\",\"logo\":{\"@type\":\"ImageObject\",\"inLanguage\":\"fr-FR\",\"@id\":\"https:\\\/\\\/revolutionpadelstore.com\\\/fr\\\/#\\\/schema\\\/logo\\\/image\\\/\",\"url\":\"https:\\\/\\\/revolutionpadelstore.com\\\/wp-content\\\/uploads\\\/2026\\\/02\\\/revolution-padel-store.jpg\",\"contentUrl\":\"https:\\\/\\\/revolutionpadelstore.com\\\/wp-content\\\/uploads\\\/2026\\\/02\\\/revolution-padel-store.jpg\",\"width\":2000,\"height\":2000,\"caption\":\"Revolution Padel Store\"},\"image\":{\"@id\":\"https:\\\/\\\/revolutionpadelstore.com\\\/fr\\\/#\\\/schema\\\/logo\\\/image\\\/\"},\"sameAs\":[\"https:\\\/\\\/www.instagram.com\\\/revolutionpadelstore\\\/\"]}]}<\/script>\n<!-- \/ Yoast SEO plugin. -->","yoast_head_json":{"title":"SIUX DIABLO ELITE 6 - Revolution Padel Store","description":"Descubre la Siux Diablo Elite 6, pala de p\u00e1del profesional con equilibrio perfecto entre control y potencia. Disponible en Revolution Padel Store al mejor precio online.","robots":{"index":"index","follow":"follow","max-snippet":"max-snippet:-1","max-image-preview":"max-image-preview:large","max-video-preview":"max-video-preview:-1"},"canonical":"https:\/\/revolutionpadelstore.com\/fr\/produit\/siux-diablo-elite-6-3\/","og_locale":"fr_FR","og_type":"article","og_title":"SIUX DIABLO ELITE 6 - Revolution Padel Store","og_description":"Descubre la Siux Diablo Elite 6, pala de p\u00e1del profesional con equilibrio perfecto entre control y potencia. Disponible en Revolution Padel Store al mejor precio online.","og_url":"https:\/\/revolutionpadelstore.com\/fr\/produit\/siux-diablo-elite-6-3\/","og_site_name":"Revolution Padel Store","article_modified_time":"2026-04-10T12:02:35+00:00","og_image":[{"width":1500,"height":1500,"url":"https:\/\/revolutionpadelstore.com\/wp-content\/uploads\/2025\/10\/121743-pala-siux-diablo-elite-6-200052-1500x1500-1.webp","type":"image\/webp"}],"twitter_card":"summary_large_image","twitter_misc":{"Dur\u00e9e de lecture estim\u00e9e":"2 minutes"},"schema":{"@context":"https:\/\/schema.org","@graph":[{"@type":"WebPage","@id":"https:\/\/revolutionpadelstore.com\/fr\/produit\/siux-diablo-elite-6-3\/","url":"https:\/\/revolutionpadelstore.com\/fr\/produit\/siux-diablo-elite-6-3\/","name":"SIUX DIABLO ELITE 6 - Revolution Padel Store","isPartOf":{"@id":"https:\/\/revolutionpadelstore.com\/fr\/#website"},"primaryImageOfPage":{"@id":"https:\/\/revolutionpadelstore.com\/fr\/produit\/siux-diablo-elite-6-3\/#primaryimage"},"image":{"@id":"https:\/\/revolutionpadelstore.com\/fr\/produit\/siux-diablo-elite-6-3\/#primaryimage"},"thumbnailUrl":"https:\/\/revolutionpadelstore.com\/wp-content\/uploads\/2025\/10\/121743-pala-siux-diablo-elite-6-200052-1500x1500-1.webp","datePublished":"2025-10-22T22:24:05+00:00","dateModified":"2026-04-10T12:02:35+00:00","description":"Descubre la Siux Diablo Elite 6, pala de p\u00e1del profesional con equilibrio perfecto entre control y potencia. Disponible en Revolution Padel Store al mejor precio online.","breadcrumb":{"@id":"https:\/\/revolutionpadelstore.com\/fr\/produit\/siux-diablo-elite-6-3\/#breadcrumb"},"inLanguage":"fr-FR","potentialAction":[{"@type":"ReadAction","target":["https:\/\/revolutionpadelstore.com\/fr\/produit\/siux-diablo-elite-6-3\/"]}]},{"@type":"ImageObject","inLanguage":"fr-FR","@id":"https:\/\/revolutionpadelstore.com\/fr\/produit\/siux-diablo-elite-6-3\/#primaryimage","url":"https:\/\/revolutionpadelstore.com\/wp-content\/uploads\/2025\/10\/121743-pala-siux-diablo-elite-6-200052-1500x1500-1.webp","contentUrl":"https:\/\/revolutionpadelstore.com\/wp-content\/uploads\/2025\/10\/121743-pala-siux-diablo-elite-6-200052-1500x1500-1.webp","width":1500,"height":1500},{"@type":"BreadcrumbList","@id":"https:\/\/revolutionpadelstore.com\/fr\/produit\/siux-diablo-elite-6-3\/#breadcrumb","itemListElement":[{"@type":"ListItem","position":1,"name":"Portada","item":"https:\/\/revolutionpadelstore.com\/fr\/"},{"@type":"ListItem","position":2,"name":"Boutique","item":"https:\/\/revolutionpadelstore.com\/fr\/tienda\/"},{"@type":"ListItem","position":3,"name":"SIUX DIABLO ELITE 6"}]},{"@type":"WebSite","@id":"https:\/\/revolutionpadelstore.com\/fr\/#website","url":"https:\/\/revolutionpadelstore.com\/fr\/","name":"Revolution Padel Store","description":"","publisher":{"@id":"https:\/\/revolutionpadelstore.com\/fr\/#organization"},"potentialAction":[{"@type":"SearchAction","target":{"@type":"EntryPoint","urlTemplate":"https:\/\/revolutionpadelstore.com\/fr\/?s={search_term_string}"},"query-input":{"@type":"PropertyValueSpecification","valueRequired":true,"valueName":"search_term_string"}}],"inLanguage":"fr-FR"},{"@type":"Organization","@id":"https:\/\/revolutionpadelstore.com\/fr\/#organization","name":"Revolution Padel Store","url":"https:\/\/revolutionpadelstore.com\/fr\/","logo":{"@type":"ImageObject","inLanguage":"fr-FR","@id":"https:\/\/revolutionpadelstore.com\/fr\/#\/schema\/logo\/image\/","url":"https:\/\/revolutionpadelstore.com\/wp-content\/uploads\/2026\/02\/revolution-padel-store.jpg","contentUrl":"https:\/\/revolutionpadelstore.com\/wp-content\/uploads\/2026\/02\/revolution-padel-store.jpg","width":2000,"height":2000,"caption":"Revolution Padel Store"},"image":{"@id":"https:\/\/revolutionpadelstore.com\/fr\/#\/schema\/logo\/image\/"},"sameAs":["https:\/\/www.instagram.com\/revolutionpadelstore\/"]}]}},"_links":{"self":[{"href":"https:\/\/revolutionpadelstore.com\/fr\/wp-json\/wp\/v2\/product\/293600","targetHints":{"allow":["GET"]}}],"collection":[{"href":"https:\/\/revolutionpadelstore.com\/fr\/wp-json\/wp\/v2\/product"}],"about":[{"href":"https:\/\/revolutionpadelstore.com\/fr\/wp-json\/wp\/v2\/types\/product"}],"replies":[{"embeddable":true,"href":"https:\/\/revolutionpadelstore.com\/fr\/wp-json\/wp\/v2\/comments?post=293600"}],"wp:featuredmedia":[{"embeddable":true,"href":"https:\/\/revolutionpadelstore.com\/fr\/wp-json\/wp\/v2\/media\/293336"}],"wp:attachment":[{"href":"https:\/\/revolutionpadelstore.com\/fr\/wp-json\/wp\/v2\/media?parent=293600"}],"wp:term":[{"taxonomy":"acabado","embeddable":true,"href":"https:\/\/revolutionpadelstore.com\/fr\/wp-json\/wp\/v2\/acabado?post=293600"},{"taxonomy":"balance","embeddable":true,"href":"https:\/\/revolutionpadelstore.com\/fr\/wp-json\/wp\/v2\/balance?post=293600"},{"taxonomy":"dureza","embeddable":true,"href":"https:\/\/revolutionpadelstore.com\/fr\/wp-json\/wp\/v2\/dureza?post=293600"},{"taxonomy":"forma","embeddable":true,"href":"https:\/\/revolutionpadelstore.com\/fr\/wp-json\/wp\/v2\/forma?post=293600"},{"taxonomy":"jugador","embeddable":true,"href":"https:\/\/revolutionpadelstore.com\/fr\/wp-json\/wp\/v2\/jugador?post=293600"},{"taxonomy":"marca","embeddable":true,"href":"https:\/\/revolutionpadelstore.com\/fr\/wp-json\/wp\/v2\/marca?post=293600"},{"taxonomy":"nivel-de-juego","embeddable":true,"href":"https:\/\/revolutionpadelstore.com\/fr\/wp-json\/wp\/v2\/nivel-de-juego?post=293600"},{"taxonomy":"superficie","embeddable":true,"href":"https:\/\/revolutionpadelstore.com\/fr\/wp-json\/wp\/v2\/superficie?post=293600"},{"taxonomy":"tipo-de-juego","embeddable":true,"href":"https:\/\/revolutionpadelstore.com\/fr\/wp-json\/wp\/v2\/tipo-de-juego?post=293600"},{"taxonomy":"product_brand","embeddable":true,"href":"https:\/\/revolutionpadelstore.com\/fr\/wp-json\/wp\/v2\/product_brand?post=293600"},{"taxonomy":"product_cat","embeddable":true,"href":"https:\/\/revolutionpadelstore.com\/fr\/wp-json\/wp\/v2\/product_cat?post=293600"},{"taxonomy":"product_tag","embeddable":true,"href":"https:\/\/revolutionpadelstore.com\/fr\/wp-json\/wp\/v2\/product_tag?post=293600"}],"curies":[{"name":"wp","href":"https:\/\/api.w.org\/{rel}","templated":true}]}}