{"id":292971,"date":"2025-09-27T13:05:50","date_gmt":"2025-09-27T11:05:50","guid":{"rendered":"https:\/\/revolutionpadelstore.com\/dunlop-aero-star-team\/"},"modified":"2026-04-08T03:49:06","modified_gmt":"2026-04-08T01:49:06","slug":"dunlop-aero-star-team-3","status":"publish","type":"product","link":"https:\/\/revolutionpadelstore.com\/fr\/produit\/dunlop-aero-star-team-3\/","title":{"rendered":"DUNLOP AERO-STAR TEAM"},"content":{"rendered":"<h2>\u00c9QUIPE DUNLOP AERO-STAR \u2013 PUISSANCE EXPLOSIVE \u00c0 CHAQUE COUP<\/h2>\n<p>La <strong>Dunlop Aero-Star Team<\/strong> est la raquette id\u00e9ale pour les joueurs recherchant une <strong>puissance maximale<\/strong> et des performances sans compromis. Sa forme <strong>losange<\/strong> vous permet de g\u00e9n\u00e9rer des coups agressifs et puissants depuis n&#8217;importe quelle zone du terrain, ce qui en fait un excellent alli\u00e9 pour les joueurs offensifs qui dominent le jeu d&#8217;en haut.<\/p>\n<h2>Technologie et mat\u00e9riaux de haut niveau<\/h2>\n<p>Fabriqu\u00e9e en <strong>100% carbone<\/strong>, cette raquette offre une structure r\u00e9sistante, l\u00e9g\u00e8re et durable, garantissant des performances optimales m\u00eame dans les matchs les plus exigeants. Son noyau en <strong>caoutchouc EVA<\/strong> offre une sortie de balle spectaculaire avec un m\u00e9lange id\u00e9al entre <strong>puissance et contr\u00f4le<\/strong>, permettant d&#8217;obtenir des frappes pr\u00e9cises et rapides.<\/p>\n<h2>Caract\u00e9ristiques techniques mises en avant<\/h2>\n<p><strong>-Forme<\/strong> : Diamant \u2013 id\u00e9al pour les joueurs qui privil\u00e9gient la puissance.<\/p>\n<p><strong>-Composition<\/strong> : 100% carbone \u2013 durabilit\u00e9 et l\u00e9g\u00e8ret\u00e9 sup\u00e9rieures.<\/p>\n<p><strong>-Core<\/strong> : caoutchouc EVA \u2013 meilleur rendement de balle et absorption des vibrations.<\/p>\n<p><strong>-Type de joueur<\/strong> : Avanc\u00e9\/interm\u00e9diaire avec un style offensif.<\/p>\n<p><strong>-Style de jeu<\/strong> : Attaque \/ Puissance totale.<\/p>\n<h2>Principaux avantages<\/h2>\n<p>-G\u00e9n\u00e8re une plus grande acc\u00e9l\u00e9ration de la balle sans effort.<\/p>\n<p>-R\u00e9ponse solide dans les vol\u00e9es et les tirs.<\/p>\n<p>-Conception professionnelle avec des finitions haut de gamme.<\/p>\n<p>-Haute r\u00e9sistance \u00e0 l&#8217;usure pour un usage intensif.<\/p>\n<h2>Pourquoi choisir l&#8217;\u00e9quipe Dunlop Aero-Star ?<\/h2>\n<p>Parce qu&#8217;il combine des technologies avanc\u00e9es, des mat\u00e9riaux d&#8217;\u00e9lite et un design qui am\u00e9liore votre jeu offensif. Si vous \u00eates un joueur cherchant \u00e0 <strong>dominer avec puissance et pr\u00e9cision<\/strong>, cette raquette est faite pour vous.<\/p>\n<p><strong>Disponible d\u00e8s maintenant dans notre boutique en ligne <a href=\"https:\/\/www.revolutionpadelstore.com\/\">www.revolutionpadelstore.com<\/a><\/strong>, probablement <strong>au meilleur prix du march\u00e9<\/strong>. Ne manquez rien et \u00e9levez votre niveau de jeu avec Dunlop.<\/p>\n<h2>DUNLOP AERO-STAR TEAM \u2013 POTENCIA EXPLOSIVA EN CADA GOLPE<\/h2>\n","protected":false},"excerpt":{"rendered":"<p><strong data-start=\"151\" data-end=\"217\">Dunlop Aero-Star Team \u2013 Lib\u00e9rez toute votre puissance \u00e0 chaque coup.<\/strong><br data-start=\"217\" data-end=\"220\" \/>Con\u00e7u pour les joueurs \u00e0 la recherche d&#8217;\u00e9nergie, de pr\u00e9cision et de performances totales sur le terrain.<strong data-start=\"151\" data-end=\"217\">Dunlop Aero-Star Team \u2013 Libera toda tu potencia en cada golpe.<\/strong><\/p>\n","protected":false},"featured_media":292983,"comment_status":"open","ping_status":"closed","template":"","meta":{"_acf_changed":false,"_joinchat":[]},"acabado":[1087],"balance":[1137],"dureza":[1157],"forma":[1172],"jugador":[],"marca":[1212],"nivel-de-juego":[1337],"superficie":[1362],"tipo-de-juego":[1377],"product_brand":[],"product_cat":[302],"product_tag":[],"class_list":{"0":"post-292971","1":"product","2":"type-product","3":"status-publish","4":"has-post-thumbnail","6":"acabado-mon-pote","7":"balance-eleve","8":"dureza-media-fr","9":"forma-diamant","10":"marca-dunlop-fr","11":"superficie-rugosa-fr","12":"tipo-de-juego-puissance","13":"product_cat-palas-de-padel-fr","15":"first","16":"instock","17":"sale","18":"taxable","19":"shipping-taxable","20":"purchasable","21":"product-type-simple"},"acf":[],"yoast_head":"<!-- This site is optimized with the Yoast SEO plugin v27.4 - https:\/\/yoast.com\/product\/yoast-seo-wordpress\/ -->\n<title>DUNLOP AERO-STAR TEAM - Revolution Padel Store<\/title>\n<meta name=\"description\" content=\"Descubre la pala Dunlop Aero-Star Team: forma diamante, carbono 100% y goma EVA para m\u00e1xima potencia y precisi\u00f3n. \u00a1C\u00f3mprala al mejor precio en revolutionpadelstore.com!\" \/>\n<meta name=\"robots\" content=\"index, follow, max-snippet:-1, max-image-preview:large, max-video-preview:-1\" \/>\n<link rel=\"canonical\" href=\"https:\/\/revolutionpadelstore.com\/fr\/produit\/dunlop-aero-star-team-3\/\" \/>\n<meta property=\"og:locale\" content=\"fr_FR\" \/>\n<meta property=\"og:type\" content=\"article\" \/>\n<meta property=\"og:title\" content=\"DUNLOP AERO-STAR TEAM - Revolution Padel Store\" \/>\n<meta property=\"og:description\" content=\"Descubre la pala Dunlop Aero-Star Team: forma diamante, carbono 100% y goma EVA para m\u00e1xima potencia y precisi\u00f3n. \u00a1C\u00f3mprala al mejor precio en revolutionpadelstore.com!\" \/>\n<meta property=\"og:url\" content=\"https:\/\/revolutionpadelstore.com\/fr\/produit\/dunlop-aero-star-team-3\/\" \/>\n<meta property=\"og:site_name\" content=\"Revolution Padel Store\" \/>\n<meta property=\"article:modified_time\" content=\"2026-04-08T01:49:06+00:00\" \/>\n<meta property=\"og:image\" content=\"https:\/\/revolutionpadelstore.com\/wp-content\/uploads\/2025\/09\/imagen_1_104753_1a49ee18_1336.webp\" \/>\n\t<meta property=\"og:image:width\" content=\"1000\" \/>\n\t<meta property=\"og:image:height\" content=\"1000\" \/>\n\t<meta property=\"og:image:type\" content=\"image\/webp\" \/>\n<meta name=\"twitter:card\" content=\"summary_large_image\" \/>\n<meta name=\"twitter:label1\" content=\"Dur\u00e9e de lecture estim\u00e9e\" \/>\n\t<meta name=\"twitter:data1\" content=\"2 minutes\" \/>\n<script type=\"application\/ld+json\" class=\"yoast-schema-graph\">{\"@context\":\"https:\\\/\\\/schema.org\",\"@graph\":[{\"@type\":\"WebPage\",\"@id\":\"https:\\\/\\\/revolutionpadelstore.com\\\/fr\\\/produit\\\/dunlop-aero-star-team-3\\\/\",\"url\":\"https:\\\/\\\/revolutionpadelstore.com\\\/fr\\\/produit\\\/dunlop-aero-star-team-3\\\/\",\"name\":\"DUNLOP AERO-STAR TEAM - Revolution Padel Store\",\"isPartOf\":{\"@id\":\"https:\\\/\\\/revolutionpadelstore.com\\\/fr\\\/#website\"},\"primaryImageOfPage\":{\"@id\":\"https:\\\/\\\/revolutionpadelstore.com\\\/fr\\\/produit\\\/dunlop-aero-star-team-3\\\/#primaryimage\"},\"image\":{\"@id\":\"https:\\\/\\\/revolutionpadelstore.com\\\/fr\\\/produit\\\/dunlop-aero-star-team-3\\\/#primaryimage\"},\"thumbnailUrl\":\"https:\\\/\\\/revolutionpadelstore.com\\\/wp-content\\\/uploads\\\/2025\\\/09\\\/imagen_1_104753_1a49ee18_1336.webp\",\"datePublished\":\"2025-09-27T11:05:50+00:00\",\"dateModified\":\"2026-04-08T01:49:06+00:00\",\"description\":\"Descubre la pala Dunlop Aero-Star Team: forma diamante, carbono 100% y goma EVA para m\u00e1xima potencia y precisi\u00f3n. \u00a1C\u00f3mprala al mejor precio en revolutionpadelstore.com!\",\"breadcrumb\":{\"@id\":\"https:\\\/\\\/revolutionpadelstore.com\\\/fr\\\/produit\\\/dunlop-aero-star-team-3\\\/#breadcrumb\"},\"inLanguage\":\"fr-FR\",\"potentialAction\":[{\"@type\":\"ReadAction\",\"target\":[\"https:\\\/\\\/revolutionpadelstore.com\\\/fr\\\/produit\\\/dunlop-aero-star-team-3\\\/\"]}]},{\"@type\":\"ImageObject\",\"inLanguage\":\"fr-FR\",\"@id\":\"https:\\\/\\\/revolutionpadelstore.com\\\/fr\\\/produit\\\/dunlop-aero-star-team-3\\\/#primaryimage\",\"url\":\"https:\\\/\\\/revolutionpadelstore.com\\\/wp-content\\\/uploads\\\/2025\\\/09\\\/imagen_1_104753_1a49ee18_1336.webp\",\"contentUrl\":\"https:\\\/\\\/revolutionpadelstore.com\\\/wp-content\\\/uploads\\\/2025\\\/09\\\/imagen_1_104753_1a49ee18_1336.webp\",\"width\":1000,\"height\":1000},{\"@type\":\"BreadcrumbList\",\"@id\":\"https:\\\/\\\/revolutionpadelstore.com\\\/fr\\\/produit\\\/dunlop-aero-star-team-3\\\/#breadcrumb\",\"itemListElement\":[{\"@type\":\"ListItem\",\"position\":1,\"name\":\"Portada\",\"item\":\"https:\\\/\\\/revolutionpadelstore.com\\\/fr\\\/\"},{\"@type\":\"ListItem\",\"position\":2,\"name\":\"Boutique\",\"item\":\"https:\\\/\\\/revolutionpadelstore.com\\\/fr\\\/tienda\\\/\"},{\"@type\":\"ListItem\",\"position\":3,\"name\":\"DUNLOP AERO-STAR TEAM\"}]},{\"@type\":\"WebSite\",\"@id\":\"https:\\\/\\\/revolutionpadelstore.com\\\/fr\\\/#website\",\"url\":\"https:\\\/\\\/revolutionpadelstore.com\\\/fr\\\/\",\"name\":\"Revolution Padel Store\",\"description\":\"\",\"publisher\":{\"@id\":\"https:\\\/\\\/revolutionpadelstore.com\\\/fr\\\/#organization\"},\"potentialAction\":[{\"@type\":\"SearchAction\",\"target\":{\"@type\":\"EntryPoint\",\"urlTemplate\":\"https:\\\/\\\/revolutionpadelstore.com\\\/fr\\\/?s={search_term_string}\"},\"query-input\":{\"@type\":\"PropertyValueSpecification\",\"valueRequired\":true,\"valueName\":\"search_term_string\"}}],\"inLanguage\":\"fr-FR\"},{\"@type\":\"Organization\",\"@id\":\"https:\\\/\\\/revolutionpadelstore.com\\\/fr\\\/#organization\",\"name\":\"Revolution Padel Store\",\"url\":\"https:\\\/\\\/revolutionpadelstore.com\\\/fr\\\/\",\"logo\":{\"@type\":\"ImageObject\",\"inLanguage\":\"fr-FR\",\"@id\":\"https:\\\/\\\/revolutionpadelstore.com\\\/fr\\\/#\\\/schema\\\/logo\\\/image\\\/\",\"url\":\"https:\\\/\\\/revolutionpadelstore.com\\\/wp-content\\\/uploads\\\/2026\\\/02\\\/revolution-padel-store.jpg\",\"contentUrl\":\"https:\\\/\\\/revolutionpadelstore.com\\\/wp-content\\\/uploads\\\/2026\\\/02\\\/revolution-padel-store.jpg\",\"width\":2000,\"height\":2000,\"caption\":\"Revolution Padel Store\"},\"image\":{\"@id\":\"https:\\\/\\\/revolutionpadelstore.com\\\/fr\\\/#\\\/schema\\\/logo\\\/image\\\/\"},\"sameAs\":[\"https:\\\/\\\/www.instagram.com\\\/revolutionpadelstore\\\/\"]}]}<\/script>\n<!-- \/ Yoast SEO plugin. -->","yoast_head_json":{"title":"DUNLOP AERO-STAR TEAM - Revolution Padel Store","description":"Descubre la pala Dunlop Aero-Star Team: forma diamante, carbono 100% y goma EVA para m\u00e1xima potencia y precisi\u00f3n. \u00a1C\u00f3mprala al mejor precio en revolutionpadelstore.com!","robots":{"index":"index","follow":"follow","max-snippet":"max-snippet:-1","max-image-preview":"max-image-preview:large","max-video-preview":"max-video-preview:-1"},"canonical":"https:\/\/revolutionpadelstore.com\/fr\/produit\/dunlop-aero-star-team-3\/","og_locale":"fr_FR","og_type":"article","og_title":"DUNLOP AERO-STAR TEAM - Revolution Padel Store","og_description":"Descubre la pala Dunlop Aero-Star Team: forma diamante, carbono 100% y goma EVA para m\u00e1xima potencia y precisi\u00f3n. \u00a1C\u00f3mprala al mejor precio en revolutionpadelstore.com!","og_url":"https:\/\/revolutionpadelstore.com\/fr\/produit\/dunlop-aero-star-team-3\/","og_site_name":"Revolution Padel Store","article_modified_time":"2026-04-08T01:49:06+00:00","og_image":[{"width":1000,"height":1000,"url":"https:\/\/revolutionpadelstore.com\/wp-content\/uploads\/2025\/09\/imagen_1_104753_1a49ee18_1336.webp","type":"image\/webp"}],"twitter_card":"summary_large_image","twitter_misc":{"Dur\u00e9e de lecture estim\u00e9e":"2 minutes"},"schema":{"@context":"https:\/\/schema.org","@graph":[{"@type":"WebPage","@id":"https:\/\/revolutionpadelstore.com\/fr\/produit\/dunlop-aero-star-team-3\/","url":"https:\/\/revolutionpadelstore.com\/fr\/produit\/dunlop-aero-star-team-3\/","name":"DUNLOP AERO-STAR TEAM - Revolution Padel Store","isPartOf":{"@id":"https:\/\/revolutionpadelstore.com\/fr\/#website"},"primaryImageOfPage":{"@id":"https:\/\/revolutionpadelstore.com\/fr\/produit\/dunlop-aero-star-team-3\/#primaryimage"},"image":{"@id":"https:\/\/revolutionpadelstore.com\/fr\/produit\/dunlop-aero-star-team-3\/#primaryimage"},"thumbnailUrl":"https:\/\/revolutionpadelstore.com\/wp-content\/uploads\/2025\/09\/imagen_1_104753_1a49ee18_1336.webp","datePublished":"2025-09-27T11:05:50+00:00","dateModified":"2026-04-08T01:49:06+00:00","description":"Descubre la pala Dunlop Aero-Star Team: forma diamante, carbono 100% y goma EVA para m\u00e1xima potencia y precisi\u00f3n. \u00a1C\u00f3mprala al mejor precio en revolutionpadelstore.com!","breadcrumb":{"@id":"https:\/\/revolutionpadelstore.com\/fr\/produit\/dunlop-aero-star-team-3\/#breadcrumb"},"inLanguage":"fr-FR","potentialAction":[{"@type":"ReadAction","target":["https:\/\/revolutionpadelstore.com\/fr\/produit\/dunlop-aero-star-team-3\/"]}]},{"@type":"ImageObject","inLanguage":"fr-FR","@id":"https:\/\/revolutionpadelstore.com\/fr\/produit\/dunlop-aero-star-team-3\/#primaryimage","url":"https:\/\/revolutionpadelstore.com\/wp-content\/uploads\/2025\/09\/imagen_1_104753_1a49ee18_1336.webp","contentUrl":"https:\/\/revolutionpadelstore.com\/wp-content\/uploads\/2025\/09\/imagen_1_104753_1a49ee18_1336.webp","width":1000,"height":1000},{"@type":"BreadcrumbList","@id":"https:\/\/revolutionpadelstore.com\/fr\/produit\/dunlop-aero-star-team-3\/#breadcrumb","itemListElement":[{"@type":"ListItem","position":1,"name":"Portada","item":"https:\/\/revolutionpadelstore.com\/fr\/"},{"@type":"ListItem","position":2,"name":"Boutique","item":"https:\/\/revolutionpadelstore.com\/fr\/tienda\/"},{"@type":"ListItem","position":3,"name":"DUNLOP AERO-STAR TEAM"}]},{"@type":"WebSite","@id":"https:\/\/revolutionpadelstore.com\/fr\/#website","url":"https:\/\/revolutionpadelstore.com\/fr\/","name":"Revolution Padel Store","description":"","publisher":{"@id":"https:\/\/revolutionpadelstore.com\/fr\/#organization"},"potentialAction":[{"@type":"SearchAction","target":{"@type":"EntryPoint","urlTemplate":"https:\/\/revolutionpadelstore.com\/fr\/?s={search_term_string}"},"query-input":{"@type":"PropertyValueSpecification","valueRequired":true,"valueName":"search_term_string"}}],"inLanguage":"fr-FR"},{"@type":"Organization","@id":"https:\/\/revolutionpadelstore.com\/fr\/#organization","name":"Revolution Padel Store","url":"https:\/\/revolutionpadelstore.com\/fr\/","logo":{"@type":"ImageObject","inLanguage":"fr-FR","@id":"https:\/\/revolutionpadelstore.com\/fr\/#\/schema\/logo\/image\/","url":"https:\/\/revolutionpadelstore.com\/wp-content\/uploads\/2026\/02\/revolution-padel-store.jpg","contentUrl":"https:\/\/revolutionpadelstore.com\/wp-content\/uploads\/2026\/02\/revolution-padel-store.jpg","width":2000,"height":2000,"caption":"Revolution Padel Store"},"image":{"@id":"https:\/\/revolutionpadelstore.com\/fr\/#\/schema\/logo\/image\/"},"sameAs":["https:\/\/www.instagram.com\/revolutionpadelstore\/"]}]}},"_links":{"self":[{"href":"https:\/\/revolutionpadelstore.com\/fr\/wp-json\/wp\/v2\/product\/292971","targetHints":{"allow":["GET"]}}],"collection":[{"href":"https:\/\/revolutionpadelstore.com\/fr\/wp-json\/wp\/v2\/product"}],"about":[{"href":"https:\/\/revolutionpadelstore.com\/fr\/wp-json\/wp\/v2\/types\/product"}],"replies":[{"embeddable":true,"href":"https:\/\/revolutionpadelstore.com\/fr\/wp-json\/wp\/v2\/comments?post=292971"}],"wp:featuredmedia":[{"embeddable":true,"href":"https:\/\/revolutionpadelstore.com\/fr\/wp-json\/wp\/v2\/media\/292983"}],"wp:attachment":[{"href":"https:\/\/revolutionpadelstore.com\/fr\/wp-json\/wp\/v2\/media?parent=292971"}],"wp:term":[{"taxonomy":"acabado","embeddable":true,"href":"https:\/\/revolutionpadelstore.com\/fr\/wp-json\/wp\/v2\/acabado?post=292971"},{"taxonomy":"balance","embeddable":true,"href":"https:\/\/revolutionpadelstore.com\/fr\/wp-json\/wp\/v2\/balance?post=292971"},{"taxonomy":"dureza","embeddable":true,"href":"https:\/\/revolutionpadelstore.com\/fr\/wp-json\/wp\/v2\/dureza?post=292971"},{"taxonomy":"forma","embeddable":true,"href":"https:\/\/revolutionpadelstore.com\/fr\/wp-json\/wp\/v2\/forma?post=292971"},{"taxonomy":"jugador","embeddable":true,"href":"https:\/\/revolutionpadelstore.com\/fr\/wp-json\/wp\/v2\/jugador?post=292971"},{"taxonomy":"marca","embeddable":true,"href":"https:\/\/revolutionpadelstore.com\/fr\/wp-json\/wp\/v2\/marca?post=292971"},{"taxonomy":"nivel-de-juego","embeddable":true,"href":"https:\/\/revolutionpadelstore.com\/fr\/wp-json\/wp\/v2\/nivel-de-juego?post=292971"},{"taxonomy":"superficie","embeddable":true,"href":"https:\/\/revolutionpadelstore.com\/fr\/wp-json\/wp\/v2\/superficie?post=292971"},{"taxonomy":"tipo-de-juego","embeddable":true,"href":"https:\/\/revolutionpadelstore.com\/fr\/wp-json\/wp\/v2\/tipo-de-juego?post=292971"},{"taxonomy":"product_brand","embeddable":true,"href":"https:\/\/revolutionpadelstore.com\/fr\/wp-json\/wp\/v2\/product_brand?post=292971"},{"taxonomy":"product_cat","embeddable":true,"href":"https:\/\/revolutionpadelstore.com\/fr\/wp-json\/wp\/v2\/product_cat?post=292971"},{"taxonomy":"product_tag","embeddable":true,"href":"https:\/\/revolutionpadelstore.com\/fr\/wp-json\/wp\/v2\/product_tag?post=292971"}],"curies":[{"name":"wp","href":"https:\/\/api.w.org\/{rel}","templated":true}]}}