{"id":292862,"date":"2025-10-10T23:53:47","date_gmt":"2025-10-10T21:53:47","guid":{"rendered":"https:\/\/revolutionpadelstore.com\/nox-x-hero-white\/"},"modified":"2026-04-02T02:01:47","modified_gmt":"2026-04-02T00:01:47","slug":"nox-x-hero-white-3","status":"publish","type":"product","link":"https:\/\/revolutionpadelstore.com\/fr\/produit\/nox-x-hero-white-3\/","title":{"rendered":"NOX X-HERO WHITE"},"content":{"rendered":"<h2>NOX X-Hero White 2026 \u2013 Contr\u00f4le, douceur et style pour dominer d\u00e8s le premier coup<\/h2>\n<h2>Ma\u00eetrisez vos premiers pas en paddle-tennis avec un contr\u00f4le absolu<\/h2>\n<p>La <strong>NOX Gr\u00e2ce \u00e0 son format rond et son toucher doux, cette raquette vous permet de placer la balle avec une grande pr\u00e9cision, vous aidant \u00e0 minimiser les erreurs et \u00e0 am\u00e9liorer votre technique d\u00e8s le premier match.<\/p>\n<p>Avec un <strong>\u00e9quilibre moyen<\/strong> et une conception structurelle \u00e9quilibr\u00e9e, il offre un excellent contr\u00f4le sans sacrifier la maniabilit\u00e9, s&#8217;adaptant parfaitement \u00e0 un <strong>jeu polyvalent<\/strong>.<\/p>\n<h2>Esth\u00e9tique \u00e9l\u00e9gante, durabilit\u00e9 garantie<\/h2>\n<p>Le design de cette raquette se distingue par sa <strong>finition blanche brillante avec des d\u00e9tails minimalistes<\/strong>, transmettant un style moderne et sophistiqu\u00e9 sur le terrain. Il int\u00e8gre un <strong>cadre en carbone<\/strong> qui renforce sa rigidit\u00e9 et prolonge sa dur\u00e9e de vie, assurant une grande r\u00e9sistance \u00e0 une utilisation intensive.<\/p>\n<h2>Technologies et principales fonctionnalit\u00e9s<\/h2>\n<p><strong>-HR3 White EVA<\/strong> : Noyau de faible densit\u00e9 qui offre un <strong>toucher doux<\/strong>, id\u00e9al pour <strong>le contr\u00f4le et le confort<\/strong>.<\/p>\n<p><strong>-Fiber Glass 3K<\/strong> : Trois couches de fibre de verre qui am\u00e9liorent la <strong>durabilit\u00e9<\/strong> et la <strong>sortie de balle<\/strong>.<\/p>\n<p><strong>-Structure Composite Dynamique (DCS)<\/strong> : Renforce le cadre, \u00e9vitant les fissures ou les cassures.<\/p>\n<p><strong>-Cadre Carbone<\/strong> : Structure solide qui garantit une plus grande r\u00e9sistance et stabilit\u00e9.<\/p>\n<p><strong>-Forme ronde + \u00e9quilibre moyen<\/strong> : \u00e9largit le sweet spot, facilitant des frappes plus pr\u00e9cises et plus s\u00fbres.<\/p>\n<h2>Avancez avec confiance et style<\/h2>\n<p>Le <strong>NOX X-Hero White 2026<\/strong> est votre alli\u00e9 id\u00e9al si vous d\u00e9butez ou souhaitez passer au niveau sup\u00e9rieur. Il offre une combinaison \u00e9quilibr\u00e9e de contr\u00f4le, de douceur et de design, con\u00e7u pour que vous \u00e9voluiez en toute confiance depuis vos premiers entra\u00eenements jusqu&#8217;\u00e0 vos matchs les plus exigeants.<\/p>\n<h2>Id\u00e9al pour :<\/h2>\n<p>-Joueurs d\u00e9butants ou interm\u00e9diaires<\/p>\n<p>-Ceux qui recherchent <strong>contr\u00f4le, pr\u00e9cision et confort<\/strong><\/p>\n<p>-Les amateurs de design <strong>minimaliste et \u00e9l\u00e9gant<\/strong><\/p>\n<p>-Les joueurs qui pr\u00e9f\u00e8rent une raquette <strong>polyvalente<\/strong> pour la d\u00e9fense et l&#8217;attaque<\/p>\n<h2>Faites-en le v\u00f4tre d\u00e8s aujourd&#8217;hui !<\/h2>\n<p>Disponible d\u00e8s maintenant dans notre boutique en ligne <a href=\"https:\/\/www.revolutionpadelstore.com\/\">www.revolutionpadelstore.com<\/a>, probablement au <strong>meilleur prix du march\u00e9<\/strong>. Ne manquez pas cette opportunit\u00e9 d&#8217;am\u00e9liorer votre jeu avec une raquette NOX con\u00e7ue pour progresser avec vous !<\/p>\n<h2>NOX X-Hero White 2026 \u2013 Control, suavidad y estilo para dominar desde el primer golpe<\/h2>\n","protected":false},"excerpt":{"rendered":"<p>Osez dominer le terrain avec la <strong data-start=\"119\" data-end=\"144\">NOX X-Hero White 2026<\/strong>, une raquette qui allie <strong data-start=\"167\" data-end=\"217\">\u00e9l\u00e9gance, \u00e9quilibre et contr\u00f4le exceptionnel<\/strong>. Con\u00e7u pour les joueurs d\u00e9butants et interm\u00e9diaires afin de profiter de chaque coup avec un maximum de pr\u00e9cision et de style.<strong data-start=\"119\" data-end=\"144\">NOX X-Hero White 2026<\/strong><\/p>\n","protected":false},"featured_media":292898,"comment_status":"open","ping_status":"closed","template":"","meta":{"_acf_changed":false,"_joinchat":[]},"acabado":[1082],"balance":[1142],"dureza":[1152],"forma":[1182],"jugador":[],"marca":[1262],"nivel-de-juego":[1352],"superficie":[1357],"tipo-de-juego":[1372,1387],"product_brand":[],"product_cat":[302],"product_tag":[],"class_list":{"0":"post-292862","1":"product","2":"type-product","3":"status-publish","4":"has-post-thumbnail","6":"acabado-luminosite","7":"balance-moyen","8":"dureza-blanda-fr","9":"forma-rond","10":"marca-nox-fr","11":"superficie-lise","12":"tipo-de-juego-control-fr","13":"tipo-de-juego-polivalente-fr","14":"product_cat-palas-de-padel-fr","16":"first","17":"instock","18":"taxable","19":"shipping-taxable","20":"purchasable","21":"product-type-simple"},"acf":[],"yoast_head":"<!-- This site is optimized with the Yoast SEO plugin v27.3 - https:\/\/yoast.com\/product\/yoast-seo-wordpress\/ -->\n<title>NOX X-HERO WHITE - Revolution Padel Store<\/title>\n<meta name=\"description\" content=\"Descubre la NOX X-Hero White 2026, una pala de p\u00e1del ideal para jugadores principiantes e intermedios que buscan control, suavidad y dise\u00f1o elegante. \u00a1C\u00f3mprala en Revolution Padel Store al mejor precio!\" \/>\n<meta name=\"robots\" content=\"index, follow, max-snippet:-1, max-image-preview:large, max-video-preview:-1\" \/>\n<link rel=\"canonical\" href=\"https:\/\/revolutionpadelstore.com\/fr\/produit\/nox-x-hero-white-3\/\" \/>\n<meta property=\"og:locale\" content=\"fr_FR\" \/>\n<meta property=\"og:type\" content=\"article\" \/>\n<meta property=\"og:title\" content=\"NOX X-HERO WHITE - Revolution Padel Store\" \/>\n<meta property=\"og:description\" content=\"Descubre la NOX X-Hero White 2026, una pala de p\u00e1del ideal para jugadores principiantes e intermedios que buscan control, suavidad y dise\u00f1o elegante. \u00a1C\u00f3mprala en Revolution Padel Store al mejor precio!\" \/>\n<meta property=\"og:url\" content=\"https:\/\/revolutionpadelstore.com\/fr\/produit\/nox-x-hero-white-3\/\" \/>\n<meta property=\"og:site_name\" content=\"Revolution Padel Store\" \/>\n<meta property=\"article:modified_time\" content=\"2026-04-02T00:01:47+00:00\" \/>\n<meta property=\"og:image\" content=\"https:\/\/revolutionpadelstore.com\/wp-content\/uploads\/2025\/10\/120984-pala-nox-x-hero-white-pxherowh-1500x1500-1.webp\" \/>\n\t<meta property=\"og:image:width\" content=\"1500\" \/>\n\t<meta property=\"og:image:height\" content=\"1500\" \/>\n\t<meta property=\"og:image:type\" content=\"image\/webp\" \/>\n<meta name=\"twitter:card\" content=\"summary_large_image\" \/>\n<meta name=\"twitter:label1\" content=\"Dur\u00e9e de lecture estim\u00e9e\" \/>\n\t<meta name=\"twitter:data1\" content=\"2 minutes\" \/>\n<script type=\"application\/ld+json\" class=\"yoast-schema-graph\">{\"@context\":\"https:\\\/\\\/schema.org\",\"@graph\":[{\"@type\":\"WebPage\",\"@id\":\"https:\\\/\\\/revolutionpadelstore.com\\\/fr\\\/produit\\\/nox-x-hero-white-3\\\/\",\"url\":\"https:\\\/\\\/revolutionpadelstore.com\\\/fr\\\/produit\\\/nox-x-hero-white-3\\\/\",\"name\":\"NOX X-HERO WHITE - Revolution Padel Store\",\"isPartOf\":{\"@id\":\"https:\\\/\\\/revolutionpadelstore.com\\\/fr\\\/#website\"},\"primaryImageOfPage\":{\"@id\":\"https:\\\/\\\/revolutionpadelstore.com\\\/fr\\\/produit\\\/nox-x-hero-white-3\\\/#primaryimage\"},\"image\":{\"@id\":\"https:\\\/\\\/revolutionpadelstore.com\\\/fr\\\/produit\\\/nox-x-hero-white-3\\\/#primaryimage\"},\"thumbnailUrl\":\"https:\\\/\\\/revolutionpadelstore.com\\\/wp-content\\\/uploads\\\/2025\\\/10\\\/120984-pala-nox-x-hero-white-pxherowh-1500x1500-1.webp\",\"datePublished\":\"2025-10-10T21:53:47+00:00\",\"dateModified\":\"2026-04-02T00:01:47+00:00\",\"description\":\"Descubre la NOX X-Hero White 2026, una pala de p\u00e1del ideal para jugadores principiantes e intermedios que buscan control, suavidad y dise\u00f1o elegante. \u00a1C\u00f3mprala en Revolution Padel Store al mejor precio!\",\"breadcrumb\":{\"@id\":\"https:\\\/\\\/revolutionpadelstore.com\\\/fr\\\/produit\\\/nox-x-hero-white-3\\\/#breadcrumb\"},\"inLanguage\":\"fr-FR\",\"potentialAction\":[{\"@type\":\"ReadAction\",\"target\":[\"https:\\\/\\\/revolutionpadelstore.com\\\/fr\\\/produit\\\/nox-x-hero-white-3\\\/\"]}]},{\"@type\":\"ImageObject\",\"inLanguage\":\"fr-FR\",\"@id\":\"https:\\\/\\\/revolutionpadelstore.com\\\/fr\\\/produit\\\/nox-x-hero-white-3\\\/#primaryimage\",\"url\":\"https:\\\/\\\/revolutionpadelstore.com\\\/wp-content\\\/uploads\\\/2025\\\/10\\\/120984-pala-nox-x-hero-white-pxherowh-1500x1500-1.webp\",\"contentUrl\":\"https:\\\/\\\/revolutionpadelstore.com\\\/wp-content\\\/uploads\\\/2025\\\/10\\\/120984-pala-nox-x-hero-white-pxherowh-1500x1500-1.webp\",\"width\":1500,\"height\":1500},{\"@type\":\"BreadcrumbList\",\"@id\":\"https:\\\/\\\/revolutionpadelstore.com\\\/fr\\\/produit\\\/nox-x-hero-white-3\\\/#breadcrumb\",\"itemListElement\":[{\"@type\":\"ListItem\",\"position\":1,\"name\":\"Portada\",\"item\":\"https:\\\/\\\/revolutionpadelstore.com\\\/fr\\\/\"},{\"@type\":\"ListItem\",\"position\":2,\"name\":\"Boutique\",\"item\":\"https:\\\/\\\/revolutionpadelstore.com\\\/fr\\\/tienda\\\/\"},{\"@type\":\"ListItem\",\"position\":3,\"name\":\"NOX X-HERO WHITE\"}]},{\"@type\":\"WebSite\",\"@id\":\"https:\\\/\\\/revolutionpadelstore.com\\\/fr\\\/#website\",\"url\":\"https:\\\/\\\/revolutionpadelstore.com\\\/fr\\\/\",\"name\":\"Revolution Padel Store\",\"description\":\"\",\"publisher\":{\"@id\":\"https:\\\/\\\/revolutionpadelstore.com\\\/fr\\\/#organization\"},\"potentialAction\":[{\"@type\":\"SearchAction\",\"target\":{\"@type\":\"EntryPoint\",\"urlTemplate\":\"https:\\\/\\\/revolutionpadelstore.com\\\/fr\\\/?s={search_term_string}\"},\"query-input\":{\"@type\":\"PropertyValueSpecification\",\"valueRequired\":true,\"valueName\":\"search_term_string\"}}],\"inLanguage\":\"fr-FR\"},{\"@type\":\"Organization\",\"@id\":\"https:\\\/\\\/revolutionpadelstore.com\\\/fr\\\/#organization\",\"name\":\"Revolution Padel Store\",\"url\":\"https:\\\/\\\/revolutionpadelstore.com\\\/fr\\\/\",\"logo\":{\"@type\":\"ImageObject\",\"inLanguage\":\"fr-FR\",\"@id\":\"https:\\\/\\\/revolutionpadelstore.com\\\/fr\\\/#\\\/schema\\\/logo\\\/image\\\/\",\"url\":\"https:\\\/\\\/revolutionpadelstore.com\\\/wp-content\\\/uploads\\\/2026\\\/02\\\/revolution-padel-store.jpg\",\"contentUrl\":\"https:\\\/\\\/revolutionpadelstore.com\\\/wp-content\\\/uploads\\\/2026\\\/02\\\/revolution-padel-store.jpg\",\"width\":2000,\"height\":2000,\"caption\":\"Revolution Padel Store\"},\"image\":{\"@id\":\"https:\\\/\\\/revolutionpadelstore.com\\\/fr\\\/#\\\/schema\\\/logo\\\/image\\\/\"},\"sameAs\":[\"https:\\\/\\\/www.instagram.com\\\/revolutionpadelstore\\\/\"]}]}<\/script>\n<!-- \/ Yoast SEO plugin. -->","yoast_head_json":{"title":"NOX X-HERO WHITE - Revolution Padel Store","description":"Descubre la NOX X-Hero White 2026, una pala de p\u00e1del ideal para jugadores principiantes e intermedios que buscan control, suavidad y dise\u00f1o elegante. \u00a1C\u00f3mprala en Revolution Padel Store al mejor precio!","robots":{"index":"index","follow":"follow","max-snippet":"max-snippet:-1","max-image-preview":"max-image-preview:large","max-video-preview":"max-video-preview:-1"},"canonical":"https:\/\/revolutionpadelstore.com\/fr\/produit\/nox-x-hero-white-3\/","og_locale":"fr_FR","og_type":"article","og_title":"NOX X-HERO WHITE - Revolution Padel Store","og_description":"Descubre la NOX X-Hero White 2026, una pala de p\u00e1del ideal para jugadores principiantes e intermedios que buscan control, suavidad y dise\u00f1o elegante. \u00a1C\u00f3mprala en Revolution Padel Store al mejor precio!","og_url":"https:\/\/revolutionpadelstore.com\/fr\/produit\/nox-x-hero-white-3\/","og_site_name":"Revolution Padel Store","article_modified_time":"2026-04-02T00:01:47+00:00","og_image":[{"width":1500,"height":1500,"url":"https:\/\/revolutionpadelstore.com\/wp-content\/uploads\/2025\/10\/120984-pala-nox-x-hero-white-pxherowh-1500x1500-1.webp","type":"image\/webp"}],"twitter_card":"summary_large_image","twitter_misc":{"Dur\u00e9e de lecture estim\u00e9e":"2 minutes"},"schema":{"@context":"https:\/\/schema.org","@graph":[{"@type":"WebPage","@id":"https:\/\/revolutionpadelstore.com\/fr\/produit\/nox-x-hero-white-3\/","url":"https:\/\/revolutionpadelstore.com\/fr\/produit\/nox-x-hero-white-3\/","name":"NOX X-HERO WHITE - Revolution Padel Store","isPartOf":{"@id":"https:\/\/revolutionpadelstore.com\/fr\/#website"},"primaryImageOfPage":{"@id":"https:\/\/revolutionpadelstore.com\/fr\/produit\/nox-x-hero-white-3\/#primaryimage"},"image":{"@id":"https:\/\/revolutionpadelstore.com\/fr\/produit\/nox-x-hero-white-3\/#primaryimage"},"thumbnailUrl":"https:\/\/revolutionpadelstore.com\/wp-content\/uploads\/2025\/10\/120984-pala-nox-x-hero-white-pxherowh-1500x1500-1.webp","datePublished":"2025-10-10T21:53:47+00:00","dateModified":"2026-04-02T00:01:47+00:00","description":"Descubre la NOX X-Hero White 2026, una pala de p\u00e1del ideal para jugadores principiantes e intermedios que buscan control, suavidad y dise\u00f1o elegante. \u00a1C\u00f3mprala en Revolution Padel Store al mejor precio!","breadcrumb":{"@id":"https:\/\/revolutionpadelstore.com\/fr\/produit\/nox-x-hero-white-3\/#breadcrumb"},"inLanguage":"fr-FR","potentialAction":[{"@type":"ReadAction","target":["https:\/\/revolutionpadelstore.com\/fr\/produit\/nox-x-hero-white-3\/"]}]},{"@type":"ImageObject","inLanguage":"fr-FR","@id":"https:\/\/revolutionpadelstore.com\/fr\/produit\/nox-x-hero-white-3\/#primaryimage","url":"https:\/\/revolutionpadelstore.com\/wp-content\/uploads\/2025\/10\/120984-pala-nox-x-hero-white-pxherowh-1500x1500-1.webp","contentUrl":"https:\/\/revolutionpadelstore.com\/wp-content\/uploads\/2025\/10\/120984-pala-nox-x-hero-white-pxherowh-1500x1500-1.webp","width":1500,"height":1500},{"@type":"BreadcrumbList","@id":"https:\/\/revolutionpadelstore.com\/fr\/produit\/nox-x-hero-white-3\/#breadcrumb","itemListElement":[{"@type":"ListItem","position":1,"name":"Portada","item":"https:\/\/revolutionpadelstore.com\/fr\/"},{"@type":"ListItem","position":2,"name":"Boutique","item":"https:\/\/revolutionpadelstore.com\/fr\/tienda\/"},{"@type":"ListItem","position":3,"name":"NOX X-HERO WHITE"}]},{"@type":"WebSite","@id":"https:\/\/revolutionpadelstore.com\/fr\/#website","url":"https:\/\/revolutionpadelstore.com\/fr\/","name":"Revolution Padel Store","description":"","publisher":{"@id":"https:\/\/revolutionpadelstore.com\/fr\/#organization"},"potentialAction":[{"@type":"SearchAction","target":{"@type":"EntryPoint","urlTemplate":"https:\/\/revolutionpadelstore.com\/fr\/?s={search_term_string}"},"query-input":{"@type":"PropertyValueSpecification","valueRequired":true,"valueName":"search_term_string"}}],"inLanguage":"fr-FR"},{"@type":"Organization","@id":"https:\/\/revolutionpadelstore.com\/fr\/#organization","name":"Revolution Padel Store","url":"https:\/\/revolutionpadelstore.com\/fr\/","logo":{"@type":"ImageObject","inLanguage":"fr-FR","@id":"https:\/\/revolutionpadelstore.com\/fr\/#\/schema\/logo\/image\/","url":"https:\/\/revolutionpadelstore.com\/wp-content\/uploads\/2026\/02\/revolution-padel-store.jpg","contentUrl":"https:\/\/revolutionpadelstore.com\/wp-content\/uploads\/2026\/02\/revolution-padel-store.jpg","width":2000,"height":2000,"caption":"Revolution Padel Store"},"image":{"@id":"https:\/\/revolutionpadelstore.com\/fr\/#\/schema\/logo\/image\/"},"sameAs":["https:\/\/www.instagram.com\/revolutionpadelstore\/"]}]}},"_links":{"self":[{"href":"https:\/\/revolutionpadelstore.com\/fr\/wp-json\/wp\/v2\/product\/292862","targetHints":{"allow":["GET"]}}],"collection":[{"href":"https:\/\/revolutionpadelstore.com\/fr\/wp-json\/wp\/v2\/product"}],"about":[{"href":"https:\/\/revolutionpadelstore.com\/fr\/wp-json\/wp\/v2\/types\/product"}],"replies":[{"embeddable":true,"href":"https:\/\/revolutionpadelstore.com\/fr\/wp-json\/wp\/v2\/comments?post=292862"}],"wp:featuredmedia":[{"embeddable":true,"href":"https:\/\/revolutionpadelstore.com\/fr\/wp-json\/wp\/v2\/media\/292898"}],"wp:attachment":[{"href":"https:\/\/revolutionpadelstore.com\/fr\/wp-json\/wp\/v2\/media?parent=292862"}],"wp:term":[{"taxonomy":"acabado","embeddable":true,"href":"https:\/\/revolutionpadelstore.com\/fr\/wp-json\/wp\/v2\/acabado?post=292862"},{"taxonomy":"balance","embeddable":true,"href":"https:\/\/revolutionpadelstore.com\/fr\/wp-json\/wp\/v2\/balance?post=292862"},{"taxonomy":"dureza","embeddable":true,"href":"https:\/\/revolutionpadelstore.com\/fr\/wp-json\/wp\/v2\/dureza?post=292862"},{"taxonomy":"forma","embeddable":true,"href":"https:\/\/revolutionpadelstore.com\/fr\/wp-json\/wp\/v2\/forma?post=292862"},{"taxonomy":"jugador","embeddable":true,"href":"https:\/\/revolutionpadelstore.com\/fr\/wp-json\/wp\/v2\/jugador?post=292862"},{"taxonomy":"marca","embeddable":true,"href":"https:\/\/revolutionpadelstore.com\/fr\/wp-json\/wp\/v2\/marca?post=292862"},{"taxonomy":"nivel-de-juego","embeddable":true,"href":"https:\/\/revolutionpadelstore.com\/fr\/wp-json\/wp\/v2\/nivel-de-juego?post=292862"},{"taxonomy":"superficie","embeddable":true,"href":"https:\/\/revolutionpadelstore.com\/fr\/wp-json\/wp\/v2\/superficie?post=292862"},{"taxonomy":"tipo-de-juego","embeddable":true,"href":"https:\/\/revolutionpadelstore.com\/fr\/wp-json\/wp\/v2\/tipo-de-juego?post=292862"},{"taxonomy":"product_brand","embeddable":true,"href":"https:\/\/revolutionpadelstore.com\/fr\/wp-json\/wp\/v2\/product_brand?post=292862"},{"taxonomy":"product_cat","embeddable":true,"href":"https:\/\/revolutionpadelstore.com\/fr\/wp-json\/wp\/v2\/product_cat?post=292862"},{"taxonomy":"product_tag","embeddable":true,"href":"https:\/\/revolutionpadelstore.com\/fr\/wp-json\/wp\/v2\/product_tag?post=292862"}],"curies":[{"name":"wp","href":"https:\/\/api.w.org\/{rel}","templated":true}]}}