{"id":285200,"date":"2025-09-29T00:38:01","date_gmt":"2025-09-28T22:38:01","guid":{"rendered":"https:\/\/revolutionpadelstore.com\/?post_type=product&#038;p=285200"},"modified":"2026-04-10T14:01:50","modified_gmt":"2026-04-10T12:01:50","slug":"paletero-dunlop-intro-blk-fluo-green-3","status":"publish","type":"product","link":"https:\/\/revolutionpadelstore.com\/fr\/produit\/paletero-dunlop-intro-blk-fluo-green-3\/","title":{"rendered":"PALETERO DUNLOP INTRO BLK\/ FLUO GREEN"},"content":{"rendered":"<h2>Sac de pagaie Dunlop Tour Intro Green \u2013 Fonctionnalit\u00e9 et confort avec un design sportif<\/h2>\n<p>Le <strong>Dunlop Tour Intro Green Paddle Bag<\/strong> est l&#8217;option parfaite pour ceux qui cherchent \u00e0 transporter leur \u00e9quipement de padel de mani\u00e8re organis\u00e9e, confortable et \u00e9l\u00e9gante. Avec un design <strong>de taille interm\u00e9diaire<\/strong> et des lignes modernes, ce sac de raquette se distingue par sa praticit\u00e9 et sa r\u00e9partition optimale de l&#8217;espace.<\/p>\n<h2>Principales caract\u00e9ristiques du Dunlop Tour Intro Verde<\/h2>\n<p><strong>-Compartiment pour raquette de paddle-tennis<\/strong> : Espace ind\u00e9pendant con\u00e7u sp\u00e9cifiquement pour prot\u00e9ger votre raquette d&#8217;\u00e9ventuels chocs ou rayures.<\/p>\n<p><strong>-Grand compartiment principal<\/strong> : Avec une fermeture \u00e0 glissi\u00e8re robuste, id\u00e9al pour ranger les v\u00eatements de match, les serviettes, les accessoires et tout ce dont vous avez besoin pour vos entra\u00eenements et comp\u00e9titions.<\/p>\n<p><strong>-Taille id\u00e9ale (53x29x34 cm)<\/strong> : Son format interm\u00e9diaire vous permet de transporter l&#8217;essentiel sans transporter de poids inutile, en conservant toujours le confort pendant le transport.<\/p>\n<p><strong>-Design ergonomique et confortable<\/strong> : Con\u00e7u pour vous accompagner au quotidien, sans \u00eatre encombrant ni limit\u00e9 en capacit\u00e9.<\/p>\n<p><strong>-Mat\u00e9riaux durables<\/strong> : Construit avec des tissus r\u00e9sistants qui garantissent une longue dur\u00e9e de vie, m\u00eame en cas d&#8217;utilisation intensive.<\/p>\n<h2>Le paletero qui vous accompagne au quotidien<\/h2>\n<p>Ce mod\u00e8le de <strong>sac de padel Dunlop<\/strong> a \u00e9t\u00e9 con\u00e7u pour ceux qui appr\u00e9cient l&#8217;\u00e9quilibre parfait entre espace, l\u00e9g\u00e8ret\u00e9 et style. Il est id\u00e9al pour les <strong>joueurs r\u00e9guliers<\/strong> qui souhaitent emporter juste ce dont ils ont besoin, sans renoncer au confort ni \u00e0 l&#8217;ordre.<\/p>\n<p>La couleur verte, associ\u00e9e \u00e0 des finitions sobres et sportives, lui conf\u00e8re une touche distinctive qui ne passera pas inaper\u00e7ue sur piste.<\/p>\n<h2>Obtenez le v\u00f4tre maintenant !<\/h2>\n<p>Ne laissez pas le d\u00e9sordre g\u00e2cher votre routine de padel. Avec le <strong>Dunlop Tour Intro Green Paddle Bag<\/strong>, vous aurez tout \u00e0 port\u00e9e de main et prot\u00e9g\u00e9. <strong>Achetez maintenant dans notre boutique en ligne<\/strong> et pr\u00e9parez-vous \u00e0 vous d\u00e9marquer sur et hors piste.<\/p>\n<p><strong>Disponible d\u00e8s maintenant sur <a href=\"http:\/\/www.revolutionpadelstore.com\/\">www.revolutionpadelstore.com<\/a><\/strong>, probablement au meilleur prix du march\u00e9.<\/p>\n<h2>Paletero Dunlop Tour Intro Verde \u2013 Funcionalidad y comodidad con dise\u00f1o deportivo<\/h2>\n","protected":false},"excerpt":{"rendered":"<p>Le sac de padel Dunlop Tour Intro Green est le choix id\u00e9al pour ceux qui souhaitent transporter leur \u00e9quipement de padel confortablement, proprement et avec une touche de style.<\/p>\n","protected":false},"featured_media":293020,"comment_status":"open","ping_status":"closed","template":"","meta":{"_acf_changed":false,"_joinchat":[]},"acabado":[],"balance":[],"dureza":[],"forma":[],"jugador":[],"marca":[1212],"nivel-de-juego":[],"superficie":[],"tipo-de-juego":[],"product_brand":[],"product_cat":[320],"product_tag":[],"class_list":{"0":"post-285200","1":"product","2":"type-product","3":"status-publish","4":"has-post-thumbnail","6":"marca-dunlop-fr","7":"product_cat-sacs","9":"first","10":"instock","11":"sale","12":"taxable","13":"shipping-taxable","14":"purchasable","15":"product-type-simple"},"acf":[],"yoast_head":"<!-- This site is optimized with the Yoast SEO plugin v27.4 - https:\/\/yoast.com\/product\/yoast-seo-wordpress\/ -->\n<title>PALETERO DUNLOP INTRO BLK\/ FLUO GREEN - Revolution Padel Store<\/title>\n<meta name=\"description\" content=\"Compra el Paletero Dunlop Tour Intro Verde, pr\u00e1ctico, resistente y con espacio ideal para pala y ropa. Dise\u00f1o ergon\u00f3mico. Disponible en Revolution Padel Store al mejor precio.\" \/>\n<meta name=\"robots\" content=\"index, follow, max-snippet:-1, max-image-preview:large, max-video-preview:-1\" \/>\n<link rel=\"canonical\" href=\"https:\/\/revolutionpadelstore.com\/fr\/produit\/paletero-dunlop-intro-blk-fluo-green-3\/\" \/>\n<meta property=\"og:locale\" content=\"fr_FR\" \/>\n<meta property=\"og:type\" content=\"article\" \/>\n<meta property=\"og:title\" content=\"PALETERO DUNLOP INTRO BLK\/ FLUO GREEN - Revolution Padel Store\" \/>\n<meta property=\"og:description\" content=\"Compra el Paletero Dunlop Tour Intro Verde, pr\u00e1ctico, resistente y con espacio ideal para pala y ropa. Dise\u00f1o ergon\u00f3mico. Disponible en Revolution Padel Store al mejor precio.\" \/>\n<meta property=\"og:url\" content=\"https:\/\/revolutionpadelstore.com\/fr\/produit\/paletero-dunlop-intro-blk-fluo-green-3\/\" \/>\n<meta property=\"og:site_name\" content=\"Revolution Padel Store\" \/>\n<meta property=\"article:modified_time\" content=\"2026-04-10T12:01:50+00:00\" \/>\n<meta property=\"og:image\" content=\"https:\/\/revolutionpadelstore.com\/wp-content\/uploads\/2025\/09\/FOTO-PALAS-35.png\" \/>\n\t<meta property=\"og:image:width\" content=\"1500\" \/>\n\t<meta property=\"og:image:height\" content=\"1500\" \/>\n\t<meta property=\"og:image:type\" content=\"image\/png\" \/>\n<meta name=\"twitter:card\" content=\"summary_large_image\" \/>\n<meta name=\"twitter:label1\" content=\"Dur\u00e9e de lecture estim\u00e9e\" \/>\n\t<meta name=\"twitter:data1\" content=\"2 minutes\" \/>\n<script type=\"application\/ld+json\" class=\"yoast-schema-graph\">{\"@context\":\"https:\\\/\\\/schema.org\",\"@graph\":[{\"@type\":\"WebPage\",\"@id\":\"https:\\\/\\\/revolutionpadelstore.com\\\/fr\\\/produit\\\/paletero-dunlop-intro-blk-fluo-green-3\\\/\",\"url\":\"https:\\\/\\\/revolutionpadelstore.com\\\/fr\\\/produit\\\/paletero-dunlop-intro-blk-fluo-green-3\\\/\",\"name\":\"PALETERO DUNLOP INTRO BLK\\\/ FLUO GREEN - Revolution Padel Store\",\"isPartOf\":{\"@id\":\"https:\\\/\\\/revolutionpadelstore.com\\\/fr\\\/#website\"},\"primaryImageOfPage\":{\"@id\":\"https:\\\/\\\/revolutionpadelstore.com\\\/fr\\\/produit\\\/paletero-dunlop-intro-blk-fluo-green-3\\\/#primaryimage\"},\"image\":{\"@id\":\"https:\\\/\\\/revolutionpadelstore.com\\\/fr\\\/produit\\\/paletero-dunlop-intro-blk-fluo-green-3\\\/#primaryimage\"},\"thumbnailUrl\":\"https:\\\/\\\/revolutionpadelstore.com\\\/wp-content\\\/uploads\\\/2025\\\/09\\\/FOTO-PALAS-35.png\",\"datePublished\":\"2025-09-28T22:38:01+00:00\",\"dateModified\":\"2026-04-10T12:01:50+00:00\",\"description\":\"Compra el Paletero Dunlop Tour Intro Verde, pr\u00e1ctico, resistente y con espacio ideal para pala y ropa. Dise\u00f1o ergon\u00f3mico. Disponible en Revolution Padel Store al mejor precio.\",\"breadcrumb\":{\"@id\":\"https:\\\/\\\/revolutionpadelstore.com\\\/fr\\\/produit\\\/paletero-dunlop-intro-blk-fluo-green-3\\\/#breadcrumb\"},\"inLanguage\":\"fr-FR\",\"potentialAction\":[{\"@type\":\"ReadAction\",\"target\":[\"https:\\\/\\\/revolutionpadelstore.com\\\/fr\\\/produit\\\/paletero-dunlop-intro-blk-fluo-green-3\\\/\"]}]},{\"@type\":\"ImageObject\",\"inLanguage\":\"fr-FR\",\"@id\":\"https:\\\/\\\/revolutionpadelstore.com\\\/fr\\\/produit\\\/paletero-dunlop-intro-blk-fluo-green-3\\\/#primaryimage\",\"url\":\"https:\\\/\\\/revolutionpadelstore.com\\\/wp-content\\\/uploads\\\/2025\\\/09\\\/FOTO-PALAS-35.png\",\"contentUrl\":\"https:\\\/\\\/revolutionpadelstore.com\\\/wp-content\\\/uploads\\\/2025\\\/09\\\/FOTO-PALAS-35.png\",\"width\":1500,\"height\":1500},{\"@type\":\"BreadcrumbList\",\"@id\":\"https:\\\/\\\/revolutionpadelstore.com\\\/fr\\\/produit\\\/paletero-dunlop-intro-blk-fluo-green-3\\\/#breadcrumb\",\"itemListElement\":[{\"@type\":\"ListItem\",\"position\":1,\"name\":\"Portada\",\"item\":\"https:\\\/\\\/revolutionpadelstore.com\\\/fr\\\/\"},{\"@type\":\"ListItem\",\"position\":2,\"name\":\"Boutique\",\"item\":\"https:\\\/\\\/revolutionpadelstore.com\\\/fr\\\/tienda\\\/\"},{\"@type\":\"ListItem\",\"position\":3,\"name\":\"PALETERO DUNLOP INTRO BLK\\\/ FLUO GREEN\"}]},{\"@type\":\"WebSite\",\"@id\":\"https:\\\/\\\/revolutionpadelstore.com\\\/fr\\\/#website\",\"url\":\"https:\\\/\\\/revolutionpadelstore.com\\\/fr\\\/\",\"name\":\"Revolution Padel Store\",\"description\":\"\",\"publisher\":{\"@id\":\"https:\\\/\\\/revolutionpadelstore.com\\\/fr\\\/#organization\"},\"potentialAction\":[{\"@type\":\"SearchAction\",\"target\":{\"@type\":\"EntryPoint\",\"urlTemplate\":\"https:\\\/\\\/revolutionpadelstore.com\\\/fr\\\/?s={search_term_string}\"},\"query-input\":{\"@type\":\"PropertyValueSpecification\",\"valueRequired\":true,\"valueName\":\"search_term_string\"}}],\"inLanguage\":\"fr-FR\"},{\"@type\":\"Organization\",\"@id\":\"https:\\\/\\\/revolutionpadelstore.com\\\/fr\\\/#organization\",\"name\":\"Revolution Padel Store\",\"url\":\"https:\\\/\\\/revolutionpadelstore.com\\\/fr\\\/\",\"logo\":{\"@type\":\"ImageObject\",\"inLanguage\":\"fr-FR\",\"@id\":\"https:\\\/\\\/revolutionpadelstore.com\\\/fr\\\/#\\\/schema\\\/logo\\\/image\\\/\",\"url\":\"https:\\\/\\\/revolutionpadelstore.com\\\/wp-content\\\/uploads\\\/2026\\\/02\\\/revolution-padel-store.jpg\",\"contentUrl\":\"https:\\\/\\\/revolutionpadelstore.com\\\/wp-content\\\/uploads\\\/2026\\\/02\\\/revolution-padel-store.jpg\",\"width\":2000,\"height\":2000,\"caption\":\"Revolution Padel Store\"},\"image\":{\"@id\":\"https:\\\/\\\/revolutionpadelstore.com\\\/fr\\\/#\\\/schema\\\/logo\\\/image\\\/\"},\"sameAs\":[\"https:\\\/\\\/www.instagram.com\\\/revolutionpadelstore\\\/\"]}]}<\/script>\n<!-- \/ Yoast SEO plugin. -->","yoast_head_json":{"title":"PALETERO DUNLOP INTRO BLK\/ FLUO GREEN - Revolution Padel Store","description":"Compra el Paletero Dunlop Tour Intro Verde, pr\u00e1ctico, resistente y con espacio ideal para pala y ropa. Dise\u00f1o ergon\u00f3mico. Disponible en Revolution Padel Store al mejor precio.","robots":{"index":"index","follow":"follow","max-snippet":"max-snippet:-1","max-image-preview":"max-image-preview:large","max-video-preview":"max-video-preview:-1"},"canonical":"https:\/\/revolutionpadelstore.com\/fr\/produit\/paletero-dunlop-intro-blk-fluo-green-3\/","og_locale":"fr_FR","og_type":"article","og_title":"PALETERO DUNLOP INTRO BLK\/ FLUO GREEN - Revolution Padel Store","og_description":"Compra el Paletero Dunlop Tour Intro Verde, pr\u00e1ctico, resistente y con espacio ideal para pala y ropa. Dise\u00f1o ergon\u00f3mico. Disponible en Revolution Padel Store al mejor precio.","og_url":"https:\/\/revolutionpadelstore.com\/fr\/produit\/paletero-dunlop-intro-blk-fluo-green-3\/","og_site_name":"Revolution Padel Store","article_modified_time":"2026-04-10T12:01:50+00:00","og_image":[{"width":1500,"height":1500,"url":"https:\/\/revolutionpadelstore.com\/wp-content\/uploads\/2025\/09\/FOTO-PALAS-35.png","type":"image\/png"}],"twitter_card":"summary_large_image","twitter_misc":{"Dur\u00e9e de lecture estim\u00e9e":"2 minutes"},"schema":{"@context":"https:\/\/schema.org","@graph":[{"@type":"WebPage","@id":"https:\/\/revolutionpadelstore.com\/fr\/produit\/paletero-dunlop-intro-blk-fluo-green-3\/","url":"https:\/\/revolutionpadelstore.com\/fr\/produit\/paletero-dunlop-intro-blk-fluo-green-3\/","name":"PALETERO DUNLOP INTRO BLK\/ FLUO GREEN - Revolution Padel Store","isPartOf":{"@id":"https:\/\/revolutionpadelstore.com\/fr\/#website"},"primaryImageOfPage":{"@id":"https:\/\/revolutionpadelstore.com\/fr\/produit\/paletero-dunlop-intro-blk-fluo-green-3\/#primaryimage"},"image":{"@id":"https:\/\/revolutionpadelstore.com\/fr\/produit\/paletero-dunlop-intro-blk-fluo-green-3\/#primaryimage"},"thumbnailUrl":"https:\/\/revolutionpadelstore.com\/wp-content\/uploads\/2025\/09\/FOTO-PALAS-35.png","datePublished":"2025-09-28T22:38:01+00:00","dateModified":"2026-04-10T12:01:50+00:00","description":"Compra el Paletero Dunlop Tour Intro Verde, pr\u00e1ctico, resistente y con espacio ideal para pala y ropa. Dise\u00f1o ergon\u00f3mico. Disponible en Revolution Padel Store al mejor precio.","breadcrumb":{"@id":"https:\/\/revolutionpadelstore.com\/fr\/produit\/paletero-dunlop-intro-blk-fluo-green-3\/#breadcrumb"},"inLanguage":"fr-FR","potentialAction":[{"@type":"ReadAction","target":["https:\/\/revolutionpadelstore.com\/fr\/produit\/paletero-dunlop-intro-blk-fluo-green-3\/"]}]},{"@type":"ImageObject","inLanguage":"fr-FR","@id":"https:\/\/revolutionpadelstore.com\/fr\/produit\/paletero-dunlop-intro-blk-fluo-green-3\/#primaryimage","url":"https:\/\/revolutionpadelstore.com\/wp-content\/uploads\/2025\/09\/FOTO-PALAS-35.png","contentUrl":"https:\/\/revolutionpadelstore.com\/wp-content\/uploads\/2025\/09\/FOTO-PALAS-35.png","width":1500,"height":1500},{"@type":"BreadcrumbList","@id":"https:\/\/revolutionpadelstore.com\/fr\/produit\/paletero-dunlop-intro-blk-fluo-green-3\/#breadcrumb","itemListElement":[{"@type":"ListItem","position":1,"name":"Portada","item":"https:\/\/revolutionpadelstore.com\/fr\/"},{"@type":"ListItem","position":2,"name":"Boutique","item":"https:\/\/revolutionpadelstore.com\/fr\/tienda\/"},{"@type":"ListItem","position":3,"name":"PALETERO DUNLOP INTRO BLK\/ FLUO GREEN"}]},{"@type":"WebSite","@id":"https:\/\/revolutionpadelstore.com\/fr\/#website","url":"https:\/\/revolutionpadelstore.com\/fr\/","name":"Revolution Padel Store","description":"","publisher":{"@id":"https:\/\/revolutionpadelstore.com\/fr\/#organization"},"potentialAction":[{"@type":"SearchAction","target":{"@type":"EntryPoint","urlTemplate":"https:\/\/revolutionpadelstore.com\/fr\/?s={search_term_string}"},"query-input":{"@type":"PropertyValueSpecification","valueRequired":true,"valueName":"search_term_string"}}],"inLanguage":"fr-FR"},{"@type":"Organization","@id":"https:\/\/revolutionpadelstore.com\/fr\/#organization","name":"Revolution Padel Store","url":"https:\/\/revolutionpadelstore.com\/fr\/","logo":{"@type":"ImageObject","inLanguage":"fr-FR","@id":"https:\/\/revolutionpadelstore.com\/fr\/#\/schema\/logo\/image\/","url":"https:\/\/revolutionpadelstore.com\/wp-content\/uploads\/2026\/02\/revolution-padel-store.jpg","contentUrl":"https:\/\/revolutionpadelstore.com\/wp-content\/uploads\/2026\/02\/revolution-padel-store.jpg","width":2000,"height":2000,"caption":"Revolution Padel Store"},"image":{"@id":"https:\/\/revolutionpadelstore.com\/fr\/#\/schema\/logo\/image\/"},"sameAs":["https:\/\/www.instagram.com\/revolutionpadelstore\/"]}]}},"_links":{"self":[{"href":"https:\/\/revolutionpadelstore.com\/fr\/wp-json\/wp\/v2\/product\/285200","targetHints":{"allow":["GET"]}}],"collection":[{"href":"https:\/\/revolutionpadelstore.com\/fr\/wp-json\/wp\/v2\/product"}],"about":[{"href":"https:\/\/revolutionpadelstore.com\/fr\/wp-json\/wp\/v2\/types\/product"}],"replies":[{"embeddable":true,"href":"https:\/\/revolutionpadelstore.com\/fr\/wp-json\/wp\/v2\/comments?post=285200"}],"wp:featuredmedia":[{"embeddable":true,"href":"https:\/\/revolutionpadelstore.com\/fr\/wp-json\/wp\/v2\/media\/293020"}],"wp:attachment":[{"href":"https:\/\/revolutionpadelstore.com\/fr\/wp-json\/wp\/v2\/media?parent=285200"}],"wp:term":[{"taxonomy":"acabado","embeddable":true,"href":"https:\/\/revolutionpadelstore.com\/fr\/wp-json\/wp\/v2\/acabado?post=285200"},{"taxonomy":"balance","embeddable":true,"href":"https:\/\/revolutionpadelstore.com\/fr\/wp-json\/wp\/v2\/balance?post=285200"},{"taxonomy":"dureza","embeddable":true,"href":"https:\/\/revolutionpadelstore.com\/fr\/wp-json\/wp\/v2\/dureza?post=285200"},{"taxonomy":"forma","embeddable":true,"href":"https:\/\/revolutionpadelstore.com\/fr\/wp-json\/wp\/v2\/forma?post=285200"},{"taxonomy":"jugador","embeddable":true,"href":"https:\/\/revolutionpadelstore.com\/fr\/wp-json\/wp\/v2\/jugador?post=285200"},{"taxonomy":"marca","embeddable":true,"href":"https:\/\/revolutionpadelstore.com\/fr\/wp-json\/wp\/v2\/marca?post=285200"},{"taxonomy":"nivel-de-juego","embeddable":true,"href":"https:\/\/revolutionpadelstore.com\/fr\/wp-json\/wp\/v2\/nivel-de-juego?post=285200"},{"taxonomy":"superficie","embeddable":true,"href":"https:\/\/revolutionpadelstore.com\/fr\/wp-json\/wp\/v2\/superficie?post=285200"},{"taxonomy":"tipo-de-juego","embeddable":true,"href":"https:\/\/revolutionpadelstore.com\/fr\/wp-json\/wp\/v2\/tipo-de-juego?post=285200"},{"taxonomy":"product_brand","embeddable":true,"href":"https:\/\/revolutionpadelstore.com\/fr\/wp-json\/wp\/v2\/product_brand?post=285200"},{"taxonomy":"product_cat","embeddable":true,"href":"https:\/\/revolutionpadelstore.com\/fr\/wp-json\/wp\/v2\/product_cat?post=285200"},{"taxonomy":"product_tag","embeddable":true,"href":"https:\/\/revolutionpadelstore.com\/fr\/wp-json\/wp\/v2\/product_tag?post=285200"}],"curies":[{"name":"wp","href":"https:\/\/api.w.org\/{rel}","templated":true}]}}