{"id":285190,"date":"2025-09-29T00:41:09","date_gmt":"2025-09-28T22:41:09","guid":{"rendered":"https:\/\/revolutionpadelstore.com\/?post_type=product&#038;p=285190"},"modified":"2026-04-10T14:01:59","modified_gmt":"2026-04-10T12:01:59","slug":"paletero-dunlop-intro-blk-fluo-yellow-3","status":"publish","type":"product","link":"https:\/\/revolutionpadelstore.com\/fr\/produit\/paletero-dunlop-intro-blk-fluo-yellow-3\/","title":{"rendered":"PALETERO DUNLOP INTRO BLK\/ FLUO YELLOW"},"content":{"rendered":"<h2>Sac Dunlop Intro Yellow Paddle \u2013 Confort et style classique pour vos matchs<\/h2>\n<p>Le <strong>Sac de padel Dunlop Intro Yellow<\/strong> est le choix id\u00e9al pour les joueurs \u00e0 la recherche de praticit\u00e9 et de style \u00e0 chaque match de padel. Avec un design classique mais fonctionnel, ce sac de raquette vous permet de transporter tout ce dont vous avez besoin sans complications, en conservant toujours confort et organisation.<\/p>\n<h2>Fonctionnalit\u00e9s mises en \u00e9vidence<\/h2>\n<p><strong>-Deux grands compartiments<\/strong> : Suffisamment d&#8217;espace pour ranger vos raquettes de padel, vos v\u00eatements de rechange et vos accessoires essentiels.<\/p>\n<p><strong>-Polyvalence dans le transport<\/strong> : Portez-le confortablement \u00e0 la main avec sa poign\u00e9e principale ou en sac \u00e0 dos gr\u00e2ce \u00e0 ses \u00e9paulettes renforc\u00e9es.<\/p>\n<p><strong>-Confort garanti<\/strong> : Poign\u00e9es rembourr\u00e9es et r\u00e9glables qui s&#8217;adaptent \u00e0 vous, m\u00eame lors de longs trajets.<\/p>\n<p><strong>-Mat\u00e9riaux de haute qualit\u00e9<\/strong> : Con\u00e7us pour r\u00e9sister \u00e0 un usage intensif et prot\u00e9ger votre \u00e9quipement \u00e0 tout moment.<\/p>\n<p><strong>-Design attrayant<\/strong> : disponible dans une combinaison de couleurs vives : jaune, noir et blanc.<\/p>\n<h2>Sp\u00e9cifications techniques<\/h2>\n<p><strong>-Dimensions<\/strong> : 53 cm (longueur) x 26 cm (profondeur) x 28 cm (hauteur)<\/p>\n<p><strong>-Couleurs<\/strong> : Jaune, noir et blanc<\/p>\n<p><strong>-Marque<\/strong> : Dunlop P\u00e1del \u2013 synonyme d&#8217;innovation, de durabilit\u00e9 et de qualit\u00e9 dans le monde du padel.<\/p>\n<h2>Pourquoi choisir le sac de padel Dunlop Intro ?<\/h2>\n<p>Ce mod\u00e8le est parfait pour ceux qui recherchent un <strong>sac \u00e0 dos de padel pratique et l\u00e9ger<\/strong>, sans sacrifier l&#8217;espace ni la qualit\u00e9. Son design ergonomique et son esth\u00e9tique moderne en font un accessoire incontournable aussi bien pour les joueurs d\u00e9butants que interm\u00e9diaires.<\/p>\n<p>De plus, la marque <strong>Dunlop<\/strong> est reconnue internationalement pour son engagement en faveur de l&#8217;innovation et de la performance sportive, garantissant un excellent rapport qualit\u00e9-prix.<\/p>\n<p><strong>Obtenez le sac de padel Dunlop Intro Yellow maintenant sur <a href=\"http:\/\/www.revolutionpadelstore.com\/\">www.revolutionpadelstore.com<\/a>, probablement au meilleur prix du march\u00e9.<\/strong><\/p>\n","protected":false},"excerpt":{"rendered":"<p>Le sac de padel Dunlop Intro Yellow est parfait pour ceux qui recherchent du confort et une touche de style \u00e0 chaque match de padel.<\/p>\n","protected":false},"featured_media":293047,"comment_status":"open","ping_status":"closed","template":"","meta":{"_acf_changed":false,"_joinchat":[]},"acabado":[],"balance":[],"dureza":[],"forma":[],"jugador":[],"marca":[1212],"nivel-de-juego":[],"superficie":[],"tipo-de-juego":[],"product_brand":[],"product_cat":[320],"product_tag":[],"class_list":{"0":"post-285190","1":"product","2":"type-product","3":"status-publish","4":"has-post-thumbnail","6":"marca-dunlop-fr","7":"product_cat-sacs","9":"first","10":"instock","11":"sale","12":"taxable","13":"shipping-taxable","14":"purchasable","15":"product-type-simple"},"acf":[],"yoast_head":"<!-- This site is optimized with the Yoast SEO plugin v27.4 - https:\/\/yoast.com\/product\/yoast-seo-wordpress\/ -->\n<title>PALETERO DUNLOP INTRO BLK\/ FLUO YELLOW - Revolution Padel Store<\/title>\n<meta name=\"description\" content=\"Descubre el paletero Dunlop Intro Amarillo, ideal para llevar tus palas y accesorios de p\u00e1del con comodidad y estilo. \u00a1Disponible en Revolution Padel Store al mejor precio!\" \/>\n<meta name=\"robots\" content=\"index, follow, max-snippet:-1, max-image-preview:large, max-video-preview:-1\" \/>\n<link rel=\"canonical\" href=\"https:\/\/revolutionpadelstore.com\/fr\/produit\/paletero-dunlop-intro-blk-fluo-yellow-3\/\" \/>\n<meta property=\"og:locale\" content=\"fr_FR\" \/>\n<meta property=\"og:type\" content=\"article\" \/>\n<meta property=\"og:title\" content=\"PALETERO DUNLOP INTRO BLK\/ FLUO YELLOW - Revolution Padel Store\" \/>\n<meta property=\"og:description\" content=\"Descubre el paletero Dunlop Intro Amarillo, ideal para llevar tus palas y accesorios de p\u00e1del con comodidad y estilo. \u00a1Disponible en Revolution Padel Store al mejor precio!\" \/>\n<meta property=\"og:url\" content=\"https:\/\/revolutionpadelstore.com\/fr\/produit\/paletero-dunlop-intro-blk-fluo-yellow-3\/\" \/>\n<meta property=\"og:site_name\" content=\"Revolution Padel Store\" \/>\n<meta property=\"article:modified_time\" content=\"2026-04-10T12:01:59+00:00\" \/>\n<meta property=\"og:image\" content=\"https:\/\/revolutionpadelstore.com\/wp-content\/uploads\/2025\/09\/FOTO-PALAS-37.png\" \/>\n\t<meta property=\"og:image:width\" content=\"1500\" \/>\n\t<meta property=\"og:image:height\" content=\"1500\" \/>\n\t<meta property=\"og:image:type\" content=\"image\/png\" \/>\n<meta name=\"twitter:card\" content=\"summary_large_image\" \/>\n<meta name=\"twitter:label1\" content=\"Dur\u00e9e de lecture estim\u00e9e\" \/>\n\t<meta name=\"twitter:data1\" content=\"1 minute\" \/>\n<script type=\"application\/ld+json\" class=\"yoast-schema-graph\">{\"@context\":\"https:\\\/\\\/schema.org\",\"@graph\":[{\"@type\":\"WebPage\",\"@id\":\"https:\\\/\\\/revolutionpadelstore.com\\\/fr\\\/produit\\\/paletero-dunlop-intro-blk-fluo-yellow-3\\\/\",\"url\":\"https:\\\/\\\/revolutionpadelstore.com\\\/fr\\\/produit\\\/paletero-dunlop-intro-blk-fluo-yellow-3\\\/\",\"name\":\"PALETERO DUNLOP INTRO BLK\\\/ FLUO YELLOW - Revolution Padel Store\",\"isPartOf\":{\"@id\":\"https:\\\/\\\/revolutionpadelstore.com\\\/fr\\\/#website\"},\"primaryImageOfPage\":{\"@id\":\"https:\\\/\\\/revolutionpadelstore.com\\\/fr\\\/produit\\\/paletero-dunlop-intro-blk-fluo-yellow-3\\\/#primaryimage\"},\"image\":{\"@id\":\"https:\\\/\\\/revolutionpadelstore.com\\\/fr\\\/produit\\\/paletero-dunlop-intro-blk-fluo-yellow-3\\\/#primaryimage\"},\"thumbnailUrl\":\"https:\\\/\\\/revolutionpadelstore.com\\\/wp-content\\\/uploads\\\/2025\\\/09\\\/FOTO-PALAS-37.png\",\"datePublished\":\"2025-09-28T22:41:09+00:00\",\"dateModified\":\"2026-04-10T12:01:59+00:00\",\"description\":\"Descubre el paletero Dunlop Intro Amarillo, ideal para llevar tus palas y accesorios de p\u00e1del con comodidad y estilo. \u00a1Disponible en Revolution Padel Store al mejor precio!\",\"breadcrumb\":{\"@id\":\"https:\\\/\\\/revolutionpadelstore.com\\\/fr\\\/produit\\\/paletero-dunlop-intro-blk-fluo-yellow-3\\\/#breadcrumb\"},\"inLanguage\":\"fr-FR\",\"potentialAction\":[{\"@type\":\"ReadAction\",\"target\":[\"https:\\\/\\\/revolutionpadelstore.com\\\/fr\\\/produit\\\/paletero-dunlop-intro-blk-fluo-yellow-3\\\/\"]}]},{\"@type\":\"ImageObject\",\"inLanguage\":\"fr-FR\",\"@id\":\"https:\\\/\\\/revolutionpadelstore.com\\\/fr\\\/produit\\\/paletero-dunlop-intro-blk-fluo-yellow-3\\\/#primaryimage\",\"url\":\"https:\\\/\\\/revolutionpadelstore.com\\\/wp-content\\\/uploads\\\/2025\\\/09\\\/FOTO-PALAS-37.png\",\"contentUrl\":\"https:\\\/\\\/revolutionpadelstore.com\\\/wp-content\\\/uploads\\\/2025\\\/09\\\/FOTO-PALAS-37.png\",\"width\":1500,\"height\":1500},{\"@type\":\"BreadcrumbList\",\"@id\":\"https:\\\/\\\/revolutionpadelstore.com\\\/fr\\\/produit\\\/paletero-dunlop-intro-blk-fluo-yellow-3\\\/#breadcrumb\",\"itemListElement\":[{\"@type\":\"ListItem\",\"position\":1,\"name\":\"Portada\",\"item\":\"https:\\\/\\\/revolutionpadelstore.com\\\/fr\\\/\"},{\"@type\":\"ListItem\",\"position\":2,\"name\":\"Boutique\",\"item\":\"https:\\\/\\\/revolutionpadelstore.com\\\/fr\\\/tienda\\\/\"},{\"@type\":\"ListItem\",\"position\":3,\"name\":\"PALETERO DUNLOP INTRO BLK\\\/ FLUO YELLOW\"}]},{\"@type\":\"WebSite\",\"@id\":\"https:\\\/\\\/revolutionpadelstore.com\\\/fr\\\/#website\",\"url\":\"https:\\\/\\\/revolutionpadelstore.com\\\/fr\\\/\",\"name\":\"Revolution Padel Store\",\"description\":\"\",\"publisher\":{\"@id\":\"https:\\\/\\\/revolutionpadelstore.com\\\/fr\\\/#organization\"},\"potentialAction\":[{\"@type\":\"SearchAction\",\"target\":{\"@type\":\"EntryPoint\",\"urlTemplate\":\"https:\\\/\\\/revolutionpadelstore.com\\\/fr\\\/?s={search_term_string}\"},\"query-input\":{\"@type\":\"PropertyValueSpecification\",\"valueRequired\":true,\"valueName\":\"search_term_string\"}}],\"inLanguage\":\"fr-FR\"},{\"@type\":\"Organization\",\"@id\":\"https:\\\/\\\/revolutionpadelstore.com\\\/fr\\\/#organization\",\"name\":\"Revolution Padel Store\",\"url\":\"https:\\\/\\\/revolutionpadelstore.com\\\/fr\\\/\",\"logo\":{\"@type\":\"ImageObject\",\"inLanguage\":\"fr-FR\",\"@id\":\"https:\\\/\\\/revolutionpadelstore.com\\\/fr\\\/#\\\/schema\\\/logo\\\/image\\\/\",\"url\":\"https:\\\/\\\/revolutionpadelstore.com\\\/wp-content\\\/uploads\\\/2026\\\/02\\\/revolution-padel-store.jpg\",\"contentUrl\":\"https:\\\/\\\/revolutionpadelstore.com\\\/wp-content\\\/uploads\\\/2026\\\/02\\\/revolution-padel-store.jpg\",\"width\":2000,\"height\":2000,\"caption\":\"Revolution Padel Store\"},\"image\":{\"@id\":\"https:\\\/\\\/revolutionpadelstore.com\\\/fr\\\/#\\\/schema\\\/logo\\\/image\\\/\"},\"sameAs\":[\"https:\\\/\\\/www.instagram.com\\\/revolutionpadelstore\\\/\"]}]}<\/script>\n<!-- \/ Yoast SEO plugin. -->","yoast_head_json":{"title":"PALETERO DUNLOP INTRO BLK\/ FLUO YELLOW - Revolution Padel Store","description":"Descubre el paletero Dunlop Intro Amarillo, ideal para llevar tus palas y accesorios de p\u00e1del con comodidad y estilo. \u00a1Disponible en Revolution Padel Store al mejor precio!","robots":{"index":"index","follow":"follow","max-snippet":"max-snippet:-1","max-image-preview":"max-image-preview:large","max-video-preview":"max-video-preview:-1"},"canonical":"https:\/\/revolutionpadelstore.com\/fr\/produit\/paletero-dunlop-intro-blk-fluo-yellow-3\/","og_locale":"fr_FR","og_type":"article","og_title":"PALETERO DUNLOP INTRO BLK\/ FLUO YELLOW - Revolution Padel Store","og_description":"Descubre el paletero Dunlop Intro Amarillo, ideal para llevar tus palas y accesorios de p\u00e1del con comodidad y estilo. \u00a1Disponible en Revolution Padel Store al mejor precio!","og_url":"https:\/\/revolutionpadelstore.com\/fr\/produit\/paletero-dunlop-intro-blk-fluo-yellow-3\/","og_site_name":"Revolution Padel Store","article_modified_time":"2026-04-10T12:01:59+00:00","og_image":[{"width":1500,"height":1500,"url":"https:\/\/revolutionpadelstore.com\/wp-content\/uploads\/2025\/09\/FOTO-PALAS-37.png","type":"image\/png"}],"twitter_card":"summary_large_image","twitter_misc":{"Dur\u00e9e de lecture estim\u00e9e":"1 minute"},"schema":{"@context":"https:\/\/schema.org","@graph":[{"@type":"WebPage","@id":"https:\/\/revolutionpadelstore.com\/fr\/produit\/paletero-dunlop-intro-blk-fluo-yellow-3\/","url":"https:\/\/revolutionpadelstore.com\/fr\/produit\/paletero-dunlop-intro-blk-fluo-yellow-3\/","name":"PALETERO DUNLOP INTRO BLK\/ FLUO YELLOW - Revolution Padel Store","isPartOf":{"@id":"https:\/\/revolutionpadelstore.com\/fr\/#website"},"primaryImageOfPage":{"@id":"https:\/\/revolutionpadelstore.com\/fr\/produit\/paletero-dunlop-intro-blk-fluo-yellow-3\/#primaryimage"},"image":{"@id":"https:\/\/revolutionpadelstore.com\/fr\/produit\/paletero-dunlop-intro-blk-fluo-yellow-3\/#primaryimage"},"thumbnailUrl":"https:\/\/revolutionpadelstore.com\/wp-content\/uploads\/2025\/09\/FOTO-PALAS-37.png","datePublished":"2025-09-28T22:41:09+00:00","dateModified":"2026-04-10T12:01:59+00:00","description":"Descubre el paletero Dunlop Intro Amarillo, ideal para llevar tus palas y accesorios de p\u00e1del con comodidad y estilo. \u00a1Disponible en Revolution Padel Store al mejor precio!","breadcrumb":{"@id":"https:\/\/revolutionpadelstore.com\/fr\/produit\/paletero-dunlop-intro-blk-fluo-yellow-3\/#breadcrumb"},"inLanguage":"fr-FR","potentialAction":[{"@type":"ReadAction","target":["https:\/\/revolutionpadelstore.com\/fr\/produit\/paletero-dunlop-intro-blk-fluo-yellow-3\/"]}]},{"@type":"ImageObject","inLanguage":"fr-FR","@id":"https:\/\/revolutionpadelstore.com\/fr\/produit\/paletero-dunlop-intro-blk-fluo-yellow-3\/#primaryimage","url":"https:\/\/revolutionpadelstore.com\/wp-content\/uploads\/2025\/09\/FOTO-PALAS-37.png","contentUrl":"https:\/\/revolutionpadelstore.com\/wp-content\/uploads\/2025\/09\/FOTO-PALAS-37.png","width":1500,"height":1500},{"@type":"BreadcrumbList","@id":"https:\/\/revolutionpadelstore.com\/fr\/produit\/paletero-dunlop-intro-blk-fluo-yellow-3\/#breadcrumb","itemListElement":[{"@type":"ListItem","position":1,"name":"Portada","item":"https:\/\/revolutionpadelstore.com\/fr\/"},{"@type":"ListItem","position":2,"name":"Boutique","item":"https:\/\/revolutionpadelstore.com\/fr\/tienda\/"},{"@type":"ListItem","position":3,"name":"PALETERO DUNLOP INTRO BLK\/ FLUO YELLOW"}]},{"@type":"WebSite","@id":"https:\/\/revolutionpadelstore.com\/fr\/#website","url":"https:\/\/revolutionpadelstore.com\/fr\/","name":"Revolution Padel Store","description":"","publisher":{"@id":"https:\/\/revolutionpadelstore.com\/fr\/#organization"},"potentialAction":[{"@type":"SearchAction","target":{"@type":"EntryPoint","urlTemplate":"https:\/\/revolutionpadelstore.com\/fr\/?s={search_term_string}"},"query-input":{"@type":"PropertyValueSpecification","valueRequired":true,"valueName":"search_term_string"}}],"inLanguage":"fr-FR"},{"@type":"Organization","@id":"https:\/\/revolutionpadelstore.com\/fr\/#organization","name":"Revolution Padel Store","url":"https:\/\/revolutionpadelstore.com\/fr\/","logo":{"@type":"ImageObject","inLanguage":"fr-FR","@id":"https:\/\/revolutionpadelstore.com\/fr\/#\/schema\/logo\/image\/","url":"https:\/\/revolutionpadelstore.com\/wp-content\/uploads\/2026\/02\/revolution-padel-store.jpg","contentUrl":"https:\/\/revolutionpadelstore.com\/wp-content\/uploads\/2026\/02\/revolution-padel-store.jpg","width":2000,"height":2000,"caption":"Revolution Padel Store"},"image":{"@id":"https:\/\/revolutionpadelstore.com\/fr\/#\/schema\/logo\/image\/"},"sameAs":["https:\/\/www.instagram.com\/revolutionpadelstore\/"]}]}},"_links":{"self":[{"href":"https:\/\/revolutionpadelstore.com\/fr\/wp-json\/wp\/v2\/product\/285190","targetHints":{"allow":["GET"]}}],"collection":[{"href":"https:\/\/revolutionpadelstore.com\/fr\/wp-json\/wp\/v2\/product"}],"about":[{"href":"https:\/\/revolutionpadelstore.com\/fr\/wp-json\/wp\/v2\/types\/product"}],"replies":[{"embeddable":true,"href":"https:\/\/revolutionpadelstore.com\/fr\/wp-json\/wp\/v2\/comments?post=285190"}],"wp:featuredmedia":[{"embeddable":true,"href":"https:\/\/revolutionpadelstore.com\/fr\/wp-json\/wp\/v2\/media\/293047"}],"wp:attachment":[{"href":"https:\/\/revolutionpadelstore.com\/fr\/wp-json\/wp\/v2\/media?parent=285190"}],"wp:term":[{"taxonomy":"acabado","embeddable":true,"href":"https:\/\/revolutionpadelstore.com\/fr\/wp-json\/wp\/v2\/acabado?post=285190"},{"taxonomy":"balance","embeddable":true,"href":"https:\/\/revolutionpadelstore.com\/fr\/wp-json\/wp\/v2\/balance?post=285190"},{"taxonomy":"dureza","embeddable":true,"href":"https:\/\/revolutionpadelstore.com\/fr\/wp-json\/wp\/v2\/dureza?post=285190"},{"taxonomy":"forma","embeddable":true,"href":"https:\/\/revolutionpadelstore.com\/fr\/wp-json\/wp\/v2\/forma?post=285190"},{"taxonomy":"jugador","embeddable":true,"href":"https:\/\/revolutionpadelstore.com\/fr\/wp-json\/wp\/v2\/jugador?post=285190"},{"taxonomy":"marca","embeddable":true,"href":"https:\/\/revolutionpadelstore.com\/fr\/wp-json\/wp\/v2\/marca?post=285190"},{"taxonomy":"nivel-de-juego","embeddable":true,"href":"https:\/\/revolutionpadelstore.com\/fr\/wp-json\/wp\/v2\/nivel-de-juego?post=285190"},{"taxonomy":"superficie","embeddable":true,"href":"https:\/\/revolutionpadelstore.com\/fr\/wp-json\/wp\/v2\/superficie?post=285190"},{"taxonomy":"tipo-de-juego","embeddable":true,"href":"https:\/\/revolutionpadelstore.com\/fr\/wp-json\/wp\/v2\/tipo-de-juego?post=285190"},{"taxonomy":"product_brand","embeddable":true,"href":"https:\/\/revolutionpadelstore.com\/fr\/wp-json\/wp\/v2\/product_brand?post=285190"},{"taxonomy":"product_cat","embeddable":true,"href":"https:\/\/revolutionpadelstore.com\/fr\/wp-json\/wp\/v2\/product_cat?post=285190"},{"taxonomy":"product_tag","embeddable":true,"href":"https:\/\/revolutionpadelstore.com\/fr\/wp-json\/wp\/v2\/product_tag?post=285190"}],"curies":[{"name":"wp","href":"https:\/\/api.w.org\/{rel}","templated":true}]}}