{"id":284820,"date":"2025-10-10T23:57:18","date_gmt":"2025-10-10T21:57:18","guid":{"rendered":"https:\/\/revolutionpadelstore.com\/nox-x-zero-red\/"},"modified":"2026-04-16T02:02:51","modified_gmt":"2026-04-16T00:02:51","slug":"nox-x-zero-red-3","status":"publish","type":"product","link":"https:\/\/revolutionpadelstore.com\/fr\/produit\/nox-x-zero-red-3\/","title":{"rendered":"NOX X-ZERO RED"},"content":{"rendered":"<h2>NOX X-Zero Red 2026 \u2013 Contr\u00f4le, confiance et style d\u00e8s le premier coup<\/h2>\n<p>La <strong>NOX X-Zero Red 2026<\/strong> est la raquette de padel parfaite pour les joueurs d\u00e9butants et interm\u00e9diaires \u00e0 la recherche d&#8217;une combinaison gagnante de contr\u00f4le, de maniabilit\u00e9 et d&#8217;un design attrayant. Sa structure l\u00e9g\u00e8re et son toucher doux permettent une adaptation rapide, id\u00e9ale pour ceux qui souhaitent am\u00e9liorer leur technique et profiter pleinement de chaque match.<\/p>\n<h2>Dominez le terrain d\u00e8s le premier jour<\/h2>\n<p>Gr\u00e2ce \u00e0 sa forme ronde et son large sweet spot, cette raquette facilite un placement pr\u00e9cis de la balle, m\u00eame sur les frappes excentr\u00e9es. Son design a \u00e9t\u00e9 cr\u00e9\u00e9 pour accro\u00eetre la confiance sur le terrain et permettre un apprentissage plus fluide et ludique.<\/p>\n<p>De plus, sa finition rouge aux d\u00e9tails modernes procure une esth\u00e9tique vibrante qui ne passe pas inaper\u00e7ue.<\/p>\n<h2>Des technologies et des mat\u00e9riaux qui font la diff\u00e9rence<\/h2>\n<p><strong>-HR3 White EVA<\/strong> : Noyau de faible densit\u00e9 qui offre un toucher doux et un excellent contr\u00f4le du ballon.<\/p>\n<p><strong>-Fiber Glass 3K<\/strong> : Trois couches de fibre de verre qui augmentent la durabilit\u00e9 et la consistance du coup.<\/p>\n<p><strong>-Structure Composite Dynamique (DCS)<\/strong> : Renforce le cadre pour minimiser le risque de casse des fibres.<\/p>\n<p><strong>-Carbon Frame<\/strong> : Structure en carbone qui ajoute de la r\u00e9sistance et prolonge la dur\u00e9e de vie utile de la raquette.<\/p>\n<p><strong>-Finition mate<\/strong> : am\u00e9liore l&#8217;esth\u00e9tique et offre un toucher plus agr\u00e9able \u00e0 chaque jeu.<\/p>\n<h2>Pourquoi choisir le NOX X-Zero Red 2026 ?<\/h2>\n<p>-Id\u00e9al pour les joueurs d\u00e9butants ou de niveau interm\u00e9diaire.<\/p>\n<p>-Contr\u00f4le sup\u00e9rieur pour perfectionner la technique et r\u00e9duire les erreurs directes.<\/p>\n<p>-Construction durable avec des mat\u00e9riaux de haute qualit\u00e9.<\/p>\n<p>-Design frappant et moderne qui transmet la s\u00e9curit\u00e9 sur le terrain.<\/p>\n<h2>Commencez votre \u00e9volution en paddle-tennis avec NOX !<\/h2>\n<p>Si vous recherchez une <strong>raquette de paddle pour d\u00e9butant ou interm\u00e9diaire<\/strong>, qui allie <strong>contr\u00f4le, confort et durabilit\u00e9<\/strong>, la NOX X-Zero Red 2026 est votre meilleure alli\u00e9e. Am\u00e9liorez vos performances d\u00e8s le premier jour et jouez avec la confiance dont vous avez besoin pour progresser.<\/p>\n<p><strong>Disponible maintenant sur <a href=\"http:\/\/www.revolutionpadelstore.com\/\">www.revolutionpadelstore.com<\/a> probablement au meilleur prix du march\u00e9. Passez votre commande aujourd&#8217;hui et sentez la diff\u00e9rence !<\/strong><\/p>\n","protected":false},"excerpt":{"rendered":"<p>D\u00e9couvrez le <strong data-start=\"152\" data-end=\"181\" data-is-only-node=\"\">nouveau NOX Con\u00e7u pour les joueurs qui font leurs premiers pas ou qui cherchent \u00e0 perfectionner leur jeu, il offre la <strong data-start=\"341\" data-end=\"366\">confiance et pr\u00e9cision<\/strong> dont vous avez besoin pour ma\u00eetriser chaque point.<strong data-start=\"152\" data-end=\"181\" data-is-only-node=\"\">nueva NOX X-Zero Red 2026<\/strong><\/p>\n","protected":false},"featured_media":284850,"comment_status":"open","ping_status":"closed","template":"","meta":{"_acf_changed":false,"_joinchat":[]},"acabado":[1087],"balance":[1142],"dureza":[1152],"forma":[1182],"jugador":[],"marca":[1262],"nivel-de-juego":[1352],"superficie":[1357],"tipo-de-juego":[1387],"product_brand":[],"product_cat":[302],"product_tag":[],"class_list":{"0":"post-284820","1":"product","2":"type-product","3":"status-publish","4":"has-post-thumbnail","6":"acabado-mon-pote","7":"balance-moyen","8":"dureza-blanda-fr","9":"forma-rond","10":"marca-nox-fr","11":"superficie-lise","12":"tipo-de-juego-polivalente-fr","13":"product_cat-palas-de-padel-fr","15":"first","16":"instock","17":"taxable","18":"shipping-taxable","19":"purchasable","20":"product-type-simple"},"acf":[],"yoast_head":"<!-- This site is optimized with the Yoast SEO plugin v27.4 - https:\/\/yoast.com\/product\/yoast-seo-wordpress\/ -->\n<title>NOX X-ZERO RED - Revolution Padel Store<\/title>\n<meta name=\"description\" content=\"Descubre la NOX X-Zero Red 2026, una pala de p\u00e1del ideal para principiantes e intermedios. Control superior, dise\u00f1o moderno y materiales duraderos. \u00a1Compra al mejor precio en Revolution Padel Store!\" \/>\n<meta name=\"robots\" content=\"index, follow, max-snippet:-1, max-image-preview:large, max-video-preview:-1\" \/>\n<link rel=\"canonical\" href=\"https:\/\/revolutionpadelstore.com\/fr\/produit\/nox-x-zero-red-3\/\" \/>\n<meta property=\"og:locale\" content=\"fr_FR\" \/>\n<meta property=\"og:type\" content=\"article\" \/>\n<meta property=\"og:title\" content=\"NOX X-ZERO RED - Revolution Padel Store\" \/>\n<meta property=\"og:description\" content=\"Descubre la NOX X-Zero Red 2026, una pala de p\u00e1del ideal para principiantes e intermedios. Control superior, dise\u00f1o moderno y materiales duraderos. \u00a1Compra al mejor precio en Revolution Padel Store!\" \/>\n<meta property=\"og:url\" content=\"https:\/\/revolutionpadelstore.com\/fr\/produit\/nox-x-zero-red-3\/\" \/>\n<meta property=\"og:site_name\" content=\"Revolution Padel Store\" \/>\n<meta property=\"article:modified_time\" content=\"2026-04-16T00:02:51+00:00\" \/>\n<meta property=\"og:image\" content=\"https:\/\/revolutionpadelstore.com\/wp-content\/uploads\/2025\/10\/120986-pala-nox-x-zero-red-pxzerore-1500x1500-1.webp\" \/>\n\t<meta property=\"og:image:width\" content=\"1500\" \/>\n\t<meta property=\"og:image:height\" content=\"1500\" \/>\n\t<meta property=\"og:image:type\" content=\"image\/webp\" \/>\n<meta name=\"twitter:card\" content=\"summary_large_image\" \/>\n<meta name=\"twitter:label1\" content=\"Dur\u00e9e de lecture estim\u00e9e\" \/>\n\t<meta name=\"twitter:data1\" content=\"2 minutes\" \/>\n<script type=\"application\/ld+json\" class=\"yoast-schema-graph\">{\"@context\":\"https:\\\/\\\/schema.org\",\"@graph\":[{\"@type\":\"WebPage\",\"@id\":\"https:\\\/\\\/revolutionpadelstore.com\\\/fr\\\/produit\\\/nox-x-zero-red-3\\\/\",\"url\":\"https:\\\/\\\/revolutionpadelstore.com\\\/fr\\\/produit\\\/nox-x-zero-red-3\\\/\",\"name\":\"NOX X-ZERO RED - Revolution Padel Store\",\"isPartOf\":{\"@id\":\"https:\\\/\\\/revolutionpadelstore.com\\\/fr\\\/#website\"},\"primaryImageOfPage\":{\"@id\":\"https:\\\/\\\/revolutionpadelstore.com\\\/fr\\\/produit\\\/nox-x-zero-red-3\\\/#primaryimage\"},\"image\":{\"@id\":\"https:\\\/\\\/revolutionpadelstore.com\\\/fr\\\/produit\\\/nox-x-zero-red-3\\\/#primaryimage\"},\"thumbnailUrl\":\"https:\\\/\\\/revolutionpadelstore.com\\\/wp-content\\\/uploads\\\/2025\\\/10\\\/120986-pala-nox-x-zero-red-pxzerore-1500x1500-1.webp\",\"datePublished\":\"2025-10-10T21:57:18+00:00\",\"dateModified\":\"2026-04-16T00:02:51+00:00\",\"description\":\"Descubre la NOX X-Zero Red 2026, una pala de p\u00e1del ideal para principiantes e intermedios. Control superior, dise\u00f1o moderno y materiales duraderos. \u00a1Compra al mejor precio en Revolution Padel Store!\",\"breadcrumb\":{\"@id\":\"https:\\\/\\\/revolutionpadelstore.com\\\/fr\\\/produit\\\/nox-x-zero-red-3\\\/#breadcrumb\"},\"inLanguage\":\"fr-FR\",\"potentialAction\":[{\"@type\":\"ReadAction\",\"target\":[\"https:\\\/\\\/revolutionpadelstore.com\\\/fr\\\/produit\\\/nox-x-zero-red-3\\\/\"]}]},{\"@type\":\"ImageObject\",\"inLanguage\":\"fr-FR\",\"@id\":\"https:\\\/\\\/revolutionpadelstore.com\\\/fr\\\/produit\\\/nox-x-zero-red-3\\\/#primaryimage\",\"url\":\"https:\\\/\\\/revolutionpadelstore.com\\\/wp-content\\\/uploads\\\/2025\\\/10\\\/120986-pala-nox-x-zero-red-pxzerore-1500x1500-1.webp\",\"contentUrl\":\"https:\\\/\\\/revolutionpadelstore.com\\\/wp-content\\\/uploads\\\/2025\\\/10\\\/120986-pala-nox-x-zero-red-pxzerore-1500x1500-1.webp\",\"width\":1500,\"height\":1500},{\"@type\":\"BreadcrumbList\",\"@id\":\"https:\\\/\\\/revolutionpadelstore.com\\\/fr\\\/produit\\\/nox-x-zero-red-3\\\/#breadcrumb\",\"itemListElement\":[{\"@type\":\"ListItem\",\"position\":1,\"name\":\"Portada\",\"item\":\"https:\\\/\\\/revolutionpadelstore.com\\\/fr\\\/\"},{\"@type\":\"ListItem\",\"position\":2,\"name\":\"Boutique\",\"item\":\"https:\\\/\\\/revolutionpadelstore.com\\\/fr\\\/tienda\\\/\"},{\"@type\":\"ListItem\",\"position\":3,\"name\":\"NOX X-ZERO RED\"}]},{\"@type\":\"WebSite\",\"@id\":\"https:\\\/\\\/revolutionpadelstore.com\\\/fr\\\/#website\",\"url\":\"https:\\\/\\\/revolutionpadelstore.com\\\/fr\\\/\",\"name\":\"Revolution Padel Store\",\"description\":\"\",\"publisher\":{\"@id\":\"https:\\\/\\\/revolutionpadelstore.com\\\/fr\\\/#organization\"},\"potentialAction\":[{\"@type\":\"SearchAction\",\"target\":{\"@type\":\"EntryPoint\",\"urlTemplate\":\"https:\\\/\\\/revolutionpadelstore.com\\\/fr\\\/?s={search_term_string}\"},\"query-input\":{\"@type\":\"PropertyValueSpecification\",\"valueRequired\":true,\"valueName\":\"search_term_string\"}}],\"inLanguage\":\"fr-FR\"},{\"@type\":\"Organization\",\"@id\":\"https:\\\/\\\/revolutionpadelstore.com\\\/fr\\\/#organization\",\"name\":\"Revolution Padel Store\",\"url\":\"https:\\\/\\\/revolutionpadelstore.com\\\/fr\\\/\",\"logo\":{\"@type\":\"ImageObject\",\"inLanguage\":\"fr-FR\",\"@id\":\"https:\\\/\\\/revolutionpadelstore.com\\\/fr\\\/#\\\/schema\\\/logo\\\/image\\\/\",\"url\":\"https:\\\/\\\/revolutionpadelstore.com\\\/wp-content\\\/uploads\\\/2026\\\/02\\\/revolution-padel-store.jpg\",\"contentUrl\":\"https:\\\/\\\/revolutionpadelstore.com\\\/wp-content\\\/uploads\\\/2026\\\/02\\\/revolution-padel-store.jpg\",\"width\":2000,\"height\":2000,\"caption\":\"Revolution Padel Store\"},\"image\":{\"@id\":\"https:\\\/\\\/revolutionpadelstore.com\\\/fr\\\/#\\\/schema\\\/logo\\\/image\\\/\"},\"sameAs\":[\"https:\\\/\\\/www.instagram.com\\\/revolutionpadelstore\\\/\"]}]}<\/script>\n<!-- \/ Yoast SEO plugin. -->","yoast_head_json":{"title":"NOX X-ZERO RED - Revolution Padel Store","description":"Descubre la NOX X-Zero Red 2026, una pala de p\u00e1del ideal para principiantes e intermedios. Control superior, dise\u00f1o moderno y materiales duraderos. \u00a1Compra al mejor precio en Revolution Padel Store!","robots":{"index":"index","follow":"follow","max-snippet":"max-snippet:-1","max-image-preview":"max-image-preview:large","max-video-preview":"max-video-preview:-1"},"canonical":"https:\/\/revolutionpadelstore.com\/fr\/produit\/nox-x-zero-red-3\/","og_locale":"fr_FR","og_type":"article","og_title":"NOX X-ZERO RED - Revolution Padel Store","og_description":"Descubre la NOX X-Zero Red 2026, una pala de p\u00e1del ideal para principiantes e intermedios. Control superior, dise\u00f1o moderno y materiales duraderos. \u00a1Compra al mejor precio en Revolution Padel Store!","og_url":"https:\/\/revolutionpadelstore.com\/fr\/produit\/nox-x-zero-red-3\/","og_site_name":"Revolution Padel Store","article_modified_time":"2026-04-16T00:02:51+00:00","og_image":[{"width":1500,"height":1500,"url":"https:\/\/revolutionpadelstore.com\/wp-content\/uploads\/2025\/10\/120986-pala-nox-x-zero-red-pxzerore-1500x1500-1.webp","type":"image\/webp"}],"twitter_card":"summary_large_image","twitter_misc":{"Dur\u00e9e de lecture estim\u00e9e":"2 minutes"},"schema":{"@context":"https:\/\/schema.org","@graph":[{"@type":"WebPage","@id":"https:\/\/revolutionpadelstore.com\/fr\/produit\/nox-x-zero-red-3\/","url":"https:\/\/revolutionpadelstore.com\/fr\/produit\/nox-x-zero-red-3\/","name":"NOX X-ZERO RED - Revolution Padel Store","isPartOf":{"@id":"https:\/\/revolutionpadelstore.com\/fr\/#website"},"primaryImageOfPage":{"@id":"https:\/\/revolutionpadelstore.com\/fr\/produit\/nox-x-zero-red-3\/#primaryimage"},"image":{"@id":"https:\/\/revolutionpadelstore.com\/fr\/produit\/nox-x-zero-red-3\/#primaryimage"},"thumbnailUrl":"https:\/\/revolutionpadelstore.com\/wp-content\/uploads\/2025\/10\/120986-pala-nox-x-zero-red-pxzerore-1500x1500-1.webp","datePublished":"2025-10-10T21:57:18+00:00","dateModified":"2026-04-16T00:02:51+00:00","description":"Descubre la NOX X-Zero Red 2026, una pala de p\u00e1del ideal para principiantes e intermedios. Control superior, dise\u00f1o moderno y materiales duraderos. \u00a1Compra al mejor precio en Revolution Padel Store!","breadcrumb":{"@id":"https:\/\/revolutionpadelstore.com\/fr\/produit\/nox-x-zero-red-3\/#breadcrumb"},"inLanguage":"fr-FR","potentialAction":[{"@type":"ReadAction","target":["https:\/\/revolutionpadelstore.com\/fr\/produit\/nox-x-zero-red-3\/"]}]},{"@type":"ImageObject","inLanguage":"fr-FR","@id":"https:\/\/revolutionpadelstore.com\/fr\/produit\/nox-x-zero-red-3\/#primaryimage","url":"https:\/\/revolutionpadelstore.com\/wp-content\/uploads\/2025\/10\/120986-pala-nox-x-zero-red-pxzerore-1500x1500-1.webp","contentUrl":"https:\/\/revolutionpadelstore.com\/wp-content\/uploads\/2025\/10\/120986-pala-nox-x-zero-red-pxzerore-1500x1500-1.webp","width":1500,"height":1500},{"@type":"BreadcrumbList","@id":"https:\/\/revolutionpadelstore.com\/fr\/produit\/nox-x-zero-red-3\/#breadcrumb","itemListElement":[{"@type":"ListItem","position":1,"name":"Portada","item":"https:\/\/revolutionpadelstore.com\/fr\/"},{"@type":"ListItem","position":2,"name":"Boutique","item":"https:\/\/revolutionpadelstore.com\/fr\/tienda\/"},{"@type":"ListItem","position":3,"name":"NOX X-ZERO RED"}]},{"@type":"WebSite","@id":"https:\/\/revolutionpadelstore.com\/fr\/#website","url":"https:\/\/revolutionpadelstore.com\/fr\/","name":"Revolution Padel Store","description":"","publisher":{"@id":"https:\/\/revolutionpadelstore.com\/fr\/#organization"},"potentialAction":[{"@type":"SearchAction","target":{"@type":"EntryPoint","urlTemplate":"https:\/\/revolutionpadelstore.com\/fr\/?s={search_term_string}"},"query-input":{"@type":"PropertyValueSpecification","valueRequired":true,"valueName":"search_term_string"}}],"inLanguage":"fr-FR"},{"@type":"Organization","@id":"https:\/\/revolutionpadelstore.com\/fr\/#organization","name":"Revolution Padel Store","url":"https:\/\/revolutionpadelstore.com\/fr\/","logo":{"@type":"ImageObject","inLanguage":"fr-FR","@id":"https:\/\/revolutionpadelstore.com\/fr\/#\/schema\/logo\/image\/","url":"https:\/\/revolutionpadelstore.com\/wp-content\/uploads\/2026\/02\/revolution-padel-store.jpg","contentUrl":"https:\/\/revolutionpadelstore.com\/wp-content\/uploads\/2026\/02\/revolution-padel-store.jpg","width":2000,"height":2000,"caption":"Revolution Padel Store"},"image":{"@id":"https:\/\/revolutionpadelstore.com\/fr\/#\/schema\/logo\/image\/"},"sameAs":["https:\/\/www.instagram.com\/revolutionpadelstore\/"]}]}},"_links":{"self":[{"href":"https:\/\/revolutionpadelstore.com\/fr\/wp-json\/wp\/v2\/product\/284820","targetHints":{"allow":["GET"]}}],"collection":[{"href":"https:\/\/revolutionpadelstore.com\/fr\/wp-json\/wp\/v2\/product"}],"about":[{"href":"https:\/\/revolutionpadelstore.com\/fr\/wp-json\/wp\/v2\/types\/product"}],"replies":[{"embeddable":true,"href":"https:\/\/revolutionpadelstore.com\/fr\/wp-json\/wp\/v2\/comments?post=284820"}],"wp:featuredmedia":[{"embeddable":true,"href":"https:\/\/revolutionpadelstore.com\/fr\/wp-json\/wp\/v2\/media\/284850"}],"wp:attachment":[{"href":"https:\/\/revolutionpadelstore.com\/fr\/wp-json\/wp\/v2\/media?parent=284820"}],"wp:term":[{"taxonomy":"acabado","embeddable":true,"href":"https:\/\/revolutionpadelstore.com\/fr\/wp-json\/wp\/v2\/acabado?post=284820"},{"taxonomy":"balance","embeddable":true,"href":"https:\/\/revolutionpadelstore.com\/fr\/wp-json\/wp\/v2\/balance?post=284820"},{"taxonomy":"dureza","embeddable":true,"href":"https:\/\/revolutionpadelstore.com\/fr\/wp-json\/wp\/v2\/dureza?post=284820"},{"taxonomy":"forma","embeddable":true,"href":"https:\/\/revolutionpadelstore.com\/fr\/wp-json\/wp\/v2\/forma?post=284820"},{"taxonomy":"jugador","embeddable":true,"href":"https:\/\/revolutionpadelstore.com\/fr\/wp-json\/wp\/v2\/jugador?post=284820"},{"taxonomy":"marca","embeddable":true,"href":"https:\/\/revolutionpadelstore.com\/fr\/wp-json\/wp\/v2\/marca?post=284820"},{"taxonomy":"nivel-de-juego","embeddable":true,"href":"https:\/\/revolutionpadelstore.com\/fr\/wp-json\/wp\/v2\/nivel-de-juego?post=284820"},{"taxonomy":"superficie","embeddable":true,"href":"https:\/\/revolutionpadelstore.com\/fr\/wp-json\/wp\/v2\/superficie?post=284820"},{"taxonomy":"tipo-de-juego","embeddable":true,"href":"https:\/\/revolutionpadelstore.com\/fr\/wp-json\/wp\/v2\/tipo-de-juego?post=284820"},{"taxonomy":"product_brand","embeddable":true,"href":"https:\/\/revolutionpadelstore.com\/fr\/wp-json\/wp\/v2\/product_brand?post=284820"},{"taxonomy":"product_cat","embeddable":true,"href":"https:\/\/revolutionpadelstore.com\/fr\/wp-json\/wp\/v2\/product_cat?post=284820"},{"taxonomy":"product_tag","embeddable":true,"href":"https:\/\/revolutionpadelstore.com\/fr\/wp-json\/wp\/v2\/product_tag?post=284820"}],"curies":[{"name":"wp","href":"https:\/\/api.w.org\/{rel}","templated":true}]}}