{"id":284778,"date":"2025-10-10T23:58:24","date_gmt":"2025-10-10T21:58:24","guid":{"rendered":"https:\/\/revolutionpadelstore.com\/nox-x-zero-blue\/"},"modified":"2026-04-16T02:02:55","modified_gmt":"2026-04-16T00:02:55","slug":"nox-x-zero-blue-3","status":"publish","type":"product","link":"https:\/\/revolutionpadelstore.com\/fr\/produit\/nox-x-zero-blue-3\/","title":{"rendered":"NOX X-ZERO BLUE"},"content":{"rendered":"<h2>Nox X-Zero Blue 2026 \u2013 Une confiance totale pour votre progression sur piste<\/h2>\n<p>Le <strong>Nox Son toucher doux et sa grande maniabilit\u00e9 vous permettront de profiter de matchs plus coh\u00e9rents, r\u00e9duisant les erreurs et augmentant votre confiance dans chaque point.<\/p>\n<h2>Contr\u00f4le total avec un design \u00e9quilibr\u00e9<\/h2>\n<p>Gr\u00e2ce \u00e0 sa forme ronde et son \u00e9quilibre moyen, cette raquette garantit une stabilit\u00e9 et une excellente polyvalence sur le court. La conception du trou strat\u00e9giquement optimis\u00e9e \u00e9largit le sweet spot, permettant des frappes plus pr\u00e9cises, m\u00eame d\u00e9centr\u00e9es.<\/p>\n<h2>Design moderne et \u00e9l\u00e9gant<\/h2>\n<p>La finition bleue avec des d\u00e9tails modernes lui conf\u00e8re une touche sophistiqu\u00e9e, id\u00e9ale pour ceux qui veulent non seulement bien jouer, mais aussi se d\u00e9marquer avec style. De plus, son <strong>cadre en carbone<\/strong> offre une durabilit\u00e9 sup\u00e9rieure sans compromettre la l\u00e9g\u00e8ret\u00e9.<\/p>\n<h2>Technologies en vedette du Nox X-Zero Blue 2026<\/h2>\n<p><strong>-HR3 White EVA<\/strong> : Noyau de faible densit\u00e9 qui offre un toucher doux, id\u00e9al pour am\u00e9liorer le contr\u00f4le \u00e0 chaque tir.<\/p>\n<p><strong>-Fiber Glass 3K<\/strong> : Trois couches de fibre de verre qui maximisent la durabilit\u00e9 sans perdre en flexibilit\u00e9.<\/p>\n<p><strong>-Structure Composite Dynamique (DCS)<\/strong> : Renforcement du cadre pour \u00e9viter la casse et augmenter la dur\u00e9e de vie utile.<\/p>\n<p><strong>-Cadre Carbone<\/strong> : Plus grande rigidit\u00e9 structurelle, parfait pour les joueurs recherchant de la fiabilit\u00e9 match apr\u00e8s match.<\/p>\n<p><strong>-Surface mate<\/strong> : finition moderne qui am\u00e9liore le toucher et les performances dans tous les types de jeux.<\/p>\n<h2>Pourquoi choisir le Nox X-Zero Blue 2026 ?<\/h2>\n<p>-Id\u00e9al pour les <strong>joueurs d\u00e9butants et interm\u00e9diaires<\/strong> cherchant \u00e0 am\u00e9liorer leur technique.<\/p>\n<p>-Excellent \u00e9quilibre entre <strong>contr\u00f4le, maniabilit\u00e9 et confort<\/strong>.<\/p>\n<p>-Construit avec des mat\u00e9riaux de haute qualit\u00e9 qui garantissent <strong>durabilit\u00e9 et performance<\/strong>.<\/p>\n<p>-Style moderne et professionnel qui ne passe pas inaper\u00e7u.<\/p>\n<h2>Prenez le contr\u00f4le du jeu !<\/h2>\n<p>La <strong>Nox X-Zero Blue 2026<\/strong> est la raquette qui vous accompagnera dans votre \u00e9volution au sein du padel, avec la confiance et la qualit\u00e9 qui caract\u00e9risent la marque NOX. Si vous \u00eates pr\u00eat \u00e0 aller plus loin et \u00e0 profiter de chaque match en toute s\u00e9curit\u00e9, cette raquette padel est votre meilleur choix.<\/p>\n<p><strong>Disponible d\u00e8s maintenant dans notre boutique en ligne <a href=\"https:\/\/www.revolutionpadelstore.com\/\">www.revolutionpadelstore.com<\/a><\/strong>, probablement au meilleur prix du march\u00e9. Ne manquez pas cette opportunit\u00e9 et commencez \u00e0 jouer avec un avantage d\u00e8s le premier jour !<\/p>\n<h2>Nox X-Zero Blue 2026 \u2013 Confianza total para tu progreso en la pista<\/h2>\n","protected":false},"excerpt":{"rendered":"<p>D\u00e9couvrez la NOX X-Zero Blue 2026, une raquette l\u00e9g\u00e8re et durable qui offre un excellent contr\u00f4le. Con\u00e7u pour les joueurs d\u00e9butants et interm\u00e9diaires, il offre s\u00e9curit\u00e9 et confort \u00e0 chaque instant du match.<\/p>\n","protected":false},"featured_media":284814,"comment_status":"open","ping_status":"closed","template":"","meta":{"_acf_changed":false,"_joinchat":[]},"acabado":[1087],"balance":[1142],"dureza":[1152],"forma":[1182],"jugador":[],"marca":[1262],"nivel-de-juego":[1352],"superficie":[1357],"tipo-de-juego":[1387],"product_brand":[],"product_cat":[302],"product_tag":[],"class_list":{"0":"post-284778","1":"product","2":"type-product","3":"status-publish","4":"has-post-thumbnail","6":"acabado-mon-pote","7":"balance-moyen","8":"dureza-blanda-fr","9":"forma-rond","10":"marca-nox-fr","11":"superficie-lise","12":"tipo-de-juego-polivalente-fr","13":"product_cat-palas-de-padel-fr","15":"first","16":"instock","17":"taxable","18":"shipping-taxable","19":"purchasable","20":"product-type-simple"},"acf":[],"yoast_head":"<!-- This site is optimized with the Yoast SEO plugin v27.4 - https:\/\/yoast.com\/product\/yoast-seo-wordpress\/ -->\n<title>NOX X-ZERO BLUE - Revolution Padel Store<\/title>\n<meta name=\"description\" content=\"La Nox X-Zero Blue 2026 es la pala perfecta para jugadores principiantes o intermedios que buscan control, durabilidad y estilo. \u00a1Disponible en www.revolutionpadelstore.com al mejor precio!\" \/>\n<meta name=\"robots\" content=\"index, follow, max-snippet:-1, max-image-preview:large, max-video-preview:-1\" \/>\n<link rel=\"canonical\" href=\"https:\/\/revolutionpadelstore.com\/fr\/produit\/nox-x-zero-blue-3\/\" \/>\n<meta property=\"og:locale\" content=\"fr_FR\" \/>\n<meta property=\"og:type\" content=\"article\" \/>\n<meta property=\"og:title\" content=\"NOX X-ZERO BLUE - Revolution Padel Store\" \/>\n<meta property=\"og:description\" content=\"La Nox X-Zero Blue 2026 es la pala perfecta para jugadores principiantes o intermedios que buscan control, durabilidad y estilo. \u00a1Disponible en www.revolutionpadelstore.com al mejor precio!\" \/>\n<meta property=\"og:url\" content=\"https:\/\/revolutionpadelstore.com\/fr\/produit\/nox-x-zero-blue-3\/\" \/>\n<meta property=\"og:site_name\" content=\"Revolution Padel Store\" \/>\n<meta property=\"article:modified_time\" content=\"2026-04-16T00:02:55+00:00\" \/>\n<meta property=\"og:image\" content=\"https:\/\/revolutionpadelstore.com\/wp-content\/uploads\/2025\/10\/120985-pala-nox-x-zero-blue-pxzerobl-1500x1500-1.webp\" \/>\n\t<meta property=\"og:image:width\" content=\"1500\" \/>\n\t<meta property=\"og:image:height\" content=\"1500\" \/>\n\t<meta property=\"og:image:type\" content=\"image\/webp\" \/>\n<meta name=\"twitter:card\" content=\"summary_large_image\" \/>\n<meta name=\"twitter:label1\" content=\"Dur\u00e9e de lecture estim\u00e9e\" \/>\n\t<meta name=\"twitter:data1\" content=\"2 minutes\" \/>\n<script type=\"application\/ld+json\" class=\"yoast-schema-graph\">{\"@context\":\"https:\\\/\\\/schema.org\",\"@graph\":[{\"@type\":\"WebPage\",\"@id\":\"https:\\\/\\\/revolutionpadelstore.com\\\/fr\\\/produit\\\/nox-x-zero-blue-3\\\/\",\"url\":\"https:\\\/\\\/revolutionpadelstore.com\\\/fr\\\/produit\\\/nox-x-zero-blue-3\\\/\",\"name\":\"NOX X-ZERO BLUE - Revolution Padel Store\",\"isPartOf\":{\"@id\":\"https:\\\/\\\/revolutionpadelstore.com\\\/fr\\\/#website\"},\"primaryImageOfPage\":{\"@id\":\"https:\\\/\\\/revolutionpadelstore.com\\\/fr\\\/produit\\\/nox-x-zero-blue-3\\\/#primaryimage\"},\"image\":{\"@id\":\"https:\\\/\\\/revolutionpadelstore.com\\\/fr\\\/produit\\\/nox-x-zero-blue-3\\\/#primaryimage\"},\"thumbnailUrl\":\"https:\\\/\\\/revolutionpadelstore.com\\\/wp-content\\\/uploads\\\/2025\\\/10\\\/120985-pala-nox-x-zero-blue-pxzerobl-1500x1500-1.webp\",\"datePublished\":\"2025-10-10T21:58:24+00:00\",\"dateModified\":\"2026-04-16T00:02:55+00:00\",\"description\":\"La Nox X-Zero Blue 2026 es la pala perfecta para jugadores principiantes o intermedios que buscan control, durabilidad y estilo. \u00a1Disponible en www.revolutionpadelstore.com al mejor precio!\",\"breadcrumb\":{\"@id\":\"https:\\\/\\\/revolutionpadelstore.com\\\/fr\\\/produit\\\/nox-x-zero-blue-3\\\/#breadcrumb\"},\"inLanguage\":\"fr-FR\",\"potentialAction\":[{\"@type\":\"ReadAction\",\"target\":[\"https:\\\/\\\/revolutionpadelstore.com\\\/fr\\\/produit\\\/nox-x-zero-blue-3\\\/\"]}]},{\"@type\":\"ImageObject\",\"inLanguage\":\"fr-FR\",\"@id\":\"https:\\\/\\\/revolutionpadelstore.com\\\/fr\\\/produit\\\/nox-x-zero-blue-3\\\/#primaryimage\",\"url\":\"https:\\\/\\\/revolutionpadelstore.com\\\/wp-content\\\/uploads\\\/2025\\\/10\\\/120985-pala-nox-x-zero-blue-pxzerobl-1500x1500-1.webp\",\"contentUrl\":\"https:\\\/\\\/revolutionpadelstore.com\\\/wp-content\\\/uploads\\\/2025\\\/10\\\/120985-pala-nox-x-zero-blue-pxzerobl-1500x1500-1.webp\",\"width\":1500,\"height\":1500},{\"@type\":\"BreadcrumbList\",\"@id\":\"https:\\\/\\\/revolutionpadelstore.com\\\/fr\\\/produit\\\/nox-x-zero-blue-3\\\/#breadcrumb\",\"itemListElement\":[{\"@type\":\"ListItem\",\"position\":1,\"name\":\"Portada\",\"item\":\"https:\\\/\\\/revolutionpadelstore.com\\\/fr\\\/\"},{\"@type\":\"ListItem\",\"position\":2,\"name\":\"Boutique\",\"item\":\"https:\\\/\\\/revolutionpadelstore.com\\\/fr\\\/tienda\\\/\"},{\"@type\":\"ListItem\",\"position\":3,\"name\":\"NOX X-ZERO BLUE\"}]},{\"@type\":\"WebSite\",\"@id\":\"https:\\\/\\\/revolutionpadelstore.com\\\/fr\\\/#website\",\"url\":\"https:\\\/\\\/revolutionpadelstore.com\\\/fr\\\/\",\"name\":\"Revolution Padel Store\",\"description\":\"\",\"publisher\":{\"@id\":\"https:\\\/\\\/revolutionpadelstore.com\\\/fr\\\/#organization\"},\"potentialAction\":[{\"@type\":\"SearchAction\",\"target\":{\"@type\":\"EntryPoint\",\"urlTemplate\":\"https:\\\/\\\/revolutionpadelstore.com\\\/fr\\\/?s={search_term_string}\"},\"query-input\":{\"@type\":\"PropertyValueSpecification\",\"valueRequired\":true,\"valueName\":\"search_term_string\"}}],\"inLanguage\":\"fr-FR\"},{\"@type\":\"Organization\",\"@id\":\"https:\\\/\\\/revolutionpadelstore.com\\\/fr\\\/#organization\",\"name\":\"Revolution Padel Store\",\"url\":\"https:\\\/\\\/revolutionpadelstore.com\\\/fr\\\/\",\"logo\":{\"@type\":\"ImageObject\",\"inLanguage\":\"fr-FR\",\"@id\":\"https:\\\/\\\/revolutionpadelstore.com\\\/fr\\\/#\\\/schema\\\/logo\\\/image\\\/\",\"url\":\"https:\\\/\\\/revolutionpadelstore.com\\\/wp-content\\\/uploads\\\/2026\\\/02\\\/revolution-padel-store.jpg\",\"contentUrl\":\"https:\\\/\\\/revolutionpadelstore.com\\\/wp-content\\\/uploads\\\/2026\\\/02\\\/revolution-padel-store.jpg\",\"width\":2000,\"height\":2000,\"caption\":\"Revolution Padel Store\"},\"image\":{\"@id\":\"https:\\\/\\\/revolutionpadelstore.com\\\/fr\\\/#\\\/schema\\\/logo\\\/image\\\/\"},\"sameAs\":[\"https:\\\/\\\/www.instagram.com\\\/revolutionpadelstore\\\/\"]}]}<\/script>\n<!-- \/ Yoast SEO plugin. -->","yoast_head_json":{"title":"NOX X-ZERO BLUE - Revolution Padel Store","description":"La Nox X-Zero Blue 2026 es la pala perfecta para jugadores principiantes o intermedios que buscan control, durabilidad y estilo. \u00a1Disponible en www.revolutionpadelstore.com al mejor precio!","robots":{"index":"index","follow":"follow","max-snippet":"max-snippet:-1","max-image-preview":"max-image-preview:large","max-video-preview":"max-video-preview:-1"},"canonical":"https:\/\/revolutionpadelstore.com\/fr\/produit\/nox-x-zero-blue-3\/","og_locale":"fr_FR","og_type":"article","og_title":"NOX X-ZERO BLUE - Revolution Padel Store","og_description":"La Nox X-Zero Blue 2026 es la pala perfecta para jugadores principiantes o intermedios que buscan control, durabilidad y estilo. \u00a1Disponible en www.revolutionpadelstore.com al mejor precio!","og_url":"https:\/\/revolutionpadelstore.com\/fr\/produit\/nox-x-zero-blue-3\/","og_site_name":"Revolution Padel Store","article_modified_time":"2026-04-16T00:02:55+00:00","og_image":[{"width":1500,"height":1500,"url":"https:\/\/revolutionpadelstore.com\/wp-content\/uploads\/2025\/10\/120985-pala-nox-x-zero-blue-pxzerobl-1500x1500-1.webp","type":"image\/webp"}],"twitter_card":"summary_large_image","twitter_misc":{"Dur\u00e9e de lecture estim\u00e9e":"2 minutes"},"schema":{"@context":"https:\/\/schema.org","@graph":[{"@type":"WebPage","@id":"https:\/\/revolutionpadelstore.com\/fr\/produit\/nox-x-zero-blue-3\/","url":"https:\/\/revolutionpadelstore.com\/fr\/produit\/nox-x-zero-blue-3\/","name":"NOX X-ZERO BLUE - Revolution Padel Store","isPartOf":{"@id":"https:\/\/revolutionpadelstore.com\/fr\/#website"},"primaryImageOfPage":{"@id":"https:\/\/revolutionpadelstore.com\/fr\/produit\/nox-x-zero-blue-3\/#primaryimage"},"image":{"@id":"https:\/\/revolutionpadelstore.com\/fr\/produit\/nox-x-zero-blue-3\/#primaryimage"},"thumbnailUrl":"https:\/\/revolutionpadelstore.com\/wp-content\/uploads\/2025\/10\/120985-pala-nox-x-zero-blue-pxzerobl-1500x1500-1.webp","datePublished":"2025-10-10T21:58:24+00:00","dateModified":"2026-04-16T00:02:55+00:00","description":"La Nox X-Zero Blue 2026 es la pala perfecta para jugadores principiantes o intermedios que buscan control, durabilidad y estilo. \u00a1Disponible en www.revolutionpadelstore.com al mejor precio!","breadcrumb":{"@id":"https:\/\/revolutionpadelstore.com\/fr\/produit\/nox-x-zero-blue-3\/#breadcrumb"},"inLanguage":"fr-FR","potentialAction":[{"@type":"ReadAction","target":["https:\/\/revolutionpadelstore.com\/fr\/produit\/nox-x-zero-blue-3\/"]}]},{"@type":"ImageObject","inLanguage":"fr-FR","@id":"https:\/\/revolutionpadelstore.com\/fr\/produit\/nox-x-zero-blue-3\/#primaryimage","url":"https:\/\/revolutionpadelstore.com\/wp-content\/uploads\/2025\/10\/120985-pala-nox-x-zero-blue-pxzerobl-1500x1500-1.webp","contentUrl":"https:\/\/revolutionpadelstore.com\/wp-content\/uploads\/2025\/10\/120985-pala-nox-x-zero-blue-pxzerobl-1500x1500-1.webp","width":1500,"height":1500},{"@type":"BreadcrumbList","@id":"https:\/\/revolutionpadelstore.com\/fr\/produit\/nox-x-zero-blue-3\/#breadcrumb","itemListElement":[{"@type":"ListItem","position":1,"name":"Portada","item":"https:\/\/revolutionpadelstore.com\/fr\/"},{"@type":"ListItem","position":2,"name":"Boutique","item":"https:\/\/revolutionpadelstore.com\/fr\/tienda\/"},{"@type":"ListItem","position":3,"name":"NOX X-ZERO BLUE"}]},{"@type":"WebSite","@id":"https:\/\/revolutionpadelstore.com\/fr\/#website","url":"https:\/\/revolutionpadelstore.com\/fr\/","name":"Revolution Padel Store","description":"","publisher":{"@id":"https:\/\/revolutionpadelstore.com\/fr\/#organization"},"potentialAction":[{"@type":"SearchAction","target":{"@type":"EntryPoint","urlTemplate":"https:\/\/revolutionpadelstore.com\/fr\/?s={search_term_string}"},"query-input":{"@type":"PropertyValueSpecification","valueRequired":true,"valueName":"search_term_string"}}],"inLanguage":"fr-FR"},{"@type":"Organization","@id":"https:\/\/revolutionpadelstore.com\/fr\/#organization","name":"Revolution Padel Store","url":"https:\/\/revolutionpadelstore.com\/fr\/","logo":{"@type":"ImageObject","inLanguage":"fr-FR","@id":"https:\/\/revolutionpadelstore.com\/fr\/#\/schema\/logo\/image\/","url":"https:\/\/revolutionpadelstore.com\/wp-content\/uploads\/2026\/02\/revolution-padel-store.jpg","contentUrl":"https:\/\/revolutionpadelstore.com\/wp-content\/uploads\/2026\/02\/revolution-padel-store.jpg","width":2000,"height":2000,"caption":"Revolution Padel Store"},"image":{"@id":"https:\/\/revolutionpadelstore.com\/fr\/#\/schema\/logo\/image\/"},"sameAs":["https:\/\/www.instagram.com\/revolutionpadelstore\/"]}]}},"_links":{"self":[{"href":"https:\/\/revolutionpadelstore.com\/fr\/wp-json\/wp\/v2\/product\/284778","targetHints":{"allow":["GET"]}}],"collection":[{"href":"https:\/\/revolutionpadelstore.com\/fr\/wp-json\/wp\/v2\/product"}],"about":[{"href":"https:\/\/revolutionpadelstore.com\/fr\/wp-json\/wp\/v2\/types\/product"}],"replies":[{"embeddable":true,"href":"https:\/\/revolutionpadelstore.com\/fr\/wp-json\/wp\/v2\/comments?post=284778"}],"wp:featuredmedia":[{"embeddable":true,"href":"https:\/\/revolutionpadelstore.com\/fr\/wp-json\/wp\/v2\/media\/284814"}],"wp:attachment":[{"href":"https:\/\/revolutionpadelstore.com\/fr\/wp-json\/wp\/v2\/media?parent=284778"}],"wp:term":[{"taxonomy":"acabado","embeddable":true,"href":"https:\/\/revolutionpadelstore.com\/fr\/wp-json\/wp\/v2\/acabado?post=284778"},{"taxonomy":"balance","embeddable":true,"href":"https:\/\/revolutionpadelstore.com\/fr\/wp-json\/wp\/v2\/balance?post=284778"},{"taxonomy":"dureza","embeddable":true,"href":"https:\/\/revolutionpadelstore.com\/fr\/wp-json\/wp\/v2\/dureza?post=284778"},{"taxonomy":"forma","embeddable":true,"href":"https:\/\/revolutionpadelstore.com\/fr\/wp-json\/wp\/v2\/forma?post=284778"},{"taxonomy":"jugador","embeddable":true,"href":"https:\/\/revolutionpadelstore.com\/fr\/wp-json\/wp\/v2\/jugador?post=284778"},{"taxonomy":"marca","embeddable":true,"href":"https:\/\/revolutionpadelstore.com\/fr\/wp-json\/wp\/v2\/marca?post=284778"},{"taxonomy":"nivel-de-juego","embeddable":true,"href":"https:\/\/revolutionpadelstore.com\/fr\/wp-json\/wp\/v2\/nivel-de-juego?post=284778"},{"taxonomy":"superficie","embeddable":true,"href":"https:\/\/revolutionpadelstore.com\/fr\/wp-json\/wp\/v2\/superficie?post=284778"},{"taxonomy":"tipo-de-juego","embeddable":true,"href":"https:\/\/revolutionpadelstore.com\/fr\/wp-json\/wp\/v2\/tipo-de-juego?post=284778"},{"taxonomy":"product_brand","embeddable":true,"href":"https:\/\/revolutionpadelstore.com\/fr\/wp-json\/wp\/v2\/product_brand?post=284778"},{"taxonomy":"product_cat","embeddable":true,"href":"https:\/\/revolutionpadelstore.com\/fr\/wp-json\/wp\/v2\/product_cat?post=284778"},{"taxonomy":"product_tag","embeddable":true,"href":"https:\/\/revolutionpadelstore.com\/fr\/wp-json\/wp\/v2\/product_tag?post=284778"}],"curies":[{"name":"wp","href":"https:\/\/api.w.org\/{rel}","templated":true}]}}