{"id":284742,"date":"2025-10-16T01:35:09","date_gmt":"2025-10-15T23:35:09","guid":{"rendered":"https:\/\/revolutionpadelstore.com\/mochila-coello-tour-padel-backpack-25l\/"},"modified":"2026-04-08T03:10:46","modified_gmt":"2026-04-08T01:10:46","slug":"mochila-coello-tour-padel-backpack-25l-3","status":"publish","type":"product","link":"https:\/\/revolutionpadelstore.com\/fr\/produit\/mochila-coello-tour-padel-backpack-25l-3\/","title":{"rendered":"MOCHILA COELLO TOUR PADEL BACKPACK 25L"},"content":{"rendered":"<h2>Sac \u00e0 dos Head Coello Tour 25L Paddle \u2013 Exclusivit\u00e9 et style sign\u00e9s King Arthur<\/h2>\n<p>Le <strong>Sac \u00e0 dos Head Coello Tour 25L<\/strong> est bien plus qu&#8217;un accessoire de sport : c&#8217;est une d\u00e9claration de style et d&#8217;exclusivit\u00e9 con\u00e7ue en collaboration avec le champion Arturo Coello. De la piste \u00e0 votre quotidien en ville, ce sac \u00e0 dos se distingue par son esth\u00e9tique premium, ses finitions sophistiqu\u00e9es et ses fonctionnalit\u00e9s avanc\u00e9es pour les joueurs exigeants.<\/p>\n<h2>\u00c9dition exclusive Coello : un design avec une identit\u00e9<\/h2>\n<p>Il fait partie de la collection exclusive <strong>Head x Arturo Coello<\/strong>, o\u00f9 chaque d\u00e9tail a \u00e9t\u00e9 soigneusement pens\u00e9 avec le joueur lui-m\u00eame. Son \u00e9l\u00e9gant design noir est rehauss\u00e9 par le <strong>logo HEAD en ton argent\u00e9<\/strong>, l&#8217;<strong>int\u00e9rieur rouge fonc\u00e9<\/strong> (l&#8217;un des favoris de Coello) et l&#8217;embl\u00e9matique couronne brillante sur le c\u00f4t\u00e9 qui repr\u00e9sente son essence sur le terrain. Les couronnes sur les bretelles rembourr\u00e9es compl\u00e8tent le look avec une touche premium incomparable.<\/p>\n<h2>Fonctionnalit\u00e9 et confort au quotidien<\/h2>\n<p><strong>-Capacit\u00e9 pour 1 \u00e0 2 raquettes de padel<\/strong><\/p>\n<p><strong>-Compartiment ind\u00e9pendant pour baskets ou v\u00eatements usag\u00e9s<\/strong><\/p>\n<p><strong>-Grand espace int\u00e9rieur avec acc\u00e8s rapide<\/strong><\/p>\n<p><strong>-Poche ext\u00e9rieure zipp\u00e9e pour objets personnels<\/strong><\/p>\n<p><strong>-2 poches lat\u00e9rales en filet pour accessoires ou bouteilles<\/strong><\/p>\n<p><strong>-Nouveau syst\u00e8me de rembourrage pour plus de stabilit\u00e9 et de confort lors du transport<\/strong><\/p>\n<p>-Parfait aussi bien pour l&#8217;entra\u00eenement que pour aller au travail ou \u00e0 l&#8217;universit\u00e9, son design ergonomique garantit un confort \u00e0 tout moment.<\/p>\n<h2>Engag\u00e9 en faveur du d\u00e9veloppement durable<\/h2>\n<p>Le sac \u00e0 dos comprend des d\u00e9tails durables tels que :<\/p>\n<p><strong>\u00c9tiquette en papier recycl\u00e9 avec corde de chanvre<\/strong><\/p>\n<p><strong>Emballage dans une pochette en plastique recycl\u00e9, <\/strong>une option qui allie responsabilit\u00e9 \u00e9cologique et hautes performances sportives.<\/p>\n<h2>Id\u00e9al pour ceux qui recherchent :<\/h2>\n<p>-Sacs \u00e0 dos Paddle au style exclusif<\/p>\n<p>-Produits pour joueurs professionnels<\/p>\n<p>-Accessoires de padel confortables et fonctionnels<\/p>\n<p>-\u00c9quipement de padel haut de gamme<\/p>\n<h2>Achetez le sac \u00e0 dos Head Coello Tour 25L maintenant !<\/h2>\n<p>Procurez-vous ce sac \u00e0 dos unique dans notre boutique en ligne <a href=\"https:\/\/www.revolutionpadelstore.com\/\">www.revolutionpadelstore.com<\/a>, <strong>probablement au meilleur prix du march\u00e9<\/strong>. Passez votre commande aujourd&#8217;hui et emportez l&#8217;esprit du \u00ab Roi Arthur \u00bb avec vous sur et en dehors du terrain.<\/p>\n<h2>Mochila de P\u00e1del Head Coello Tour 25L \u2013 Exclusividad y estilo firmados por el Rey Arturo<\/h2>\n","protected":false},"excerpt":{"rendered":"<p>Du terrain \u00e0 la ville, et partout o\u00f9 la journ\u00e9e vous m\u00e8ne, le <strong data-start=\"231\" data-end=\"267\">SAC \u00c0 DOS DE PADEL COELLO TOUR 25L<\/strong> se distingue par son design \u00e9l\u00e9gant et distinctif.<strong data-start=\"231\" data-end=\"267\">MOCHILA DE P\u00c1DEL COELLO TOUR 25L<\/strong><\/p>\n","protected":false},"featured_media":284748,"comment_status":"open","ping_status":"closed","template":"","meta":{"_acf_changed":false,"_joinchat":[]},"acabado":[],"balance":[],"dureza":[],"forma":[],"jugador":[],"marca":[1222],"nivel-de-juego":[],"superficie":[],"tipo-de-juego":[],"product_brand":[],"product_cat":[320],"product_tag":[],"class_list":{"0":"post-284742","1":"product","2":"type-product","3":"status-publish","4":"has-post-thumbnail","6":"marca-tete","7":"product_cat-sacs","9":"first","10":"instock","11":"sale","12":"taxable","13":"shipping-taxable","14":"purchasable","15":"product-type-simple"},"acf":[],"yoast_head":"<!-- This site is optimized with the Yoast SEO plugin v27.4 - https:\/\/yoast.com\/product\/yoast-seo-wordpress\/ -->\n<title>MOCHILA COELLO TOUR PADEL BACKPACK 25L - Revolution Padel Store<\/title>\n<meta name=\"description\" content=\"Descubre la mochila de p\u00e1del Head Coello Tour 25L, dise\u00f1ada junto a Arturo Coello. Estilo premium, capacidad para 2 palas, compartimento para zapatillas y detalles sostenibles. Disponible en www.revolutionpadelstore.com al mejor precio\" \/>\n<meta name=\"robots\" content=\"index, follow, max-snippet:-1, max-image-preview:large, max-video-preview:-1\" \/>\n<link rel=\"canonical\" href=\"https:\/\/revolutionpadelstore.com\/fr\/produit\/mochila-coello-tour-padel-backpack-25l-3\/\" \/>\n<meta property=\"og:locale\" content=\"fr_FR\" \/>\n<meta property=\"og:type\" content=\"article\" \/>\n<meta property=\"og:title\" content=\"MOCHILA COELLO TOUR PADEL BACKPACK 25L - Revolution Padel Store\" \/>\n<meta property=\"og:description\" content=\"Descubre la mochila de p\u00e1del Head Coello Tour 25L, dise\u00f1ada junto a Arturo Coello. Estilo premium, capacidad para 2 palas, compartimento para zapatillas y detalles sostenibles. Disponible en www.revolutionpadelstore.com al mejor precio\" \/>\n<meta property=\"og:url\" content=\"https:\/\/revolutionpadelstore.com\/fr\/produit\/mochila-coello-tour-padel-backpack-25l-3\/\" \/>\n<meta property=\"og:site_name\" content=\"Revolution Padel Store\" \/>\n<meta property=\"article:modified_time\" content=\"2026-04-08T01:10:46+00:00\" \/>\n<meta property=\"og:image\" content=\"https:\/\/revolutionpadelstore.com\/wp-content\/uploads\/2025\/10\/486.png\" \/>\n\t<meta property=\"og:image:width\" content=\"1500\" \/>\n\t<meta property=\"og:image:height\" content=\"1500\" \/>\n\t<meta property=\"og:image:type\" content=\"image\/png\" \/>\n<meta name=\"twitter:card\" content=\"summary_large_image\" \/>\n<meta name=\"twitter:label1\" content=\"Dur\u00e9e de lecture estim\u00e9e\" \/>\n\t<meta name=\"twitter:data1\" content=\"2 minutes\" \/>\n<script type=\"application\/ld+json\" class=\"yoast-schema-graph\">{\"@context\":\"https:\\\/\\\/schema.org\",\"@graph\":[{\"@type\":\"WebPage\",\"@id\":\"https:\\\/\\\/revolutionpadelstore.com\\\/fr\\\/produit\\\/mochila-coello-tour-padel-backpack-25l-3\\\/\",\"url\":\"https:\\\/\\\/revolutionpadelstore.com\\\/fr\\\/produit\\\/mochila-coello-tour-padel-backpack-25l-3\\\/\",\"name\":\"MOCHILA COELLO TOUR PADEL BACKPACK 25L - Revolution Padel Store\",\"isPartOf\":{\"@id\":\"https:\\\/\\\/revolutionpadelstore.com\\\/fr\\\/#website\"},\"primaryImageOfPage\":{\"@id\":\"https:\\\/\\\/revolutionpadelstore.com\\\/fr\\\/produit\\\/mochila-coello-tour-padel-backpack-25l-3\\\/#primaryimage\"},\"image\":{\"@id\":\"https:\\\/\\\/revolutionpadelstore.com\\\/fr\\\/produit\\\/mochila-coello-tour-padel-backpack-25l-3\\\/#primaryimage\"},\"thumbnailUrl\":\"https:\\\/\\\/revolutionpadelstore.com\\\/wp-content\\\/uploads\\\/2025\\\/10\\\/486.png\",\"datePublished\":\"2025-10-15T23:35:09+00:00\",\"dateModified\":\"2026-04-08T01:10:46+00:00\",\"description\":\"Descubre la mochila de p\u00e1del Head Coello Tour 25L, dise\u00f1ada junto a Arturo Coello. Estilo premium, capacidad para 2 palas, compartimento para zapatillas y detalles sostenibles. Disponible en www.revolutionpadelstore.com al mejor precio\",\"breadcrumb\":{\"@id\":\"https:\\\/\\\/revolutionpadelstore.com\\\/fr\\\/produit\\\/mochila-coello-tour-padel-backpack-25l-3\\\/#breadcrumb\"},\"inLanguage\":\"fr-FR\",\"potentialAction\":[{\"@type\":\"ReadAction\",\"target\":[\"https:\\\/\\\/revolutionpadelstore.com\\\/fr\\\/produit\\\/mochila-coello-tour-padel-backpack-25l-3\\\/\"]}]},{\"@type\":\"ImageObject\",\"inLanguage\":\"fr-FR\",\"@id\":\"https:\\\/\\\/revolutionpadelstore.com\\\/fr\\\/produit\\\/mochila-coello-tour-padel-backpack-25l-3\\\/#primaryimage\",\"url\":\"https:\\\/\\\/revolutionpadelstore.com\\\/wp-content\\\/uploads\\\/2025\\\/10\\\/486.png\",\"contentUrl\":\"https:\\\/\\\/revolutionpadelstore.com\\\/wp-content\\\/uploads\\\/2025\\\/10\\\/486.png\",\"width\":1500,\"height\":1500},{\"@type\":\"BreadcrumbList\",\"@id\":\"https:\\\/\\\/revolutionpadelstore.com\\\/fr\\\/produit\\\/mochila-coello-tour-padel-backpack-25l-3\\\/#breadcrumb\",\"itemListElement\":[{\"@type\":\"ListItem\",\"position\":1,\"name\":\"Portada\",\"item\":\"https:\\\/\\\/revolutionpadelstore.com\\\/fr\\\/\"},{\"@type\":\"ListItem\",\"position\":2,\"name\":\"Boutique\",\"item\":\"https:\\\/\\\/revolutionpadelstore.com\\\/fr\\\/tienda\\\/\"},{\"@type\":\"ListItem\",\"position\":3,\"name\":\"MOCHILA COELLO TOUR PADEL BACKPACK 25L\"}]},{\"@type\":\"WebSite\",\"@id\":\"https:\\\/\\\/revolutionpadelstore.com\\\/fr\\\/#website\",\"url\":\"https:\\\/\\\/revolutionpadelstore.com\\\/fr\\\/\",\"name\":\"Revolution Padel Store\",\"description\":\"\",\"publisher\":{\"@id\":\"https:\\\/\\\/revolutionpadelstore.com\\\/fr\\\/#organization\"},\"potentialAction\":[{\"@type\":\"SearchAction\",\"target\":{\"@type\":\"EntryPoint\",\"urlTemplate\":\"https:\\\/\\\/revolutionpadelstore.com\\\/fr\\\/?s={search_term_string}\"},\"query-input\":{\"@type\":\"PropertyValueSpecification\",\"valueRequired\":true,\"valueName\":\"search_term_string\"}}],\"inLanguage\":\"fr-FR\"},{\"@type\":\"Organization\",\"@id\":\"https:\\\/\\\/revolutionpadelstore.com\\\/fr\\\/#organization\",\"name\":\"Revolution Padel Store\",\"url\":\"https:\\\/\\\/revolutionpadelstore.com\\\/fr\\\/\",\"logo\":{\"@type\":\"ImageObject\",\"inLanguage\":\"fr-FR\",\"@id\":\"https:\\\/\\\/revolutionpadelstore.com\\\/fr\\\/#\\\/schema\\\/logo\\\/image\\\/\",\"url\":\"https:\\\/\\\/revolutionpadelstore.com\\\/wp-content\\\/uploads\\\/2026\\\/02\\\/revolution-padel-store.jpg\",\"contentUrl\":\"https:\\\/\\\/revolutionpadelstore.com\\\/wp-content\\\/uploads\\\/2026\\\/02\\\/revolution-padel-store.jpg\",\"width\":2000,\"height\":2000,\"caption\":\"Revolution Padel Store\"},\"image\":{\"@id\":\"https:\\\/\\\/revolutionpadelstore.com\\\/fr\\\/#\\\/schema\\\/logo\\\/image\\\/\"},\"sameAs\":[\"https:\\\/\\\/www.instagram.com\\\/revolutionpadelstore\\\/\"]}]}<\/script>\n<!-- \/ Yoast SEO plugin. -->","yoast_head_json":{"title":"MOCHILA COELLO TOUR PADEL BACKPACK 25L - Revolution Padel Store","description":"Descubre la mochila de p\u00e1del Head Coello Tour 25L, dise\u00f1ada junto a Arturo Coello. Estilo premium, capacidad para 2 palas, compartimento para zapatillas y detalles sostenibles. Disponible en www.revolutionpadelstore.com al mejor precio","robots":{"index":"index","follow":"follow","max-snippet":"max-snippet:-1","max-image-preview":"max-image-preview:large","max-video-preview":"max-video-preview:-1"},"canonical":"https:\/\/revolutionpadelstore.com\/fr\/produit\/mochila-coello-tour-padel-backpack-25l-3\/","og_locale":"fr_FR","og_type":"article","og_title":"MOCHILA COELLO TOUR PADEL BACKPACK 25L - Revolution Padel Store","og_description":"Descubre la mochila de p\u00e1del Head Coello Tour 25L, dise\u00f1ada junto a Arturo Coello. Estilo premium, capacidad para 2 palas, compartimento para zapatillas y detalles sostenibles. Disponible en www.revolutionpadelstore.com al mejor precio","og_url":"https:\/\/revolutionpadelstore.com\/fr\/produit\/mochila-coello-tour-padel-backpack-25l-3\/","og_site_name":"Revolution Padel Store","article_modified_time":"2026-04-08T01:10:46+00:00","og_image":[{"width":1500,"height":1500,"url":"https:\/\/revolutionpadelstore.com\/wp-content\/uploads\/2025\/10\/486.png","type":"image\/png"}],"twitter_card":"summary_large_image","twitter_misc":{"Dur\u00e9e de lecture estim\u00e9e":"2 minutes"},"schema":{"@context":"https:\/\/schema.org","@graph":[{"@type":"WebPage","@id":"https:\/\/revolutionpadelstore.com\/fr\/produit\/mochila-coello-tour-padel-backpack-25l-3\/","url":"https:\/\/revolutionpadelstore.com\/fr\/produit\/mochila-coello-tour-padel-backpack-25l-3\/","name":"MOCHILA COELLO TOUR PADEL BACKPACK 25L - Revolution Padel Store","isPartOf":{"@id":"https:\/\/revolutionpadelstore.com\/fr\/#website"},"primaryImageOfPage":{"@id":"https:\/\/revolutionpadelstore.com\/fr\/produit\/mochila-coello-tour-padel-backpack-25l-3\/#primaryimage"},"image":{"@id":"https:\/\/revolutionpadelstore.com\/fr\/produit\/mochila-coello-tour-padel-backpack-25l-3\/#primaryimage"},"thumbnailUrl":"https:\/\/revolutionpadelstore.com\/wp-content\/uploads\/2025\/10\/486.png","datePublished":"2025-10-15T23:35:09+00:00","dateModified":"2026-04-08T01:10:46+00:00","description":"Descubre la mochila de p\u00e1del Head Coello Tour 25L, dise\u00f1ada junto a Arturo Coello. Estilo premium, capacidad para 2 palas, compartimento para zapatillas y detalles sostenibles. Disponible en www.revolutionpadelstore.com al mejor precio","breadcrumb":{"@id":"https:\/\/revolutionpadelstore.com\/fr\/produit\/mochila-coello-tour-padel-backpack-25l-3\/#breadcrumb"},"inLanguage":"fr-FR","potentialAction":[{"@type":"ReadAction","target":["https:\/\/revolutionpadelstore.com\/fr\/produit\/mochila-coello-tour-padel-backpack-25l-3\/"]}]},{"@type":"ImageObject","inLanguage":"fr-FR","@id":"https:\/\/revolutionpadelstore.com\/fr\/produit\/mochila-coello-tour-padel-backpack-25l-3\/#primaryimage","url":"https:\/\/revolutionpadelstore.com\/wp-content\/uploads\/2025\/10\/486.png","contentUrl":"https:\/\/revolutionpadelstore.com\/wp-content\/uploads\/2025\/10\/486.png","width":1500,"height":1500},{"@type":"BreadcrumbList","@id":"https:\/\/revolutionpadelstore.com\/fr\/produit\/mochila-coello-tour-padel-backpack-25l-3\/#breadcrumb","itemListElement":[{"@type":"ListItem","position":1,"name":"Portada","item":"https:\/\/revolutionpadelstore.com\/fr\/"},{"@type":"ListItem","position":2,"name":"Boutique","item":"https:\/\/revolutionpadelstore.com\/fr\/tienda\/"},{"@type":"ListItem","position":3,"name":"MOCHILA COELLO TOUR PADEL BACKPACK 25L"}]},{"@type":"WebSite","@id":"https:\/\/revolutionpadelstore.com\/fr\/#website","url":"https:\/\/revolutionpadelstore.com\/fr\/","name":"Revolution Padel Store","description":"","publisher":{"@id":"https:\/\/revolutionpadelstore.com\/fr\/#organization"},"potentialAction":[{"@type":"SearchAction","target":{"@type":"EntryPoint","urlTemplate":"https:\/\/revolutionpadelstore.com\/fr\/?s={search_term_string}"},"query-input":{"@type":"PropertyValueSpecification","valueRequired":true,"valueName":"search_term_string"}}],"inLanguage":"fr-FR"},{"@type":"Organization","@id":"https:\/\/revolutionpadelstore.com\/fr\/#organization","name":"Revolution Padel Store","url":"https:\/\/revolutionpadelstore.com\/fr\/","logo":{"@type":"ImageObject","inLanguage":"fr-FR","@id":"https:\/\/revolutionpadelstore.com\/fr\/#\/schema\/logo\/image\/","url":"https:\/\/revolutionpadelstore.com\/wp-content\/uploads\/2026\/02\/revolution-padel-store.jpg","contentUrl":"https:\/\/revolutionpadelstore.com\/wp-content\/uploads\/2026\/02\/revolution-padel-store.jpg","width":2000,"height":2000,"caption":"Revolution Padel Store"},"image":{"@id":"https:\/\/revolutionpadelstore.com\/fr\/#\/schema\/logo\/image\/"},"sameAs":["https:\/\/www.instagram.com\/revolutionpadelstore\/"]}]}},"_links":{"self":[{"href":"https:\/\/revolutionpadelstore.com\/fr\/wp-json\/wp\/v2\/product\/284742","targetHints":{"allow":["GET"]}}],"collection":[{"href":"https:\/\/revolutionpadelstore.com\/fr\/wp-json\/wp\/v2\/product"}],"about":[{"href":"https:\/\/revolutionpadelstore.com\/fr\/wp-json\/wp\/v2\/types\/product"}],"replies":[{"embeddable":true,"href":"https:\/\/revolutionpadelstore.com\/fr\/wp-json\/wp\/v2\/comments?post=284742"}],"wp:featuredmedia":[{"embeddable":true,"href":"https:\/\/revolutionpadelstore.com\/fr\/wp-json\/wp\/v2\/media\/284748"}],"wp:attachment":[{"href":"https:\/\/revolutionpadelstore.com\/fr\/wp-json\/wp\/v2\/media?parent=284742"}],"wp:term":[{"taxonomy":"acabado","embeddable":true,"href":"https:\/\/revolutionpadelstore.com\/fr\/wp-json\/wp\/v2\/acabado?post=284742"},{"taxonomy":"balance","embeddable":true,"href":"https:\/\/revolutionpadelstore.com\/fr\/wp-json\/wp\/v2\/balance?post=284742"},{"taxonomy":"dureza","embeddable":true,"href":"https:\/\/revolutionpadelstore.com\/fr\/wp-json\/wp\/v2\/dureza?post=284742"},{"taxonomy":"forma","embeddable":true,"href":"https:\/\/revolutionpadelstore.com\/fr\/wp-json\/wp\/v2\/forma?post=284742"},{"taxonomy":"jugador","embeddable":true,"href":"https:\/\/revolutionpadelstore.com\/fr\/wp-json\/wp\/v2\/jugador?post=284742"},{"taxonomy":"marca","embeddable":true,"href":"https:\/\/revolutionpadelstore.com\/fr\/wp-json\/wp\/v2\/marca?post=284742"},{"taxonomy":"nivel-de-juego","embeddable":true,"href":"https:\/\/revolutionpadelstore.com\/fr\/wp-json\/wp\/v2\/nivel-de-juego?post=284742"},{"taxonomy":"superficie","embeddable":true,"href":"https:\/\/revolutionpadelstore.com\/fr\/wp-json\/wp\/v2\/superficie?post=284742"},{"taxonomy":"tipo-de-juego","embeddable":true,"href":"https:\/\/revolutionpadelstore.com\/fr\/wp-json\/wp\/v2\/tipo-de-juego?post=284742"},{"taxonomy":"product_brand","embeddable":true,"href":"https:\/\/revolutionpadelstore.com\/fr\/wp-json\/wp\/v2\/product_brand?post=284742"},{"taxonomy":"product_cat","embeddable":true,"href":"https:\/\/revolutionpadelstore.com\/fr\/wp-json\/wp\/v2\/product_cat?post=284742"},{"taxonomy":"product_tag","embeddable":true,"href":"https:\/\/revolutionpadelstore.com\/fr\/wp-json\/wp\/v2\/product_tag?post=284742"}],"curies":[{"name":"wp","href":"https:\/\/api.w.org\/{rel}","templated":true}]}}